{"id":11648,"date":"2020-02-17T17:55:20","date_gmt":"2020-02-17T16:55:20","guid":{"rendered":"https:\/\/pjama.eu\/om-pjama-vores-historie\/"},"modified":"2026-03-07T18:34:53","modified_gmt":"2026-03-07T17:34:53","slug":"om-pjama-vores-historie","status":"publish","type":"page","link":"https:\/\/pjama.eu\/da\/om-pjama-vores-historie\/","title":{"rendered":"Om Pjama &#8211; vores historie"},"content":{"rendered":"<p>[et_pb_section fb_built=&#8221;1&#8243; custom_padding_last_edited=&#8221;on|phone&#8221; _builder_version=&#8221;4.27.4&#8243; use_background_color_gradient=&#8221;on&#8221; background_color_gradient_stops=&#8221;gcid-5eef58f4-760a-49fb-ad33-042d93415a96 0%|rgba(0,0,0,0.2) 100%&#8221; background_color_gradient_overlays_image=&#8221;on&#8221; background_color_gradient_start=&#8221;rgba(0,0,0,0.2)&#8221; background_color_gradient_end=&#8221;rgba(0,0,0,0.2)&#8221; background_image=&#8221;https:\/\/pjama.eu\/wp-content\/uploads\/pjama-happy-kids-looking-from-above-1.jpg&#8221; custom_padding=&#8221;7%||7%||true|false&#8221; custom_padding_tablet=&#8221;60px||60px||true|false&#8221; custom_padding_phone=&#8221;40px||40px||false|false&#8221; top_divider_color=&#8221;#61a2df&#8221; top_divider_height=&#8221;500px&#8221; bottom_divider_color=&#8221;#ffffff&#8221; bottom_divider_flip=&#8221;horizontal&#8221; bottom_divider_height_tablet=&#8221;58px&#8221; bottom_divider_height_phone=&#8221;32px&#8221; bottom_divider_height_last_edited=&#8221;on|phone&#8221; da_disable_devices=&#8221;off|off|off&#8221; collapsed=&#8221;off&#8221; global_colors_info=&#8221;{%22gcid-5eef58f4-760a-49fb-ad33-042d93415a96%22:%91%22background_color_gradient_stops%22%93}&#8221; da_is_popup=&#8221;off&#8221; da_exit_intent=&#8221;off&#8221; da_has_close=&#8221;on&#8221; da_alt_close=&#8221;off&#8221; da_dark_close=&#8221;off&#8221; da_not_modal=&#8221;on&#8221; da_is_singular=&#8221;off&#8221; da_with_loader=&#8221;off&#8221; da_has_shadow=&#8221;on&#8221;][et_pb_row column_structure=&#8221;3_4,1_4&#8243; custom_padding_last_edited=&#8221;on|phone&#8221; _builder_version=&#8221;4.27.4&#8243; custom_margin=&#8221;|auto|6px|auto||&#8221; custom_padding=&#8221;0px||0px|||&#8221; custom_padding_tablet=&#8221;0px||0px|||&#8221; custom_padding_phone=&#8221;26px||0px||false|false&#8221; global_colors_info=&#8221;{}&#8221;][et_pb_column type=&#8221;3_4&#8243; _builder_version=&#8221;4.16&#8243; global_colors_info=&#8221;{}&#8221;][et_pb_text _builder_version=&#8221;4.27.4&#8243; header_font_size=&#8221;75px&#8221; header_3_text_color=&#8221;#D35917&#8243; header_3_font_size=&#8221;40px&#8221; background_layout=&#8221;dark&#8221; header_font_size_tablet=&#8221;75px&#8221; header_font_size_phone=&#8221;40px&#8221; header_font_size_last_edited=&#8221;on|phone&#8221; header_3_font_size_tablet=&#8221;40px&#8221; header_3_font_size_phone=&#8221;25px&#8221; header_3_font_size_last_edited=&#8221;on|phone&#8221; text_orientation_tablet=&#8221;&#8221; text_orientation_phone=&#8221;left&#8221; text_orientation_last_edited=&#8221;on|desktop&#8221; text_text_shadow_style=&#8221;preset1&#8243; text_text_shadow_blur_strength=&#8221;0.5em&#8221; text_text_shadow_color=&#8221;rgba(0,0,0,0.15)&#8221; global_colors_info=&#8221;{}&#8221;]<\/p>\n<h3>OM OS<\/h3>\n<h1 class=\"hero\">Vi g\u00f8r det muligt for b\u00f8rn at deltage og f\u00f8le sig inkluderet<\/h1>\n<p>[\/et_pb_text][\/et_pb_column][et_pb_column type=&#8221;1_4&#8243; _builder_version=&#8221;4.16&#8243; global_colors_info=&#8221;{}&#8221;][\/et_pb_column][\/et_pb_row][\/et_pb_section][et_pb_section fb_built=&#8221;1&#8243; custom_padding_last_edited=&#8221;on|desktop&#8221; _builder_version=&#8221;4.16&#8243; custom_padding=&#8221;60px||60px||true|false&#8221; custom_padding_tablet=&#8221;20px||20px||true|false&#8221; custom_padding_phone=&#8221;&#8221; da_disable_devices=&#8221;off|off|off&#8221; collapsed=&#8221;off&#8221; global_colors_info=&#8221;{}&#8221; da_is_popup=&#8221;off&#8221; da_exit_intent=&#8221;off&#8221; da_has_close=&#8221;on&#8221; da_alt_close=&#8221;off&#8221; da_dark_close=&#8221;off&#8221; da_not_modal=&#8221;on&#8221; da_is_singular=&#8221;off&#8221; da_with_loader=&#8221;off&#8221; da_has_shadow=&#8221;on&#8221;][et_pb_row column_structure=&#8221;3_4,1_4&#8243; custom_padding_last_edited=&#8221;on|desktop&#8221; _builder_version=&#8221;4.16&#8243; background_size=&#8221;initial&#8221; background_position=&#8221;top_left&#8221; background_repeat=&#8221;repeat&#8221; custom_padding=&#8221;0px||60px|||&#8221; custom_padding_tablet=&#8221;||0px||false|false&#8221; custom_padding_phone=&#8221;&#8221; global_colors_info=&#8221;{}&#8221;][et_pb_column type=&#8221;3_4&#8243; _builder_version=&#8221;4.16&#8243; custom_padding=&#8221;|||&#8221; global_colors_info=&#8221;{}&#8221; custom_padding__hover=&#8221;|||&#8221;][et_pb_text _builder_version=&#8221;4.27.5&#8243; text_font=&#8221;|&#8211;et_global_body_font_weight|||||||&#8221; header_2_text_color=&#8221;gcid-5eef58f4-760a-49fb-ad33-042d93415a96&#8243; global_colors_info=&#8221;{%22gcid-5eef58f4-760a-49fb-ad33-042d93415a96%22:%91%22header_2_text_color%22%93}&#8221;]<\/p>\n<h2>VORES MISSION<\/h2>\n<p>Vi mener, at alle fortjener at f\u00f8le sig trygge &#8211; uanset om de tisser i sengen.<br \/>Hos Pjama er det vores mission at hj\u00e6lpe b\u00f8rn og voksne med at deltage fuldt ud i livet &#8211; overnatninger, ture og daglige rutiner &#8211; uden frygt eller skam.<\/p>\n<p>Sengev\u00e6dning er mere almindeligt, end de fleste er klar over, men det er stadig en tavs udfordring for mange familier.<br \/>Vores arbejde bygger p\u00e5 empati og forst\u00e5else. Vi \u00f8nsker at fjerne stigmatiseringen, skabe tillid og give familierne praktiske v\u00e6rkt\u00f8jer til at g\u00f8re livet lettere.<br \/>Tillid, tryghed og inklusion er grundlaget for alt, hvad vi g\u00f8r. <\/p>\n<p>Vi er stolte af at hj\u00e6lpe familier over hele verden med at g\u00e5 fra bekymring til selvst\u00e6ndighed &#8211; \u00e9n t\u00f8r nat ad gangen.<\/p>\n<p>[\/et_pb_text][et_pb_text _builder_version=&#8221;4.27.5&#8243; text_font=&#8221;|&#8211;et_global_body_font_weight|||||||&#8221; header_2_text_color=&#8221;gcid-5eef58f4-760a-49fb-ad33-042d93415a96&#8243; custom_padding=&#8221;36px|||||&#8221; global_colors_info=&#8221;{%22gcid-5eef58f4-760a-49fb-ad33-042d93415a96%22:%91%22header_2_text_color%22%93}&#8221;]<\/p>\n<h2>VORES HISTORIE<\/h2>\n<p>&nbsp;<\/p>\n<p>I 2010 satte Torbj\u00f6rn G\u00e4rdenfors og M\u00e5rten Bernstad sig et klart m\u00e5l: at give b\u00f8rn med sengev\u00e6dning samme frihed og selvtillid som alle andre.<\/p>\n<p>Det, der begyndte som en lille svensk id\u00e9, blev til Pjama &#8211; et m\u00e6rke dedikeret til v\u00e6rdighed og inklusion.<br \/>Deres f\u00f8rste innovation, absorberende natt\u00f8j, gjorde det muligt for b\u00f8rn at sove fredeligt hjemme eller ude, uden forlegenhed eller begr\u00e6nsning.<\/p>\n<p>Otte \u00e5r senere blev virksomhedens fokus udvidet. I 2018 var Pjama begyndt at unders\u00f8ge, hvordan smarte tekstiler og forbundet teknologi kunne behandle sengev\u00e6dning, ikke bare beskytte mod det.<br \/>I t\u00e6t samarbejde med det svenske sundhedsv\u00e6sen og f\u00f8rende specialister i enuresis udviklede teamet en vision for en komplet, datadrevet l\u00f8sning, der kunne \u00e6ndre liv. <\/p>\n<p>P\u00e5 Pjamas 10-\u00e5rs jubil\u00e6um blev den vision til virkelighed med lanceringen af Pjama DryGuardians &#8211; der forener smarte tekstiler, sensorer og digitale v\u00e6rkt\u00f8jer for at st\u00f8tte reelle fremskridt mod t\u00f8rre n\u00e6tter.<br \/>I dag leder Johan Bergenholtz virksomheden som CEO og forts\u00e6tter med at drive innovation og opm\u00e6rksomhed i samarbejde med sundhedspersonale og partnere over hele verden.<\/p>\n<p>Fra en lille id\u00e9 i det sydlige Sverige er Pjama vokset til en international virksomhed, der betjener tusindvis af familier, klinikker og plejepersonale over hele verden.<\/p>\n<p>&nbsp;<\/p>\n<p>[\/et_pb_text][\/et_pb_column][et_pb_column type=&#8221;1_4&#8243; _builder_version=&#8221;4.16&#8243; custom_padding=&#8221;|||&#8221; global_colors_info=&#8221;{}&#8221; custom_padding__hover=&#8221;|||&#8221;][et_pb_image src=&#8221;https:\/\/pjama.eu\/wp-content\/uploads\/speechbubble.svg&#8221; alt=&#8221;Om Pjama&#8221; title_text=&#8221;taleboble&#8221; align=&#8221;center&#8221; align_tablet=&#8221;&#8221; align_phone=&#8221;&#8221; align_last_edited=&#8221;on|desktop&#8221; _builder_version=&#8221;4.27.4&#8243; width=&#8221;100%&#8221; width_tablet=&#8221;85%&#8221; width_phone=&#8221;70%&#8221; width_last_edited=&#8221;on|phone&#8221; module_alignment=&#8221;center&#8221; custom_margin=&#8221;50px||||false|false&#8221; custom_margin_tablet=&#8221;20px||||false|false&#8221; custom_margin_phone=&#8221;20px||||false|false&#8221; custom_margin_last_edited=&#8221;on|desktop&#8221; global_colors_info=&#8221;{}&#8221;][\/et_pb_image][\/et_pb_column][\/et_pb_row][et_pb_row column_structure=&#8221;1_3,2_3&#8243; _builder_version=&#8221;4.22.1&#8243; background_size=&#8221;initial&#8221; background_position=&#8221;top_left&#8221; background_repeat=&#8221;repeat&#8221; custom_margin=&#8221;||40px||false|false&#8221; custom_padding=&#8221;||30px||false|false&#8221; global_colors_info=&#8221;{}&#8221;][et_pb_column type=&#8221;1_3&#8243; _builder_version=&#8221;4.16&#8243; custom_padding=&#8221;|||&#8221; global_colors_info=&#8221;{}&#8221; custom_padding__hover=&#8221;|||&#8221;][et_pb_image src=&#8221;https:\/\/pjama.eu\/wp-content\/uploads\/favicon.png&#8221; alt=&#8221;Om Pjama&#8221; title_text=&#8221;favicon&#8221; show_bottom_space=&#8221;off&#8221; _builder_version=&#8221;4.27.4&#8243; width_tablet=&#8221;&#8221; width_phone=&#8221;100%&#8221; width_last_edited=&#8221;on|phone&#8221; max_width_tablet=&#8221;&#8221; max_width_phone=&#8221;&#8221; max_width_last_edited=&#8221;on|phone&#8221; module_alignment=&#8221;center&#8221; height_tablet=&#8221;&#8221; height_phone=&#8221;1000px&#8221; height_last_edited=&#8221;on|phone&#8221; max_height_tablet=&#8221;&#8221; max_height_phone=&#8221;202px&#8221; max_height_last_edited=&#8221;on|phone&#8221; global_colors_info=&#8221;{}&#8221;][\/et_pb_image][\/et_pb_column][et_pb_column type=&#8221;2_3&#8243; _builder_version=&#8221;4.16&#8243; custom_padding=&#8221;|||&#8221; global_colors_info=&#8221;{}&#8221; custom_padding__hover=&#8221;|||&#8221;][et_pb_text _builder_version=&#8221;4.27.5&#8243; text_font=&#8221;|&#8211;et_global_body_font_weight|||||||&#8221; header_2_text_color=&#8221;gcid-5eef58f4-760a-49fb-ad33-042d93415a96&#8243; custom_padding=&#8221;||0px||false|false&#8221; global_colors_info=&#8221;{%22gcid-5eef58f4-760a-49fb-ad33-042d93415a96%22:%91%22header_2_text_color%22%93}&#8221;]<\/p>\n<h2>HVAD VI G\u00d8R<\/h2>\n<p>Vi tilbyder <a href=\"https:\/\/pjama.eu\/da\/pjama-bukser-til-sengevaedning\/\">beskyttende natt\u00f8j<\/a> af h\u00f8j kvalitet (Pjama Protect Sleepwear) til piger, drenge, kvinder og m\u00e6nd. Vi skaber smarte behandlingsl\u00f8sninger ved hj\u00e6lp af Pjama <a href=\"https:\/\/pjama.eu\/da\/bukser-til-pjama-behandling\/\">DryGuardians Natt\u00f8j<\/a>, Fritst\u00e5ende <a href=\"https:\/\/pjama.eu\/da\/information-om-alarm-for-sengevaedning\/\">Alarmsensor<\/a> og <a href=\"https:\/\/pjama.eu\/da\/dryguardians-app-hjaelper-dig-med-at-behandle-sengevaedning-gratis\/\">DryGuardians App.<\/a> <\/p>\n<p>I appen kan brugerne logge natlige resultater, modtage personlig feedback og f\u00f8lge deres fremskridt over tid.<br \/>For sundhedspersonale giver Pjama en dedikeret portal, hvor klinikere kan overv\u00e5ge behandlingen, justere anbefalinger og st\u00f8tte patienter p\u00e5 afstand.<\/p>\n<p>Vores produkter er b\u00e6redygtige, vaskbare og langtidsholdbare, hvilket reducerer affald fra engangsalternativer og fremmer ansvarligt forbrug.<br \/>Siden 2014 har Pjama hjulpet over 30.000 mennesker med at h\u00e5ndtere eller overvinde sengev\u00e6dning &#8211; med komfort, selvtillid og v\u00e6rdighed.<\/p>\n<p>[\/et_pb_text][et_pb_text _builder_version=&#8221;4.27.5&#8243; text_font=&#8221;|&#8211;et_global_body_font_weight|||||||&#8221; header_2_text_color=&#8221;gcid-5eef58f4-760a-49fb-ad33-042d93415a96&#8243; custom_padding=&#8221;||0px||false|false&#8221; global_colors_info=&#8221;{%22gcid-5eef58f4-760a-49fb-ad33-042d93415a96%22:%91%22header_2_text_color%22%93}&#8221;]<\/p>\n<h2>HVORFOR VI SKILLER OS UD<\/h2>\n<p>Vi leverer en komplet l\u00f8sning &#8211; ikke bare et produkt, men support, pleje og vejledning fra start til slut.<br \/>Vores designs er diskrete, komfortable og effektive &#8211; lavet til at f\u00f8les som normalt natt\u00f8j af h\u00f8j kvalitet, samtidig med at det beskytter sengen.<\/p>\n<p>Hvert eneste produkt, vi skaber, er en blanding af brugeroplevelse, medicinsk indsigt og avanceret teknologi. Vi lytter til familierne, samarbejder t\u00e6t med sundhedseksperter og tester vores l\u00f8sninger grundigt for at sikre varig sikkerhed og p\u00e5lidelig ydeevne. <\/p>\n<p>Pjamas sortiment d\u00e6kker alle behov &#8211; fra beskyttelse og behandling til praktisk tilbeh\u00f8r, der forenkler og underst\u00f8tter hverdagens rutiner.<br \/>Vores mission str\u00e6kker sig ud over t\u00f8rre n\u00e6tter &#8211; vi str\u00e6ber efter at give selvtillid, uafh\u00e6ngighed og inklusion til alle personer, der er ramt af sengev\u00e6dning.<\/p>\n<p>Mens vi forts\u00e6tter med at vokse, forbliver vores fokus det samme: at hj\u00e6lpe mennesker overalt med at leve deres liv fuldt ud &#8211; uden gr\u00e6nser, uden skam og uden afbrydelser.<\/p>\n<p>[\/et_pb_text][\/et_pb_column][\/et_pb_row][\/et_pb_section]<\/p>\n","protected":false},"excerpt":{"rendered":"<p>OM OS Vi g\u00f8r det muligt for b\u00f8rn at deltage og f\u00f8le sig inkluderetVORES MISSION Vi mener, at alle fortjener at f\u00f8le sig trygge &#8211; uanset om de tisser i sengen.Hos Pjama er det vores mission at hj\u00e6lpe b\u00f8rn og voksne med at deltage fuldt ud i livet &#8211; overnatninger, ture og daglige rutiner &#8211; [&hellip;]<\/p>\n","protected":false},"author":1,"featured_media":28095,"parent":0,"menu_order":0,"comment_status":"closed","ping_status":"closed","template":"","meta":{"_et_pb_use_builder":"on","_et_pb_old_content":"<!-- wp:paragraph -->\r\n<p>This is an example page. It's different from a blog post because it will stay in one place and will show up in your site navigation (in most themes). Most people start with an About page that introduces them to potential site visitors. It might say something like this:<\/p>\r\n<!-- \/wp:paragraph --><!-- wp:quote -->\r\n<blockquote class=\"wp-block-quote\">\r\n<p>Hi there! I'm a bike messenger by day, aspiring actor by night, and this is my website. I live in Los Angeles, have a great dog named Jack, and I like pi\u00f1a coladas. (And gettin' caught in the rain.)<\/p>\r\n<\/blockquote>\r\n<!-- \/wp:quote --><!-- wp:paragraph -->\r\n<p>...or something like this:<\/p>\r\n<!-- \/wp:paragraph --><!-- wp:quote -->\r\n<blockquote class=\"wp-block-quote\">\r\n<p>The XYZ Doohickey Company was founded in 1971, and has been providing quality doohickeys to the public ever since. Located in Gotham City, XYZ employs over 2,000 people and does all kinds of awesome things for the Gotham community.<\/p>\r\n<\/blockquote>\r\n<!-- \/wp:quote --><!-- wp:paragraph -->\r\n<p>As a new WordPress user, you should go to <a href=\"https:\/\/pjama.eu\/wp-admin\/\">your dashboard<\/a> to delete this page and create new pages for your content. Have fun!<\/p>\r\n<!-- \/wp:paragraph -->","_et_gb_content_width":"","footnotes":""},"class_list":["post-11648","page","type-page","status-publish","has-post-thumbnail","hentry"],"_links":{"self":[{"href":"https:\/\/pjama.eu\/da\/wp-json\/wp\/v2\/pages\/11648","targetHints":{"allow":["GET"]}}],"collection":[{"href":"https:\/\/pjama.eu\/da\/wp-json\/wp\/v2\/pages"}],"about":[{"href":"https:\/\/pjama.eu\/da\/wp-json\/wp\/v2\/types\/page"}],"author":[{"embeddable":true,"href":"https:\/\/pjama.eu\/da\/wp-json\/wp\/v2\/users\/1"}],"replies":[{"embeddable":true,"href":"https:\/\/pjama.eu\/da\/wp-json\/wp\/v2\/comments?post=11648"}],"version-history":[{"count":32,"href":"https:\/\/pjama.eu\/da\/wp-json\/wp\/v2\/pages\/11648\/revisions"}],"predecessor-version":[{"id":32151,"href":"https:\/\/pjama.eu\/da\/wp-json\/wp\/v2\/pages\/11648\/revisions\/32151"}],"wp:featuredmedia":[{"embeddable":true,"href":"https:\/\/pjama.eu\/da\/wp-json\/wp\/v2\/media\/28095"}],"wp:attachment":[{"href":"https:\/\/pjama.eu\/da\/wp-json\/wp\/v2\/media?parent=11648"}],"curies":[{"name":"wp","href":"https:\/\/api.w.org\/{rel}","templated":true}]}}