{"id":11654,"date":"2020-03-17T10:42:30","date_gmt":"2020-03-17T09:42:30","guid":{"rendered":"https:\/\/pjama.eu\/saadan-vasker-og-toerrer-du-din-pjama\/"},"modified":"2025-12-11T12:49:39","modified_gmt":"2025-12-11T11:49:39","slug":"saadan-vasker-og-toerrer-du-din-pjama","status":"publish","type":"page","link":"https:\/\/pjama.eu\/da\/saadan-vasker-og-toerrer-du-din-pjama\/","title":{"rendered":"S\u00e5dan vasker og t\u00f8rrer du din Pjama"},"content":{"rendered":"<p>[et_pb_section fb_built=&#8221;1&#8243; custom_padding_last_edited=&#8221;on|desktop&#8221; _builder_version=&#8221;4.27.4&#8243; background_color=&#8221;gcid-5eef58f4-760a-49fb-ad33-042d93415a96&#8243; height_tablet=&#8221;&#8221; height_phone=&#8221;auto&#8221; height_last_edited=&#8221;on|phone&#8221; custom_padding=&#8221;6%||6%||true|false&#8221; custom_padding_tablet=&#8221;&#8221; custom_padding_phone=&#8221;10%||7%||false|false&#8221; top_divider_arrangement_tablet=&#8221;&#8221; top_divider_arrangement_phone=&#8221;&#8221; top_divider_arrangement_last_edited=&#8221;on|phone&#8221; bottom_divider_style=&#8221;asymmetric&#8221; bottom_divider_color=&#8221;#ffffff&#8221; bottom_divider_height=&#8221;66px&#8221; bottom_divider_flip=&#8221;horizontal&#8221; bottom_divider_height_tablet=&#8221;55px&#8221; bottom_divider_height_phone=&#8221;33px&#8221; bottom_divider_height_last_edited=&#8221;on|phone&#8221; da_disable_devices=&#8221;off|off|off&#8221; collapsed=&#8221;off&#8221; global_colors_info=&#8221;{%22gcid-5eef58f4-760a-49fb-ad33-042d93415a96%22:%91%22background_color%22%93}&#8221; da_is_popup=&#8221;off&#8221; da_exit_intent=&#8221;off&#8221; da_has_close=&#8221;on&#8221; da_alt_close=&#8221;off&#8221; da_dark_close=&#8221;off&#8221; da_not_modal=&#8221;on&#8221; da_is_singular=&#8221;off&#8221; da_with_loader=&#8221;off&#8221; da_has_shadow=&#8221;on&#8221;][et_pb_row _builder_version=&#8221;4.27.4&#8243; _module_preset=&#8221;default&#8221; global_colors_info=&#8221;{}&#8221;][et_pb_column type=&#8221;4_4&#8243; _builder_version=&#8221;4.27.4&#8243; _module_preset=&#8221;default&#8221; global_colors_info=&#8221;{}&#8221;][et_pb_heading title=&#8221;PLEJE AF DIN PJAMA&#8221; _builder_version=&#8221;4.27.4&#8243; _module_preset=&#8221;default&#8221; title_text_color=&#8221;#D35917&#8243; title_font_size=&#8221;40px&#8221; title_font_size_tablet=&#8221;40px&#8221; title_font_size_phone=&#8221;25px&#8221; title_font_size_last_edited=&#8221;on|phone&#8221; global_colors_info=&#8221;{}&#8221;][\/et_pb_heading][et_pb_heading title=&#8221;S\u00c5DAN VASKER OG T\u00d8RRER DU DIT PJAMA-T\u00d8J&#8221; _builder_version=&#8221;4.27.4&#8243; _module_preset=&#8221;default&#8221; title_text_color=&#8221;#F8F8F8&#8243; title_font_size=&#8221;75px&#8221; title_font_size_tablet=&#8221;75px&#8221; title_font_size_phone=&#8221;40px&#8221; title_font_size_last_edited=&#8221;on|phone&#8221; global_colors_info=&#8221;{}&#8221;][\/et_pb_heading][\/et_pb_column][\/et_pb_row][\/et_pb_section][et_pb_section fb_built=&#8221;1&#8243; admin_label=&#8221;Sektion&#8221; _builder_version=&#8221;4.16&#8243; background_color=&#8221;#ffffff&#8221; custom_margin_tablet=&#8221;-60px||||false|false&#8221; custom_margin_last_edited=&#8221;off|desktop&#8221; custom_padding=&#8221;50px|||||&#8221; da_disable_devices=&#8221;off|off|off&#8221; collapsed=&#8221;off&#8221; global_colors_info=&#8221;{}&#8221; da_is_popup=&#8221;off&#8221; da_exit_intent=&#8221;off&#8221; da_has_close=&#8221;on&#8221; da_alt_close=&#8221;off&#8221; da_dark_close=&#8221;off&#8221; da_not_modal=&#8221;on&#8221; da_is_singular=&#8221;off&#8221; da_with_loader=&#8221;off&#8221; da_has_shadow=&#8221;on&#8221;][et_pb_row column_structure=&#8221;2_3,1_3&#8243; custom_padding_last_edited=&#8221;on|desktop&#8221; _builder_version=&#8221;4.16&#8243; background_size=&#8221;initial&#8221; background_position=&#8221;top_left&#8221; background_repeat=&#8221;repeat&#8221; custom_padding=&#8221;0px||60px|||&#8221; custom_padding_tablet=&#8221;||0px||false|false&#8221; custom_padding_phone=&#8221;&#8221; global_colors_info=&#8221;{}&#8221;][et_pb_column type=&#8221;2_3&#8243; _builder_version=&#8221;4.16&#8243; custom_padding=&#8221;|||&#8221; global_colors_info=&#8221;{}&#8221; custom_padding__hover=&#8221;|||&#8221;][et_pb_heading title=&#8221;PJAMA BUKSER OG SHORTS&#8221; _builder_version=&#8221;4.27.4&#8243; _module_preset=&#8221;default&#8221; title_level=&#8221;h3&#8243; title_text_color=&#8221;gcid-5eef58f4-760a-49fb-ad33-042d93415a96&#8243; global_colors_info=&#8221;{%22gcid-5eef58f4-760a-49fb-ad33-042d93415a96%22:%91%22title_text_color%22%93}&#8221;][\/et_pb_heading][et_pb_heading title=&#8221;Let at vaske, holdbar at bruge&#8221; _builder_version=&#8221;4.27.4&#8243; _module_preset=&#8221;default&#8221; title_level=&#8221;h2&#8243; title_text_color=&#8221;#D35917&#8243; global_colors_info=&#8221;{}&#8221;][\/et_pb_heading][et_pb_text _builder_version=&#8221;4.27.4&#8243; header_2_text_color=&#8221;#61a2df&#8221; header_3_text_color=&#8221;gcid-5eef58f4-760a-49fb-ad33-042d93415a96&#8243; ul_font_size_tablet=&#8221;&#8221; ul_font_size_phone=&#8221;17px&#8221; ul_font_size_last_edited=&#8221;on|phone&#8221; global_colors_info=&#8221;{%22gcid-5eef58f4-760a-49fb-ad33-042d93415a96%22:%91%22header_3_text_color%22%93}&#8221;]<\/p>\n<h3>VASKEANVISNINGER<\/h3>\n<p>Pjamas er vaskbare, genanvendelige og bygget til at holde &#8211; men man kommer langt med lidt pleje.<br data-start=\"254\" data-end=\"257\">Tag bukserne p\u00e5 lige f\u00f8r sengetid for at holde dem i god stand. De er ikke lavet til at lege eller hoppe rundt i, inden man skal sove. Og n\u00e5r det er tid til at vaske dem, kan du se her, hvordan du g\u00f8r:    <\/p>\n<ul>\n<li>Fjern sensoren f\u00f8r vask.<\/li>\n<li>Vask med lignende farver for at undg\u00e5 misfarvning.<\/li>\n<li>Hold skarpe genstande som lynl\u00e5se eller metaldele ude af vasken.<\/li>\n<li>Vend vrangen ud p\u00e5 t\u00f8jet f\u00f8r vask.<\/li>\n<li>Vask ved h\u00f8jst 60 \u00b0C.<\/li>\n<li>Afslut med en h\u00f8j centrifugering.<\/li>\n<li>T\u00f8r ved stuetemperatur eller udend\u00f8rs; hvis du t\u00f8rretumbler, skal du holde dig under 60 \u00b0C.<\/li>\n<\/ul>\n<p><strong>Undg\u00e5 disse:<\/strong><\/p>\n<ul>\n<li>Renseri &#8211; kemikalier kan skade b\u00e5de stof og sensorer.<\/li>\n<li>Bl\u00f8dg\u00f8ringsmidler &#8211; de reducerer sugeevnen og kan skade sensorens funktionalitet.<\/li>\n<li>Blegemidler &#8211; de kan skade stoffets vandbindingsevne.<\/li>\n<li>Strygning &#8211; varme kan beskadige stoffet eller sensortr\u00e5dene.<\/li>\n<\/ul>\n<p>P\u00e5 grund af Pjamas absorberende materialer kan t\u00f8rringen tage l\u00e6ngere tid end normalt. Cyklus med h\u00f8j centrifugering og t\u00f8rring indefra og ud hj\u00e6lper med at reducere t\u00f8rretiden. <\/p>\n<p>De <a href=\"https:\/\/pjama.eu\/da\/pjama-bukser-til-sengevaedning\/\">unikke komponenter<\/a> i Pjama f\u00f8rer til l\u00e6ngere t\u00f8rretider sammenlignet med almindelige stoffer. Ved at f\u00f8lge disse vaskeanvisninger sikrer du, at dine bukser og shorts forbliver i god stand og bevarer deres funktionalitet. <\/p>\n<p>[\/et_pb_text][\/et_pb_column][et_pb_column type=&#8221;1_3&#8243; _builder_version=&#8221;4.16&#8243; custom_padding=&#8221;|||&#8221; global_colors_info=&#8221;{}&#8221; custom_padding__hover=&#8221;|||&#8221;][et_pb_image src=&#8221;https:\/\/pjama.eu\/wp-content\/uploads\/Pjama_wash-1.png&#8221; alt=&#8221;Vask af Pjama  &#8221; title_text=&#8221;Pjama_wash-1&#8243; _builder_version=&#8221;4.27.4&#8243; transform_scale_tablet=&#8221;&#8221; transform_scale_phone=&#8221;&#8221; transform_scale_last_edited=&#8221;on|desktop&#8221; transform_translate=&#8221;0px|-135px&#8221; transform_translate_tablet=&#8221;0px|0px&#8221; transform_translate_phone=&#8221;&#8221; transform_translate_last_edited=&#8221;on|desktop&#8221; transform_translate_linked=&#8221;off&#8221; transform_rotate_tablet=&#8221;&#8221; transform_rotate_phone=&#8221;&#8221; transform_rotate_last_edited=&#8221;on|desktop&#8221; transform_skew_tablet=&#8221;&#8221; transform_skew_phone=&#8221;&#8221; transform_skew_last_edited=&#8221;on|desktop&#8221; transform_origin_tablet=&#8221;&#8221; transform_origin_phone=&#8221;&#8221; transform_origin_last_edited=&#8221;on|desktop&#8221; transform_styles_last_edited=&#8221;on|desktop&#8221; width=&#8221;100%&#8221; width_tablet=&#8221;70%&#8221; width_phone=&#8221;60%&#8221; width_last_edited=&#8221;on|phone&#8221; module_alignment=&#8221;center&#8221; custom_margin_tablet=&#8221;||30px||false|false&#8221; custom_margin_phone=&#8221;||30px||false|false&#8221; custom_margin_last_edited=&#8221;on|desktop&#8221; transform_styles_tablet=&#8221;&#8221; transform_styles_phone=&#8221;&#8221; global_colors_info=&#8221;{}&#8221;][\/et_pb_image][\/et_pb_column][\/et_pb_row][et_pb_row column_structure=&#8221;1_4,1_4,1_4,1_4&#8243; _builder_version=&#8221;4.27.4&#8243; background_color=&#8221;gcid-5eef58f4-760a-49fb-ad33-042d93415a96&#8243; custom_margin=&#8221;||50px||false|false&#8221; border_radii=&#8221;on|6px|6px|6px|6px&#8221; global_colors_info=&#8221;{%22gcid-5eef58f4-760a-49fb-ad33-042d93415a96%22:%91%22background_color%22%93}&#8221;][et_pb_column type=&#8221;1_4&#8243; _builder_version=&#8221;4.16&#8243; global_colors_info=&#8221;{}&#8221;][et_pb_blurb title=&#8221;Max 60 \u00b0C&#8221; image=&#8221;https:\/\/pjama.eu\/wp-content\/uploads\/washing-machine-max60.svg&#8221; image_icon_width=&#8221;25%&#8221; _builder_version=&#8221;4.27.4&#8243; header_level=&#8221;h2&#8243; header_text_color=&#8221;#D35917&#8243; text_orientation=&#8221;center&#8221; background_layout=&#8221;dark&#8221; max_width_tablet=&#8221;&#8221; max_width_phone=&#8221;50%&#8221; max_width_last_edited=&#8221;on|phone&#8221; module_alignment=&#8221;center&#8221; image_max_width=&#8221;25%&#8221; global_colors_info=&#8221;{}&#8221;][\/et_pb_blurb][\/et_pb_column][et_pb_column type=&#8221;1_4&#8243; _builder_version=&#8221;4.16&#8243; global_colors_info=&#8221;{}&#8221;][et_pb_blurb title=&#8221;Max 60 \u00b0C&#8221; image=&#8221;https:\/\/pjama.eu\/wp-content\/uploads\/laundry-max60.svg&#8221; image_icon_width=&#8221;25%&#8221; _builder_version=&#8221;4.27.4&#8243; header_level=&#8221;h2&#8243; header_text_color=&#8221;#D35917&#8243; text_orientation=&#8221;center&#8221; background_layout=&#8221;dark&#8221; max_width_tablet=&#8221;&#8221; max_width_phone=&#8221;50%&#8221; max_width_last_edited=&#8221;on|phone&#8221; module_alignment=&#8221;center&#8221; image_max_width=&#8221;25%&#8221; global_colors_info=&#8221;{}&#8221;][\/et_pb_blurb][\/et_pb_column][et_pb_column type=&#8221;1_4&#8243; _builder_version=&#8221;4.16&#8243; global_colors_info=&#8221;{}&#8221;][et_pb_blurb title=&#8221;INGEN STRYGNING&#8221; image=&#8221;https:\/\/pjama.eu\/wp-content\/uploads\/dry.svg&#8221; image_icon_width=&#8221;25%&#8221; _builder_version=&#8221;4.27.4&#8243; header_level=&#8221;h2&#8243; header_text_color=&#8221;#D35917&#8243; text_orientation=&#8221;center&#8221; background_layout=&#8221;dark&#8221; max_width_tablet=&#8221;&#8221; max_width_phone=&#8221;50%&#8221; max_width_last_edited=&#8221;on|phone&#8221; module_alignment=&#8221;center&#8221; image_max_width=&#8221;25%&#8221; global_colors_info=&#8221;{}&#8221;][\/et_pb_blurb][\/et_pb_column][et_pb_column type=&#8221;1_4&#8243; _builder_version=&#8221;4.16&#8243; global_colors_info=&#8221;{}&#8221;][et_pb_blurb title=&#8221;VASK MED VRANGEN UD&#8221; image=&#8221;https:\/\/pjama.eu\/wp-content\/uploads\/pjama-icon-inside-out.svg&#8221; image_icon_width=&#8221;25%&#8221; _builder_version=&#8221;4.27.4&#8243; header_level=&#8221;h2&#8243; header_text_color=&#8221;#D35917&#8243; text_orientation=&#8221;center&#8221; background_layout=&#8221;dark&#8221; max_width_tablet=&#8221;&#8221; max_width_phone=&#8221;50%&#8221; max_width_last_edited=&#8221;on|phone&#8221; module_alignment=&#8221;center&#8221; image_max_width=&#8221;25%&#8221; global_colors_info=&#8221;{}&#8221;][\/et_pb_blurb][\/et_pb_column][\/et_pb_row][et_pb_row column_structure=&#8221;1_2,1_2&#8243; custom_padding_last_edited=&#8221;on|desktop&#8221; _builder_version=&#8221;4.16&#8243; background_size=&#8221;initial&#8221; background_position=&#8221;top_left&#8221; background_repeat=&#8221;repeat&#8221; custom_padding=&#8221;0px||60px|||&#8221; custom_padding_tablet=&#8221;||0px||false|false&#8221; custom_padding_phone=&#8221;&#8221; global_colors_info=&#8221;{}&#8221;][et_pb_column type=&#8221;1_2&#8243; _builder_version=&#8221;4.16&#8243; custom_padding=&#8221;|||&#8221; global_colors_info=&#8221;{}&#8221; custom_padding__hover=&#8221;|||&#8221;][et_pb_video src=&#8221;https:\/\/pjama.eu\/wp-content\/uploads\/Pjama-washing-and-drying-instructions.mp4&#8243; image_src=&#8221;https:\/\/pjama.eu\/wp-content\/uploads\/pjama_tvattrad.jpg&#8221; play_icon_color=&#8221;#F8F8F8&#8243; _builder_version=&#8221;4.27.4&#8243; hover_enabled=&#8221;0&#8243; border_radii=&#8221;on|10px|10px|10px|10px&#8221; global_colors_info=&#8221;{}&#8221; title_text=&#8221;Pjama washing and drying instructions&#8221; sticky_enabled=&#8221;0&#8243;][\/et_pb_video][\/et_pb_column][et_pb_column type=&#8221;1_2&#8243; _builder_version=&#8221;4.16&#8243; custom_padding=&#8221;|||&#8221; global_colors_info=&#8221;{}&#8221; custom_padding__hover=&#8221;|||&#8221;][et_pb_text _builder_version=&#8221;4.27.4&#8243; header_2_text_color=&#8221;#61a2df&#8221; header_3_text_color=&#8221;gcid-5eef58f4-760a-49fb-ad33-042d93415a96&#8243; ul_font_size_tablet=&#8221;&#8221; ul_font_size_phone=&#8221;17px&#8221; ul_font_size_last_edited=&#8221;on|phone&#8221; global_colors_info=&#8221;{%22gcid-5eef58f4-760a-49fb-ad33-042d93415a96%22:%91%22header_3_text_color%22%93}&#8221;]<\/p>\n<h3><b>T\u00d8RRE DINE PJAMA BUKSER ELLER SHORTS<\/b><span style=\"font-weight: 400\"><br \/><\/span><\/h3>\n<p>Pjamas er lavet af absorberende materialer, som naturligvis er l\u00e6ngere tid om at t\u00f8rre.<br data-start=\"384\" data-end=\"387\">T\u00f8rretiden afh\u00e6nger af flere faktorer som luftfugtighed, rumtemperatur, og hvor effektiv din vaskemaskines centrifugering er.<\/p>\n<p data-start=\"521\" data-end=\"550\">For at hj\u00e6lpe med at reducere t\u00f8rretiden:<\/p>\n<ul>\n<li>Vend vrangen ud p\u00e5 t\u00f8jet, s\u00e5 det vandt\u00e6tte lag ikke indkapsler fugt.<\/li>\n<li>Afslut altid din vask med en h\u00f8j centrifugering &#8211; det er en af de bedste m\u00e5der at forkorte t\u00f8rretiden p\u00e5.<\/li>\n<li>T\u00f8r indefra og ud ved stuetemperatur eller udend\u00f8rs.<br \/>Hvis du bruger en t\u00f8rretumbler, skal du s\u00f8rge for, at temperaturen ikke overstiger 60 \u00b0C.<\/li>\n<\/ul>\n<p><strong>Tip:<\/strong> En kraftig centrifugering og t\u00f8rring med vrangen ud g\u00f8r din Pjama klar til brug igen meget hurtigere.<\/p>\n<p>[\/et_pb_text][\/et_pb_column][\/et_pb_row][\/et_pb_section][et_pb_section fb_built=&#8221;1&#8243; _builder_version=&#8221;4.27.4&#8243; _module_preset=&#8221;default&#8221; da_disable_devices=&#8221;off|off|off&#8221; global_colors_info=&#8221;{}&#8221; da_is_popup=&#8221;off&#8221; da_exit_intent=&#8221;off&#8221; da_has_close=&#8221;on&#8221; da_alt_close=&#8221;off&#8221; da_dark_close=&#8221;off&#8221; da_not_modal=&#8221;on&#8221; da_is_singular=&#8221;off&#8221; da_with_loader=&#8221;off&#8221; da_has_shadow=&#8221;on&#8221;][et_pb_row column_structure=&#8221;3_5,2_5&#8243; _builder_version=&#8221;4.27.4&#8243; _module_preset=&#8221;default&#8221; global_colors_info=&#8221;{}&#8221;][et_pb_column type=&#8221;3_5&#8243; _builder_version=&#8221;4.27.4&#8243; _module_preset=&#8221;default&#8221; global_colors_info=&#8221;{}&#8221;][et_pb_heading title=&#8221;PJAMA BOXERSHORTS OG TRUSSER&#8221; _builder_version=&#8221;4.27.4&#8243; _module_preset=&#8221;default&#8221; title_text_color=&#8221;#D35917&#8243; global_colors_info=&#8221;{}&#8221;][\/et_pb_heading][et_pb_heading title=&#8221;ENKEL PLEJE, HURTIG T\u00d8RRING&#8221; _builder_version=&#8221;4.27.4&#8243; _module_preset=&#8221;default&#8221; title_level=&#8221;h2&#8243; title_text_color=&#8221;gcid-5eef58f4-760a-49fb-ad33-042d93415a96&#8243; global_colors_info=&#8221;{%22gcid-5eef58f4-760a-49fb-ad33-042d93415a96%22:%91%22title_text_color%22%93}&#8221;][\/et_pb_heading][et_pb_text _builder_version=&#8221;4.27.4&#8243; header_2_text_color=&#8221;#61a2df&#8221; header_3_text_color=&#8221;gcid-5eef58f4-760a-49fb-ad33-042d93415a96&#8243; ul_font_size_tablet=&#8221;&#8221; ul_font_size_phone=&#8221;17px&#8221; ul_font_size_last_edited=&#8221;on|phone&#8221; global_colors_info=&#8221;{%22gcid-5eef58f4-760a-49fb-ad33-042d93415a96%22:%91%22header_3_text_color%22%93}&#8221;]<\/p>\n<h3>VASKEANVISNINGER<\/h3>\n<p><span style=\"font-weight: 400\">Pjama DryGuardians Undert\u00f8j <\/span>med indbyggede sensortr\u00e5de er nemt at vaske. F\u00f8lg disse trin for at bevare kvaliteten: <\/p>\n<ul>\n<li>Fjern sensoren f\u00f8r vask.<\/li>\n<li>Vask med t\u00f8j i samme farve.<\/li>\n<li>Undg\u00e5 at vaske med genstande, der har metaldele.<\/li>\n<li>Brug en maksimal vasketemperatur p\u00e5 60 \u00b0C.<\/li>\n<li>Luftt\u00f8rre ved stuetemperatur eller udend\u00f8rs.<\/li>\n<li>Hvis du bruger en t\u00f8rretumbler, skal du holde temperaturen p\u00e5 60 \u00b0C eller derunder.<\/li>\n<\/ul>\n<p><strong>Lad v\u00e6re med det:<\/strong><\/p>\n<ul>\n<li>Renseri &#8211; kemikalier kan beskadige tr\u00e5d eller stof.<\/li>\n<li>Brug skyllemiddel &#8211; det kan p\u00e5virke sensorens ydeevne.<\/li>\n<li>Strygejern &#8211; varme kan \u00f8del\u00e6gge de indbyggede sensortr\u00e5de.<\/li>\n<\/ul>\n<p>[\/et_pb_text][\/et_pb_column][et_pb_column type=&#8221;2_5&#8243; _builder_version=&#8221;4.27.4&#8243; _module_preset=&#8221;default&#8221; global_colors_info=&#8221;{}&#8221;][et_pb_image src=&#8221;https:\/\/pjama.eu\/wp-content\/uploads\/Pjama_boxersbriefs_bg-2.jpg&#8221; alt=&#8221;Undert\u00f8j til sengev\u00e6dning&#8221; title_text=&#8221;Pjama_boxershorts_bg (2)&#8221; _builder_version=&#8221;4.27.4&#8243; _module_preset=&#8221;default&#8221; min_height=&#8221;100px&#8221; custom_margin=&#8221;|||15px|false|false&#8221; global_colors_info=&#8221;{}&#8221;][\/et_pb_image][\/et_pb_column][\/et_pb_row][et_pb_row column_structure=&#8221;1_3,1_3,1_3&#8243; _builder_version=&#8221;4.27.4&#8243; background_color=&#8221;gcid-5eef58f4-760a-49fb-ad33-042d93415a96&#8243; custom_margin=&#8221;||50px||false|false&#8221; border_radii=&#8221;on|10px|10px|10px|10px&#8221; global_colors_info=&#8221;{%22gcid-5eef58f4-760a-49fb-ad33-042d93415a96%22:%91%22background_color%22%93}&#8221;][et_pb_column type=&#8221;1_3&#8243; _builder_version=&#8221;4.16&#8243; global_colors_info=&#8221;{}&#8221;][et_pb_blurb title=&#8221;Max 60 \u00b0C&#8221; image=&#8221;https:\/\/pjama.eu\/wp-content\/uploads\/washing-machine-max60.svg&#8221; image_icon_width=&#8221;25%&#8221; _builder_version=&#8221;4.27.4&#8243; header_level=&#8221;h2&#8243; header_text_color=&#8221;#D35917&#8243; text_orientation=&#8221;center&#8221; background_layout=&#8221;dark&#8221; max_width_tablet=&#8221;&#8221; max_width_phone=&#8221;50%&#8221; max_width_last_edited=&#8221;on|phone&#8221; module_alignment=&#8221;center&#8221; image_max_width=&#8221;25%&#8221; global_colors_info=&#8221;{}&#8221;][\/et_pb_blurb][\/et_pb_column][et_pb_column type=&#8221;1_3&#8243; _builder_version=&#8221;4.16&#8243; global_colors_info=&#8221;{}&#8221;][et_pb_blurb title=&#8221;Max 60 \u00b0C&#8221; image=&#8221;https:\/\/pjama.eu\/wp-content\/uploads\/laundry-max60.svg&#8221; image_icon_width=&#8221;25%&#8221; _builder_version=&#8221;4.27.4&#8243; header_level=&#8221;h2&#8243; header_text_color=&#8221;#D35917&#8243; text_orientation=&#8221;center&#8221; background_layout=&#8221;dark&#8221; max_width_tablet=&#8221;&#8221; max_width_phone=&#8221;50%&#8221; max_width_last_edited=&#8221;on|phone&#8221; module_alignment=&#8221;center&#8221; image_max_width=&#8221;25%&#8221; global_colors_info=&#8221;{}&#8221;][\/et_pb_blurb][\/et_pb_column][et_pb_column type=&#8221;1_3&#8243; _builder_version=&#8221;4.16&#8243; global_colors_info=&#8221;{}&#8221;][et_pb_blurb title=&#8221;INGEN STRYGNING&#8221; image=&#8221;https:\/\/pjama.eu\/wp-content\/uploads\/dry.svg&#8221; image_icon_width=&#8221;25%&#8221; _builder_version=&#8221;4.27.4&#8243; header_level=&#8221;h2&#8243; header_text_color=&#8221;#D35917&#8243; text_orientation=&#8221;center&#8221; background_layout=&#8221;dark&#8221; max_width_tablet=&#8221;&#8221; max_width_phone=&#8221;48%&#8221; max_width_last_edited=&#8221;on|phone&#8221; module_alignment=&#8221;center&#8221; image_max_width=&#8221;25%&#8221; global_colors_info=&#8221;{}&#8221;][\/et_pb_blurb][\/et_pb_column][\/et_pb_row][\/et_pb_section]<\/p>\n","protected":false},"excerpt":{"rendered":"<p>VASKEANVISNINGER Pjamas er vaskbare, genanvendelige og bygget til at holde &#8211; men man kommer langt med lidt pleje.Tag bukserne p\u00e5 lige f\u00f8r sengetid for at holde dem i god stand. De er ikke lavet til at lege eller hoppe rundt i, inden man skal sove. Og n\u00e5r det er tid til at vaske dem, kan [&hellip;]<\/p>\n","protected":false},"author":1,"featured_media":19910,"parent":0,"menu_order":0,"comment_status":"closed","ping_status":"closed","template":"","meta":{"_et_pb_use_builder":"on","_et_pb_old_content":"","_et_gb_content_width":"","footnotes":""},"class_list":["post-11654","page","type-page","status-publish","has-post-thumbnail","hentry"],"_links":{"self":[{"href":"https:\/\/pjama.eu\/da\/wp-json\/wp\/v2\/pages\/11654","targetHints":{"allow":["GET"]}}],"collection":[{"href":"https:\/\/pjama.eu\/da\/wp-json\/wp\/v2\/pages"}],"about":[{"href":"https:\/\/pjama.eu\/da\/wp-json\/wp\/v2\/types\/page"}],"author":[{"embeddable":true,"href":"https:\/\/pjama.eu\/da\/wp-json\/wp\/v2\/users\/1"}],"replies":[{"embeddable":true,"href":"https:\/\/pjama.eu\/da\/wp-json\/wp\/v2\/comments?post=11654"}],"version-history":[{"count":26,"href":"https:\/\/pjama.eu\/da\/wp-json\/wp\/v2\/pages\/11654\/revisions"}],"predecessor-version":[{"id":29463,"href":"https:\/\/pjama.eu\/da\/wp-json\/wp\/v2\/pages\/11654\/revisions\/29463"}],"wp:featuredmedia":[{"embeddable":true,"href":"https:\/\/pjama.eu\/da\/wp-json\/wp\/v2\/media\/19910"}],"wp:attachment":[{"href":"https:\/\/pjama.eu\/da\/wp-json\/wp\/v2\/media?parent=11654"}],"curies":[{"name":"wp","href":"https:\/\/api.w.org\/{rel}","templated":true}]}}