{"id":11661,"date":"2020-03-23T11:06:27","date_gmt":"2020-03-23T10:06:27","guid":{"rendered":"https:\/\/pjama.eu\/hvad-er-enuresis\/"},"modified":"2026-03-01T18:03:40","modified_gmt":"2026-03-01T17:03:40","slug":"hvad-er-enuresis","status":"publish","type":"page","link":"https:\/\/pjama.eu\/da\/hvad-er-enuresis\/","title":{"rendered":"Hvad er enuresis?"},"content":{"rendered":"<p>[et_pb_section fb_built=&#8221;1&#8243; custom_padding_last_edited=&#8221;on|phone&#8221; _builder_version=&#8221;4.27.4&#8243; background_color=&#8221;gcid-5eef58f4-760a-49fb-ad33-042d93415a96&#8243; background_enable_image=&#8221;off&#8221; background_size=&#8221;contain&#8221; background_position=&#8221;top_left&#8221; custom_padding=&#8221;8%||8%||true|false&#8221; custom_padding_tablet=&#8221;7%||10%||false|false&#8221; custom_padding_phone=&#8221;10%||13%||false|false&#8221; bottom_divider_style=&#8221;asymmetric&#8221; bottom_divider_color=&#8221;#ffffff&#8221; bottom_divider_height=&#8221;76px&#8221; bottom_divider_height_tablet=&#8221;52px&#8221; bottom_divider_height_phone=&#8221;33px&#8221; bottom_divider_height_last_edited=&#8221;on|phone&#8221; background_last_edited=&#8221;on|phone&#8221; da_disable_devices=&#8221;off|off|off&#8221; collapsed=&#8221;off&#8221; global_colors_info=&#8221;{%22gcid-5eef58f4-760a-49fb-ad33-042d93415a96%22:%91%22background_color%22%93}&#8221; da_is_popup=&#8221;off&#8221; da_exit_intent=&#8221;off&#8221; da_has_close=&#8221;on&#8221; da_alt_close=&#8221;off&#8221; da_dark_close=&#8221;off&#8221; da_not_modal=&#8221;on&#8221; da_is_singular=&#8221;off&#8221; da_with_loader=&#8221;off&#8221; da_has_shadow=&#8221;on&#8221;][et_pb_row custom_padding_last_edited=&#8221;on|phone&#8221; _builder_version=&#8221;4.27.4&#8243; custom_padding=&#8221;0px||0px|||&#8221; custom_padding_tablet=&#8221;0px||0px|||&#8221; custom_padding_phone=&#8221;20px||0px||false|false&#8221; collapsed=&#8221;off&#8221; global_colors_info=&#8221;{}&#8221;][et_pb_column type=&#8221;4_4&#8243; _builder_version=&#8221;4.16&#8243; global_colors_info=&#8221;{}&#8221;][et_pb_heading title=&#8221;Forst\u00e5else af enuresis&#8221; _builder_version=&#8221;4.27.4&#8243; _module_preset=&#8221;default&#8221; title_text_color=&#8221;#D35917&#8243; title_font_size=&#8221;40px&#8221; title_font_size_tablet=&#8221;40px&#8221; title_font_size_phone=&#8221;25px&#8221; title_font_size_last_edited=&#8221;on|phone&#8221; global_colors_info=&#8221;{}&#8221;][\/et_pb_heading][et_pb_heading title=&#8221;Hvad er enuresis (sengev\u00e6dning)?&#8221; _builder_version=&#8221;4.27.4&#8243; _module_preset=&#8221;default&#8221; title_text_color=&#8221;#F8F8F8&#8243; title_font_size=&#8221;75px&#8221; title_font_size_tablet=&#8221;75px&#8221; title_font_size_phone=&#8221;40px&#8221; title_font_size_last_edited=&#8221;on|phone&#8221; global_colors_info=&#8221;{}&#8221;][\/et_pb_heading][\/et_pb_column][\/et_pb_row][\/et_pb_section][et_pb_section fb_built=&#8221;1&#8243; custom_padding_last_edited=&#8221;on|phone&#8221; _builder_version=&#8221;4.16&#8243; custom_padding=&#8221;20px||||false|false&#8221; custom_padding_tablet=&#8221;0px||||false|false&#8221; custom_padding_phone=&#8221;0px||||false|false&#8221; da_disable_devices=&#8221;off|off|off&#8221; collapsed=&#8221;off&#8221; global_colors_info=&#8221;{}&#8221; da_is_popup=&#8221;off&#8221; da_exit_intent=&#8221;off&#8221; da_has_close=&#8221;on&#8221; da_alt_close=&#8221;off&#8221; da_dark_close=&#8221;off&#8221; da_not_modal=&#8221;on&#8221; da_is_singular=&#8221;off&#8221; da_with_loader=&#8221;off&#8221; da_has_shadow=&#8221;on&#8221;][et_pb_row column_structure=&#8221;2_3,1_3&#8243; _builder_version=&#8221;4.16&#8243; global_colors_info=&#8221;{}&#8221;][et_pb_column type=&#8221;2_3&#8243; _builder_version=&#8221;4.16&#8243; custom_padding=&#8221;|||&#8221; global_colors_info=&#8221;{}&#8221; custom_padding__hover=&#8221;|||&#8221;][et_pb_text _builder_version=&#8221;4.27.4&#8243; header_2_text_color=&#8221;#D35917&#8243; header_3_text_color=&#8221;gcid-5eef58f4-760a-49fb-ad33-042d93415a96&#8243; global_colors_info=&#8221;{%22gcid-5eef58f4-760a-49fb-ad33-042d93415a96%22:%91%22header_3_text_color%22%93}&#8221;]<\/p>\n<h2>Hvad er enuresis?<\/h2>\n<p>Enuresis &#8211; eller sengev\u00e6dning &#8211; betyder ufrivillig vandladning under s\u00f8vn. Det er langt mere almindeligt, end de fleste tror, og kan ramme b\u00e5de b\u00f8rn og voksne.<br data-start=\"746\" data-end=\"749\">Lad os se n\u00e6rmere p\u00e5, hvorfor det sker, hvordan det kan h\u00e5ndteres, og hvad du kan g\u00f8re for at st\u00f8tte dit barn eller dig selv. <\/p>\n<h3>\u00c5RSAGER OG FAKTORER<\/h3>\n<p>Hver persons situation er unik. Men forskning viser, at sengev\u00e6dning ofte skyldes en kombination af genetiske, biologiske og milj\u00f8m\u00e6ssige faktorer.<br data-start=\"1081\" data-end=\"1084\">Nedenfor finder du de mest almindelige \u00e5rsager &#8211; og hvordan de virker sammen. <\/p>\n<h3>FAMILIEHISTORIE<\/h3>\n<p>Ja, sengev\u00e6dning kan v\u00e6re genetisk.<\/p>\n<ul>\n<li>Omkring 50 % af de b\u00f8rn, der tisser i sengen, har mindst \u00e9n for\u00e6lder, der har gjort det samme.<\/li>\n<li>Hvis begge for\u00e6ldre har pr\u00f8vet at tisse i sengen som b\u00f8rn, stiger sandsynligheden for, at deres b\u00f8rn g\u00f8r det, til 75 %.<\/li>\n<li>Et barn uden en familiehistorie har kun 15 % chance for at blive ramt.<br data-start=\"1513\" data-end=\"1516\">Sengev\u00e6dning er ogs\u00e5 mere almindeligt hos drenge end hos piger.<br data-start=\"1570\" data-end=\"1573\"><em data-start=\"1574\" data-end=\"1605\">(Kilde: <a data-start=\"1583\" data-end=\"1604\" rel=\"noopener\" target=\"_new\" class=\"decorated-link\" href=\"http:\/\/www.urologyhealth.org\">www.urologyhealth.org<span aria-hidden=\"true\" class=\"ms-0.5 inline-block align-middle leading-none\"><\/span><\/a><\/em>)<\/li>\n<\/ul>\n<h3><b>LANGSOM UDVIKLING AF HJERNENS KONTROL OVER BL\u00c6REN<\/b><\/h3>\n<p>Du har sikkert h\u00f8rt nogen sige: <em data-start=\"1699\" data-end=\"1729\">&#8220;Mit barn sover s\u00e5 dybt.<\/em>&#8220;<br data-start=\"1729\" data-end=\"1732\">I nogle tilf\u00e6lde er det sandt &#8211; og det betyder noget. Dyb s\u00f8vn kan forsinke kommunikationen mellem bl\u00e6ren og hjernen. I stedet for at v\u00e5gne op for at lade vandet, slapper b\u00e6kkenbundsmusklerne af, og bl\u00e6ren t\u00f8mmes, mens barnet sover videre.  <\/p>\n<p data-start=\"1983\" data-end=\"2172\">Denne forbindelse mellem hjerne og bl\u00e6re modnes med tiden, men den kan st\u00f8ttes og styrkes med konsekvent behandling, f.eks. ved at bruge Pjama DryGuardians Natt\u00f8j og alarmsystem.<\/p>\n<h3><b>NEDSAT BL\u00c6REKAPACITET<\/b><\/h3>\n<p>Nogle b\u00f8rn har simpelthen en bl\u00e6re, der kan rumme mindre urin end gennemsnittet. N\u00e5r bl\u00e6ren fyldes hurtigere i l\u00f8bet af natten, kan der ske uheld. Det er almindeligt og bliver som regel bedre, efterh\u00e5nden som barnet vokser.  <\/p>\n<h3><b>OVERPRODUKTION AF URIN UNDER S\u00d8VN<\/b><\/h3>\n<p>Hos nogle b\u00f8rn producerer nyrerne for meget urin om natten.<br data-start=\"2532\" data-end=\"2535\">Normalt frigiver hjernen et hormon kaldet vasopressin (ADH) for at bremse urinproduktionen, mens vi sover.<br data-start=\"2643\" data-end=\"2646\">Hvis hjernen ikke frigiver nok af dette hormon, eller hvis nyrerne ikke reagerer ordentligt, v\u00e5gner barnet enten med vandladningstrang eller tisser i sengen, mens det sover.<\/p>\n<p data-start=\"2819\" data-end=\"2931\">Drikkevarer, der indeholder koffein eller kulsyre, kan ogs\u00e5 stimulere nyrerne og \u00f8ge urinproduktionen i l\u00f8bet af natten.<\/p>\n<h3>S\u00d8VNFORSTYRRELSER<\/h3>\n<p>S\u00f8vntilstande som obstruktiv s\u00f8vnapn\u00f8 eller s\u00f8vng\u00e6ngeri kan f\u00e5 hjertet til at frigive atrialt natriuretisk peptid (ANP) &#8211; et hormon, der fort\u00e6ller nyrerne, at de skal producere mere urin i l\u00f8bet af natten.<\/p>\n<h3>KONSTITUERING<\/h3>\n<p>Forstoppelse kan l\u00e6gge ekstra pres p\u00e5 bl\u00e6ren og reducere dens kapacitet og kontrol.<br data-start=\"3293\" data-end=\"3296\">At afhj\u00e6lpe forstoppelse hj\u00e6lper ofte p\u00e5 sengev\u00e6dningssymptomer.[\/et_pb_text][\/et_pb_column][et_pb_column type=&#8221;1_3&#8243; _builder_version=&#8221;4.16&#8243; custom_padding=&#8221;|||&#8221; global_colors_info=&#8221;{}&#8221; custom_padding__hover=&#8221;|||&#8221;][et_pb_image src=&#8221;https:\/\/pjama.eu\/wp-content\/uploads\/pjama-experts-estimate.svg&#8221; _builder_version=&#8221;4.16&#8243; global_colors_info=&#8221;{}&#8221;][\/et_pb_image][\/et_pb_column][\/et_pb_row][et_pb_row column_structure=&#8221;1_3,2_3&#8243; _builder_version=&#8221;4.16&#8243; global_colors_info=&#8221;{}&#8221;][et_pb_column type=&#8221;1_3&#8243; _builder_version=&#8221;4.16&#8243; global_colors_info=&#8221;{}&#8221;][\/et_pb_column][et_pb_column type=&#8221;2_3&#8243; _builder_version=&#8221;4.16&#8243; global_colors_info=&#8221;{}&#8221;][et_pb_text module_class=&#8221;custom_bullets_wpcc custom_bullets_wpcc&#8211;point&#8221; _builder_version=&#8221;4.27.4&#8243; header_2_text_color=&#8221;gcid-5eef58f4-760a-49fb-ad33-042d93415a96&#8243; ul_font_size_tablet=&#8221;&#8221; ul_font_size_phone=&#8221;17px&#8221; ul_font_size_last_edited=&#8221;on|phone&#8221; global_colors_info=&#8221;{%22gcid-5eef58f4-760a-49fb-ad33-042d93415a96%22:%91%22header_2_text_color%22%93}&#8221;]<\/p>\n<h2>AT LEVE MED SENGEV\u00c6DNING<\/h2>\n<p>Sengev\u00e6dning kan p\u00e5virke b\u00e5de b\u00f8rn og familier f\u00f8lelsesm\u00e6ssigt, men det kan h\u00e5ndteres med succes. Her er nogle tips og p\u00e5mindelser, som g\u00f8r en reel forskel: <\/p>\n<ul>\n<li>Sengev\u00e6dning er ikke dit barns skyld &#8211; du m\u00e5 aldrig straffe eller drille.<\/li>\n<li>Lad dit barn spise og drikke normalt. Svensk forskning viser, at disse vaner har minimal indflydelse p\u00e5 behandlingen. <\/li>\n<li>Brug Pjama DryGuardians Natt\u00f8j &#8211; b\u00e5de hjemme og ude.<\/li>\n<li>F\u00f8lg fremskridt med <span style=\"font-weight: 400\"> <a href=\"https:\/\/pjama.eu\/da\/dryguardians-app-hjaelper-dig-med-at-behandle-sengevaedning-gratis\/\">DryGuardians App<\/a> <\/span>Brug den indbyggede kalender til at logge t\u00f8rre og v\u00e5de n\u00e6tter. Det kan ogs\u00e5 v\u00e6re en hj\u00e6lp, n\u00e5r du skal konsultere din l\u00e6ge. <\/li>\n<li>Tal \u00e5bent &#8211; sengev\u00e6dning er almindeligt, og at dele erfaringer er med til at mindske skammen.<\/li>\n<li>Kald det aldrig skamfuldt. Det h\u00f8rer b\u00f8rn allerede nok om andre steder. <\/li>\n<li>Du m\u00e5 ikke give op! Behandling tager tid, men der kommer fremskridt &#8211; og du g\u00f8r det godt. <\/li>\n<\/ul>\n<p>[\/et_pb_text][\/et_pb_column][\/et_pb_row][\/et_pb_section][et_pb_section fb_built=&#8221;1&#8243; custom_padding_last_edited=&#8221;on|phone&#8221; _builder_version=&#8221;4.27.4&#8243; background_enable_color=&#8221;off&#8221; custom_padding=&#8221;20px||||false|false&#8221; custom_padding_tablet=&#8221;0px||||false|false&#8221; custom_padding_phone=&#8221;0px||||false|false&#8221; da_disable_devices=&#8221;off|off|off&#8221; collapsed=&#8221;on&#8221; global_colors_info=&#8221;{}&#8221; da_is_popup=&#8221;off&#8221; da_exit_intent=&#8221;off&#8221; da_has_close=&#8221;on&#8221; da_alt_close=&#8221;off&#8221; da_dark_close=&#8221;off&#8221; da_not_modal=&#8221;on&#8221; da_is_singular=&#8221;off&#8221; da_with_loader=&#8221;off&#8221; da_has_shadow=&#8221;on&#8221;][et_pb_row column_structure=&#8221;2_3,1_3&#8243; _builder_version=&#8221;4.16&#8243; global_colors_info=&#8221;{}&#8221;][et_pb_column type=&#8221;2_3&#8243; _builder_version=&#8221;4.16&#8243; custom_padding=&#8221;|||&#8221; global_colors_info=&#8221;{}&#8221; custom_padding__hover=&#8221;|||&#8221;][et_pb_text _builder_version=&#8221;4.27.4&#8243; header_2_text_color=&#8221;#D35917&#8243; header_3_text_color=&#8221;gcid-5eef58f4-760a-49fb-ad33-042d93415a96&#8243; global_colors_info=&#8221;{%22gcid-5eef58f4-760a-49fb-ad33-042d93415a96%22:%91%22header_3_text_color%22%93}&#8221;]<\/p>\n<h2>ENURESIS HOS VOKSNE: HVAD ER \u00c5RSAGEN?<\/h2>\n<p data-start=\"4266\" data-end=\"4442\">Selvom sengev\u00e6dning ofte forbindes med b\u00f8rn, rammer det ogs\u00e5 omkring 5 millioner voksne alene i USA<em data-start=\"4393\" data-end=\"4438\">(Kilde: <a href=\"https:\/\/www.nafc.org\/adult-bedwetting\" target=\"_blank\" rel=\"noopener noreferrer\">* National Association for Continence<\/a><\/em>).<\/p>\n<p data-start=\"4444\" data-end=\"4535\">Der er mange mulige \u00e5rsager &#8211; fra midlertidige udl\u00f8sere til underliggende medicinske tilstande.<\/p>\n<h3>GENETIK<\/h3>\n<p>Ligesom hos b\u00f8rn kan enuresis hos voksne v\u00e6re arvelig.<\/p>\n<h3><b>Infektioner i urinvejene (UVI)<\/b><\/h3>\n<p>En bl\u00e6reinfektion kan \u00f8ge trangen til at lade vandet og nogle gange f\u00f8re til uheld under s\u00f8vnen.<br data-start=\"4804\" data-end=\"4807\">De fleste urinvejsinfektioner er milde og forsvinder hurtigt med antibiotika.<\/p>\n<h3><b>BIVIRKNINGER AF MEDICIN<\/b><\/h3>\n<p>Visse former for medicin mod hjertesygdomme, psykisk sygdom eller blodtryk kan p\u00e5virke bl\u00e6rekontrollen.<\/p>\n<h3>STRESS OG ANGST<\/h3>\n<p>Psykisk stress kan udl\u00f8se eller forv\u00e6rre sengev\u00e6dning. I mange tilf\u00e6lde forsvinder symptomerne, n\u00e5r stressniveauet falder. <\/p>\n<h3>DRIKKEVARER OG STIMULANSER<\/h3>\n<p>Drikkevarer med koffein eller kulsyre kan irritere bl\u00e6ren og \u00f8ge urinproduktionen.<\/p>\n<h3><b>ANDRE MEDICINSKE TILSTANDE<\/b><\/h3>\n<p>Nogle voksne har en mindre bl\u00e6re, en overaktiv bl\u00e6re eller strukturelle forskelle, der reducerer opbevaringskapaciteten om natten.<\/p>\n<p data-start=\"5446\" data-end=\"5672\">Hvis du oplever sengev\u00e6dning hos voksne, skal du kontakte din l\u00e6ge for at udelukke underliggende \u00e5rsager.<br data-start=\"5536\" data-end=\"5539\">Selvom enuresis sj\u00e6ldent udg\u00f8r en fysisk sundhedsrisiko, kan det i h\u00f8j grad p\u00e5virke livskvaliteten og selvv\u00e6rdet.<\/p>\n<p>&nbsp;<\/p>\n<p>[\/et_pb_text][\/et_pb_column][et_pb_column type=&#8221;1_3&#8243; _builder_version=&#8221;4.16&#8243; custom_padding=&#8221;|||&#8221; global_colors_info=&#8221;{}&#8221; custom_padding__hover=&#8221;|||&#8221;][et_pb_image src=&#8221;https:\/\/pjama.eu\/wp-content\/uploads\/pjama-figure-panic.svg&#8221; alt=&#8221;Pjama enuresis&#8221; title_text=&#8221;Pjama-figur-panik&#8221; align=&#8221;center&#8221; _builder_version=&#8221;4.27.4&#8243; width_tablet=&#8221;&#8221; width_phone=&#8221;40%&#8221; width_last_edited=&#8221;on|phone&#8221; global_colors_info=&#8221;{}&#8221;][\/et_pb_image][\/et_pb_column][\/et_pb_row][et_pb_row column_structure=&#8221;1_3,2_3&#8243; custom_padding_last_edited=&#8221;on|phone&#8221; _builder_version=&#8221;4.27.4&#8243; custom_margin_tablet=&#8221;&#8221; custom_margin_phone=&#8221;0px||||false|false&#8221; custom_margin_last_edited=&#8221;on|phone&#8221; custom_padding_tablet=&#8221;&#8221; custom_padding_phone=&#8221;1px||||false|false&#8221; global_colors_info=&#8221;{}&#8221;][et_pb_column type=&#8221;1_3&#8243; _builder_version=&#8221;4.16&#8243; global_colors_info=&#8221;{}&#8221;][\/et_pb_column][et_pb_column type=&#8221;2_3&#8243; _builder_version=&#8221;4.16&#8243; global_colors_info=&#8221;{}&#8221;][et_pb_text module_class=&#8221;custom_bullets_wpcc custom_bullets_wpcc&#8211;point&#8221; _builder_version=&#8221;4.27.4&#8243; header_2_text_color=&#8221;#D35917&#8243; header_3_text_color=&#8221;gcid-5eef58f4-760a-49fb-ad33-042d93415a96&#8243; ul_font_size_tablet=&#8221;&#8221; ul_font_size_phone=&#8221;17px&#8221; ul_font_size_last_edited=&#8221;on|phone&#8221; global_colors_info=&#8221;{%22gcid-5eef58f4-760a-49fb-ad33-042d93415a96%22:%91%22header_3_text_color%22%93}&#8221;]<\/p>\n<h2><b>H\u00c5NDTERING OG BEHANDLING AF SENGEV\u00c6DNING HOS VOKSNE<\/b><\/h2>\n<p>At leve med enuresis hos voksne kan v\u00e6re f\u00f8lelsesm\u00e6ssigt udfordrende, men der er hj\u00e6lp at hente.<br data-start=\"5810\" data-end=\"5813\">Her er de mest almindelige behandlingsstrategier:<\/span><span style=\"font-weight: 400\"><\/span><\/p>\n<p><span style=\"font-weight: 400\"><\/span><\/p>\n<h3 data-start=\"5861\" data-end=\"5879\"><strong data-start=\"5865\" data-end=\"5879\">Medicin<\/strong><\/h3>\n<p data-start=\"5880\" data-end=\"6015\">Nogle l\u00e6gemidler kan hj\u00e6lpe med at reducere symptomerne eller kontrollere urinproduktionen om natten.<br data-start=\"5957\" data-end=\"5960\">Dette er dog ikke kure &#8211; de st\u00f8tter h\u00e5ndteringen.<\/p>\n<h3 data-start=\"6017\" data-end=\"6042\"><strong data-start=\"6021\" data-end=\"6042\">Sengev\u00e6dningsalarmer<\/strong><\/h3>\n<p data-start=\"6043\" data-end=\"6229\">Sengev\u00e6dningsalarmer kan hj\u00e6lpe med at genoptr\u00e6ne kroppen til at v\u00e5gne, f\u00f8r der sker et uheld.<br data-start=\"6124\" data-end=\"6127\">Pjama DryGuardiansAlarmsensor er en diskret og effektiv l\u00f8sning til voksne.<\/p>\n<h3 data-start=\"6231\" data-end=\"6246\"><strong data-start=\"6235\" data-end=\"6246\">Terapi<\/strong><\/h3>\n<p data-start=\"6247\" data-end=\"6351\">Hvis stress eller angst bidrager til din sengev\u00e6dning, kan terapi hj\u00e6lpe dig med at tackle de underliggende \u00e5rsager.<\/p>\n<h3 data-start=\"6353\" data-end=\"6378\"><strong data-start=\"6357\" data-end=\"6378\">Rutine for hydrering<\/strong><\/h3>\n<p data-start=\"6379\" data-end=\"6578\">Drik 6-8 glas v\u00e6ske dagligt, helst tidligere p\u00e5 dagen.<br data-start=\"6444\" data-end=\"6447\">Reducer v\u00e6skeindtaget om aftenen, og v\u00e6lg drikkevarer uden koffein og kulsyre for at mindske risikoen for ulykker om natten.<\/p>\n<p>[\/et_pb_text][\/et_pb_column][\/et_pb_row][\/et_pb_section]<\/p>\n","protected":false},"excerpt":{"rendered":"<p>Hvad er enuresis? Enuresis &#8211; eller sengev\u00e6dning &#8211; betyder ufrivillig vandladning under s\u00f8vn. Det er langt mere almindeligt, end de fleste tror, og kan ramme b\u00e5de b\u00f8rn og voksne.Lad os se n\u00e6rmere p\u00e5, hvorfor det sker, hvordan det kan h\u00e5ndteres, og hvad du kan g\u00f8re for at st\u00f8tte dit barn eller dig selv. \u00c5RSAGER OG [&hellip;]<\/p>\n","protected":false},"author":1,"featured_media":0,"parent":0,"menu_order":0,"comment_status":"closed","ping_status":"closed","template":"","meta":{"_et_pb_use_builder":"on","_et_pb_old_content":"","_et_gb_content_width":"","footnotes":""},"class_list":["post-11661","page","type-page","status-publish","hentry"],"_links":{"self":[{"href":"https:\/\/pjama.eu\/da\/wp-json\/wp\/v2\/pages\/11661","targetHints":{"allow":["GET"]}}],"collection":[{"href":"https:\/\/pjama.eu\/da\/wp-json\/wp\/v2\/pages"}],"about":[{"href":"https:\/\/pjama.eu\/da\/wp-json\/wp\/v2\/types\/page"}],"author":[{"embeddable":true,"href":"https:\/\/pjama.eu\/da\/wp-json\/wp\/v2\/users\/1"}],"replies":[{"embeddable":true,"href":"https:\/\/pjama.eu\/da\/wp-json\/wp\/v2\/comments?post=11661"}],"version-history":[{"count":31,"href":"https:\/\/pjama.eu\/da\/wp-json\/wp\/v2\/pages\/11661\/revisions"}],"predecessor-version":[{"id":31772,"href":"https:\/\/pjama.eu\/da\/wp-json\/wp\/v2\/pages\/11661\/revisions\/31772"}],"wp:attachment":[{"href":"https:\/\/pjama.eu\/da\/wp-json\/wp\/v2\/media?parent=11661"}],"curies":[{"name":"wp","href":"https:\/\/api.w.org\/{rel}","templated":true}]}}