{"id":11681,"date":"2020-03-23T12:20:21","date_gmt":"2020-03-23T11:20:21","guid":{"rendered":"https:\/\/pjama.eu\/pjama-bukser-til-sengevaedning\/"},"modified":"2025-11-14T11:06:22","modified_gmt":"2025-11-14T10:06:22","slug":"pjama-bukser-til-sengevaedning","status":"publish","type":"page","link":"https:\/\/pjama.eu\/da\/pjama-bukser-til-sengevaedning\/","title":{"rendered":"Pjama sengev\u00e6dningsbukser"},"content":{"rendered":"<p>[et_pb_section fb_built=&#8221;1&#8243; custom_padding_last_edited=&#8221;on|tablet&#8221; _builder_version=&#8221;4.27.4&#8243; background_color=&#8221;gcid-5eef58f4-760a-49fb-ad33-042d93415a96&#8243; custom_padding=&#8221;7%||0%||false|false&#8221; custom_padding_tablet=&#8221;||7%||false|false&#8221; custom_padding_phone=&#8221;&#8221; top_divider_height_tablet=&#8221;&#8221; top_divider_height_phone=&#8221;&#8221; top_divider_height_last_edited=&#8221;on|tablet&#8221; bottom_divider_color=&#8221;rgba(0,0,0,0)&#8221; bottom_divider_height=&#8221;154px&#8221; bottom_divider_height_tablet=&#8221;202px&#8221; bottom_divider_height_phone=&#8221;&#8221; bottom_divider_height_last_edited=&#8221;on|desktop&#8221; da_disable_devices=&#8221;off|off|off&#8221; collapsed=&#8221;on&#8221; global_colors_info=&#8221;{%22gcid-5eef58f4-760a-49fb-ad33-042d93415a96%22:%91%22background_color%22%93}&#8221; da_is_popup=&#8221;off&#8221; da_exit_intent=&#8221;off&#8221; da_has_close=&#8221;on&#8221; da_alt_close=&#8221;off&#8221; da_dark_close=&#8221;off&#8221; da_not_modal=&#8221;on&#8221; da_is_singular=&#8221;off&#8221; da_with_loader=&#8221;off&#8221; da_has_shadow=&#8221;on&#8221;][et_pb_row _builder_version=&#8221;4.27.4&#8243; custom_margin=&#8221;10px|auto|-20px|auto|false|false&#8221; custom_margin_tablet=&#8221;10px|auto|-20px|auto|false|false&#8221; custom_margin_phone=&#8221;35px|auto|-20px|auto|false|false&#8221; custom_margin_last_edited=&#8221;on|phone&#8221; custom_padding=&#8221;0px||0px||false|false&#8221; global_colors_info=&#8221;{}&#8221;][et_pb_column type=&#8221;4_4&#8243; _builder_version=&#8221;4.16&#8243; global_colors_info=&#8221;{}&#8221;][et_pb_heading title=&#8221;PJAMA PROTECT&#8221; _builder_version=&#8221;4.27.4&#8243; _module_preset=&#8221;default&#8221; title_text_color=&#8221;#D35917&#8243; title_font_size=&#8221;40px&#8221; global_colors_info=&#8221;{}&#8221;][\/et_pb_heading][et_pb_heading title=&#8221;Sengev\u00e6dningsshorts og -bukser&#8221; _builder_version=&#8221;4.27.4&#8243; _module_preset=&#8221;default&#8221; title_text_color=&#8221;#F8F8F8&#8243; title_font_size=&#8221;75px&#8221; title_font_size_tablet=&#8221;74px&#8221; title_font_size_phone=&#8221;62px&#8221; title_font_size_last_edited=&#8221;on|phone&#8221; global_colors_info=&#8221;{}&#8221;][\/et_pb_heading][\/et_pb_column][\/et_pb_row][\/et_pb_section][et_pb_section fb_built=&#8221;1&#8243; custom_padding_last_edited=&#8221;on|phone&#8221; _builder_version=&#8221;4.27.4&#8243; _module_preset=&#8221;default&#8221; custom_padding_tablet=&#8221;&#8221; custom_padding_phone=&#8221;85px||||false|false&#8221; top_divider_style=&#8221;asymmetric&#8221; top_divider_color=&#8221;gcid-5eef58f4-760a-49fb-ad33-042d93415a96&#8243; da_disable_devices=&#8221;off|off|off&#8221; global_colors_info=&#8221;{%22gcid-5eef58f4-760a-49fb-ad33-042d93415a96%22:%91%22top_divider_color%22%93}&#8221; da_is_popup=&#8221;off&#8221; da_exit_intent=&#8221;off&#8221; da_has_close=&#8221;on&#8221; da_alt_close=&#8221;off&#8221; da_dark_close=&#8221;off&#8221; da_not_modal=&#8221;on&#8221; da_is_singular=&#8221;off&#8221; da_with_loader=&#8221;off&#8221; da_has_shadow=&#8221;on&#8221;][et_pb_row column_structure=&#8221;1_2,1_2&#8243; custom_padding_last_edited=&#8221;on|phone&#8221; _builder_version=&#8221;4.27.4&#8243; _module_preset=&#8221;default&#8221; custom_margin_tablet=&#8221;&#8221; custom_margin_phone=&#8221;0px||0px||false|false&#8221; custom_margin_last_edited=&#8221;on|phone&#8221; custom_padding=&#8221;75px||||false|false&#8221; custom_padding_tablet=&#8221;&#8221; custom_padding_phone=&#8221;0px||||false|false&#8221; global_colors_info=&#8221;{}&#8221;][et_pb_column type=&#8221;1_2&#8243; _builder_version=&#8221;4.27.4&#8243; _module_preset=&#8221;default&#8221; global_colors_info=&#8221;{}&#8221;][et_pb_image src=&#8221;https:\/\/pjama.eu\/wp-content\/uploads\/Pjama-Pants-Child-01-3.jpg&#8221; alt=&#8221;Pjama bukser&#8221; title_text=&#8221;Pjama-bukser-barn-01 (3)&#8221; align=&#8221;center&#8221; _builder_version=&#8221;4.27.4&#8243; transform_scale=&#8221;135%|135%&#8221; transform_scale_tablet=&#8221;135%|135%&#8221; transform_scale_phone=&#8221;100%|100%&#8221; transform_scale_last_edited=&#8221;on|phone&#8221; transform_translate=&#8221;0px|52px&#8221; transform_translate_tablet=&#8221;0px|52px&#8221; transform_translate_phone=&#8221;0px|6px&#8221; transform_translate_last_edited=&#8221;on|phone&#8221; transform_rotate_tablet=&#8221;&#8221; transform_rotate_phone=&#8221;&#8221; transform_rotate_last_edited=&#8221;on|phone&#8221; transform_skew_tablet=&#8221;&#8221; transform_skew_phone=&#8221;&#8221; transform_skew_last_edited=&#8221;on|phone&#8221; transform_origin_tablet=&#8221;&#8221; transform_origin_phone=&#8221;&#8221; transform_origin_last_edited=&#8221;on|phone&#8221; transform_styles_last_edited=&#8221;on|phone&#8221; custom_margin=&#8221;||0px||false|false&#8221; custom_padding=&#8221;|5%|0px|5%|false|false&#8221; transform_styles_tablet=&#8221;&#8221; transform_styles_phone=&#8221;&#8221; global_colors_info=&#8221;{}&#8221;][\/et_pb_image][\/et_pb_column][et_pb_column type=&#8221;1_2&#8243; _builder_version=&#8221;4.27.4&#8243; _module_preset=&#8221;default&#8221; global_colors_info=&#8221;{}&#8221;][et_pb_text content_tablet=&#8221;<\/p>\n<h3><b>BESKYT SENGEN MED PJAMA BUKSER OG SHORTS<\/b><span><br \/><\/span><\/h3>\n<p><span>N\u00e5r du har Pjama sengev\u00e6dningsbukser eller -shorts p\u00e5, beh\u00f8ver du ikke at skifte senget\u00f8j, n\u00e5r du tisser i sengen. Sengev\u00e6dningsbekl\u00e6dningen beskytter lagner, dyner og madrasser. <\/span><\/p>\n<p><span>Vores sengev\u00e6dningsbukser g\u00f8r det muligt at deltage i aktiviteter, der involverer overnatninger uden for hjemmet. Brug denne Pjama p\u00e5 fodboldlejre, skoleture, overnatninger eller familierejser. Sengev\u00e6dningsbukserne og -shortsene er diskrete og ligner almindelige pyjamasbukser. Med Pjama sengev\u00e6dningsbukser er der ikke brug for bleer eller senget\u00e6pper. Hvis der sker et uheld, kan du nemt g\u00e5 p\u00e5 toilettet, rydde op, tage et nyt par Pjama p\u00e5 og sove videre.    <\/span><\/p>\n<p>&#8221; content_phone=&#8221;<\/p>\n<h3><b>BESKYT SENGEN MED PJAMA BUKSER OG SHORTS<\/b><span><br \/><\/span><\/h3>\n<p><span>N\u00e5r du har Pjama sengev\u00e6dningsbukser eller -shorts p\u00e5, beh\u00f8ver du ikke at skifte senget\u00f8j, n\u00e5r du tisser i sengen. Sengev\u00e6dningsbekl\u00e6dningen beskytter lagner, dyner og madrasser. <\/span><\/p>\n<p><span>Vores sengev\u00e6dningsbukser g\u00f8r det muligt at deltage i aktiviteter, der involverer overnatninger uden for hjemmet. Brug denne Pjama p\u00e5 fodboldlejre, skoleture, overnatninger eller familierejser. Sengev\u00e6dningsbukserne og -shortsene er diskrete og ligner almindelige pyjamasbukser. Med Pjama sengev\u00e6dningsbukser er der ikke brug for bleer eller senget\u00e6pper. Hvis der sker et uheld, kan du nemt g\u00e5 p\u00e5 toilettet, rydde op, tage et nyt par Pjama p\u00e5 og sove videre.    <\/span><\/p>\n<p>&#8221; content_last_edited=&#8221;on|phone&#8221; _builder_version=&#8221;4.27.4&#8243; text_font=&#8221;|&#8211;et_global_heading_font_weight|||||||&#8221; header_2_text_color=&#8221;#D35917&#8243; header_3_text_color=&#8221;gcid-5eef58f4-760a-49fb-ad33-042d93415a96&#8243; custom_padding=&#8221;|5%||5%|false|false&#8221; global_colors_info=&#8221;{%22gcid-5eef58f4-760a-49fb-ad33-042d93415a96%22:%91%22header_3_text_color%22%93}&#8221;]<\/p>\n<h3><b>Diskrete, p\u00e5lidelige sengev\u00e6dningsbukser til beskyttelse mod sengev\u00e6dning<\/b><\/h3>\n<h2><b>NAT EFTER NAT<\/b><span style=\"font-weight: 400\"><br \/><\/span><\/h2>\n<p><span style=\"font-weight: 400\">Pjama Protect Pants &amp; Shorts er det originale absorberende natt\u00f8j &#8211; designet til at se ud og f\u00f8les som almindelige pyjamasbukser. De er diskrete og p\u00e5lidelige og holder sengen t\u00f8r hele natten uden behov for ekstra betr\u00e6k eller bleer. Med Pjama kan b\u00f8rn og voksne, der k\u00e6mper med sengev\u00e6dning, sove hos venner, tage p\u00e5 skoleudflugt eller rejse med selvtillid &#8211; velvidende at ingen vil l\u00e6gge m\u00e6rke til det, og at sengen forbliver t\u00f8r. Pjama kan maskinvaskes og genbruges og tilbyder p\u00e5lidelig kvalitet og ro i sindet, nat efter nat.   <\/span><\/p>\n<p>[\/et_pb_text][et_pb_button button_url=&#8221;https:\/\/pjama.eu\/da\/bukser-til-sengevaedning\/&#8221; button_text=&#8221;K\u00d8B HER&#8221; button_alignment=&#8221;center&#8221; _builder_version=&#8221;4.27.4&#8243; _module_preset=&#8221;default&#8221; global_colors_info=&#8221;{}&#8221;][\/et_pb_button][\/et_pb_column][\/et_pb_row][\/et_pb_section][et_pb_section fb_built=&#8221;1&#8243; _builder_version=&#8221;4.27.4&#8243; background_enable_color=&#8221;off&#8221; custom_margin=&#8221;0px||0px||false|false&#8221; custom_margin_tablet=&#8221;-60px||||false|false&#8221; custom_margin_last_edited=&#8221;off|desktop&#8221; custom_padding=&#8221;120px||0px||false|false&#8221; top_divider_height=&#8221;150px&#8221; top_divider_height_tablet=&#8221;65px&#8221; top_divider_height_phone=&#8221;33px&#8221; top_divider_height_last_edited=&#8221;on|phone&#8221; da_disable_devices=&#8221;off|off|off&#8221; collapsed=&#8221;on&#8221; global_colors_info=&#8221;{}&#8221; da_is_popup=&#8221;off&#8221; da_exit_intent=&#8221;off&#8221; da_has_close=&#8221;on&#8221; da_alt_close=&#8221;off&#8221; da_dark_close=&#8221;off&#8221; da_not_modal=&#8221;on&#8221; da_is_singular=&#8221;off&#8221; da_with_loader=&#8221;off&#8221; da_has_shadow=&#8221;on&#8221;][et_pb_row custom_padding_last_edited=&#8221;on|phone&#8221; _builder_version=&#8221;4.27.4&#8243; background_color=&#8221;gcid-5e0c1a9d-15a3-49e1-abda-61e6fadfbe27&#8243; custom_margin=&#8221;40px||50px||false|false&#8221; custom_margin_tablet=&#8221;&#8221; custom_margin_phone=&#8221;-58px||20px||false|false&#8221; custom_margin_last_edited=&#8221;on|phone&#8221; custom_padding=&#8221;|10px||10px|false|true&#8221; custom_padding_tablet=&#8221;&#8221; custom_padding_phone=&#8221;|6px||6px|false|true&#8221; border_radii=&#8221;on|7px|7px|7px|7px&#8221; global_colors_info=&#8221;{%22gcid-5e0c1a9d-15a3-49e1-abda-61e6fadfbe27%22:%91%22background_color%22%93}&#8221;][et_pb_column type=&#8221;4_4&#8243; _builder_version=&#8221;4.16&#8243; global_colors_info=&#8221;{}&#8221;][et_pb_text _builder_version=&#8221;4.27.4&#8243; header_text_color=&#8221;#D35917&#8243; header_font_size=&#8221;33px&#8221; header_2_text_color=&#8221;#D35917&#8243; header_2_font_size=&#8221;40px&#8221; header_3_text_color=&#8221;#D35917&#8243; text_orientation=&#8221;center&#8221; background_layout=&#8221;dark&#8221; header_2_font_size_tablet=&#8221;40px&#8221; header_2_font_size_phone=&#8221;30px&#8221; header_2_font_size_last_edited=&#8221;on|phone&#8221; global_colors_info=&#8221;{}&#8221;]<\/p>\n<h2><b>Se, hvordan Pjama Protect bukser og shorts fungerer  <\/b><\/h2>\n<p>[\/et_pb_text][et_pb_video src=&#8221;https:\/\/pjama.eu\/wp-content\/uploads\/Pjama-for-bedwetters-US.mp4&#8243; image_src=&#8221;https:\/\/pjama.eu\/wp-content\/uploads\/Pjama_bedwetting_use-1.jpg&#8221; play_icon_color=&#8221;#F8F8F8&#8243; thumbnail_overlay_color=&#8221;rgba(247,247,247,0.8)&#8221; _builder_version=&#8221;4.27.4&#8243; width=&#8221;70%&#8221; width_tablet=&#8221;90%&#8221; width_phone=&#8221;90%&#8221; width_last_edited=&#8221;on|desktop&#8221; module_alignment=&#8221;center&#8221; border_radii=&#8221;on|10px|10px|10px|10px&#8221; border_width_all=&#8221;3px&#8221; border_color_all=&#8221;#F8F8F8&#8243; box_shadow_style=&#8221;preset1&#8243; global_colors_info=&#8221;{}&#8221;][\/et_pb_video][et_pb_text _builder_version=&#8221;4.27.4&#8243; text_orientation=&#8221;center&#8221; background_layout=&#8221;dark&#8221; global_colors_info=&#8221;{}&#8221;]<\/p>\n<h3>Fordi bedre aftener betyder noget<\/h3>\n<p>[\/et_pb_text][et_pb_button button_url=&#8221;https:\/\/pjama.eu\/shop-pjama\/&#8221; button_text=&#8221;K\u00f8b den her&#8221; button_alignment=&#8221;center&#8221; _builder_version=&#8221;4.27.4&#8243; custom_button=&#8221;on&#8221; button_text_color=&#8221;#ffffff&#8221; button_bg_color=&#8221;#61A2DF&#8221; button_use_icon=&#8221;off&#8221; global_colors_info=&#8221;{}&#8221; button_bg_color__hover_enabled=&#8221;on|hover&#8221; button_bg_color__hover=&#8221;rgba(31,68,139,0.8)&#8221; button_bg_enable_color__hover=&#8221;on&#8221;][\/et_pb_button][\/et_pb_column][\/et_pb_row][et_pb_row column_structure=&#8221;1_2,1_2&#8243; custom_padding_last_edited=&#8221;on|phone&#8221; _builder_version=&#8221;4.27.4&#8243; _module_preset=&#8221;default&#8221; custom_padding_tablet=&#8221;&#8221; custom_padding_phone=&#8221;40px||||false|false&#8221; global_colors_info=&#8221;{}&#8221;][et_pb_column type=&#8221;1_2&#8243; _builder_version=&#8221;4.27.4&#8243; _module_preset=&#8221;default&#8221; global_colors_info=&#8221;{}&#8221;][et_pb_image src=&#8221;https:\/\/pjama.eu\/wp-content\/uploads\/Pjama-byxor_shorts-1.jpeg&#8221; alt=&#8221;Pjama byxor_shorts&#8221; title_text=&#8221;Pjama byxor_shorts (1)&#8221; _builder_version=&#8221;4.27.4&#8243; _module_preset=&#8221;default&#8221; border_radii=&#8221;on|10px|10px|10px|10px&#8221; global_colors_info=&#8221;{}&#8221;][\/et_pb_image][et_pb_text _builder_version=&#8221;4.27.4&#8243; _module_preset=&#8221;default&#8221; text_font=&#8221;|&#8211;et_global_heading_font_weight|||||||&#8221; header_3_text_color=&#8221;gcid-5eef58f4-760a-49fb-ad33-042d93415a96&#8243; custom_margin_tablet=&#8221;&#8221; custom_margin_phone=&#8221;0px||||false|false&#8221; custom_margin_last_edited=&#8221;on|phone&#8221; custom_padding_tablet=&#8221;&#8221; custom_padding_phone=&#8221;0px||20px||false|false&#8221; custom_padding_last_edited=&#8221;on|phone&#8221; global_colors_info=&#8221;{%22gcid-5eef58f4-760a-49fb-ad33-042d93415a96%22:%91%22header_3_text_color%22%93}&#8221;]<\/p>\n<h3><b>TIL BESKYTTEDE N\u00c6TTER HJEMME ELLER UDE<\/b><\/h3>\n<p>Pjama Protect Natt\u00f8j og Pjama DryGuardians Natt\u00f8j er designet til b\u00f8rn, teenagere og voksne, der oplever sengev\u00e6dning. De er patenterede, absorberende og fuldt vaskbare og holder sengen t\u00f8r &#8211; nat efter nat. <a href=\"https:\/\/pjama.eu\/bedwetting-pants\/\"><strong>Pjama Protect-natt\u00f8j<\/strong><\/a> giver diskret beskyttelse og ro i sindet, mens <a href=\"https:\/\/pjama.eu\/bedwetting-alarm\/\"><strong>Pjama DryGuardians Natt\u00f8j<\/strong><\/a> ogs\u00e5 forbindes til Pjama Sengev\u00e6dningsalarm og DryGuardians-appen for aktiv behandling. <\/p>\n<p>N\u00e5r der sker et uheld, absorberer det indre lag urinen, mens det ydre stof forbliver t\u00f8rt. Brugeren m\u00e6rker en let fugtighed indeni &#8211; diskret feedback, der underst\u00f8tter l\u00e6ringsprocessen. Over tid hj\u00e6lper det kroppen med at v\u00e5gne op og tage skridt i retning af at overvinde sengev\u00e6dning.  <\/p>\n<p>[\/et_pb_text][\/et_pb_column][et_pb_column type=&#8221;1_2&#8243; _builder_version=&#8221;4.27.4&#8243; _module_preset=&#8221;default&#8221; global_colors_info=&#8221;{}&#8221;][et_pb_image src=&#8221;https:\/\/pjama.eu\/wp-content\/uploads\/pjama-bedvetting-poring-water-1-1.jpg&#8221; alt=&#8221;Pjama byxor shorts materiale&#8221; title_text=&#8221;Pjama-bedvetting-poring-vand-1 (1)&#8221; _builder_version=&#8221;4.27.4&#8243; _module_preset=&#8221;default&#8221; border_radii=&#8221;on|10px|10px|10px|10px&#8221; global_colors_info=&#8221;{}&#8221;][\/et_pb_image][et_pb_text _builder_version=&#8221;4.27.4&#8243; _module_preset=&#8221;default&#8221; text_font=&#8221;&#8211;et_global_body_font|&#8211;et_global_heading_font_weight|||||||&#8221; header_3_text_color=&#8221;gcid-5eef58f4-760a-49fb-ad33-042d93415a96&#8243; ul_font_size_tablet=&#8221;&#8221; ul_font_size_phone=&#8221;17px&#8221; ul_font_size_last_edited=&#8221;on|phone&#8221; global_colors_info=&#8221;{%22gcid-5eef58f4-760a-49fb-ad33-042d93415a96%22:%91%22header_3_text_color%22%93}&#8221;]<\/p>\n<h3>H\u00d8J KVALITET &#8211; DESIGNET TIL KOMFORT OG P\u00c5LIDELIGHED<\/h3>\n<p>Pjama Protect og Pjama DryGuardians Natt\u00f8j er fremstillet af bl\u00f8dt Tencel\u2122 med en \u00e5ndbar, vandt\u00e6t membran og st\u00e6rkt absorberende lag, der holder p\u00e5 v\u00e6sken. Alle stoffer er <span style=\"font-weight: 400\"> <a href=\"https:\/\/www.oeko-tex.com\/en\/our-standards\/oeko-tex-standard-100\" target=\"_blank\" rel=\"noopener\">Oeko-Tex<\/a> <\/span>certificeret og opfylder de h\u00f8jeste standarder for sikkerhed og hudvenlighed. <\/p>\n<ul>\n<li data-start=\"517\" data-end=\"593\">Hydrofobisk stof i taljen og ved h\u00e5ndleddene holder fugten, hvor den h\u00f8rer hjemme.<\/li>\n<li data-start=\"596\" data-end=\"651\">Superabsorberende materiale i n\u00f8gleomr\u00e5der forhindrer l\u00e6kager.<\/li>\n<li data-start=\"654\" data-end=\"710\">Et yderlag, der b\u00e5de er vandt\u00e6t og \u00e5ndbart.<\/li>\n<li data-start=\"713\" data-end=\"804\">Et bl\u00f8dt inderstof, der f\u00f8les blidt mod huden og samtidig diskret absorberer v\u00e6ske.<\/li>\n<\/ul>\n<p data-start=\"806\" data-end=\"954\">Resultatet er en pyjamas, der ser ud og f\u00f8les som almindeligt natt\u00f8j &#8211; men som giver p\u00e5lidelig beskyttelse mod sengev\u00e6dning til b\u00f8rn, teenagere og voksne, nat efter nat.<\/p>\n<ul><\/ul>\n<p>[\/et_pb_text][\/et_pb_column][\/et_pb_row][\/et_pb_section][et_pb_section fb_built=&#8221;1&#8243; custom_padding_last_edited=&#8221;on|phone&#8221; _builder_version=&#8221;4.27.4&#8243; _module_preset=&#8221;default&#8221; background_color=&#8221;#FFFFFF&#8221; custom_padding_tablet=&#8221;&#8221; custom_padding_phone=&#8221;0px||0px||false|false&#8221; da_disable_devices=&#8221;off|off|off&#8221; global_colors_info=&#8221;{}&#8221; da_is_popup=&#8221;off&#8221; da_exit_intent=&#8221;off&#8221; da_has_close=&#8221;on&#8221; da_alt_close=&#8221;off&#8221; da_dark_close=&#8221;off&#8221; da_not_modal=&#8221;on&#8221; da_is_singular=&#8221;off&#8221; da_with_loader=&#8221;off&#8221; da_has_shadow=&#8221;on&#8221;][et_pb_row column_structure=&#8221;1_2,1_2&#8243; _builder_version=&#8221;4.27.4&#8243; _module_preset=&#8221;default&#8221; global_colors_info=&#8221;{}&#8221;][et_pb_column type=&#8221;1_2&#8243; _builder_version=&#8221;4.27.4&#8243; _module_preset=&#8221;default&#8221; global_colors_info=&#8221;{}&#8221;][et_pb_image src=&#8221;https:\/\/pjama.eu\/wp-content\/uploads\/Pjama-boy-jumping-7556-1.jpg&#8221; alt=&#8221;Pjama sengev\u00e6dningsbukser&#8221; title_text=&#8221;Pjama-boy-jumping-7556 (1)&#8221; _builder_version=&#8221;4.27.4&#8243; width=&#8221;100%&#8221; custom_margin=&#8221;-10px||15px||false|false&#8221; custom_padding=&#8221;|5%||0%|false|false&#8221; border_radii=&#8221;on|10px|10px|10px|10px&#8221; global_colors_info=&#8221;{}&#8221;][\/et_pb_image][et_pb_text _builder_version=&#8221;4.27.4&#8243; _module_preset=&#8221;default&#8221; header_3_text_color=&#8221;gcid-5eef58f4-760a-49fb-ad33-042d93415a96&#8243; custom_margin_tablet=&#8221;&#8221; custom_margin_phone=&#8221;&#8221; custom_margin_last_edited=&#8221;on|phone&#8221; custom_padding_tablet=&#8221;&#8221; custom_padding_phone=&#8221;||40px||false|false&#8221; custom_padding_last_edited=&#8221;on|phone&#8221; global_colors_info=&#8221;{%22gcid-5eef58f4-760a-49fb-ad33-042d93415a96%22:%91%22header_3_text_color%22%93}&#8221;]<\/p>\n<h3>FOR B\u00d8RN<\/h3>\n<p><span style=\"font-weight: 400\">Pjama Protect og Pjama DryGuardians Natt\u00f8j f\u00e5s som bukser og shorts i flere st\u00f8rrelser, skr\u00e6ddersyet til b\u00f8rn i voksealderen. Bl\u00f8de, diskrete og absorberende &#8211; de holder sengen t\u00f8r og ulykkerne private, s\u00e5 b\u00e5de b\u00f8rn og for\u00e6ldre kan sove bedre. Kan maskinvaskes og t\u00f8rretumbles, s\u00e5 det er nemt at bruge hver dag og holder l\u00e6nge.  <\/span><\/p>\n<p>[\/et_pb_text][\/et_pb_column][et_pb_column type=&#8221;1_2&#8243; _builder_version=&#8221;4.27.4&#8243; _module_preset=&#8221;default&#8221; global_colors_info=&#8221;{}&#8221;][et_pb_image src=&#8221;https:\/\/pjama.eu\/wp-content\/uploads\/Blue_shorts_adult-1-1.jpg&#8221; alt=&#8221;Sengev\u00e6dningsbukser til voksne&#8221; title_text=&#8221;Bl\u00e5_shorts_voksen-1-1&#8243; _builder_version=&#8221;4.27.4&#8243; custom_margin=&#8221;-10px||15px||false|false&#8221; custom_padding=&#8221;|5%||0%|false|false&#8221; border_radii=&#8221;on|10px|10px|10px|10px&#8221; global_colors_info=&#8221;{}&#8221;][\/et_pb_image][et_pb_text _builder_version=&#8221;4.27.4&#8243; _module_preset=&#8221;default&#8221; header_3_text_color=&#8221;gcid-5eef58f4-760a-49fb-ad33-042d93415a96&#8243; global_colors_info=&#8221;{%22gcid-5eef58f4-760a-49fb-ad33-042d93415a96%22:%91%22header_3_text_color%22%93}&#8221;]<\/p>\n<h3>FOR VOKSNE<\/h3>\n<p><span style=\"font-weight: 400\">Pjama-natt\u00f8j til voksne giver diskret, p\u00e5lidelig beskyttelse &#8211; uanset om det er hjemme eller p\u00e5 rejsen. Disse absorberende bukser og shorts f\u00e5s i forskellige st\u00f8rrelser for en behagelig pasform og holder sengen t\u00f8r hele natten. De er nemme at vaske ved 60\u00b0C og t\u00f8rretumble og kombinerer p\u00e5lidelig funktionalitet med komfort og ro i sindet.    <\/span><\/p>\n<p>[\/et_pb_text][\/et_pb_column][\/et_pb_row][et_pb_row column_structure=&#8221;1_2,1_2&#8243; _builder_version=&#8221;4.27.4&#8243; _module_preset=&#8221;default&#8221; global_colors_info=&#8221;{}&#8221;][et_pb_column type=&#8221;1_2&#8243; _builder_version=&#8221;4.27.4&#8243; _module_preset=&#8221;default&#8221; global_colors_info=&#8221;{}&#8221;][et_pb_image src=&#8221;https:\/\/pjama.eu\/wp-content\/uploads\/Pjama_how_it_works.png&#8221; title_text=&#8221;Pjama_hvordan_det_virker&#8221; _builder_version=&#8221;4.27.4&#8243; _module_preset=&#8221;default&#8221; global_colors_info=&#8221;{}&#8221;][\/et_pb_image][\/et_pb_column][et_pb_column type=&#8221;1_2&#8243; _builder_version=&#8221;4.27.4&#8243; _module_preset=&#8221;default&#8221; global_colors_info=&#8221;{}&#8221;][et_pb_text ol_position_tablet=&#8221;&#8221; ol_position_phone=&#8221;outside&#8221; ol_position_last_edited=&#8221;on|phone&#8221; ol_item_indent_tablet=&#8221;&#8221; ol_item_indent_phone=&#8221;0px&#8221; ol_item_indent_last_edited=&#8221;on|phone&#8221; module_class=&#8221;custom_bullets_wpcc custom_bullets_wpcc&#8211;point&#8221; _builder_version=&#8221;4.27.4&#8243; header_3_text_color=&#8221;gcid-5eef58f4-760a-49fb-ad33-042d93415a96&#8243; custom_margin=&#8221;||-50px||false|false&#8221; custom_padding=&#8221;|5%|0px|5%|false|false&#8221; ul_font_size_tablet=&#8221;&#8221; ul_font_size_phone=&#8221;17px&#8221; ul_font_size_last_edited=&#8221;on|phone&#8221; ol_font_size_tablet=&#8221;&#8221; ol_font_size_phone=&#8221;17px&#8221; ol_font_size_last_edited=&#8221;on|phone&#8221; ol_line_height_tablet=&#8221;&#8221; ol_line_height_phone=&#8221;1.1em&#8221; ol_line_height_last_edited=&#8221;on|phone&#8221; global_colors_info=&#8221;{%22gcid-5eef58f4-760a-49fb-ad33-042d93415a96%22:%91%22header_3_text_color%22%93}&#8221;]<\/p>\n<h3>PRODUKTETS EGENSKABER:<\/h3>\n<ul>\n<li style=\"font-weight: 400\"><span style=\"font-weight: 400\">Diskret design &#8211; ser ud og f\u00f8les som almindeligt natt\u00f8j<\/span><\/li>\n<li style=\"font-weight: 400\"><span>Superabsorberende materiale i kritiske omr\u00e5der holder sengen t\u00f8r<\/span><\/li>\n<li style=\"font-weight: 400\"><span style=\"font-weight: 400\">Vandafvisende materiale i taljen og ved h\u00e5ndleddene\/kn\u00e6haserne<\/span><\/li>\n<li style=\"font-weight: 400\">Yderste vandt\u00e6tte, men \u00e5ndbare lag<\/li>\n<li style=\"font-weight: 400\">Bl\u00f8dt inderstof, sk\u00e5nsomt mod huden<\/li>\n<li style=\"font-weight: 400\">Kan maskinvaskes ved 60\u00b0C og t\u00e5ler t\u00f8rretumbler<\/li>\n<li style=\"font-weight: 400\">F\u00e5s til b\u00f8rn og voksne, i bukser og shorts<\/li>\n<li style=\"font-weight: 400\">Farve: Bl\u00e5 (Pjama Protect-serien)<\/li>\n<\/ul>\n<p>[\/et_pb_text][\/et_pb_column][\/et_pb_row][\/et_pb_section]<\/p>\n","protected":false},"excerpt":{"rendered":"<p>Diskrete, p\u00e5lidelige sengev\u00e6dningsbukser til beskyttelse mod sengev\u00e6dning NAT EFTER NAT Pjama Protect Pants &amp; Shorts er det originale absorberende natt\u00f8j &#8211; designet til at se ud og f\u00f8les som almindelige pyjamasbukser. De er diskrete og p\u00e5lidelige og holder sengen t\u00f8r hele natten uden behov for ekstra betr\u00e6k eller bleer. Med Pjama kan b\u00f8rn og voksne, [&hellip;]<\/p>\n","protected":false},"author":1,"featured_media":31346,"parent":0,"menu_order":0,"comment_status":"closed","ping_status":"closed","template":"","meta":{"_et_pb_use_builder":"on","_et_pb_old_content":"","_et_gb_content_width":"","footnotes":""},"class_list":["post-11681","page","type-page","status-publish","has-post-thumbnail","hentry"],"_links":{"self":[{"href":"https:\/\/pjama.eu\/da\/wp-json\/wp\/v2\/pages\/11681","targetHints":{"allow":["GET"]}}],"collection":[{"href":"https:\/\/pjama.eu\/da\/wp-json\/wp\/v2\/pages"}],"about":[{"href":"https:\/\/pjama.eu\/da\/wp-json\/wp\/v2\/types\/page"}],"author":[{"embeddable":true,"href":"https:\/\/pjama.eu\/da\/wp-json\/wp\/v2\/users\/1"}],"replies":[{"embeddable":true,"href":"https:\/\/pjama.eu\/da\/wp-json\/wp\/v2\/comments?post=11681"}],"version-history":[{"count":15,"href":"https:\/\/pjama.eu\/da\/wp-json\/wp\/v2\/pages\/11681\/revisions"}],"predecessor-version":[{"id":26921,"href":"https:\/\/pjama.eu\/da\/wp-json\/wp\/v2\/pages\/11681\/revisions\/26921"}],"wp:featuredmedia":[{"embeddable":true,"href":"https:\/\/pjama.eu\/da\/wp-json\/wp\/v2\/media\/31346"}],"wp:attachment":[{"href":"https:\/\/pjama.eu\/da\/wp-json\/wp\/v2\/media?parent=11681"}],"curies":[{"name":"wp","href":"https:\/\/api.w.org\/{rel}","templated":true}]}}