{"id":11685,"date":"2023-10-19T16:07:14","date_gmt":"2023-10-19T14:07:14","guid":{"rendered":"https:\/\/pjama.eu\/privacy-statement-eu\/"},"modified":"2025-11-28T14:17:44","modified_gmt":"2025-11-28T13:17:44","slug":"privacy-statement-eu","status":"publish","type":"page","link":"https:\/\/pjama.eu\/da\/privacy-statement-eu\/","title":{"rendered":"Privacy Statement (EU)"},"content":{"rendered":"[et_pb_section admin_label=&#8221;section&#8221;]\n\t\t\t[et_pb_row admin_label=&#8221;row&#8221;]\n\t\t\t\t[et_pb_column type=&#8221;4_4&#8243;][et_pb_text admin_label=&#8221;Text&#8221;]\n<!-- Legal document generated by Complianz | GDPR\/CCPA Cookie Consent https:\/\/wordpress.org\/plugins\/complianz-gdpr -->\n<div id=\"cmplz-document\" class=\"cmplz-document privacy-statement cmplz-document-eu\"><p><i>Denne fortrolighedserkl\u00e6ring blev sidst opdateret den 2. februar 2026 og g\u00e6lder for borgere og lovlige permanente beboere i Det Europ\u00e6iske \u00d8konomiske Samarbejdsomr\u00e5de og Schweiz.<\/i><br \/><br \/><\/p><p><p>I denne fortrolighedserkl\u00e6ring forklarer vi, hvad vi g\u00f8r med de data, vi f\u00e5r om dig via <a href=\"https:\/\/pjama.eu\/da\/\">https:\/\/pjama.eu\/da\/<\/a>. Vi anbefaler, at du l\u00e6ser denne erkl\u00e6ring omhyggeligt. I vores behandling overholder vi kravene i fortrolighedslovgivningen. Det betyder blandt andet, at:<\/p><ul>\n                <li>vi angiver klart, hvilke form\u00e5l vi behandler personoplysninger til. Vi g\u00f8r dette ved hj\u00e6lp af denne fortrolighedserkl\u00e6ring;<\/li>\n                <li>vi sigter mod at begr\u00e6nse vores indsamling af personlige data til kun de personlige data, der kr\u00e6ves til legitime form\u00e5l;<\/li>\n                <li>vi anmoder f\u00f8rst om dit udtrykkelige samtykke til at behandle dine personlige data i sager, der kr\u00e6ver dit samtykke;<\/li>\n                <li>vi tr\u00e6ffer passende sikkerhedsforanstaltninger for at beskytte dine personlige data og kr\u00e6ver ogs\u00e5 dette fra parter, der behandler personlige data p\u00e5 vores vegne;<\/li>\n                <li>vi respekterer din ret til at f\u00e5 adgang til dine personlige data eller f\u00e5 dem rettet eller slettet p\u00e5 din anmodning.<\/li>\n            <\/ul><p>Hvis du har sp\u00f8rgsm\u00e5l eller \u00f8nsker at vide n\u00f8jagtigt hvilke data vi opbevarer om dig, s\u00e5 kontakt os.<\/p><\/p><h2>1. Form\u00e5l, data og opbevaringsperiode<\/h2>Vi kan indsamle eller modtage personlige oplysninger til en r\u00e6kke form\u00e5l i forbindelse med vores forretningsaktiviteter, som kan omfatte f\u00f8lgende: (klik for at udvide)<details class=\"cmplz-dropdown dropdown-privacy-statement\"><summary><div><h3>1.1 Kontakt &#8211; Via telefon, brev, e-mail og\/eller webformularer<\/h3><\/div><\/summary><p class=\"cmplz-subtitle\">Til dette form\u00e5l bruger vi f\u00f8lgende data:<\/p><p><ul><li>Et for- og efternavn<\/li><li>En emailadresse<\/li><li>IP adresse<\/li><li>Et telefonnummer<\/li><\/ul><\/p><p class=\"cmplz-subtitle\">Det grundlag, vi kan behandle disse data p\u00e5, er:<\/p><p><a target=\"_blank\" rel=\"noopener noreferrer nofollow\" href=\"https:\/\/cookiedatabase.org\/legal-bases\/#obligation\">Til opfyldelse af en lovm\u00e6ssig eller reguleringsm\u00e6ssig forpligtelse.<\/a><\/p><p class=\"cmplz-subtitle\">Opbevaringsperiode<\/p><p>Vi opbevarer disse data ved oph\u00f8r af tjenesten i det f\u00f8lgende antal m\u00e5neder: Warranty period and an additional 3 months<\/p><\/details><details class=\"cmplz-dropdown dropdown-privacy-statement\"><summary><div><h3>1.2 Betalinger<\/h3><\/div><\/summary><p class=\"cmplz-subtitle\">Til dette form\u00e5l bruger vi f\u00f8lgende data:<\/p><p><ul><li>Et for- og efternavn<\/li><li>En emailadresse<\/li><li>En adresse, der inkluderer vejnavn, postnummer og by<\/li><li>IP adresse<\/li><li>Et telefonnummer<\/li><\/ul><\/p><p class=\"cmplz-subtitle\">Det grundlag, vi kan behandle disse data p\u00e5, er:<\/p><p><a target=\"_blank\" rel=\"noopener noreferrer nofollow\" href=\"https:\/\/cookiedatabase.org\/legal-bases\/#obligation\">Til opfyldelse af en lovm\u00e6ssig eller reguleringsm\u00e6ssig forpligtelse.<\/a><\/p><p class=\"cmplz-subtitle\">Opbevaringsperiode<\/p><p>Vi opbevarer disse data ved oph\u00f8r af tjenesten i det f\u00f8lgende antal m\u00e5neder: Warranty period and an additional 3 months<\/p><\/details><details class=\"cmplz-dropdown dropdown-privacy-statement\"><summary><div><h3>1.3 At underst\u00f8tte tjenester eller produkter, som en kunde \u00f8nsker at k\u00f8be eller har k\u00f8bt<\/h3><\/div><\/summary><p class=\"cmplz-subtitle\">Til dette form\u00e5l bruger vi f\u00f8lgende data:<\/p><p><ul><li>Et for- og efternavn<\/li><li>En adresse, der inkluderer vejnavn, postnummer og by<\/li><li>En emailadresse<\/li><li>Et telefonnummer<\/li><li>IP adresse<\/li><\/ul><\/p><p class=\"cmplz-subtitle\">Det grundlag, vi kan behandle disse data p\u00e5, er:<\/p><p><a target=\"_blank\" rel=\"noopener noreferrer nofollow\" href=\"https:\/\/cookiedatabase.org\/legal-bases\/#agreement\">Det er n\u00f8dvendigt for at gennemf\u00f8re en kontrakt eller indledende procedurer i forbindelse med en kontrakt, som den registrerede er part i<\/a><\/p><p class=\"cmplz-subtitle\">Opbevaringsperiode<\/p><p>Vi opbevarer disse data ved oph\u00f8r af tjenesten i det f\u00f8lgende antal m\u00e5neder: Warranty period and an additional 3 months<\/p><\/details><details class=\"cmplz-dropdown dropdown-privacy-statement\"><summary><div><h3>1.4 At v\u00e6re i stand til at overholde juridiske forpligtelser<\/h3><\/div><\/summary><p class=\"cmplz-subtitle\">Til dette form\u00e5l bruger vi f\u00f8lgende data:<\/p><p><ul><li>Et for- og efternavn<\/li><li>En adresse, der inkluderer vejnavn, postnummer og by<\/li><li>En emailadresse<\/li><li>Et telefonnummer<\/li><li>IP adresse<\/li><\/ul><\/p><p class=\"cmplz-subtitle\">Det grundlag, vi kan behandle disse data p\u00e5, er:<\/p><p><a target=\"_blank\" rel=\"noopener noreferrer nofollow\" href=\"https:\/\/cookiedatabase.org\/legal-bases\/#obligation\">Til opfyldelse af en lovm\u00e6ssig eller reguleringsm\u00e6ssig forpligtelse.<\/a><\/p><p class=\"cmplz-subtitle\">Opbevaringsperiode<\/p><p>Vi opbevarer disse data ved oph\u00f8r af tjenesten i det f\u00f8lgende antal m\u00e5neder: Warranty period and an additional 3 months<\/p><\/details><details class=\"cmplz-dropdown dropdown-privacy-statement\"><summary><div><h3>1.5 Udarbejdelse og analyse af statistikker til forbedring af websteder.<\/h3><\/div><\/summary><p class=\"cmplz-subtitle\">Til dette form\u00e5l bruger vi f\u00f8lgende data:<\/p><p><ul><li>IP adresse<\/li><li>Internetaktivitetsinformation, herunder, men ikke begr\u00e6nset til, browserhistorik, s\u00f8gehistorik og oplysninger om forbrugerens interaktion med et internetwebsted, applikation eller reklame<\/li><li>K\u00f8n<\/li><\/ul><\/p><p class=\"cmplz-subtitle\">Det grundlag, vi kan behandle disse data p\u00e5, er:<\/p><p><a target=\"_blank\" rel=\"noopener noreferrer nofollow\" href=\"https:\/\/cookiedatabase.org\/legal-bases\/#consent\">Efter at der er givet samtykke.<\/a><\/p><p class=\"cmplz-subtitle\">Opbevaringsperiode<\/p><p>Vi opbevarer disse data ved oph\u00f8r af tjenesten i det f\u00f8lgende antal m\u00e5neder: Warranty period and an additional 3 months<\/p><\/details><details class=\"cmplz-dropdown dropdown-privacy-statement\"><summary><div><h3>1.6 Leverancer<\/h3><\/div><\/summary><p class=\"cmplz-subtitle\">Til dette form\u00e5l bruger vi f\u00f8lgende data:<\/p><p><ul><li>Et for- og efternavn<\/li><li>En adresse, der inkluderer vejnavn, postnummer og by<\/li><li>En emailadresse<\/li><li>Et telefonnummer<\/li><li>IP adresse<\/li><\/ul><\/p><p class=\"cmplz-subtitle\">Det grundlag, vi kan behandle disse data p\u00e5, er:<\/p><p><a target=\"_blank\" rel=\"noopener noreferrer nofollow\" href=\"https:\/\/cookiedatabase.org\/legal-bases\/#agreement\">Det er n\u00f8dvendigt for at gennemf\u00f8re en kontrakt eller indledende procedurer i forbindelse med en kontrakt, som den registrerede er part i<\/a><\/p><p class=\"cmplz-subtitle\">Opbevaringsperiode<\/p><p>Vi opbevarer disse data ved oph\u00f8r af tjenesten i det f\u00f8lgende antal m\u00e5neder: 12 months<\/p><\/details><h2>2. Deling med andre parter<\/h2><p>Vi deler eller videregiver kun disse data til Databehandlere til f\u00f8lgende form\u00e5l:<\/p><p class=\"cmplz-subtitle\">Databehandlere<\/p><p><b>Navn:<\/b>&nbsp;Google<br \/>\n            <b>Land:<\/b>&nbsp;USA<br \/>\n            <b>Form\u00e5l:<\/b>&nbsp;Google analytics Information<br \/>\n            <b>Navn:<\/b>&nbsp;Stripe Payments Europe Ltd<br \/>\n            <b>Land:<\/b>&nbsp;Ireland<br \/>\n            <b>Form\u00e5l:<\/b>&nbsp;Processing online payments and fraud prevention<br \/>\n            <b>Navn:<\/b>&nbsp;Schenker \/ PostNord \/ DHL \/ UPS<br \/>\n            <b>Land:<\/b>&nbsp;<br \/>\n            <b>Form\u00e5l:<\/b>&nbsp;Shipping and delivery<br \/>\n            <\/p><h2>3. Cookies<\/h2><p>Vores websted bruger cookies. For mere information om cookies henvises til vores <a href=\"https:\/\/pjama.eu\/da\/cookie-policy-eu\/\">Cookie politik<\/a>.&nbsp;<\/p><h2>4. Offentligg\u00f8relsespraksis<\/h2><p><p>Vi videregiver personlige oplysninger, hvis vi er forpligtet af loven eller af en retskendelse, som svar p\u00e5 en retsh\u00e5ndh\u00e6vende myndighed, i det omfang det er tilladt i henhold til andre lovbestemmelser, til at give oplysninger eller til en unders\u00f8gelse af et sp\u00f8rgsm\u00e5l relateret til den offentlige sikkerhed.<\/p><p>Hvis vores hjemmeside eller organisation bliver overtaget, solgt eller involveret i en fusion eller et opk\u00f8b, kan dine oplysninger blive videregivet til vores r\u00e5dgivere og eventuelle potentielle k\u00f8bere og vil blive videregivet til de nye ejere.<\/p><\/p><p>Vi har indg\u00e5et en databehandlingsaftale med Google.<\/p><p>Google m\u00e5 ikke bruge dataene til andre Google-tjenester.<\/p><p>Inkluderingen af \u200b\u200bfulde IP-adresser er blokeret af os.<\/p><h2>5. Sikkerhed<\/h2><p>Vi er forpligtet til sikkerheden af \u200b\u200bpersonlige data. Vi tr\u00e6ffer passende sikkerhedsforanstaltninger for at begr\u00e6nse misbrug af og uautoriseret adgang til personlige data. Dette sikrer, at kun de n\u00f8dvendige personer har adgang til dine data, at adgangen til dataene er beskyttet, og at vores sikkerhedsforanstaltninger regelm\u00e6ssigt gennemg\u00e5s.<\/p><h2>6. Tredjepartswebsteder<\/h2><p>Denne erkl\u00e6ring om beskyttelse af personlige oplysninger g\u00e6lder ikke for tredjepartswebsteder, der er forbundet via links p\u00e5 vores websted. Vi kan ikke garantere, at disse tredjeparter h\u00e5ndterer dine personlige oplysninger p\u00e5 en p\u00e5lidelig eller sikker m\u00e5de. Vi anbefaler, at du l\u00e6ser disse hjemmesiders fortrolighedserkl\u00e6ringer, f\u00f8r du benytter disse hjemmesider.<\/p><h2>7. Tilf\u00f8j til denne privatlivspolitik<\/h2><p>Vi forbeholder os retten til at foretage \u00e6ndringer i denne erkl\u00e6ring om beskyttelse af personlige oplysninger. Det anbefales, at du regelm\u00e6ssigt konsulterer denne fortrolighedserkl\u00e6ring for at v\u00e6re opm\u00e6rksom p\u00e5 \u00e6ndringer. Derudover vil vi aktivt informere dig, hvor det er muligt.<\/p><h2>8. Har adgang til og \u00e6ndrer dine data<\/h2><p>Hvis du har sp\u00f8rgsm\u00e5l eller \u00f8nsker at vide, hvilke personlige data vi har om dig, s\u00e5 kontakt os. Du kan kontakte os ved hj\u00e6lp af nedenst\u00e5ende oplysninger. Du har f\u00f8lgende rettigheder:<\/p><ul>\n                <li>Du har ret til at vide, hvorfor dine personlige data er n\u00f8dvendige, hvad der vil ske med dem, og hvor l\u00e6nge de bliver opbevaret.<\/li>\n                <li>Ret til adgang: Du har ret til at f\u00e5 adgang til dine personlige data, der er kendt af os.<\/li>\n                <li>Ret til rettelse: du har ret til at supplere, rette, slette eller blokere dine personlige data, n\u00e5r du \u00f8nsker det.<\/li>\n                <li>Hvis du giver os dit samtykke til at behandle dine data, har du ret til at tilbagekalde dette samtykke og til at slette dine personlige data.<\/li>\n                <li>Ret til at overf\u00f8re dine data: Du har ret til at anmode om alle dine personlige data fra den Behandlingsansvarlige og overf\u00f8re dem i sin helhed til en anden Behandlingsansvarlig.<\/li>\n                <li>Ret til indsigelse: du kan g\u00f8re indsigelse mod behandlingen af \u200b\u200bdine data. Vi efterkommer dette, medmindre der er berettigede grunde til behandling.<\/li>\n            <\/ul><p>S\u00f8rg for altid at angive, hvem du er, s\u00e5 vi kan v\u00e6re sikre p\u00e5, at vi ikke \u00e6ndrer eller sletter data p\u00e5 den forkerte person.<\/p><h2>9. Indsendelse af en klage<\/h2><p>Hvis du ikke er tilfreds med den m\u00e5de, hvorp\u00e5 vi h\u00e5ndterer (en klage over) behandlingen af \u200b\u200bdine personoplysninger, har du ret til at indsende en klage til Datatilsynet.<\/p><h2>10. Kontaktdetaljer<\/h2><p>Pjama AB<br \/>\n        Box 5, 274 21 Skurup, Sweden<br \/>\n        Sverige<br \/>\n        Internet side: <a href=\"https:\/\/pjama.eu\/da\/\">https:\/\/pjama.eu\/da\/<\/a> <br \/>\n        Email: <span class=\"cmplz-obfuscate\">&#115;up&#112;ort@<span class=\"cmplz-fmail-domain\">&#101;x.co&#109;<\/span>&#112;j&#097;ma.se<\/span> <br \/>\n        Telefonnummer: +46736462899<\/p><h2>11. Anmodninger om data<\/h2><p>For de hyppigst indsendte anmodninger tilbyder vi dig ogs\u00e5 muligheden for at bruge vores formular til anmodning om data<br \/>\t\t\t<div class=\"cmplz-datarequest cmplz-alert\">\n\t\t\t\t<span class=\"cmplz-close\">&times;<\/span>\n\t\t\t\t<span id=\"cmplz-message\"><\/span>\n\t\t\t<\/div>\n\t\t\t<form id=\"cmplz-datarequest-form\">\n\t\t\t\t<input type=\"hidden\" required value=\"eu\" name=\"cmplz_datarequest_region\" id=\"cmplz_datarequest_region\" >\n\n\t\t\t\t<label for=\"cmplz_datarequest_firstname\" class=\"cmplz-first-name\">Navn\t\t\t\t\t<input type=\"search\" class=\"datarequest-firstname\" value=\"\" placeholder=\"your first name\" id=\"cmplz_datarequest_firstname\" name=\"cmplz_datarequest_firstname\" >\n\t\t\t\t<\/label>\n\t\t\t\t<div>\n\t\t\t\t\t<label for=\"cmplz_datarequest_name\">Navn<\/label>\n\t\t\t\t\t<input type=\"text\" required value=\"\" placeholder=\"Dit navn\" id=\"cmplz_datarequest_name\" name=\"cmplz_datarequest_name\">\n\t\t\t\t<\/div>\n\t\t\t\t<div>\n\t\t\t\t\t<label for=\"cmplz_datarequest_email\">E-mail<\/label>\n\t\t\t\t\t<input type=\"email\" required value=\"\" placeholder=\"email@email.com\" id=\"cmplz_datarequest_email\" name=\"cmplz_datarequest_email\">\n\t\t\t\t<\/div>\n\t\t\t\t\t\t\t\t\t\t<div class=\"cmplz_datarequest cmplz_datarequest_request_for_access\">\n\t\t\t\t\t\t\t<label for=\"cmplz_datarequest_request_for_access\">\n\t\t\t\t\t\t\t\t<input type=\"checkbox\" value=\"1\" name=\"cmplz_datarequest_request_for_access\" id=\"cmplz_datarequest_request_for_access\"\/>\n\t\t\t\t\t\t\t\tIndsend en anmodning om adgang til de data, vi behandler om dig.\t\t\t\t\t\t\t<\/label>\n\t\t\t\t\t\t<\/div>\n\t\t\t\t\t\t\t\t\t\t<div class=\"cmplz_datarequest cmplz_datarequest_right_to_be_forgotten\">\n\t\t\t\t\t\t\t<label for=\"cmplz_datarequest_right_to_be_forgotten\">\n\t\t\t\t\t\t\t\t<input type=\"checkbox\" value=\"1\" name=\"cmplz_datarequest_right_to_be_forgotten\" id=\"cmplz_datarequest_right_to_be_forgotten\"\/>\n\t\t\t\t\t\t\t\tIndsend en anmodning om sletning af data, hvis de ikke l\u00e6ngere er relevante.\t\t\t\t\t\t\t<\/label>\n\t\t\t\t\t\t<\/div>\n\t\t\t\t\t\t\t\t\t\t<div class=\"cmplz_datarequest cmplz_datarequest_right_to_data_portability\">\n\t\t\t\t\t\t\t<label for=\"cmplz_datarequest_right_to_data_portability\">\n\t\t\t\t\t\t\t\t<input type=\"checkbox\" value=\"1\" name=\"cmplz_datarequest_right_to_data_portability\" id=\"cmplz_datarequest_right_to_data_portability\"\/>\n\t\t\t\t\t\t\t\tIndsend en anmodning om at modtage en eksportfil af de data, vi behandler om dig.\t\t\t\t\t\t\t<\/label>\n\t\t\t\t\t\t<\/div>\n\t\t\t\t\t\t\t\t<input type=\"button\" id=\"cmplz-datarequest-submit\"  value=\"Send\">\n\t\t\t<\/form>\n\n\t\t\t<style>\n\t\t\t\t\/* first-name is honeypot *\/\n\t\t\t\t.cmplz-first-name {\n\t\t\t\t\tposition: absolute !important;\n\t\t\t\t\tleft: -5000px !important;\n\t\t\t\t}\n\t\t\t<\/style>\n\t\t\t<\/p><h2>Bilag<\/h2><p><h2>WPML Multilingual &amp; Multicurrency for WooCommerce<\/h2><p>WPML Multilingual &amp; Multicurrency for WooCommerce will use cookies to understand the basket info when using languages in domains and to transfer data between the domains.<\/p><p>WPML Multilingual &amp; Multicurrency for WooCommerce will also use cookies to identify the language and currency of each customer\u2019s order as well as the currency of the reports created by WooCommerce. WPML Multilingual &amp; Multicurrency for WooCommerce extends these reports by adding the currency\u2019s information.<\/p><h2>WPML Multilingual &amp; Multicurrency for WooCommerce<\/h2><p>WPML Multilingual &amp; Multicurrency for WooCommerce will use cookies to understand the basket info when using languages in domains and to transfer data between the domains.<\/p><p>WPML Multilingual &amp; Multicurrency for WooCommerce will also use cookies to identify the language and currency of each customer\u2019s order as well as the currency of the reports created by WooCommerce. WPML Multilingual &amp; Multicurrency for WooCommerce extends these reports by adding the currency\u2019s information.<\/p><\/p><\/div>[\/et_pb_text][\/et_pb_column]\n\t\t\t[\/et_pb_row]\n\t\t[\/et_pb_section]","protected":false},"excerpt":{"rendered":"","protected":false},"author":6,"featured_media":0,"parent":0,"menu_order":0,"comment_status":"closed","ping_status":"closed","template":"","meta":{"_et_pb_use_builder":"on","_et_pb_old_content":"<!-- wp:complianz\/document {\"title\":\"Privacy Statement (EU)\",\"selectedDocument\":\"privacy-statement\"} \/-->","_et_gb_content_width":"","footnotes":""},"class_list":["post-11685","page","type-page","status-publish","hentry"],"_links":{"self":[{"href":"https:\/\/pjama.eu\/da\/wp-json\/wp\/v2\/pages\/11685","targetHints":{"allow":["GET"]}}],"collection":[{"href":"https:\/\/pjama.eu\/da\/wp-json\/wp\/v2\/pages"}],"about":[{"href":"https:\/\/pjama.eu\/da\/wp-json\/wp\/v2\/types\/page"}],"author":[{"embeddable":true,"href":"https:\/\/pjama.eu\/da\/wp-json\/wp\/v2\/users\/6"}],"replies":[{"embeddable":true,"href":"https:\/\/pjama.eu\/da\/wp-json\/wp\/v2\/comments?post=11685"}],"version-history":[{"count":3,"href":"https:\/\/pjama.eu\/da\/wp-json\/wp\/v2\/pages\/11685\/revisions"}],"predecessor-version":[{"id":28741,"href":"https:\/\/pjama.eu\/da\/wp-json\/wp\/v2\/pages\/11685\/revisions\/28741"}],"wp:attachment":[{"href":"https:\/\/pjama.eu\/da\/wp-json\/wp\/v2\/media?parent=11685"}],"curies":[{"name":"wp","href":"https:\/\/api.w.org\/{rel}","templated":true}]}}