{"id":11688,"date":"2020-07-03T13:45:14","date_gmt":"2020-07-03T11:45:14","guid":{"rendered":"https:\/\/pjama.eu\/privacy-notice\/"},"modified":"2025-10-27T16:24:58","modified_gmt":"2025-10-27T15:24:58","slug":"privacy-notice","status":"publish","type":"page","link":"https:\/\/pjama.eu\/da\/privacy-notice\/","title":{"rendered":"Meddelelse om beskyttelse af personlige oplysninger"},"content":{"rendered":"<p>[et_pb_section fb_built=&#8221;1&#8243; custom_padding_last_edited=&#8221;on|phone&#8221; _builder_version=&#8221;4.16&#8243; background_color=&#8221;#1f448b&#8221; background_enable_image=&#8221;off&#8221; background_position=&#8221;top_right&#8221; custom_padding=&#8221;100px||49px||false|false&#8221; custom_padding_tablet=&#8221;90px||0px||false|false&#8221; custom_padding_phone=&#8221;40px||0px||false|false&#8221; top_divider_color=&#8221;#61a2df&#8221; top_divider_height=&#8221;500px&#8221; bottom_divider_style=&#8221;asymmetric&#8221; bottom_divider_color=&#8221;#ffffff&#8221; bottom_divider_flip=&#8221;horizontal&#8221; collapsed=&#8221;off&#8221; global_colors_info=&#8221;{}&#8221;][et_pb_row _builder_version=&#8221;4.16&#8243; custom_margin=&#8221;|auto|60px|auto||&#8221; global_colors_info=&#8221;{}&#8221;][et_pb_column type=&#8221;4_4&#8243; _builder_version=&#8221;4.16&#8243; global_colors_info=&#8221;{}&#8221;][et_pb_text _builder_version=&#8221;4.16&#8243; text_orientation=&#8221;right&#8221; background_layout=&#8221;dark&#8221; global_colors_info=&#8221;{}&#8221;]<\/p>\n<h1 class=\"hero\">Meddelelse om beskyttelse af personlige oplysninger<\/h1>\n<p>[\/et_pb_text][\/et_pb_column][\/et_pb_row][\/et_pb_section][et_pb_section fb_built=&#8221;1&#8243; _builder_version=&#8221;4.16&#8243; background_color=&#8221;rgba(255,255,255,0)&#8221; custom_margin_tablet=&#8221;-60px||||false|false&#8221; custom_margin_phone=&#8221;&#8221; custom_margin_last_edited=&#8221;on|phone&#8221; collapsed=&#8221;off&#8221; global_colors_info=&#8221;{}&#8221;][et_pb_row custom_padding_last_edited=&#8221;on|desktop&#8221; _builder_version=&#8221;4.16&#8243; background_size=&#8221;initial&#8221; background_position=&#8221;top_left&#8221; background_repeat=&#8221;repeat&#8221; width=&#8221;65%&#8221; width_tablet=&#8221;80%&#8221; width_phone=&#8221;90%&#8221; width_last_edited=&#8221;on|desktop&#8221; custom_padding=&#8221;||60px|||&#8221; custom_padding_tablet=&#8221;||0px||false|false&#8221; custom_padding_phone=&#8221;&#8221; global_colors_info=&#8221;{}&#8221;][et_pb_column type=&#8221;4_4&#8243; _builder_version=&#8221;4.16&#8243; custom_padding=&#8221;|||&#8221; global_colors_info=&#8221;{}&#8221; custom_padding__hover=&#8221;|||&#8221;][et_pb_text _builder_version=&#8221;4.16&#8243; global_colors_info=&#8221;{}&#8221;]<\/p>\n<h2>MEDDELELSE OM BESKYTTELSE AF PERSONLIGE OPLYSNINGER<\/h2>\n<p>Databeskyttelse er af stor betydning for Pjama, og vi \u00f8nsker at v\u00e6re \u00e5bne og gennemsigtige med vores behandling af dine personlige data.<br \/> Vi har derfor en politik, der beskriver, hvordan dine personoplysninger behandles og beskyttes.<br \/> Hvem er dataansvarlig for dine personoplysninger?<br \/> Den svenske virksomhed, Pjama AB (&#8220;PJAMA&#8221;), med virksomhedsregistreringsnummer: 556814-0759, og adresse: Stortorget 13A, 211 22 MALM\u00d6, Sverige,<br \/> er dataansvarlig for de personoplysninger, du sender til os, og ansvarlig for dine personoplysninger i henhold til g\u00e6ldende databeskyttelseslovgivning.<\/p>\n<h2>Hvilke persondata og hvorfor?<\/h2>\n<p>Den type personoplysninger, som vi typisk vil behandle, er kontaktoplysninger s\u00e5som navne, adresser, e-mailadresser, telefonnumre og andre online-identifikatorer, men ogs\u00e5, n\u00e5r det er relevant, oplysninger om og indholdet af potentielle ordrer, returneringer, klager og feedback vedr\u00f8rende vores produkter og tjenester. Vi vil ogs\u00e5 behandle personoplysninger, der videresendes og overdrages til Pjama p\u00e5 grundlag af separate kontrakter. <\/p>\n<h2>Samtykke<\/h2>\n<p>Ved at indsende personoplysningerne til Pjama accepterer og giver du samtykke til, at Pjama behandler, overf\u00f8rer, deler og opbevarer de p\u00e5g\u00e6ldende oplysninger i henhold til de form\u00e5l, der er beskrevet i denne meddelelse om beskyttelse af personlige oplysninger.<\/p>\n<h2>Hvor gemmer vi dine data?<\/h2>\n<p><span style=\"font-weight: 400\"><\/span><\/p>\n<p style=\"font-weight: 400\">De data, vi indsamler fra dig, opbevares inden for Det Europ\u00e6iske \u00d8konomiske Samarbejdsomr\u00e5de (&#8220;E\u00d8S&#8221;), men kan ogs\u00e5 overf\u00f8res til og behandles i et land uden for E\u00d8S. Enhver s\u00e5dan overf\u00f8rsel af dine personlige data vil blive udf\u00f8rt i overensstemmelse med g\u00e6ldende love. <\/p>\n<p><span style=\"font-weight: 400\">For overf\u00f8rsler uden for E\u00d8S vil Pjama bruge standardkontraktbestemmelser <\/span><span style=\"font-weight: 400\">som sikkerhedsforanstaltninger for lande uden beslutninger om tilstr\u00e6kkelighed fra Europa-Kommissionen.<\/span><\/p>\n<h2>Hvem kan f\u00e5 adgang til dine data?<\/h2>\n<p>Dine data kan blive delt med eksterne forskere, videnskabsfolk, forskningsinstitutioner, universiteter og tjenesteudbydere og\/eller forretningspartnere.<br \/>  Vi kan ogs\u00e5 videregive personlige oplysninger, hvis det kr\u00e6ves ved lov, retskendelse eller med henblik p\u00e5 forebyggelse af svindel eller anden kriminalitet, eller hvis vi mener, at en s\u00e5dan handling er n\u00f8dvendig for at beskytte og forsvare rettighederne, ejendommen eller den personlige sikkerhed for Pjama, Pjama-webstedet eller dets bes\u00f8gende.<br \/>  Vi videregiver, s\u00e6lger eller bytter aldrig dine data til markedsf\u00f8ringsform\u00e5l til tredjeparter. Data, der videresendes til tredjeparter, bruges kun til forskningsform\u00e5l og\/eller for at kunne levere vores produkter og tjenester til dig. Til at blive slettet: Du finder kategorier af tredjeparter under hver specifik proces nedenfor.  <\/p>\n<h2>Hvad er det juridiske grundlag for behandlingen?<\/h2>\n<p>Personoplysningerne vil hovedsageligt blive behandlet baseret p\u00e5 en af f\u00f8lgende lovlige grunde:<br \/>  &#8211; Samtykke<br \/> &#8211; Opfyldelse af en kontrakt<br \/> &#8211; N\u00f8dvendigt for at overholde juridiske forpligtelser<br \/> &#8211; Behandlingen er n\u00f8dvendig af hensyn til de legitime interesser, som Pjama forf\u00f8lger<br \/> De personoplysninger, der indsamles fra dig, kan ogs\u00e5 bruges til at forbedre, lette og \u00f8ge de produkter og tjenester, der leveres af Pjama.<br \/>  For hver specifik behandling af personoplysninger, vi indsamler fra dig, vil vi dog informere dig om, hvorvidt levering af personoplysninger er lovpligtig eller p\u00e5kr\u00e6vet for at indg\u00e5 en kontrakt, og om det er en forpligtelse at levere personoplysningerne og mulige konsekvenser, hvis du v\u00e6lger ikke at g\u00f8re det.<\/p>\n<h2>Hvad er dine rettigheder?<\/h2>\n<p>Ret til adgang:<br \/> Du har til enhver tid ret til at anmode om oplysninger om de personoplysninger, vi har om dig. Kontakt venligst: marketing@pjama.se og vi vil give dig dine personlige data via e-mail.<br \/> Ret til portabilitet:<br \/> N\u00e5r Pjama behandler dine personlige data ved hj\u00e6lp af automatiserede midler baseret p\u00e5 dit samtykke eller baseret p\u00e5 en aftale, har du ret til at f\u00e5 en kopi af dine data overf\u00f8rt til dig eller til en anden part. Dette omfatter kun de personoplysninger, du har indsendt til os.  <br \/>  Ret til berigtigelse:<br \/> Du har ret til at anmode om berigtigelse af dine personoplysninger, hvis oplysningerne er forkerte, herunder ret til at f\u00e5 ufuldst\u00e6ndige personoplysninger suppleret.<br \/>  Ret til sletning:<br \/>  Du har til enhver tid ret til at slette alle personoplysninger, der behandles af Pjama, undtagen i f\u00f8lgende situationer:<br \/>  *du har en igangv\u00e6rende sag med kundeservice<br \/>  *Du har en \u00e5ben ordre, som endnu ikke er afsendt eller delvist afsendt.<br \/>  *du har en uafviklet g\u00e6ld hos os, uanset betalingsmetode<br \/>  *hvis du er mist\u00e6nkt for eller har misbrugt vores tjenester inden for de sidste fire \u00e5r<br \/>  *Din g\u00e6ld er blevet solgt til en tredjepart inden for de sidste tre \u00e5r eller et \u00e5r for afd\u00f8de kunder.<br \/>  *din kreditans\u00f8gning er blevet afvist inden for de sidste tre m\u00e5neder<br \/> *hvis du har foretaget et k\u00f8b, vil vi opbevare dine personoplysninger i forbindelse med din transaktion til bogf\u00f8ringsform\u00e5l<br \/> *n\u00e5r du har videresendt og tildelt personoplysningerne baseret p\u00e5 en separat kontrakt<br \/> Din ret til at g\u00f8re indsigelse mod behandling baseret p\u00e5 legitim interesse:<br \/> Du har ret til at g\u00f8re indsigelse mod behandling af dine personoplysninger, der er baseret p\u00e5 Pjamas legitime interesse. Pjama vil ikke forts\u00e6tte med at behandle personoplysningerne, medmindre vi kan p\u00e5vise legitime grunde til processen, som tilsides\u00e6tter dine interesser og rettigheder eller p\u00e5 grund af juridiske krav. <br \/>  Din ret til at g\u00f8re indsigelse mod direkte markedsf\u00f8ring:<br \/> Du har ret til at g\u00f8re indsigelse mod direkte markedsf\u00f8ring, herunder profilanalyse, der foretages til direkte markedsf\u00f8ringsform\u00e5l.<br \/>  Du kan frav\u00e6lge direkte markedsf\u00f8ring ved at f\u00f8lge instruktionerne i hver markedsf\u00f8ringsmail.<br \/>  Ret til begr\u00e6nsning:<br \/> Du har ret til at anmode om, at Pjama begr\u00e6nser behandlingen af dine personoplysninger under f\u00f8lgende omst\u00e6ndigheder:<br \/> * Hvis du g\u00f8r indsigelse mod en behandling baseret p\u00e5 PJAMA&#8217;s legitime interesse, skal PJAMA begr\u00e6nse al behandling af s\u00e5danne data, indtil den legitime interesse er verificeret.<br \/>  * Hvis du har h\u00e6vdet, at dine personoplysninger er ukorrekte, skal Pjama begr\u00e6nse al behandling af s\u00e5danne oplysninger, indtil n\u00f8jagtigheden af personoplysningerne er blevet verificeret.<br \/>  * Hvis behandlingen er ulovlig, kan du mods\u00e6tte dig sletning af persondata og i stedet anmode om begr\u00e6nsning af brugen af dine persondata.<br \/>  * hvis Pjama ikke l\u00e6ngere har brug for personoplysningerne, men de kr\u00e6ves af dig for at forsvare juridiske krav.<\/p>\n<h2>Hvordan kan du ud\u00f8ve dine rettigheder?<\/h2>\n<p>Vi tager databeskyttelse meget alvorligt, og du kan sende dine anmodninger i forbindelse med dine rettigheder n\u00e6vnt ovenfor til: marekting@pjama.se<br \/> Der kan v\u00e6re betingelser eller begr\u00e6nsninger for dine rettigheder. Det er derfor ikke sikkert, at du f.eks. har ret til dataportabilitet i det konkrete tilf\u00e6lde &#8211; det afh\u00e6nger af de specifikke omst\u00e6ndigheder ved behandlingsaktiviteten. <\/p>\n<h2>Politik for opbevaring<\/h2>\n<p>Pjama opbevarer kun de personoplysninger, der er indsamlet fra dig, i den tid, der er n\u00f8dvendig for at opfylde de(t) form\u00e5l, som de blev indsamlet til, eller for at opfylde eventuelle juridiske forpligtelser, der kan p\u00e5virke opbevaringstiden.<br \/>  N\u00e5r opbevaringstiden er udl\u00f8bet, slettes de personoplysninger, der er indsamlet fra dig.<br \/>  Personoplysninger, der er blevet videresendt og overdraget til Pjama i henhold til en separat kontrakt, er udelukket fra denne opbevaringspolitik.<\/p>\n<h2>Ansvarsfraskrivelse:<\/h2>\n<p>Overf\u00f8rsel af oplysninger via internettet er ikke helt sikker. Pjama kan ikke garantere sikkerheden af dine personlige data, der overf\u00f8res via vores hjemmeside, mobilapplikation eller ved brug af andre midler. Enhver overf\u00f8rsel af personoplysninger sker p\u00e5 din egen risiko. Du anerkender og accepterer, at Pjama ikke er ansvarlig for omg\u00e5else af eventuelle privatlivsindstillinger eller sikkerhedsforanstaltninger indeholdt i vores hjemmeside, mobilapplikationen eller nogen leveret tjeneste.   <\/p>\n<h2>Databeskyttelsesansvarlig:<\/h2>\n<p>Vi har udpeget en databeskyttelsesansvarlig for at sikre, at vi l\u00f8bende behandler dine personoplysninger p\u00e5 en \u00e5ben, n\u00f8jagtig og lovlig m\u00e5de. Du kan kontakte vores databeskyttelsesr\u00e5dgiver p\u00e5: marketing@pjama.se <\/p>\n<h2>Ret til at klage til en tilsynsmyndighed:<\/h2>\n<p>Hvis du har en klage over Pjama AB&#8217;s behandling af dine personoplysninger, har du ret til at indberette en s\u00e5dan utilfredshed til Datainspektionen, som er tilsynsmyndighed for Pjama AB&#8217;s behandling af personoplysninger. Du finder mere information p\u00e5 www.datainspektionen.se <\/p>\n<h2>Opdateringer til vores fortrolighedserkl\u00e6ring:<\/h2>\n<p>Vi kan blive n\u00f8dt til at opdatere vores meddelelse om beskyttelse af personlige oplysninger. Den seneste version af meddelelsen om beskyttelse af personlige oplysninger er altid tilg\u00e6ngelig p\u00e5 vores hjemmeside. Denne fortrolighedserkl\u00e6ring blev sidst opdateret den 1. juli 2020.  <\/p>\n<p>[\/et_pb_text][\/et_pb_column][\/et_pb_row][\/et_pb_section]<\/p>\n","protected":false},"excerpt":{"rendered":"<p>Meddelelse om beskyttelse af personlige oplysningerMEDDELELSE OM BESKYTTELSE AF PERSONLIGE OPLYSNINGER Databeskyttelse er af stor betydning for Pjama, og vi \u00f8nsker at v\u00e6re \u00e5bne og gennemsigtige med vores behandling af dine personlige data. Vi har derfor en politik, der beskriver, hvordan dine personoplysninger behandles og beskyttes. Hvem er dataansvarlig for dine personoplysninger? Den svenske virksomhed, [&hellip;]<\/p>\n","protected":false},"author":1,"featured_media":0,"parent":0,"menu_order":0,"comment_status":"closed","ping_status":"closed","template":"","meta":{"_et_pb_use_builder":"on","_et_pb_old_content":"","_et_gb_content_width":"","footnotes":""},"class_list":["post-11688","page","type-page","status-publish","hentry"],"_links":{"self":[{"href":"https:\/\/pjama.eu\/da\/wp-json\/wp\/v2\/pages\/11688","targetHints":{"allow":["GET"]}}],"collection":[{"href":"https:\/\/pjama.eu\/da\/wp-json\/wp\/v2\/pages"}],"about":[{"href":"https:\/\/pjama.eu\/da\/wp-json\/wp\/v2\/types\/page"}],"author":[{"embeddable":true,"href":"https:\/\/pjama.eu\/da\/wp-json\/wp\/v2\/users\/1"}],"replies":[{"embeddable":true,"href":"https:\/\/pjama.eu\/da\/wp-json\/wp\/v2\/comments?post=11688"}],"version-history":[{"count":7,"href":"https:\/\/pjama.eu\/da\/wp-json\/wp\/v2\/pages\/11688\/revisions"}],"predecessor-version":[{"id":22777,"href":"https:\/\/pjama.eu\/da\/wp-json\/wp\/v2\/pages\/11688\/revisions\/22777"}],"wp:attachment":[{"href":"https:\/\/pjama.eu\/da\/wp-json\/wp\/v2\/media?parent=11688"}],"curies":[{"name":"wp","href":"https:\/\/api.w.org\/{rel}","templated":true}]}}