{"id":22945,"date":"2025-10-01T19:58:33","date_gmt":"2025-10-01T17:58:33","guid":{"rendered":"https:\/\/pjama.eu\/tilbehoer\/"},"modified":"2025-11-04T13:05:17","modified_gmt":"2025-11-04T12:05:17","slug":"tilbehoer","status":"publish","type":"page","link":"https:\/\/pjama.eu\/da\/tilbehoer\/","title":{"rendered":"Tilbeh\u00f8r"},"content":{"rendered":"<p>[et_pb_section fb_built=&#8221;1&#8243; custom_padding_last_edited=&#8221;on|tablet&#8221; _builder_version=&#8221;4.27.4&#8243; background_color=&#8221;gcid-5eef58f4-760a-49fb-ad33-042d93415a96&#8243; custom_padding=&#8221;7%||0%||false|false&#8221; custom_padding_tablet=&#8221;||7%||false|false&#8221; custom_padding_phone=&#8221;&#8221; top_divider_height_tablet=&#8221;&#8221; top_divider_height_phone=&#8221;&#8221; top_divider_height_last_edited=&#8221;on|tablet&#8221; bottom_divider_color=&#8221;rgba(0,0,0,0)&#8221; bottom_divider_height=&#8221;154px&#8221; bottom_divider_height_tablet=&#8221;202px&#8221; bottom_divider_height_phone=&#8221;&#8221; bottom_divider_height_last_edited=&#8221;on|desktop&#8221; da_disable_devices=&#8221;off|off|off&#8221; collapsed=&#8221;on&#8221; global_colors_info=&#8221;{%22gcid-5eef58f4-760a-49fb-ad33-042d93415a96%22:%91%22background_color%22%93}&#8221; da_is_popup=&#8221;off&#8221; da_exit_intent=&#8221;off&#8221; da_has_close=&#8221;on&#8221; da_alt_close=&#8221;off&#8221; da_dark_close=&#8221;off&#8221; da_not_modal=&#8221;on&#8221; da_is_singular=&#8221;off&#8221; da_with_loader=&#8221;off&#8221; da_has_shadow=&#8221;on&#8221;][et_pb_row _builder_version=&#8221;4.22.1&#8243; custom_margin=&#8221;10px|auto|-20px|auto|false|false&#8221; custom_padding=&#8221;0px||0px||false|false&#8221; global_colors_info=&#8221;{}&#8221;][et_pb_column type=&#8221;4_4&#8243; _builder_version=&#8221;4.16&#8243; global_colors_info=&#8221;{}&#8221;][et_pb_text _builder_version=&#8221;4.27.4&#8243; header_text_color=&#8221;#D35917&#8243; header_font_size=&#8221;40px&#8221; header_2_font_size=&#8221;75px&#8221; background_layout=&#8221;dark&#8221; custom_margin=&#8221;15px||10px||false|false&#8221; custom_padding=&#8221;0px||0px||false|false&#8221; header_font_size_tablet=&#8221;40px&#8221; header_font_size_phone=&#8221;25px&#8221; header_font_size_last_edited=&#8221;on|phone&#8221; header_2_font_size_tablet=&#8221;75px&#8221; header_2_font_size_phone=&#8221;40px&#8221; header_2_font_size_last_edited=&#8221;on|phone&#8221; global_colors_info=&#8221;{}&#8221;]<\/p>\n<h1 class=\"hero\">Tilbeh\u00f8r<\/h1>\n<h2 class=\"et_pb_module_heading\">PJAMARERENDE ALARMUR<\/h2>\n<p>[\/et_pb_text][\/et_pb_column][\/et_pb_row][\/et_pb_section][et_pb_section fb_built=&#8221;1&#8243; _builder_version=&#8221;4.27.4&#8243; background_enable_color=&#8221;off&#8221; custom_margin=&#8221;0px||0px||false|false&#8221; custom_margin_tablet=&#8221;-60px||||false|false&#8221; custom_margin_last_edited=&#8221;off|desktop&#8221; custom_padding=&#8221;120px||0px||false|false&#8221; top_divider_style=&#8221;asymmetric&#8221; top_divider_color=&#8221;gcid-5eef58f4-760a-49fb-ad33-042d93415a96&#8243; top_divider_height=&#8221;150px&#8221; top_divider_height_tablet=&#8221;65px&#8221; top_divider_height_phone=&#8221;33px&#8221; top_divider_height_last_edited=&#8221;on|phone&#8221; da_disable_devices=&#8221;off|off|off&#8221; collapsed=&#8221;on&#8221; global_colors_info=&#8221;{%22gcid-5eef58f4-760a-49fb-ad33-042d93415a96%22:%91%22top_divider_color%22%93}&#8221; da_is_popup=&#8221;off&#8221; da_exit_intent=&#8221;off&#8221; da_has_close=&#8221;on&#8221; da_alt_close=&#8221;off&#8221; da_dark_close=&#8221;off&#8221; da_not_modal=&#8221;on&#8221; da_is_singular=&#8221;off&#8221; da_with_loader=&#8221;off&#8221; da_has_shadow=&#8221;on&#8221;][et_pb_row column_structure=&#8221;1_2,1_2&#8243; _builder_version=&#8221;4.27.4&#8243; _module_preset=&#8221;default&#8221; global_colors_info=&#8221;{}&#8221;][et_pb_column type=&#8221;1_2&#8243; _builder_version=&#8221;4.27.4&#8243; _module_preset=&#8221;default&#8221; global_colors_info=&#8221;{}&#8221;][et_pb_image src=&#8221;https:\/\/pjama.eu\/wp-content\/uploads\/Pjama-Accessories-watch.jpg&#8221; alt=&#8221;Tilbeh\u00f8r til Pjama&#8221; title_text=&#8221;Pjama Tilbeh\u00f8r ur&#8221; _builder_version=&#8221;4.27.4&#8243; _module_preset=&#8221;default&#8221; transform_scale=&#8221;120%|120%&#8221; transform_scale_tablet=&#8221;120%|120%&#8221; transform_scale_phone=&#8221;100%|100%&#8221; transform_scale_last_edited=&#8221;on|phone&#8221; transform_translate=&#8221;31px|85px&#8221; transform_translate_tablet=&#8221;31px|85px&#8221; transform_translate_phone=&#8221;32px|-10px&#8221; transform_translate_last_edited=&#8221;on|phone&#8221; transform_rotate_tablet=&#8221;&#8221; transform_rotate_phone=&#8221;&#8221; transform_rotate_last_edited=&#8221;on|phone&#8221; transform_skew_tablet=&#8221;&#8221; transform_skew_phone=&#8221;&#8221; transform_skew_last_edited=&#8221;on|phone&#8221; transform_origin_tablet=&#8221;&#8221; transform_origin_phone=&#8221;&#8221; transform_origin_last_edited=&#8221;on|phone&#8221; transform_styles_last_edited=&#8221;on|phone&#8221; custom_margin_tablet=&#8221;&#8221; custom_margin_phone=&#8221;0px||||false|false&#8221; custom_margin_last_edited=&#8221;on|phone&#8221; transform_styles_tablet=&#8221;&#8221; transform_styles_phone=&#8221;&#8221; border_radii=&#8221;on|10px|10px|10px|10px&#8221; global_colors_info=&#8221;{}&#8221;][\/et_pb_image][\/et_pb_column][et_pb_column type=&#8221;1_2&#8243; _builder_version=&#8221;4.27.4&#8243; _module_preset=&#8221;default&#8221; global_colors_info=&#8221;{}&#8221;][et_pb_text _builder_version=&#8221;4.27.4&#8243; text_font=&#8221;|&#8211;et_global_heading_font_weight|||||||&#8221; header_text_color=&#8221;gcid-2352d280-fe84-43b1-a71e-f400c35a526a&#8221; header_2_text_color=&#8221;#D35917&#8243; header_3_text_color=&#8221;gcid-5eef58f4-760a-49fb-ad33-042d93415a96&#8243; custom_padding=&#8221;|5%||5%|false|false&#8221; global_colors_info=&#8221;{%22gcid-2352d280-fe84-43b1-a71e-f400c35a526a%22:%91%22header_text_color%22%93,%22gcid-5eef58f4-760a-49fb-ad33-042d93415a96%22:%91%22header_3_text_color%22%93}&#8221;]<\/p>\n<h3 style=\"text-align: center\"><span>BLIDE P\u00c5MINDELSER  <\/span><\/h3>\n<h2 style=\"text-align: center\"><span>TIL DAGLIGE RUTINER<\/span><\/h2>\n<p>Pjama Vibrerende Alarmur hj\u00e6lper b\u00f8rn og voksne med at huske vigtige \u00f8jeblikke i l\u00f8bet af dagen &#8211; som toiletbes\u00f8g eller medicineringstidspunkter. Den diskrete vibration g\u00f8r det ideelt til skolen eller offentlige steder uden at tiltr\u00e6kke sig opm\u00e6rksomhed.<br \/>Genopladeligt, nemt at programmere og behageligt at have p\u00e5, er det det perfekte supplement til Pjama DryGuardians metode. <\/p>\n<p>&nbsp;<\/p>\n<ul>\n<li>Digital LED-sk\u00e6rm &#8211; viser tiden ligesom et almindeligt ur.<\/li>\n<li>Op til 8 daglige alarmer &#8211; indstil p\u00e5mindelser om toiletbes\u00f8g, medicinering eller rutiner.<\/li>\n<li>Bl\u00f8d silikonestrop &#8211; fleksibel, justerbar og behagelig at have p\u00e5 hele dagen.<\/li>\n<li>Genopladelig via mikro-USB &#8211; hurtig og nem opladning.<\/li>\n<li>Lang batterilevetid &#8211; holder 6-15 dage p\u00e5 en fuld opladning.<\/li>\n<\/ul>\n<p>[\/et_pb_text][et_pb_button button_url=&#8221;https:\/\/pjama.eu\/da\/tilbehoersbutik\/&#8221; button_text=&#8221;K\u00d8B HER&#8221; button_alignment=&#8221;center&#8221; _builder_version=&#8221;4.27.4&#8243; _module_preset=&#8221;default&#8221; global_colors_info=&#8221;{}&#8221;][\/et_pb_button][\/et_pb_column][\/et_pb_row][\/et_pb_section][et_pb_section fb_built=&#8221;1&#8243; _builder_version=&#8221;4.27.4&#8243; _module_preset=&#8221;default&#8221; da_disable_devices=&#8221;off|off|off&#8221; global_colors_info=&#8221;{}&#8221; da_is_popup=&#8221;off&#8221; da_exit_intent=&#8221;off&#8221; da_has_close=&#8221;on&#8221; da_alt_close=&#8221;off&#8221; da_dark_close=&#8221;off&#8221; da_not_modal=&#8221;on&#8221; da_is_singular=&#8221;off&#8221; da_with_loader=&#8221;off&#8221; da_has_shadow=&#8221;on&#8221;][et_pb_row column_structure=&#8221;1_3,1_3,1_3&#8243; _builder_version=&#8221;4.27.4&#8243; _module_preset=&#8221;default&#8221; global_colors_info=&#8221;{}&#8221;][et_pb_column type=&#8221;1_3&#8243; _builder_version=&#8221;4.27.4&#8243; _module_preset=&#8221;default&#8221; global_colors_info=&#8221;{}&#8221;][et_pb_image src=&#8221;https:\/\/pjama.eu\/wp-content\/uploads\/Vibrerande-Alarm-klocka-mo\u0308rkbla\u030a.jpg&#8221; alt=&#8221;Ur med vibrerende alarm&#8221; title_text=&#8221;Vibrerande Alarm klocka m\u00f6rkbl\u00e5&#8221; _builder_version=&#8221;4.27.4&#8243; _module_preset=&#8221;default&#8221; border_radii=&#8221;on|10px|10px|10px|10px&#8221; global_colors_info=&#8221;{}&#8221;][\/et_pb_image][et_pb_text _builder_version=&#8221;4.27.4&#8243; _module_preset=&#8221;default&#8221; header_3_text_color=&#8221;gcid-5eef58f4-760a-49fb-ad33-042d93415a96&#8243; global_colors_info=&#8221;{%22gcid-5eef58f4-760a-49fb-ad33-042d93415a96%22:%91%22header_3_text_color%22%93}&#8221;]<\/p>\n<h3><span>Pjamarerende Alarmur &#8211; <\/span>bl\u00e5<\/h3>\n<p>[\/et_pb_text][et_pb_text _builder_version=&#8221;4.27.4&#8243; _module_preset=&#8221;default&#8221; global_colors_info=&#8221;{}&#8221;]<\/p>\n<p>Et stilfuldt vibrerende alarmur, der minder dig om toiletbes\u00f8g eller daglige rutiner.<br data-start=\"987\" data-end=\"990\">N\u00e5r der ikke l\u00e6ngere er brug for p\u00e5mindelser, kan det bruges som et almindeligt armb\u00e5ndsur.<br data-start=\"1066\" data-end=\"1069\"><\/p>\n<p>[\/et_pb_text][\/et_pb_column][et_pb_column type=&#8221;1_3&#8243; _builder_version=&#8221;4.27.4&#8243; _module_preset=&#8221;default&#8221; global_colors_info=&#8221;{}&#8221;][et_pb_image src=&#8221;https:\/\/pjama.eu\/wp-content\/uploads\/Vibrerande-Alarm-klocka-rosa.jpg&#8221; alt=&#8221;Beskyttelse af senget\u00f8j&#8221; title_text=&#8221;Vibrerande Alarm klocka rosa&#8221; _builder_version=&#8221;4.27.4&#8243; _module_preset=&#8221;default&#8221; border_radii=&#8221;on|10px|10px|10px|10px&#8221; global_colors_info=&#8221;{}&#8221;][\/et_pb_image][et_pb_text _builder_version=&#8221;4.27.4&#8243; _module_preset=&#8221;default&#8221; header_3_text_color=&#8221;gcid-5eef58f4-760a-49fb-ad33-042d93415a96&#8243; global_colors_info=&#8221;{%22gcid-5eef58f4-760a-49fb-ad33-042d93415a96%22:%91%22header_3_text_color%22%93}&#8221;]<\/p>\n<h3><span>Pjamarerende Alarmur &#8211; <\/span>pink<\/h3>\n<p>[\/et_pb_text][et_pb_text _builder_version=&#8221;4.27.4&#8243; _module_preset=&#8221;default&#8221; global_colors_info=&#8221;{}&#8221;]<\/p>\n<p>Et stilfuldt vibrerende alarmur, der minder dig om toiletbes\u00f8g eller daglige rutiner.<br data-start=\"987\" data-end=\"990\">N\u00e5r der ikke l\u00e6ngere er brug for p\u00e5mindelser, kan det bruges som et almindeligt armb\u00e5ndsur.<\/p>\n<p>[\/et_pb_text][\/et_pb_column][et_pb_column type=&#8221;1_3&#8243; _builder_version=&#8221;4.27.4&#8243; _module_preset=&#8221;default&#8221; global_colors_info=&#8221;{}&#8221;][et_pb_image src=&#8221;https:\/\/pjama.eu\/wp-content\/uploads\/Vibrerande-Alarm-klocka-svart.jpg&#8221; alt=&#8221;BESKYTTELSE AF PUDE OG PUDEBETR\u00c6K I 1&#8243; title_text=&#8221;Vibrerande Alarm klocka svart&#8221; _builder_version=&#8221;4.27.4&#8243; _module_preset=&#8221;default&#8221; border_radii=&#8221;on|10px|10px|10px|10px&#8221; global_colors_info=&#8221;{}&#8221;][\/et_pb_image][et_pb_text _builder_version=&#8221;4.27.4&#8243; _module_preset=&#8221;default&#8221; header_3_text_color=&#8221;gcid-5eef58f4-760a-49fb-ad33-042d93415a96&#8243; global_colors_info=&#8221;{%22gcid-5eef58f4-760a-49fb-ad33-042d93415a96%22:%91%22header_3_text_color%22%93}&#8221;]<\/p>\n<h3><span>Pjamarerende Alarmur &#8211; sort<\/span><\/h3>\n<p>[\/et_pb_text][et_pb_text _builder_version=&#8221;4.27.4&#8243; _module_preset=&#8221;default&#8221; global_colors_info=&#8221;{}&#8221;]<\/p>\n<p>Et stilfuldt vibrerende alarmur, der minder dig om toiletbes\u00f8g eller daglige rutiner.<br data-start=\"987\" data-end=\"990\">N\u00e5r der ikke l\u00e6ngere er brug for p\u00e5mindelser, kan det bruges som et almindeligt armb\u00e5ndsur.<\/p>\n<p>[\/et_pb_text][\/et_pb_column][\/et_pb_row][\/et_pb_section][et_pb_section fb_built=&#8221;1&#8243; _builder_version=&#8221;4.27.4&#8243; _module_preset=&#8221;default&#8221; background_color=&#8221;gcid-5eef58f4-760a-49fb-ad33-042d93415a96&#8243; da_disable_devices=&#8221;off|off|off&#8221; global_colors_info=&#8221;{%22gcid-5eef58f4-760a-49fb-ad33-042d93415a96%22:%91%22background_color%22%93}&#8221; da_is_popup=&#8221;off&#8221; da_exit_intent=&#8221;off&#8221; da_has_close=&#8221;on&#8221; da_alt_close=&#8221;off&#8221; da_dark_close=&#8221;off&#8221; da_not_modal=&#8221;on&#8221; da_is_singular=&#8221;off&#8221; da_with_loader=&#8221;off&#8221; da_has_shadow=&#8221;on&#8221;][et_pb_row _builder_version=&#8221;4.22.1&#8243; custom_margin=&#8221;10px|auto|-20px|auto|false|false&#8221; custom_padding=&#8221;0px||0px||false|false&#8221; global_colors_info=&#8221;{}&#8221;][et_pb_column type=&#8221;4_4&#8243; _builder_version=&#8221;4.16&#8243; global_colors_info=&#8221;{}&#8221;][et_pb_text _builder_version=&#8221;4.27.4&#8243; header_text_color=&#8221;#D35917&#8243; header_font_size=&#8221;40px&#8221; header_2_font_size=&#8221;75px&#8221; background_layout=&#8221;dark&#8221; custom_margin=&#8221;15px||10px||false|false&#8221; custom_padding=&#8221;0px||0px||false|false&#8221; header_font_size_tablet=&#8221;40px&#8221; header_font_size_phone=&#8221;25px&#8221; header_font_size_last_edited=&#8221;on|phone&#8221; header_2_font_size_tablet=&#8221;75px&#8221; header_2_font_size_phone=&#8221;40px&#8221; header_2_font_size_last_edited=&#8221;on|phone&#8221; global_colors_info=&#8221;{}&#8221;]<\/p>\n<h1 class=\"hero\">Tilbeh\u00f8r<\/h1>\n<h2>Vandt\u00e6t og vaskbar Pjama Taske<\/h2>\n<p>[\/et_pb_text][\/et_pb_column][\/et_pb_row][\/et_pb_section][et_pb_section fb_built=&#8221;1&#8243; _builder_version=&#8221;4.27.4&#8243; _module_preset=&#8221;default&#8221; background_color=&#8221;gcid-2352d280-fe84-43b1-a71e-f400c35a526a&#8221; top_divider_style=&#8221;asymmetric&#8221; top_divider_color=&#8221;gcid-5eef58f4-760a-49fb-ad33-042d93415a96&#8243; da_disable_devices=&#8221;off|off|off&#8221; global_colors_info=&#8221;{%22gcid-5eef58f4-760a-49fb-ad33-042d93415a96%22:%91%22top_divider_color%22%93}&#8221; da_is_popup=&#8221;off&#8221; da_exit_intent=&#8221;off&#8221; da_has_close=&#8221;on&#8221; da_alt_close=&#8221;off&#8221; da_dark_close=&#8221;off&#8221; da_not_modal=&#8221;on&#8221; da_is_singular=&#8221;off&#8221; da_with_loader=&#8221;off&#8221; da_has_shadow=&#8221;on&#8221;][et_pb_row _builder_version=&#8221;4.27.4&#8243; _module_preset=&#8221;default&#8221; global_colors_info=&#8221;{}&#8221;][et_pb_column type=&#8221;4_4&#8243; _builder_version=&#8221;4.27.4&#8243; _module_preset=&#8221;default&#8221; global_colors_info=&#8221;{}&#8221;][\/et_pb_column][\/et_pb_row][et_pb_row column_structure=&#8221;2_5,3_5&#8243; _builder_version=&#8221;4.27.4&#8243; _module_preset=&#8221;default&#8221; global_colors_info=&#8221;{}&#8221;][et_pb_column type=&#8221;2_5&#8243; _builder_version=&#8221;4.27.4&#8243; _module_preset=&#8221;default&#8221; global_colors_info=&#8221;{}&#8221;][et_pb_image src=&#8221;https:\/\/pjama.eu\/wp-content\/uploads\/Accessories-bag-e1694758915793-2.jpg&#8221; alt=&#8221;Tilbeh\u00f8r til Pjama&#8221; title_text=&#8221;Accessories-bag-e1694758915793-2&#8243; _builder_version=&#8221;4.27.4&#8243; _module_preset=&#8221;default&#8221; border_radii=&#8221;on|10px|10px|10px|10px&#8221; global_colors_info=&#8221;{}&#8221;][\/et_pb_image][\/et_pb_column][et_pb_column type=&#8221;3_5&#8243; _builder_version=&#8221;4.27.4&#8243; _module_preset=&#8221;default&#8221; global_colors_info=&#8221;{}&#8221;][et_pb_text _builder_version=&#8221;4.27.4&#8243; _module_preset=&#8221;default&#8221; header_2_text_color=&#8221;#D35917&#8243; header_3_text_color=&#8221;gcid-5eef58f4-760a-49fb-ad33-042d93415a96&#8243; global_colors_info=&#8221;{%22gcid-5eef58f4-760a-49fb-ad33-042d93415a96%22:%91%22header_3_text_color%22%93}&#8221;]<\/p>\n<h3><strong data-start=\"1212\" data-end=\"1259\">Diskret og praktisk  <\/strong><\/h3>\n<h2><strong data-start=\"1212\" data-end=\"1259\">Beskyttelse p\u00e5 farten<\/strong><\/h2>\n<p>[\/et_pb_text][et_pb_text _builder_version=&#8221;4.27.4&#8243; _module_preset=&#8221;default&#8221; global_colors_info=&#8221;{}&#8221;]<\/p>\n<p>Perfekt til at transportere dit Pjama-sovet\u00f8j eller v\u00e5de t\u00f8j, n\u00e5r du rejser, er p\u00e5 lejrskole eller overnatter. Fremstillet af vandt\u00e6t materiale, der holder fugt og lugt ude. Kan vaskes ved op til 90\u00b0C, er slidst\u00e6rk og designet til gentagen brug.<br data-start=\"592\" data-end=\"595\">Tasken leveres uden tryk for et mere diskret look &#8211; plejefri med Pjama!  <\/p>\n<p>[\/et_pb_text][et_pb_button button_url=&#8221;https:\/\/pjama.eu\/da\/tilbehoersbutik\/&#8221; button_text=&#8221;BES\u00d8G VORES WEBSHOP&#8221; button_alignment=&#8221;center&#8221; _builder_version=&#8221;4.27.4&#8243; custom_button=&#8221;on&#8221; button_bg_color=&#8221;#61A2DF&#8221; button_use_icon=&#8221;off&#8221; global_colors_info=&#8221;{}&#8221; button_bg_color__hover_enabled=&#8221;on|hover&#8221; button_bg_color__hover=&#8221;rgba(31,68,139,0.8)&#8221; button_bg_enable_color__hover=&#8221;on&#8221;][\/et_pb_button][\/et_pb_column][\/et_pb_row][\/et_pb_section]<\/p>\n","protected":false},"excerpt":{"rendered":"<p>Tilbeh\u00f8r PJAMARERENDE ALARMURBLIDE P\u00c5MINDELSER TIL DAGLIGE RUTINER Pjama Vibrerende Alarmur hj\u00e6lper b\u00f8rn og voksne med at huske vigtige \u00f8jeblikke i l\u00f8bet af dagen &#8211; som toiletbes\u00f8g eller medicineringstidspunkter. Den diskrete vibration g\u00f8r det ideelt til skolen eller offentlige steder uden at tiltr\u00e6kke sig opm\u00e6rksomhed.Genopladeligt, nemt at programmere og behageligt at have p\u00e5, er det det [&hellip;]<\/p>\n","protected":false},"author":33,"featured_media":27844,"parent":0,"menu_order":0,"comment_status":"closed","ping_status":"closed","template":"","meta":{"_et_pb_use_builder":"on","_et_pb_old_content":"","_et_gb_content_width":"","footnotes":""},"class_list":["post-22945","page","type-page","status-publish","has-post-thumbnail","hentry"],"_links":{"self":[{"href":"https:\/\/pjama.eu\/da\/wp-json\/wp\/v2\/pages\/22945","targetHints":{"allow":["GET"]}}],"collection":[{"href":"https:\/\/pjama.eu\/da\/wp-json\/wp\/v2\/pages"}],"about":[{"href":"https:\/\/pjama.eu\/da\/wp-json\/wp\/v2\/types\/page"}],"author":[{"embeddable":true,"href":"https:\/\/pjama.eu\/da\/wp-json\/wp\/v2\/users\/33"}],"replies":[{"embeddable":true,"href":"https:\/\/pjama.eu\/da\/wp-json\/wp\/v2\/comments?post=22945"}],"version-history":[{"count":7,"href":"https:\/\/pjama.eu\/da\/wp-json\/wp\/v2\/pages\/22945\/revisions"}],"predecessor-version":[{"id":23167,"href":"https:\/\/pjama.eu\/da\/wp-json\/wp\/v2\/pages\/22945\/revisions\/23167"}],"wp:featuredmedia":[{"embeddable":true,"href":"https:\/\/pjama.eu\/da\/wp-json\/wp\/v2\/media\/27844"}],"wp:attachment":[{"href":"https:\/\/pjama.eu\/da\/wp-json\/wp\/v2\/media?parent=22945"}],"curies":[{"name":"wp","href":"https:\/\/api.w.org\/{rel}","templated":true}]}}