{"id":26270,"date":"2025-11-13T14:12:49","date_gmt":"2025-11-13T13:12:49","guid":{"rendered":"https:\/\/pjama.eu\/pjama-bedwetting-shop\/"},"modified":"2026-03-13T12:01:33","modified_gmt":"2026-03-13T11:01:33","slug":"pjama-bedwetting-shop","status":"publish","type":"page","link":"https:\/\/pjama.eu\/da\/pjama-bedwetting-shop\/","title":{"rendered":"Pjama Bedwetting Shop"},"content":{"rendered":"<p>[et_pb_section fb_built=&#8221;1&#8243; _builder_version=&#8221;4.27.4&#8243; background_enable_color=&#8221;off&#8221; background_enable_image=&#8221;off&#8221; background_size=&#8221;initial&#8221; background_position=&#8221;top_center&#8221; custom_margin=&#8221;||70px||false|false&#8221; custom_padding=&#8221;50px||50px||true|false&#8221; da_disable_devices=&#8221;off|off|off&#8221; global_colors_info=&#8221;{}&#8221; da_is_popup=&#8221;off&#8221; da_exit_intent=&#8221;off&#8221; da_has_close=&#8221;on&#8221; da_alt_close=&#8221;off&#8221; da_dark_close=&#8221;off&#8221; da_not_modal=&#8221;on&#8221; da_is_singular=&#8221;off&#8221; da_with_loader=&#8221;off&#8221; da_has_shadow=&#8221;on&#8221;][et_pb_row custom_padding_last_edited=&#8221;on|phone&#8221; _builder_version=&#8221;4.27.5&#8243; custom_margin_tablet=&#8221;&#8221; custom_margin_phone=&#8221;0px||0px||false|false&#8221; custom_margin_last_edited=&#8221;on|phone&#8221; custom_padding=&#8221;||0px|||&#8221; custom_padding_tablet=&#8221;||0px|||&#8221; custom_padding_phone=&#8221;10px||0px||false|false&#8221; global_colors_info=&#8221;{}&#8221;][et_pb_column type=&#8221;4_4&#8243; _builder_version=&#8221;4.16&#8243; global_colors_info=&#8221;{}&#8221;][et_pb_heading title=&#8221;VELKOMMEN TIL&#8221; _builder_version=&#8221;4.27.5&#8243; _module_preset=&#8221;default&#8221; title_level=&#8221;h3&#8243; title_text_align=&#8221;center&#8221; title_text_color=&#8221;gcid-5eef58f4-760a-49fb-ad33-042d93415a96&#8243; custom_margin_tablet=&#8221;&#8221; custom_margin_phone=&#8221;||0px||false|false&#8221; custom_margin_last_edited=&#8221;on|phone&#8221; global_colors_info=&#8221;{%22gcid-5eef58f4-760a-49fb-ad33-042d93415a96%22:%91%22title_text_color%22%93}&#8221;][\/et_pb_heading][et_pb_heading title=&#8221;PJAMA BUTIK FOR SENGEV\u00c6DNING&#8221; _builder_version=&#8221;4.27.5&#8243; _module_preset=&#8221;default&#8221; title_text_align=&#8221;center&#8221; title_text_color=&#8221;#D35917&#8243; custom_margin=&#8221;||0px||false|false&#8221; custom_margin_tablet=&#8221;||0px||false|false&#8221; custom_margin_phone=&#8221;||-20px||false|false&#8221; custom_margin_last_edited=&#8221;on|desktop&#8221; custom_padding=&#8221;||0px||false|false&#8221; custom_padding_tablet=&#8221;||0px||false|false&#8221; custom_padding_phone=&#8221;||0px||false|false&#8221; custom_padding_last_edited=&#8221;on|phone&#8221; global_colors_info=&#8221;{}&#8221;][\/et_pb_heading][\/et_pb_column][\/et_pb_row][\/et_pb_section][et_pb_section fb_built=&#8221;1&#8243; _builder_version=&#8221;4.27.4&#8243; _module_preset=&#8221;default&#8221; background_color=&#8221;gcid-5eef58f4-760a-49fb-ad33-042d93415a96&#8243; custom_margin=&#8221;||-90px||false|false&#8221; custom_padding=&#8221;||0px||false|false&#8221; da_disable_devices=&#8221;off|off|off&#8221; global_colors_info=&#8221;{%22gcid-5eef58f4-760a-49fb-ad33-042d93415a96%22:%91%22background_color%22%93}&#8221; da_is_popup=&#8221;off&#8221; da_exit_intent=&#8221;off&#8221; da_has_close=&#8221;on&#8221; da_alt_close=&#8221;off&#8221; da_dark_close=&#8221;off&#8221; da_not_modal=&#8221;on&#8221; da_is_singular=&#8221;off&#8221; da_with_loader=&#8221;off&#8221; da_has_shadow=&#8221;on&#8221;][et_pb_row column_structure=&#8221;1_4,1_4,1_4,1_4&#8243; _builder_version=&#8221;4.27.4&#8243; _module_preset=&#8221;default&#8221; transform_translate=&#8221;0px|-140px&#8221; global_colors_info=&#8221;{}&#8221;][et_pb_column type=&#8221;1_4&#8243; _builder_version=&#8221;4.27.4&#8243; _module_preset=&#8221;default&#8221; global_colors_info=&#8221;{}&#8221;][et_pb_blurb title=&#8221;Diskrete bukser til sengev\u00e6dning til b\u00f8rn og voksne&#8221; url=&#8221;https:\/\/pjama.eu\/da\/bukser-til-sengevaedning\/&#8221; image=&#8221;https:\/\/pjama.eu\/wp-content\/uploads\/Pjama_shorts_2.jpeg&#8221; alt=&#8221;Om Pjama Sengev\u00e6dning&#8221; _builder_version=&#8221;4.27.4&#8243; _module_preset=&#8221;default&#8221; header_text_align=&#8221;center&#8221; header_text_color=&#8221;#D35917&#8243; header_font_size=&#8221;25px&#8221; body_text_align=&#8221;center&#8221; body_text_color=&#8221;#F8F8F8&#8243; body_font_size=&#8221;16px&#8221; border_radii_image=&#8221;on|10px|10px|10px|10px&#8221; border_width_all_image=&#8221;4px&#8221; border_color_all_image=&#8221;#F8F8F8&#8243; global_colors_info=&#8221;{}&#8221;]<\/p>\n<p><span>P\u00e5lidelige absorberende l\u00f8sninger, der holder sengen t\u00f8r og ulykker private.<br \/>N\u00e5r behandling ikke er i fokus, men ro i sindet er.<\/span><\/p>\n<p>[\/et_pb_blurb][\/et_pb_column][et_pb_column type=&#8221;1_4&#8243; _builder_version=&#8221;4.27.4&#8243; _module_preset=&#8221;default&#8221; global_colors_info=&#8221;{}&#8221;][et_pb_blurb title=&#8221;PJAMA DRYGUARDIANS&#8221; url=&#8221;https:\/\/pjama.eu\/da\/alarm-for-sengevaedning\/&#8221; image=&#8221;https:\/\/pjama.eu\/wp-content\/uploads\/Bedwetting-Treatment-e1694759000209-1-2.jpg&#8221; alt=&#8221;Om Pjama Sengev\u00e6dning&#8221; _builder_version=&#8221;4.27.4&#8243; _module_preset=&#8221;default&#8221; header_text_align=&#8221;center&#8221; header_text_color=&#8221;#D35917&#8243; header_font_size=&#8221;25px&#8221; body_text_align=&#8221;center&#8221; body_text_color=&#8221;#F8F8F8&#8243; body_font_size=&#8221;16px&#8221; border_radii_image=&#8221;on|10px|10px|10px|10px&#8221; border_width_all_image=&#8221;4px&#8221; border_color_all_image=&#8221;#F8F8F8&#8243; global_colors_info=&#8221;{}&#8221;]<\/p>\n<p><span>Smart natt\u00f8j med sensorer og alarm &#8211; klinisk testet til at hj\u00e6lpe b\u00f8rn og voksne med at overvinde sengev\u00e6dning. Til dem, der \u00f8nsker varig t\u00f8rhed, ikke bare beskyttelse. <\/span><\/p>\n<p>[\/et_pb_blurb][\/et_pb_column][et_pb_column type=&#8221;1_4&#8243; _builder_version=&#8221;4.27.4&#8243; _module_preset=&#8221;default&#8221; global_colors_info=&#8221;{}&#8221;][et_pb_blurb title=&#8221;TILBEH\u00d8R OG SUPPORT I DAGTIMERNE&#8221; url=&#8221;https:\/\/pjama.eu\/da\/tilbehoersbutik\/&#8221; image=&#8221;https:\/\/pjama.eu\/wp-content\/uploads\/Pjama_accessories.png&#8221; alt=&#8221;Tilbeh\u00f8r til Pjama&#8221; _builder_version=&#8221;4.27.4&#8243; _module_preset=&#8221;default&#8221; header_text_align=&#8221;center&#8221; header_text_color=&#8221;#D35917&#8243; header_font_size=&#8221;25px&#8221; body_text_align=&#8221;center&#8221; body_text_color=&#8221;#F8F8F8&#8243; body_font_size=&#8221;16px&#8221; transform_scale_tablet=&#8221;&#8221; transform_scale_phone=&#8221;90%|90%&#8221; transform_scale_last_edited=&#8221;on|phone&#8221; transform_translate_tablet=&#8221;&#8221; transform_translate_phone=&#8221;&#8221; transform_translate_last_edited=&#8221;on|phone&#8221; transform_rotate_tablet=&#8221;&#8221; transform_rotate_phone=&#8221;&#8221; transform_rotate_last_edited=&#8221;on|phone&#8221; transform_skew_tablet=&#8221;&#8221; transform_skew_phone=&#8221;&#8221; transform_skew_last_edited=&#8221;on|phone&#8221; transform_origin_tablet=&#8221;&#8221; transform_origin_phone=&#8221;&#8221; transform_origin_last_edited=&#8221;on|phone&#8221; transform_styles_last_edited=&#8221;on|phone&#8221; transform_styles_tablet=&#8221;&#8221; transform_styles_phone=&#8221;&#8221; border_radii_image=&#8221;on|10px|10px|10px|10px&#8221; border_width_all_image=&#8221;4px&#8221; border_color_all_image=&#8221;#F8F8F8&#8243; global_colors_info=&#8221;{}&#8221;]<\/p>\n<p>Praktiske tilf\u00f8jelser, der g\u00f8r hverdagen lettere &#8211; fra vandt\u00e6tte tasker og Pjama Vibrerende Alarmur til diskret undert\u00f8j til beskyttelse i dagtimerne.<\/p>\n<p>&nbsp;<\/p>\n<p>[\/et_pb_blurb][\/et_pb_column][et_pb_column type=&#8221;1_4&#8243; _builder_version=&#8221;4.27.4&#8243; _module_preset=&#8221;default&#8221; global_colors_info=&#8221;{}&#8221;][et_pb_blurb title=&#8221;PJAMA TIL VOKSNE&#8221; url=&#8221;https:\/\/pjama.eu\/da\/sengevaedningsbutik-for-voksne\/&#8221; image=&#8221;https:\/\/pjama.eu\/wp-content\/uploads\/Blue_shorts_adult-1-e1694786458678-2.png&#8221; alt=&#8221;Sengev\u00e6dning hos voksne&#8221; _builder_version=&#8221;4.27.4&#8243; _module_preset=&#8221;default&#8221; header_text_align=&#8221;center&#8221; header_text_color=&#8221;#D35917&#8243; header_font_size=&#8221;25px&#8221; body_text_align=&#8221;center&#8221; body_text_color=&#8221;#F8F8F8&#8243; body_font_size=&#8221;16px&#8221; border_radii_image=&#8221;on|10px|10px|10px|10px&#8221; border_width_all_image=&#8221;4px&#8221; border_color_all_image=&#8221;#F8F8F8&#8243; global_colors_info=&#8221;{}&#8221;]<\/p>\n<p><span>Diskret<em data-start=\"649\" data-end=\"706\">,<\/em> absorberende natt\u00f8j, der holder sengen t\u00f8r derhjemme eller p\u00e5 rejsen.<br data-start=\"646\" data-end=\"649\">Tryghed og komfort for voksne med enuresis.<\/span><\/p>\n<p>[\/et_pb_blurb][\/et_pb_column][\/et_pb_row][\/et_pb_section][et_pb_section fb_built=&#8221;1&#8243; _builder_version=&#8221;4.16&#8243; background_color=&#8221;#f8f8f8&#8243; background_enable_image=&#8221;off&#8221; custom_padding=&#8221;0px|||||&#8221; da_disable_devices=&#8221;off|off|off&#8221; global_colors_info=&#8221;{}&#8221; da_is_popup=&#8221;off&#8221; da_exit_intent=&#8221;off&#8221; da_has_close=&#8221;on&#8221; da_alt_close=&#8221;off&#8221; da_dark_close=&#8221;off&#8221; da_not_modal=&#8221;on&#8221; da_is_singular=&#8221;off&#8221; da_with_loader=&#8221;off&#8221; da_has_shadow=&#8221;on&#8221;][et_pb_row _builder_version=&#8221;4.27.5&#8243; _module_preset=&#8221;default&#8221; global_colors_info=&#8221;{}&#8221;][et_pb_column type=&#8221;4_4&#8243; _builder_version=&#8221;4.27.5&#8243; _module_preset=&#8221;default&#8221; global_colors_info=&#8221;{}&#8221;][et_pb_heading title=&#8221;Effektive produkter til sengev\u00e6dning og genanvendelige l\u00f8sninger&#8221; _builder_version=&#8221;4.27.5&#8243; _module_preset=&#8221;default&#8221; title_text_align=&#8221;center&#8221; title_text_color=&#8221;#072130&#8243; global_colors_info=&#8221;{}&#8221;][\/et_pb_heading][\/et_pb_column][\/et_pb_row][\/et_pb_section]<\/p>\n","protected":false},"excerpt":{"rendered":"<p>P\u00e5lidelige absorberende l\u00f8sninger, der holder sengen t\u00f8r og ulykker private.N\u00e5r behandling ikke er i fokus, men ro i sindet er.Smart natt\u00f8j med sensorer og alarm &#8211; klinisk testet til at hj\u00e6lpe b\u00f8rn og voksne med at overvinde sengev\u00e6dning. Til dem, der \u00f8nsker varig t\u00f8rhed, ikke bare beskyttelse. Praktiske tilf\u00f8jelser, der g\u00f8r hverdagen lettere &#8211; fra [&hellip;]<\/p>\n","protected":false},"author":33,"featured_media":31071,"parent":0,"menu_order":0,"comment_status":"closed","ping_status":"closed","template":"","meta":{"_et_pb_use_builder":"on","_et_pb_old_content":"","_et_gb_content_width":"","footnotes":""},"class_list":["post-26270","page","type-page","status-publish","has-post-thumbnail","hentry"],"_links":{"self":[{"href":"https:\/\/pjama.eu\/da\/wp-json\/wp\/v2\/pages\/26270","targetHints":{"allow":["GET"]}}],"collection":[{"href":"https:\/\/pjama.eu\/da\/wp-json\/wp\/v2\/pages"}],"about":[{"href":"https:\/\/pjama.eu\/da\/wp-json\/wp\/v2\/types\/page"}],"author":[{"embeddable":true,"href":"https:\/\/pjama.eu\/da\/wp-json\/wp\/v2\/users\/33"}],"replies":[{"embeddable":true,"href":"https:\/\/pjama.eu\/da\/wp-json\/wp\/v2\/comments?post=26270"}],"version-history":[{"count":10,"href":"https:\/\/pjama.eu\/da\/wp-json\/wp\/v2\/pages\/26270\/revisions"}],"predecessor-version":[{"id":33091,"href":"https:\/\/pjama.eu\/da\/wp-json\/wp\/v2\/pages\/26270\/revisions\/33091"}],"wp:featuredmedia":[{"embeddable":true,"href":"https:\/\/pjama.eu\/da\/wp-json\/wp\/v2\/media\/31071"}],"wp:attachment":[{"href":"https:\/\/pjama.eu\/da\/wp-json\/wp\/v2\/media?parent=26270"}],"curies":[{"name":"wp","href":"https:\/\/api.w.org\/{rel}","templated":true}]}}