{"id":36570,"date":"2025-11-13T14:12:49","date_gmt":"2025-11-13T13:12:49","guid":{"rendered":"https:\/\/pjama.eu\/pjama-bedwetting-shop\/"},"modified":"2026-05-10T10:37:35","modified_gmt":"2026-05-10T08:37:35","slug":"produkter-mod-sengevaedning","status":"publish","type":"page","link":"https:\/\/pjama.eu\/da\/produkter-mod-sengevaedning\/","title":{"rendered":"Pjama Bedwetting Shop"},"content":{"rendered":"<p>[et_pb_section fb_built=&#8221;1&#8243; _builder_version=&#8221;4.27.4&#8243; background_enable_color=&#8221;off&#8221; background_enable_image=&#8221;off&#8221; background_size=&#8221;initial&#8221; background_position=&#8221;top_center&#8221; custom_margin=&#8221;||70px||false|false&#8221; custom_padding=&#8221;50px||50px||true|false&#8221; da_disable_devices=&#8221;off|off|off&#8221; global_colors_info=&#8221;{}&#8221; da_is_popup=&#8221;off&#8221; da_exit_intent=&#8221;off&#8221; da_has_close=&#8221;on&#8221; da_alt_close=&#8221;off&#8221; da_dark_close=&#8221;off&#8221; da_not_modal=&#8221;on&#8221; da_is_singular=&#8221;off&#8221; da_with_loader=&#8221;off&#8221; da_has_shadow=&#8221;on&#8221;][et_pb_row custom_padding_last_edited=&#8221;on|phone&#8221; _builder_version=&#8221;4.27.5&#8243; custom_margin_tablet=&#8221;&#8221; custom_margin_phone=&#8221;0px||0px||false|false&#8221; custom_margin_last_edited=&#8221;on|phone&#8221; custom_padding=&#8221;||0px|||&#8221; custom_padding_tablet=&#8221;||0px|||&#8221; custom_padding_phone=&#8221;10px||0px||false|false&#8221; global_colors_info=&#8221;{}&#8221;][et_pb_column type=&#8221;4_4&#8243; _builder_version=&#8221;4.16&#8243; global_colors_info=&#8221;{}&#8221;][et_pb_heading title=&#8221;VELKOMMEN TIL&#8221; _builder_version=&#8221;4.27.5&#8243; _module_preset=&#8221;default&#8221; title_level=&#8221;h3&#8243; title_text_align=&#8221;center&#8221; title_text_color=&#8221;gcid-5eef58f4-760a-49fb-ad33-042d93415a96&#8243; custom_margin_tablet=&#8221;&#8221; custom_margin_phone=&#8221;||0px||false|false&#8221; custom_margin_last_edited=&#8221;on|phone&#8221; global_colors_info=&#8221;{%22gcid-5eef58f4-760a-49fb-ad33-042d93415a96%22:%91%22title_text_color%22%93}&#8221;][\/et_pb_heading][et_pb_heading title=&#8221;PJAMA BUTIK FOR SENGEV\u00c6DNING&#8221; _builder_version=&#8221;4.27.5&#8243; _module_preset=&#8221;default&#8221; title_text_align=&#8221;center&#8221; title_text_color=&#8221;#D35917&#8243; custom_margin=&#8221;||0px||false|false&#8221; custom_margin_tablet=&#8221;||0px||false|false&#8221; custom_margin_phone=&#8221;||-20px||false|false&#8221; custom_margin_last_edited=&#8221;on|desktop&#8221; custom_padding=&#8221;||0px||false|false&#8221; custom_padding_tablet=&#8221;||0px||false|false&#8221; custom_padding_phone=&#8221;||0px||false|false&#8221; custom_padding_last_edited=&#8221;on|phone&#8221; global_colors_info=&#8221;{}&#8221;][\/et_pb_heading][\/et_pb_column][\/et_pb_row][\/et_pb_section][et_pb_section fb_built=&#8221;1&#8243; _builder_version=&#8221;4.27.4&#8243; _module_preset=&#8221;default&#8221; background_color=&#8221;gcid-5eef58f4-760a-49fb-ad33-042d93415a96&#8243; custom_margin=&#8221;||-90px||false|false&#8221; custom_padding=&#8221;||0px||false|false&#8221; da_disable_devices=&#8221;off|off|off&#8221; global_colors_info=&#8221;{%22gcid-5eef58f4-760a-49fb-ad33-042d93415a96%22:%91%22background_color%22%93}&#8221; da_is_popup=&#8221;off&#8221; da_exit_intent=&#8221;off&#8221; da_has_close=&#8221;on&#8221; da_alt_close=&#8221;off&#8221; da_dark_close=&#8221;off&#8221; da_not_modal=&#8221;on&#8221; da_is_singular=&#8221;off&#8221; da_with_loader=&#8221;off&#8221; da_has_shadow=&#8221;on&#8221;][et_pb_row column_structure=&#8221;1_4,1_4,1_4,1_4&#8243; _builder_version=&#8221;4.27.4&#8243; _module_preset=&#8221;default&#8221; transform_translate=&#8221;0px|-140px&#8221; global_colors_info=&#8221;{}&#8221;][et_pb_column type=&#8221;1_4&#8243; _builder_version=&#8221;4.27.4&#8243; _module_preset=&#8221;default&#8221; global_colors_info=&#8221;{}&#8221;][et_pb_blurb title=&#8221;Diskrete bukser til sengev\u00e6dning til b\u00f8rn og voksne&#8221; url=&#8221;https:\/\/pjama.eu\/da\/sengevaedningsbukser\/&#8221; image=&#8221;https:\/\/pjama.eu\/wp-content\/uploads\/Pjama_shorts_2.jpeg&#8221; alt=&#8221;Om Pjama Sengev\u00e6dning&#8221; _builder_version=&#8221;4.27.6&#8243; _module_preset=&#8221;default&#8221; header_text_align=&#8221;center&#8221; header_text_color=&#8221;#D35917&#8243; header_font_size=&#8221;25px&#8221; body_font=&#8221;&#8211;et_global_body_font|&#8211;et_global_heading_font_weight|||||||&#8221; body_text_align=&#8221;center&#8221; body_text_color=&#8221;#F8F8F8&#8243; body_font_size=&#8221;16px&#8221; header_text_shadow_style=&#8221;preset1&#8243; body_text_shadow_style=&#8221;preset1&#8243; border_radii_image=&#8221;on|10px|10px|10px|10px&#8221; border_width_all_image=&#8221;4px&#8221; border_color_all_image=&#8221;#F8F8F8&#8243; global_colors_info=&#8221;{}&#8221;]<\/p>\n<p>P\u00e5lidelige absorberende l\u00f8sninger, der holder sengen t\u00f8r og ulykker private.<br \/>N\u00e5r behandling ikke er i fokus, men ro i sindet er.<\/p>\n<p>[\/et_pb_blurb][\/et_pb_column][et_pb_column type=&#8221;1_4&#8243; _builder_version=&#8221;4.27.4&#8243; _module_preset=&#8221;default&#8221; global_colors_info=&#8221;{}&#8221;][et_pb_blurb title=&#8221;PJAMA DRYGUARDIANS&#8221; url=&#8221;https:\/\/pjama.eu\/da\/sengevaedningsalarm\/&#8221; image=&#8221;https:\/\/pjama.eu\/wp-content\/uploads\/Bedwetting-Treatment-e1694759000209-1-2.jpg&#8221; alt=&#8221;Om Pjama Sengev\u00e6dning&#8221; _builder_version=&#8221;4.27.6&#8243; _module_preset=&#8221;default&#8221; header_text_align=&#8221;center&#8221; header_text_color=&#8221;#D35917&#8243; header_font_size=&#8221;25px&#8221; body_font=&#8221;&#8211;et_global_body_font|&#8211;et_global_heading_font_weight|||||||&#8221; body_text_align=&#8221;center&#8221; body_text_color=&#8221;#F8F8F8&#8243; body_font_size=&#8221;16px&#8221; header_text_shadow_style=&#8221;preset1&#8243; body_text_shadow_style=&#8221;preset1&#8243; border_radii_image=&#8221;on|10px|10px|10px|10px&#8221; border_width_all_image=&#8221;4px&#8221; border_color_all_image=&#8221;#F8F8F8&#8243; global_colors_info=&#8221;{}&#8221;]<\/p>\n<p>Smart natt\u00f8j med sensorer og alarm &#8211; klinisk testet til at hj\u00e6lpe b\u00f8rn og voksne med at overvinde sengev\u00e6dning. Til dem, der \u00f8nsker varig t\u00f8rhed, ikke bare beskyttelse. <\/p>\n<p>[\/et_pb_blurb][\/et_pb_column][et_pb_column type=&#8221;1_4&#8243; _builder_version=&#8221;4.27.4&#8243; _module_preset=&#8221;default&#8221; global_colors_info=&#8221;{}&#8221;][et_pb_blurb title=&#8221;TILBEH\u00d8R OG SUPPORT I DAGTIMERNE&#8221; url=&#8221;https:\/\/pjama.eu\/da\/hjaelpemidler-til-sengevaedning\/&#8221; image=&#8221;https:\/\/pjama.eu\/wp-content\/uploads\/Pjama_accessories.png&#8221; alt=&#8221;Tilbeh\u00f8r til Pjama&#8221; _builder_version=&#8221;4.27.6&#8243; _module_preset=&#8221;default&#8221; header_text_align=&#8221;center&#8221; header_text_color=&#8221;#D35917&#8243; header_font_size=&#8221;25px&#8221; body_font=&#8221;&#8211;et_global_body_font|&#8211;et_global_heading_font_weight|||||||&#8221; body_text_align=&#8221;center&#8221; body_text_color=&#8221;#F8F8F8&#8243; body_font_size=&#8221;16px&#8221; transform_scale_tablet=&#8221;&#8221; transform_scale_phone=&#8221;90%|90%&#8221; transform_scale_last_edited=&#8221;on|phone&#8221; transform_translate_tablet=&#8221;&#8221; transform_translate_phone=&#8221;&#8221; transform_translate_last_edited=&#8221;on|phone&#8221; transform_rotate_tablet=&#8221;&#8221; transform_rotate_phone=&#8221;&#8221; transform_rotate_last_edited=&#8221;on|phone&#8221; transform_skew_tablet=&#8221;&#8221; transform_skew_phone=&#8221;&#8221; transform_skew_last_edited=&#8221;on|phone&#8221; transform_origin_tablet=&#8221;&#8221; transform_origin_phone=&#8221;&#8221; transform_origin_last_edited=&#8221;on|phone&#8221; transform_styles_last_edited=&#8221;on|phone&#8221; link_option_url=&#8221;https:\/\/pjama.eu\/da\/hjaelpemidler-til-sengevaedning\/&#8221; transform_styles_tablet=&#8221;&#8221; transform_styles_phone=&#8221;&#8221; header_text_shadow_style=&#8221;preset1&#8243; body_text_shadow_style=&#8221;preset1&#8243; border_radii_image=&#8221;on|10px|10px|10px|10px&#8221; border_width_all_image=&#8221;4px&#8221; border_color_all_image=&#8221;#F8F8F8&#8243; global_colors_info=&#8221;{}&#8221;]<\/p>\n<p>Praktiske tilf\u00f8jelser, der g\u00f8r hverdagen lettere &#8211; fra vandt\u00e6tte tasker og Pjama Vibrerende Alarmur til diskret undert\u00f8j til beskyttelse i dagtimerne.<\/p>\n<p>&nbsp;<\/p>\n<p>[\/et_pb_blurb][\/et_pb_column][et_pb_column type=&#8221;1_4&#8243; _builder_version=&#8221;4.27.4&#8243; _module_preset=&#8221;default&#8221; global_colors_info=&#8221;{}&#8221;][et_pb_blurb title=&#8221;PJAMA TIL VOKSNE&#8221; url=&#8221;https:\/\/pjama.eu\/da\/sengevaedningsprodukter-til-voksne\/&#8221; image=&#8221;https:\/\/pjama.eu\/wp-content\/uploads\/Blue_shorts_adult-1-e1694786458678-2.png&#8221; alt=&#8221;Sengev\u00e6dning hos voksne&#8221; _builder_version=&#8221;4.27.6&#8243; _module_preset=&#8221;default&#8221; header_text_align=&#8221;center&#8221; header_text_color=&#8221;#D35917&#8243; header_font_size=&#8221;25px&#8221; body_font=&#8221;&#8211;et_global_body_font|&#8211;et_global_heading_font_weight|||||||&#8221; body_text_align=&#8221;center&#8221; body_text_color=&#8221;#F8F8F8&#8243; body_font_size=&#8221;16px&#8221; link_option_url=&#8221;https:\/\/pjama.eu\/da\/sengevaedningsprodukter-til-voksne\/&#8221; header_text_shadow_style=&#8221;preset1&#8243; body_text_shadow_style=&#8221;preset1&#8243; border_radii_image=&#8221;on|10px|10px|10px|10px&#8221; border_width_all_image=&#8221;4px&#8221; border_color_all_image=&#8221;#F8F8F8&#8243; global_colors_info=&#8221;{}&#8221;]<\/p>\n<p>Diskret<em data-start=\"649\" data-end=\"706\">,<\/em> absorberende natt\u00f8j, der holder sengen t\u00f8r derhjemme eller p\u00e5 rejsen.<br data-start=\"646\" data-end=\"649\">Tryghed og komfort for voksne med enuresis.<\/p>\n<p>[\/et_pb_blurb][\/et_pb_column][\/et_pb_row][\/et_pb_section][et_pb_section fb_built=&#8221;1&#8243; _builder_version=&#8221;4.16&#8243; background_color=&#8221;#f8f8f8&#8243; background_enable_image=&#8221;off&#8221; custom_padding=&#8221;0px|||||&#8221; da_disable_devices=&#8221;off|off|off&#8221; global_colors_info=&#8221;{}&#8221; da_is_popup=&#8221;off&#8221; da_exit_intent=&#8221;off&#8221; da_has_close=&#8221;on&#8221; da_alt_close=&#8221;off&#8221; da_dark_close=&#8221;off&#8221; da_not_modal=&#8221;on&#8221; da_is_singular=&#8221;off&#8221; da_with_loader=&#8221;off&#8221; da_has_shadow=&#8221;on&#8221;][\/et_pb_section][et_pb_section fb_built=&#8221;1&#8243; _builder_version=&#8221;4.27.6&#8243; _module_preset=&#8221;default&#8221; da_disable_devices=&#8221;off|off|off&#8221; global_colors_info=&#8221;{}&#8221; da_is_popup=&#8221;off&#8221; da_exit_intent=&#8221;off&#8221; da_has_close=&#8221;on&#8221; da_alt_close=&#8221;off&#8221; da_dark_close=&#8221;off&#8221; da_not_modal=&#8221;on&#8221; da_is_singular=&#8221;off&#8221; da_with_loader=&#8221;off&#8221; da_has_shadow=&#8221;on&#8221;][et_pb_row _builder_version=&#8221;4.27.6&#8243; _module_preset=&#8221;default&#8221; global_colors_info=&#8221;{}&#8221;][et_pb_column type=&#8221;4_4&#8243; _builder_version=&#8221;4.27.6&#8243; _module_preset=&#8221;default&#8221; global_colors_info=&#8221;{}&#8221;][et_pb_text _builder_version=&#8221;4.27.6&#8243; _module_preset=&#8221;default&#8221; text_font=&#8221;&#8211;et_global_body_font|&#8211;et_global_heading_font_weight|||||||&#8221; header_text_color=&#8221;#D35917&#8243; header_2_text_color=&#8221;#D35917&#8243; header_3_text_color=&#8221;#072130&#8243; global_colors_info=&#8221;{}&#8221;]<\/p>\n<h3>Produkter til sengev\u00e6dning<\/h3>\n<h2>til b\u00f8rn, teenagere og voksne<\/h2>\n<p>Sengev\u00e6dning er mere almindeligt, end mange tror. B\u00f8rn, teenagere og voksne kan alle opleve natlige uheld p\u00e5 forskellige stadier i livet. Heldigvis findes der nu moderne produkter til sengev\u00e6dning, som g\u00f8r det muligt at h\u00e5ndtere situationen diskret og komfortabelt.  <\/p>\n<p>At Pjama, you will find a wide range of bedwetting products designed to support both protection and treatment. The products are developed to make everyday life easier, improve sleep, and provide greater peace of mind \u2013 whether the goal is reliable protection throughout the night or long-term treatment of bedwetting. <\/p>\n<h3>Hvilke typer produkter til sengev\u00e6dning findes der?<\/h3>\n<p>Der findes flere forskellige typer produkter til sengev\u00e6dning, som kan bruges enkeltvis eller i kombination, alt efter behov og omst\u00e6ndigheder.<\/p>\n<p><strong>Pjama Protect &#8211; Vaskbart beskyttende natt\u00f8j<\/strong><br \/>Vaskbare shorts, bukser og undert\u00f8j med absorberende lag beskytter sengen, samtidig med at det ser ud og f\u00f8les som almindeligt natt\u00f8j. Det giver en diskret l\u00f8sning, der er velegnet til brug i hjemmet, p\u00e5 rejser eller under overnatninger. <\/p>\n<p><strong>Pjama DryGuardians &#8211; Sengev\u00e6dningsalarmer<\/strong><br \/>Sengev\u00e6dningsalarmer bruges ofte som en behandlingsmetode. Alarmen reagerer p\u00e5 fugt og hj\u00e6lper kroppen med at l\u00e6re at v\u00e5gne, n\u00e5r bl\u00e6ren er fuld. Med tiden kan det bidrage til bedre bl\u00e6rekontrol om natten.  <\/p>\n<p><strong>Tilbeh\u00f8r &#8211; st\u00f8ttende produkter<\/strong><br \/>Tilbeh\u00f8r som f.eks. p\u00e5mindelsesure, sensorer og opbevaringsl\u00f8sninger kan st\u00f8tte bl\u00e6retr\u00e6ningen og g\u00f8re de daglige rutiner lettere.<\/p>\n<p><strong data-start=\"230\" data-end=\"266\">Voksne &#8211; Sengev\u00e6dningsprodukter til voksne<\/strong><br data-start=\"266\" data-end=\"269\">Diskrete og komfortable l\u00f8sninger udviklet til voksne, der oplever sengev\u00e6dning om natten. Produkterne er designet til at give p\u00e5lidelig beskyttelse hele natten, samtidig med at de ser ud og f\u00f8les som almindeligt natt\u00f8j. Det g\u00f8r dem velegnede til brug i hjemmet, p\u00e5 rejser eller under overnatninger, uden at de f\u00f8les medicinske eller begr\u00e6nsende.  <\/p>\n<p>[\/et_pb_text][\/et_pb_column][\/et_pb_row][et_pb_row _builder_version=&#8221;4.27.6&#8243; _module_preset=&#8221;default&#8221; global_colors_info=&#8221;{}&#8221;][et_pb_column type=&#8221;4_4&#8243; _builder_version=&#8221;4.27.6&#8243; _module_preset=&#8221;default&#8221; global_colors_info=&#8221;{}&#8221;][et_pb_text _builder_version=&#8221;4.27.6&#8243; _module_preset=&#8221;default&#8221; text_font=&#8221;&#8211;et_global_body_font|&#8211;et_global_heading_font_weight|||||||&#8221; header_3_text_color=&#8221;#072130&#8243; global_colors_info=&#8221;{}&#8221;]<\/p>\n<h3>Diskrete l\u00f8sninger til bedre s\u00f8vn<\/h3>\n<p>Moderne produkter til sengev\u00e6dning er designet med fokus p\u00e5 komfort, diskretion og brugervenlighed. Mange produkter ligner almindeligt natt\u00f8j og kan vaskes og genbruges, hvilket g\u00f8r dem b\u00e5de praktiske og mere b\u00e6redygtige end engangsalternativer. <\/p>\n<p>For b\u00f8rnefamilier kan de rigtige produkter reducere stress omkring sengetid. For teenagere og voksne g\u00f8r diskrete l\u00f8sninger det lettere at bevare privatlivet og deltage i hverdagens aktiviteter uden bekymring. <\/p>\n<h3>V\u00e6lg de rigtige produkter til sengev\u00e6dning<\/h3>\n<p>Valg af produkter til sengev\u00e6dning afh\u00e6nger ofte af alder, den underliggende \u00e5rsag til sengev\u00e6dning og personlige pr\u00e6ferencer. Nogle prioriterer p\u00e5lidelig beskyttelse natten over, mens andre \u00f8nsker at kombinere beskyttelse med behandling. <\/p>\n<p>Hos Pjama finder du omhyggeligt udviklede produkter til sengev\u00e6dning, der kombinerer komfortable materialer, diskret design og moderne teknologi &#8211; alt sammen for at underst\u00f8tte bedre s\u00f8vn og forbedret livskvalitet. <\/p>\n<p>[\/et_pb_text][\/et_pb_column][\/et_pb_row][\/et_pb_section]<\/p>\n","protected":false},"excerpt":{"rendered":"<p>P\u00e5lidelige absorberende l\u00f8sninger, der holder sengen t\u00f8r og ulykker private.N\u00e5r behandling ikke er i fokus, men ro i sindet er.Smart natt\u00f8j med sensorer og alarm &#8211; klinisk testet til at hj\u00e6lpe b\u00f8rn og voksne med at overvinde sengev\u00e6dning. Til dem, der \u00f8nsker varig t\u00f8rhed, ikke bare beskyttelse. Praktiske tilf\u00f8jelser, der g\u00f8r hverdagen lettere &#8211; fra [&hellip;]<\/p>\n","protected":false},"author":33,"featured_media":31071,"parent":0,"menu_order":0,"comment_status":"closed","ping_status":"closed","template":"","meta":{"_et_pb_use_builder":"on","_et_pb_old_content":"","_et_gb_content_width":"","footnotes":""},"class_list":["post-36570","page","type-page","status-publish","has-post-thumbnail","hentry"],"_links":{"self":[{"href":"https:\/\/pjama.eu\/da\/wp-json\/wp\/v2\/pages\/36570","targetHints":{"allow":["GET"]}}],"collection":[{"href":"https:\/\/pjama.eu\/da\/wp-json\/wp\/v2\/pages"}],"about":[{"href":"https:\/\/pjama.eu\/da\/wp-json\/wp\/v2\/types\/page"}],"author":[{"embeddable":true,"href":"https:\/\/pjama.eu\/da\/wp-json\/wp\/v2\/users\/33"}],"replies":[{"embeddable":true,"href":"https:\/\/pjama.eu\/da\/wp-json\/wp\/v2\/comments?post=36570"}],"version-history":[{"count":4,"href":"https:\/\/pjama.eu\/da\/wp-json\/wp\/v2\/pages\/36570\/revisions"}],"predecessor-version":[{"id":37012,"href":"https:\/\/pjama.eu\/da\/wp-json\/wp\/v2\/pages\/36570\/revisions\/37012"}],"wp:featuredmedia":[{"embeddable":true,"href":"https:\/\/pjama.eu\/da\/wp-json\/wp\/v2\/media\/31071"}],"wp:attachment":[{"href":"https:\/\/pjama.eu\/da\/wp-json\/wp\/v2\/media?parent=36570"}],"curies":[{"name":"wp","href":"https:\/\/api.w.org\/{rel}","templated":true}]}}