{"id":8445,"date":"2020-11-19T09:21:02","date_gmt":"2020-11-19T08:21:02","guid":{"rendered":"https:\/\/pjama.eu\/klinik-for-sengevaedning-kort\/"},"modified":"2025-09-05T11:57:58","modified_gmt":"2025-09-05T09:57:58","slug":"klinik-for-sengevaedning-kort","status":"publish","type":"page","link":"https:\/\/pjama.eu\/da\/klinik-for-sengevaedning-kort\/","title":{"rendered":"Klinik for sengev\u00e6dning &#8211; kort"},"content":{"rendered":"<p>[et_pb_section fb_built=&#8221;1&#8243; specialty=&#8221;on&#8221; _builder_version=&#8221;4.27.4&#8243; _module_preset=&#8221;default&#8221; background_image=&#8221;https:\/\/pjama.eu\/wp-content\/uploads\/enureskliniken-bakgrund2.jpeg&#8221; width=&#8221;100%&#8221; min_height=&#8221;1000px&#8221; custom_margin=&#8221;0px||-56px||false|false&#8221; global_colors_info=&#8221;{}&#8221;][et_pb_column type=&#8221;1_2&#8243; specialty_columns=&#8221;2&#8243; _builder_version=&#8221;4.16&#8243; custom_padding=&#8221;|||&#8221; global_colors_info=&#8221;{}&#8221; custom_padding__hover=&#8221;|||&#8221;][et_pb_row_inner _builder_version=&#8221;4.22.2&#8243; _module_preset=&#8221;default&#8221; min_height=&#8221;247.5px&#8221; custom_margin=&#8221;0px||-20px||false|false&#8221; custom_padding=&#8221;40px||0px||false|false&#8221; global_colors_info=&#8221;{}&#8221;][et_pb_column_inner saved_specialty_column_type=&#8221;1_2&#8243; _builder_version=&#8221;4.21.2&#8243; _module_preset=&#8221;default&#8221; global_colors_info=&#8221;{}&#8221;][et_pb_text _builder_version=&#8221;4.27.4&#8243; _module_preset=&#8221;default&#8221; custom_margin=&#8221;||0px||false|false&#8221; global_colors_info=&#8221;{}&#8221;]<\/p>\n<h1><span style=\"color: #1f448b\">DryGuardians APP<\/span><\/h1>\n<h3><strong><span style=\"color: #61a2df\">LAD VORES SMARTE SERVICE GUIDE DIG GENNEM BEHANDLINGEN!<\/span><\/strong><\/h3>\n<p><span style=\"font-weight: 400\">Behandling af sengev\u00e6dning med en sengev\u00e6dningsalarm p\u00e5virker hele familien, men er i de fleste tilf\u00e6lde en effektiv m\u00e5de at hj\u00e6lpe b\u00f8rn med at holde op med at tisse i sengen.<\/span><\/p>\n<p><span style=\"font-weight: 400\"><\/span><span style=\"font-weight: 400\">Vores digitale service er udviklet sammen med det svenske sundhedsv\u00e6sen for at give dig de bedste foruds\u00e6tninger for en vellykket behandling.<\/span><\/p>\n<p>[\/et_pb_text][et_pb_text module_class=&#8221;custom_bullets_wpcc custom_bullets_wpcc&#8211;filledcheck&#8221; _builder_version=&#8221;4.27.4&#8243; text_font_size=&#8221;19px&#8221; custom_margin=&#8221;40px||||false|false&#8221; custom_padding=&#8221;||0px||false|false&#8221; global_colors_info=&#8221;{}&#8221;]<\/p>\n<h4><img loading=\"lazy\" decoding=\"async\" class=\"wp-image-1152 alignnone \" src=\"https:\/\/pjama.eu\/wp-content\/uploads\/check@2x-300x300-2.png\" alt=\"\" width=\"26\" height=\"26\">  <b>DOWNLOAD APPEN GRATIS<\/b><\/h4>\n<h4><img loading=\"lazy\" decoding=\"async\" class=\"wp-image-1152 alignnone \" src=\"https:\/\/pjama.eu\/wp-content\/uploads\/check@2x-300x300-2.png\" alt=\"\" width=\"26\" height=\"26\">  REGISTRER<\/h4>\n<h4><img loading=\"lazy\" decoding=\"async\" class=\"wp-image-1152 alignnone \" src=\"https:\/\/pjama.eu\/wp-content\/uploads\/check@2x-300x300-2.png\" alt=\"\" width=\"26\" height=\"26\">  <b>START BEHANDLINGEN MED DET SAMME<\/b><\/h4>\n<h4><img loading=\"lazy\" decoding=\"async\" class=\"wp-image-1152 alignnone \" src=\"https:\/\/pjama.eu\/wp-content\/uploads\/check@2x-300x300-2.png\" alt=\"\" width=\"26\" height=\"26\">  <b>SKR\u00c6DDERSYET FEEDBACK<\/b><\/h4>\n<h4><img loading=\"lazy\" decoding=\"async\" class=\"wp-image-1152 alignnone \" src=\"https:\/\/pjama.eu\/wp-content\/uploads\/check@2x-300x300-2.png\" alt=\"\" width=\"26\" height=\"26\">  Motivation, tips og r\u00e5d<\/h4>\n<p>[\/et_pb_text][\/et_pb_column_inner][\/et_pb_row_inner][\/et_pb_column][et_pb_column type=&#8221;1_2&#8243; _builder_version=&#8221;4.16&#8243; custom_padding=&#8221;|||&#8221; global_colors_info=&#8221;{}&#8221; custom_padding__hover=&#8221;|||&#8221;][et_pb_image src=&#8221;https:\/\/pjama.eu\/wp-content\/uploads\/dryguardians-app-device-1-1-1.png&#8221; alt=&#8221;DryGuardians app&#8221; title_text=&#8221;dryguardians-app-enhed-1 (1)&#8221; _builder_version=&#8221;4.27.4&#8243; width=&#8221;70%&#8221; width_tablet=&#8221;100%&#8221; width_phone=&#8221;74%&#8221; width_last_edited=&#8221;on|desktop&#8221; module_alignment=&#8221;center&#8221; custom_margin=&#8221;-20px||43px|0px|false|false&#8221; custom_margin_tablet=&#8221;0px||||false|false&#8221; custom_margin_phone=&#8221;-20px|0px|||false|false&#8221; custom_margin_last_edited=&#8221;on|phone&#8221; custom_padding=&#8221;|45px||0px|false|false&#8221; hover_enabled=&#8221;0&#8243; border_radii=&#8221;on|7px|7px|7px|7px&#8221; global_colors_info=&#8221;{}&#8221; sticky_enabled=&#8221;0&#8243;][\/et_pb_image][\/et_pb_column][\/et_pb_section][et_pb_section fb_built=&#8221;1&#8243; custom_padding_last_edited=&#8221;on|phone&#8221; _builder_version=&#8221;4.19.4&#8243; background_color=&#8221;#F8F8F8&#8243; background_enable_image=&#8221;off&#8221; min_height=&#8221;3059.8px&#8221; custom_padding=&#8221;||||true|false&#8221; custom_padding_tablet=&#8221;60px||60px||true|false&#8221; custom_padding_phone=&#8221;40px||40px||false|false&#8221; top_divider_color=&#8221;#61a2df&#8221; top_divider_height=&#8221;500px&#8221; bottom_divider_color=&#8221;#ffffff&#8221; bottom_divider_flip=&#8221;horizontal&#8221; bottom_divider_height_tablet=&#8221;58px&#8221; bottom_divider_height_phone=&#8221;32px&#8221; bottom_divider_height_last_edited=&#8221;on|phone&#8221; box_shadow_style=&#8221;preset3&#8243; box_shadow_color=&#8221;#1F448B&#8221; collapsed=&#8221;on&#8221; global_colors_info=&#8221;{}&#8221;][et_pb_row _builder_version=&#8221;4.22.1&#8243; custom_margin=&#8221;||||false|false&#8221; custom_padding=&#8221;10px||0px||false|false&#8221; global_colors_info=&#8221;{}&#8221;][et_pb_column type=&#8221;4_4&#8243; _builder_version=&#8221;4.16&#8243; global_colors_info=&#8221;{}&#8221;][et_pb_text module_class=&#8221;custom_bullets_wpcc custom_bullets_wpcc&#8211;point&#8221; _builder_version=&#8221;4.27.4&#8243; global_colors_info=&#8221;{}&#8221;]<\/p>\n<h3 style=\"text-align: center\"><b>WHAT YOU GET ACCESS TO IN THE DRYGUARDIANS APP:<\/b><\/h3>\n<ul>\n<li style=\"font-weight: 400\"><span style=\"font-weight: 400\">Easy &amp; quick registration.<\/span><\/li>\n<li style=\"font-weight: 400\"><span style=\"font-weight: 400\">Connect wirelessly via Bluetooth to the Pjama Sensor (our alarms are available <a href=\"https:\/\/pjama.eu\/bedwetting-alarm\/\">here<\/a>!).<\/span><\/li>\n<li style=\"font-weight: 400\"><span style=\"font-weight: 400\">Use your phone as an extra alarm.<\/span><\/li>\n<li style=\"font-weight: 400\"><span style=\"font-weight: 400\">Set daily reminders to go to the toilet.<\/span><\/li>\n<li style=\"font-weight: 400\"><span style=\"font-weight: 400\">A calendar to log nightly results and track progress.<\/span><\/li>\n<li style=\"font-weight: 400\"><span style=\"font-weight: 400\">Record your own alarm to better wake your child or yourself.<\/span><\/li>\n<li style=\"font-weight: 400\"><span style=\"font-weight: 400\">General tips and advice during treatment.<\/span><\/li>\n<li style=\"font-weight: 400\"><span style=\"font-weight: 400\">Tailored feedback on your treatment.<\/span><\/li>\n<li style=\"font-weight: 400\"><span style=\"font-weight: 400\">Motivation for adults and children (texts, images, and videos).<\/span><\/li>\n<\/ul>\n<p>[\/et_pb_text][\/et_pb_column][\/et_pb_row][et_pb_row _builder_version=&#8221;4.22.2&#8243; background_color=&#8221;RGBA(255,255,255,0)&#8221; custom_margin=&#8221;0px||0px||false|false&#8221; custom_padding=&#8221;0px||0px||false|false&#8221; global_colors_info=&#8221;{}&#8221;][et_pb_column type=&#8221;4_4&#8243; _builder_version=&#8221;4.16&#8243; global_colors_info=&#8221;{}&#8221;][et_pb_text _builder_version=&#8221;4.27.4&#8243; custom_margin=&#8221;0px||0px||false|false&#8221; custom_padding=&#8221;0px||0px||false|false&#8221; global_colors_info=&#8221;{}&#8221;]<\/p>\n<h2 style=\"text-align: center\">HVORDAN FUNGERER APPEN?<\/h2>\n<p>[\/et_pb_text][et_pb_divider _builder_version=&#8221;4.22.2&#8243; _module_preset=&#8221;default&#8221; width=&#8221;10%&#8221; module_alignment=&#8221;center&#8221; custom_margin=&#8221;0px||0px||false|false&#8221; custom_padding=&#8221;0px||0px||false|false&#8221; global_colors_info=&#8221;{}&#8221;][\/et_pb_divider][\/et_pb_column][\/et_pb_row][et_pb_row column_structure=&#8221;1_2,1_2&#8243; _builder_version=&#8221;4.27.4&#8243; _module_preset=&#8221;default&#8221; global_colors_info=&#8221;{}&#8221;][et_pb_column type=&#8221;1_2&#8243; _builder_version=&#8221;4.27.4&#8243; _module_preset=&#8221;default&#8221; global_colors_info=&#8221;{}&#8221;][et_pb_image src=&#8221;https:\/\/pjama.eu\/wp-content\/uploads\/Pjama_behandling_1-3-1.jpg&#8221; alt=&#8221;DryGuardians app&#8221; title_text=&#8221;Pjama_behandling_1 (3) (1)&#8221; _builder_version=&#8221;4.27.4&#8243; _module_preset=&#8221;default&#8221; hover_enabled=&#8221;0&#8243; global_colors_info=&#8221;{}&#8221; sticky_enabled=&#8221;0&#8243;][\/et_pb_image][et_pb_text _builder_version=&#8221;4.27.4&#8243; global_colors_info=&#8221;{}&#8221;]<\/p>\n<h3><span style=\"color: #1f448b\">1. <b>OPN\u00c5 SUCCES P\u00c5 EGEN H\u00c5ND ELLER MED EKSPERTST\u00d8TTE:<\/b><br \/><\/span><\/h3>\n<p><span style=\"font-weight: 400\">Tag kontrol over din behandlingsrejse for at stoppe med at tisse i sengen! Uanset om du foretr\u00e6kker at arbejde selvst\u00e6ndigt eller under vejledning af din l\u00e6ge eller sygeplejerske, fungerer Pjama&#8217;s service til sengev\u00e6dning effektivt med indbygget vejledning. Se daglige fremskridt og et overblik, mens din sundhedsplejerske kan overv\u00e5ge din proces og foretage de n\u00f8dvendige justeringer for at opn\u00e5 optimale resultater.  <\/span><\/p>\n<p>[\/et_pb_text][\/et_pb_column][et_pb_column type=&#8221;1_2&#8243; _builder_version=&#8221;4.27.4&#8243; _module_preset=&#8221;default&#8221; global_colors_info=&#8221;{}&#8221;][et_pb_image src=&#8221;https:\/\/pjama.eu\/wp-content\/uploads\/DryGuardians-app-1.jpg&#8221; alt=&#8221;DryGuardians app&#8221; title_text=&#8221;DryGuardians app (1)&#8221; _builder_version=&#8221;4.27.4&#8243; _module_preset=&#8221;default&#8221; hover_enabled=&#8221;0&#8243; global_colors_info=&#8221;{}&#8221; sticky_enabled=&#8221;0&#8243;][\/et_pb_image][et_pb_text _builder_version=&#8221;4.27.4&#8243; global_colors_info=&#8221;{}&#8221;]<\/p>\n<h3><span style=\"color: #1f448b\">2. NEM DOWNLOAD AF APP:<\/span><\/h3>\n<p><span style=\"font-weight: 400\">Begynd din behandlingsrejse ved at downloade og installere DryGuardians App nemt og helt gratis! Vores brugervenlige app er tilg\u00e6ngelig p\u00e5 flere sprog, hvilket sikrer en problemfri oplevelse, der er skr\u00e6ddersyet til dine pr\u00e6ferencer. <\/span><\/p>\n<p>[\/et_pb_text][\/et_pb_column][\/et_pb_row][et_pb_row column_structure=&#8221;1_3,1_3,1_3&#8243; _builder_version=&#8221;4.27.4&#8243; _module_preset=&#8221;default&#8221; background_color=&#8221;#1F448B&#8221; background_image=&#8221;https:\/\/pjama.eu\/wp-content\/uploads\/lightblue-bigbubble.svg&#8221; global_colors_info=&#8221;{}&#8221;][et_pb_column type=&#8221;1_3&#8243; _builder_version=&#8221;4.27.4&#8243; _module_preset=&#8221;default&#8221; global_colors_info=&#8221;{}&#8221;][et_pb_heading title=&#8221;DOWNLOAD APPEN GRATIS!&#8221; _builder_version=&#8221;4.27.4&#8243; _module_preset=&#8221;default&#8221; title_text_align=&#8221;center&#8221; title_text_color=&#8221;#FFFFFF&#8221; custom_margin=&#8221;16px||||false|false&#8221; global_colors_info=&#8221;{}&#8221;][\/et_pb_heading][\/et_pb_column][et_pb_column type=&#8221;1_3&#8243; _builder_version=&#8221;4.27.4&#8243; _module_preset=&#8221;default&#8221; global_colors_info=&#8221;{}&#8221;][et_pb_image src=&#8221;https:\/\/pjama.eu\/wp-content\/uploads\/appstore.svg&#8221; alt=&#8221;Pjama App &#8211; App Store  &#8221; title_text=&#8221;Pjama App &#8211; App Store&#8221; url=&#8221;https:\/\/apps.apple.com\/us\/app\/pjama\/id1498084664&#8243; use_overlay=&#8221;on&#8221; overlay_icon_color=&#8221;RGBA(255,255,255,0)&#8221; hover_overlay_color=&#8221;rgba(31,68,139,0.5)&#8221; align=&#8221;center&#8221; _builder_version=&#8221;4.27.4&#8243; _module_preset=&#8221;default&#8221; width=&#8221;46%&#8221; max_width=&#8221;68%&#8221; border_radii=&#8221;on|7px|7px|7px|7px&#8221; box_shadow_style=&#8221;preset3&#8243; box_shadow_color=&#8221;#878787&#8243; global_colors_info=&#8221;{}&#8221;][\/et_pb_image][\/et_pb_column][et_pb_column type=&#8221;1_3&#8243; _builder_version=&#8221;4.27.4&#8243; _module_preset=&#8221;default&#8221; global_colors_info=&#8221;{}&#8221;][et_pb_image src=&#8221;https:\/\/pjama.eu\/wp-content\/uploads\/googleplay.svg&#8221; alt=&#8221;Pjama App &#8211; Google Play&#8221; title_text=&#8221;Pjama App &#8211; Google Play&#8221; url=&#8221;https:\/\/play.google.com\/store\/apps\/details?id=com.pjama&#8221; use_overlay=&#8221;on&#8221; overlay_icon_color=&#8221;RGBA(255,255,255,0)&#8221; hover_overlay_color=&#8221;rgba(31,68,139,0.5)&#8221; align=&#8221;center&#8221; _builder_version=&#8221;4.27.4&#8243; _module_preset=&#8221;default&#8221; width=&#8221;46%&#8221; max_width=&#8221;68%&#8221; border_radii=&#8221;on|7px|7px|7px|7px&#8221; box_shadow_style=&#8221;preset3&#8243; box_shadow_color=&#8221;#878787&#8243; global_colors_info=&#8221;{}&#8221;][\/et_pb_image][\/et_pb_column][\/et_pb_row][et_pb_row column_structure=&#8221;1_2,1_2&#8243; _builder_version=&#8221;4.27.4&#8243; _module_preset=&#8221;default&#8221; min_height=&#8221;87px&#8221; global_colors_info=&#8221;{}&#8221;][et_pb_column type=&#8221;1_2&#8243; _builder_version=&#8221;4.27.4&#8243; _module_preset=&#8221;default&#8221; global_colors_info=&#8221;{}&#8221;][et_pb_video src=&#8221;https:\/\/pjama.eu\/se\/wp-content\/uploads\/DG_REGISTRERING-SE.mp4&#8243; image_src=&#8221;https:\/\/pjama.eu\/wp-content\/uploads\/DryGuardians_overlay-registrering-SE.png&#8221; play_icon_color=&#8221;#1F448B&#8221; thumbnail_overlay_color=&#8221;rgba(31,68,139,0.5)&#8221; _builder_version=&#8221;4.27.4&#8243; _module_preset=&#8221;default&#8221; min_height=&#8221;414px&#8221; global_colors_info=&#8221;{}&#8221;][\/et_pb_video][et_pb_text _builder_version=&#8221;4.27.4&#8243; global_colors_info=&#8221;{}&#8221;]<\/p>\n<h3><span style=\"color: #1f448b\">3. HURTIG REGISTRERING:<\/span><\/h3>\n<p><span style=\"font-weight: 400\">Registrer dig i DryGuardians-appen, og giv oplysninger om din behandling af sengev\u00e6dning. Hvis din klinik endnu ikke er tilsluttet, eller hvis du selv har taget h\u00e5nd om din sengev\u00e6dning, skal du blot v\u00e6lge &#8220;DryGuardians Bedwetting Clinic&#8221; som din dedikerede klinik. Hvis du er i kontakt med en bestemt klinik, skal du v\u00e6lge den relevante mulighed. Appen underst\u00f8tter flere brugere, s\u00e5 familier eller individer kan f\u00f8lge deres fremskridt ved hj\u00e6lp af den samme e-mail og adgangskode p\u00e5 forskellige enheder.   <\/span><\/p>\n<p>[\/et_pb_text][\/et_pb_column][et_pb_column type=&#8221;1_2&#8243; _builder_version=&#8221;4.27.4&#8243; _module_preset=&#8221;default&#8221; global_colors_info=&#8221;{}&#8221;][et_pb_image src=&#8221;https:\/\/pjama.eu\/wp-content\/uploads\/WebShop1.jpg&#8221; alt=&#8221;DryGuardians app&#8221; title_text=&#8221;WebShop1&#8243; url=&#8221;https:\/\/pjama.se\/pjama-shop\/&#8221; use_overlay=&#8221;on&#8221; overlay_icon_color=&#8221;RGBA(255,255,255,0)&#8221; hover_overlay_color=&#8221;rgba(31,68,139,0.5)&#8221; _builder_version=&#8221;4.27.4&#8243; _module_preset=&#8221;default&#8221; custom_margin=&#8221;0px|0px||0px|false|false&#8221; custom_padding=&#8221;0px|0px|0px|0px|false|false&#8221; hover_enabled=&#8221;0&#8243; global_colors_info=&#8221;{}&#8221; sticky_enabled=&#8221;0&#8243;][\/et_pb_image][et_pb_text _builder_version=&#8221;4.27.4&#8243; global_colors_info=&#8221;{}&#8221;]<\/p>\n<h3><span style=\"color: #1f448b\">4. <b>UDSTYR DIG SELV MED EN ALARM MOD SENGEV\u00c6DNING:<\/b><br \/><\/span><\/h3>\n<p><span style=\"font-weight: 400\">For at f\u00e5 en effektiv behandling er det n\u00f8dvendigt at have adgang til en p\u00e5lidelig tissealarm.<\/span> <span style=\"font-weight: 400\">Vores webshop tilbyder alarmer af h\u00f8j kvalitet designet til b\u00e5de drenge og piger. F\u00f8lg vores guide i butikken for at f\u00e5 det bedste resultat. <\/span><\/p>\n<p>[\/et_pb_text][\/et_pb_column][\/et_pb_row][et_pb_row column_structure=&#8221;1_2,1_2&#8243; _builder_version=&#8221;4.27.4&#8243; _module_preset=&#8221;default&#8221; global_colors_info=&#8221;{}&#8221;][et_pb_column type=&#8221;1_2&#8243; _builder_version=&#8221;4.27.4&#8243; _module_preset=&#8221;default&#8221; global_colors_info=&#8221;{}&#8221;][et_pb_video src=&#8221;https:\/\/pjama.eu\/se\/wp-content\/uploads\/DG_HUR-DET-FUNGERAR_SE.mp4&#8243; image_src=&#8221;https:\/\/pjama.eu\/wp-content\/uploads\/DG_Overlay_hur-det-fungerar-SE.jpg&#8221; play_icon_color=&#8221;#1F448B&#8221; thumbnail_overlay_color=&#8221;rgba(31,68,139,0.5)&#8221; _builder_version=&#8221;4.27.4&#8243; _module_preset=&#8221;default&#8221; min_height=&#8221;0px&#8221; max_height=&#8221;1000px&#8221; global_colors_info=&#8221;{}&#8221;][\/et_pb_video][et_pb_text _builder_version=&#8221;4.27.4&#8243; global_colors_info=&#8221;{}&#8221;]<\/p>\n<h3><span style=\"color: #1f448b\">5. START DIN BEHANDLING:<\/span><\/h3>\n<p><span style=\"font-weight: 400\">Med din alarm mod sengev\u00e6dning er du klar til at starte din behandlingsrejse. Konsekvent brug og t\u00e5lmodighed er n\u00f8glen, s\u00e5 s\u00f8rg for at bruge alarmen hver aften og log dine fremskridt i appens kalender hver dag. <\/span><\/p>\n<p><span style=\"font-weight: 400\">Hvis din sundhedsplejerske er forbundet med vores system, kan hun overv\u00e5ge dine fremskridt digitalt og sikre, at du holder dig p\u00e5 sporet.<\/span><\/p>\n<p><span style=\"font-weight: 400\">Hvis man bruger sin telefon som alarm, skal man huske at lade DryGuardians App k\u00f8re i baggrunden ca. 5-10 meter fra sensoren, op til 20 meter afh\u00e6ngigt af telefonen.<\/span><\/p>\n<p>[\/et_pb_text][\/et_pb_column][et_pb_column type=&#8221;1_2&#8243; _builder_version=&#8221;4.27.4&#8243; _module_preset=&#8221;default&#8221; global_colors_info=&#8221;{}&#8221;][et_pb_video src=&#8221;https:\/\/pjama.eu\/se\/wp-content\/uploads\/Dryguardians-app_valkommen.mp4&#8243; image_src=&#8221;https:\/\/pjama.eu\/wp-content\/uploads\/DryGuardians-app-overlay_valkommen-2.jpg&#8221; play_icon_color=&#8221;#1F448B&#8221; thumbnail_overlay_color=&#8221;rgba(31,68,139,0.5)&#8221; _builder_version=&#8221;4.27.4&#8243; _module_preset=&#8221;default&#8221; min_height=&#8221;100px&#8221; global_colors_info=&#8221;{}&#8221;][\/et_pb_video][et_pb_text _builder_version=&#8221;4.27.4&#8243; global_colors_info=&#8221;{}&#8221;]<\/p>\n<h3><span style=\"color: #1f448b\">6. EXPERT TIPS AND ANALYSIS:<\/span><\/h3>\n<p><span style=\"font-weight: 400\">The DryGuardians bedwetting service offers tips and advice throughout your treatment, directly accessible in the app. Benefit from general guidance and personalized recommendations based on your progress. With daily data analysis, we fine-tune your treatment plan for optimal results.<\/span><\/p>\n<p><span style=\"font-weight: 400\">After four weeks, a comprehensive analysis predicts whether you should continue or end your bedwetting treatment, potentially saving you many weeks of unnecessary frustration. Subsequent analyses occur every two weeks if treatment continues.<\/span><\/p>\n<p><span style=\"font-weight: 400\">You are considered cured after 14 dry nights in a row, but to be safe, we recommend continuing until you have had 28 dry nights in a row. We have compiled <a href=\"https:\/\/pjama.eu\/bedwetting-treatment-tips\/\">treatment advice<\/a> and recommendations from Swedish healthcare for a bedwetting alarm treatment.<\/span><\/p>\n<p>[\/et_pb_text][\/et_pb_column][\/et_pb_row][\/et_pb_section][et_pb_section fb_built=&#8221;1&#8243; custom_padding_last_edited=&#8221;on|phone&#8221; _builder_version=&#8221;4.19.4&#8243; background_color=&#8221;#FFFFFF&#8221; background_enable_image=&#8221;off&#8221; custom_padding=&#8221;||||true|false&#8221; custom_padding_tablet=&#8221;60px||60px||true|false&#8221; custom_padding_phone=&#8221;40px||40px||false|false&#8221; top_divider_color=&#8221;#61a2df&#8221; top_divider_height=&#8221;500px&#8221; bottom_divider_color=&#8221;#ffffff&#8221; bottom_divider_flip=&#8221;horizontal&#8221; bottom_divider_height_tablet=&#8221;58px&#8221; bottom_divider_height_phone=&#8221;32px&#8221; bottom_divider_height_last_edited=&#8221;on|phone&#8221; box_shadow_style=&#8221;preset3&#8243; box_shadow_color=&#8221;#1F448B&#8221; collapsed=&#8221;on&#8221; global_colors_info=&#8221;{}&#8221;][et_pb_row column_structure=&#8221;1_2,1_2&#8243; _builder_version=&#8221;4.27.4&#8243; _module_preset=&#8221;default&#8221; global_colors_info=&#8221;{}&#8221;][et_pb_column type=&#8221;1_2&#8243; _builder_version=&#8221;4.27.4&#8243; _module_preset=&#8221;default&#8221; global_colors_info=&#8221;{}&#8221;][et_pb_image src=&#8221;https:\/\/pjama.eu\/wp-content\/uploads\/Enureskliniken-bakgrund1-e1672124205170-2.jpeg&#8221; alt=&#8221;Klinik for sengev\u00e6dning&#8221; title_text=&#8221;Enureskliniken-bakgrund1-e1672124205170-2&#8243; _builder_version=&#8221;4.27.4&#8243; _module_preset=&#8221;default&#8221; min_height=&#8221;100px&#8221; hover_enabled=&#8221;0&#8243; global_colors_info=&#8221;{}&#8221; sticky_enabled=&#8221;0&#8243;][\/et_pb_image][et_pb_text _builder_version=&#8221;4.27.4&#8243; global_colors_info=&#8221;{}&#8221;]<\/p>\n<h3><span style=\"color: #1f448b\">PJAMA ER ENGAGERET I FORSKNING I SENGEV\u00c6DNING!<\/span><\/h3>\n<h4><b>PROJEKTER MED DET SVENSKE SUNDHEDSV\u00c6SEN<\/b><\/h4>\n<p><span style=\"font-weight: 400\">Appen DryGuardians er udviklet som en del af et st\u00f8rre projekt sammen med det svenske sundhedsv\u00e6sen og f\u00f8rende forskere, l\u00e6ger og sygeplejersker inden for enuresis. Projektet optimerer behandlingen af sengev\u00e6dning og s\u00f8ger nye pr\u00e6diktorer for, hvilken type behandling der er mest gavnlig. <\/span><\/p>\n<p><span style=\"font-weight: 400\">I \u00f8jeblikket er der omkring 50 hospitaler i hele Sverige, der behandler patienter ved hj\u00e6lp af Pjama&#8217;s sengev\u00e6dningsservice.<\/span><\/p>\n<p>[\/et_pb_text][\/et_pb_column][et_pb_column type=&#8221;1_2&#8243; _builder_version=&#8221;4.27.4&#8243; _module_preset=&#8221;default&#8221; global_colors_info=&#8221;{}&#8221;][et_pb_image src=&#8221;https:\/\/pjama.eu\/wp-content\/uploads\/Pjama-Online-doctor-1.jpeg&#8221; alt=&#8221;Klinik for sengev\u00e6dning&#8221; title_text=&#8221;Pjama-Online-l\u00e6ge&#8221; url=&#8221;https:\/\/pjama.se\/dryguardians-portal-info\/&#8221; _builder_version=&#8221;4.27.4&#8243; _module_preset=&#8221;default&#8221; min_height=&#8221;100px&#8221; hover_enabled=&#8221;0&#8243; global_colors_info=&#8221;{}&#8221; sticky_enabled=&#8221;0&#8243;][\/et_pb_image][et_pb_text _builder_version=&#8221;4.27.4&#8243; global_colors_info=&#8221;{}&#8221;]<\/p>\n<h3><span style=\"color: #1f448b\">ARBEJDER DU I SUNDHEDSSEKTOREN?<\/span><\/h3>\n<h4><span style=\"color: #1f448b\"><b>ER DU NYSGERRIG P\u00c5 DRYGUARDIANS SENGEV\u00c6DNINGSKLINIK?<\/b><\/span><\/h4>\n<p><span style=\"font-weight: 400\">Hvis du arbejder i sundhedssektoren og endnu ikke er tilknyttet DryGuardians Bedwetting Clinic, kan du l\u00e6se mere her.<\/span><\/p>\n<p>[\/et_pb_text][et_pb_button button_url=&#8221;https:\/\/pjama.eu\/da\/dryguardians-klinik-for-sengevaedning\/&#8221; button_text=&#8221;MERE INFORMATION&#8221; button_alignment=&#8221;center&#8221; _builder_version=&#8221;4.27.4&#8243; _module_preset=&#8221;default&#8221; custom_button=&#8221;on&#8221; button_border_radius=&#8221;7px&#8221; custom_margin=&#8221;20px||||false|false&#8221; box_shadow_style=&#8221;preset3&#8243; box_shadow_color=&#8221;#878787&#8243; global_colors_info=&#8221;{}&#8221;][\/et_pb_button][\/et_pb_column][\/et_pb_row][\/et_pb_section]<\/p>\n","protected":false},"excerpt":{"rendered":"<p>DryGuardians APP LAD VORES SMARTE SERVICE GUIDE DIG GENNEM BEHANDLINGEN! Behandling af sengev\u00e6dning med en sengev\u00e6dningsalarm p\u00e5virker hele familien, men er i de fleste tilf\u00e6lde en effektiv m\u00e5de at hj\u00e6lpe b\u00f8rn med at holde op med at tisse i sengen. Vores digitale service er udviklet sammen med det svenske sundhedsv\u00e6sen for at give dig de [&hellip;]<\/p>\n","protected":false},"author":6,"featured_media":0,"parent":0,"menu_order":0,"comment_status":"closed","ping_status":"closed","template":"","meta":{"_et_pb_use_builder":"on","_et_pb_old_content":"","_et_gb_content_width":"","footnotes":""},"class_list":["post-8445","page","type-page","status-publish","hentry"],"_links":{"self":[{"href":"https:\/\/pjama.eu\/da\/wp-json\/wp\/v2\/pages\/8445","targetHints":{"allow":["GET"]}}],"collection":[{"href":"https:\/\/pjama.eu\/da\/wp-json\/wp\/v2\/pages"}],"about":[{"href":"https:\/\/pjama.eu\/da\/wp-json\/wp\/v2\/types\/page"}],"author":[{"embeddable":true,"href":"https:\/\/pjama.eu\/da\/wp-json\/wp\/v2\/users\/6"}],"replies":[{"embeddable":true,"href":"https:\/\/pjama.eu\/da\/wp-json\/wp\/v2\/comments?post=8445"}],"version-history":[{"count":6,"href":"https:\/\/pjama.eu\/da\/wp-json\/wp\/v2\/pages\/8445\/revisions"}],"predecessor-version":[{"id":12915,"href":"https:\/\/pjama.eu\/da\/wp-json\/wp\/v2\/pages\/8445\/revisions\/12915"}],"wp:attachment":[{"href":"https:\/\/pjama.eu\/da\/wp-json\/wp\/v2\/media?parent=8445"}],"curies":[{"name":"wp","href":"https:\/\/api.w.org\/{rel}","templated":true}]}}