{"id":8471,"date":"2022-12-15T16:53:13","date_gmt":"2022-12-15T15:53:13","guid":{"rendered":"https:\/\/pjama.eu\/vibrerende-alarmur-shop\/"},"modified":"2025-09-05T13:17:52","modified_gmt":"2025-09-05T11:17:52","slug":"vibrerende-alarmur-shop","status":"publish","type":"page","link":"https:\/\/pjama.eu\/da\/vibrerende-alarmur-shop\/","title":{"rendered":"Vibrerende alarmur &#8211; shop"},"content":{"rendered":"<p>[et_pb_section fb_built=&#8221;1&#8243; _builder_version=&#8221;4.16&#8243; background_color=&#8221;rgba(0,0,0,0)&#8221; custom_margin_tablet=&#8221;-60px||||false|false&#8221; custom_margin_last_edited=&#8221;off|desktop&#8221; custom_padding=&#8221;48px|||||&#8221; collapsed=&#8221;off&#8221; global_colors_info=&#8221;{}&#8221;][et_pb_row column_structure=&#8221;1_2,1_2&#8243; custom_padding_last_edited=&#8221;on|desktop&#8221; _builder_version=&#8221;4.27.4&#8243; background_size=&#8221;initial&#8221; background_position=&#8221;top_left&#8221; background_repeat=&#8221;repeat&#8221; custom_padding=&#8221;0px||60px|||&#8221; custom_padding_tablet=&#8221;||0px||false|false&#8221; custom_padding_phone=&#8221;&#8221; hover_enabled=&#8221;0&#8243; global_colors_info=&#8221;{}&#8221; sticky_enabled=&#8221;0&#8243;][et_pb_column type=&#8221;1_2&#8243; _builder_version=&#8221;4.16&#8243; custom_padding=&#8221;|||&#8221; global_colors_info=&#8221;{}&#8221; custom_padding__hover=&#8221;|||&#8221;][et_pb_image src=&#8221;https:\/\/pjama.eu\/wp-content\/uploads\/Vibrerande-klocka-pjama-Vibrationsklocka-1.jpg&#8221; alt=&#8221;Vibrerende alarmur&#8221; title_text=&#8221;Vibrerende alarmur&#8221; _builder_version=&#8221;4.27.4&#8243; _module_preset=&#8221;default&#8221; custom_margin=&#8221;|20px||20px|false|false&#8221; global_colors_info=&#8221;{}&#8221;][\/et_pb_image][\/et_pb_column][et_pb_column type=&#8221;1_2&#8243; _builder_version=&#8221;4.16&#8243; custom_padding=&#8221;|||&#8221; global_colors_info=&#8221;{}&#8221; custom_padding__hover=&#8221;|||&#8221;][et_pb_text _builder_version=&#8221;4.27.4&#8243; _module_preset=&#8221;default&#8221; custom_padding=&#8221;|20px|20px|20px|false|false&#8221; hover_enabled=&#8221;0&#8243; global_colors_info=&#8221;{}&#8221; sticky_enabled=&#8221;0&#8243;]<\/p>\n<h2><span style=\"color: #1f448b;\">VIBRERENDE ALARMUR<\/span><\/h2>\n<h3><span style=\"color: #1f448b;\"><\/span><\/h3>\n<h3><span style=\"color: #1f448b;\">TIL INKONTINENS I DAGTIMERNE<\/span><\/h3>\n<p><span style=\"font-weight: 400;\">Med Pjama&#8217;s vibrerende alarmur f\u00e5r du et stilfuldt ur, der hj\u00e6lper dig med mere end bare at fort\u00e6lle tiden. Et vibrerende alarmur er et godt og diskret hj\u00e6lpemiddel for b\u00e5de b\u00f8rn og voksne, n\u00e5r man skal mindes om at g\u00e5 p\u00e5 toilettet i l\u00f8bet af dagen. Det vibrerende alarmur kan ogs\u00e5 bruges til at huske tidspunkter i l\u00f8bet af dagen for f.eks. medicinering.  <\/span><\/p>\n<p>&nbsp;<\/p>\n<p>[\/et_pb_text][\/et_pb_column][\/et_pb_row][et_pb_row custom_padding_last_edited=&#8221;on|desktop&#8221; _builder_version=&#8221;4.19.2&#8243; background_size=&#8221;initial&#8221; background_position=&#8221;top_left&#8221; background_repeat=&#8221;repeat&#8221; custom_margin=&#8221;30px||||false|false&#8221; custom_padding=&#8221;0px||60px|||&#8221; custom_padding_tablet=&#8221;||0px||false|false&#8221; custom_padding_phone=&#8221;25px||||false|false&#8221; global_colors_info=&#8221;{}&#8221;][et_pb_column type=&#8221;4_4&#8243; _builder_version=&#8221;4.16&#8243; custom_padding=&#8221;|||&#8221; global_colors_info=&#8221;{}&#8221; custom_padding__hover=&#8221;|||&#8221;][et_pb_shop type=&#8221;product_category&#8221; posts_number=&#8221;4&#8243; include_categories=&#8221;86&#8243; hover_overlay_color=&#8221;rgba(31,68,139,0.5)&#8221; hover_icon=&#8221;&#x35;||divi||400&#8243; _builder_version=&#8221;4.27.4&#8243; _module_preset=&#8221;default&#8221; hover_enabled=&#8221;0&#8243; border_radii=&#8221;on|7px|7px|7px|7px&#8221; global_colors_info=&#8221;{}&#8221; sticky_enabled=&#8221;0&#8243;][\/et_pb_shop][et_pb_button button_url=&#8221;https:\/\/pjama.eu\/da\/shop\/&#8221; button_text=&#8221;TILBAGE TIL WEBSHOPPEN&#8221; button_alignment=&#8221;center&#8221; _builder_version=&#8221;4.27.4&#8243; _module_preset=&#8221;default&#8221; custom_button=&#8221;on&#8221; button_border_radius=&#8221;7px&#8221; box_shadow_style=&#8221;preset3&#8243; box_shadow_color=&#8221;#1F448B&#8221; global_colors_info=&#8221;{}&#8221;][\/et_pb_button][\/et_pb_column][\/et_pb_row][\/et_pb_section]<\/p>\n","protected":false},"excerpt":{"rendered":"<p>VIBRERENDE ALARMUR TIL INKONTINENS I DAGTIMERNE Med Pjama&#8217;s vibrerende alarmur f\u00e5r du et stilfuldt ur, der hj\u00e6lper dig med mere end bare at fort\u00e6lle tiden. Et vibrerende alarmur er et godt og diskret hj\u00e6lpemiddel for b\u00e5de b\u00f8rn og voksne, n\u00e5r man skal mindes om at g\u00e5 p\u00e5 toilettet i l\u00f8bet af dagen. Det vibrerende alarmur [&hellip;]<\/p>\n","protected":false},"author":6,"featured_media":0,"parent":0,"menu_order":0,"comment_status":"closed","ping_status":"closed","template":"","meta":{"_et_pb_use_builder":"on","_et_pb_old_content":"","_et_gb_content_width":"","footnotes":""},"class_list":["post-8471","page","type-page","status-publish","hentry"],"_links":{"self":[{"href":"https:\/\/pjama.eu\/da\/wp-json\/wp\/v2\/pages\/8471","targetHints":{"allow":["GET"]}}],"collection":[{"href":"https:\/\/pjama.eu\/da\/wp-json\/wp\/v2\/pages"}],"about":[{"href":"https:\/\/pjama.eu\/da\/wp-json\/wp\/v2\/types\/page"}],"author":[{"embeddable":true,"href":"https:\/\/pjama.eu\/da\/wp-json\/wp\/v2\/users\/6"}],"replies":[{"embeddable":true,"href":"https:\/\/pjama.eu\/da\/wp-json\/wp\/v2\/comments?post=8471"}],"version-history":[{"count":7,"href":"https:\/\/pjama.eu\/da\/wp-json\/wp\/v2\/pages\/8471\/revisions"}],"predecessor-version":[{"id":12968,"href":"https:\/\/pjama.eu\/da\/wp-json\/wp\/v2\/pages\/8471\/revisions\/12968"}],"wp:attachment":[{"href":"https:\/\/pjama.eu\/da\/wp-json\/wp\/v2\/media?parent=8471"}],"curies":[{"name":"wp","href":"https:\/\/api.w.org\/{rel}","templated":true}]}}