{"id":8476,"date":"2022-12-15T16:55:41","date_gmt":"2022-12-15T15:55:41","guid":{"rendered":"https:\/\/pjama.eu\/tilbehoersbutik\/"},"modified":"2026-03-11T10:11:10","modified_gmt":"2026-03-11T09:11:10","slug":"tilbehoersbutik","status":"publish","type":"page","link":"https:\/\/pjama.eu\/da\/tilbehoersbutik\/","title":{"rendered":"Tilbeh\u00f8rsbutik"},"content":{"rendered":"<p>[et_pb_section fb_built=&#8221;1&#8243; _builder_version=&#8221;4.27.4&#8243; _module_preset=&#8221;default&#8221; use_background_color_gradient=&#8221;on&#8221; background_color_gradient_stops=&#8221;gcid-5eef58f4-760a-49fb-ad33-042d93415a96 0%|rgba(41,196,169,0) 100%&#8221; background_color_gradient_overlays_image=&#8221;on&#8221; background_image=&#8221;https:\/\/pjama.eu\/wp-content\/uploads\/IMG_8480.jpg&#8221; custom_margin=&#8221;||0px||false|false&#8221; custom_padding=&#8221;||0px||false|false&#8221; da_disable_devices=&#8221;off|off|off&#8221; global_colors_info=&#8221;{%22gcid-2352d280-fe84-43b1-a71e-f400c35a526a%22:%91%22background_color_gradient_stops%22%93,%22gcid-5eef58f4-760a-49fb-ad33-042d93415a96%22:%91%22background_color_gradient_stops%22%93}&#8221; da_is_popup=&#8221;off&#8221; da_exit_intent=&#8221;off&#8221; da_has_close=&#8221;on&#8221; da_alt_close=&#8221;off&#8221; da_dark_close=&#8221;off&#8221; da_not_modal=&#8221;on&#8221; da_is_singular=&#8221;off&#8221; da_with_loader=&#8221;off&#8221; da_has_shadow=&#8221;on&#8221;][et_pb_row column_structure=&#8221;3_5,2_5&#8243; _builder_version=&#8221;4.27.4&#8243; _module_preset=&#8221;default&#8221; global_colors_info=&#8221;{}&#8221;][et_pb_column type=&#8221;3_5&#8243; _builder_version=&#8221;4.27.4&#8243; _module_preset=&#8221;default&#8221; global_colors_info=&#8221;{}&#8221;][et_pb_heading title=&#8221;Tilbeh\u00f8r til sengev\u00e6dning og st\u00f8tte i dagtimerne&#8221; _builder_version=&#8221;4.27.5&#8243; _module_preset=&#8221;default&#8221; title_text_color=&#8221;#F8F8F8&#8243; global_colors_info=&#8221;{}&#8221;][\/et_pb_heading][et_pb_text _builder_version=&#8221;4.27.5&#8243; _module_preset=&#8221;default&#8221; text_text_color=&#8221;#F8F8F8&#8243; text_font_size=&#8221;16px&#8221; global_colors_info=&#8221;{}&#8221;]<\/p>\n<p><span style=\"font-weight: 400;\">Smart tilbeh\u00f8r og v\u00e6rkt\u00f8jer til sengev\u00e6dning, der giver dig komfort, selvtillid og fleksibilitet i hverdagen.<\/span><\/p>\n<p><span style=\"font-weight: 400;\">Fra diskrete vibrerende alarmure og absorberende undert\u00f8j i dagtimerne til vandt\u00e6tte rejsetasker, der holder styr p\u00e5 dine Pjama-produkter &#8211; alt tilbeh\u00f8r er designet til at g\u00f8re hverdagens rutiner enklere og mere sikre.<\/span><\/p>\n<p><span style=\"font-weight: 400;\">Sm\u00e5 detaljer. Stor forskel &#8211; for selvtillid og omsorg i hverdagen. <\/span><\/p>\n<p>[\/et_pb_text][\/et_pb_column][et_pb_column type=&#8221;2_5&#8243; _builder_version=&#8221;4.27.4&#8243; _module_preset=&#8221;default&#8221; global_colors_info=&#8221;{}&#8221;][et_pb_image src=&#8221;https:\/\/pjama.eu\/wp-content\/uploads\/pjama_pink-vibrating-watch-e1694784774136-1-1.jpg&#8221; alt=&#8221;Pjama Vibrerende Alarmur&#8221; title_text=&#8221;pjama_pink-vibrating-watch-e1694784774136-1-1&#8243; _builder_version=&#8221;4.27.4&#8243; _module_preset=&#8221;default&#8221; transform_translate=&#8221;0px|20px&#8221; border_radii=&#8221;on|10px|10px|10px|10px&#8221; border_width_all=&#8221;5px&#8221; border_color_all=&#8221;#F8F8F8&#8243; global_colors_info=&#8221;{}&#8221;][\/et_pb_image][\/et_pb_column][\/et_pb_row][\/et_pb_section][et_pb_section fb_built=&#8221;1&#8243; _builder_version=&#8221;4.16&#8243; background_color=&#8221;rgba(0,0,0,0)&#8221; custom_margin_tablet=&#8221;-60px||||false|false&#8221; custom_margin_last_edited=&#8221;off|desktop&#8221; custom_padding=&#8221;48px|||||&#8221; da_disable_devices=&#8221;off|off|off&#8221; collapsed=&#8221;on&#8221; global_colors_info=&#8221;{}&#8221; da_is_popup=&#8221;off&#8221; da_exit_intent=&#8221;off&#8221; da_has_close=&#8221;on&#8221; da_alt_close=&#8221;off&#8221; da_dark_close=&#8221;off&#8221; da_not_modal=&#8221;on&#8221; da_is_singular=&#8221;off&#8221; da_with_loader=&#8221;off&#8221; da_has_shadow=&#8221;on&#8221;][et_pb_row custom_padding_last_edited=&#8221;off|desktop&#8221; _builder_version=&#8221;4.27.6&#8243; background_size=&#8221;initial&#8221; background_position=&#8221;top_left&#8221; background_repeat=&#8221;repeat&#8221; custom_padding=&#8221;0px||0px||false|false&#8221; custom_padding_tablet=&#8221;||0px||false|false&#8221; hover_enabled=&#8221;0&#8243; global_colors_info=&#8221;{}&#8221; sticky_enabled=&#8221;0&#8243;][et_pb_column type=&#8221;4_4&#8243; _builder_version=&#8221;4.16&#8243; custom_padding=&#8221;|||&#8221; global_colors_info=&#8221;{}&#8221; custom_padding__hover=&#8221;|||&#8221;][et_pb_shop type=&#8221;product_category&#8221; include_categories=&#8221;206&#8243; hover_overlay_color=&#8221;rgba(31,68,139,0.5)&#8221; hover_icon=&#8221;&#x35;||divi||400&#8243; _builder_version=&#8221;4.27.4&#8243; _module_preset=&#8221;default&#8221; title_text_color=&#8221;gcid-5eef58f4-760a-49fb-ad33-042d93415a96&#8243; border_radii=&#8221;on|7px|7px|7px|7px&#8221; global_colors_info=&#8221;{%22gcid-5eef58f4-760a-49fb-ad33-042d93415a96%22:%91%22title_text_color%22%93}&#8221;][\/et_pb_shop][et_pb_button button_url=&#8221;@ET-DC@eyJkeW5hbWljIjp0cnVlLCJjb250ZW50IjoicG9zdF9saW5rX3VybF9wYWdlIiwic2V0dGluZ3MiOnsicG9zdF9pZCI6IjI2MjQ2In19@&#8221; button_text=&#8221;TILBAGE TIL WEBSHOPPEN&#8221; button_alignment=&#8221;center&#8221; _builder_version=&#8221;4.27.4&#8243; _dynamic_attributes=&#8221;button_url&#8221; _module_preset=&#8221;default&#8221; custom_button=&#8221;on&#8221; button_border_radius=&#8221;7px&#8221; box_shadow_style=&#8221;preset3&#8243; box_shadow_color=&#8221;#1F448B&#8221; global_colors_info=&#8221;{}&#8221;][\/et_pb_button][\/et_pb_column][\/et_pb_row][et_pb_row _builder_version=&#8221;4.27.6&#8243; _module_preset=&#8221;default&#8221;][et_pb_column _builder_version=&#8221;4.27.6&#8243; _module_preset=&#8221;default&#8221; type=&#8221;4_4&#8243;][\/et_pb_column][\/et_pb_row][et_pb_row _builder_version=&#8221;4.27.6&#8243; _module_preset=&#8221;default&#8221; hover_enabled=&#8221;0&#8243; sticky_enabled=&#8221;0&#8243;][et_pb_column _builder_version=&#8221;4.27.6&#8243; _module_preset=&#8221;default&#8221; type=&#8221;4_4&#8243;][et_pb_text _builder_version=&#8221;4.27.6&#8243; _module_preset=&#8221;default&#8221; header_3_text_color=&#8221;#072130&#8243; header_2_text_color=&#8221;#D35917&#8243; hover_enabled=&#8221;0&#8243; sticky_enabled=&#8221;0&#8243;]<\/p>\n<h3><b>Hvad er tilbeh\u00f8r til sengev\u00e6dning?<\/b><\/h3>\n<h2><b>V\u00e6rkt\u00f8jer, der forbedrer den daglige komfort og selvtillid<\/b><\/h2>\n<p>Tilbeh\u00f8r til sengev\u00e6dning er st\u00f8ttende v\u00e6rkt\u00f8jer, der er designet til at g\u00f8re hverdagen lettere for mennesker, der har problemer med natlig enuresis eller bl\u00e6rekontrol. Mens kerneprodukter som absorberende natt\u00f8j eller Sengev\u00e6dningsalarmer tager sig af beskyttelse og behandling om natten, hj\u00e6lper tilbeh\u00f8r med at forbedre de daglige rutiner, organisering og selvtillid. <\/p>\n<p>Disse st\u00f8ttev\u00e6rkt\u00f8jer kan omfatte ting som f.eks. Pjama Vibrerende Alarmur, vandt\u00e6tte opbevaringsposer, erstatningssensorer og rejsetilbeh\u00f8r. Hvert produkt spiller en rolle i at hj\u00e6lpe personer med at holde orden, bevare deres privatliv og f\u00f8lge strukturerede bl\u00e6retr\u00e6ningsrutiner. <\/p>\n<p>For mange familier og voksne hj\u00e6lper det rigtige tilbeh\u00f8r til sengev\u00e6dning med at reducere stress og g\u00f8re behandlingsprogrammer lettere at f\u00f8lge. Uanset om man forbereder sig til skolen, rejser natten over eller blot organiserer natlige rutiner derhjemme, kan disse sm\u00e5 v\u00e6rkt\u00f8jer g\u00f8re en betydelig forskel i den daglige komfort og selvtillid. <\/p>\n<p>[\/et_pb_text][\/et_pb_column][\/et_pb_row][et_pb_row _builder_version=&#8221;4.27.6&#8243; _module_preset=&#8221;default&#8221;][et_pb_column _builder_version=&#8221;4.27.6&#8243; _module_preset=&#8221;default&#8221; type=&#8221;4_4&#8243;][et_pb_text _builder_version=&#8221;4.27.6&#8243; _module_preset=&#8221;default&#8221; header_3_text_color=&#8221;#072130&#8243; header_2_text_color=&#8221;#D35917&#8243; hover_enabled=&#8221;0&#8243; sticky_enabled=&#8221;0&#8243;]<\/p>\n<h3><b>St\u00f8tte i dagtimerne til bedre bl\u00e6retr\u00e6ning<\/b><\/h3>\n<h2><b>Hvorfor bl\u00e6retr\u00e6ning i dagtimerne er vigtig<\/b><\/h2>\n<p>H\u00e5ndtering af sengev\u00e6dning involverer ofte mere end blot l\u00f8sninger om natten. Mange sundhedsprofessionelle anbefaler bl\u00e6retr\u00e6ningsrutiner i dagtimerne som en del af en komplet behandlingstilgang. <\/p>\n<p>Det er her, tilbeh\u00f8r som vibrerende p\u00e5mindelsesure kan spille en vigtig rolle. Disse ure giver blide vibrationsalarmer med planlagte intervaller og minder brugeren om at g\u00e5 p\u00e5 toilettet regelm\u00e6ssigt i l\u00f8bet af dagen. <\/p>\n<p>Regelm\u00e6ssige toiletbes\u00f8g kan hj\u00e6lpe:<\/p>\n<p><span style=\"font-weight: 400;\">\u2714 Underst\u00f8tter sunde bl\u00e6revaner<\/span><span style=\"font-weight: 400;\"><br \/><\/span><span style=\"font-weight: 400;\"> \u2714 Forebygge overfyldning af bl\u00e6ren<\/span><span style=\"font-weight: 400;\"><br \/><\/span><span style=\"font-weight: 400;\"> \u2714 Opbygge bevidsthed om bl\u00e6rens signaler<br \/>\u2714 Styrke rutiner, der underst\u00f8tter t\u00f8rre n\u00e6tter<\/span><\/p>\n<p>Fordi p\u00e5mindelserne er lydl\u00f8se og diskrete, er Pjama Vibrerende Alarmure ideelle til brug i skolen, p\u00e5 arbejdet eller under daglige aktiviteter uden at tiltr\u00e6kke sig opm\u00e6rksomhed.<\/p>\n<p>[\/et_pb_text][\/et_pb_column][\/et_pb_row][et_pb_row _builder_version=&#8221;4.27.6&#8243; _module_preset=&#8221;default&#8221;][et_pb_column _builder_version=&#8221;4.27.6&#8243; _module_preset=&#8221;default&#8221; type=&#8221;4_4&#8243;][et_pb_text _builder_version=&#8221;4.27.6&#8243; _module_preset=&#8221;default&#8221; header_3_text_color=&#8221;#072130&#8243; header_2_text_color=&#8221;#D35917&#8243; hover_enabled=&#8221;0&#8243; sticky_enabled=&#8221;0&#8243;]<\/p>\n<h3><b>Pjama Vibrerende Alarmur til daglige p\u00e5mindelser<\/b><\/h3>\n<h2><b>Lydl\u00f8se vibrationsalarmer til skole, arbejde og rejser<\/b><\/h2>\n<p>Et af de mest nyttige tilbeh\u00f8r til sengev\u00e6dning i dagtimerne er et vibrerende p\u00e5mindelsesur. Disse ure bruges ofte til bl\u00e6retr\u00e6ning, toiletp\u00e5mindelser eller medicinplaner. <\/p>\n<p>I mods\u00e6tning til traditionelle alarmer, der larmer, bruger Pjama Vibrerende Alarmur blide vibrationsalarmer, som kun b\u00e6reren l\u00e6gger m\u00e6rke til. Det g\u00f8r dem s\u00e6rligt nyttige for b\u00f8rn i skolemilj\u00f8er eller voksne, der foretr\u00e6kker diskrete p\u00e5mindelser under arbejde eller rejser. <\/p>\n<p>Almindelige anvendelser af vibrerende p\u00e5mindelsesure omfatter:<\/p>\n<p><span style=\"font-weight: 400;\">\u2714 P\u00e5mindelser om toilettr\u00e6ning for b\u00f8rn<\/span><span style=\"font-weight: 400;\"><br \/><\/span><span style=\"font-weight: 400;\"> \u2714 Rutiner for bl\u00e6retr\u00e6ning anbefalet af sundhedspersonale<\/span><span style=\"font-weight: 400;\"><br \/><\/span><span style=\"font-weight: 400;\"> \u2714 P\u00e5mindelser om medicinering i l\u00f8bet af dagen<br \/>\u2714 Daglige rutiner for v\u00e6skeindtag eller toiletbes\u00f8g<\/span><\/p>\n<p><span style=\"font-weight: 400;\">Ved at skabe konsekvente daglige vaner kan p\u00e5mindelsesure st\u00f8tte den overordnede bl\u00e6reh\u00e5ndtering og hj\u00e6lpe med at opbygge rutiner, der bidrager til bedre kontrol om natten.<\/span><\/p>\n<p>[\/et_pb_text][\/et_pb_column][\/et_pb_row][et_pb_row _builder_version=&#8221;4.27.6&#8243; _module_preset=&#8221;default&#8221;][et_pb_column _builder_version=&#8221;4.27.6&#8243; _module_preset=&#8221;default&#8221; type=&#8221;4_4&#8243;][et_pb_text _builder_version=&#8221;4.27.6&#8243; _module_preset=&#8221;default&#8221; header_3_text_color=&#8221;#072130&#8243; header_2_text_color=&#8221;#D35917&#8243; hover_enabled=&#8221;0&#8243; sticky_enabled=&#8221;0&#8243;]<\/p>\n<h3><b>Tilbeh\u00f8r til sengev\u00e6dning til rejser og overnatninger<\/b><\/h3>\n<h2><b>Diskret opbevaring af produkter til sengev\u00e6dning<\/b><\/h2>\n<p>For b\u00f8rn, teenagere og voksne, der lider af sengev\u00e6dning, kan rejser og overnatninger nogle gange v\u00e6re en kilde til bekymring. Det rigtige tilbeh\u00f8r kan g\u00f8re disse situationer meget lettere. <\/p>\n<p>For eksempel er vandt\u00e6tte opbevaringsposer et enkelt, men effektivt tilbeh\u00f8r til sengev\u00e6dning. De giver brugerne mulighed for at opbevare natt\u00f8j diskret og samtidig beskytte andre ting i bagagen. Uanset om man pakker til en lejrskole, en sportstur eller en ferie, hj\u00e6lper vandt\u00e6tte poser med at opretholde privatlivets fred og organisering.  <\/p>\n<p>Dette tilbeh\u00f8r er is\u00e6r nyttigt til:<\/p>\n<p><span style=\"font-weight: 400;\">\u2714 Skoleture eller lejrskoler med overnatning<\/span><span style=\"font-weight: 400;\"><br \/><\/span><span style=\"font-weight: 400;\"> \u2714 Overnatning hos venner<\/span><span style=\"font-weight: 400;\"><br \/><\/span><span style=\"font-weight: 400;\"> \u2714 Familieferier og rejser<br \/>\u2714 Daglig opbevaring af natprodukter<\/span><\/p>\n<p>Fordi de er designet med diskretion for \u00f8je, hj\u00e6lper dette tilbeh\u00f8r med at sikre, at h\u00e5ndtering af sengev\u00e6dning forbliver privat og stressfri.<\/p>\n<p>[\/et_pb_text][\/et_pb_column][\/et_pb_row][et_pb_row _builder_version=&#8221;4.27.6&#8243; _module_preset=&#8221;default&#8221;][et_pb_column _builder_version=&#8221;4.27.6&#8243; _module_preset=&#8221;default&#8221; type=&#8221;4_4&#8243;][et_pb_text _builder_version=&#8221;4.27.6&#8243; _module_preset=&#8221;default&#8221; header_3_text_color=&#8221;#072130&#8243; header_2_text_color=&#8221;#D35917&#8243; hover_enabled=&#8221;0&#8243; sticky_enabled=&#8221;0&#8243;]<\/p>\n<h3><b>Tilbeh\u00f8r, der underst\u00f8tter behandling af sengev\u00e6dning<\/b><\/h3>\n<h2><b>Reservedele til systemer til Sengev\u00e6dningsalarmer<\/b><\/h2>\n<p>For personer, der bruger behandling med Sengev\u00e6dningsalarm, kan tilbeh\u00f8r ogs\u00e5 hj\u00e6lpe med at opretholde behandlingssystemets effektivitet. Udskiftningssensorer, alarmh\u00f8jttalere og andre komponenter sikrer, at alarmsystemet forts\u00e6tter med at fungere p\u00e5lideligt gennem hele behandlingsprogrammet. <\/p>\n<p>P\u00e5lideligt tilbeh\u00f8r hj\u00e6lper:<\/p>\n<p><span style=\"font-weight: 400;\">\u2714 Oprethold en ensartet alarmydelse<\/span><span style=\"font-weight: 400;\"><br \/><\/span><span style=\"font-weight: 400;\"> \u2714 Forl\u00e6ng behandlingssystemets levetid<\/span><span style=\"font-weight: 400;\"><br \/><\/span><span style=\"font-weight: 400;\"> \u2714 Udskift sm\u00e5 komponenter uden at k\u00f8be et nyt system<br \/>\u2714 S\u00f8rg for, at behandlingsrutinerne k\u00f8rer problemfrit<\/span><\/p>\n<p><span style=\"font-weight: 400;\">N\u00e5r det bruges sammen med Sengev\u00e6dningsalarmer og behandlingsapps, er dette tilbeh\u00f8r med til at skabe et komplet st\u00f8ttesystem til bl\u00e6retr\u00e6ning om natten.<\/span><\/p>\n<p>[\/et_pb_text][\/et_pb_column][\/et_pb_row][et_pb_row _builder_version=&#8221;4.27.6&#8243; _module_preset=&#8221;default&#8221;][et_pb_column _builder_version=&#8221;4.27.6&#8243; _module_preset=&#8221;default&#8221; type=&#8221;4_4&#8243;][et_pb_text _builder_version=&#8221;4.27.6&#8243; _module_preset=&#8221;default&#8221; header_3_text_color=&#8221;#072130&#8243; header_2_text_color=&#8221;#D35917&#8243; hover_enabled=&#8221;0&#8243; sticky_enabled=&#8221;0&#8243;]<\/p>\n<h3><b>Tilbeh\u00f8r til sengev\u00e6dning til alle aldre<\/b><\/h3>\n<h2><b>For b\u00f8rn, teenagere og voksne<\/b><\/h2>\n<p>H\u00e5ndtering af sengev\u00e6dning er ikke begr\u00e6nset til \u00e9n aldersgruppe. Tilbeh\u00f8r kan underst\u00f8tte forskellige behov p\u00e5 forskellige stadier i livet. <\/p>\n<p><strong><b>B\u00f8rn og unge<br \/><\/b><\/strong>B\u00f8rn har ofte gavn af vibrerende p\u00e5mindelsesure, der hj\u00e6lper med at etablere regelm\u00e6ssige toiletrutiner i skoletiden eller i forbindelse med daglige aktiviteter.<\/p>\n<p><strong><b>Teenagere<br \/><\/b><\/strong>For teenagere er diskretion s\u00e6rlig vigtig. Tilbeh\u00f8r som p\u00e5mindelsesure og vandt\u00e6tte opbevaringsl\u00f8sninger hj\u00e6lper med at bevare privatlivet og underst\u00f8tter samtidig sunde rutiner. <\/p>\n<p><strong><b>Voksne<br \/><\/b><\/strong>Voksne, der h\u00e5ndterer natlig enuresis eller bl\u00e6resygdomme, bruger ofte tilbeh\u00f8r til organisering, rejser og daglige p\u00e5mindelser, hvilket g\u00f8r det lettere at bevare uafh\u00e6ngighed og selvtillid.<\/p>\n<p>[\/et_pb_text][\/et_pb_column][\/et_pb_row][et_pb_row _builder_version=&#8221;4.27.6&#8243; _module_preset=&#8221;default&#8221;][et_pb_column _builder_version=&#8221;4.27.6&#8243; _module_preset=&#8221;default&#8221; type=&#8221;4_4&#8243;][et_pb_text _builder_version=&#8221;4.27.6&#8243; _module_preset=&#8221;default&#8221; header_3_text_color=&#8221;#072130&#8243; header_2_text_color=&#8221;#D35917&#8243; hover_enabled=&#8221;0&#8243; sticky_enabled=&#8221;0&#8243;]<\/p>\n<h3><b>Nyttigt tilbeh\u00f8r, der g\u00f8r hverdagen lettere<\/b><\/h3>\n<h2><b>Sm\u00e5 accessories, der g\u00f8r en stor forskel<\/b><\/h2>\n<p>Selvom sengev\u00e6dning ofte diskuteres i forbindelse med uheld om natten, kan det rigtige tilbeh\u00f8r g\u00f8re en meningsfuld forskel hele dagen.<\/p>\n<p>Fra vibrerende alarmure, der underst\u00f8tter bl\u00e6retr\u00e6ning, til vandt\u00e6tte rejsetasker, der holder produkterne organiseret, hj\u00e6lper Sengev\u00e6dningsudstyr med at forenkle hverdagens rutiner og giver ekstra ro i sindet.<\/p>\n<p>Ved at kombinere praktiske v\u00e6rkt\u00f8jer med diskret design er Pjamas tilbeh\u00f8r skabt til at st\u00f8tte mennesker i alle aldre, der h\u00e5ndterer sengev\u00e6dning eller bl\u00e6retr\u00e6ning. Disse sm\u00e5 tilf\u00f8jelser til en behandlings- eller beskyttelsesrutine kan hj\u00e6lpe med at skabe en mere j\u00e6vn og sikker oplevelse b\u00e5de om dagen og om natten. <\/p>\n<p>[\/et_pb_text][\/et_pb_column][\/et_pb_row][et_pb_row _builder_version=&#8221;4.27.6&#8243; _module_preset=&#8221;default&#8221;][et_pb_column _builder_version=&#8221;4.27.6&#8243; _module_preset=&#8221;default&#8221; type=&#8221;4_4&#8243;][et_pb_text _builder_version=&#8221;4.27.6&#8243; _module_preset=&#8221;default&#8221; header_3_text_color=&#8221;#072130&#8243; header_2_text_color=&#8221;#D35917&#8243; hover_enabled=&#8221;0&#8243; sticky_enabled=&#8221;0&#8243;]<\/p>\n<h3><b>Ofte stillede sp\u00f8rgsm\u00e5l om tilbeh\u00f8r til sengev\u00e6dning<\/b><\/h3>\n<h2><b>V\u00e6lg det rigtige tilbeh\u00f8r til dine behov<\/b><\/h2>\n<p><strong><b>Hvad bruges tilbeh\u00f8r til sengev\u00e6dning til?<\/b><\/strong><span style=\"font-weight: 400;\">Tilbeh\u00f8r til sengev\u00e6dning giver ekstra st\u00f8tte til mennesker, der h\u00e5ndterer natlig enuresis. De hj\u00e6lper med at organisere natlige produkter, underst\u00f8tter bl\u00e6retr\u00e6ningsrutiner og g\u00f8r rejser og dagligdagen lettere. <\/span><\/p>\n<p><strong><b>Er Pjama Vibrerende Alarmure nyttige til bl\u00e6retr\u00e6ning?<\/b><\/strong>Ja, det g\u00f8r jeg. Mange sundhedsprofessionelle anbefaler planlagte toiletbes\u00f8g som en del af bl\u00e6retr\u00e6ningen. Vibrerende p\u00e5mindelsesure giver diskrete advarsler, der hj\u00e6lper brugerne med at opretholde konsekvente rutiner.  <\/p>\n<p><strong><b>Er tilbeh\u00f8r til sengev\u00e6dning rejsevenligt?<\/b><\/strong>Det meste tilbeh\u00f8r til sengev\u00e6dning er designet med diskretion og b\u00e6rbarhed for \u00f8je. Vandt\u00e6tte opbevaringsposer og kompakte p\u00e5mindelsesure er s\u00e6rligt nyttige til rejser, skoleudflugter og overnatninger. Alle vores ure og alarmdele er sikre at flyve med.  <\/p>\n<p><strong><b>Bruger voksne tilbeh\u00f8r til sengev\u00e6dning?<br \/><\/b><\/strong>Ja, det er det. Voksne, der h\u00e5ndterer natlige bl\u00e6reproblemer eller gennemg\u00e5r bl\u00e6retr\u00e6ning, bruger ofte tilbeh\u00f8r som p\u00e5mindelsesure, vandt\u00e6tte tasker og alarmkomponenter til at underst\u00f8tte daglige rutiner og behandlingsprogrammer. <\/p>\n<p>[\/et_pb_text][\/et_pb_column][\/et_pb_row][et_pb_row _builder_version=&#8221;4.27.6&#8243; _module_preset=&#8221;default&#8221;][et_pb_column _builder_version=&#8221;4.27.6&#8243; _module_preset=&#8221;default&#8221; type=&#8221;4_4&#8243;][et_pb_text _builder_version=&#8221;4.27.6&#8243; _module_preset=&#8221;default&#8221; header_3_text_color=&#8221;#072130&#8243; header_2_text_color=&#8221;#D35917&#8243; hover_enabled=&#8221;0&#8243; sticky_enabled=&#8221;0&#8243;]<\/p>\n<h3><b>Hvordan bl\u00e6retr\u00e6ning i dagtimerne hj\u00e6lper med at holde n\u00e6tterne t\u00f8rre<\/b><\/h3>\n<h2><b>Skab bevidsthed om en sund bl\u00e6re<\/b><\/h2>\n<p><span style=\"font-weight: 400;\">For mange mennesker, der lider af sengev\u00e6dning, kan en forbedring af bl\u00e6revanerne i l\u00f8bet af dagen spille en vigtig rolle for at opn\u00e5 bedre n\u00e6tter. Sundhedspersonale anbefaler ofte strukturerede rutiner i dagtimerne for at hj\u00e6lpe bl\u00e6ren med at udvikle st\u00e6rkere signaler og forbedre opm\u00e6rksomheden. <\/span><\/p>\n<p><span style=\"font-weight: 400;\">Bl\u00e6retr\u00e6ning i dagtimerne fokuserer p\u00e5 at skabe faste toilettider og opbygge en bevidsthed om, hvorn\u00e5r bl\u00e6ren er fuld. Med tiden hj\u00e6lper det kroppen med at genkende bl\u00e6rens signaler mere effektivt, hvilket ogs\u00e5 kan underst\u00f8tte t\u00f8rhed om natten. <\/span><\/p>\n<p><span style=\"font-weight: 400;\">Det er her, st\u00f8ttende tilbeh\u00f8r til sengev\u00e6dning som f.eks. vibrerende p\u00e5mindelsesure bliver nyttige v\u00e6rkt\u00f8jer. Ved at give blide p\u00e5mindelser i l\u00f8bet af dagen hj\u00e6lper disse ure brugerne med at huske at g\u00e5 p\u00e5 toilettet regelm\u00e6ssigt. Det forhindrer bl\u00e6ren i at blive alt for fuld og fremmer sundere bl\u00e6revaner.  <\/span><\/p>\n<p><span style=\"font-weight: 400;\">Regelm\u00e6ssige rutiner underst\u00f8ttet af p\u00e5mindelsesv\u00e6rkt\u00f8jer kan hj\u00e6lpe:<\/span><\/p>\n<p><span style=\"font-weight: 400;\">\u2714 Styrke kontrollen over bl\u00e6ren<\/span><span style=\"font-weight: 400;\"><br \/><\/span><span style=\"font-weight: 400;\"> \u2714 Forbedre bevidstheden om bl\u00e6rens signaler<\/span><span style=\"font-weight: 400;\"><br \/><\/span><span style=\"font-weight: 400;\"> \u2714 St\u00f8tte behandlingsprogrammer mod sengev\u00e6dning<br \/>\u2714 Opbygge tillid til daglige rutiner<\/span><\/p>\n<p>N\u00e5r det kombineres med nattel\u00f8sninger som absorberende natt\u00f8j eller Sengev\u00e6dningsalarmer, kan bl\u00e6retr\u00e6ning i dagtimerne blive en del af en komplet tilgang til h\u00e5ndtering af natlig enuresis.<\/p>\n<p>[\/et_pb_text][\/et_pb_column][\/et_pb_row][et_pb_row _builder_version=&#8221;4.27.6&#8243; _module_preset=&#8221;default&#8221;][et_pb_column _builder_version=&#8221;4.27.6&#8243; _module_preset=&#8221;default&#8221; type=&#8221;4_4&#8243;][et_pb_button button_url=&#8221;@ET-DC@eyJkeW5hbWljIjp0cnVlLCJjb250ZW50IjoicG9zdF9saW5rX3VybF9wYWdlIiwic2V0dGluZ3MiOnsicG9zdF9pZCI6IjI2MjQ2In19@&#8221; button_text=&#8221;TILBAGE TIL WEBSHOPPEN&#8221; button_alignment=&#8221;center&#8221; _builder_version=&#8221;4.27.4&#8243; _dynamic_attributes=&#8221;button_url&#8221; _module_preset=&#8221;default&#8221; custom_button=&#8221;on&#8221; button_border_radius=&#8221;7px&#8221; box_shadow_style=&#8221;preset3&#8243; box_shadow_color=&#8221;#1F448B&#8221; global_colors_info=&#8221;{}&#8221;][\/et_pb_button][\/et_pb_column][\/et_pb_row][\/et_pb_section]<\/p>\n","protected":false},"excerpt":{"rendered":"<p>Smart tilbeh\u00f8r og v\u00e6rkt\u00f8jer til sengev\u00e6dning, der giver dig komfort, selvtillid og fleksibilitet i hverdagen. Fra diskrete vibrerende alarmure og absorberende undert\u00f8j i dagtimerne til vandt\u00e6tte rejsetasker, der holder styr p\u00e5 dine Pjama-produkter &#8211; alt tilbeh\u00f8r er designet til at g\u00f8re hverdagens rutiner enklere og mere sikre. Sm\u00e5 detaljer. Stor forskel &#8211; for selvtillid og [&hellip;]<\/p>\n","protected":false},"author":6,"featured_media":31127,"parent":0,"menu_order":0,"comment_status":"closed","ping_status":"closed","template":"","meta":{"_et_pb_use_builder":"on","_et_pb_old_content":"","_et_gb_content_width":"","footnotes":""},"class_list":["post-8476","page","type-page","status-publish","has-post-thumbnail","hentry"],"_links":{"self":[{"href":"https:\/\/pjama.eu\/da\/wp-json\/wp\/v2\/pages\/8476","targetHints":{"allow":["GET"]}}],"collection":[{"href":"https:\/\/pjama.eu\/da\/wp-json\/wp\/v2\/pages"}],"about":[{"href":"https:\/\/pjama.eu\/da\/wp-json\/wp\/v2\/types\/page"}],"author":[{"embeddable":true,"href":"https:\/\/pjama.eu\/da\/wp-json\/wp\/v2\/users\/6"}],"replies":[{"embeddable":true,"href":"https:\/\/pjama.eu\/da\/wp-json\/wp\/v2\/comments?post=8476"}],"version-history":[{"count":30,"href":"https:\/\/pjama.eu\/da\/wp-json\/wp\/v2\/pages\/8476\/revisions"}],"predecessor-version":[{"id":32924,"href":"https:\/\/pjama.eu\/da\/wp-json\/wp\/v2\/pages\/8476\/revisions\/32924"}],"wp:featuredmedia":[{"embeddable":true,"href":"https:\/\/pjama.eu\/da\/wp-json\/wp\/v2\/media\/31127"}],"wp:attachment":[{"href":"https:\/\/pjama.eu\/da\/wp-json\/wp\/v2\/media?parent=8476"}],"curies":[{"name":"wp","href":"https:\/\/api.w.org\/{rel}","templated":true}]}}