{"id":8477,"date":"2023-09-15T16:07:23","date_gmt":"2023-09-15T14:07:23","guid":{"rendered":"https:\/\/pjama.eu\/sengevaedningsbutik-for-voksne\/"},"modified":"2026-03-11T09:07:38","modified_gmt":"2026-03-11T08:07:38","slug":"sengevaedningsbutik-for-voksne","status":"publish","type":"page","link":"https:\/\/pjama.eu\/da\/sengevaedningsbutik-for-voksne\/","title":{"rendered":"Sengev\u00e6dningsbutik for voksne"},"content":{"rendered":"<p>[et_pb_section fb_built=&#8221;1&#8243; _builder_version=&#8221;4.27.4&#8243; _module_preset=&#8221;default&#8221; background_color=&#8221;#072130&#8243; use_background_color_gradient=&#8221;on&#8221; background_color_gradient_stops=&#8221;#072130 0%|rgba(248,248,248,0) 99%&#8221; background_color_gradient_overlays_image=&#8221;on&#8221; background_image=&#8221;https:\/\/pjama.eu\/wp-content\/uploads\/Blue_shorts_adult-1-1.jpg&#8221; da_disable_devices=&#8221;off|off|off&#8221; global_colors_info=&#8221;{}&#8221; da_is_popup=&#8221;off&#8221; da_exit_intent=&#8221;off&#8221; da_has_close=&#8221;on&#8221; da_alt_close=&#8221;off&#8221; da_dark_close=&#8221;off&#8221; da_not_modal=&#8221;on&#8221; da_is_singular=&#8221;off&#8221; da_with_loader=&#8221;off&#8221; da_has_shadow=&#8221;on&#8221;][et_pb_row column_structure=&#8221;3_5,2_5&#8243; _builder_version=&#8221;4.27.4&#8243; _module_preset=&#8221;default&#8221; global_colors_info=&#8221;{}&#8221;][et_pb_column type=&#8221;3_5&#8243; _builder_version=&#8221;4.27.4&#8243; _module_preset=&#8221;default&#8221; global_colors_info=&#8221;{}&#8221;][et_pb_heading title=&#8221;PJAMA-SENGEV\u00c6DNINGSPRODUKTER TIL VOKSNE&#8221; _builder_version=&#8221;4.27.5&#8243; _module_preset=&#8221;default&#8221; title_text_color=&#8221;#F8F8F8&#8243; hover_enabled=&#8221;0&#8243; global_colors_info=&#8221;{}&#8221; sticky_enabled=&#8221;0&#8243;][\/et_pb_heading][et_pb_text _builder_version=&#8221;4.27.5&#8243; _module_preset=&#8221;default&#8221; text_text_color=&#8221;#F8F8F8&#8243; text_font_size=&#8221;15px&#8221; custom_margin=&#8221;||0px||false|false&#8221; global_colors_info=&#8221;{}&#8221;]<\/p>\n<p><span style=\"font-weight: 400;\">Komfort, diskretion og tryghed &#8211; for en fredelig s\u00f8vn hver nat.<\/span><\/p>\n<p data-start=\"412\" data-end=\"836\"><span style=\"font-weight: 400;\">Velkommen til Pjamas <em data-start=\"431\" data-end=\"459\">sengev\u00e6dningsprodukter til voksne<\/em> &#8211; hvor komfort m\u00f8der tillid.<br data-start=\"493\" data-end=\"496\">Med Pjama Protect Sengev\u00e6dningsbukser kan voksne slappe af i visheden om, at de har bl\u00f8d, \u00e5ndbar og absorberende beskyttelse, der holder sengen t\u00f8r b\u00e5de hjemme og p\u00e5 rejser.<br data-start=\"664\" data-end=\"667\">T\u00f8jet er diskret, rustfrit og ser ud og f\u00f8les som almindelige pyjamasbukser eller -shorts &#8211; et enkelt, vaskbart og b\u00e6redygtigt alternativ til engangsprodukter.<\/span><\/p>\n<p><span style=\"font-weight: 400;\">Hvis du er klar til at begynde behandlingen, tilbyder Pjama DryGuardians-systemet en smart og effektiv vej frem.<\/span><span style=\"font-weight: 400;\"><br \/><\/span><span style=\"font-weight: 400;\">Brug DryGuardians Sengev\u00e6dningsalarm og <a href=\"https:\/\/pjama.eu\/da\/dryguardians-app-hjaelper-dig-med-at-behandle-sengevaedning-gratis\/\">DryGuardians App<\/a> til guidet, personlig tr\u00e6ning mod varig t\u00f8rhed.<\/span><\/p>\n<p><span style=\"font-weight: 400;\">For yderligere beskyttelse under behandlingen kan du b\u00e6re dit undert\u00f8j under Pjama Protect Sleepwear eller tilf\u00f8je Pjama Protect Bedding for ekstra sikkerhed.<\/span><\/p>\n<p><span style=\"font-weight: 400;\"><span data-sheets-root=\"1\">Pjamas sengev\u00e6dningsprodukter til voksne giver diskret<\/span>beskyttelse. Smart behandling. Genoprettet selvtillid.  <\/span><\/p>\n<p>&nbsp;<\/p>\n<p>&nbsp;<\/p>\n<p>[\/et_pb_text][\/et_pb_column][et_pb_column type=&#8221;2_5&#8243; _builder_version=&#8221;4.27.4&#8243; _module_preset=&#8221;default&#8221; global_colors_info=&#8221;{}&#8221;][et_pb_video src=&#8221;https:\/\/pjama.eu\/wp-content\/uploads\/Pjama-for-bedwetters-US.mp4&#8243; image_src=&#8221;https:\/\/pjama.eu\/wp-content\/uploads\/Pjama_saengvaetning_anvaendning.jpg&#8221; _builder_version=&#8221;4.27.4&#8243; _module_preset=&#8221;default&#8221; border_width_all=&#8221;5px&#8221; border_color_all=&#8221;#F8F8F8&#8243; global_colors_info=&#8221;{}&#8221;][\/et_pb_video][\/et_pb_column][\/et_pb_row][\/et_pb_section][et_pb_section fb_built=&#8221;1&#8243; _builder_version=&#8221;4.16&#8243; background_color=&#8221;rgba(0,0,0,0)&#8221; custom_margin_tablet=&#8221;-60px||||false|false&#8221; custom_margin_last_edited=&#8221;off|desktop&#8221; custom_padding=&#8221;48px|||||&#8221; da_disable_devices=&#8221;off|off|off&#8221; collapsed=&#8221;off&#8221; global_colors_info=&#8221;{}&#8221; da_is_popup=&#8221;off&#8221; da_exit_intent=&#8221;off&#8221; da_has_close=&#8221;on&#8221; da_alt_close=&#8221;off&#8221; da_dark_close=&#8221;off&#8221; da_not_modal=&#8221;on&#8221; da_is_singular=&#8221;off&#8221; da_with_loader=&#8221;off&#8221; da_has_shadow=&#8221;on&#8221;][et_pb_row custom_padding_last_edited=&#8221;on|phone&#8221; _builder_version=&#8221;4.19.3&#8243; background_size=&#8221;initial&#8221; background_position=&#8221;top_left&#8221; background_repeat=&#8221;repeat&#8221; custom_margin=&#8221;5%||||false|false&#8221; custom_padding=&#8221;0px||60px|||&#8221; custom_padding_tablet=&#8221;||60px||false|false&#8221; custom_padding_phone=&#8221;&#8221; global_colors_info=&#8221;{}&#8221;][et_pb_column type=&#8221;4_4&#8243; _builder_version=&#8221;4.16&#8243; custom_padding=&#8221;|||&#8221; global_colors_info=&#8221;{}&#8221; custom_padding__hover=&#8221;|||&#8221;][et_pb_shop type=&#8221;product_category&#8221; include_categories=&#8221;45&#8243; icon_hover_color=&#8221;RGBA(255,255,255,0)&#8221; hover_overlay_color=&#8221;rgba(31,68,139,0.5)&#8221; _builder_version=&#8221;4.27.4&#8243; _module_preset=&#8221;default&#8221; title_text_color=&#8221;gcid-5eef58f4-760a-49fb-ad33-042d93415a96&#8243; border_radii=&#8221;on|7px|7px|7px|7px&#8221; global_colors_info=&#8221;{%22gcid-5eef58f4-760a-49fb-ad33-042d93415a96%22:%91%22title_text_color%22%93}&#8221;][\/et_pb_shop][et_pb_button button_url=&#8221;@ET-DC@eyJkeW5hbWljIjp0cnVlLCJjb250ZW50IjoicG9zdF9saW5rX3VybF9wYWdlIiwic2V0dGluZ3MiOnsicG9zdF9pZCI6IjI2MjQ2In19@&#8221; button_text=&#8221;TILBAGE TIL WEBSHOPPEN&#8221; button_alignment=&#8221;center&#8221; _builder_version=&#8221;4.27.4&#8243; _dynamic_attributes=&#8221;button_url&#8221; _module_preset=&#8221;default&#8221; custom_button=&#8221;on&#8221; button_border_radius=&#8221;7px&#8221; box_shadow_style=&#8221;preset3&#8243; box_shadow_color=&#8221;#1F448B&#8221; global_colors_info=&#8221;{}&#8221;][\/et_pb_button][\/et_pb_column][\/et_pb_row][et_pb_row _builder_version=&#8221;4.27.6&#8243; _module_preset=&#8221;default&#8221; global_colors_info=&#8221;{}&#8221;][et_pb_column type=&#8221;4_4&#8243; _builder_version=&#8221;4.27.6&#8243; _module_preset=&#8221;default&#8221; global_colors_info=&#8221;{}&#8221;][et_pb_text _builder_version=&#8221;4.27.6&#8243; _module_preset=&#8221;default&#8221; header_2_text_color=&#8221;#D35917&#8243; header_3_text_color=&#8221;#072130&#8243; global_colors_info=&#8221;{}&#8221;]<\/p>\n<h3><b>Forst\u00e5else af sengev\u00e6dning hos voksne<\/b><\/h3>\n<h2><b>Natlig enuresis hos voksne<\/b><\/h2>\n<p>Sengev\u00e6dning forbindes ofte med barndommen, men natlig enuresis hos voksne er mere almindeligt, end mange mennesker er klar over. Millioner af voksne i hele Europa oplever natlig bl\u00e6rel\u00e6kage p\u00e5 et eller andet tidspunkt i deres liv p\u00e5 grund af medicinske tilstande, stress, medicinbivirkninger, s\u00f8vnforstyrrelser eller \u00e6ndringer i bl\u00e6refunktionen. <\/p>\n<p>Fordi emnet sj\u00e6ldent diskuteres \u00e5bent, f\u00f8ler mange voksne, at de m\u00e5 h\u00e5ndtere problemet privat. Heldigvis giver moderne sengev\u00e6dningsprodukter til voksne diskrete og effektive l\u00f8sninger, der g\u00f8r det muligt at sove komfortabelt uden forstyrrelser. <\/p>\n<p>Hos Pjama fokuserer vi p\u00e5 tillid, komfort og langsigtede l\u00f8sninger. Uanset om du har brug for p\u00e5lidelig beskyttelse natten over eller er klar til at starte en aktiv behandling, er vores udvalg af vaskbare produkter til sengev\u00e6dning designet til at st\u00f8tte bedre s\u00f8vn og forbedret livskvalitet. <\/p>\n<p>[\/et_pb_text][\/et_pb_column][\/et_pb_row][et_pb_row _builder_version=&#8221;4.27.6&#8243; _module_preset=&#8221;default&#8221; global_colors_info=&#8221;{}&#8221;][et_pb_column type=&#8221;4_4&#8243; _builder_version=&#8221;4.27.6&#8243; _module_preset=&#8221;default&#8221; global_colors_info=&#8221;{}&#8221;][et_pb_text _builder_version=&#8221;4.27.6&#8243; _module_preset=&#8221;default&#8221; header_2_text_color=&#8221;#D35917&#8243; header_3_text_color=&#8221;#072130&#8243; global_colors_info=&#8221;{}&#8221;]<\/p>\n<h3><b>Hvorfor v\u00e6lge vaskbare sengev\u00e6dningsprodukter til voksne?<\/b><\/h3>\n<h2><b>P\u00e5lidelig beskyttelse natten over<\/b><\/h2>\n<p>Mange voksne pr\u00f8ver i f\u00f8rste omgang engangsinkontinensprodukter, men vaskbare alternativer har flere vigtige fordele. Genanvendeligt natt\u00f8j til sengev\u00e6dning er designet til at se ud og f\u00f8les som en almindelig pyjamas, samtidig med at det giver den n\u00f8dvendige sugeevne til beskyttelse natten over. <\/p>\n<p>I mods\u00e6tning til engangsprodukter, der ligner bleer, tilbyder Pjama Protect Sleepwear en diskret og behagelig l\u00f8sning, der integreres naturligt i din natlige rutine.<\/p>\n<p>[\/et_pb_text][et_pb_text _builder_version=&#8221;4.27.6&#8243; _module_preset=&#8221;default&#8221; header_2_text_color=&#8221;#D35917&#8243; header_3_text_color=&#8221;#072130&#8243; custom_padding=&#8221;5px|5px||5px|false|false&#8221; border_radii=&#8221;on|5px|5px|5px|5px&#8221; border_width_all=&#8221;2px&#8221; border_color_all=&#8221;#D35917&#8243; global_colors_info=&#8221;{}&#8221;]<\/p>\n<p><strong><b>Vaskbare vs. engangsprodukter til sengev\u00e6dning<\/b><\/strong><\/p>\n<table>\n<tbody>\n<tr>\n<td><b>Funktion<\/b><\/td>\n<td><b>Pjama vaskbart natt\u00f8j<\/b><\/td>\n<td><b>Engangsprodukter<\/b><\/td>\n<\/tr>\n<tr>\n<td><span style=\"font-weight: 400;\">Udseende<\/span><\/td>\n<td><span style=\"font-weight: 400;\">Ligner almindelige pyjamasbukser<\/span><\/td>\n<td><span style=\"font-weight: 400;\">Beskyttelse i stil med bleer<\/span><\/td>\n<\/tr>\n<tr>\n<td><span style=\"font-weight: 400;\">Komfort<\/span><\/td>\n<td><span style=\"font-weight: 400;\">Bl\u00f8dt, \u00e5ndbart stof til natt\u00f8j<\/span><\/td>\n<td><span style=\"font-weight: 400;\">Plastbaserede materialer<\/span><\/td>\n<\/tr>\n<tr>\n<td><span style=\"font-weight: 400;\">St\u00f8j<\/span><\/td>\n<td><span style=\"font-weight: 400;\">Lydl\u00f8s og uden raslen<\/span><\/td>\n<td><span style=\"font-weight: 400;\">Kan frembringe knitrende lyde<\/span><\/td>\n<\/tr>\n<tr>\n<td><span style=\"font-weight: 400;\">B\u00e6redygtighed<\/span><\/td>\n<td><span style=\"font-weight: 400;\">Kan genbruges i op til 100 vaske<\/span><\/td>\n<td><span style=\"font-weight: 400;\">Affald til engangsbrug<\/span><\/td>\n<\/tr>\n<tr>\n<td><span style=\"font-weight: 400;\">Omkostninger p\u00e5 lang sigt<\/span><\/td>\n<td><span style=\"font-weight: 400;\">Omkostningseffektiv over tid<\/span><\/td>\n<td><span style=\"font-weight: 400;\">L\u00f8bende m\u00e5nedlige indk\u00f8b<\/span><\/td>\n<\/tr>\n<tr>\n<td><span style=\"font-weight: 400;\">Tillid<\/span><\/td>\n<td><span style=\"font-weight: 400;\">Diskret og privat<\/span><\/td>\n<td><span style=\"font-weight: 400;\">Ofte synlig eller omfangsrig<\/span><\/td>\n<\/tr>\n<\/tbody>\n<\/table>\n<p>[\/et_pb_text][et_pb_text _builder_version=&#8221;4.27.6&#8243; _module_preset=&#8221;default&#8221; global_colors_info=&#8221;{}&#8221;]<\/p>\n<p>For mange voksne er den st\u00f8rste fordel diskretion. Fordi Pjama-produkter til sengev\u00e6dning ligner normalt natt\u00f8j, giver de dig mulighed for at bevare dit privatliv, uanset om du sover hjemme, hos en partner eller er ude at rejse. <\/p>\n<p>[\/et_pb_text][\/et_pb_column][\/et_pb_row][et_pb_row _builder_version=&#8221;4.27.6&#8243; _module_preset=&#8221;default&#8221; global_colors_info=&#8221;{}&#8221;][et_pb_column type=&#8221;4_4&#8243; _builder_version=&#8221;4.27.6&#8243; _module_preset=&#8221;default&#8221; global_colors_info=&#8221;{}&#8221;][et_pb_text _builder_version=&#8221;4.27.6&#8243; _module_preset=&#8221;default&#8221; header_2_text_color=&#8221;#D35917&#8243; header_3_text_color=&#8221;#072130&#8243; global_colors_info=&#8221;{}&#8221;]<\/p>\n<h3><b>Beskyttelse mod sengev\u00e6dning i hverdagen<\/b><\/h3>\n<h2><b>Diskret beskyttelse til rejser, partnere og overnatninger<\/b><\/h2>\n<p>P\u00e5lidelige produkter til sengev\u00e6dning b\u00f8r tilpasse sig det virkelige liv. Voksne har ofte brug for l\u00f8sninger, der fungerer i forskellige situationer uden at v\u00e6kke opsigt. <\/p>\n<p><strong>At Home<br \/><\/strong>Mange voksne foretr\u00e6kker beskyttelse, der giver dem mulighed for at sove komfortabelt uden at skulle bekymre sig om at skifte senget\u00f8j eller forstyrre en partner. Vaskbart natt\u00f8j giver p\u00e5lidelig absorberingsevne natten over, samtidig med at det bevarer komforten fra en normal pyjamas. <\/p>\n<p><strong>Rejser og overnatninger<br \/><\/strong>At rejse med engangsprodukter kan v\u00e6re upraktisk og synligt. Vaskbare sengev\u00e6dningsprodukter til voksne er et diskret alternativ, der nemt kan v\u00e6re i bagagen og ligner almindeligt natt\u00f8j. <\/p>\n<p><strong>Genoptr\u00e6ning eller midlertidige tilstande<br \/><\/strong>Sengev\u00e6dning kan undertiden forekomme under genoptr\u00e6ning efter operation, sygdom eller perioder med stress. I disse tilf\u00e6lde giver genanvendeligt natt\u00f8j p\u00e5lidelig beskyttelse uden at binde sig til langvarige engangsprodukter. <\/p>\n<p>[\/et_pb_text][\/et_pb_column][\/et_pb_row][et_pb_row _builder_version=&#8221;4.27.6&#8243; _module_preset=&#8221;default&#8221; global_colors_info=&#8221;{}&#8221;][et_pb_column type=&#8221;4_4&#8243; _builder_version=&#8221;4.27.6&#8243; _module_preset=&#8221;default&#8221; global_colors_info=&#8221;{}&#8221;][et_pb_text _builder_version=&#8221;4.27.6&#8243; _module_preset=&#8221;default&#8221; header_2_text_color=&#8221;#D35917&#8243; header_3_text_color=&#8221;#072130&#8243; global_colors_info=&#8221;{}&#8221;]<\/p>\n<h3><b>Hvilket sengev\u00e6dningsprodukt til voksne er det rigtige for mig?<\/b><\/h3>\n<h2><b>Sengev\u00e6dningsbukser til voksne, behandling med Sengev\u00e6dningsalarm eller begge dele?<\/b><\/h2>\n<p>At v\u00e6lge den rigtige l\u00f8sning afh\u00e6nger ofte af dine m\u00e5l og \u00e5rsagen til sengev\u00e6dning. Nogle voksne \u00f8nsker prim\u00e6rt diskret beskyttelse natten over, mens andre er p\u00e5 udkig efter langsigtede behandlingsmuligheder. <\/p>\n<p><strong><b>Til diskret beskyttelse<br \/><\/b><\/strong>Pjama Protect Sleepwear er designet til at holde sengen t\u00f8r, mens det ser ud og f\u00f8les som normale pyjamasbukser eller shorts. Disse bekl\u00e6dningsgenstande kombinerer absorberende lag, \u00e5ndbare stoffer og vandt\u00e6t beskyttelse for at give p\u00e5lidelig d\u00e6kning natten over. <\/p>\n<p>De er s\u00e6rligt velegnede til voksne, der \u00f8nsker et vaskbart alternativ til engangsprodukter,<span style=\"font-weight: 400;\"> som forbliver behageligt nat efter nat<\/span>.<\/p>\n<p><strong><b>Til diskret beskyttelse<br \/><\/b><\/strong>Voksne, der \u00f8nsker at g\u00f8re noget ved den underliggende \u00e5rsag til sengev\u00e6dning, kan drage fordel af Pjama DryGuardians-systemet. Dette system kombinerer en Sengev\u00e6dningsalarm med forbundet undert\u00f8j og DryGuardians-behandlingsappen. <\/p>\n<p>Behandling med Sengev\u00e6dningsalarm virker ved at styrke hjernens reaktion p\u00e5 bl\u00e6rens signaler under s\u00f8vn. Med tiden kan det hj\u00e6lpe med at tr\u00e6ne kroppen til at v\u00e5gne, f\u00f8r der sker et uheld. <\/p>\n<p>DryGuardians-systemet giver voksne mulighed for at spore fremskridt, modtage vejledning og f\u00f8lge et struktureret program mod varig t\u00f8rhed.<\/p>\n<p>[\/et_pb_text][\/et_pb_column][\/et_pb_row][et_pb_row _builder_version=&#8221;4.27.6&#8243; _module_preset=&#8221;default&#8221; global_colors_info=&#8221;{}&#8221;][et_pb_column type=&#8221;4_4&#8243; _builder_version=&#8221;4.27.6&#8243; _module_preset=&#8221;default&#8221; global_colors_info=&#8221;{}&#8221;][et_pb_text _builder_version=&#8221;4.27.6&#8243; _module_preset=&#8221;default&#8221; header_2_text_color=&#8221;#D35917&#8243; header_3_text_color=&#8221;#072130&#8243; global_colors_info=&#8221;{}&#8221;]<\/p>\n<h3><b>Diskrete l\u00f8sninger til sengev\u00e6dning designet til voksne<\/b><\/h3>\n<h2><b>Komfortabelt og normalt udseende natt\u00f8j<\/b><\/h2>\n<p>N\u00e5r man leder efter produkter til voksne, der tisser i sengen, er diskretion og komfort ofte de vigtigste faktorer. Voksne \u00f8nsker beskyttelse, der passer naturligt ind i deres livsstil uden at f\u00f8les medicinsk eller begr\u00e6nsende. <\/p>\n<p>Pjamas vaskbare natt\u00f8j er designet med disse behov i tankerne. T\u00f8jet bruger bl\u00f8de, \u00e5ndbare materialer og absorberende lag til at holde sengen t\u00f8r, samtidig med at det ser ud og f\u00f8les som almindeligt natt\u00f8j. Fordi det kan genbruges og maskinvaskes, er det ogs\u00e5 en b\u00e6redygtig og omkostningseffektiv l\u00f8sning over tid.  <\/p>\n<p>For voksne, der \u00f8nsker yderligere beskyttelse under behandlingen, kan Pjama Protect sengev\u00e6dningsshorts og -bukser + Pjama DryGuardians Undert\u00f8j ogs\u00e5 bruges sammen med DryGuardians Sengev\u00e6dningsalarm, hvilket skaber en kombineret tilgang, der giver b\u00e5de beskyttelse og fremskridt.<\/p>\n<p>[\/et_pb_text][\/et_pb_column][\/et_pb_row][et_pb_row _builder_version=&#8221;4.27.6&#8243; _module_preset=&#8221;default&#8221; global_colors_info=&#8221;{}&#8221;][et_pb_column type=&#8221;4_4&#8243; _builder_version=&#8221;4.27.6&#8243; _module_preset=&#8221;default&#8221; global_colors_info=&#8221;{}&#8221;][et_pb_text _builder_version=&#8221;4.27.6&#8243; _module_preset=&#8221;default&#8221; header_2_text_color=&#8221;#D35917&#8243; header_3_text_color=&#8221;#072130&#8243; global_colors_info=&#8221;{}&#8221;]<\/p>\n<h3><b>En moderne tilgang til h\u00e5ndtering af sengev\u00e6dning hos voksne<\/b><\/h3>\n<h2><b>Diskretion, privatliv og medicinsk trov\u00e6rdighed<\/b><\/h2>\n<p>At leve med sengev\u00e6dning som voksen kan f\u00f8les isolerende, men der findes effektive l\u00f8sninger. Dagens sengev\u00e6dningsprodukter til voksne kombinerer komfort, diskretion og innovative behandlings- eller meddelelsesmuligheder, der g\u00f8r det lettere at genvinde selvtilliden og sove fredeligt. <\/p>\n<p>Uanset om du h\u00e5ndterer natlig enuresis p\u00e5 lang sigt, oplever midlertidige natlige uheld eller er i gang med et behandlingsprogram, tilbyder Pjama l\u00f8sninger, der er designet til at st\u00f8tte din rejse mod bedre s\u00f8vn.<\/p>\n<p>Med vaskbar beskyttelse, smart behandlingsteknologi og diskret design af natt\u00f8j hj\u00e6lper Pjama sengev\u00e6dningsprodukter voksne med at sove komfortabelt og trygt hver nat.<\/p>\n<p>[\/et_pb_text][\/et_pb_column][\/et_pb_row][et_pb_row _builder_version=&#8221;4.27.6&#8243; _module_preset=&#8221;default&#8221; global_colors_info=&#8221;{}&#8221;][et_pb_column type=&#8221;4_4&#8243; _builder_version=&#8221;4.27.6&#8243; _module_preset=&#8221;default&#8221; global_colors_info=&#8221;{}&#8221;][et_pb_button button_url=&#8221;@ET-DC@eyJkeW5hbWljIjp0cnVlLCJjb250ZW50IjoicG9zdF9saW5rX3VybF9wYWdlIiwic2V0dGluZ3MiOnsicG9zdF9pZCI6IjI2MjQ2In19@&#8221; button_text=&#8221;TILBAGE TIL WEBSHOPPEN&#8221; button_alignment=&#8221;center&#8221; _builder_version=&#8221;4.27.4&#8243; _dynamic_attributes=&#8221;button_url&#8221; _module_preset=&#8221;default&#8221; custom_button=&#8221;on&#8221; button_border_radius=&#8221;7px&#8221; box_shadow_style=&#8221;preset3&#8243; box_shadow_color=&#8221;#1F448B&#8221; global_colors_info=&#8221;{}&#8221;][\/et_pb_button][\/et_pb_column][\/et_pb_row][\/et_pb_section]<\/p>\n","protected":false},"excerpt":{"rendered":"<p>Sengev\u00e6dningsbukser, undert\u00f8j og alarmer til enuresis hos voksne. G\u00f8r dit liv lettere med vores produkter til sengev\u00e6dning. <\/p>\n","protected":false},"author":33,"featured_media":28068,"parent":0,"menu_order":0,"comment_status":"closed","ping_status":"closed","template":"","meta":{"_et_pb_use_builder":"on","_et_pb_old_content":"","_et_gb_content_width":"","footnotes":""},"class_list":["post-8477","page","type-page","status-publish","has-post-thumbnail","hentry"],"_links":{"self":[{"href":"https:\/\/pjama.eu\/da\/wp-json\/wp\/v2\/pages\/8477","targetHints":{"allow":["GET"]}}],"collection":[{"href":"https:\/\/pjama.eu\/da\/wp-json\/wp\/v2\/pages"}],"about":[{"href":"https:\/\/pjama.eu\/da\/wp-json\/wp\/v2\/types\/page"}],"author":[{"embeddable":true,"href":"https:\/\/pjama.eu\/da\/wp-json\/wp\/v2\/users\/33"}],"replies":[{"embeddable":true,"href":"https:\/\/pjama.eu\/da\/wp-json\/wp\/v2\/comments?post=8477"}],"version-history":[{"count":31,"href":"https:\/\/pjama.eu\/da\/wp-json\/wp\/v2\/pages\/8477\/revisions"}],"predecessor-version":[{"id":32881,"href":"https:\/\/pjama.eu\/da\/wp-json\/wp\/v2\/pages\/8477\/revisions\/32881"}],"wp:featuredmedia":[{"embeddable":true,"href":"https:\/\/pjama.eu\/da\/wp-json\/wp\/v2\/media\/28068"}],"wp:attachment":[{"href":"https:\/\/pjama.eu\/da\/wp-json\/wp\/v2\/media?parent=8477"}],"curies":[{"name":"wp","href":"https:\/\/api.w.org\/{rel}","templated":true}]}}