{"id":8508,"date":"2022-12-27T11:19:23","date_gmt":"2022-12-27T10:19:23","guid":{"rendered":"https:\/\/pjama.eu\/behandling-af-sengevaedning-paa-egen-haand\/"},"modified":"2025-10-30T11:22:44","modified_gmt":"2025-10-30T10:22:44","slug":"behandling-af-sengevaedning-paa-egen-haand","status":"publish","type":"page","link":"https:\/\/pjama.eu\/da\/behandling-af-sengevaedning-paa-egen-haand\/","title":{"rendered":"Behandling af sengev\u00e6dning &#8211; p\u00e5 egen h\u00e5nd"},"content":{"rendered":"<p>[et_pb_section fb_built=&#8221;1&#8243; custom_padding_last_edited=&#8221;on|phone&#8221; _builder_version=&#8221;4.19.4&#8243; background_enable_color=&#8221;off&#8221; background_image=&#8221;https:\/\/pjama.eu\/wp-content\/uploads\/enureskliniken-bakgrund2.jpeg&#8221; custom_padding=&#8221;||||true|false&#8221; custom_padding_tablet=&#8221;60px||60px||true|false&#8221; custom_padding_phone=&#8221;40px||40px||false|false&#8221; top_divider_color=&#8221;#61a2df&#8221; top_divider_height=&#8221;500px&#8221; bottom_divider_color=&#8221;#ffffff&#8221; bottom_divider_flip=&#8221;horizontal&#8221; bottom_divider_height_tablet=&#8221;58px&#8221; bottom_divider_height_phone=&#8221;32px&#8221; bottom_divider_height_last_edited=&#8221;on|phone&#8221; da_disable_devices=&#8221;off|off|off&#8221; box_shadow_style=&#8221;preset3&#8243; box_shadow_color=&#8221;#1F448B&#8221; collapsed=&#8221;on&#8221; global_colors_info=&#8221;{}&#8221; da_is_popup=&#8221;off&#8221; da_exit_intent=&#8221;off&#8221; da_has_close=&#8221;on&#8221; da_alt_close=&#8221;off&#8221; da_dark_close=&#8221;off&#8221; da_not_modal=&#8221;on&#8221; da_is_singular=&#8221;off&#8221; da_with_loader=&#8221;off&#8221; da_has_shadow=&#8221;on&#8221;][et_pb_row column_structure=&#8221;1_2,1_2&#8243; _builder_version=&#8221;4.19.4&#8243; custom_margin=&#8221;||||false|false&#8221; global_colors_info=&#8221;{}&#8221;][et_pb_column type=&#8221;1_2&#8243; _builder_version=&#8221;4.16&#8243; global_colors_info=&#8221;{}&#8221;][et_pb_text _builder_version=&#8221;4.27.4&#8243; hover_enabled=&#8221;0&#8243; global_colors_info=&#8221;{}&#8221; sticky_enabled=&#8221;0&#8243;]<\/p>\n<h2><span style=\"color: #1f448b\">TREAT BEDWETTING IN THE PEACE OF MIND AT HOME<\/span><\/h2>\n<h3><img loading=\"lazy\" decoding=\"async\" src=\"https:\/\/pjama.eu\/se\/wp-content\/uploads\/tick-e1586869126327.png\" width=\"16\" height=\"16\" alt=\"\" class=\"wp-image -3057 alignnone size-full\" \/>\u00a0 DOWNLOAD THE APP FOR FREE<\/h3>\n<h3><img loading=\"lazy\" decoding=\"async\" src=\"https:\/\/pjama.eu\/se\/wp-content\/uploads\/tick-e1586869126327.png\" width=\"16\" height=\"16\" alt=\"\" class=\"wp-image -3057 alignnone size-full\" \/>\u00a0 SIGN UP<\/h3>\n<h3><img loading=\"lazy\" decoding=\"async\" src=\"https:\/\/pjama.eu\/se\/wp-content\/uploads\/tick-e1586869126327.png\" width=\"16\" height=\"16\" alt=\"\" class=\"wp-image -3057 alignnone size-full\" \/>\u00a0 GET A BEDWETING ALARM<\/h3>\n<h3><img loading=\"lazy\" decoding=\"async\" src=\"https:\/\/pjama.eu\/se\/wp-content\/uploads\/tick-e1586869126327.png\" width=\"16\" height=\"16\" alt=\"\" class=\"wp-image -3057 alignnone size-full\" \/>\u00a0 START TREATMENT IMMEDIATELY<\/h3>\n<h3><img loading=\"lazy\" decoding=\"async\" src=\"https:\/\/pjama.eu\/se\/wp-content\/uploads\/tick-e1586869126327.png\" width=\"16\" height=\"16\" alt=\"\" class=\"wp-image -3057 alignnone size-full\" \/>\u00a0 CUSTOM FEEDBACK, ADVICE &amp; GUIDANCE<\/h3>\n<p>[\/et_pb_text][\/et_pb_column][et_pb_column type=&#8221;1_2&#8243; _builder_version=&#8221;4.16&#8243; global_colors_info=&#8221;{}&#8221;][et_pb_image src=&#8221;https:\/\/pjama.eu\/wp-content\/uploads\/Pjama-bedwetting-alarm-7872-fix-e1668074167949-1.jpeg&#8221; alt=&#8221;Behandling af sengev\u00e6dning p\u00e5 egen h\u00e5nd&#8221; title_text=&#8221;Behandling af sengev\u00e6dning p\u00e5 egen h\u00e5nd&#8221; _builder_version=&#8221;4.19.4&#8243; width=&#8221;100%&#8221; width_tablet=&#8221;100%&#8221; width_phone=&#8221;100%&#8221; width_last_edited=&#8221;on|desktop&#8221; module_alignment=&#8221;center&#8221; custom_margin=&#8221;||||false|false&#8221; custom_margin_tablet=&#8221;0px||||false|false&#8221; custom_margin_phone=&#8221;&#8221; custom_margin_last_edited=&#8221;on|desktop&#8221; border_radii=&#8221;on|7px|7px|7px|7px&#8221; global_colors_info=&#8221;{}&#8221;][\/et_pb_image][\/et_pb_column][\/et_pb_row][\/et_pb_section][et_pb_section fb_built=&#8221;1&#8243; custom_padding_last_edited=&#8221;on|desktop&#8221; _builder_version=&#8221;4.16&#8243; custom_padding=&#8221;60px||60px||true|false&#8221; custom_padding_tablet=&#8221;20px||20px||true|false&#8221; custom_padding_phone=&#8221;&#8221; da_disable_devices=&#8221;off|off|off&#8221; collapsed=&#8221;on&#8221; global_colors_info=&#8221;{}&#8221; da_is_popup=&#8221;off&#8221; da_exit_intent=&#8221;off&#8221; da_has_close=&#8221;on&#8221; da_alt_close=&#8221;off&#8221; da_dark_close=&#8221;off&#8221; da_not_modal=&#8221;on&#8221; da_is_singular=&#8221;off&#8221; da_with_loader=&#8221;off&#8221; da_has_shadow=&#8221;on&#8221;][et_pb_row _builder_version=&#8221;4.19.4&#8243; custom_padding=&#8221;20px|20px|20px|20px|false|false&#8221; border_radii=&#8221;on|7px|7px|7px|7px&#8221; box_shadow_style=&#8221;preset3&#8243; box_shadow_color=&#8221;#1F448B&#8221; global_colors_info=&#8221;{}&#8221;][et_pb_column type=&#8221;4_4&#8243; _builder_version=&#8221;4.16&#8243; global_colors_info=&#8221;{}&#8221;][et_pb_text _builder_version=&#8221;4.27.4&#8243; hover_enabled=&#8221;0&#8243; global_colors_info=&#8221;{}&#8221; sticky_enabled=&#8221;0&#8243;]<\/p>\n<h2><span style=\"color: #1f448b\">SUCCESSFUL TREATMENT ON YOUR OWN<\/span><\/h2>\n<h3><span style=\"color: #1f448b\">DIGITAL SERVICE PROVIDED WITH SWEDISH EXPERTISE<\/span><\/h3>\n<p><span style=\"font-weight: 400\">Swedish research shows that many families can achieve just as good results treating bedwetting at home as with professional support &#8211; as long as the motivation is there.<\/span><\/p>\n<p><span style=\"font-weight: 400\">With the Pjama Bedwetting Alarm and the DryGuardians App, you can begin treatment comfortably and confidently at home, at your own pace.<\/span><span style=\"font-weight: 400\"><br \/><\/span><span style=\"font-weight: 400\">The app offers personal feedback, encouragement, and practical advice to help you stay motivated and make steady progress toward dry nights.<\/span><\/p>\n<p><span style=\"font-weight: 400\">Pjama\u2019s digital treatment service has been developed in close collaboration with Swedish healthcare professionals, researchers, and leading specialists &#8211; combining medical expertise with everyday support for families around the world.<\/span><\/p>\n<p>[\/et_pb_text][\/et_pb_column][\/et_pb_row][\/et_pb_section][et_pb_section fb_built=&#8221;1&#8243; custom_padding_last_edited=&#8221;on|phone&#8221; _builder_version=&#8221;4.19.4&#8243; background_color=&#8221;#F8F8F8&#8243; background_enable_image=&#8221;off&#8221; custom_padding=&#8221;||||true|false&#8221; custom_padding_tablet=&#8221;60px||60px||true|false&#8221; custom_padding_phone=&#8221;40px||40px||false|false&#8221; top_divider_color=&#8221;#61a2df&#8221; top_divider_height=&#8221;500px&#8221; bottom_divider_color=&#8221;#ffffff&#8221; bottom_divider_flip=&#8221;horizontal&#8221; bottom_divider_height_tablet=&#8221;58px&#8221; bottom_divider_height_phone=&#8221;32px&#8221; bottom_divider_height_last_edited=&#8221;on|phone&#8221; da_disable_devices=&#8221;off|off|off&#8221; box_shadow_style=&#8221;preset3&#8243; box_shadow_color=&#8221;#1F448B&#8221; collapsed=&#8221;on&#8221; global_colors_info=&#8221;{}&#8221; da_is_popup=&#8221;off&#8221; da_exit_intent=&#8221;off&#8221; da_has_close=&#8221;on&#8221; da_alt_close=&#8221;off&#8221; da_dark_close=&#8221;off&#8221; da_not_modal=&#8221;on&#8221; da_is_singular=&#8221;off&#8221; da_with_loader=&#8221;off&#8221; da_has_shadow=&#8221;on&#8221;][et_pb_row _builder_version=&#8221;4.19.4&#8243; custom_margin=&#8221;||||false|false&#8221; global_colors_info=&#8221;{}&#8221;][et_pb_column type=&#8221;4_4&#8243; _builder_version=&#8221;4.16&#8243; global_colors_info=&#8221;{}&#8221;][et_pb_text _builder_version=&#8221;4.19.4&#8243; global_colors_info=&#8221;{}&#8221;]<\/p>\n<h2 style=\"text-align: center\">HVORDAN FUNGERER <span class=\"lightblue\">DET<\/span>?<\/h2>\n<p>[\/et_pb_text][et_pb_divider _builder_version=&#8221;4.19.4&#8243; _module_preset=&#8221;default&#8221; width=&#8221;10%&#8221; module_alignment=&#8221;center&#8221; global_colors_info=&#8221;{}&#8221;][\/et_pb_divider][\/et_pb_column][\/et_pb_row][et_pb_row column_structure=&#8221;1_2,1_2&#8243; _builder_version=&#8221;4.19.4&#8243; background_color=&#8221;#FFFFFF&#8221; custom_margin=&#8221;0px||40px||false|false&#8221; custom_padding=&#8221;20px|20px|20px|20px|false|false&#8221; border_radii=&#8221;on|7px|7px|7px|7px&#8221; box_shadow_style=&#8221;preset3&#8243; box_shadow_color=&#8221;#1F448B&#8221; global_colors_info=&#8221;{}&#8221;][et_pb_column type=&#8221;1_2&#8243; _builder_version=&#8221;4.16&#8243; global_colors_info=&#8221;{}&#8221;][et_pb_text _builder_version=&#8221;4.27.4&#8243; hover_enabled=&#8221;0&#8243; global_colors_info=&#8221;{}&#8221; sticky_enabled=&#8221;0&#8243;]<\/p>\n<h3><span style=\"color: #1f448b\">1. Download the app<\/span><\/h3>\n<p><span style=\"font-weight: 400\">You can download the Pjama App free of charge from the App Store or Google Play.<\/span><\/p>\n<p><span style=\"font-weight: 400\">It\u2019s easy to get started, and the app is available in English and several other languages, so families everywhere can use it with ease.<\/span><\/p>\n<p>&nbsp;<\/p>\n<p>[\/et_pb_text][\/et_pb_column][et_pb_column type=&#8221;1_2&#8243; _builder_version=&#8221;4.16&#8243; global_colors_info=&#8221;{}&#8221;][et_pb_image src=&#8221;https:\/\/pjama.eu\/wp-content\/uploads\/appstore.svg&#8221; alt=&#8221;Pjama App &#8211; App Store  &#8221; title_text=&#8221;Pjama App &#8211; App Store&#8221; url=&#8221;https:\/\/apps.apple.com\/us\/app\/pjama\/id1498084664&#8243; align=&#8221;center&#8221; _builder_version=&#8221;4.19.4&#8243; _module_preset=&#8221;default&#8221; width=&#8221;50%&#8221; max_width=&#8221;50%&#8221; border_radii=&#8221;on|7px|7px|7px|7px&#8221; box_shadow_style=&#8221;preset3&#8243; box_shadow_color=&#8221;#878787&#8243; global_colors_info=&#8221;{}&#8221;][\/et_pb_image][et_pb_image src=&#8221;https:\/\/pjama.eu\/wp-content\/uploads\/googleplay.svg&#8221; alt=&#8221;Pjama App &#8211; Google Play&#8221; title_text=&#8221;Pjama App &#8211; Google Play&#8221; url=&#8221;https:\/\/play.google.com\/store\/apps\/details?id=com.pjama&#8221; align=&#8221;center&#8221; _builder_version=&#8221;4.19.4&#8243; _module_preset=&#8221;default&#8221; width=&#8221;50%&#8221; max_width=&#8221;50%&#8221; border_radii=&#8221;on|7px|7px|7px|7px&#8221; box_shadow_style=&#8221;preset3&#8243; box_shadow_color=&#8221;#878787&#8243; global_colors_info=&#8221;{}&#8221;][\/et_pb_image][\/et_pb_column][\/et_pb_row][et_pb_row column_structure=&#8221;1_2,1_2&#8243; _builder_version=&#8221;4.19.4&#8243; background_color=&#8221;#FFFFFF&#8221; custom_margin=&#8221;0px||40px||false|false&#8221; custom_padding=&#8221;20px|20px|20px|20px|false|false&#8221; border_radii=&#8221;on|7px|7px|7px|7px&#8221; box_shadow_style=&#8221;preset3&#8243; box_shadow_color=&#8221;#1F448B&#8221; global_colors_info=&#8221;{}&#8221;][et_pb_column type=&#8221;1_2&#8243; _builder_version=&#8221;4.16&#8243; global_colors_info=&#8221;{}&#8221;][et_pb_text _builder_version=&#8221;4.27.4&#8243; hover_enabled=&#8221;0&#8243; global_colors_info=&#8221;{}&#8221; sticky_enabled=&#8221;0&#8243;]<\/p>\n<h3><span style=\"color: #1f448b\">2. SIGN UP<\/span><\/h3>\n<p><span style=\"font-weight: 400\">Register in the Pjama App and answer a few short questions to get started.<\/span><\/p>\n<p><span style=\"font-weight: 400\">In most cases, treatment with a bedwetting alarm can begin right away.<\/span><span style=\"font-weight: 400\"><br \/><\/span><span style=\"font-weight: 400\">If the app detects that other conditions may need attention first, we recommend contacting your healthcare centre for further guidance.<\/span><\/p>\n<p><span style=\"font-weight: 400\">When registering, select \u201cPjama Bedwetting Clinic\u201d as your clinic.<\/span><span style=\"font-weight: 400\"><br \/><\/span><span style=\"font-weight: 400\">The app can be used by several family members or users at the same time &#8211; simply log in using the same email and password.<\/span><\/p>\n<p>&nbsp;<\/p>\n<p>[\/et_pb_text][\/et_pb_column][et_pb_column type=&#8221;1_2&#8243; _builder_version=&#8221;4.16&#8243; global_colors_info=&#8221;{}&#8221;][et_pb_video src=&#8221;https:\/\/pjama.eu\/wp-content\/uploads\/Pjama-App-registration-demonstration.mp4&#8243; image_src=&#8221;https:\/\/pjama.eu\/wp-content\/uploads\/TN_registrationGuide-e1672138396556.jpg&#8221; play_icon_color=&#8221;#1F448B&#8221; _builder_version=&#8221;4.19.4&#8243; _module_preset=&#8221;default&#8221; border_radii=&#8221;on|7px|7px|7px|7px&#8221; box_shadow_style=&#8221;preset3&#8243; box_shadow_color=&#8221;#878787&#8243; global_colors_info=&#8221;{}&#8221;][\/et_pb_video][\/et_pb_column][\/et_pb_row][et_pb_row column_structure=&#8221;1_2,1_2&#8243; _builder_version=&#8221;4.19.4&#8243; background_color=&#8221;#FFFFFF&#8221; custom_margin=&#8221;0px||40px||false|false&#8221; custom_padding=&#8221;20px|20px|20px|20px|false|false&#8221; border_radii=&#8221;on|7px|7px|7px|7px&#8221; box_shadow_style=&#8221;preset3&#8243; box_shadow_color=&#8221;#1F448B&#8221; global_colors_info=&#8221;{}&#8221;][et_pb_column type=&#8221;1_2&#8243; _builder_version=&#8221;4.16&#8243; global_colors_info=&#8221;{}&#8221;][et_pb_text _builder_version=&#8221;4.27.4&#8243; hover_enabled=&#8221;0&#8243; global_colors_info=&#8221;{}&#8221; sticky_enabled=&#8221;0&#8243;]<\/p>\n<h3><span style=\"color: #1f448b\">3. CHOOSE YOUR <\/span><span style=\"color: #1f448b\">BEDWETTING ALARM<\/span><\/h3>\n<p><span style=\"font-weight: 400\">Before you begin treatment, make sure you have a Pjama Bedwetting Alarm.<\/span><span style=\"font-weight: 400\"><br \/><\/span><span style=\"font-weight: 400\">If you don\u2019t already own one, you can explore our range of bedwetting alarms and supportive products in the Pjama Bedwetting Shop &#8211; designed to make treatment easier and more comfortable.<\/span><\/p>\n<p><span style=\"font-weight: 400\">All our alarms are suitable for both girls and boys, but we recommend following our product guide for the best fit and setup.<\/span><span style=\"font-weight: 400\"><br \/><\/span><span style=\"font-weight: 400\">Simply click the image or<\/span>\u00a0<a href=\"https:\/\/pjama.eu\/bedwetting-alarm\/\">here\u00a0<\/a>to learn more.<\/p>\n<p>[\/et_pb_text][\/et_pb_column][et_pb_column type=&#8221;1_2&#8243; _builder_version=&#8221;4.16&#8243; global_colors_info=&#8221;{}&#8221;][et_pb_image src=&#8221;https:\/\/pjama.eu\/wp-content\/uploads\/Pjama-Webshop-Eng.001-e1672134220189.jpeg&#8221; alt=&#8221;Pjama Webshop&#8221; title_text=&#8221;Pjama Webshop&#8221; url=&#8221;https:\/\/pjama.eu\/shop-pjama\/&#8221; use_overlay=&#8221;on&#8221; hover_overlay_color=&#8221;rgba(0,0,0,0.6)&#8221; _builder_version=&#8221;4.19.4&#8243; _module_preset=&#8221;default&#8221; border_radii=&#8221;on|7px|7px|7px|7px&#8221; box_shadow_style=&#8221;preset3&#8243; box_shadow_color=&#8221;#878787&#8243; global_colors_info=&#8221;{}&#8221;][\/et_pb_image][\/et_pb_column][\/et_pb_row][et_pb_row column_structure=&#8221;1_2,1_2&#8243; _builder_version=&#8221;4.19.4&#8243; background_color=&#8221;#FFFFFF&#8221; custom_margin=&#8221;0px||40px||false|false&#8221; custom_padding=&#8221;20px|20px|20px|20px|false|false&#8221; border_radii=&#8221;on|7px|7px|7px|7px&#8221; box_shadow_style=&#8221;preset3&#8243; box_shadow_color=&#8221;#1F448B&#8221; global_colors_info=&#8221;{}&#8221;][et_pb_column type=&#8221;1_2&#8243; _builder_version=&#8221;4.16&#8243; global_colors_info=&#8221;{}&#8221;][et_pb_text _builder_version=&#8221;4.27.4&#8243; hover_enabled=&#8221;0&#8243; global_colors_info=&#8221;{}&#8221; sticky_enabled=&#8221;0&#8243;]<\/p>\n<h3><span style=\"color: #1f448b\">4. START YOUR TREATMENT<\/span><\/h3>\n<p><span style=\"font-weight: 400\">Once you have your bedwetting alarm, you\u2019re ready to begin treatment.<\/span><span style=\"font-weight: 400\"><br \/><\/span><span style=\"font-weight: 400\">For the best results, use the alarm every night and record the outcome in the DryGuardians App calendar each morning.<\/span><span style=\"font-weight: 400\"><br \/><\/span><span style=\"font-weight: 400\">This helps you follow progress and stay motivated throughout the process.<\/span><\/p>\n<p><span style=\"font-weight: 400\">If you\u2019re using your phone as the alarm device, make sure the DryGuardians App is running (it can stay active in the background) and is placed within 5 meters of the sensor.<\/span><span style=\"font-weight: 400\"><br \/><\/span><span style=\"font-weight: 400\">Some phones allow a range of up to 20 meters.<\/span><\/p>\n<p><span style=\"font-weight: 400\">A short introduction video next to this section shows how to use the app step by step.<\/span><\/p>\n<p>[\/et_pb_text][\/et_pb_column][et_pb_column type=&#8221;1_2&#8243; _builder_version=&#8221;4.16&#8243; global_colors_info=&#8221;{}&#8221;][et_pb_video src=&#8221;https:\/\/pjama.eu\/wp-content\/uploads\/Pjama_app_intro_english.mp4&#8243; image_src=&#8221;https:\/\/pjama.eu\/wp-content\/uploads\/TN_userGuide.jpg&#8221; play_icon_color=&#8221;#1F448B&#8221; _builder_version=&#8221;4.19.4&#8243; _module_preset=&#8221;default&#8221; border_radii=&#8221;on|7px|7px|7px|7px&#8221; box_shadow_style=&#8221;preset3&#8243; box_shadow_color=&#8221;#878787&#8243; global_colors_info=&#8221;{}&#8221;][\/et_pb_video][\/et_pb_column][\/et_pb_row][et_pb_row column_structure=&#8221;1_2,1_2&#8243; _builder_version=&#8221;4.19.4&#8243; background_color=&#8221;#FFFFFF&#8221; custom_margin=&#8221;0px||40px||false|false&#8221; custom_padding=&#8221;20px|20px|20px|20px|false|false&#8221; border_radii=&#8221;on|7px|7px|7px|7px&#8221; box_shadow_style=&#8221;preset3&#8243; box_shadow_color=&#8221;#1F448B&#8221; global_colors_info=&#8221;{}&#8221;][et_pb_column type=&#8221;1_2&#8243; _builder_version=&#8221;4.16&#8243; global_colors_info=&#8221;{}&#8221;][et_pb_text _builder_version=&#8221;4.27.4&#8243; hover_enabled=&#8221;0&#8243; global_colors_info=&#8221;{}&#8221; sticky_enabled=&#8221;0&#8243;]<\/p>\n<h3><span style=\"color: #1f448b\">5. ADVICE AND ANALYSIS<\/span><\/h3>\n<p><span style=\"font-weight: 400\">During treatment, you\u2019ll receive both general and personalized advice directly in the DryGuardians App &#8211; helping you understand what to focus on and how to stay motivated along the way.<\/span><span style=\"font-weight: 400\"><br \/><\/span><span style=\"font-weight: 400\">The app analyzes your progress daily, based on the data you record, to offer feedback that supports a successful outcome.<\/span><\/p>\n<p><span style=\"font-weight: 400\">After about four weeks, an evaluation is made to determine whether it\u2019s beneficial to continue the treatment or take a break.<\/span><span style=\"font-weight: 400\"><br \/><\/span><span style=\"font-weight: 400\">From that point, new analyses are carried out every two weeks to track progress and guide the next steps.<\/span><\/p>\n<p><span style=\"font-weight: 400\">Most users achieve lasting results with consistency and patience.<\/span><span style=\"font-weight: 400\"><br \/><\/span><span style=\"font-weight: 400\">You are considered cured after 14 dry nights in a row, but to ensure stability, we recommend continuing until you reach 28 consecutive dry nights.<\/span><\/p>\n<p><a href=\"https:\/\/pjama.eu\/bedwetting-treatment-tips\/\">These recommendations<\/a> <span style=\"font-weight: 400\">follow Swedish healthcare treatment guidelines for bedwetting.<\/span><\/p>\n<p>[\/et_pb_text][\/et_pb_column][et_pb_column type=&#8221;1_2&#8243; _builder_version=&#8221;4.16&#8243; global_colors_info=&#8221;{}&#8221;][et_pb_video src=&#8221;https:\/\/pjama.eu\/wp-content\/uploads\/Welcome-to-the-Pjama-Clinic-Children.mp4&#8243; image_src=&#8221;https:\/\/pjama.eu\/wp-content\/uploads\/Pjam-Clinic-Introduction.001-e1672123038391.jpeg&#8221; play_icon_color=&#8221;#1F448B&#8221; _builder_version=&#8221;4.19.4&#8243; _module_preset=&#8221;default&#8221; border_radii=&#8221;on|7px|7px|7px|7px&#8221; box_shadow_style=&#8221;preset3&#8243; box_shadow_color=&#8221;#878787&#8243; global_colors_info=&#8221;{}&#8221;][\/et_pb_video][\/et_pb_column][\/et_pb_row][\/et_pb_section][et_pb_section fb_built=&#8221;1&#8243; custom_padding_last_edited=&#8221;on|phone&#8221; _builder_version=&#8221;4.19.4&#8243; background_color=&#8221;#FFFFFF&#8221; background_enable_image=&#8221;off&#8221; custom_padding=&#8221;||||true|false&#8221; custom_padding_tablet=&#8221;60px||60px||true|false&#8221; custom_padding_phone=&#8221;40px||40px||false|false&#8221; top_divider_color=&#8221;#61a2df&#8221; top_divider_height=&#8221;500px&#8221; bottom_divider_color=&#8221;#ffffff&#8221; bottom_divider_flip=&#8221;horizontal&#8221; bottom_divider_height_tablet=&#8221;58px&#8221; bottom_divider_height_phone=&#8221;32px&#8221; bottom_divider_height_last_edited=&#8221;on|phone&#8221; da_disable_devices=&#8221;off|off|off&#8221; box_shadow_style=&#8221;preset3&#8243; box_shadow_color=&#8221;#1F448B&#8221; collapsed=&#8221;on&#8221; global_colors_info=&#8221;{}&#8221; da_is_popup=&#8221;off&#8221; da_exit_intent=&#8221;off&#8221; da_has_close=&#8221;on&#8221; da_alt_close=&#8221;off&#8221; da_dark_close=&#8221;off&#8221; da_not_modal=&#8221;on&#8221; da_is_singular=&#8221;off&#8221; da_with_loader=&#8221;off&#8221; da_has_shadow=&#8221;on&#8221;][et_pb_row column_structure=&#8221;3_5,2_5&#8243; _builder_version=&#8221;4.19.4&#8243; background_color=&#8221;#FFFFFF&#8221; custom_margin=&#8221;0px||40px||false|false&#8221; custom_padding=&#8221;20px|20px|20px|20px|false|false&#8221; border_radii=&#8221;on|7px|7px|7px|7px&#8221; box_shadow_style=&#8221;preset3&#8243; box_shadow_color=&#8221;#1F448B&#8221; global_colors_info=&#8221;{}&#8221;][et_pb_column type=&#8221;3_5&#8243; _builder_version=&#8221;4.16&#8243; global_colors_info=&#8221;{}&#8221;][et_pb_text _builder_version=&#8221;4.27.4&#8243; hover_enabled=&#8221;0&#8243; global_colors_info=&#8221;{}&#8221; sticky_enabled=&#8221;0&#8243;]<\/p>\n<h2><span style=\"color: #1f448b\">PJAMA SUPPORTS BEDWETTING RESEARCH!<\/span><\/h2>\n<h3>IN COLLABORATION WITH SWEDISH HEALTHCARE<\/h3>\n<p><span style=\"font-weight: 400\">The DryGuardians Method, developed by Pjama in collaboration with Swedish healthcare, is part of a larger research initiative together with leading researchers, doctors, and nurses.<\/span><span style=\"font-weight: 400\"><br \/><\/span><span style=\"font-weight: 400\">The project explores new indicators and evaluates which treatment approaches are most effective for managing enuresis (bedwetting) in both children and adults.<\/span><\/p>\n<p><span style=\"font-weight: 400\">Today, more than 25 hospitals across Sweden use the DryGuardians Method as part of their clinical programs, helping patients achieve lasting results through connected treatment, data-driven insights, and compassionate support.<\/span><\/p>\n<p>[\/et_pb_text][\/et_pb_column][et_pb_column type=&#8221;2_5&#8243; _builder_version=&#8221;4.16&#8243; global_colors_info=&#8221;{}&#8221;][et_pb_image src=&#8221;https:\/\/pjama.eu\/wp-content\/uploads\/Enureskliniken-bakgrund1-e1672124205170.jpeg&#8221; alt=&#8221;Behandling af sengev\u00e6dning &#8211; Pjama&#8221; title_text=&#8221;Enureskliniken-bakgrund1&#8243; _builder_version=&#8221;4.19.4&#8243; _module_preset=&#8221;default&#8221; border_radii=&#8221;on|7px|7px|7px|7px&#8221; global_colors_info=&#8221;{}&#8221;][\/et_pb_image][\/et_pb_column][\/et_pb_row][\/et_pb_section]<\/p>\n","protected":false},"excerpt":{"rendered":"<p>TREAT BEDWETTING IN THE PEACE OF MIND AT HOME \u00a0 DOWNLOAD THE APP FOR FREE \u00a0 SIGN UP \u00a0 GET A BEDWETING ALARM \u00a0 START TREATMENT IMMEDIATELY \u00a0 CUSTOM FEEDBACK, ADVICE &amp; GUIDANCESUCCESSFUL TREATMENT ON YOUR OWN DIGITAL SERVICE PROVIDED WITH SWEDISH EXPERTISE Swedish research shows that many families can achieve just as good results [&hellip;]<\/p>\n","protected":false},"author":6,"featured_media":0,"parent":0,"menu_order":0,"comment_status":"closed","ping_status":"closed","template":"","meta":{"_et_pb_use_builder":"on","_et_pb_old_content":"","_et_gb_content_width":"","footnotes":""},"class_list":["post-8508","page","type-page","status-publish","hentry"],"_links":{"self":[{"href":"https:\/\/pjama.eu\/da\/wp-json\/wp\/v2\/pages\/8508","targetHints":{"allow":["GET"]}}],"collection":[{"href":"https:\/\/pjama.eu\/da\/wp-json\/wp\/v2\/pages"}],"about":[{"href":"https:\/\/pjama.eu\/da\/wp-json\/wp\/v2\/types\/page"}],"author":[{"embeddable":true,"href":"https:\/\/pjama.eu\/da\/wp-json\/wp\/v2\/users\/6"}],"replies":[{"embeddable":true,"href":"https:\/\/pjama.eu\/da\/wp-json\/wp\/v2\/comments?post=8508"}],"version-history":[{"count":8,"href":"https:\/\/pjama.eu\/da\/wp-json\/wp\/v2\/pages\/8508\/revisions"}],"predecessor-version":[{"id":22887,"href":"https:\/\/pjama.eu\/da\/wp-json\/wp\/v2\/pages\/8508\/revisions\/22887"}],"wp:attachment":[{"href":"https:\/\/pjama.eu\/da\/wp-json\/wp\/v2\/media?parent=8508"}],"curies":[{"name":"wp","href":"https:\/\/api.w.org\/{rel}","templated":true}]}}