{"id":11713,"date":"2020-03-21T12:06:50","date_gmt":"2020-03-21T11:06:50","guid":{"rendered":"https:\/\/pjama.eu\/product\/pjama-sengevaedningsbukser-til-boern\/"},"modified":"2026-04-22T14:52:08","modified_gmt":"2026-04-22T12:52:08","slug":"sengevaedningsbukser-til-boern","status":"publish","type":"product","link":"https:\/\/pjama.eu\/da\/vare\/sengevaedningsbukser-til-boern\/","title":{"rendered":"Pjama Protect Sengev\u00e6dningsbukser til b\u00f8rn"},"content":{"rendered":"<h3>Pjama Protect Sengev\u00e6dningsbukser til b\u00f8rn<\/h3>\n<h4>&#8211; Den bedste hj\u00e6lp til sengev\u00e6dning<\/h4>\n<p>Leder du efter en l\u00f8sning til b\u00f8rn, der tisser i sengen eller lider af natlig enuresis?<br \/>\nPjama Protect Sengev\u00e6dningsbukser til b\u00f8rn er en behagelig, diskret og effektiv<br \/>\nl\u00f8sning til h\u00e5ndtering af sengev\u00e6dning. Perfekt til b\u00f8rn, der tisser i sengen om natten, eller som<br \/>\nlige er begyndt at opleve uheld. Bukserne er vandt\u00e6tte og genanvendelige og giver<br \/>\nkomfort og ro i sindet for b\u00e5de b\u00f8rn og for\u00e6ldre.  <\/p>\n<h4>Fordele ved Pjama Protect Sengev\u00e6dningsbukser til b\u00f8rn<\/h4>\n<ul>\n<li><strong>Beskyttelse og komfort:<\/strong> Holder sengen t\u00f8r, n\u00e5r uheldet er ude &#8211; ideelt til b\u00f8rn, der tisser i sengen.<\/li>\n<li><strong>Diskret og stilfuld:<\/strong> Ligner en almindelig pyjamas\/natbukser, perfekt til overnatning.<\/li>\n<li><strong>Milj\u00f8venlig l\u00f8sning:<\/strong> Vaskbare og genanvendelige, hvilket reducerer behovet for engangsprodukter som bleer.<\/li>\n<li><strong>Hj\u00e6lper med natlig enuresis:<\/strong> Designet til at give feedback til barnet ved at lade det m\u00e6rke v\u00e5dheden i mods\u00e6tning til bleer, hvilket f\u00e5r det til at v\u00e5gne op og g\u00e5 p\u00e5 toilettet.<\/li>\n<\/ul>\n<h4>En sikker og praktisk l\u00f8sning<\/h4>\n<p>Pjama Protect Sengev\u00e6dningsbukser til b\u00f8rn er lavet af \u00e5ndbart og vandt\u00e6t materiale<br \/>\n, der beskytter madrasser og lagner. De er perfekte til b\u00f8rn, der tisser i sengen om natten,<br \/>\nuanset om det er en seks\u00e5rig, der lige er begyndt at tisse i sengen, eller \u00e6ldre b\u00f8rn, der lider af enuresis. <\/p>\n<h4>St\u00f8rrelser til alle b\u00f8rn<\/h4>\n<p>Vi tilbyder st\u00f8rrelser fra 98 til 164 cm i h\u00f8jden, s\u00e5 de passer til b\u00f8rn i alle aldre.<br \/>\nHvis dit barn har brug for en st\u00f8rre st\u00f8rrelse, s\u00e5 tjek vores<br \/>\n<a href=\"https:\/\/pjama.eu\/da\/vare\/sengevaedningsbukser-til-voksne\/\">Voksenkategori<\/a> op til st\u00f8rrelse XL.<br \/>\nBukserne er lavet af Tencel-stof, der er lamineret for at g\u00f8re dem vandt\u00e6tte, mens de stadig er blide mod huden.<br \/>\nDe anvendte stoffer er <a href=\"https:\/\/www.oeko-tex.com\/en\/our-standards\/oeko-tex-standard-100\" target=\"_blank\" rel=\"noopener\">Oeko-Tex-certificerede<\/a>.<br \/>\nFor at finde den rigtige st\u00f8rrelse og se, hvor meget hver st\u00f8rrelse kan absorbere, skal du tjekke vores<br \/>\n<a href=\"https:\/\/pjama.eu\/da\/stoerrelsesguide-til-sengevaedningsbukser\/\">St\u00f8rrelsesguide<\/a>.<\/p>\n<p>Brug for en st\u00f8rre st\u00f8rrelse? G\u00e5 p\u00e5 opdagelse i vores <a href=\"https:\/\/pjama.eu\/da\/sengevaedningsprodukter-til-voksne\/\">sortiment for voksne<\/a> og f\u00e5 den samme beskyttelse og komfort i st\u00f8rre st\u00f8rrelser. <\/p>\n<h4>Perfekt til overnatning<\/h4>\n<p>B\u00f8rn, der lider af sengev\u00e6dning, kan f\u00f8le sig utrygge ved at sove uden for hjemmet hos venner<br \/>\neller under aktiviteter med overnatning. Med Pjama Protect Sengev\u00e6dningsbukser til b\u00f8rn kan dit barn f\u00f8le sig<br \/>\nsikker takket v\u00e6re det diskrete udseende og den p\u00e5lidelige beskyttelse, som disse bukser giver. <\/p>\n<h4>Nem pleje<\/h4>\n<p>Pjama Protect Sengev\u00e6dningsbukser til b\u00f8rn kan maskinvaskes (60\u00b0C) og t\u00f8rretumbles.<br \/>\nBem\u00e6rk: Bukserne har en l\u00e6ngere t\u00f8rretid p\u00e5 grund af deres absorberende funktion.<br \/>\nS\u00f8rg for at vende vrangen ud p\u00e5 t\u00f8jet, n\u00e5r du vasker, s\u00e5 v\u00e6sken kan presses ud under centrifugeringen.<br \/>\n<span style=\"font-weight: 400;\">De er holdbare og omkostningseffektive. <\/span><b>Pjama garanterer mindst 100 vaske og op til 4 m\u00e5neders regelm\u00e6ssig brug, n\u00e5r de plejes i henhold til vores vaskeanvisninger.<\/b><span style=\"font-weight: 400;\"><br \/>\n<\/span><span style=\"font-weight: 400;\">En p\u00e5lidelig og praktisk l\u00f8sning til b\u00f8rn, der tisser i sengen om natten.<\/span><span style=\"font-weight: 400;\"><br \/>\n<\/span><a href=\"https:\/\/pjama.eu\/da\/pjama-vaskeanvisning\/\"><span style=\"font-weight: 400;\">L\u00e6s hele plejevejledningen &#8216;<\/span><\/a><\/p>\n<h4>Tips til at h\u00e5ndtere sengev\u00e6dning<\/h4>\n<p>Praktisk hj\u00e6lp til t\u00f8r s\u00f8vn<\/p>\n<ul>\n<li><strong>Brug Pjama Protect Sengev\u00e6dningsbukser til b\u00f8rn:<\/strong> En enkel og behagelig l\u00f8sning<br \/>\ntil at holde sengen t\u00f8r b\u00e5de hjemme og under overnatninger. Perfekt til at undg\u00e5 besv\u00e6ret med at skifte senget\u00f8j<br \/>\nmidt om natten og giver komfort og sikkerhed for barnet. <\/li>\n<\/ul>\n<p>Produkter til behandling af sengev\u00e6dning<\/p>\n<ul>\n<li><a href=\"https:\/\/pjama.eu\/da\/traadloes-sengevaedningsalarm\/\">Pjama Sengev\u00e6dningsalarm<\/a>: Effektiv til behandling af sengev\u00e6dning ved at hj\u00e6lpe barnet med at udvikle bedre bl\u00e6rekontrol og natterutiner.<\/li>\n<li><a href=\"https:\/\/pjama.eu\/da\/sengevaedningsalarm-app\/\">DryGuardians app:<\/a> Spor fremskridt og f\u00e5 indsigt i behandlingens effektivitet. Appen letter ogs\u00e5 kommunikationen med sundhedsudbydere. <\/li>\n<\/ul>\n<p>Uanset om du er p\u00e5 udkig efter et hj\u00e6lpemiddel eller et behandlingsprodukt, er det vigtigt at kommunikere \u00e5bent.<br \/>\nAt tale \u00e5bent om sengev\u00e6dning kan reducere stress og skamf\u00f8lelser. Det st\u00f8tter barnets<br \/>\nudvikling og \u00f8ger dets f\u00f8lelse af sikkerhed i forbindelse med sengev\u00e6dning. <\/p>\n<h4>Hvad er natlig enuresis?<\/h4>\n<p>Sengev\u00e6dning, ogs\u00e5 kendt som natlig <em>enuresis<\/em>, er, n\u00e5r b\u00f8rn tisser i sengen om natten.<br \/>\nDet er et almindeligt problem, is\u00e6r blandt drenge, og det rammer millioner af b\u00f8rn verden over.<br \/>\nHusk: Det er ikke barnets skyld, og det b\u00f8r ikke f\u00f8re til skam eller straf.<\/p>\n<h4>Brug for mere vejledning?<\/h4>\n<p>Du er velkommen til at tale med din sygeplejerske eller l\u00e6ge, hvis du har sp\u00f8rgsm\u00e5l om sengev\u00e6dning eller har brug for<br \/>\nmere information om potentielle behandlingsmuligheder. At s\u00f8ge professionel hj\u00e6lp kan v\u00e6re et<br \/>\nvigtigt skridt i retning af at st\u00f8tte dit barn p\u00e5 den bedste m\u00e5de. <\/p>\n<footer>\u00a9 2024 Pjama.<\/footer>\n","protected":false},"excerpt":{"rendered":"<h3>Absorberende sengev\u00e6dningsbukser til b\u00f8rn &#8211; holder sengen t\u00f8r.<\/h3>\n<p>Pjama Protect Sengev\u00e6dningsbukser til b\u00f8rn er en letplejet, diskret,<br \/>\nog behagelig l\u00f8sning til b\u00f8rn, der tisser i sengen.<\/p>\n<ul>\n<li>\u00c5ndbar og helt vandt\u00e6t for at holde sengen t\u00f8r.<\/li>\n<li>Lige s\u00e5 bl\u00f8de og behagelige som almindelige pyjamasbukser.<\/li>\n<li>Kan maskinvaskes ved 60\u00b0C og t\u00f8rretumbles.<\/li>\n<\/ul>\n<p>Brug for en st\u00f8rre st\u00f8rrelse? G\u00e5 p\u00e5 opdagelse i vores <a href=\"https:\/\/pjama.eu\/da\/sengevaedningsprodukter-til-voksne\/\">sortiment for voksne<\/a> og f\u00e5 den samme beskyttelse og komfort i st\u00f8rre st\u00f8rrelser. <\/p>\n","protected":false},"featured_media":31335,"template":"","meta":{"_et_pb_use_builder":"","_et_pb_old_content":"","_et_gb_content_width":""},"product_brand":[],"product_cat":[154,156,211],"product_tag":[],"class_list":{"0":"post-11713","1":"product","2":"type-product","3":"status-publish","4":"has-post-thumbnail","6":"product_cat-pjama-original-da","7":"product_cat-born","8":"product_cat-pjamaprotect_2025","9":"product_shipping_class-eu-da","10":"pa_size-3-4-ar","11":"pa_size-alder-10-12-ar","12":"pa_size-alder-5-6-ar","13":"pa_size-alder-6-8-ar","14":"pa_size-alder-8-10-ar","15":"pa_size-lille","17":"first","18":"instock","19":"taxable","20":"shipping-taxable","21":"purchasable","22":"product-type-variable"},"composite_virtual":false,"composite_layout":"","composite_add_to_cart_form_location":"","composite_editable_in_cart":false,"composite_sold_individually_context":"","composite_shop_price_calc":"","composite_components":[],"composite_scenarios":[],"_links":{"self":[{"href":"https:\/\/pjama.eu\/da\/wp-json\/wp\/v2\/product\/11713","targetHints":{"allow":["GET"]}}],"collection":[{"href":"https:\/\/pjama.eu\/da\/wp-json\/wp\/v2\/product"}],"about":[{"href":"https:\/\/pjama.eu\/da\/wp-json\/wp\/v2\/types\/product"}],"wp:featuredmedia":[{"embeddable":true,"href":"https:\/\/pjama.eu\/da\/wp-json\/wp\/v2\/media\/31335"}],"wp:attachment":[{"href":"https:\/\/pjama.eu\/da\/wp-json\/wp\/v2\/media?parent=11713"}],"wp:term":[{"taxonomy":"product_brand","embeddable":true,"href":"https:\/\/pjama.eu\/da\/wp-json\/wp\/v2\/product_brand?post=11713"},{"taxonomy":"product_cat","embeddable":true,"href":"https:\/\/pjama.eu\/da\/wp-json\/wp\/v2\/product_cat?post=11713"},{"taxonomy":"product_tag","embeddable":true,"href":"https:\/\/pjama.eu\/da\/wp-json\/wp\/v2\/product_tag?post=11713"}],"curies":[{"name":"wp","href":"https:\/\/api.w.org\/{rel}","templated":true}]}}