{"id":11750,"date":"2020-03-21T12:40:14","date_gmt":"2020-03-21T11:40:14","guid":{"rendered":"https:\/\/pjama.eu\/product\/pjama-sengevaedningsbukser-til-voksne\/"},"modified":"2026-03-20T10:39:10","modified_gmt":"2026-03-20T09:39:10","slug":"bettnasserhosen-fur-erwachsene","status":"publish","type":"product","link":"https:\/\/pjama.eu\/da\/vare\/bettnasserhosen-fur-erwachsene\/","title":{"rendered":"Pjama Protect Sengev\u00e6dningsbukser til voksne"},"content":{"rendered":"<h3>Pjama Protect Sengev\u00e6dningsbukser til voksne<\/h3>\n<h4>&#8211; Den bedste hj\u00e6lp til natlig enures og urininkontinens<\/h4>\n<p>Er du p\u00e5 udkig efter en effektiv l\u00f8sning til at h\u00e5ndtere sengev\u00e6dning eller natlig enuresis hos voksne?<br \/>\nPjama Protect Sengev\u00e6dningsbukser til voksne er en behagelig, diskret og effektiv l\u00f8sning<br \/>\ntil h\u00e5ndtering af sengev\u00e6dning. Perfekt til voksne, der lider af urininkontinens om natten.<br \/>\nDisse bukser er bl\u00f8de, vandt\u00e6tte, genanvendelige og giver ro i sindet b\u00e5de derhjemme og n\u00e5r man overnatter ude. <\/p>\n<h4>Fordele ved Pjama Protect Sengev\u00e6dningsbukser til voksne<\/h4>\n<ul>\n<li><strong>Beskyttelse og komfort:<\/strong> Holder sengen t\u00f8r ved urinl\u00e6kage og sengev\u00e6dning, hvilket giver en sikker og behagelig nat.<\/li>\n<li><strong>Diskret og funktionelt design:<\/strong> Ligner almindelige pyjamas\/natbukser, hvilket g\u00f8r dem velegnede til voksne, der s\u00f8ger en diskret l\u00f8sning.<\/li>\n<li><strong>Milj\u00f8venlig og \u00f8konomisk:<\/strong> Vaskbar og genanvendelig, hvilket reducerer behovet for engangsprodukter og er bedre for milj\u00f8et.<\/li>\n<li><strong>Hj\u00e6lper med natlig enuresis:<\/strong> Designet til at give feedback ved at f\u00f8le fugt, i mods\u00e6tning til bleer, hvilket f\u00e5r dig til at v\u00e5gne op og g\u00e5 p\u00e5 toilettet.<\/li>\n<\/ul>\n<h4>En sikker og praktisk l\u00f8sning<\/h4>\n<p>Pjama Protect Sengev\u00e6dningsbukser til voksne er fremstillet af et materiale, der er b\u00e5de \u00e5ndbart og vandt\u00e6t,<br \/>\nbeskytter b\u00e5de madrasser og lagner. De er velegnede til voksne, der lider af natlig enuresis,<br \/>\nuanset om det er et midlertidigt eller langvarigt problem. Bukserne er ideelle til b\u00e5de m\u00e6nd og kvinder.  <\/p>\n<h4>St\u00f8rrelser til voksne<\/h4>\n<p>Vi tilbyder st\u00f8rrelser fra Small til XL, s\u00e5 de passer til alle kropstyper. Bukserne er lavet af Tencel-stof,<x id=\"gid_0\"><\/x>lamineret for at g\u00f8re dem vandt\u00e6tte, mens de stadig er blide mod huden. De anvendte stoffer er<br \/>\n<a href=\"https:\/\/www.oeko-tex.com\/en\/our-standards\/oeko-tex-standard-100\" target=\"_blank\" rel=\"noopener\">\u00d8ko-Tex-certificeret<\/a>.<br \/>\nFor at finde den rigtige st\u00f8rrelse og se, hvor meget hver st\u00f8rrelse kan absorbere, tjek vores<br \/>\n<a href=\"https:\/\/pjama.eu\/da\/stoerrelsesguide\/\">St\u00f8rrelsesguide<\/a>.<\/p>\n<p>Brug for en mindre st\u00f8rrelse? G\u00e5 p\u00e5 opdagelse i vores <a href=\"https:\/\/pjama.eu\/da\/bukser-til-sengevaedning\/\">Children-sortiment <\/a>, hvor du f\u00e5r samme beskyttelse og komfort i st\u00f8rre st\u00f8rrelser. <\/p>\n<h4>Perfekt til overnatninger<\/h4>\n<p>Voksne med problemer med sengev\u00e6dning kan f\u00f8le sig usikre, n\u00e5r de opholder sig uden for hjemmet, f.eks. n\u00e5r de rejser<br \/>\neller opholder sig hos familie og venner. Pjama Protect Sengev\u00e6dningsbukser til voksne giver tryghed<br \/>\nog en diskret l\u00f8sning, der letter bekymringerne i disse situationer. Pjamas vision er at hj\u00e6lpe dem<br \/>\n, der lider af enuresis, med at leve et s\u00e5 normalt liv som muligt uden begr\u00e6nsninger.  <\/p>\n<h4>Nem pleje<\/h4>\n<p>Pjama Protect Sengev\u00e6dningsbukser til voksne kan maskinvaskes ved 60\u00b0C og t\u00f8rretumbles.<br \/>\nBem\u00e6rk, at det kan tage l\u00e6ngere tid at t\u00f8rre p\u00e5 grund af den absorberende funktion. Vend vrangen ud p\u00e5 t\u00f8jet<br \/>\nved vask for at optimere afgivelsen af fugt. Disse bukser er b\u00e5de holdbare og \u00f8konomiske &#8211; en perfekt l\u00f8sning<br \/>\ntil voksne med natlig enuresis.<br \/>\n<b>Pjama garanterer mindst 100 vaske og op til 4 m\u00e5neders regelm\u00e6ssig brug, n\u00e5r den plejes i henhold til vores vaskeanvisninger.<\/b><span style=\"font-weight: 400;\"> <\/span><span style=\"font-weight: 400;\"><br \/>\n<\/span><a href=\"https:\/\/pjama.eu\/da\/saadan-vasker-og-toerrer-du-din-pjama\/\"><span style=\"font-weight: 400;\">L\u00e6s hele plejevejledningen &#8216;<\/span><\/a><\/p>\n<h4>Tips til at h\u00e5ndtere sengev\u00e6dning<\/h4>\n<p>Praktiske hj\u00e6lpemidler til t\u00f8r s\u00f8vn<\/p>\n<ul>\n<li><strong>Brug Pjama Protect Sengev\u00e6dningsbukser til voksne:<\/strong> Et nemt og behageligt hj\u00e6lpemiddel<br \/>\ntil at holde sengen t\u00f8r b\u00e5de hjemme og ude. Perfekt til at undg\u00e5 besv\u00e6ret med at<br \/>\nskifte senget\u00f8j midt om natten og sikre komfort og sikkerhed. <\/li>\n<\/ul>\n<h4>Produkter til behandling af natlig enuresis<\/h4>\n<ul>\n<li><a href=\"https:\/\/pjama.eu\/da\/sengevaedningsbutik-for-voksne\/\">Pjama Sengev\u00e6dningsalarm<\/a>: Et effektivt v\u00e6rkt\u00f8j til at hj\u00e6lpe med at udvikle bedre bl\u00e6rekontrol og etablere natlige rutiner. B\u00e5de <g id=\"gid_1\">boxershorts<\/g> til m\u00e6nd og <g id=\"gid_2\">trusser<\/g> til kvinder f\u00e5s i voksenst\u00f8rrelser med tilh\u00f8rende Sengev\u00e6dningsalarmer. Brug disse under dine beskyttende natt\u00f8jsbukser for at f\u00e5 \u00f8jeblikkelig feedback, n\u00e5r der opst\u00e5r fugt.  <\/li>\n<li><a href=\"https:\/\/pjama.eu\/da\/dryguardians-app-hjaelper-dig-med-at-behandle-sengevaedning-gratis\/\">DryGuardians app:<\/a> Spor fremskridt og f\u00e5 indsigt i effektiviteten af din behandling. Appen underst\u00f8tter ogs\u00e5 kommunikationen med sundhedsudbydere. <\/li>\n<\/ul>\n<p>Hvis du aldrig er blevet behandlet for sengev\u00e6dning eller natlig enuresis f\u00f8r, kan dette v\u00e6re en mulighed for dig.<br \/>\nPjama samarbejder med det svenske sundhedsv\u00e6sen om at tilbyde hj\u00e6lpemidler og behandlingsmuligheder til sengev\u00e6dere.<\/p>\n<h4>Hvad er natlig enuresis?<\/h4>\n<p>Sengev\u00e6dning, eller natlig enuresis, er mere almindeligt blandt voksne, end mange tror, og indeb\u00e6rer, at en person<br \/>\nutilsigtet l\u00e6kker urin eller tisser i sengen under s\u00f8vnen. Det er vigtigt at forst\u00e5, at dette<br \/>\ner en h\u00e5ndterbar situation, som ikke b\u00f8r f\u00f8re til skam eller skyldf\u00f8lelse. At tale \u00e5bent om sengev\u00e6dning kan<br \/>\nreducere stress og skamf\u00f8lelse og give den tryghed, der er n\u00f8dvendig for at h\u00e5ndtere natlig enuresis.  <\/p>\n<h4>Brug for mere vejledning?<\/h4>\n<p>Du er velkommen til at kontakte en sygeplejerske eller l\u00e6ge for at f\u00e5 r\u00e5d om behandling og for at diskutere mulige l\u00f8sninger.<br \/>\nAt s\u00f8ge professionel hj\u00e6lp kan v\u00e6re et vigtigt skridt i h\u00e5ndteringen og behandlingen af sengev\u00e6dning eller natlig enuresis.<\/p>\n<footer>\u00a9 2024 Pjama.<\/footer>\n","protected":false},"excerpt":{"rendered":"<div class=\"product-description\">\n<h3>Absorberende sengev\u00e6dningsbukser til voksne &#8211; diskrete og komfortable.<\/h3>\n<p>Pjama Protect Sengev\u00e6dningsbukser til voksne er en letplejet, diskret,<br \/>\nog komfortabel l\u00f8sning til voksne med sengev\u00e6dningsproblemer.<\/p>\n<ul>\n<li>\u00c5ndbar og helt vandt\u00e6t for at holde sengen t\u00f8r.<\/li>\n<li>Bl\u00f8de og lige s\u00e5 behagelige som almindelige pyjamasbukser.<\/li>\n<li>Kan maskinvaskes ved 60\u00b0C og t\u00f8rretumbles.<\/li>\n<\/ul>\n<p>Brug for en mindre st\u00f8rrelse? G\u00e5 p\u00e5 opdagelse i vores <a href=\"https:\/\/pjama.eu\/da\/bukser-til-sengevaedning\/\">b\u00f8rnesortiment <\/a>, hvor du f\u00e5r samme beskyttelse og komfort i st\u00f8rre st\u00f8rrelser. <\/p>\n<\/div>\n","protected":false},"featured_media":31310,"template":"","meta":{"_et_pb_use_builder":"","_et_pb_old_content":"","_et_gb_content_width":""},"product_brand":[],"product_cat":[154,211,165],"product_tag":[],"class_list":{"0":"post-11750","1":"product","2":"type-product","3":"status-publish","4":"has-post-thumbnail","6":"product_cat-pjama-original-da","7":"product_cat-pjamaprotect_2025","8":"product_cat-voksen","9":"product_shipping_class-eu-da","10":"pa_size-lille","11":"pa_size-medium-da","12":"pa_size-stor","13":"pa_size-xlarge-da","15":"first","16":"instock","17":"taxable","18":"shipping-taxable","19":"purchasable","20":"product-type-variable"},"composite_virtual":false,"composite_layout":"","composite_add_to_cart_form_location":"","composite_editable_in_cart":false,"composite_sold_individually_context":"","composite_shop_price_calc":"","composite_components":[],"composite_scenarios":[],"_links":{"self":[{"href":"https:\/\/pjama.eu\/da\/wp-json\/wp\/v2\/product\/11750","targetHints":{"allow":["GET"]}}],"collection":[{"href":"https:\/\/pjama.eu\/da\/wp-json\/wp\/v2\/product"}],"about":[{"href":"https:\/\/pjama.eu\/da\/wp-json\/wp\/v2\/types\/product"}],"wp:featuredmedia":[{"embeddable":true,"href":"https:\/\/pjama.eu\/da\/wp-json\/wp\/v2\/media\/31310"}],"wp:attachment":[{"href":"https:\/\/pjama.eu\/da\/wp-json\/wp\/v2\/media?parent=11750"}],"wp:term":[{"taxonomy":"product_brand","embeddable":true,"href":"https:\/\/pjama.eu\/da\/wp-json\/wp\/v2\/product_brand?post=11750"},{"taxonomy":"product_cat","embeddable":true,"href":"https:\/\/pjama.eu\/da\/wp-json\/wp\/v2\/product_cat?post=11750"},{"taxonomy":"product_tag","embeddable":true,"href":"https:\/\/pjama.eu\/da\/wp-json\/wp\/v2\/product_tag?post=11750"}],"curies":[{"name":"wp","href":"https:\/\/api.w.org\/{rel}","templated":true}]}}