{"id":11774,"date":"2020-03-21T12:49:41","date_gmt":"2020-03-21T11:49:41","guid":{"rendered":"https:\/\/pjama.eu\/product\/pjama-shorts-til-voksne-der-tisser-i-sengen\/"},"modified":"2026-03-20T10:40:33","modified_gmt":"2026-03-20T09:40:33","slug":"bettnassershorts-fur-erwachsene","status":"publish","type":"product","link":"https:\/\/pjama.eu\/da\/vare\/bettnassershorts-fur-erwachsene\/","title":{"rendered":"Pjama Protect Sengev\u00e6dningsshorts til voksne"},"content":{"rendered":"<h3>Pjama Protect Sengev\u00e6dningsshorts til voksne<\/h3>\n<h4>&#8211; Den bedste l\u00f8sning til natlig enuresis og urininkontinens<\/h4>\n<p>Er du p\u00e5 udkig efter en effektiv l\u00f8sning til at h\u00e5ndtere sengev\u00e6dning eller natlig enuresis<br \/>\nhos voksne? Pjama Protect Sengev\u00e6dningsshorts til voksne er en behagelig, diskret og<br \/>\neffektiv l\u00f8sning til h\u00e5ndtering af sengev\u00e6dning. Perfekt til voksne, der lider af urin<x id=\"gid_2\"><\/x>inkontinens om natten. Disse shorts er bl\u00f8de, vandt\u00e6tte, genanvendelige og giver<br \/>\nsikkerhed b\u00e5de hjemme og ude.   <\/p>\n<h4>Fordele ved Pjama Protect Sengev\u00e6dningsshorts til voksne<\/h4>\n<ul>\n<li><strong>Beskyttelse og komfort:<\/strong> Holder sengen t\u00f8r under urinl\u00e6kage og sengev\u00e6dning, hvilket sikrer en behagelig og sikker nat.<\/li>\n<li><strong>Diskret og funktionelt design:<\/strong> Ser ud som almindelige pyjamasshorts, hvilket g\u00f8r dem velegnede til voksne, der \u00f8nsker en diskret l\u00f8sning.<\/li>\n<li><strong>Milj\u00f8venlig og omkostningseffektiv:<\/strong> Vaskbare og genanvendelige, hvilket reducerer behovet for engangsprodukter og er bedre for milj\u00f8et.<\/li>\n<li><strong>Hj\u00e6lp til enuresis om natten:<\/strong> Designet til at give feedback gennem fugt, i mods\u00e6tning til bleer, for at tilskynde til at v\u00e5gne op og g\u00e5 p\u00e5 toilettet.<\/li>\n<\/ul>\n<h4>En sikker og praktisk l\u00f8sning<\/h4>\n<p>Pjama Protect Sengev\u00e6dningsshorts til voksne er fremstillet af et \u00e5ndbart og vandt\u00e6t<br \/>\nmateriale, der beskytter b\u00e5de madrasser og lagner. De er velegnede til voksne<br \/>\n, der lider af enuresis om natten, uanset om det er et midlertidigt eller langvarigt problem.<br \/>\nShortsene er ideelle til b\u00e5de m\u00e6nd og kvinder. <\/p>\n<h4>St\u00f8rrelser for voksne<\/h4>\n<p>Vi tilbyder st\u00f8rrelser fra Small til XL, s\u00e5 de passer til alle kropstyper. Shortsene er lavet af Tencel-stof,<br \/>\n, som er lamineret for at g\u00f8re dem vandt\u00e6tte og samtidig sk\u00e5nsomme mod huden. De anvendte stoffer er<br \/>\n<a href=\"https:\/\/www.oeko-tex.com\/en\/our-standards\/oeko-tex-standard-100\" target=\"_blank\" rel=\"noopener\">Oeko-Tex certificeret<\/a>.<br \/>\nFor at finde den rigtige st\u00f8rrelse og se absorptionskapaciteten for hver st\u00f8rrelse, tjek vores<br \/>\n<a href=\"https:\/\/pjama.eu\/da\/stoerrelsesguide\/\">St\u00f8rrelsesguide<\/a>.<\/p>\n<p>Brug for en mindre st\u00f8rrelse? G\u00e5 p\u00e5 opdagelse i vores <a href=\"https:\/\/pjama.eu\/da\/bukser-til-sengevaedning\/\">b\u00f8rnesortiment<\/a>, hvor du f\u00e5r samme beskyttelse og komfort i st\u00f8rre st\u00f8rrelser. <\/p>\n<h4>Perfekt til overnatninger<\/h4>\n<p>Voksne, der lider af sengev\u00e6dning, kan f\u00f8le sig usikre, n\u00e5r de opholder sig uden for hjemmet, f.eks.<br \/>\nunder rejser eller overnatninger hos familie og venner. Pjama Protect Sengev\u00e6dningsshorts til voksne giver en sikker og diskret l\u00f8sning, der kan reducere angsten for<br \/>\ndisse situationer. Pjamas vision er at g\u00f8re livet lettere for mennesker, der lider af<br \/>\nenuresis, s\u00e5 de kan leve et s\u00e5 normalt liv som muligt uden begr\u00e6nsninger.  <\/p>\n<h4>Nem vedligeholdelse<\/h4>\n<p>Pjama Protect Sengev\u00e6dningsshorts til voksne kan maskinvaskes ved 60\u00b0C og kan<br \/>\nt\u00f8rretumbles. Bem\u00e6rk, at de kan v\u00e6re l\u00e6ngere tid om at t\u00f8rre p\u00e5 grund af deres absorberende funktion.<x id=\"gid_1\"><\/x>Vend vrangen ud p\u00e5 t\u00f8jet under vask for at optimere v\u00e6skeafl\u00f8bet. Disse shorts er<br \/>\nholdbare og omkostningseffektive &#8211; en perfekt l\u00f8sning til voksne med enuresis om natten.<br \/>\n<b>Pjama garanterer mindst 100 vaske og op til 4 m\u00e5neders regelm\u00e6ssig brug, n\u00e5r den plejes i henhold til vores vaskeanvisninger.<\/b><span style=\"font-weight: 400;\"><br \/>\n<\/span><a href=\"https:\/\/pjama.eu\/da\/saadan-vasker-og-toerrer-du-din-pjama\/\"><span style=\"font-weight: 400;\">L\u00e6s hele plejevejledningen &#8216;<\/span><\/a><\/p>\n<h4>Tips til at h\u00e5ndtere sengev\u00e6dning<\/h4>\n<h5>Praktiske hj\u00e6lpemidler til t\u00f8r s\u00f8vn<\/h5>\n<ul>\n<li><strong>Brug Pjama Protect Sengev\u00e6dningsshorts til voksne:<\/strong> Et enkelt og behageligt hj\u00e6lpemiddel<br \/>\ntil at holde sengen t\u00f8r b\u00e5de hjemme og ude. Perfekt til at undg\u00e5 besv\u00e6ret med at skifte<br \/>\nseng midt om natten og giver sikkerhed og komfort. <\/li>\n<\/ul>\n<h5>Produkter til behandling af enuresis om natten<\/h5>\n<ul>\n<li><a href=\"https:\/\/pjama.eu\/da\/sengevaedningsbutik-for-voksne\/\">Pjama Sengev\u00e6dningsalarm<\/a>: Et effektivt v\u00e6rkt\u00f8j til at hj\u00e6lpe med at udvikle bedre bl\u00e6rekontrol og etablere rutiner om natten. B\u00e5de <a href=\"https:\/\/pjama.eu\/da\/vare\/dryguardians-til-maend\/\">boxershorts<\/a> til m\u00e6nd og <a href=\"https:\/\/pjama.eu\/da\/vare\/pjama-dryguardians-naisille-briefs-malli\/\">trusser<\/a> til kvinder f\u00e5s i voksenst\u00f8rrelser med en tilh\u00f8rende Sengev\u00e6dningsalarm. Brug dem sammen med dine beskyttende natt\u00f8jsshorts for at f\u00e5 \u00f8jeblikkelig feedback, n\u00e5r der opst\u00e5r fugt.  <\/li>\n<li><a href=\"https:\/\/pjama.eu\/da\/dryguardians-app-hjaelper-dig-med-at-behandle-sengevaedning-gratis\/\">DryGuardians app:<\/a> Spor fremskridt og f\u00e5 indsigt i behandlingens effektivitet. Appen underst\u00f8tter ogs\u00e5 kommunikationen med sundhedsudbydere. <\/li>\n<\/ul>\n<p>Hvis du aldrig er blevet behandlet for sengev\u00e6dning eller enuresis om natten, kan dette v\u00e6re en l\u00f8sning<br \/>\nfor dig. Pjama samarbejder med det svenske sundhedsv\u00e6sen om at tilbyde hj\u00e6lpemidler og behandlingsmuligheder<br \/>\ntil sengev\u00e6dere. <\/p>\n<h4>Hvad er enuresis om natten?<\/h4>\n<p>Sengev\u00e6dning, eller enuresis om natten, er et mere almindeligt problem, end folk m\u00e5ske tror blandt voksne,<br \/>\nder involverer ufrivilligt tab af urin under s\u00f8vn. Det er vigtigt at forst\u00e5, at dette er<x id=\"gid_1\"><\/x>en h\u00e5ndterbar situation, som ikke b\u00f8r f\u00f8re til skam eller skyldf\u00f8lelse. At tale \u00e5bent om sengev\u00e6dning<br \/>\nkan reducere stress og skamf\u00f8lelse og give den n\u00f8dvendige tryghed til at h\u00e5ndtere natlig enuresis.  <\/p>\n<h4>Brug for mere vejledning?<\/h4>\n<p>Du er velkommen til at kontakte en sygeplejerske eller l\u00e6ge for at f\u00e5 r\u00e5d om behandling og for at diskutere mulige l\u00f8sninger.<br \/>\nAt s\u00f8ge professionel hj\u00e6lp kan v\u00e6re et vigtigt skridt i h\u00e5ndteringen og behandlingen af sengev\u00e6dning eller enuresis om natten.<\/p>\n<footer>\u00a9 2024 Pjama.<\/footer>\n","protected":false},"excerpt":{"rendered":"<div class=\"product-description\">\n<h3><span data-sheets-root=\"1\">Absorberende sengev\u00e6dningsshorts til voksne &#8211; diskrete og komfortable.<\/span><\/h3>\n<p>Pjama Protect Sengev\u00e6dningsshorts til voksne er en letplejet, diskret,<br \/>\nog komfortabel l\u00f8sning til voksne med problemer med sengev\u00e6dning.<\/p>\n<ul>\n<li>\u00c5ndbar og helt vandt\u00e6t for at holde sengen t\u00f8r.<\/li>\n<li>Lige s\u00e5 bl\u00f8de og behagelige som almindelige pyjamasshorts.<\/li>\n<li>Kan maskinvaskes ved 60\u00b0C og t\u00f8rretumbles.<\/li>\n<\/ul>\n<p>Brug for en mindre st\u00f8rrelse? G\u00e5 p\u00e5 opdagelse i vores <a href=\"https:\/\/pjama.eu\/da\/bukser-til-sengevaedning\/\">b\u00f8rnesortiment<\/a>, hvor du f\u00e5r samme beskyttelse og komfort i st\u00f8rre st\u00f8rrelser. <\/p>\n<\/div>\n","protected":false},"featured_media":31301,"template":"","meta":{"_et_pb_use_builder":"","_et_pb_old_content":"","_et_gb_content_width":""},"product_brand":[],"product_cat":[154,211,165],"product_tag":[],"class_list":{"0":"post-11774","1":"product","2":"type-product","3":"status-publish","4":"has-post-thumbnail","6":"product_cat-pjama-original-da","7":"product_cat-pjamaprotect_2025","8":"product_cat-voksen","9":"product_shipping_class-eu-da","10":"pa_size-bredt","11":"pa_size-lille","12":"pa_size-medium-da","13":"pa_size-stor","14":"pa_size-xlarge-da","15":"pa_size-xwide-da","16":"pa_size-xxwide-da","18":"first","19":"instock","20":"taxable","21":"shipping-taxable","22":"purchasable","23":"product-type-variable"},"composite_virtual":false,"composite_layout":"","composite_add_to_cart_form_location":"","composite_editable_in_cart":false,"composite_sold_individually_context":"","composite_shop_price_calc":"","composite_components":[],"composite_scenarios":[],"_links":{"self":[{"href":"https:\/\/pjama.eu\/da\/wp-json\/wp\/v2\/product\/11774","targetHints":{"allow":["GET"]}}],"collection":[{"href":"https:\/\/pjama.eu\/da\/wp-json\/wp\/v2\/product"}],"about":[{"href":"https:\/\/pjama.eu\/da\/wp-json\/wp\/v2\/types\/product"}],"wp:featuredmedia":[{"embeddable":true,"href":"https:\/\/pjama.eu\/da\/wp-json\/wp\/v2\/media\/31301"}],"wp:attachment":[{"href":"https:\/\/pjama.eu\/da\/wp-json\/wp\/v2\/media?parent=11774"}],"wp:term":[{"taxonomy":"product_brand","embeddable":true,"href":"https:\/\/pjama.eu\/da\/wp-json\/wp\/v2\/product_brand?post=11774"},{"taxonomy":"product_cat","embeddable":true,"href":"https:\/\/pjama.eu\/da\/wp-json\/wp\/v2\/product_cat?post=11774"},{"taxonomy":"product_tag","embeddable":true,"href":"https:\/\/pjama.eu\/da\/wp-json\/wp\/v2\/product_tag?post=11774"}],"curies":[{"name":"wp","href":"https:\/\/api.w.org\/{rel}","templated":true}]}}