{"id":11784,"date":"2020-06-04T09:46:01","date_gmt":"2020-06-04T07:46:01","guid":{"rendered":"https:\/\/pjama.eu\/product\/sengevaedningsalarm-til-pjama-behandlingsserie\/"},"modified":"2026-03-20T10:35:54","modified_gmt":"2026-03-20T09:35:54","slug":"pjama-dryguardians-sengevaetingsalarmsystem","status":"publish","type":"product","link":"https:\/\/pjama.eu\/da\/vare\/pjama-dryguardians-sengevaetingsalarmsystem\/","title":{"rendered":"Pjama DryGuardians Sengev\u00e6dningsalarms\u00e6t"},"content":{"rendered":"<h3>Pjama DryGuardians Sengev\u00e6dningsalarms\u00e6t<\/h3>\n<h4>Behandling med Sengev\u00e6dningsalarm<\/h4>\n<p>Pjama DryGuardians Sengev\u00e6dningsalarms\u00e6t er et effektivt v\u00e6rkt\u00f8j til behandling af<br \/>\nsengev\u00e6dning og enuresis om natten hos b\u00e5de b\u00f8rn og voksne. Unders\u00f8gelser viser, at<br \/>\nat holde sig motiveret og bruge behandlingen konsekvent hver aften er n\u00f8glen til<br \/>\nat overvinde sengev\u00e6dning. Dette s\u00e6t g\u00f8r det lettere at holde sig p\u00e5 sporet og f\u00e5 succes.  <\/p>\n<p>Alarmen fungerer med alt Pjama-behandlingst\u00f8j, herunder bukser, shorts og undert\u00f8j.<br \/>\nDen best\u00e5r af en sensor, der klipses fast p\u00e5 t\u00f8jet, og en h\u00f8jttalerenhed, der placeres i n\u00e6rheden af sengen.<br \/>\nN\u00e5r sensoren registrerer fugt, udl\u00f8ses alarmen, og brugeren v\u00e5gner. Konsekvent brug hj\u00e6lper<br \/>\nmed at tr\u00e6ne hjernen til at reagere p\u00e5 kroppens signaler og bryde vanen med at tisse i sengen. <\/p>\n<p>Med det komplette Pjama-behandlingss\u00e6t (inklusive gr\u00e5 behandlingsbukser eller -shorts) f\u00e5r du b\u00e5de<br \/>\nbeskyttelse og behandling i \u00e9t. Til overnatninger kan sensoren tilsluttes til<br \/>\n<strong>DryGuardians App<\/strong> p\u00e5 en telefon, hvilket giver mulighed for diskrete vibrationer i stedet for en h\u00f8j alarm.<br \/>\nP\u00e5 den m\u00e5de kan b\u00f8rn forts\u00e6tte behandlingen uden afbrydelser, selv uden for hjemmet.<\/p>\n<h4>Hvordan fungerer Pjama DryGuardians Sengev\u00e6dningsalarm?<\/h4>\n<p>Sensoren fastg\u00f8res til linningen p\u00e5 Pjama-t\u00f8j, som har integrerede sensortr\u00e5de<br \/>\n, der udvider detektionsomr\u00e5det. Det sikrer p\u00e5lidelig registrering, uanset hvor urinen lander, eller<x id=\"gid_1\"><\/x>hvilken sovestilling brugeren har. Denne funktion er is\u00e6r v\u00e6rdifuld for drenge,<br \/>\nmen lige s\u00e5 vigtig for piger, der sover i forskellige stillinger.  <\/p>\n<p>N\u00e5r der registreres fugt, aktiveres den tilsluttede alarmenhed med det samme, hvilket afbryder sengev\u00e6dningen<br \/>\nog opfordrer brugeren til at v\u00e5gne op og g\u00e5 p\u00e5 toilettet.<\/p>\n<h4>Funktioner og fordele<\/h4>\n<ul>\n<li><strong>Effektiv behandling:<\/strong> Hj\u00e6lper b\u00f8rn og voksne med enuresis om natten.<\/li>\n<li><strong>Designet til overnatninger:<\/strong> Parres med DryGuardians-appen for at f\u00e5 diskrete vibrationer.<\/li>\n<li><strong>USB-opladning:<\/strong> Praktisk og hurtig opladning via USB.<\/li>\n<li><strong>Tr\u00e5dl\u00f8st system:<\/strong> Alarmenheden kan placeres op til 10 meter fra sensoren.<\/li>\n<li><strong>Notifikationer til for\u00e6ldre:<\/strong> Forbind alarmen med en for\u00e6lders telefon for \u00f8jeblikkelige advarsler.<\/li>\n<\/ul>\n<h4>Spor fremskridt med DryGuardians-appen<\/h4>\n<p>DryGuardians-appen giver dig mulighed for at logge uheld, spore behandlingsfremskridt og modtage personlige<br \/>\nanbefalinger, der er udviklet i samarbejde med det svenske sundhedsv\u00e6sen. Disse indsigter hj\u00e6lper med at optimere behandlingen<br \/>\nog giver v\u00e6rdifulde oplysninger, som kan deles med l\u00e6gerne, hvis det er n\u00f8dvendigt. <\/p>\n<h4>Praktiske tips til brug<\/h4>\n<ul>\n<li>S\u00f8rg for, at t\u00f8jet passer ordentligt, og indstil alarmlydstyrken til et passende niveau.<\/li>\n<li>L\u00e6r b\u00f8rnene, hvordan alarmen fungerer, og inddrag dem i processen.<\/li>\n<li>N\u00e5r alarmen lyder, skal du v\u00e6kke barnet og f\u00f8re det ud p\u00e5 toilettet.<\/li>\n<li>F\u00f8lg vaskeanvisningerne for t\u00f8jet for at bevare kvaliteten.<\/li>\n<\/ul>\n<h4>Pleje af sensorer<\/h4>\n<p><span style=\"font-weight: 400;\">For at opn\u00e5 den bedste ydeevne skal du altid fjerne og t\u00f8rre sensoren efter brug.<\/span><span style=\"font-weight: 400;\"><br \/>\n<\/span><span style=\"font-weight: 400;\">Undg\u00e5 at lade den sidde p\u00e5 v\u00e5dt t\u00f8j &#8211; det forhindrer korrosion og forl\u00e6nger batteriets levetid.<\/span><\/p>\n<h4>Motivation og t\u00e5lmodighed er n\u00f8glen<\/h4>\n<p>Behandling af sengev\u00e6dning kr\u00e6ver tid, motivation og opmuntring. For\u00e6ldre b\u00f8r st\u00f8tte deres b\u00f8rn<br \/>\nmed positiv feedback og fejre fremskridt undervejs. At s\u00e6tte mindre milep\u00e6le hj\u00e6lper med at holde motivationen<br \/>\nh\u00f8j, med det ultimative m\u00e5l at blive fri for sengev\u00e6dning.  <\/p>\n<p>For mere information om enuresis og behandlingsl\u00f8sninger, bes\u00f8g vores<br \/>\n<a href=\"https:\/\/pjama.eu\/da\">hjemmeside<\/a> eller download produktmanualen<br \/>\n<a href=\"https:\/\/pjama.eu\/da\/produktmanualer\/\">her.<\/a><\/p>\n<footer>\u00a9 2024 Pjama.<\/footer>\n","protected":false},"excerpt":{"rendered":"<h3>Sengev\u00e6dningsalarm &#8211; inkluderer sensor og h\u00f8jttaler &#8211; en del af DryGuardians-metoden<\/h3>\n<p>Pjama DryGuardians Sengev\u00e6dningsalarms\u00e6t indeholder:<\/p>\n<ul>\n<li>Sensor, der fastg\u00f8res med trykknapper<\/li>\n<li>H\u00f8jttaler til placering n\u00e6r sengen<\/li>\n<\/ul>\n<p>Sensoren s\u00e6ttes fast p\u00e5 Pjama-bukser, shorts, boxershorts eller trusser og giver<br \/>\nen enkel, effektiv og p\u00e5lidelig m\u00e5de at behandle sengev\u00e6dning og enuresis p\u00e5.<\/p>\n<p>For at bruge Sengev\u00e6dningsalarmen med din smartphone skal du downloade<br \/>\n<strong>DryGuardians App<\/strong> gratis fra<br \/>\n<a href=\"https:\/\/play.google.com\/store\/apps\/details?id=com.pjama&amp;hl=da&amp;gl=DA\">Google Play<\/a><br \/>\neller <a href=\"https:\/\/apps.apple.com\/da\/app\/dryguardians\/id1498084664\">App Store<\/a>.<\/p>\n","protected":false},"featured_media":31174,"template":"","meta":{"_et_pb_use_builder":"off","_et_pb_old_content":"<h3>Bedwetting Alarm for Pjama Treatment Series<\/h3>\r\n<h4>Treatment with Bedwetting Alarm<\/h4>\r\nThe bedwetting alarm is an effective tool for treating bedwetting and nighttime enuresis, for both children and adults. Research shows that about 70% of individuals who undergo bedwetting treatment with an alarm are completely cured, provided there is motivation to follow the treatment every night during the treatment period. The Pjama bedwetting alarm works with all Pjama treatment garments, including pants, shorts, and underwear. The alarm consists of a sensor that clips onto Pjama pants or underwear and a loudspeaker unit placed by the bed. When the sensor detects moisture, the bedwetting alarm is triggered, waking the person undergoing treatment. Consistent use during the treatment period helps break the bedwetting habit, also known as nighttime enuresis.\r\n\r\nWith the Pjama treatment kit, which includes gray treatment pants or shorts, you get both protection and treatment in one. The Pjama pants or shorts keep the bed dry, while the bedwetting alarm helps establish new routines. For sleepovers, the sensor can be connected to the DryGuardians app on your phone, allowing for discreet vibrations instead of a loud alarm. This is perfect for children with enuresis who want to attend sleepovers without interrupting their treatment.\r\n<h4>How Does the Pjama Bedwetting Alarm Work?<\/h4>\r\nThe bedwetting alarm is designed to help both children and adults with bedwetting and acts as a first-line treatment for enuresis. The sensor attached to the Pjama clothing is connected to an alarm unit that activates upon contact with moisture. This bedwetting treatment works by immediately interrupting the bedwetting, training the brain to respond to the body's signals. The treatment garments have integrated sensor wires, which increase the surface area of the sensor. This means that no matter where the urine lands or the sleeping position you or your child is in, the alarm will reliably detect bedwetting. This feature can be especially valuable for boys, as the area where urine first contacts can vary. The same applies to girls who sleep in different positions, particularly if they often sleep on their back.\r\n<h4>Features and Benefits of the Pjama Bedwetting Alarm<\/h4>\r\n<ul>\r\n \t<li><strong>Effective Treatment:<\/strong> Helps with nighttime enuresis for both children and adults.<\/li>\r\n \t<li><strong>Designed for Sleepovers:<\/strong> Use a mobile phone and the DryGuardians app for discreet treatment.<\/li>\r\n \t<li><strong>USB Charging:<\/strong> The alarm unit is easily charged with a USB charger.<\/li>\r\n \t<li><strong>Wireless System:<\/strong> The alarm unit can be placed up to 10 meters from the sensor.<\/li>\r\n \t<li><strong>Parent Notifications:<\/strong> Connect the bedwetting alarm to a parent's phone to receive notifications upon leakage.<\/li>\r\n<\/ul>\r\n<h4>Track Progress with the DryGuardians App<\/h4>\r\nWith the DryGuardians app, you can easily track progress in treating bedwetting and nighttime enuresis. DryGuardians provides predictions and recommendations developed in collaboration with Swedish healthcare, tailored to how your treatment progresses and ensuring that it is optimized for your specific circumstances and results. Log all accidents and track trends over time, which can help you or your child stay motivated. The collected information is also valuable to share with a doctor if additional advice is needed.\r\n<h4>Practical Tips for Use<\/h4>\r\n<ul>\r\n \t<li>Ensure the clothes fit properly and choose an alarm volume that suits your needs.<\/li>\r\n \t<li>Teach the child how the bedwetting alarm works and involve them in the process.<\/li>\r\n \t<li>When the alarm goes off, wake the child and help them go to the bathroom.<\/li>\r\n \t<li>Wash the Pjama garments according to the instructions to maintain quality.<\/li>\r\n<\/ul>\r\n<h4>Motivation and Patience Are Key<\/h4>\r\nTreating bedwetting and nighttime enuresis is a process that requires both motivation and patience, whether you are an adult or a child. Parents should encourage their children and provide positive feedback for every progress made. Setting smaller goals along the way can help maintain high motivation, with the ultimate goal of becoming free from bedwetting.\r\n\r\nFor more information about bedwetting alarms and enuresis alarms for both children and adults, read more on our <a href=\"https:\/\/pjama.se\">website<\/a> or download the manual <a href=\"https:\/\/pjama.se\/produkt-manualer\/\">here<\/a>.\r\n\r\n<footer>\u00a9 2024 Pjama.<\/footer>\u00a0","_et_gb_content_width":""},"product_brand":[],"product_cat":[161,159,212,146],"product_tag":[],"class_list":{"0":"post-11784","1":"product","2":"type-product","3":"status-publish","4":"has-post-thumbnail","6":"product_cat-alarm-for-sengevaedning","7":"product_cat-pjama-behandling","8":"product_cat-pjamadryguardians_2025","9":"product_cat-tilbehor","10":"product_shipping_class-eu-da","12":"first","13":"instock","14":"taxable","15":"shipping-taxable","16":"purchasable","17":"product-type-simple"},"composite_virtual":false,"composite_layout":"","composite_add_to_cart_form_location":"","composite_editable_in_cart":false,"composite_sold_individually_context":"","composite_shop_price_calc":"","composite_components":[],"composite_scenarios":[],"_links":{"self":[{"href":"https:\/\/pjama.eu\/da\/wp-json\/wp\/v2\/product\/11784","targetHints":{"allow":["GET"]}}],"collection":[{"href":"https:\/\/pjama.eu\/da\/wp-json\/wp\/v2\/product"}],"about":[{"href":"https:\/\/pjama.eu\/da\/wp-json\/wp\/v2\/types\/product"}],"wp:featuredmedia":[{"embeddable":true,"href":"https:\/\/pjama.eu\/da\/wp-json\/wp\/v2\/media\/31174"}],"wp:attachment":[{"href":"https:\/\/pjama.eu\/da\/wp-json\/wp\/v2\/media?parent=11784"}],"wp:term":[{"taxonomy":"product_brand","embeddable":true,"href":"https:\/\/pjama.eu\/da\/wp-json\/wp\/v2\/product_brand?post=11784"},{"taxonomy":"product_cat","embeddable":true,"href":"https:\/\/pjama.eu\/da\/wp-json\/wp\/v2\/product_cat?post=11784"},{"taxonomy":"product_tag","embeddable":true,"href":"https:\/\/pjama.eu\/da\/wp-json\/wp\/v2\/product_tag?post=11784"}],"curies":[{"name":"wp","href":"https:\/\/api.w.org\/{rel}","templated":true}]}}