{"id":11785,"date":"2021-02-01T11:43:16","date_gmt":"2021-02-01T10:43:16","guid":{"rendered":"https:\/\/pjama.eu\/product\/kort-om-behandlingen\/"},"modified":"2026-04-22T14:21:31","modified_gmt":"2026-04-22T12:21:31","slug":"sengevaedning-behandling-trusser","status":"publish","type":"product","link":"https:\/\/pjama.eu\/da\/vare\/sengevaedning-behandling-trusser\/","title":{"rendered":"Pjama DryGuardians Undert\u00f8j &#8211; Trusser"},"content":{"rendered":"<h3>Pjama DryGuardians Undert\u00f8j &#8211; Trusser. Effektiv alarmbehandling mod sengev\u00e6dning <\/h3>\n<p>Pjama DryGuardians Undert\u00f8j &#8211; Trusser er den perfekte l\u00f8sning til b\u00f8rn, der<br \/>\nlider af enuresis (natlig sengev\u00e6dning). I kombination med en Pjama Sengev\u00e6dningsalarm<br \/>\neller Pjama Sensor og DryGuardians App f\u00e5r du en effektiv og behagelig behandling.<br \/>\nDisse trusser har integrerede sensortr\u00e5de, der hurtigt registrerer fugt og aktiverer<br \/>\nSengev\u00e6dningsalarmen for at hj\u00e6lpe dit barn med at v\u00e5gne op og stoppe vandladningen.<br \/>\nDownload DryGuardians App fra<br \/>\n<a href=\"https:\/\/play.google.com\/store\/apps\/details?id=com.pjama&amp;hl=da&amp;gl=DA\" target=\"_blank\" rel=\"noopener\">Google Play<\/a><br \/>\neller <a href=\"https:\/\/apps.apple.com\/da\/app\/dryguardians\/id1498084664\" target=\"_blank\" rel=\"noopener\">App Store<\/a><br \/>\nfor at spore fremskridt og modtage personlig vejledning under hele behandlingen.<\/p>\n<h4>Funktioner<\/h4>\n<p>Pjama DryGuardians Undert\u00f8j &#8211; Trusser er specielt designet til b\u00e5de drenge og piger<br \/>\nog fungerer sammen med Pjama DryGuardiansAlarmsensor. Trusserne er udstyret med<br \/>\nto sm\u00e5 knapper i linningen til at tilslutte sensoren. Integrerede sensortr\u00e5de i skridtet<br \/>\nomr\u00e5det registrerer fugt og aktiverer hurtigt alarmen, hvilket sikrer en sikker og effektiv behandling.  <\/p>\n<p>De integrerede sensortr\u00e5de giver et st\u00f8rre m\u00e5lomr\u00e5de og en mere pr\u00e6cis registrering. Dette sikrer<br \/>\np\u00e5lidelige resultater uanset sovestilling. Designet er til gavn for b\u00e5de drenge og piger,<br \/>\ngiver n\u00f8jagtig registrering, uanset om de sover p\u00e5 ryggen, siden eller maven.  <\/p>\n<h4>Anvendelse<\/h4>\n<p>Det er lige s\u00e5 behageligt at have Pjama DryGuardians Undert\u00f8j &#8211; Briefs p\u00e5 som at have almindeligt<br \/>\nundert\u00f8j p\u00e5, hvilket g\u00f8r dem ideelle til brug om natten. Disse trusser absorberer ikke v\u00e6ske; i stedet<br \/>\narbejder de sammen med alarmen for at bryde vanen med at tisse i sengen. <\/p>\n<ul>\n<li>1 x Pjama DryGuardians Undert\u00f8j &#8211; Trusser <em>(alarm s\u00e6lges separat)<\/em><\/li>\n<\/ul>\n<p>Du skal blot klikke sensoren p\u00e5 linningen, placere alarmen i n\u00e6rheden af sengen, og dit barn er klar.<br \/>\nHvis der opst\u00e5r sengev\u00e6dning, registrerer sensortr\u00e5dene straks fugt og aktiverer alarmen.<br \/>\nAlarmen kan stoppes med &#8220;ON\/OFF&#8221;-knappen, s\u00e5 barnet kan g\u00e5 p\u00e5 toilettet<br \/>\nog tisse f\u00e6rdigt. DryGuardians-appen kan ogs\u00e5 bruges sammen med alarmen til diskrete signaler,<br \/>\nvibrationer og sporing af fremskridt. <\/p>\n<h4>Materiale<\/h4>\n<p>Pjama DryGuardians Undert\u00f8j &#8211; Trusser er fremstillet afOeko-Tex-certificerede stoffer af h\u00f8j kvalitet, som er sikre og sk\u00e5nsomme mod b\u00f8rns hud.<\/p>\n<h4>Info<\/h4>\n<ul>\n<li>Forbindes til Pjama Sengev\u00e6dningsalarm (via knapper p\u00e5 linningen)<\/li>\n<li>Integrerede sensortr\u00e5de giver st\u00f8rre n\u00f8jagtighed<\/li>\n<li>Behagelig og bl\u00f8d<\/li>\n<li>Diskret og praktisk<\/li>\n<li>Kan maskinvaskes ved 60\u00b0C<\/li>\n<li>Kan t\u00f8rretumbles<\/li>\n<li>St\u00f8rrelser: B\u00f8rn<\/li>\n<li>Farve: Lilla<\/li>\n<\/ul>\n<p><em>Tag Pjama-sensoren af f\u00f8r vask.<\/em><\/p>\n<h4>DryGuardians app og klinik for sengev\u00e6dning<\/h4>\n<p>DryGuardians-appen tilbyder avancerede funktioner til behandling af enuresis:<\/p>\n<ul>\n<li>Brug appen som lydenhed til din alarm, og v\u00e6lg forskellige alarmsignaler.<\/li>\n<li>Log aftenens resultater i kalenderen for at f\u00f8lge fremskridt og f\u00e5 personlige tips.<\/li>\n<li>F\u00e5 l\u00f8bende r\u00e5dgivning og st\u00f8tte under behandlingen.<\/li>\n<li>Indstil p\u00e5mindelser i dagtimerne for at opmuntre til toiletbes\u00f8g.<\/li>\n<\/ul>\n<p>Appen er gratis at downloade fra<br \/>\n<a href=\"https:\/\/play.google.com\/store\/apps\/details?id=com.pjama&amp;hl=da&amp;gl=DA\" target=\"_blank\" rel=\"noopener\">Google Play<\/a><br \/>\neller <a href=\"https:\/\/apps.apple.com\/da\/app\/dryguardians\/id1498084664\" target=\"_blank\" rel=\"noopener\">App Store<\/a>.<br \/>\nF\u00e5 mere at vide om vores klinik for sengev\u00e6dning p\u00e5<br \/>\n<a href=\"https:\/\/pjama.eu\/da\/\">Pjamas hjemmeside.<\/a><\/p>\n<h4>Behandlingsprocessen &#8211; motivation og t\u00e5lmodighed er n\u00f8glen<\/h4>\n<p>Behandling af enuresis om natten kr\u00e6ver motivation og t\u00e5lmodighed, is\u00e6r i de f\u00f8rste par uger.<br \/>\nDet er vigtigt at s\u00e6tte sig realistiske m\u00e5l og fejre fremskridt. Det ultimative m\u00e5l er en t\u00f8r seng<br \/>\nuden hj\u00e6lp. V\u00e6rkt\u00f8jer som Pjama DryGuardians Undert\u00f8j (trusser &#8211; b\u00f8rn) kombineret med<br \/>\nalarmer og DryGuardians App g\u00f8r dette lettere.  <\/p>\n<p>For\u00e6ldre kan st\u00f8tte deres b\u00f8rn ved at give opmuntring og positiv feedback.<br \/>\nDryGuardians-appen giver tips, vejledning og sporing for at g\u00f8re behandlingen sikker og effektiv.<\/p>\n<footer>\u00a9 2024 Pjama.<\/footer>\n","protected":false},"excerpt":{"rendered":"<h3>Smarte trusser til behandling af sengev\u00e6dning med integrerede detektorer &#8211; en del af DryGuardians-metoden<\/h3>\n<p>Pjama DryGuardians Undert\u00f8j &#8211; Trusser er en effektiv og sikker behandling<br \/>\naf enuresis (sengev\u00e6dning).<\/p>\n<ul>\n<li>Kompatibel med Pjama Sengev\u00e6dningsalarm &#8211; behandl sengev\u00e6dning nemt, sikkert og komfortabelt.<\/li>\n<li>Stort m\u00e5lomr\u00e5de for sikker og hurtig reaktion p\u00e5 sengev\u00e6dning.<\/li>\n<li>Lige s\u00e5 bl\u00f8d og behagelig som almindeligt undert\u00f8j.<\/li>\n<li>Kan maskinvaskes ved 60\u00b0C og t\u00f8rretumbles.<\/li>\n<\/ul>\n<p>K\u00f8b alarmen og download <strong>DryGuardians-appen<\/strong>, en gratis behandlingstjeneste<br \/>\nfor sengev\u00e6dning, fra<br \/>\n<a href=\"https:\/\/play.google.com\/store\/apps\/details?id=com.pjama&amp;hl=da&amp;gl=DA\">Google Play<\/a><br \/>\neller <a href=\"https:\/\/apps.apple.com\/da\/app\/dryguardians\/id1498084664\">App Store<\/a>.<\/p>\n","protected":false},"featured_media":31194,"template":"","meta":{"_et_pb_use_builder":"off","_et_pb_old_content":"<h3>Pjama trusser til behandling af sengev\u00e6dning - effektiv alarmbehandling af sengev\u00e6dning<\/h3>\nPjamas trusser til behandling af sengev\u00e6dning er den perfekte l\u00f8sning til b\u00e5de b\u00f8rn og voksne, der lider af enuresis (sengev\u00e6dning om natten).\nI kombination med en Pjama Sengev\u00e6dningsalarm eller Pjama DryGuardiansAlarmsensor og vores DryGuardians-app f\u00e5r du en effektiv og behagelig behandling af sengev\u00e6dning. Disse trusser til sengev\u00e6dning har integrerede sensortr\u00e5de, der hurtigt registrerer fugt og aktiverer sengev\u00e6dningsalarmen for at hj\u00e6lpe dig eller dit barn med at v\u00e5gne op og stoppe vandladningen. \n\nDownload DryGuardians-appen fra <a href=\"https:\/\/play.google.com\/store\/apps\/details?id=com.pjama&gl=da&hl=da\">Google Play<\/a> eller <a href=\"https:\/\/apps.apple.com\/da\/app\/pjama\/id1498084664?mt=8&l=da\">App Store<\/a> for at spore fremskridt og modtage personlig vejledning under hele behandlingen af natlig enuresis.\n<h4>Funktioner<\/h4>\nPjama Bedwetting Treatment Trusser er specielt designet til b\u00e5de drenge og piger og fungerer sammen med Pjama Sengev\u00e6dningsalarm eller Pjama Sensor. Trusserne er udstyret med to sm\u00e5 knapper i linningen til at tilslutte sensoren. Integrerede sensortr\u00e5de i skridtet g\u00f8r det nemt for alarmsystemet at registrere fugt og hurtigt aktivere Sengev\u00e6dningsalarmen, hvilket hj\u00e6lper med at behandle enuresis om natten p\u00e5 en sikker og effektiv m\u00e5de.  \n\nDe integrerede sensortr\u00e5de i Pjamas trusser til behandling af sengev\u00e6dning sikrer et st\u00f8rre m\u00e5lomr\u00e5de og en mere pr\u00e6cis registrering. I praksis betyder det, at uanset hvor urinen rammer, eller hvilken sovestilling du eller dit barn har, vil alarmen p\u00e5lideligt registrere sengev\u00e6dning. Dette er is\u00e6r v\u00e6rdifuldt for drenge, da det omr\u00e5de, hvor urinen f\u00f8rst rammer, kan variere. Det samme g\u00e6lder for piger, der sover i forskellige stillinger, is\u00e6r dem, der ofte sover p\u00e5 ryggen.   \n<h4>Anvendelse<\/h4>\nDet er lige s\u00e5 behageligt at have Pjama trusser til behandling af sengev\u00e6dning p\u00e5, som det er at have almindeligt undert\u00f8j p\u00e5, hvilket g\u00f8r dem ideelle til b\u00f8rn med sengev\u00e6dning. Disse trusser til natlig enuresis er designet til at blive brugt sammen med Pjama Sengev\u00e6dningsalarm og absorberer ikke v\u00e6ske. Behandlingen fokuserer p\u00e5 at bryde vanen med at tisse i sengen.  \n\nPakken indeholder:\n<ul>\n \t<li>1 x Pjama Sengev\u00e6dningsbehandling Trusser\n(Bem\u00e6rk: Pjama Sengev\u00e6dningsalarm s\u00e6lges separat.)<\/li>\n<\/ul>\nKlik nemt sensoren fast p\u00e5 den forreste linning af behandlingstrusserne og start Sengev\u00e6dningsalarmen, s\u00e5 er du klar til at begynde behandlingen! Placer sengev\u00e6dningsalarmen ved siden af sengen.\nHvis du eller dit barn tisser i sengen, registrerer de f\u00f8lsomme integrerede sensortr\u00e5de i behandlingstrusserne hurtigt fugten og aktiverer alarmen. Du eller dit barn kan nemt stoppe alarmen ved at trykke p\u00e5 \"ON\/OFF\"-knappen p\u00e5 toppen af alarmen og derefter g\u00e5 p\u00e5 toilettet for at lade vandet.  \n\nFor at bruge Sengev\u00e6dningsalarmen med din smartphone skal du downloade DryGuardians-appen.\n<h4>Materiale<\/h4>\nPjamas trusser til behandling af sengev\u00e6dning er fremstillet af Oeko-Tex-certificerede stoffer af h\u00f8j kvalitet, som er sikre og sk\u00e5nsomme mod b\u00f8rns hud.\n<h4>Info<\/h4>\n<ul>\n \t<li><em>Forbindes til Pjama Sengev\u00e6dningsalarm (via knapper foran p\u00e5 trusserne)<\/em><\/li>\n \t<li><em>Integrerede sensortr\u00e5de giver st\u00f8rre n\u00f8jagtighed<\/em><\/li>\n \t<li><em>Behagelig og bl\u00f8d<\/em><\/li>\n \t<li><em>Diskret og praktisk<\/em><\/li>\n \t<li><em>Kan maskinvaskes ved 60 grader<\/em><\/li>\n \t<li><em>Kan t\u00f8rretumbles<\/em><\/li>\n \t<li><em>St\u00f8rrelser: B\u00f8rn og voksne<\/em><\/li>\n \t<li><em>Farve: Lilla<\/em><\/li>\n<\/ul>\n<span style=\"color: #666666;font-size: 14px\">Husk at tage Pjama-sensoren til Sengev\u00e6dningsalarmer af, n\u00e5r den ikke er i brug og f\u00f8r vask.<\/span>\n<h4>DryGuardians app og klinik for sengev\u00e6dning<\/h4>\nDryGuardians-appen tilbyder avancerede funktioner til behandling af sengev\u00e6dning og natlig enuresis:\n<ul>\n \t<li>Brug appen som lydenhed til din Sengev\u00e6dningsalarm og v\u00e6lg forskellige alarmsignaler.<\/li>\n \t<li>Log aftenens resultater i kalenderen for at spore fremskridt og modtage personlige tips.<\/li>\n \t<li>F\u00e5 personlig r\u00e5dgivning og st\u00f8tte under behandlingen af enuresis.<\/li>\n \t<li>Indstil alarmer i dagtimerne for at minde dig eller dit barn om at g\u00e5 p\u00e5 toilettet i l\u00f8bet af dagen.<\/li>\n<\/ul>\nDryGuardians-appen er gratis at downloade fra <a href=\"https:\/\/play.google.com\/store\/apps\/details?id=com.pjama&gl=da&hl=da\">Google Play<\/a> eller <a href=\"https:\/\/apps.apple.com\/da\/app\/pjama\/id1498084664?mt=8&l=da\">App Store<\/a>. L\u00e6s mere om vores klinik for sengev\u00e6dning, og hvordan vi kan hj\u00e6lpe dig eller dit barn p\u00e5 vores <a href=\"https:\/\/pjama.eu\/da\/\">hjemmeside<\/a>. \n<h4>Behandlingsprocessen - motivation og t\u00e5lmodighed er n\u00f8glen<\/h4>\nBehandling af natlig enuresis kr\u00e6ver motivation og t\u00e5lmodighed, is\u00e6r i de f\u00f8rste par uger. For b\u00e5de b\u00f8rn og for\u00e6ldre er det vigtigt at s\u00e6tte realistiske m\u00e5l og fejre fremskridt. Husk, at en t\u00f8r seng uden hj\u00e6lp er m\u00e5let, og v\u00e6rkt\u00f8jer som Pjama Sengev\u00e6dnings trusser og Sengev\u00e6dningsalarmer kan g\u00f8re rejsen lettere.  \n\nSom for\u00e6lder kan du holde dit barn motiveret ved at give positiv feedback og komplimenter. Ved hj\u00e6lp af <em>DryGuardians-appen<\/em> kan du modtage tips og r\u00e5d, der er skr\u00e6ddersyet til, hvordan behandlingen skrider frem. Det er en sikker og effektiv vej til en bedre hverdag for b\u00e5de b\u00f8rn og voksne, der lider af enuresis.  \n\n\u00a9 2024 Pjama.","_et_gb_content_width":""},"product_brand":[],"product_cat":[159,156,212,161,146,165],"product_tag":[],"class_list":{"0":"post-11785","1":"product","2":"type-product","3":"status-publish","4":"has-post-thumbnail","6":"product_cat-pjama-behandling","7":"product_cat-born","8":"product_cat-pjamadryguardians_2025","9":"product_cat-alarm-for-sengevaedning","10":"product_cat-tilbehor","11":"product_cat-voksen","12":"product_shipping_class-eu-da","13":"pa_size-alder-10-12-ar","14":"pa_size-alder-5-6-ar","15":"pa_size-alder-6-8-ar","16":"pa_size-alder-8-10-ar","17":"pa_size-lille","18":"pa_size-medium-da","19":"pa_size-stor","21":"first","22":"instock","23":"taxable","24":"shipping-taxable","25":"purchasable","26":"product-type-variable"},"composite_virtual":false,"composite_layout":"","composite_add_to_cart_form_location":"","composite_editable_in_cart":false,"composite_sold_individually_context":"","composite_shop_price_calc":"","composite_components":[],"composite_scenarios":[],"_links":{"self":[{"href":"https:\/\/pjama.eu\/da\/wp-json\/wp\/v2\/product\/11785","targetHints":{"allow":["GET"]}}],"collection":[{"href":"https:\/\/pjama.eu\/da\/wp-json\/wp\/v2\/product"}],"about":[{"href":"https:\/\/pjama.eu\/da\/wp-json\/wp\/v2\/types\/product"}],"wp:featuredmedia":[{"embeddable":true,"href":"https:\/\/pjama.eu\/da\/wp-json\/wp\/v2\/media\/31194"}],"wp:attachment":[{"href":"https:\/\/pjama.eu\/da\/wp-json\/wp\/v2\/media?parent=11785"}],"wp:term":[{"taxonomy":"product_brand","embeddable":true,"href":"https:\/\/pjama.eu\/da\/wp-json\/wp\/v2\/product_brand?post=11785"},{"taxonomy":"product_cat","embeddable":true,"href":"https:\/\/pjama.eu\/da\/wp-json\/wp\/v2\/product_cat?post=11785"},{"taxonomy":"product_tag","embeddable":true,"href":"https:\/\/pjama.eu\/da\/wp-json\/wp\/v2\/product_tag?post=11785"}],"curies":[{"name":"wp","href":"https:\/\/api.w.org\/{rel}","templated":true}]}}