{"id":11802,"date":"2021-01-29T14:15:16","date_gmt":"2021-01-29T13:15:16","guid":{"rendered":"https:\/\/pjama.eu\/product\/pjama-sensor\/"},"modified":"2026-03-20T10:35:52","modified_gmt":"2026-03-20T09:35:52","slug":"pjama-dryguardians-capteur-dalarme","status":"publish","type":"product","link":"https:\/\/pjama.eu\/da\/vare\/pjama-dryguardians-capteur-dalarme\/","title":{"rendered":"Pjama DryGuardiansAlarmsensor"},"content":{"rendered":"<h3>Pjama DryGuardiansAlarmsensor<\/h3>\n<h4>Behandling med sensor og app<\/h4>\n<p>Sengev\u00e6dningsalarmer er et effektivt v\u00e6rkt\u00f8j til behandling af sengev\u00e6dning og natlig enuresis<br \/>\nhos b\u00e5de b\u00f8rn og voksne. Forskning viser, at omkring 70 % af de mennesker, der gennemg\u00e5r behandling<br \/>\nmed en sengev\u00e6dningsalarm, bliver helt helbredt, forudsat at de forbliver motiverede og f\u00f8lger behandlingen<br \/>\nkonsekvent i hele perioden. <\/p>\n<p>Pjama DryGuardiansAlarmsensor fungerer med alt Pjama-behandlingst\u00f8j, herunder bukser,<br \/>\nshorts og undert\u00f8j <em>(s\u00e6lges separat)<\/em>.<\/p>\n<p>Systemet best\u00e5r af en sensor, der fastg\u00f8res til Pjama-t\u00f8jet og bruges sammen med en<br \/>\nsmartphone, der k\u00f8rer DryGuardians-appen. N\u00e5r sensoren registrerer fugt, udl\u00f8ses alarmen<br \/>\np\u00e5 telefonen, s\u00e5 brugeren v\u00e5gner. Konsekvent brug hj\u00e6lper med at bryde vanen med sengev\u00e6dning<br \/>\n(natlig enuresis).  <\/p>\n<p>Med <a href=\"https:\/\/pjama.eu\/da\/vare\/dryguardians-til-hyppige-sengevaedere-shorts\/\">Pjama-behandlingss\u00e6ttet<\/a>,<br \/>\nsom indeholder gr\u00e5 behandlingsbukser eller -shorts, f\u00e5r du b\u00e5de beskyttelse og behandling i \u00e9t.<br \/>\nT\u00f8jet holder sengen t\u00f8r, mens alarmen hj\u00e6lper med at etablere nye rutiner. Ved overnatning<br \/>\ngiver DryGuardians-appen mulighed for diskrete vibrationer i stedet for h\u00f8jlydte alarmer, hvilket g\u00f8r den ideel til b\u00f8rn<br \/>\n, der \u00f8nsker at deltage i overnatninger uden at afbryde behandlingen. <\/p>\n<h4>Hvordan fungerer Pjama DryGuardiansAlarmsensor?<\/h4>\n<p>Sensoren og smartphonen fungerer sammen som en komplet Sengev\u00e6dningsalarm, der er designet til at hj\u00e6lpe<br \/>\nb\u00f8rn og voksne. Sensoren s\u00e6ttes fast p\u00e5 Pjama-t\u00f8jet og forbindes til DryGuardians-appen.<br \/>\nDen aktiveres ved kontakt med fugt, afbryder straks sengev\u00e6dning og tr\u00e6ner hjernen<br \/>\ntil at reagere p\u00e5 kroppens signaler. <\/p>\n<p>T\u00f8jet har indsyede sensortr\u00e5de, hvilket \u00f8ger detektionsomr\u00e5det. Det sikrer p\u00e5lidelig registrering<br \/>\nuanset urinens placering eller soveposition. Det er s\u00e6rligt v\u00e6rdifuldt for drenge, men lige s\u00e5<br \/>\neffektivt for piger, is\u00e6r dem, der ofte sover p\u00e5 ryggen.  <\/p>\n<h4>Funktioner og fordele<\/h4>\n<ul>\n<li><strong>Effektiv behandling:<\/strong> Hj\u00e6lper b\u00e5de b\u00f8rn og voksne med natlig enuresis.<\/li>\n<li><strong>Ideel til ophold natten over:<\/strong> Brug sensoren med DryGuardians-appen til diskret behandling.<\/li>\n<li><strong>Tr\u00e5dl\u00f8s forbindelse:<\/strong> Telefonen kan placeres 5-20 meter v\u00e6k, afh\u00e6ngigt af model.<\/li>\n<li><strong>Notifikationer til for\u00e6ldre:<\/strong> Link alarmen til en for\u00e6lders telefon for \u00f8jeblikkelige advarsler.<\/li>\n<li><strong>Stort detekteringsomr\u00e5de:<\/strong> Registrerer hurtigt fugt uanset soveposition.<\/li>\n<\/ul>\n<h4>Pleje af sensorer<\/h4>\n<p><span style=\"font-weight: 400;\">For at opn\u00e5 den bedste ydeevne skal du altid fjerne og t\u00f8rre sensoren efter brug.<\/span><span style=\"font-weight: 400;\"><br \/>\n<\/span><span style=\"font-weight: 400;\">Undg\u00e5 at lade den sidde p\u00e5 v\u00e5dt t\u00f8j &#8211; det forhindrer korrosion og forl\u00e6nger batteriets levetid.<\/span><\/p>\n<h4>Spor fremskridt med DryGuardians-appen<\/h4>\n<p>Med DryGuardians-appen kan du nemt logge ulykker, f\u00f8lge behandlingsforl\u00f8bet,<br \/>\nog modtage personlige anbefalinger, der er udviklet i samarbejde med det svenske sundhedsv\u00e6sen.<br \/>\nAppen hj\u00e6lper dig eller dit barn med at holde motivationen oppe og giver v\u00e6rdifuld information<br \/>\n, som du kan dele med en l\u00e6ge, hvis det er n\u00f8dvendigt.<\/p>\n<h4>Praktiske tips til brug<\/h4>\n<ul>\n<li>S\u00f8rg for, at t\u00f8jet passer ordentligt, og v\u00e6lg en passende alarmtone i appen.<\/li>\n<li>L\u00e6r dit barn, hvordan alarmen fungerer, og inddrag det i processen.<\/li>\n<li>N\u00e5r alarmen udl\u00f8ses, skal du hj\u00e6lpe barnet med at v\u00e5gne op og g\u00e5 p\u00e5 toilettet.<\/li>\n<li>Vask Pjama-t\u00f8j i henhold til plejeanvisningerne for at bevare kvaliteten.<\/li>\n<\/ul>\n<h4>Motivation og t\u00e5lmodighed er n\u00f8glen<\/h4>\n<p>Behandling af sengev\u00e6dning kr\u00e6ver t\u00e5lmodighed, konsekvens og opmuntring. For\u00e6ldre b\u00f8r<x id=\"gid_0\"><\/x>give positiv feedback og fejre sm\u00e5 milep\u00e6le undervejs. Det ultimative m\u00e5l<br \/>\ner t\u00f8rhed uden hj\u00e6lpemidler, og v\u00e6rkt\u00f8jer som Pjama DryGuardiansAlarmsensor kan g\u00f8re rejsen<br \/>\nnemmere.  <\/p>\n<p>For mere information om l\u00f8sninger til behandling af enuresis, bes\u00f8g vores<br \/>\n<a href=\"https:\/\/pjama.eu\/da\/\">hjemmeside<\/a> eller download manualen<br \/>\n<a href=\"https:\/\/pjama.eu\/da\/produktmanualer\/\">her.<\/a><\/p>\n<footer>\u00a9 2024 Pjama.<\/footer>\n","protected":false},"excerpt":{"rendered":"<h3>Fugtsensor til tilslutning af DryGuardians natt\u00f8j og undert\u00f8j til alarmen.<\/h3>\n<p>Pjama DryGuardiansAlarmsensor inkluderer:<\/p>\n<ul>\n<li>Sensor, der fastg\u00f8res med trykknapper<\/li>\n<li>DryGuardians App som alarmenhed<\/li>\n<\/ul>\n<p>Sensoren s\u00e6ttes fast p\u00e5 Pjama-bukser, shorts, boksershorts eller trusser og er en nem,<br \/>\neffektiv og sikker m\u00e5de at behandle sengev\u00e6dning og enuresis p\u00e5.<\/p>\n<p>For at bruge enuresis-alarmen med din smartphone skal du downloade<br \/>\n<strong>DryGuardians App<\/strong> gratis fra<br \/>\n<a href=\"https:\/\/play.google.com\/store\/apps\/details?id=com.pjama&amp;hl=da&amp;gl=DA\">Google Play<\/a><br \/>\neller <a href=\"https:\/\/apps.apple.com\/da\/app\/dryguardians\/id1498084664\">App Store<\/a>.<\/p>\n","protected":false},"featured_media":22862,"template":"","meta":{"_et_pb_use_builder":"","_et_pb_old_content":"","_et_gb_content_width":""},"product_brand":[],"product_cat":[213],"product_tag":[],"class_list":{"0":"post-11802","1":"product","2":"type-product","3":"status-publish","4":"has-post-thumbnail","6":"product_cat-tilbehor_2025","7":"product_shipping_class-eu-da","9":"first","10":"onbackorder","11":"taxable","12":"shipping-taxable","13":"purchasable","14":"product-type-simple"},"composite_virtual":false,"composite_layout":"","composite_add_to_cart_form_location":"","composite_editable_in_cart":false,"composite_sold_individually_context":"","composite_shop_price_calc":"","composite_components":[],"composite_scenarios":[],"_links":{"self":[{"href":"https:\/\/pjama.eu\/da\/wp-json\/wp\/v2\/product\/11802","targetHints":{"allow":["GET"]}}],"collection":[{"href":"https:\/\/pjama.eu\/da\/wp-json\/wp\/v2\/product"}],"about":[{"href":"https:\/\/pjama.eu\/da\/wp-json\/wp\/v2\/types\/product"}],"wp:featuredmedia":[{"embeddable":true,"href":"https:\/\/pjama.eu\/da\/wp-json\/wp\/v2\/media\/22862"}],"wp:attachment":[{"href":"https:\/\/pjama.eu\/da\/wp-json\/wp\/v2\/media?parent=11802"}],"wp:term":[{"taxonomy":"product_brand","embeddable":true,"href":"https:\/\/pjama.eu\/da\/wp-json\/wp\/v2\/product_brand?post=11802"},{"taxonomy":"product_cat","embeddable":true,"href":"https:\/\/pjama.eu\/da\/wp-json\/wp\/v2\/product_cat?post=11802"},{"taxonomy":"product_tag","embeddable":true,"href":"https:\/\/pjama.eu\/da\/wp-json\/wp\/v2\/product_tag?post=11802"}],"curies":[{"name":"wp","href":"https:\/\/api.w.org\/{rel}","templated":true}]}}