{"id":11803,"date":"2021-02-01T11:50:10","date_gmt":"2021-02-01T10:50:10","guid":{"rendered":"https:\/\/pjama.eu\/product\/dryguardians-til-piger\/"},"modified":"2026-04-22T14:19:17","modified_gmt":"2026-04-22T12:19:17","slug":"dryguardians-til-piger","status":"publish","type":"product","link":"https:\/\/pjama.eu\/da\/vare\/dryguardians-til-piger\/","title":{"rendered":"Pjama DryGuardians Undert\u00f8js- og alarms\u00e6t &#8211; Trusser"},"content":{"rendered":"<h3>Pjama DryGuardians &#8211; Undert\u00f8js- og alarms\u00e6t &#8211; Trusser &#8211; Effektiv alarmbehandling mod sengev\u00e6dning<\/h3>\n<p>Pjama DryGuardians &#8211; Undert\u00f8js- og alarms\u00e6t &#8211; Trusser er den perfekte l\u00f8sning til piger, der lider af sengev\u00e6dning (natlig enuresis). I kombination med vores DryGuardians-app f\u00e5r du en effektiv og behagelig behandling af sengev\u00e6dning. Disse trusser til sengev\u00e6dning er udstyret med indsyede sensortr\u00e5de, der hurtigt registrerer fugt og aktiverer sengev\u00e6dningsalarmen for at hj\u00e6lpe barnet med at v\u00e5gne op og afbryde vandladningen. DryGuardians behandlingsservice analyserer sengev\u00e6dningsh\u00e6ndelser og giver personlige tips, r\u00e5d og forudsigelser undervejs.   <\/p>\n<p>Download DryGuardians-appen fra <a href=\"https:\/\/play.google.com\/store\/apps\/details?id=com.pjama&amp;gl=da&amp;hl=da\" target=\"_blank\" rel=\"noopener\">Google Play<\/a> eller <a href=\"https:\/\/apps.apple.com\/da\/app\/pjama\/id1498084664?mt=8&amp;l=da\" target=\"_blank\" rel=\"noopener\">App Store<\/a> for at spore fremskridt og modtage skr\u00e6ddersyet vejledning under hele behandlingen af natlig enuresis.<\/p>\n<h4>Funktioner<\/h4>\n<p>Sengev\u00e6dningsalarmen er designet til at hj\u00e6lpe b\u00e5de b\u00f8rn og voksne med sengev\u00e6dning og fungerer som en f\u00f8rstelinjebehandling af enuresis. Sensoren, der sidder p\u00e5 Pjama-t\u00f8jet, er forbundet med en alarmenhed, der aktiveres ved fugtkontakt. Denne alarmbehandling mod enuresis virker ved straks at afbryde sengev\u00e6dningen og tr\u00e6ne hjernen til at reagere p\u00e5 kroppens signaler.  <\/p>\n<p>Pjama DryGuardians &#8211; Undert\u00f8js- og alarms\u00e6t &#8211; Trusser er specielt designet til pigers anatomi og urinstr\u00f8mmens kontaktpunkt. Trusserne er udstyret med to sm\u00e5 knapper i taljen, som g\u00f8r det nemt at fastg\u00f8re sensoren fra Sengev\u00e6dningsalarmen. Indsyede sensortr\u00e5de omkring skridtet g\u00f8r det muligt for alarmsystemet at registrere fugt og hurtigt aktivere en sengev\u00e6dningsalarm, hvilket hj\u00e6lper med at behandle natlig enuresis effektivt og sikkert.  <\/p>\n<p>De indsyede sensortr\u00e5de i Pjama DryGuardians &#8211; Undert\u00f8js- og alarms\u00e6t &#8211; Trusser \u00f8ger m\u00e5lomr\u00e5det og sikrer en mere p\u00e5lidelig registrering. I praksis betyder det, at uanset hvor urinen rammer, eller hvordan dit barn sover, vil alarmen p\u00e5lideligt registrere sengev\u00e6dning. For piger, is\u00e6r dem, der sover p\u00e5 ryggen, er dette s\u00e6rligt nyttigt, da det omr\u00e5de, hvor urinen f\u00f8rst rammer, kan variere.  <\/p>\n<h4>Anvendelse<\/h4>\n<p>Det er lige s\u00e5 behageligt at have trusserne til sengev\u00e6dning p\u00e5 som almindeligt undert\u00f8j, hvilket g\u00f8r dem ideelle til b\u00f8rn, der lider af sengev\u00e6dning. Pjama DryGuardians &#8211; Undert\u00f8js- og alarms\u00e6t &#8211; Trusser til natlig enuresis absorberer ikke v\u00e6ske. Behandlingen fokuserer p\u00e5 at bryde vanen med at tisse i sengen.  <\/p>\n<p>Pakken indeholder:<\/p>\n<ul>\n<li>2 x Pjama DryGuardians Undert\u00f8j &#8211; Trusser<\/li>\n<li>1 x Pjama DryGuardians &#8211; Komplet alarms\u00e6t (sensor og lydenhed)<\/li>\n<\/ul>\n<p>Du skal blot klikke sensoren fast p\u00e5 forsiden af dine sengev\u00e6dnings trusser og starte sengev\u00e6dningsalarmen for at begynde behandlingen! Placer sengev\u00e6dningsalarmen ved siden af sengen.<br \/>\nHvis barnet tisser, reagerer de f\u00f8lsomme indsyede sensortr\u00e5de i behandlingstrusserne hurtigt og aktiverer alarmen. Barnet kan nemt stoppe alarmen ved at trykke p\u00e5 &#8220;ON\/OFF-knappen&#8221; p\u00e5 toppen af alarmenheden og derefter g\u00e5 ud p\u00e5 badev\u00e6relset for at lade vandet.  <\/p>\n<p>For at bruge Sengev\u00e6dningsalarmen med din smartphone og f\u00e5 adgang til behandlingstjenesten skal du downloade DryGuardians-appen. Alarmen opretter automatisk forbindelse til DryGuardians-appen, n\u00e5r den er \u00e5ben p\u00e5 telefonen. <\/p>\n<h4>Pleje af sensorer<\/h4>\n<p><span style=\"font-weight: 400;\">For at opn\u00e5 den bedste ydeevne skal du altid fjerne og t\u00f8rre sensoren efter brug.<\/span><span style=\"font-weight: 400;\"><br \/>\n<\/span><span style=\"font-weight: 400;\">Undg\u00e5 at lade den sidde p\u00e5 v\u00e5dt t\u00f8j &#8211; det forhindrer korrosion og forl\u00e6nger batteriets levetid.<\/span><\/p>\n<h4>Funktioner og fordele Pjama DryGuardians &#8211; Undert\u00f8js- og alarms\u00e6t &#8211; Trusser<\/h4>\n<ul>\n<li><strong>Effektiv behandling:<\/strong> Hj\u00e6lper med natlig enuresis hos b\u00f8rn.<\/li>\n<li><strong>Designet til brug natten over:<\/strong> Brug din smartphone og DryGuardians-appen til diskret behandling.<\/li>\n<li><strong>USB-opladning:<\/strong> Alarmenheden oplades nemt med en USB-oplader.<\/li>\n<li><strong>Tr\u00e5dl\u00f8st system:<\/strong> Alarmenheden kan placeres op til 10 meter v\u00e6k fra sensoren.<\/li>\n<li><strong>Notifikationer til for\u00e6ldre:<\/strong> Link Sengev\u00e6dningsalarmen til en for\u00e6ldres mobiltelefon for at modtage underretninger om l\u00e6kager.<\/li>\n<li><strong>P\u00e5lidelig detektion:<\/strong> Stort m\u00e5lomr\u00e5de tilpasset urinstr\u00f8mmen.<\/li>\n<li><strong>Behagelig og bl\u00f8d:<\/strong> Fremstillet af Oeko-Tex-certificerede stoffer af h\u00f8j kvalitet, som er sikre og sk\u00e5nsomme mod b\u00f8rns hud.<\/li>\n<li><strong>Holdbar:<\/strong> Kan maskinvaskes ved 60\u00b0C og t\u00f8rretumbles.<\/li>\n<\/ul>\n<p><span style=\"color: #666666; font-size: 14px;\">Husk at tage Pjama-sensoren til Sengev\u00e6dningsalarmen af, n\u00e5r den ikke er i brug og f\u00f8r vask.<\/span><\/p>\n<h4>DryGuardians app og klinik for sengev\u00e6dning<\/h4>\n<p>Med DryGuardians-appen kan du nemt spore fremskridt i behandlingen af sengev\u00e6dning og natlig enuresis. DryGuardians giver forudsigelser og anbefalinger, der er udviklet i samarbejde med det svenske sundhedsv\u00e6sen, og som er skr\u00e6ddersyet til dine behandlingsfremskridt og sikrer, at den er optimeret til din specifikke situation. Log alle uheld og se tendenser over tid, hvilket kan hj\u00e6lpe dig eller dit barn med at forblive motiveret. De indsamlede oplysninger er ogs\u00e5 v\u00e6rdifulde at dele med l\u00e6ger, n\u00e5r der er brug for yderligere r\u00e5dgivning.   <\/p>\n<ul>\n<li>Brug appen som lydenhed til din Sengev\u00e6dningsalarm og v\u00e6lg forskellige alarmsignaler.<\/li>\n<li>Registrer aftenens resultater i kalenderen for at spore fremskridt og modtage personlige tips.<\/li>\n<li>F\u00e5 personlig r\u00e5dgivning og st\u00f8tte under behandlingen af enuresis.<\/li>\n<li>Indstil dagsalarmer, der minder dig eller dit barn om at g\u00e5 p\u00e5 toilettet i l\u00f8bet af dagen.<\/li>\n<\/ul>\n<p>DryGuardians-appen er gratis at downloade fra <a href=\"https:\/\/play.google.com\/store\/apps\/details?id=com.pjama&amp;gl=da&amp;hl=da\" target=\"_blank\" rel=\"noopener\">Google Play<\/a> eller <a href=\"https:\/\/apps.apple.com\/da\/app\/pjama\/id1498084664?mt=8&amp;l=da\" target=\"_blank\" rel=\"noopener\">App Store<\/a>. L\u00e6s mere om vores klinik for sengev\u00e6dning, og hvordan vi kan hj\u00e6lpe dig eller dit barn p\u00e5 vores <a href=\"https:\/\/pjama.eu\/da\/\">hjemmeside<\/a>. <\/p>\n<h4>Behandlingsprocessen &#8211; motivation og t\u00e5lmodighed er n\u00f8glen<\/h4>\n<p>Behandling af natlig enures kr\u00e6ver motivation og t\u00e5lmodighed, is\u00e6r i de f\u00f8rste uger. For b\u00e5de b\u00f8rn og for\u00e6ldre er det vigtigt at s\u00e6tte realistiske m\u00e5l og fejre fremskridt. Husk, at en t\u00f8r seng uden hj\u00e6lpemidler er m\u00e5let, og rejsen kan g\u00f8res lettere med v\u00e6rkt\u00f8jer som DryGuardians for Girls.  <\/p>\n<p>Som for\u00e6lder kan du holde dit barn motiveret ved at give positiv feedback og komplimenter. Ved hj\u00e6lp af <em>DryGuardians App<\/em> kan du f\u00e5 tips og r\u00e5d, der er skr\u00e6ddersyet til, hvordan behandlingen skrider frem. Det er en sikker og effektiv vej til en bedre hverdag for b\u00f8rn og voksne, der lider af enuresis.  <\/p>\n<p>\u00a9 2024 Pjama.<\/p>\n","protected":false},"excerpt":{"rendered":"<h3>Pjama DryGuardians Undert\u00f8js- og alarms\u00e6t &#8211; Trusser<\/h3>\n<p>Pjama DryGuardians Undert\u00f8js- og alarms\u00e6t &#8211; Trusser er en komplet service, der giver effektiv og sikker behandling af enuresis (sengev\u00e6dning).<\/p>\n<ul>\n<li>Indeholder 2 x Pjama DryGuardians &#8211; Undert\u00f8j &#8211; Trusser og 1 x Pjama DryGuardians Sengev\u00e6dningsalarms\u00e6t (sensor og lydenhed)<\/li>\n<li>Stort m\u00e5lomr\u00e5de for sikker og hurtig reaktion p\u00e5 sengev\u00e6dning.<\/li>\n<li>Lige s\u00e5 bl\u00f8d og behagelig som almindeligt undert\u00f8j.<\/li>\n<li>Kan maskinvaskes ved 60\u00b0C og t\u00f8rretumbles.<\/li>\n<\/ul>\n<p>Download DryGuardians-appen, en gratis behandlingstjeneste for sengev\u00e6dning, fra <a href=\"https:\/\/play.google.com\/store\/apps\/details?id=com.pjama&amp;gl=da&amp;hl=da\">Google Play<\/a> eller <a href=\"https:\/\/apps.apple.com\/da\/app\/pjama\/id1498084664?mt=8&amp;l=da\">App Store<\/a>.<\/p>\n","protected":false},"featured_media":31186,"template":"","meta":{"_et_pb_use_builder":"off","_et_pb_old_content":"<h3>SENGEV\u00c6DNINGSALARM MED UNISEX UNDERT\u00d8JS- OG ALARMS\u00c6T - STARTPAKKE<\/h3>\nPjama Sengev\u00e6dningsalarm med Unisex Undert\u00f8js- og alarms\u00e6t - Trusser er et komplet produkt til behandling af sengev\u00e6dning. Pjama Sengev\u00e6dningsalarm kan ogs\u00e5 kobles til smartphone.  Download appen fra <a href=\"https:\/\/play.google.com\/store\/apps\/details?id=com.pjama&gl=da&hl=da\">Google Play<\/a> eller <a href=\"https:\/\/apps.apple.com\/da\/app\/pjama\/id1498084664?mt=8&l=da\">App Store<\/a>.\n\nPjama Treatment Unisex trusser har indsyede sensortr\u00e5de, tilpasset b\u00e5de drenge og piger, som du nemt tilslutter Pjama Sengev\u00e6dningsalarm til. Pjama Sengev\u00e6dningsalarm indeholder 1 Pjama Sensor og 1 Pjama Speaker. \n\nTil behandling tilslutter du blot Pjama-sensoren til 2 sm\u00e5 knapper ved taljen p\u00e5 Pjama Treatment Unisex trusser, som igen kommunikerer tr\u00e5dl\u00f8st med Sengev\u00e6dningsalarmen eller din smartphone.\nKan vaskes i vaskemaskinen ved 60 grader og t\u00f8rretumbles.\n\nDet er lige s\u00e5 rart at have Pjama Treatment Unisex trusser p\u00e5, som det er at have andet undert\u00f8j p\u00e5, samtidig med at de kan kobles til en f\u00f8lsom Sengev\u00e6dningsalarm.\n<h4>Produktet omfatter:<\/h4>\n2 x Pjama Treatment Unisecx trusser undert\u00f8j\n1 x Pjama Sengev\u00e6dningsalarm (sensor og h\u00f8jttaler)\n<h4>MATERIALE<\/h4>\nPjama Treatment Unisex trusser er lavet af stoffer, der er Oeko-Tex-certificerede.\n<h4>VASKNING<\/h4>\nVask og t\u00f8r produktet i t\u00f8rretumbler ved maks. 60 grader.\nBem\u00e6rk, at n\u00e5r du bruger Pjama Sengev\u00e6dningsalarm sammen med produktet, skal du s\u00f8rge for at klikke den lille Pjama Sensor for Sengev\u00e6dningsalarm, der er forbundet med trusserne, af, f\u00f8r du vasker den.\n<h4>F\u00d8LG DIN UDVIKLING MED PJAMA-APPEN OG PJAMA-SENGEV\u00c6DNINGSKLINIKKEN<\/h4>\nPjama-appen indeholder flere funktioner; du f\u00e5r adgang til alarmfunktionen og kan indstille forskellige alarmsignaler, i kalenderen kan du logge fremskridt og succes, du kan finde generelle tips og r\u00e5d til at hj\u00e6lpe med behandlingen af sengev\u00e6dning. Det er ogs\u00e5 muligt at indstille dagsalarmer til de b\u00f8rn, der lider af l\u00e6kage selv i l\u00f8bet af dagen. Pjama-appen er gratis at downloade fra <a href=\"https:\/\/play.google.com\/store\/apps\/details?id=com.pjama&gl=da&hl=da\">Google Play<\/a> eller <a href=\"https:\/\/apps.apple.com\/da\/app\/pjama\/id1498084664?mt=8&l=da\">App Store<\/a>.  \n\nPjama Bedwetting Clinic giver dig skr\u00e6ddersyede tips og r\u00e5d under behandlingen af sengev\u00e6dning.\nGlem ikke at registrere resultatet af natten i Pjama-appen, s\u00e5 du kan f\u00f8lge med i dine eller dit barns fremskridt.\n\nL\u00e6s mere om Pjama-appen og <a href=\"https:\/\/pjama.eu\/da\/sengevaedningsalarm-app\/\">sengev\u00e6dningsklinikken p\u00e5 vores hjemmeside<\/a>.\n<h4>BEHANDLING ER EN PROCES, HVOR MOTIVATION ER N\u00d8GLEN<\/h4>\nT\u00e5lmodighed er n\u00f8glen! For at opn\u00e5 en hurtigere og langsigtet forbedring er der brug for t\u00e5lmodighed og motivation. Hvis du er ny Pjama-bruger, er det godt, hvis du har dit ultimative m\u00e5l for \u00f8je - en t\u00f8r seng uden hj\u00e6lpemidler. Hvis dit slutm\u00e5l f\u00f8les langt v\u00e6k, kan du s\u00e6tte dig mindre m\u00e5l undervejs.\nOg glem aldrig, at du nok skal komme igennem det her!   ","_et_gb_content_width":""},"product_brand":[],"product_cat":[161,159,156,212],"product_tag":[],"class_list":{"0":"post-11803","1":"product","2":"type-product","3":"status-publish","4":"has-post-thumbnail","6":"product_cat-alarm-for-sengevaedning","7":"product_cat-pjama-behandling","8":"product_cat-born","9":"product_cat-pjamadryguardians_2025","10":"product_shipping_class-eu-da","11":"pa_size-alder-10-12-ar","12":"pa_size-alder-5-6-ar","13":"pa_size-alder-6-8-ar","14":"pa_size-alder-8-10-ar","15":"pa_size-lille","17":"first","18":"instock","19":"taxable","20":"shipping-taxable","21":"purchasable","22":"product-type-composite"},"composite_virtual":false,"composite_layout":"single","composite_add_to_cart_form_location":"default","composite_editable_in_cart":false,"composite_sold_individually_context":"product","composite_shop_price_calc":"min_max","composite_components":[{"id":"1743166762","title":"Pjama Sengev\u00e6dningsalarm","description":"<p>Sengev\u00e6dningsalarm med h\u00f8jttaler og sensor.<\/p>\n","query_type":"product_ids","query_ids":[11784],"default_option_id":11784,"thumbnail_id":6376,"thumbnail_src":"https:\/\/pjama.eu\/wp-content\/uploads\/Pjama-alarm-600x400-1-300x300-1.jpeg","quantity_min":1,"quantity_max":1,"priced_individually":true,"shipped_individually":false,"optional":false,"discount":"","options_style":"dropdowns","pagination_style":"classic","display_prices":"absolute","show_sorting_options":false,"show_filtering_options":false,"attribute_filter_ids":[],"select_action":"view","product_title_visible":false,"product_descr_visible":false,"product_price_visible":true,"product_thumb_visible":true,"subtotal_visible_product":false,"subtotal_visible_cart":true,"subtotal_visible_orders":true},{"id":"1743166763","title":"Trusser om behandling","description":"<p>Undert\u00f8j til behandling af sengev\u00e6dning. Ikke-absorberende. <\/p>\n","query_type":"product_ids","query_ids":[11785],"default_option_id":11785,"thumbnail_id":3729,"thumbnail_src":"https:\/\/pjama.eu\/wp-content\/uploads\/hipster-only.jpg","quantity_min":2,"quantity_max":6,"priced_individually":true,"shipped_individually":false,"optional":false,"discount":"","options_style":"dropdowns","pagination_style":"classic","display_prices":"absolute","show_sorting_options":false,"show_filtering_options":false,"attribute_filter_ids":[],"select_action":"view","product_title_visible":false,"product_descr_visible":false,"product_price_visible":true,"product_thumb_visible":true,"subtotal_visible_product":false,"subtotal_visible_cart":true,"subtotal_visible_orders":true}],"composite_scenarios":[],"_links":{"self":[{"href":"https:\/\/pjama.eu\/da\/wp-json\/wp\/v2\/product\/11803","targetHints":{"allow":["GET"]}}],"collection":[{"href":"https:\/\/pjama.eu\/da\/wp-json\/wp\/v2\/product"}],"about":[{"href":"https:\/\/pjama.eu\/da\/wp-json\/wp\/v2\/types\/product"}],"wp:featuredmedia":[{"embeddable":true,"href":"https:\/\/pjama.eu\/da\/wp-json\/wp\/v2\/media\/31186"}],"wp:attachment":[{"href":"https:\/\/pjama.eu\/da\/wp-json\/wp\/v2\/media?parent=11803"}],"wp:term":[{"taxonomy":"product_brand","embeddable":true,"href":"https:\/\/pjama.eu\/da\/wp-json\/wp\/v2\/product_brand?post=11803"},{"taxonomy":"product_cat","embeddable":true,"href":"https:\/\/pjama.eu\/da\/wp-json\/wp\/v2\/product_cat?post=11803"},{"taxonomy":"product_tag","embeddable":true,"href":"https:\/\/pjama.eu\/da\/wp-json\/wp\/v2\/product_tag?post=11803"}],"curies":[{"name":"wp","href":"https:\/\/api.w.org\/{rel}","templated":true}]}}