{"id":11805,"date":"2021-01-29T14:39:48","date_gmt":"2021-01-29T13:39:48","guid":{"rendered":"https:\/\/pjama.eu\/product\/pjama-hoejttaler\/"},"modified":"2026-04-23T14:09:58","modified_gmt":"2026-04-23T12:09:58","slug":"pjama-hoejttaler","status":"publish","type":"product","link":"https:\/\/pjama.eu\/da\/vare\/pjama-hoejttaler\/","title":{"rendered":"Pjama DryGuardians Alarmh\u00f8jttaler"},"content":{"rendered":"<h3>Pjama DryGuardians Alarmh\u00f8jttaler<\/h3>\n<p>Pjama DryGuardians Alarmh\u00f8jttaler fungerer med b\u00e5de <a href=\"https:\/\/pjama.eu\/da\/vare\/dryguardians-for-alle\/\">Pjama DryGuardians Fritst\u00e5ende Alarmsensor<\/a> og den<br \/>\n<a href=\"https:\/\/pjama.eu\/da\/vare\/pjama-sensor\/\">Pjama DryGuardiansAlarmsensor<\/a> til bukser, shorts og undert\u00f8j til behandling af Pjama.<br \/>\n<a href=\"https:\/\/pjama.eu\/da\/stoerrelsesguide-til-sengevaedningsbukser\/\">St\u00f8rrelsesguide<\/a>.<\/p>\n<h4>En del af Pjamas Sengev\u00e6dningsalarm-system<\/h4>\n<p>Pjama DryGuardians Alarmh\u00f8jttaler kan parres med Pjama DryGuardiansAlarmsensor<br \/>\n, der bruges i behandlingsbukser, shorts og undert\u00f8j. Med h\u00f8jttaleren kan du v\u00e6lge alarmtoner,<br \/>\njustere lydstyrken og parre med flere sensorer. H\u00f8jttaleren oplades med det medf\u00f8lgende USB-kabel.<br \/>\nFor yderligere lydenheder kan for\u00e6ldre ogs\u00e5 bruge alarmfunktionen i DryGuardians-appen.<br \/>\nDownload <strong>DryGuardians-appen<\/strong> fra<br \/>\n<a href=\"https:\/\/play.google.com\/store\/apps\/details?id=com.pjama&amp;hl=da&amp;gl=DA\" target=\"_blank\" rel=\"noopener\">Google Play<\/a><br \/>\neller <a href=\"https:\/\/apps.apple.com\/da\/app\/dryguardians\/id1498084664\" target=\"_blank\" rel=\"noopener\">App Store<\/a>.<\/p>\n<h4>Dette produkt inkluderer:<\/h4>\n<ul>\n<li>1 \u00d7 Pjama DryGuardians Alarmh\u00f8jttaler<\/li>\n<\/ul>\n<h4>Anvendelse<\/h4>\n<p>Placer Pjama DryGuardiansAlarmsensor inden for 10 meter fra sensoren for at opn\u00e5 de bedste resultater.<br \/>\nN\u00e5r alarmen lyder, kan dit barn stoppe den ved at trykke p\u00e5 &#8220;ON&#8221;-knappen oven p\u00e5 h\u00f8jttaleren.<br \/>\nHvis du vil bruge alarmen med din smartphone, skal du downloade DryGuardians-appen fra<br \/>\n<a href=\"https:\/\/play.google.com\/store\/apps\/details?id=com.pjama&amp;hl=da&amp;gl=DA\" target=\"_blank\" rel=\"noopener\">Google Play<\/a> eller<br \/>\n<a href=\"https:\/\/apps.apple.com\/da\/app\/dryguardians\/id1498084664\" target=\"_blank\" rel=\"noopener\">App Store<\/a>.<\/p>\n<h4>Parring med sensor<\/h4>\n<p>Par sensoren med Pjama DryGuardiansAlarmsensor ved at trykke p\u00e5 knapperne &#8220;volume&#8221; og &#8220;tone&#8221;<br \/>\nsamtidigt i 3 sekunder. Kortslut derefter sensoren ved at placere en metalgenstand<br \/>\n(kniv eller saks) p\u00e5 tv\u00e6rs af knapperne, eller brug en dr\u00e5be vand p\u00e5 overfladen til sensorer uden knapper.<br \/>\nEfter 3-5 sekunder lyder h\u00f8jttaleren for at bekr\u00e6fte, at parringen er lykkedes. <\/p>\n<h4>Produktinfo<\/h4>\n<ul>\n<li><em>Farve:<\/em> Lysebl\u00e5<\/li>\n<li><em>M\u00e5l (B \u00d7 H \u00d7 D):<\/em> 11 \u00d7 7 \u00d7 3 cm<\/li>\n<li><em>Opladning:<\/em> USB-oplader (medf\u00f8lger)<\/li>\n<li><em>Opladningstid:<\/em> Computer: 4-6 timer \/ AC-adapter 5V1.0A: 3 timer<\/li>\n<li><em>Volumen:<\/em> Justerbar<\/li>\n<li><em>Alarmsignaler:<\/em> 7 typer<\/li>\n<li>Den fulde manual findes p\u00e5 vores<a href=\"https:\/\/pjama.eu\/da\/produktmanualer\/\">hjemmeside<br \/>\n.<\/a><\/li>\n<li>F\u00e5 mere at vide om sengev\u00e6dning<br \/>\n<a href=\"https:\/\/pjama.eu\/da\/hvad-er-enuresis\/\">her.<\/a><\/li>\n<\/ul>\n<h4>Spor fremskridt med DryGuardians-appen<\/h4>\n<p>DryGuardians-appen indeholder en kalender til logning, alarmfunktioner, flere signaler,<br \/>\nog nyttige tips. Du kan ogs\u00e5 indstille alarmer i dagtimerne til b\u00f8rn, der l\u00e6kker<br \/>\ni l\u00f8bet af dagen. Appen er gratis at downloade og forbinder dig med DryGuardians<br \/>\nBedwetting Clinic, som tilbyder personlig vejledning og behandlingstips.<br \/>\nGlem ikke at logge resultater hver nat for at f\u00f8lge fremskridt og dele indsigt med omsorgspersoner.  <\/p>\n<h4>Behandling kr\u00e6ver motivation og t\u00e5lmodighed<\/h4>\n<p>T\u00e5lmodighed er afg\u00f8rende, n\u00e5r man behandler sengev\u00e6dning. Det ultimative m\u00e5l er en t\u00f8r seng uden hj\u00e6lpemidler,<br \/>\nmen at s\u00e6tte mindre milep\u00e6le undervejs g\u00f8r rejsen mere overskuelig.<br \/>\nFor\u00e6ldre spiller en n\u00f8glerolle ved at holde b\u00f8rn motiverede med opmuntring og positiv feedback.<br \/>\nV\u00e6r konsekvent, og lad Pjama DryGuardians Alarmh\u00f8jttaler og App v\u00e6re en del af rejsen<br \/>\nmod t\u00f8rhed. <\/p>\n<footer>\u00a9 2024 Pjama.<\/footer>\n","protected":false},"excerpt":{"rendered":"<h3><span data-sheets-root=\"1\">Ekstern h\u00f8jttaler til sikker opv\u00e5gning med alarmen &#8211; en del af DryGuardians-metoden<\/span><\/h3>\n<p>En ekstra h\u00f8jttaler til Pjama Sengev\u00e6dningsalarmer.<\/p>\n<p>Fungerer med b\u00e5de Pjama Connect Sengev\u00e6dningsalarm og<br \/>\nPjama DryGuardiansAlarmsensor til behandlingsbukser, -shorts, -trusser og -boxershorts.<\/p>\n","protected":false},"featured_media":31205,"template":"","meta":{"_et_pb_use_builder":"off","_et_pb_old_content":"<h3>Pjama h\u00f8jttaler<\/h3>\nPjama-h\u00f8jttaleren fungerer sammen med b\u00e5de Pjama <a href=\"https:\/\/pjama.eu\/da\/vare\/dryguardians-for-alle\/\">Connect Sengev\u00e6dningsalarm<\/a> og <a href=\"https:\/\/pjama.eu\/da\/vare\/pjama-sensor\/\">Pjama-sensoren<\/a> til Pjama-behandlingsbukser, -shorts og -undert\u00f8j.\n<h4>En del af Pjamas Sengev\u00e6dningsalarm-system<\/h4>\nPjama Speaker kan tilsluttes Pjama-sensoren, der bruges sammen med behandlingsbukser, -shorts og -undert\u00f8j fra Pjama. Med Pjama-h\u00f8jttaleren kan du v\u00e6lge alarmsignal, justere lydstyrken og parre den med forskellige sensorer fra Pjama. H\u00f8jttaleren oplades ved hj\u00e6lp af det medf\u00f8lgende USB-kabel. Hvis du vil have en ekstra lydenhed til f.eks. at v\u00e6kke dig som for\u00e6lder, kan du bruge alarmfunktionen i DryGuardians-appen p\u00e5 din telefon.    Download <em>DryGuardians-appen<\/em> fra <a href=\"https:\/\/play.google.com\/store\/apps\/details?id=com.pjama&gl=da&hl=da\">Google Play<\/a> eller <a href=\"https:\/\/apps.apple.com\/da\/app\/pjama\/id1498084664?mt=8&l=da\">App Store<\/a>.\n<h4>Dette produkt inkluderer:<\/h4>\n<ul>\n \t<li>1 x Pjama-h\u00f8jttaler<\/li>\n<\/ul>\n<h4>Anvendelse<\/h4>\nUnder behandlingen skal du placere Pjama-h\u00f8jttaleren inden for 10 meter af sensoren for at opn\u00e5 de bedste resultater. N\u00e5r alarmen lyder, kan dit barn nemt slukke for alarmen ved at trykke p\u00e5 \"ON\"-knappen \u00f8verst p\u00e5 h\u00f8jttaleren. For at bruge Sengev\u00e6dningsalarmen med din smartphone skal du downloade DryGuardians-appen fra <a href=\"https:\/\/play.google.com\/store\/apps\/details?id=com.pjama&gl=da&hl=da\">Google Play<\/a> eller <a href=\"https:\/\/apps.apple.com\/da\/app\/pjama\/id1498084664\">App Store<\/a>.  \n<h4>Parring med sensor<\/h4>\nPar sensoren med Pjama-h\u00f8jttaleren ved at trykke p\u00e5 knapperne \"volume\" og \"tone\" p\u00e5 h\u00f8jttalerenheden samtidigt i 3 sekunder. Kortslut derefter sensoren ved at placere en metalgenstand som f.eks. en kniv eller en saks p\u00e5 sensorknapperne, eller ved at placere en dr\u00e5be vand p\u00e5 sensorens overflade, hvis du har en sensor uden knapper. Lad metalgenstanden blive p\u00e5 sensoren i ca. 3-5 sekunder, og h\u00f8jttaleren vil indikere, at sensoren er parret ved at afgive en alarm.  \n<h4>Produktinfo<\/h4>\n<ul>\n \t<li><em>Farve: Lysebl\u00e5<\/em><\/li>\n \t<li><em>M\u00e5l (b-h-d): 11 x 7 x 3 cm<\/em><\/li>\n \t<li>Opladning: Oplades med en USB-oplader (medf\u00f8lger)<\/li>\n \t<li>Opladningstid (fuld opladning): Via computer: 4-6 timer. Via AC-adapter 5V1.0A: 3 timer <\/li>\n \t<li>Volumen: Justerbar<\/li>\n \t<li>Alarmsignaler: 7 typer<\/li>\n \t<li>Den fulde manual til Pjama Sengev\u00e6dningsalarm kan findes p\u00e5 vores <a href=\"https:\/\/pjama.eu\/da\/produktmanualer\/\">hjemmeside<\/a>.<\/li>\n \t<li>F\u00e5 mere at vide om sengev\u00e6dning <a href=\"https:\/\/www.rikshandboken-bhv.se\/pediatrik\/uro-genitalt\/sangvatning-hos-barn\/\">her.<\/a><\/li>\n<\/ul>\n<h4>F\u00f8lg dine fremskridt med DryGuardians-appen<\/h4>\nDryGuardians-appen indeholder flere funktioner. Du f\u00e5r adgang til en kalender til logning, alarmfunktioner, forskellige alarmsignaler og generelle tips og r\u00e5d til at hj\u00e6lpe med behandling af sengev\u00e6dningsalarmer. Det er ogs\u00e5 muligt at indstille alarmer i dagtimerne til b\u00f8rn, der l\u00e6kker i l\u00f8bet af dagen. DryGuardians-appen er gratis at downloade fra <a href=\"https:\/\/play.google.com\/store\/apps\/details?id=com.pjama&gl=da&hl=da\">Google Play<\/a> eller <a href=\"https:\/\/apps.apple.com\/da\/app\/pjama\/id1498084664?mt=8&l=da\">App Store<\/a>. DryGuardians Sengev\u00e6dningsklinik giver dig personlige tips og vejledning via appen under din sengev\u00e6dningsbehandling.    \n\nGlem ikke at logge nattens resultater i DryGuardians-appen for at holde \u00f8je med dine eller dit barns fremskridt. F\u00e5 mere at vide om DryGuardians-appen og klinikken for sengev\u00e6dning p\u00e5 vores <a href=\"https:\/\/pjama.eu\/da\/digital-platform-til-enuresebehandling\/\">hjemmeside<\/a>. \n<h4>Behandling er en proces, hvor motivation og t\u00e5lmodighed er afg\u00f8rende<\/h4>\nT\u00e5lmodighed er n\u00f8glen! Det kr\u00e6ver t\u00e5lmodighed og motivation at opn\u00e5 en hurtigere og mere varig forbedring. Hvis du er ny Pjama-bruger, er det nyttigt at holde dit ultimative m\u00e5l for \u00f8je - en t\u00f8r seng uden hj\u00e6lp. Hvis dit endelige m\u00e5l f\u00f8les langt v\u00e6k, kan du s\u00e6tte mindre milep\u00e6le undervejs. Hvis du er for\u00e6lder til et barn, der bruger Pjama-behandling, er det vigtigt ogs\u00e5 at holde barnet motiveret.  Giv positiv feedback og komplimenter. Hvis du er motiveret, vil dit barn ogs\u00e5 v\u00e6re det! Lad Pjama v\u00e6re med p\u00e5 rejsen for at hj\u00e6lpe dit barn med at holde sig t\u00f8r!\n\n ","_et_gb_content_width":""},"product_brand":[],"product_cat":[213],"product_tag":[],"class_list":{"0":"post-11805","1":"product","2":"type-product","3":"status-publish","4":"has-post-thumbnail","6":"product_cat-tilbehor_2025","7":"product_shipping_class-eu-da","9":"first","10":"instock","11":"taxable","12":"shipping-taxable","13":"purchasable","14":"product-type-simple"},"composite_virtual":false,"composite_layout":"","composite_add_to_cart_form_location":"","composite_editable_in_cart":false,"composite_sold_individually_context":"","composite_shop_price_calc":"","composite_components":[],"composite_scenarios":[],"_links":{"self":[{"href":"https:\/\/pjama.eu\/da\/wp-json\/wp\/v2\/product\/11805","targetHints":{"allow":["GET"]}}],"collection":[{"href":"https:\/\/pjama.eu\/da\/wp-json\/wp\/v2\/product"}],"about":[{"href":"https:\/\/pjama.eu\/da\/wp-json\/wp\/v2\/types\/product"}],"wp:featuredmedia":[{"embeddable":true,"href":"https:\/\/pjama.eu\/da\/wp-json\/wp\/v2\/media\/31205"}],"wp:attachment":[{"href":"https:\/\/pjama.eu\/da\/wp-json\/wp\/v2\/media?parent=11805"}],"wp:term":[{"taxonomy":"product_brand","embeddable":true,"href":"https:\/\/pjama.eu\/da\/wp-json\/wp\/v2\/product_brand?post=11805"},{"taxonomy":"product_cat","embeddable":true,"href":"https:\/\/pjama.eu\/da\/wp-json\/wp\/v2\/product_cat?post=11805"},{"taxonomy":"product_tag","embeddable":true,"href":"https:\/\/pjama.eu\/da\/wp-json\/wp\/v2\/product_tag?post=11805"}],"curies":[{"name":"wp","href":"https:\/\/api.w.org\/{rel}","templated":true}]}}