{"id":11810,"date":"2021-02-01T11:59:38","date_gmt":"2021-02-01T10:59:38","guid":{"rendered":"https:\/\/pjama.eu\/product\/dryguardians-til-drenge\/"},"modified":"2026-03-20T10:55:24","modified_gmt":"2026-03-20T09:55:24","slug":"pjama-dryguardians-unterwaesche-und-alarm-set-boxershorts","status":"publish","type":"product","link":"https:\/\/pjama.eu\/da\/vare\/pjama-dryguardians-unterwaesche-und-alarm-set-boxershorts\/","title":{"rendered":"Pjama DryGuardians Undert\u00f8js- og alarms\u00e6t &#8211; Boxers"},"content":{"rendered":"<h3>Pjama DryGuardians &#8211; Undert\u00f8js- og alarms\u00e6t &#8211; Boxers &#8211; Effektiv behandling med sengev\u00e6dningsalarm til drenge<\/h3>\n<p>Pjama DryGuardians &#8211; Undert\u00f8js- og alarms\u00e6t &#8211; Boxers er den perfekte l\u00f8sning til drenge, der lider af sengev\u00e6dning (natlig enuresis). I kombination med vores DryGuardians-app f\u00e5r du en effektiv og behagelig behandling af sengev\u00e6dning. Dette sengev\u00e6dningsundert\u00f8j har indsyede sensortr\u00e5de, der hurtigt registrerer fugt og aktiverer sengev\u00e6dningsalarmen for at hj\u00e6lpe barnet med at v\u00e5gne op og holde op med at tisse. DryGuardians behandlingsservice analyserer sengev\u00e6dning og giver skr\u00e6ddersyede tips, r\u00e5d og forudsigelser undervejs.   <\/p>\n<p>Download DryGuardians-appen fra <a href=\"https:\/\/play.google.com\/store\/apps\/details?id=com.pjama&amp;hl=da&amp;gl=da\" target=\"_blank\" rel=\"noopener\">Google Play<\/a> eller <a href=\"https:\/\/apps.apple.com\/da\/app\/dryguardians\/id1498084664\" target=\"_blank\" rel=\"noopener\">App Store<\/a> for at spore fremskridt og modtage personlig vejledning under hele behandlingen af natlig enuresis.<\/p>\n<h4>Funktioner<\/h4>\n<p>Sengev\u00e6dningsalarmen er designet til at hj\u00e6lpe b\u00e5de b\u00f8rn og voksne med sengev\u00e6dning og fungerer som en f\u00f8rstelinjebehandling af enuresis. Sensoren, der sidder p\u00e5 Pjamas undert\u00f8j, er forbundet med en alarmenhed, der aktiveres, n\u00e5r den registrerer fugt. Denne behandling med Sengev\u00e6dningsalarm virker ved straks at stoppe sengev\u00e6dning og tr\u00e6ne hjernen til at reagere p\u00e5 kroppens signaler.  <\/p>\n<p>Pjama DryGuardians &#8211; Undert\u00f8js- og alarms\u00e6t &#8211; Boxers er specielt designet til drenges anatomi og m\u00e5lomr\u00e5det for urinstr\u00f8mmen. Boxershortsene er udstyret med to sm\u00e5 knapper i taljen, hvor du nemt kan fastg\u00f8re sensoren fra sengev\u00e6dningsalarmen. Indsyede sensortr\u00e5de omkring skridtet g\u00f8r det muligt for alarmsystemet nemt at registrere fugt og hurtigt aktivere en sengev\u00e6dningsalarm, der effektivt og sikkert behandler natlig enuresis.  <\/p>\n<p>De indsyede sensortr\u00e5de i Pjama DryGuardians Undert\u00f8js- og alarms\u00e6t &#8211; Boxers \u00f8ger m\u00e5lomr\u00e5det og forbedrer detektionsn\u00f8jagtigheden. Det betyder, at uanset hvor urinen lander, eller hvilken sovestilling dit barn er i, vil alarmen sikkert registrere sengev\u00e6dning. Dette kan v\u00e6re s\u00e6rligt v\u00e6rdifuldt for drenge, da det omr\u00e5de, hvor urinen f\u00f8rst kommer i kontakt, ofte varierer.  <\/p>\n<h4>Anvendelse<\/h4>\n<p>Det er lige s\u00e5 behageligt at have Pjama DryGuardians Undert\u00f8j &#8211; Boxershorts p\u00e5 som almindeligt undert\u00f8j, hvilket g\u00f8r dem ideelle til b\u00f8rn, der lider af sengev\u00e6dning. Pjama DryGuardians Undert\u00f8js- og alarms\u00e6t &#8211; Boxers til natlig enuresis absorberer ikke v\u00e6ske. Behandlingen fokuserer p\u00e5 at bryde vanen med at tisse i sengen.  <\/p>\n<p>Pakken indeholder:<\/p>\n<ul>\n<li>2 x Pjama DryGuardians &#8211; Undert\u00f8j &#8211; Boxershorts<\/li>\n<li>1 x Pjama DryGuardians Bedwetting Alarm Set (Sensor and Sound Unit)<\/li>\n<\/ul>\n<p>Du skal blot klikke sensoren fast p\u00e5 den forreste linning af dit Pjama DryGuardians Undert\u00f8j og starte Sengev\u00e6dningsalarmen, s\u00e5 er du klar til at begynde behandlingen! Placer sengev\u00e6dningsalarmen i n\u00e6rheden af sengen.<x id=\"gid_0\"><\/x>Hvis du eller dit barn tisser i sengen, vil de f\u00f8lsomme indsyede sensortr\u00e5de i undert\u00f8jet hurtigt aktivere alarmen. Du eller dit barn kan nemt stoppe alarmen ved at trykke p\u00e5 &#8220;ON\/OFF-knappen&#8221; p\u00e5 toppen af alarmenheden og derefter g\u00e5 ud p\u00e5 badev\u00e6relset for at lade vandet.  <\/p>\n<p>For at bruge Sengev\u00e6dningsalarmen med din smartphone og tage del i behandlingstjenesten skal du downloade DryGuardians-appen. Alarmen opretter automatisk forbindelse til DryGuardians-appen, n\u00e5r den er \u00e5ben p\u00e5 din telefon. <\/p>\n<h4>Pleje af sensorer<\/h4>\n<p><span style=\"font-weight: 400;\">For at opn\u00e5 den bedste ydeevne skal du altid fjerne og t\u00f8rre sensoren efter brug.<\/span><span style=\"font-weight: 400;\"><br \/>\n<\/span><span style=\"font-weight: 400;\">Undg\u00e5 at lade den sidde p\u00e5 v\u00e5dt t\u00f8j &#8211; det forhindrer korrosion og forl\u00e6nger batteriets levetid.<\/span><\/p>\n<h4>Funktioner og fordele ved Pjama DryGuardians Undert\u00f8js- og alarms\u00e6t &#8211; Boxers<\/h4>\n<ul>\n<li><strong>Effektiv behandling:<\/strong> Hj\u00e6lper med natlig enuresis hos b\u00f8rn.<\/li>\n<li><strong>Tilpasset til overnatninger:<\/strong> Brug din smartphone og DryGuardians-appen til diskret behandling.<\/li>\n<li><strong>USB-opladning:<\/strong> Alarmenheden oplades nemt med en USB-oplader.<\/li>\n<li><strong>Tr\u00e5dl\u00f8st system:<\/strong> Alarmenheden kan placeres op til 10 meter v\u00e6k fra sensoren.<\/li>\n<li><strong>Notifikationer til for\u00e6ldre:<\/strong> Forbind Sengev\u00e6dningsalarmen til en for\u00e6ldres mobiltelefon for at modtage meddelelser om l\u00e6kager.<\/li>\n<li><strong>Sikker detektion:<\/strong> Stort m\u00e5lomr\u00e5de tilpasset urinstr\u00f8mmen.<\/li>\n<li><strong>Behagelig og bl\u00f8d:<\/strong> Fremstillet af Oeko-Tex-certificerede stoffer af h\u00f8j kvalitet, som er sikre og sk\u00e5nsomme mod b\u00f8rns hud.<\/li>\n<li><strong>Holdbar:<\/strong> Kan vaskes ved 60 grader og t\u00f8rretumbles.<\/li>\n<\/ul>\n<p><span style=\"color: #666666; font-size: 14px;\">Husk at tage Pjama-sensoren til Sengev\u00e6dningsalarmen af, n\u00e5r den ikke er i brug og f\u00f8r vask.<\/span><\/p>\n<h4>DryGuardians app og klinik for sengev\u00e6dning<\/h4>\n<p>Med DryGuardians-appen kan du nemt spore fremskridt i behandlingen af sengev\u00e6dning og natlig enuresis. DryGuardians giver forudsigelser og anbefalinger, der er udviklet sammen med det svenske sundhedssystem, og som er skr\u00e6ddersyet til, hvordan din behandling skrider frem, s\u00e5 den er optimeret til dine specifikke behov og fremskridt. Log alle uheld og se tendenser over tid, hvilket kan hj\u00e6lpe dig eller dit barn med at forblive motiveret. De indsamlede oplysninger er ogs\u00e5 v\u00e6rdifulde at dele med l\u00e6ger, hvis der er brug for yderligere r\u00e5dgivning.   <\/p>\n<ul>\n<li>Brug appen som lydenhed til din Sengev\u00e6dningsalarm og v\u00e6lg forskellige alarmlyde.<\/li>\n<li>Log aftenens resultater i kalenderen for at spore fremskridt og modtage personlige tips.<\/li>\n<li>F\u00e5 personlig r\u00e5dgivning og st\u00f8tte under behandlingen af enuresis.<\/li>\n<li>Indstil alarmer i dagtimerne for at minde dig eller dit barn om at g\u00e5 p\u00e5 toilettet.<\/li>\n<\/ul>\n<p>DryGuardians-appen er gratis at downloade fra <a href=\"https:\/\/play.google.com\/store\/apps\/details?id=com.pjama&amp;hl=da&amp;gl=da\" target=\"_blank\" rel=\"noopener\">Google Play<\/a> eller <a href=\"https:\/\/apps.apple.com\/da\/app\/dryguardians\/id1498084664\" target=\"_blank\" rel=\"noopener\">App Store<\/a>. L\u00e6s mere om vores klinik for sengev\u00e6dning, og hvordan vi kan hj\u00e6lpe dig eller dit barn p\u00e5 vores <a href=\"https:\/\/pjama.eu\/da\/\">hjemmeside<\/a>.<\/p>\n<h4>Behandlingsprocessen &#8211; motivation og t\u00e5lmodighed er n\u00f8glen<\/h4>\n<p>Behandling af natlig enures kr\u00e6ver motivation og t\u00e5lmodighed, is\u00e6r i de f\u00f8rste uger. For b\u00e5de b\u00f8rn og for\u00e6ldre er det vigtigt at s\u00e6tte realistiske m\u00e5l og fejre fremskridt. Husk, at m\u00e5let er en t\u00f8r seng uden hj\u00e6lp, og vejen dertil kan g\u00f8res lettere med v\u00e6rkt\u00f8jer som DryGuardians for Boys. <\/p>\n<p>Som for\u00e6lder kan du holde dit barn motiveret ved at give positiv feedback og komplimenter. Ved hj\u00e6lp af <em>DryGuardians-appen<\/em> kan du modtage tips og r\u00e5d, der er skr\u00e6ddersyet til dine behandlingsfremskridt. Det er en sikker og effektiv m\u00e5de at forbedre hverdagen p\u00e5 for b\u00f8rn og voksne, der lider af enuresis.  <\/p>\n<p>\u00a9 2024 Pjama.<\/p>\n","protected":false},"excerpt":{"rendered":"<h3>Pjama DryGuardians Undert\u00f8js- og alarms\u00e6t &#8211; Boxers<\/h3>\n<p>Pjama DryGuardians Undert\u00f8js- og alarms\u00e6t &#8211; Boxers er en komplet service, der muligg\u00f8r effektiv og sikker behandling af enuresis (sengev\u00e6dning).<\/p>\n<ul>\n<li>Indeholder 2 x Pjama DryGuardians Undert\u00f8j &#8211; Boxer og 1 x Pjama DryGuardians komplet Sengev\u00e6dningsalarm (sensor og lydenhed)<\/li>\n<li>Stort m\u00e5lomr\u00e5de for hurtig og sikker reaktion p\u00e5 sengev\u00e6dning.<\/li>\n<li>Lige s\u00e5 bl\u00f8de og behagelige som almindelige boxershorts.<\/li>\n<li>Kan maskinvaskes ved 60\u00b0C og t\u00f8rretumbles.<\/li>\n<\/ul>\n<p>Download DryGuardians-appen, en gratis behandlingstjeneste for sengev\u00e6dere, fra <a href=\"https:\/\/play.google.com\/store\/apps\/details?id=com.pjama&amp;hl=da&amp;gl=da\">Google Play<\/a> eller <a href=\"https:\/\/apps.apple.com\/da\/app\/dryguardians\/id1498084664\" target=\"_blank\" rel=\"noopener\">App Store<\/a>.<\/p>\n","protected":false},"featured_media":31153,"template":"","meta":{"_et_pb_use_builder":"","_et_pb_old_content":"","_et_gb_content_width":""},"product_brand":[],"product_cat":[161,159,156,212],"product_tag":[],"class_list":{"0":"post-11810","1":"product","2":"type-product","3":"status-publish","4":"has-post-thumbnail","6":"product_cat-alarm-for-sengevaedning","7":"product_cat-pjama-behandling","8":"product_cat-born","9":"product_cat-pjamadryguardians_2025","10":"product_shipping_class-eu-da","11":"pa_size-alder-10-12-ar","12":"pa_size-alder-5-6-ar","13":"pa_size-alder-6-8-ar","14":"pa_size-alder-8-10-ar","15":"pa_size-lille","17":"first","18":"instock","19":"taxable","20":"shipping-taxable","21":"purchasable","22":"product-type-composite"},"composite_virtual":false,"composite_layout":"single","composite_add_to_cart_form_location":"default","composite_editable_in_cart":false,"composite_sold_individually_context":"product","composite_shop_price_calc":"min_max","composite_components":[{"id":"1743167486","title":"Pjama Sengev\u00e6dningsalarm","description":"<p>Sengev\u00e6dningsalarm med h\u00f8jttaler og sensor.  <\/p>\n","query_type":"product_ids","query_ids":[11784],"default_option_id":11784,"thumbnail_id":6376,"thumbnail_src":"https:\/\/pjama.eu\/wp-content\/uploads\/Pjama-alarm-600x400-1-300x300-1.jpeg","quantity_min":1,"quantity_max":1,"priced_individually":true,"shipped_individually":false,"optional":false,"discount":"","options_style":"dropdowns","pagination_style":"classic","display_prices":"absolute","show_sorting_options":false,"show_filtering_options":false,"attribute_filter_ids":[],"select_action":"view","product_title_visible":false,"product_descr_visible":false,"product_price_visible":true,"product_thumb_visible":true,"subtotal_visible_product":false,"subtotal_visible_cart":true,"subtotal_visible_orders":true},{"id":"1743167487","title":"Behandling af boxerundert\u00f8j","description":"<p>Boxer-undert\u00f8j til behandling af sengev\u00e6dning. Ikke-absorberende. <\/p>\n","query_type":"product_ids","query_ids":[11813],"default_option_id":11813,"thumbnail_id":3726,"thumbnail_src":"https:\/\/pjama.eu\/wp-content\/uploads\/Boxer-underwear.jpg","quantity_min":2,"quantity_max":9,"priced_individually":true,"shipped_individually":false,"optional":false,"discount":"","options_style":"dropdowns","pagination_style":"classic","display_prices":"absolute","show_sorting_options":false,"show_filtering_options":false,"attribute_filter_ids":[],"select_action":"view","product_title_visible":false,"product_descr_visible":false,"product_price_visible":true,"product_thumb_visible":true,"subtotal_visible_product":false,"subtotal_visible_cart":true,"subtotal_visible_orders":true}],"composite_scenarios":[],"_links":{"self":[{"href":"https:\/\/pjama.eu\/da\/wp-json\/wp\/v2\/product\/11810","targetHints":{"allow":["GET"]}}],"collection":[{"href":"https:\/\/pjama.eu\/da\/wp-json\/wp\/v2\/product"}],"about":[{"href":"https:\/\/pjama.eu\/da\/wp-json\/wp\/v2\/types\/product"}],"wp:featuredmedia":[{"embeddable":true,"href":"https:\/\/pjama.eu\/da\/wp-json\/wp\/v2\/media\/31153"}],"wp:attachment":[{"href":"https:\/\/pjama.eu\/da\/wp-json\/wp\/v2\/media?parent=11810"}],"wp:term":[{"taxonomy":"product_brand","embeddable":true,"href":"https:\/\/pjama.eu\/da\/wp-json\/wp\/v2\/product_brand?post=11810"},{"taxonomy":"product_cat","embeddable":true,"href":"https:\/\/pjama.eu\/da\/wp-json\/wp\/v2\/product_cat?post=11810"},{"taxonomy":"product_tag","embeddable":true,"href":"https:\/\/pjama.eu\/da\/wp-json\/wp\/v2\/product_tag?post=11810"}],"curies":[{"name":"wp","href":"https:\/\/api.w.org\/{rel}","templated":true}]}}