{"id":11813,"date":"2021-01-29T16:00:19","date_gmt":"2021-01-29T15:00:19","guid":{"rendered":"https:\/\/pjama.eu\/product\/behandling-af-boxerundertoej\/"},"modified":"2026-03-20T10:36:10","modified_gmt":"2026-03-20T09:36:10","slug":"pjama-dryguardians-unterwaesche-boxershorts","status":"publish","type":"product","link":"https:\/\/pjama.eu\/da\/vare\/pjama-dryguardians-unterwaesche-boxershorts\/","title":{"rendered":"Pjama DryGuardians Undert\u00f8j &#8211; Boxershorts"},"content":{"rendered":"<h3>Pjama DryGuardians Undert\u00f8j &#8211; Boxershorts<\/h3>\n<p>Pjama DryGuardians Undert\u00f8j &#8211; Boxershorts er den perfekte l\u00f8sning til drenge, der lider af<br \/>\nsengev\u00e6dning (nocturnal enuresis). I kombination med en Pjama Sengev\u00e6dningsalarm eller Sensor<br \/>\nog DryGuardians App kan du effektivt og komfortabelt behandle sengev\u00e6dning.<br \/>\nUndert\u00f8jet har indsyede sensortr\u00e5de, der hurtigt registrerer fugt og aktiverer alarmen,<br \/>\nog hj\u00e6lper barnet med at v\u00e5gne op og stoppe vandladningen. <\/p>\n<p>Download DryGuardians-appen fra<br \/>\n<a href=\"https:\/\/play.google.com\/store\/apps\/details?id=com.pjama&amp;hl=da&amp;gl=DA\" target=\"_blank\" rel=\"noopener\">Google Play<\/a><br \/>\neller<br \/>\n<a href=\"https:\/\/apps.apple.com\/da\/app\/dryguardians\/id1498084664\" target=\"_blank\" rel=\"noopener\">App Store<\/a><br \/>\nfor at spore fremskridt og modtage personlig vejledning under behandlingen.<\/p>\n<h4>Funktioner<\/h4>\n<ul>\n<li>Specielt designet til drenge; kompatibel med Pjama Sengev\u00e6dningsalarm eller sensor.<\/li>\n<li>Udstyret med to sm\u00e5 knapper i linningen til at forbinde sensoren.<\/li>\n<li>Indsyede sensortr\u00e5de omkring skridtet sikrer hurtig og pr\u00e6cis registrering.<\/li>\n<li>St\u00f8rre m\u00e5lomr\u00e5de betyder p\u00e5lidelig registrering uanset sovestilling.<\/li>\n<li>S\u00e6rligt effektivt for drenge, men ogs\u00e5 gavnligt for piger, der sover p\u00e5 ryggen.<\/li>\n<\/ul>\n<h4>Anvendelse<\/h4>\n<p>Pjama DryGuardians Undert\u00f8j &#8211; Boxers er lige s\u00e5 behageligt som almindeligt undert\u00f8j, hvilket g\u00f8r det nemt for b\u00f8rn<br \/>\nat have p\u00e5. Disse behandlingsboksere er designet til brug med Pjama Sengev\u00e6dningsalarm og absorberer ikke v\u00e6ske.<br \/>\nBehandlingen fokuserer p\u00e5 at bryde vanen med at tisse i sengen. <\/p>\n<p><strong>Pakken indeholder:<\/strong><\/p>\n<ul>\n<li>1 x Pjama DryGuardians Undert\u00f8j &#8211; Boxershorts (alarm s\u00e6lges separat)<\/li>\n<\/ul>\n<p>S\u00e6t sensoren fast i linningen, og placer alarmen ved siden af sengen.<br \/>\nHvis barnet tisser, registrerer de indsyede sensortr\u00e5de det hurtigt og aktiverer alarmen.<br \/>\nBarnet kan stoppe alarmen, g\u00e5 p\u00e5 toilettet og skifte undert\u00f8j.<br \/>\nHvis du vil bruge den med en smartphone, skal du downloade DryGuardians-appen.<\/p>\n<h4>Materiale<\/h4>\n<p>Fremstillet af Oeko-Tex-certificerede stoffer af h\u00f8j kvalitet, som er sikre og sk\u00e5nsomme mod b\u00f8rns hud.<\/p>\n<h4>Information<\/h4>\n<ul>\n<li><em>Forbindes til Pjama Sengev\u00e6dningsalarm (via knapper i linningen)<\/em><\/li>\n<li><em>Indsyede sensortr\u00e5de giver pr\u00e6cis registrering<\/em><\/li>\n<li><em>Behagelig og bl\u00f8d<\/em><\/li>\n<li><em>Diskret og praktisk<\/em><\/li>\n<li><em>Kan maskinvaskes ved 60\u00b0C<\/em><\/li>\n<li><em>Kan t\u00e5le t\u00f8rretumbler<\/em><\/li>\n<li><em>St\u00f8rrelser:<\/em> B\u00f8rn og voksne<\/li>\n<li><em>Farve:<\/em> Bl\u00e5<\/li>\n<\/ul>\n<p style=\"color: #666666; font-size: 14px;\">Husk at l\u00f8sne Pjama-sensoren fra alarmen f\u00f8r vask.<\/p>\n<h4>DryGuardians app og klinik for sengev\u00e6dning<\/h4>\n<p>DryGuardians-appen underst\u00f8tter behandlingen med avancerede funktioner:<\/p>\n<ul>\n<li>Brug appen som en lydenhed med tilpassede alarmsignaler.<\/li>\n<li>Registrer aftenens resultater i en kalender for at spore fremskridt og modtage personlige tips.<\/li>\n<li>F\u00e5 ekspertr\u00e5dgivning og st\u00f8tte under behandlingen.<\/li>\n<li>Indstil alarmer i dagtimerne for at minde om toiletbes\u00f8g.<\/li>\n<\/ul>\n<p>Appen er gratis at downloade fra<br \/>\n<a href=\"https:\/\/play.google.com\/store\/apps\/details?id=com.pjama&amp;hl=da&amp;gl=DA\" target=\"_blank\" rel=\"noopener\">Google Play<\/a><br \/>\neller<br \/>\n<a href=\"https:\/\/apps.apple.com\/da\/app\/dryguardians\/id1498084664\" target=\"_blank\" rel=\"noopener\">App Store<\/a>.<br \/>\nF\u00e5 mere at vide om vores klinik for sengev\u00e6dning p\u00e5 vores<br \/>\n<a href=\"https:\/\/pjama.eu\/da\/\">hjemmeside<\/a>.<\/p>\n<h4>Behandlingsprocessen &#8211; motivation og t\u00e5lmodighed<\/h4>\n<p>Behandling af natlig enuresis kr\u00e6ver motivation og t\u00e5lmodighed, is\u00e6r i starten.<br \/>\nDet er vigtigt at s\u00e6tte realistiske m\u00e5l og fejre fremskridt.<br \/>\nMed v\u00e6rkt\u00f8jer som Pjama DryGuardians Boxer Undert\u00f8j og alarmen bliver vejen til t\u00f8rre n\u00e6tter lettere.<br \/>\nFor\u00e6ldre kan st\u00f8tte b\u00f8rn med opmuntring og positiv forst\u00e6rkning, mens DryGuardians-appen giver skr\u00e6ddersyede tips.<br \/>\nSammen skaber det en sikker og effektiv vej til succes.<\/p>\n<footer>\u00a9 2024 Pjama.<\/footer>\n","protected":false},"excerpt":{"rendered":"<h3>Pjama DryGuardians Undert\u00f8j &#8211; Boxershorts<\/h3>\n<p>Pjama DryGuardians Undert\u00f8j &#8211; Boxershorts giver en effektiv og sikker l\u00f8sning<br \/>\ntil behandling af enuresis (sengev\u00e6dning).<\/p>\n<ul>\n<li>Kompatibel med Pjama Sengev\u00e6dningsalarm &#8211; behandl sengev\u00e6dning nemt, sikkert og komfortabelt.<\/li>\n<li>Stort m\u00e5lomr\u00e5de til hurtig og p\u00e5lidelig registrering af sengev\u00e6dning.<\/li>\n<li>Lige s\u00e5 bl\u00f8de og behagelige som almindelige boxershorts.<\/li>\n<li>Kan maskinvaskes ved 60\u00b0C og t\u00f8rretumbles.<\/li>\n<\/ul>\n<p>K\u00f8b alarmen og download DryGuardians-appen, en gratis service til behandling af sengev\u00e6dning,<br \/>\nfra<br \/>\n<a href=\"https:\/\/play.google.com\/store\/apps\/details?id=com.pjama&amp;hl=da&amp;gl=DA\">Google Play<\/a><br \/>\neller<br \/>\n<a href=\"https:\/\/apps.apple.com\/da\/app\/dryguardians\/id1498084664\">App Store<\/a>.<\/p>\n","protected":false},"featured_media":30978,"template":"","meta":{"_et_pb_use_builder":"off","_et_pb_old_content":"<h3>Pjama Boxer Bedwetting Treatment Underwear \u2013 Effective Alarm Treatment for Bedwetting in Boys<\/h3>\r\nPjama Boxer Bedwetting Treatment Underwear is the perfect solution for boys suffering from bedwetting (nocturnal enuresis). In combination with a Pjama Bedwetting Alarm or a Pjama Sensor and our DryGuardians app, you can effectively and comfortably treat bedwetting. These bedwetting underwear feature sewn-in sensor wires that quickly detect moisture and activate a bedwetting alarm to help the child wake up and stop urination.\r\n\r\nDownload the DryGuardians app from <a href=\"https:\/\/play.google.com\/store\/apps\/details?id=com.pjama&gl=sv&hl=sv\">Google Play<\/a> or <a href=\"https:\/\/apps.apple.com\/sv\/app\/pjama\/id1498084664?mt=8&l=sv\">App Store<\/a> to track progress and receive personalized guidance throughout the treatment of nocturnal enuresis.\r\n<h4>Features<\/h4>\r\nPjama Boxer Bedwetting Treatment Underwear is specially designed for boys and works in conjunction with the Pjama Bedwetting Alarm or Pjama Sensor. The underwear is equipped with two small buttons on the waist to connect the sensor. Sewn-in sensor wires around the crotch area make it easy for the alarm system to detect moisture and quickly trigger a bedwetting alarm, helping to effectively and safely treat nocturnal enuresis.\r\n\r\nThe sewn-in sensor wires in the Pjama Boxer Bedwetting Treatment Underwear increase the target area and ensure more accurate detection. This means that regardless of where urine lands or the sleeping position of you or your child, the alarm will reliably detect bedwetting. For boys, this is particularly valuable since the area where urine first hits often varies. The same applies to girls, especially if they tend to sleep on their back.\r\n<h4>Usage<\/h4>\r\nWearing Pjama Boxer Bedwetting Treatment Underwear is as comfortable as wearing regular underwear, making them ideal for children suffering from bedwetting. These underwear for nocturnal enuresis are designed to be used in combination with the Pjama bedwetting alarm and do not absorb liquid. The treatment focuses on breaking the habit of urinating in bed.\r\n\r\nThe package includes:\r\n<ul>\r\n \t<li>1 x Pjama Boxer Bedwetting Treatment Underwear\r\n(Please note that the Pjama Bedwetting Alarm is sold separately.)<\/li>\r\n<\/ul>\r\nSimply attach the sensor to the front waist of the boxer treatment underwear and start the bedwetting alarm to begin the treatment! Place the bedwetting alarm next to the bed.\r\nIf you or the child urinates, the sensitive sewn-in sensor wires in the treatment underwear will quickly detect it and activate the alarm. You or the child can easily stop the alarm by pressing the \"ON\/OFF button\" on the top of the alarm and then proceed to the bathroom to complete the urination.\r\n\r\nTo use the bedwetting alarm with your smartphone, you need to download the DryGuardians App.\r\n<h4>Material<\/h4>\r\nPjama Boxer Bedwetting Treatment Underwear is made of high-quality, Oeko-Tex certified fabrics that are safe and gentle on children\u2019s skin.\r\n<h4>Information<\/h4>\r\n<ul>\r\n \t<li><em>Connects to Pjama Bedwetting Alarm (via buttons on the front of the boxer shorts)<\/em><\/li>\r\n \t<li><em>Sewn-in sensor wires for greater accuracy<\/em><\/li>\r\n \t<li><em>Comfortable and soft<\/em><\/li>\r\n \t<li><em>Discrete and practical<\/em><\/li>\r\n \t<li><em>Machine washable at 60\u00b0C<\/em><\/li>\r\n \t<li><em>Can be tumble dried<\/em><\/li>\r\n \t<li><em>Sizes: Children and Adults<\/em><\/li>\r\n \t<li><em>Color: Blue<\/em><\/li>\r\n<\/ul>\r\n<span style=\"color: #666666;font-size: 14px\">Remember to detach the Pjama Sensor from the bedwetting alarm when not in use and before washing.<\/span>\r\n<h4>DryGuardians App and Bedwetting Clinic<\/h4>\r\nThe DryGuardians app offers advanced features for treating bedwetting and nocturnal enuresis:\r\n<ul>\r\n \t<li>Use the app as a sound device for your bedwetting alarm and choose different alarm signals.<\/li>\r\n \t<li>Log the night\u2019s results in the calendar to track progress and receive personalized tips.<\/li>\r\n \t<li>Get personalized advice and support during enuresis treatment.<\/li>\r\n \t<li>Set daily alarms to remind you or the child to use the bathroom during the day.<\/li>\r\n<\/ul>\r\nThe DryGuardians app is free to download from <a href=\"https:\/\/play.google.com\/store\/apps\/details?id=com.pjama&gl=sv&hl=sv\">Google Play<\/a> or <a href=\"https:\/\/apps.apple.com\/sv\/app\/pjama\/id1498084664?mt=8&l=sv\">App Store<\/a>. Learn more about our Bedwetting Clinic and how we can help you or your child on our <a href=\"https:\/\/pjama.eu\/\">website<\/a>.\r\n<h4>The Treatment Process \u2013 Motivation and Patience are Key<\/h4>\r\nTreating nocturnal enuresis requires motivation and patience, especially during the first few weeks. For both children and parents, it is important to set realistic goals and celebrate progress. Remember, the goal is a dry bed without aids, and the journey there can be made easier with tools like Pjama Boxer Bedwetting Treatment Underwear and the bedwetting alarm.\r\n\r\nAs a parent, you can keep your child motivated by giving positive feedback and compliments. With the help of <em>DryGuardians App<\/em>, you can get tips and advice tailored to your treatment progress. This is a safe and effective path to a better everyday life for children and adults suffering from enuresis.\r\n\r\n\u00a9 2024 Pjama.","_et_gb_content_width":""},"product_brand":[],"product_cat":[156,212,161,146,165],"product_tag":[],"class_list":{"0":"post-11813","1":"product","2":"type-product","3":"status-publish","4":"has-post-thumbnail","6":"product_cat-born","7":"product_cat-pjamadryguardians_2025","8":"product_cat-alarm-for-sengevaedning","9":"product_cat-tilbehor","10":"product_cat-voksen","11":"product_shipping_class-eu-da","12":"pa_size-alder-10-12-ar","13":"pa_size-alder-5-6-ar","14":"pa_size-alder-6-8-ar","15":"pa_size-alder-8-10-ar","16":"pa_size-lille","17":"pa_size-medium-da","18":"pa_size-stor","19":"pa_size-xlarge-da","20":"pa_size-xxlarge-da","22":"first","23":"instock","24":"taxable","25":"shipping-taxable","26":"purchasable","27":"product-type-variable"},"composite_virtual":false,"composite_layout":"","composite_add_to_cart_form_location":"","composite_editable_in_cart":false,"composite_sold_individually_context":"","composite_shop_price_calc":"","composite_components":[],"composite_scenarios":[],"_links":{"self":[{"href":"https:\/\/pjama.eu\/da\/wp-json\/wp\/v2\/product\/11813","targetHints":{"allow":["GET"]}}],"collection":[{"href":"https:\/\/pjama.eu\/da\/wp-json\/wp\/v2\/product"}],"about":[{"href":"https:\/\/pjama.eu\/da\/wp-json\/wp\/v2\/types\/product"}],"wp:featuredmedia":[{"embeddable":true,"href":"https:\/\/pjama.eu\/da\/wp-json\/wp\/v2\/media\/30978"}],"wp:attachment":[{"href":"https:\/\/pjama.eu\/da\/wp-json\/wp\/v2\/media?parent=11813"}],"wp:term":[{"taxonomy":"product_brand","embeddable":true,"href":"https:\/\/pjama.eu\/da\/wp-json\/wp\/v2\/product_brand?post=11813"},{"taxonomy":"product_cat","embeddable":true,"href":"https:\/\/pjama.eu\/da\/wp-json\/wp\/v2\/product_cat?post=11813"},{"taxonomy":"product_tag","embeddable":true,"href":"https:\/\/pjama.eu\/da\/wp-json\/wp\/v2\/product_tag?post=11813"}],"curies":[{"name":"wp","href":"https:\/\/api.w.org\/{rel}","templated":true}]}}