{"id":11815,"date":"2022-01-18T14:17:35","date_gmt":"2022-01-18T13:17:35","guid":{"rendered":"https:\/\/pjama.eu\/product\/laken-og-sengebeskyttelse-i-et-produkt-sengemadrasser\/"},"modified":"2026-03-20T10:43:31","modified_gmt":"2026-03-20T09:43:31","slug":"pjama-protect-bettlaken-und-bettschutz-bettmatratze","status":"publish","type":"product","link":"https:\/\/pjama.eu\/da\/vare\/pjama-protect-bettlaken-und-bettschutz-bettmatratze\/","title":{"rendered":"Pjama Protect lagen og sengebeskytter &#8211; sengemadras"},"content":{"rendered":"<h4>Pjama Protect lagen og sengebeskytter &#8211; Sengemadras &#8211; Til madrasser af h\u00f8jeste kvalitet!<\/h4>\n<p><strong><br \/>\nPjama Protect Sheet and Bed Protector &#8211; Bed Mattress er lavet af<br \/>\nTencel-fibre, der er bl\u00f8dere end silke, hvilket g\u00f8r det til en dr\u00f8m at sove p\u00e5.<br \/>\n<\/strong><\/p>\n<h5>Vandt\u00e6t<\/h5>\n<p>Den fine polyuretanmembran forhindrer v\u00e6ske i at sive ind i madrassen<br \/>\n, samtidig med at den fungerer som en barriere mod st\u00f8v. Den beskytter ogs\u00e5 madrassens sider. <\/p>\n<h5>St\u00f8vbarriere<\/h5>\n<p>Takket v\u00e6re den fine polyuretanmembran fungerer stoffet som en barriere mod st\u00f8v,<br \/>\nforhindrer ind\u00e5nding af st\u00f8vmider, der for\u00e5rsager luftvejsallergi. Fri for kemikalier. <\/p>\n<h5>\u00c5ndbar<\/h5>\n<p>Stoffet forhindrer v\u00e6sker i at tr\u00e6nge igennem, men er stadig fuldt \u00e5ndbart.<\/p>\n<h5>Naturlig<\/h5>\n<p>Stoffets overflade er 100 % naturlig, fremstillet af tr\u00e6fibre: TENCEL\u2122 \/ SMARTCEL\u2122.<br \/>\nFri for kemikalier.<\/p>\n<h5>Stille<\/h5>\n<p>Helt diskret stof: ikke til at opdage og lydl\u00f8st.<\/p>\n<h5>Antibakteriel<\/h5>\n<p>P\u00e5 grund af TENCEL\u2122 Lyocell-fiber, der har en fremragende fugtkontrol, og SMARTCEL\u2122-fiber,<br \/>\nkendt for sine vigtige antibakterielle egenskaber, forhindres bakteriev\u00e6kst.<\/p>\n<h5>Nem pleje<\/h5>\n<p>Kan maskinvaskes ved 60\u00b0C og t\u00f8rretumbles ved lav temperatur.<\/p>\n<h5>Bi-elastisk<\/h5>\n<p>Den tilpasser sig perfekt til den madras, den beskytter. Passer til alle madrastykkelser. <\/p>\n<h5>Kosmetisk effekt<\/h5>\n<p>Zinkoxid er godt for din hud og underst\u00f8tter naturligt hudens cellefornyelse.<\/p>\n<h5>Kontrol af lugt<\/h5>\n<p>TENCEL\u2122- og SMARTCEL\u2122-fibre forhindrer lugt for\u00e5rsaget af bakterie- og svampev\u00e6kst.<\/p>\n<h5>Milj\u00f8venlig<\/h5>\n<p>Fremstillingsprocessen for b\u00e5de stoffet og det f\u00e6rdige produkt er milj\u00f8venlig.<\/p>\n","protected":false},"excerpt":{"rendered":"<h4>Lagen og sengebeskyttelse i \u00e9t produkt &#8211; til standardmadrasser<\/h4>\n<p><strong><br \/>\nPjama Protect Sheet and Bed Protector &#8211; Bed Mattress er lavet af<br \/>\nTencel-fibre, der er bl\u00f8dere end silke, hvilket g\u00f8r det til en dr\u00f8m at sove p\u00e5.<br \/>\n<\/strong><\/p>\n<p>Vores senge uds\u00e6ttes dagligt for en r\u00e6kke skadelige faktorer. Vores sengebeskyttere beskytter din seng mod problemer som f.eks: <\/p>\n<ul>\n<li>Fugt &#8211; Hver nat mister en person op til 0,5 liter vand gennem fordampning.<\/li>\n<li>Inkontinensl\u00e6kager &#8211; P\u00e5 forskellige stadier i livet kan vi opleve problemer med sengev\u00e6dning eller <em>enuresis<\/em>.<\/li>\n<li>Snavs og v\u00e6sker &#8211; f.eks. fra mad og k\u00e6ledyr.<\/li>\n<li>St\u00f8vmider og allergener.<\/li>\n<\/ul>\n<p>Den fine polyuretanmembran forhindrer v\u00e6sker i at tr\u00e6nge ind i madrassen<br \/>\n, samtidig med at den fungerer som en barriere for st\u00f8v, forhindrer ind\u00e5nding af st\u00f8vmider<br \/>\nog hj\u00e6lper med allergier. Den beskytter ogs\u00e5 madrassens sider.<br \/>\nBeskytterne er af h\u00f8jeste kvalitet og er klassificeret som medicinsk udstyr. <\/p>\n<p>Hvis du eller dit barn lider af sengev\u00e6dning,<br \/>\n<em>enuresis<\/em>, kan du l\u00e6se mere om dette<br \/>\n<a href=\"https:\/\/pjama.eu\/da\/hvad-er-enuresis\/\">her.<\/a><\/p>\n","protected":false},"featured_media":22871,"template":"","meta":{"_et_pb_use_builder":"on","_et_pb_old_content":"<h3 style=\"color:#d35917\">Pjama Protect Sheet and Bed Protector - Bed Mattress - For the Highest Quality Mattress!<\/h3>\r\n<strong>The Pjama Protect Sheet and Bed Protector - Bed Mattress is made from Tencel fibers, softer than silk, making it a dream to sleep on.\r\n<\/strong>\r\n<h4 style=\"color:#072130\">Waterproof<\/h4>\r\nThe fine polyurethane membrane prevents liquid from seeping into the mattress while also acting as a barrier to dust. It also protects the sides of the mattress.\r\n<h4 style=\"color:#072130\">Dust Barrier<\/h4>\r\nThanks to the fine polyurethane membrane, the fabric acts as a barrier to dust, preventing inhalation of dust mites that cause respiratory allergies. Chemical-free.\r\n<h4 style=\"color:#072130\">Breathable<\/h4>\r\nThe fabric prevents liquids from seeping through yet remains fully breathable.\r\n<h4 style=\"color:#072130\">Natural<\/h4>\r\nThe fabric surface is 100% natural, made from wood fibers: TENCEL\u2122 \/ SMARTCEL\u2122.\r\nChemical-free.\r\n<h4 style=\"color:#072130\">Silent<\/h4>\r\nCompletely discreet fabric: undetectable and silent.\r\n<h4 style=\"color:#072130\">Antibacterial<\/h4>\r\nDue to TENCEL\u2122 Lyocell fiber, with excellent moisture control, and SMARTCEL\u2122 fiber, known for its important antibacterial properties, bacteria growth is prevented.\r\n<h4 style=\"color:#072130\">Easy Care<\/h4>\r\nMachine washable at 60\u00b0C and tumble dry at low temperature.\r\n<h4 style=\"color:#072130\">Bi-elastic<\/h4>\r\nIt adapts perfectly to the mattress it protects. Fits all mattress thicknesses.\r\n<h4 style=\"color:#072130\">Cosmetic Effect<\/h4>\r\nZinc oxide is good for your skin and naturally supports skin cell regeneration.\r\n<h4 style=\"color:#072130\">Odor Control<\/h4>\r\nTENCEL\u2122 and SMARTCEL\u2122 fibers prevent odors caused by bacterial and fungal growth.\r\n<h4 style=\"color:#072130\">Eco-friendly<\/h4>\r\nThe manufacturing process for both the fabric and the finished product is eco-friendly.","_et_gb_content_width":""},"product_brand":[],"product_cat":[180,156,211],"product_tag":[],"class_list":{"0":"post-11815","1":"product","2":"type-product","3":"status-publish","4":"has-post-thumbnail","6":"product_cat-beskyttelse-af-madrasser-og-sengetoj","7":"product_cat-born","8":"product_cat-pjamaprotect_2025","9":"product_shipping_class-eu-da","10":"pa_size-105-x-200-x-16-cm-da","11":"pa_size-120-x-200-x-16-cm-da","12":"pa_size-140-x-200-x-16-cm-da","13":"pa_size-160-x-200-x-16-cm-da","14":"pa_size-180-x-200-x-16-cm-da","15":"pa_size-60-x-120-x-16-cm-da","16":"pa_size-70-x-140-x-16-cm-da","17":"pa_size-70-x-160-x-16-cm-da","18":"pa_size-80-x-200-x-16-cm-da","19":"pa_size-90-x-200x-16-cm-da","21":"first","22":"instock","23":"taxable","24":"shipping-taxable","25":"purchasable","26":"product-type-variable"},"composite_virtual":false,"composite_layout":"","composite_add_to_cart_form_location":"","composite_editable_in_cart":false,"composite_sold_individually_context":"","composite_shop_price_calc":"","composite_components":[],"composite_scenarios":[],"_links":{"self":[{"href":"https:\/\/pjama.eu\/da\/wp-json\/wp\/v2\/product\/11815","targetHints":{"allow":["GET"]}}],"collection":[{"href":"https:\/\/pjama.eu\/da\/wp-json\/wp\/v2\/product"}],"about":[{"href":"https:\/\/pjama.eu\/da\/wp-json\/wp\/v2\/types\/product"}],"wp:featuredmedia":[{"embeddable":true,"href":"https:\/\/pjama.eu\/da\/wp-json\/wp\/v2\/media\/22871"}],"wp:attachment":[{"href":"https:\/\/pjama.eu\/da\/wp-json\/wp\/v2\/media?parent=11815"}],"wp:term":[{"taxonomy":"product_brand","embeddable":true,"href":"https:\/\/pjama.eu\/da\/wp-json\/wp\/v2\/product_brand?post=11815"},{"taxonomy":"product_cat","embeddable":true,"href":"https:\/\/pjama.eu\/da\/wp-json\/wp\/v2\/product_cat?post=11815"},{"taxonomy":"product_tag","embeddable":true,"href":"https:\/\/pjama.eu\/da\/wp-json\/wp\/v2\/product_tag?post=11815"}],"curies":[{"name":"wp","href":"https:\/\/api.w.org\/{rel}","templated":true}]}}