{"id":11843,"date":"2022-12-15T14:31:34","date_gmt":"2022-12-15T13:31:34","guid":{"rendered":"https:\/\/pjama.eu\/product\/vibrerende-alarmur-sort\/"},"modified":"2026-03-20T10:34:35","modified_gmt":"2026-03-20T09:34:35","slug":"orologio-promemoria-toilette","status":"publish","type":"product","link":"https:\/\/pjama.eu\/da\/vare\/orologio-promemoria-toilette\/","title":{"rendered":"Pjama Vibrerende Alarmur &#8211; Sort"},"content":{"rendered":"<h4>Pjama Vibrerende Alarmur &#8211; Sort<\/h4>\n<p>Et stilfuldt og moderne vibrerende alarmur, der bruges ved urinl\u00e6kage i dagtimerne som en p\u00e5mindelse om at g\u00e5 p\u00e5 toilettet eller til andre p\u00e5mindelser.<\/p>\n<ul>\n<li>Digital LED-sk\u00e6rm.<\/li>\n<li>Uret viser tiden ligesom et almindeligt ur.<\/li>\n<li>Alarmen kan indstilles til op til 8 intervaller pr. dag.<\/li>\n<li>B\u00e5ndet er lavet af bl\u00f8d og fleksibel silikone, der kan justeres til den rigtige st\u00f8rrelse.<\/li>\n<li>Opladning via mikro-USB.<\/li>\n<li>Batteriet i et fuldt opladet ur kan holde i 6-15 dage.<\/li>\n<\/ul>\n<p>N\u00e5r det vibrerende p\u00e5mindelsesur ikke l\u00e6ngere er n\u00f8dvendigt til toiletp\u00e5mindelser, fungerer det perfekt som et almindeligt armb\u00e5ndsur.<\/p>\n<h4>Daglig brug<\/h4>\n<p>Det Pjamarerende Alarmur &#8211; Sort kan bruges af b\u00f8rn og voksne, der lider af dagtisseri, og som har brug for en p\u00e5mindelse om at g\u00e5 p\u00e5 toilettet.<\/p>\n<ul>\n<li>Tryk \u00e9n gang p\u00e5 Time\/Alarm-knappen for at vise klokkesl\u00e6ttet.<\/li>\n<li>Tryk to gange p\u00e5 Time\/Alarm-knappen for at kontrollere batteriets opladning (fra 0 til 100 procent).<\/li>\n<li>Vibrationen kan stoppes med det samme ved at trykke p\u00e5 en knap, eller den stopper automatisk efter 60 sekunder.<\/li>\n<\/ul>\n<p>Dette vibrerende p\u00e5mindelsesur giver diskrete vibrationer for at minde om toiletbes\u00f8g.<\/p>\n<h4>Opladning af uret<\/h4>\n<p>Tag uret ud af silikoned\u00e6kslet, og slut urets USB-port til din powerbank (5V) eller b\u00e6rbare computer.<br \/>\nEt bl\u00e5t lys indikerer, at det oplader. N\u00e5r uret er 100 % fuldt opladet, forbliver den bl\u00e5 indikatorlampe t\u00e6ndt.<x id=\"gid_0\"><\/x>Batteriet kan holde i 6-15 dage, n\u00e5r det er fuldt opladet. Dette Pjama Vibrerende Alarmur &#8211; Sort er designet til at v\u00e6re holdbart og nemt at bruge for b\u00e5de b\u00f8rn og voksne.  <\/p>\n<h4>Detaljer<\/h4>\n<p>Str\u00f8mforsyning: DC 5V, Opladningsindgang: Micro USB, Driftstemperaturomr\u00e5de: 0 til 45 \u00b0C.<\/p>\n<h4>Tips til b\u00f8rn med urininkontinens i dagtimerne<\/h4>\n<p>At tisse i dagtimerne er et almindeligt problem blandt b\u00f8rn. Omkring 3-4% af b\u00f8rn mellem 3 og 12 \u00e5r oplever regelm\u00e6ssigt urinl\u00e6kage i dagtimerne, men det kan reduceres med den rette st\u00f8tte. <\/p>\n<ul>\n<li>Opfordr barnet til at g\u00e5 p\u00e5 toilettet regelm\u00e6ssigt, ogs\u00e5 selv om det ikke f\u00f8ler trang til det.<\/li>\n<li>Planl\u00e6g faste toilettider, og s\u00f8rg for, at barnet t\u00f8mmer sin bl\u00e6re helt.<\/li>\n<li>En vandladningsdagbog kan hj\u00e6lpe med at spore m\u00f8nstre og forbedre bl\u00e6rekontrollen.<\/li>\n<li>Straf aldrig barnet for uheld &#8211; opmuntr det i stedet og styrk dets selvtillid.<\/li>\n<li>S\u00f8rg for, at barnet drikker nok vand til at opretholde en god hydrering og st\u00f8tte toiletbes\u00f8g.<\/li>\n<li>Et Pjama Vibrerende Alarmur kan v\u00e6re et nyttigt v\u00e6rkt\u00f8j til at minde barnet om at g\u00e5 p\u00e5 toilettet, is\u00e6r n\u00e5r du ikke er i n\u00e6rheden til at minde dem personligt.<\/li>\n<\/ul>\n<h4>Hvad hvis dit barn tisser i sengen om natten?<\/h4>\n<p>Den medicinske betegnelse for sengev\u00e6dning er natlig enuresis. Eksperter ansl\u00e5r, at op mod 160 millioner mennesker p\u00e5 verdensplan lider af sengev\u00e6dning.<br \/>\nSengev\u00e6dning kan p\u00e5virke familier betydeligt. Der er dog et par tips til, hvordan man kan h\u00e5ndtere problemet: <\/p>\n<ul>\n<li>Sengev\u00e6dning er ikke dit barns skyld. Straf eller dril aldrig barnet. <\/li>\n<li>Lad barnet drikke, hvad det har lyst til. Svensk forskning har vist, at det har ringe indflydelse p\u00e5 behandling med Sengev\u00e6dningsalarmer. <\/li>\n<li>Brug <a href=\"https:\/\/pjama.eu\/da\/pjama-bedwetting-shop\/\">Pjama<\/a>, n\u00e5r barnet sover, b\u00e5de hjemme og ude.<\/li>\n<li>Brug Pjama Vibrerende Alarmur til urinl\u00e6kage i dagtimerne.<\/li>\n<li>Download vores <a href=\"https:\/\/pjama.eu\/da\/dryguardians-app-hjaelper-dig-med-at-behandle-sengevaedning-gratis\/\">DryGuardians-app<\/a> for at bruge kalenderen og spore fremskridt. Dette vil ogs\u00e5 v\u00e6re nyttigt, n\u00e5r du kontakter en l\u00e6ge.<\/li>\n<li>Tal om det! Mange voksne og b\u00f8rn lider af sengev\u00e6dning, men ingen taler om det. <\/li>\n<\/ul>\n<h4>Vil du vide mere?<\/h4>\n<p>Du kan l\u00e6se mere om sengev\u00e6dning hos os under<br \/>\n<a href=\"https:\/\/pjama.eu\/da\/hvad-er-enuresis\/\">Hvad er enuresis<\/a>?<\/p>\n","protected":false},"excerpt":{"rendered":"<h4><span data-sheets-root=\"1\">Diskret Pjama Vibrerende Alarmur &#8211; Sort &#8211; p\u00e5mindelser i dagtimerne om toiletbes\u00f8g eller medicinering<\/span><\/h4>\n<p>Et stilfuldt og moderne Pjama Vibrerende Alarmur &#8211; Sort, der bruges ved urinl\u00e6kage i dagtimerne som en p\u00e5mindelse om at g\u00e5 p\u00e5 toilettet eller til andre p\u00e5mindelser.<\/p>\n<ul>\n<li>Digital LED-sk\u00e6rm.<\/li>\n<li>Uret viser tiden ligesom et almindeligt ur.<\/li>\n<li>Alarmen kan indstilles til op til 8 intervaller pr. dag.<\/li>\n<li>B\u00e5ndet er lavet af bl\u00f8d og fleksibel silikone, der kan justeres til den rigtige st\u00f8rrelse.<\/li>\n<li>Opladning via mikro-USB.<\/li>\n<li>Batteriet i et fuldt opladet ur kan holde i 6-15 dage.<\/li>\n<\/ul>\n<p>N\u00e5r der ikke l\u00e6ngere er brug for uret som p\u00e5mindelse om toiletbes\u00f8g, fungerer det perfekt som et almindeligt armb\u00e5ndsur.<\/p>\n","protected":false},"featured_media":22933,"template":"","meta":{"_et_pb_use_builder":"","_et_pb_old_content":"","_et_gb_content_width":""},"product_brand":[],"product_cat":[181,156,213],"product_tag":[],"class_list":{"0":"post-11843","1":"product","2":"type-product","3":"status-publish","4":"has-post-thumbnail","6":"product_cat-ur-med-vibrationsalarm","7":"product_cat-born","8":"product_cat-tilbehor_2025","9":"product_shipping_class-eu-da","11":"first","12":"instock","13":"taxable","14":"shipping-taxable","15":"purchasable","16":"product-type-simple"},"composite_virtual":false,"composite_layout":"","composite_add_to_cart_form_location":"","composite_editable_in_cart":false,"composite_sold_individually_context":"","composite_shop_price_calc":"","composite_components":[],"composite_scenarios":[],"_links":{"self":[{"href":"https:\/\/pjama.eu\/da\/wp-json\/wp\/v2\/product\/11843","targetHints":{"allow":["GET"]}}],"collection":[{"href":"https:\/\/pjama.eu\/da\/wp-json\/wp\/v2\/product"}],"about":[{"href":"https:\/\/pjama.eu\/da\/wp-json\/wp\/v2\/types\/product"}],"wp:featuredmedia":[{"embeddable":true,"href":"https:\/\/pjama.eu\/da\/wp-json\/wp\/v2\/media\/22933"}],"wp:attachment":[{"href":"https:\/\/pjama.eu\/da\/wp-json\/wp\/v2\/media?parent=11843"}],"wp:term":[{"taxonomy":"product_brand","embeddable":true,"href":"https:\/\/pjama.eu\/da\/wp-json\/wp\/v2\/product_brand?post=11843"},{"taxonomy":"product_cat","embeddable":true,"href":"https:\/\/pjama.eu\/da\/wp-json\/wp\/v2\/product_cat?post=11843"},{"taxonomy":"product_tag","embeddable":true,"href":"https:\/\/pjama.eu\/da\/wp-json\/wp\/v2\/product_tag?post=11843"}],"curies":[{"name":"wp","href":"https:\/\/api.w.org\/{rel}","templated":true}]}}