{"id":11844,"date":"2023-01-09T15:59:19","date_gmt":"2023-01-09T14:59:19","guid":{"rendered":"https:\/\/pjama.eu\/product\/dryguardians-mix-kit-boys\/"},"modified":"2026-03-20T10:55:23","modified_gmt":"2026-03-20T09:55:23","slug":"pjama-dryguardians-mix-kit-boxershorts","status":"publish","type":"product","link":"https:\/\/pjama.eu\/da\/vare\/pjama-dryguardians-mix-kit-boxershorts\/","title":{"rendered":"Pjama DryGuardians &#8211; Mix S\u00e6t Boxershorts"},"content":{"rendered":"<h4>Pjama DryGuardians &#8211; Mix S\u00e6t Boxershorts<\/h4>\n<p>Pjama DryGuardians &#8211; Mix S\u00e6t Boxershorts giver en komplet l\u00f8sning til behandling af sengev\u00e6dning, inklusive Pjama DryGuardians Alarm, Sengev\u00e6dningsservice, Sengev\u00e6dningsshorts og Boxershorts.<br \/>\nDet sikrer en effektiv behandling, samtidig med at sengen holdes t\u00f8r hele natten.<br \/>\nDryGuardians-appen giver dig adgang til behandlingstjenesten uden ekstra omkostninger.<br \/>\nDownload den fra<br \/>\n<a href=\"https:\/\/play.google.com\/store\/apps\/details?id=com.pjama&amp;hl=da&amp;gl=da\" target=\"_blank\" rel=\"noopener\">Google Play<\/a> eller<br \/>\n<a href=\"https:\/\/apps.apple.com\/da\/app\/dryguardians\/id1498084664\" target=\"_blank\" rel=\"noopener\">App Store<\/a>.<\/p>\n<p>Det er lige s\u00e5 behageligt at have Pjama DryGuardians Natt\u00f8j Shorts p\u00e5 som en almindelig pyjamas, samtidig med at det f\u00f8lsomme alarmsystem giver effektiv behandling.<br \/>\nShortsene holder sengen t\u00f8r under processen.<\/p>\n<h4>Nem pleje<\/h4>\n<p><span style=\"font-weight: 400;\">Pjama DryGuardians Natt\u00f8j til b\u00f8rn &#8211; Shorts kan maskinvaskes (60\u00b0C) og t\u00f8rretumbles.<\/span><span style=\"font-weight: 400;\"><br \/>\n<\/span><span style=\"font-weight: 400;\">BEM\u00c6RK: Bukser og shorts har en l\u00e6ngere t\u00f8rretid p\u00e5 grund af deres absorberende funktion. Vend altid vrangen ud p\u00e5 t\u00f8jet, n\u00e5r du vasker det, for at hj\u00e6lpe fugten med at slippe ud af stoffet. <\/span><span style=\"font-weight: 400;\"><br \/>\n<\/span><span style=\"font-weight: 400;\">De er holdbare og omkostningseffektive. <\/span><b>Pjama garanterer mindst 100 vaske og op til 4 m\u00e5neders regelm\u00e6ssig brug, n\u00e5r de plejes i henhold til vores vaskeanvisninger.<\/b><span style=\"font-weight: 400;\"><br \/>\n<\/span><span style=\"font-weight: 400;\">En p\u00e5lidelig og praktisk l\u00f8sning til b\u00f8rn, der tisser i sengen om natten.<\/span><span style=\"font-weight: 400;\"><br \/>\n<\/span><a href=\"https:\/\/pjama.eu\/da\/saadan-vasker-og-toerrer-du-din-pjama\/\"><span style=\"font-weight: 400;\">L\u00e6s hele plejevejledningen &#8216;<\/span><\/a><\/p>\n<h4>Guidet behandling med DryGuardians-appen<\/h4>\n<p>Appens kernefunktion er kalenderen, hvor du logger nattens resultater.<br \/>\nBaseret p\u00e5 disse data giver appen vejledning og motivation med videoer, tekster og billeder.<br \/>\nEfter <strong>4 uger<\/strong> kan appen give en evaluering af behandlingen.<br \/>\nSelv om resultaterne ikke kommer med det samme, kan behandlingen virke p\u00e5 et senere tidspunkt.<\/p>\n<ul>\n<li>Brug appen som en lydenhed med flere ringetoner.<\/li>\n<li>Optag en personlig alarmlyd.<\/li>\n<li>Indstil alarmer i dagtimerne til p\u00e5mindelser om badev\u00e6relset.<\/li>\n<li>F\u00e5 ekspertr\u00e5dgivning og generelle behandlingstips.<\/li>\n<\/ul>\n<p>DryGuardians-appen er gratis at downloade fra<br \/>\n<a href=\"https:\/\/play.google.com\/store\/apps\/details?id=com.pjama&amp;hl=da&amp;gl=da\" target=\"_blank\" rel=\"noopener\">Google Play<\/a> eller<br \/>\n<a href=\"https:\/\/apps.apple.com\/da\/app\/dryguardians\/id1498084664\" target=\"_blank\" rel=\"noopener\">App Store<\/a>.<br \/>\nF\u00e5 mere at vide p\u00e5 vores<br \/>\n<a href=\"https:\/\/pjama.eu\/da\/dryguardians-app-hjaelper-dig-med-at-behandle-sengevaedning-gratis\/\">hjemmeside<\/a>.<\/p>\n<h4>Materiale<\/h4>\n<p>Pjama DryGuardians Natt\u00f8j Shorts er lavet af <em>Tencel<\/em>.<br \/>\nDet yderste lag er lamineret, s\u00e5 det er vandt\u00e6t, samtidig med at \u00e5ndbarheden bevares.<br \/>\nEt absorberende lag i skridtet holder v\u00e6sken inde.<br \/>\nAlle stoffer er Oeko-Tex-certificerede og sikre for b\u00f8rn.<\/p>\n<p>Shorts findes i to versioner: Pjama DryGuardians Natt\u00f8j Shorts og Pjama DryGuardians Undert\u00f8j &#8211; Boxershorts designet til lettere sager.<br \/>\nSt\u00f8rrelserne sp\u00e6nder fra kropsl\u00e6ngde 98 cm til 164 cm.<br \/>\nFor n\u00f8jagtige m\u00e5l og absorptionsdetaljer, se vores<br \/>\n<a href=\"https:\/\/pjama.eu\/da\/stoerrelsesguide\/\">St\u00f8rrelsesguide<\/a>.<\/p>\n<p>Pjama DryGuardians Undert\u00f8j &#8211; Boxershorts er ogs\u00e5 fremstillet af Oeko-Tex-certificerede stoffer, der er sikre og sk\u00e5nsomme mod huden.<br \/>\nAlle Mix S\u00e6t-t\u00f8jstykker har indbyggede sensortr\u00e5de til et st\u00f8rre detekteringsomr\u00e5de, hvilket sikrer p\u00e5lidelig detektion uanset sovestilling.<br \/>\nDette er is\u00e6r nyttigt for drenge, hvor urinstr\u00f8mmen varierer, og lige s\u00e5 p\u00e5lideligt for piger.<\/p>\n<h4>Anvendelse<\/h4>\n<p>Indbyggede sensortr\u00e5de omkring skridtet registrerer hurtigt urin.<br \/>\nKlik sensoren fast p\u00e5 linningen, og start alarmen. Placer alarmen ved siden af sengen.<br \/>\nN\u00e5r der opst\u00e5r sengev\u00e6dning, aktiveres alarmen med det samme.<br \/>\nBarnet kan stoppe det ved at trykke p\u00e5 ON\/OFF-knappen, derefter g\u00e5 p\u00e5 toilettet og skifte til t\u00f8rre shorts eller boxershorts. <\/p>\n<p>For at forbinde alarmen med din smartphone skal du downloade DryGuardians-appen.<\/p>\n<h4>Pleje af sensorer<\/h4>\n<p><span style=\"font-weight: 400;\">For at opn\u00e5 den bedste ydeevne skal du altid fjerne og t\u00f8rre sensoren efter brug.<\/span><span style=\"font-weight: 400;\"><br \/>\n<\/span><span style=\"font-weight: 400;\">Undg\u00e5 at lade den sidde p\u00e5 v\u00e5dt t\u00f8j &#8211; det forhindrer korrosion og forl\u00e6nger batteriets levetid.<\/span><\/p>\n<h4>Info<\/h4>\n<ul>\n<li>Pjama Alarm forbindes til shorts og boxershorts via knapper i linningen.<\/li>\n<li>Indbyggede sensortr\u00e5de giver hurtig og p\u00e5lidelig registrering.<\/li>\n<li>Absorberende shorts beskytter sengen.<\/li>\n<li>Behagelig og diskret pasform.<\/li>\n<li>Kan vaskes ved 60\u00b0C og t\u00e5ler t\u00f8rretumbling.<\/li>\n<li>St\u00f8rrelse: B\u00f8rn.<\/li>\n<li>Farver: Gr\u00e5 og bl\u00e5.<\/li>\n<li>USB-opladning (adapter medf\u00f8lger ikke).<\/li>\n<li>Alarmmanual tilg\u00e6ngelig p\u00e5 vores <a href=\"https:\/\/pjama.eu\/da\/produktmanualer\/\">hjemmeside<\/a>.<\/li>\n<li>L\u00e6s mere om sengev\u00e6dning hos b\u00f8rn <a href=\"https:\/\/pjama.eu\/da\/hvad-er-enuresis\/\">her.<\/a><\/li>\n<\/ul>\n<h4>For den bedste oplevelse<\/h4>\n<ul>\n<li>S\u00f8rg for korrekt st\u00f8rrelse for en t\u00e6tsiddende, men behagelig pasform (se st\u00f8rrelsesguide).<\/li>\n<li>Inddrag dit barn og forklar behandlingsprocessen.<\/li>\n<li>Tilpas alarmlyd og lydstyrke.<\/li>\n<li>Download DryGuardians-appen for at f\u00e5 personlig vejledning.<\/li>\n<li>S\u00e6t sensoren p\u00e5, og hold h\u00f8jttaleren inden for 10 meter.<\/li>\n<li>V\u00e6k dit barn, n\u00e5r alarmen lyder, og tag det med ud p\u00e5 toilettet.<\/li>\n<li>Fjern sensoren, og vask shorts\/boxershorts efter brug.<\/li>\n<li>Log resultater i appen for at f\u00f8lge fremskridt og modtage r\u00e5d.<\/li>\n<\/ul>\n<h4>Motivation og t\u00e5lmodighed er n\u00f8glen<\/h4>\n<p>Vellykket behandling kr\u00e6ver t\u00e5lmodighed og opmuntring.<br \/>\nFejr de sm\u00e5 skridt mod m\u00e5let om en t\u00f8r seng uden hj\u00e6lp.<br \/>\nPositiv forst\u00e6rkning holder b\u00f8rn motiverede.<br \/>\nHvis du er motiveret som for\u00e6lder, vil dit barn ogs\u00e5 v\u00e6re det!<\/p>\n<p>\u00a9 2024 Pjama.<\/p>\n","protected":false},"excerpt":{"rendered":"<h3><span data-sheets-root=\"1\">Pakke: Mix kit-variant til drenge; indeholder flere komponenter for fleksibilitet &#8211; en del af DryGuardians-metoden<\/span><\/h3>\n<p>Dette fleksible og omfattende s\u00e6t giver dig mulighed for at skabe dit eget personlige s\u00e6t til effektiv behandling af enuresis (sengev\u00e6dning).<\/p>\n<p><b>V\u00e6lg antallet af produkter ud fra f\u00f8lgende:<\/b><\/p>\n<ul>\n<li>Pjama DryGuardians Sengev\u00e6dningsalarms\u00e6t(1)<\/li>\n<li>Pjama DryGuardians Natt\u00f8j &#8211; Shorts<\/li>\n<li>Pjama DryGuardians Undert\u00f8j &#8211; Boxershorts<\/li>\n<li>DryGuardians App (gratis p\u00e5<br \/>\n<a href=\"https:\/\/play.google.com\/store\/apps\/details?id=com.pjama&amp;hl=da&amp;gl=da\">Google Play<\/a> eller<br \/>\n<a href=\"https:\/\/apps.apple.com\/da\/app\/dryguardians\/id1498084664\">App Store<\/a>)<\/li>\n<\/ul>\n<p>De bl\u00f8de shorts med indbyggede sensortr\u00e5de holder sengen t\u00f8r og giver mulighed for hurtig urinregistrering &#8211; perfekt til b\u00e5de hjem og rejse.<br \/>\nPjama sengev\u00e6dningsshorts registrerer hurtigt og effektivt, n\u00e5r dit barn tisser i sengen.<\/p>\n<p>DryGuardians-appen analyserer data, giver eksperttips og lader dig spore fremskridt.<\/p>\n<p><em>Vi hj\u00e6lper dig med at slippe af med sengev\u00e6dning!<\/em><\/p>\n","protected":false},"featured_media":31256,"template":"","meta":{"_et_pb_use_builder":"","_et_pb_old_content":"","_et_gb_content_width":""},"product_brand":[],"product_cat":[161,159,156,212],"product_tag":[],"class_list":{"0":"post-11844","1":"product","2":"type-product","3":"status-publish","4":"has-post-thumbnail","6":"product_cat-alarm-for-sengevaedning","7":"product_cat-pjama-behandling","8":"product_cat-born","9":"product_cat-pjamadryguardians_2025","10":"product_shipping_class-eu-da","11":"pa_size-alder-10-12-ar","12":"pa_size-alder-5-6-ar","13":"pa_size-alder-6-8-ar","14":"pa_size-alder-8-10-ar","15":"pa_size-lille","17":"first","18":"instock","19":"taxable","20":"shipping-taxable","21":"purchasable","22":"product-type-composite"},"composite_virtual":false,"composite_layout":"single","composite_add_to_cart_form_location":"default","composite_editable_in_cart":false,"composite_sold_individually_context":"product","composite_shop_price_calc":"min_max","composite_components":[{"id":"1743164570","title":"Pjama Sengev\u00e6dningsalarm","description":"<p>Sengev\u00e6dningsalarm med h\u00f8jttaler og sensor.<\/p>\n","query_type":"product_ids","query_ids":[11784],"default_option_id":11784,"thumbnail_id":6376,"thumbnail_src":"https:\/\/pjama.eu\/wp-content\/uploads\/Pjama-alarm-600x400-1-300x300-1.jpeg","quantity_min":1,"quantity_max":1,"priced_individually":true,"shipped_individually":false,"optional":false,"discount":"","options_style":"dropdowns","pagination_style":"classic","display_prices":"absolute","show_sorting_options":false,"show_filtering_options":false,"attribute_filter_ids":[],"select_action":"view","product_title_visible":false,"product_descr_visible":false,"product_price_visible":true,"product_thumb_visible":true,"subtotal_visible_product":false,"subtotal_visible_cart":true,"subtotal_visible_orders":true},{"id":"1743164571","title":"Behandling af boxerundert\u00f8j","description":"<p>Boxer-undert\u00f8j til behandling af sengev\u00e6dning. Ikke-absorberende. <\/p>\n","query_type":"product_ids","query_ids":[11813],"default_option_id":11813,"thumbnail_id":3726,"thumbnail_src":"https:\/\/pjama.eu\/wp-content\/uploads\/Boxer-underwear.jpg","quantity_min":2,"quantity_max":6,"priced_individually":true,"shipped_individually":false,"optional":false,"discount":"","options_style":"dropdowns","pagination_style":"classic","display_prices":"absolute","show_sorting_options":false,"show_filtering_options":false,"attribute_filter_ids":[],"select_action":"view","product_title_visible":false,"product_descr_visible":false,"product_price_visible":true,"product_thumb_visible":true,"subtotal_visible_product":false,"subtotal_visible_cart":true,"subtotal_visible_orders":true},{"id":"1743164572","title":"Shorts til behandling","description":"<p>Absorberende sengev\u00e6dningsshorts til behandling. Produktet har indsyede sensortr\u00e5de, som du tilslutter sensoren til. <\/p>\n","query_type":"product_ids","query_ids":[11761],"default_option_id":11761,"thumbnail_id":4407,"thumbnail_src":"https:\/\/pjama.eu\/wp-content\/uploads\/Pjama_treatment_shorts.jpeg","quantity_min":1,"quantity_max":4,"priced_individually":true,"shipped_individually":false,"optional":false,"discount":"","options_style":"dropdowns","pagination_style":"classic","display_prices":"absolute","show_sorting_options":false,"show_filtering_options":false,"attribute_filter_ids":[],"select_action":"view","product_title_visible":false,"product_descr_visible":false,"product_price_visible":true,"product_thumb_visible":true,"subtotal_visible_product":false,"subtotal_visible_cart":true,"subtotal_visible_orders":true}],"composite_scenarios":[],"_links":{"self":[{"href":"https:\/\/pjama.eu\/da\/wp-json\/wp\/v2\/product\/11844","targetHints":{"allow":["GET"]}}],"collection":[{"href":"https:\/\/pjama.eu\/da\/wp-json\/wp\/v2\/product"}],"about":[{"href":"https:\/\/pjama.eu\/da\/wp-json\/wp\/v2\/types\/product"}],"wp:featuredmedia":[{"embeddable":true,"href":"https:\/\/pjama.eu\/da\/wp-json\/wp\/v2\/media\/31256"}],"wp:attachment":[{"href":"https:\/\/pjama.eu\/da\/wp-json\/wp\/v2\/media?parent=11844"}],"wp:term":[{"taxonomy":"product_brand","embeddable":true,"href":"https:\/\/pjama.eu\/da\/wp-json\/wp\/v2\/product_brand?post=11844"},{"taxonomy":"product_cat","embeddable":true,"href":"https:\/\/pjama.eu\/da\/wp-json\/wp\/v2\/product_cat?post=11844"},{"taxonomy":"product_tag","embeddable":true,"href":"https:\/\/pjama.eu\/da\/wp-json\/wp\/v2\/product_tag?post=11844"}],"curies":[{"name":"wp","href":"https:\/\/api.w.org\/{rel}","templated":true}]}}