{"id":11848,"date":"2022-12-15T14:46:15","date_gmt":"2022-12-15T13:46:15","guid":{"rendered":"https:\/\/pjama.eu\/product\/vibrerende-alarmur-lyseblaa\/"},"modified":"2026-03-20T10:52:27","modified_gmt":"2026-03-20T09:52:27","slug":"vaaleansininen-variseva-muistutuskello","status":"publish","type":"product","link":"https:\/\/pjama.eu\/da\/vare\/vaaleansininen-variseva-muistutuskello\/","title":{"rendered":"Pjama Vibrerende Alarmur &#8211; Lysebl\u00e5"},"content":{"rendered":"<h4>Pjama Vibrerende Alarmur &#8211; Lysebl\u00e5<\/h4>\n<p>Vibrationsuret er et elegant og moderne armb\u00e5ndsur med en vibrerende alarm, der bruges ved urinl\u00e6kage i dagtimerne som en p\u00e5mindelse om at g\u00e5 p\u00e5 toilettet. Alarmen kan indstilles til op til 8 intervaller pr. dag. B\u00e5ndet er lavet af bl\u00f8d og fleksibel silikone, der kan justeres til den rigtige st\u00f8rrelse. Pjama Vibrerende Alarmur har et digitalt LED-display. Dette vibrerende p\u00e5mindelsesur er ogs\u00e5 ideelt til b\u00f8rn som et p\u00e5mindelsesv\u00e6rkt\u00f8j.<x id=\"gid_0\"><\/x>Uret viser tiden ligesom et almindeligt ur.<x id=\"gid_1\"><\/x>Pjama Vibrerende Alarmur bruges til at minde b\u00f8rn eller voksne om at t\u00f8mme deres bl\u00e6re i l\u00f8bet af dagen eller til at minde dem om andre n\u00f8dvendige handlinger. Det fungerer som et praktisk og diskret vibrerende armb\u00e5ndsur til daglig brug.  <\/p>\n<h4>DAGLIG BRUG<\/h4>\n<p>Det Pjamarerende Alarmur kan bruges af b\u00f8rn og voksne, der lider af dagtisseri og har brug for p\u00e5mindelser om at g\u00e5 p\u00e5 toilettet.<br \/>\n&#8211; Tryk \u00e9n gang p\u00e5 Time\/Alarm-knappen for at vise klokkesl\u00e6ttet.<br \/>\n&#8211; Tryk to gange p\u00e5 Time\/Alarm-knappen for at kontrollere batteriets opladning (fra 0 til 100 procent).<br \/>\n&#8211; Vibrationen kan stoppes med det samme ved at trykke p\u00e5 en knap, eller den stopper automatisk efter 60 sekunder.<\/p>\n<p>Dette vibrerende ur til b\u00f8rn giver diskrete vibrationer for at minde dem om toiletbes\u00f8g.<\/p>\n<h4>OPLADNING AF URET<\/h4>\n<p>Tag uret ud af silikoneetuiet, og slut urets USB-port til din powerbank (5V) eller b\u00e6rbare computer. Et bl\u00e5t lys indikerer, at det oplader, n\u00e5r USB-kablet er tilsluttet. N\u00e5r det er fuldt opladet, forbliver den bl\u00e5 indikatorlampe t\u00e6ndt. Et fuldt opladet batteri kan holde mellem 6-15 dage.<br \/>\nDette vibrerende ur er designet til at v\u00e6re holdbart og nemt at bruge for b\u00e5de b\u00f8rn og voksne.   <\/p>\n<h4>Detaljer<\/h4>\n<p>Str\u00f8mkilde: DC 5V, Opladningsindgang: Micro USB, Temperaturomr\u00e5de: 0 til 45 grader C.<\/p>\n<h4>Tips til b\u00f8rn med urininkontinens i dagtimerne<\/h4>\n<p>At tisse i dagtimerne er et almindeligt problem hos b\u00f8rn. Omkring 3-4% af b\u00f8rn i alderen 3 til 12 \u00e5r oplever regelm\u00e6ssigt urinl\u00e6kage i dagtimerne, men det kan forsvinde med den rette st\u00f8tte. <\/p>\n<ul>\n<li>Opfordr barnet til at g\u00e5 p\u00e5 toilettet regelm\u00e6ssigt, ogs\u00e5 selv om det ikke f\u00f8ler behov for det.<\/li>\n<li>Planl\u00e6g regelm\u00e6ssige toilettider, og s\u00f8rg for, at barnet t\u00f8mmer sin bl\u00e6re helt.<\/li>\n<li>En tissedagbog kan hj\u00e6lpe med at spore m\u00f8nstre og forbedre bl\u00e6rekontrollen.<\/li>\n<li>Straf aldrig barnet for uheld &#8211; opmuntr det og opbyg dets selvtillid i stedet.<\/li>\n<li>S\u00f8rg for, at barnet drikker nok til at opretholde en god hydrering og lette toiletbes\u00f8g.<\/li>\n<li>Et vibrerende alarmur kan v\u00e6re en god hj\u00e6lp til at minde barnet om at g\u00e5 p\u00e5 toilettet, is\u00e6r n\u00e5r du ikke kan v\u00e6re der til at minde dem personligt.<\/li>\n<\/ul>\n<h4>Hvis dit barn tisser i sengen om natten<\/h4>\n<p>Den medicinske betegnelse for sengev\u00e6dning er natlig enuresis. Eksperter ansl\u00e5r, at op mod 160 millioner mennesker p\u00e5 verdensplan lider af sengev\u00e6dning. Sengev\u00e6dning kan p\u00e5virke familier negativt, men der er nogle tips til at h\u00e5ndtere problemet. Her er en lille liste, som m\u00e5ske kan hj\u00e6lpe dig:   <\/p>\n<ul>\n<li>Sengev\u00e6dning er ikke dit barns skyld. Lad v\u00e6re med at straffe eller drille barnet. <\/li>\n<li>Lad barnet drikke s\u00e5 meget, som det har lyst til. Svensk forskning har vist, at det har ringe indflydelse p\u00e5 behandlingen af Sengev\u00e6dningsalarmen. <\/li>\n<li>Brug <a href=\"https:\/\/pjama.eu\/da\/pjama-bedwetting-shop\/\">Pjama<\/a>, n\u00e5r barnet sover, b\u00e5de hjemme og ude.<\/li>\n<li>Brug Pjama Vibrerende Alarmur til urinl\u00e6kage i dagtimerne.<\/li>\n<li>Download vores <a href=\"https:\/\/pjama.eu\/da\/dryguardians-app-hjaelper-dig-med-at-behandle-sengevaedning-gratis\/\">DryGuardians-app<\/a> for at bruge kalenderen og spore fremskridt. Det vil ogs\u00e5 v\u00e6re nyttigt, hvis\/n\u00e5r du kontakter en l\u00e6ge.<\/li>\n<li>Tal om det! Mange voksne og b\u00f8rn lider af sengev\u00e6dning, men ingen taler om det. <\/li>\n<\/ul>\n<h4>Vil du vide mere?<\/h4>\n<p>Du kan l\u00e6se mere om sengev\u00e6dning p\u00e5 vores side<a href=\"https:\/\/pjama.eu\/da\/hvad-er-enuresis\/\">&#8220;Hvad er enuresis<\/a>?&#8221;.<\/p>\n","protected":false},"excerpt":{"rendered":"<h4>Pjama Vibrerende Alarmur &#8211; Lysebl\u00e5<\/h4>\n<p>Et elegant og moderne vibrerende alarmur, der bruges til urinl\u00e6kage i dagtimerne som en p\u00e5mindelse om at g\u00e5 p\u00e5 toilettet eller til andre p\u00e5mindelser.<\/p>\n<ul>\n<li>Digitalt LED-display.<\/li>\n<li>Uret viser tiden ligesom et almindeligt ur.<\/li>\n<li>Alarmen kan indstilles til op til 8 intervaller pr. dag.<\/li>\n<li>B\u00e5ndet er lavet af bl\u00f8d og fleksibel silikone, der kan justeres til den rigtige st\u00f8rrelse.<\/li>\n<li>Opladning via mikro-USB.<\/li>\n<li>Batteriet i et fuldt opladet ur holder mellem 6-15 dage.<\/li>\n<\/ul>\n<p>N\u00e5r det vibrerende alarmur ikke l\u00e6ngere er n\u00f8dvendigt til toiletp\u00e5mindelser, kan det bruges som et almindeligt armb\u00e5ndsur.<\/p>\n","protected":false},"featured_media":22900,"template":"","meta":{"_et_pb_use_builder":"","_et_pb_old_content":"","_et_gb_content_width":""},"product_brand":[],"product_cat":[181,213],"product_tag":[],"class_list":{"0":"post-11848","1":"product","2":"type-product","3":"status-publish","4":"has-post-thumbnail","6":"product_cat-ur-med-vibrationsalarm","7":"product_cat-tilbehor_2025","8":"product_shipping_class-eu-da","10":"first","11":"instock","12":"taxable","13":"shipping-taxable","14":"purchasable","15":"product-type-simple"},"composite_virtual":false,"composite_layout":"","composite_add_to_cart_form_location":"","composite_editable_in_cart":false,"composite_sold_individually_context":"","composite_shop_price_calc":"","composite_components":[],"composite_scenarios":[],"_links":{"self":[{"href":"https:\/\/pjama.eu\/da\/wp-json\/wp\/v2\/product\/11848","targetHints":{"allow":["GET"]}}],"collection":[{"href":"https:\/\/pjama.eu\/da\/wp-json\/wp\/v2\/product"}],"about":[{"href":"https:\/\/pjama.eu\/da\/wp-json\/wp\/v2\/types\/product"}],"wp:featuredmedia":[{"embeddable":true,"href":"https:\/\/pjama.eu\/da\/wp-json\/wp\/v2\/media\/22900"}],"wp:attachment":[{"href":"https:\/\/pjama.eu\/da\/wp-json\/wp\/v2\/media?parent=11848"}],"wp:term":[{"taxonomy":"product_brand","embeddable":true,"href":"https:\/\/pjama.eu\/da\/wp-json\/wp\/v2\/product_brand?post=11848"},{"taxonomy":"product_cat","embeddable":true,"href":"https:\/\/pjama.eu\/da\/wp-json\/wp\/v2\/product_cat?post=11848"},{"taxonomy":"product_tag","embeddable":true,"href":"https:\/\/pjama.eu\/da\/wp-json\/wp\/v2\/product_tag?post=11848"}],"curies":[{"name":"wp","href":"https:\/\/api.w.org\/{rel}","templated":true}]}}