{"id":11870,"date":"2023-09-26T14:56:47","date_gmt":"2023-09-26T12:56:47","guid":{"rendered":"https:\/\/pjama.eu\/product\/dryguardians-til-maend\/"},"modified":"2026-03-20T10:55:20","modified_gmt":"2026-03-20T09:55:20","slug":"pjama-dryguardians-fuer-maenner-boxershorts","status":"publish","type":"product","link":"https:\/\/pjama.eu\/da\/vare\/pjama-dryguardians-fuer-maenner-boxershorts\/","title":{"rendered":"Pjama DryGuardians &#8211; Til m\u00e6nd &#8211; Boksershorts"},"content":{"rendered":"<h3>Pjama DryGuardians &#8211; Til m\u00e6nd &#8211; Boksershorts<\/h3>\n<p>Pjama DryGuardians &#8211; For Men &#8211; Boxershorts er den perfekte l\u00f8sning til m\u00e6nd, der lider af sengev\u00e6dning (natlig enuresis).<br \/>\nI kombination med DryGuardians-appen f\u00e5r du en effektiv og behagelig behandling.<br \/>\nBoksershortsene har indbyggede sensortr\u00e5de, som hurtigt registrerer fugt og aktiverer alarmen, s\u00e5 brugeren v\u00e5gner og f\u00e5r afbrudt vandladningen.<br \/>\nDryGuardians-tjenesten analyserer ogs\u00e5 sengev\u00e6dningsm\u00f8nstre og giver personlige tips, r\u00e5d og forudsigelser undervejs.<\/p>\n<p>Download DryGuardians-appen fra<br \/>\n<a href=\"https:\/\/play.google.com\/store\/apps\/details?id=com.pjama&amp;hl=da&amp;gl=da\" target=\"_blank\" rel=\"noopener\">Google Play<\/a> eller<br \/>\n<a href=\"https:\/\/apps.apple.com\/da\/app\/dryguardians\/id1498084664\" target=\"_blank\" rel=\"noopener\">App Store<\/a><br \/>\nfor at spore fremskridt og modtage tilpasset vejledning.<\/p>\n<h4>Funktioner<\/h4>\n<p>Alarmen er designet til b\u00e5de b\u00f8rn og voksne og anses for at v\u00e6re en f\u00f8rstevalgsbehandling af enuresis.<br \/>\nSensoren forbindes til boksershortsene via to sm\u00e5 knapper i linningen.<br \/>\nIndbyggede sensortr\u00e5de omkring skridtet sikrer p\u00e5lidelig registrering uanset soveposition.<br \/>\nDet g\u00f8r den s\u00e6rligt effektiv til m\u00e6nd, hvor urinflowet og kontaktpunkterne kan variere.<\/p>\n<h4>Anvendelse<\/h4>\n<p>Boksershortsene er lige s\u00e5 behagelige at have p\u00e5 som almindeligt undert\u00f8j, hvilket g\u00f8r dem ideelle til diskret behandling.<br \/>\n<strong>Bem\u00e6rk: Dette produkt absorberer ikke v\u00e6ske.<\/strong><br \/>\nFor yderligere sengebeskyttelse kan behandlingss\u00e6ttet kombineres med<br \/>\n<a href=\"https:\/\/pjama.eu\/da\/vare\/pjama-shorts-til-voksne-der-tisser-i-sengen\/\">Pjama absorberende undert\u00f8j til sengev\u00e6dning.<\/a><\/p>\n<ul>\n<li>2 \u00d7 Pjama DryGuardians &#8211; Til m\u00e6nd &#8211; Boksershorts<\/li>\n<li>1 \u00d7 Pjama DryGuardians Sengev\u00e6dningsalarms\u00e6t (sensor og lydenhed)<\/li>\n<\/ul>\n<p>S\u00e6t sensoren p\u00e5 linningen, og start alarmen.<br \/>\nHvis der sker et uheld, registrerer tr\u00e5dene fugt og aktiverer alarmen.<br \/>\nAlarmen kan stoppes med ON\/OFF-knappen.<br \/>\nDryGuardians-appen opretter automatisk forbindelse, n\u00e5r den \u00e5bnes p\u00e5 din smartphone.<\/p>\n<h4>Funktioner og fordele<\/h4>\n<ul>\n<li><strong>Effektiv behandling:<\/strong> Hj\u00e6lper voksne og b\u00f8rn med natlig enuresis.<\/li>\n<li><strong>Diskret:<\/strong> Opretter forbindelse til DryGuardians-appen for stille behandling hvor som helst.<\/li>\n<li><strong>USB-opladning:<\/strong> Oplad nemt med USB.<\/li>\n<li><strong>Tr\u00e5dl\u00f8s:<\/strong> Alarmenheden fungerer op til 10 meter fra sensoren.<\/li>\n<li><strong>Notifikationer p\u00e5 telefonen:<\/strong> Modtag advarsler direkte p\u00e5 din smartphone.<\/li>\n<li><strong>P\u00e5lidelig detektion:<\/strong> Stort sensoromr\u00e5de for sikker detektion.<\/li>\n<li><strong>Komfortabel og bl\u00f8d:<\/strong> \u00d8ko-Tex-certificerede stoffer, sk\u00e5nsomme mod huden.<\/li>\n<li><strong>Holdbar:<\/strong> Kan vaskes ved 60\u00b0C og t\u00e5ler t\u00f8rretumbling.<\/li>\n<\/ul>\n<p style=\"color: #666; font-size: 14px;\">Husk at fjerne Pjama Sensor f\u00f8r vask.<\/p>\n<h4>DryGuardians app og klinik for sengev\u00e6dning<\/h4>\n<p>DryGuardians-appen giver brugerne mulighed for at spore fremskridt og modtage skr\u00e6ddersyede anbefalinger, der er udviklet med svensk sundhedsekspertise.<br \/>\nDet hj\u00e6lper med at bevare motivationen ved at logge resultater, identificere tendenser og dele data med sundhedspersonalet, hvis det er n\u00f8dvendigt.<\/p>\n<ul>\n<li>V\u00e6lg alarmlyde direkte i appen.<\/li>\n<li>Log resultater hver nat for at spore forbedringer.<\/li>\n<li>F\u00e5 skr\u00e6ddersyet st\u00f8tte under behandlingen.<\/li>\n<li>Indstil p\u00e5mindelser om toiletbes\u00f8g i l\u00f8bet af dagen.<\/li>\n<\/ul>\n<p>Appen er gratis at downloade fra<br \/>\n<a href=\"https:\/\/play.google.com\/store\/apps\/details?id=com.pjama&amp;hl=da&amp;gl=da\" target=\"_blank\" rel=\"noopener\">Google Play<\/a> eller<br \/>\n<a href=\"https:\/\/apps.apple.com\/da\/app\/dryguardians\/id1498084664\" target=\"_blank\" rel=\"noopener\">App Store<\/a>.<br \/>\nF\u00e5 mere at vide om vores klinik for sengev\u00e6dning p\u00e5 vores <a href=\"https:\/\/pjama.eu\/da\/\">hjemmeside<\/a>.<\/p>\n<h4>Behandlingsprocessen &#8211; motivation og t\u00e5lmodighed er n\u00f8glen<\/h4>\n<p>Behandling af natlig enures kr\u00e6ver motivation og t\u00e5lmodighed, is\u00e6r i de f\u00f8rste uger.<br \/>\nDet ultimative m\u00e5l er en t\u00f8r seng uden hj\u00e6lpemidler, men det hj\u00e6lper at s\u00e6tte mindre milep\u00e6le undervejs.<br \/>\nMed st\u00f8tte fra DryGuardians-appen kan du forblive motiveret, spore fremskridt og modtage r\u00e5d, der er skr\u00e6ddersyet til din rejse.<br \/>\nDet g\u00f8r Pjama DryGuardians &#8211; For Men (Boxershorts) til en sikker og effektiv l\u00f8sning til en bedre hverdag.<\/p>\n","protected":false},"excerpt":{"rendered":"<h3><span data-sheets-root=\"1\">Samlet pakke: Komplet behandlingss\u00e6t mod sengev\u00e6dning skr\u00e6ddersyet til m\u00e6nd &#8211; en del af DryGuardians-metoden<\/span><\/h3>\n<p>Pjama DryGuardians Undert\u00f8j &#8211; Til m\u00e6nd &#8211; Boxershorts er en komplet service, der muligg\u00f8r effektiv og sikker behandling af enuresis (sengev\u00e6dning) hos voksne.<\/p>\n<ul>\n<li>Indeholder 2 \u00d7 Pjama DryGuardians &#8211; For Men &#8211; Boxershorts og 1 \u00d7 Pjama DryGuardians Sengev\u00e6dningsalarms\u00e6t (sensor og lydenhed)<\/li>\n<li>Stort detekteringsomr\u00e5de for sikker og hurtig reaktion p\u00e5 sengev\u00e6dning.<\/li>\n<li>Lige s\u00e5 bl\u00f8d og behagelig som almindeligt undert\u00f8j.<\/li>\n<li>Kan maskinvaskes ved 60\u00b0C og t\u00f8rretumbles.<\/li>\n<\/ul>\n<p>Download DryGuardians-appen, en gratis service til behandling af sengev\u00e6dning, fra<br \/>\n<a href=\"https:\/\/play.google.com\/store\/apps\/details?id=com.pjama&amp;hl=da&amp;gl=da\" target=\"_blank\" rel=\"noopener\">Google Play<\/a> eller<br \/>\n<a href=\"https:\/\/apps.apple.com\/da\/app\/dryguardians\/id1498084664\">App Store<\/a>.<\/p>\n","protected":false},"featured_media":30972,"template":"","meta":{"_et_pb_use_builder":"","_et_pb_old_content":"","_et_gb_content_width":""},"product_brand":[],"product_cat":[165],"product_tag":[],"class_list":{"0":"post-11870","1":"product","2":"type-product","3":"status-publish","4":"has-post-thumbnail","6":"product_cat-voksen","7":"product_shipping_class-eu-da","8":"pa_size-alder-10-12-ar","9":"pa_size-alder-5-6-ar","10":"pa_size-alder-6-8-ar","11":"pa_size-alder-8-10-ar","12":"pa_size-lille","14":"first","15":"instock","16":"taxable","17":"shipping-taxable","18":"purchasable","19":"product-type-composite"},"composite_virtual":false,"composite_layout":"single","composite_add_to_cart_form_location":"default","composite_editable_in_cart":false,"composite_sold_individually_context":"product","composite_shop_price_calc":"min_max","composite_components":[{"id":"1743167139","title":"Pjama Sengev\u00e6dningsalarm","description":"<p>Sengev\u00e6dningsalarm med h\u00f8jttaler og sensor.  <\/p>\n","query_type":"product_ids","query_ids":[11784],"default_option_id":11784,"thumbnail_id":6376,"thumbnail_src":"https:\/\/pjama.eu\/wp-content\/uploads\/Pjama-alarm-600x400-1-300x300-1.jpeg","quantity_min":1,"quantity_max":1,"priced_individually":true,"shipped_individually":false,"optional":false,"discount":"","options_style":"dropdowns","pagination_style":"classic","display_prices":"absolute","show_sorting_options":false,"show_filtering_options":false,"attribute_filter_ids":[],"select_action":"view","product_title_visible":false,"product_descr_visible":false,"product_price_visible":true,"product_thumb_visible":true,"subtotal_visible_product":false,"subtotal_visible_cart":true,"subtotal_visible_orders":true},{"id":"1743167140","title":"Behandling af boxerundert\u00f8j","description":"<p>Boxer-undert\u00f8j til behandling af sengev\u00e6dning. Ikke-absorberende. <\/p>\n","query_type":"product_ids","query_ids":[11813],"default_option_id":11813,"thumbnail_id":3726,"thumbnail_src":"https:\/\/pjama.eu\/wp-content\/uploads\/Boxer-underwear.jpg","quantity_min":2,"quantity_max":9,"priced_individually":true,"shipped_individually":false,"optional":false,"discount":"","options_style":"dropdowns","pagination_style":"classic","display_prices":"absolute","show_sorting_options":false,"show_filtering_options":false,"attribute_filter_ids":[],"select_action":"view","product_title_visible":false,"product_descr_visible":false,"product_price_visible":true,"product_thumb_visible":true,"subtotal_visible_product":false,"subtotal_visible_cart":true,"subtotal_visible_orders":true}],"composite_scenarios":[],"_links":{"self":[{"href":"https:\/\/pjama.eu\/da\/wp-json\/wp\/v2\/product\/11870","targetHints":{"allow":["GET"]}}],"collection":[{"href":"https:\/\/pjama.eu\/da\/wp-json\/wp\/v2\/product"}],"about":[{"href":"https:\/\/pjama.eu\/da\/wp-json\/wp\/v2\/types\/product"}],"wp:featuredmedia":[{"embeddable":true,"href":"https:\/\/pjama.eu\/da\/wp-json\/wp\/v2\/media\/30972"}],"wp:attachment":[{"href":"https:\/\/pjama.eu\/da\/wp-json\/wp\/v2\/media?parent=11870"}],"wp:term":[{"taxonomy":"product_brand","embeddable":true,"href":"https:\/\/pjama.eu\/da\/wp-json\/wp\/v2\/product_brand?post=11870"},{"taxonomy":"product_cat","embeddable":true,"href":"https:\/\/pjama.eu\/da\/wp-json\/wp\/v2\/product_cat?post=11870"},{"taxonomy":"product_tag","embeddable":true,"href":"https:\/\/pjama.eu\/da\/wp-json\/wp\/v2\/product_tag?post=11870"}],"curies":[{"name":"wp","href":"https:\/\/api.w.org\/{rel}","templated":true}]}}