{"id":11874,"date":"2023-12-01T08:27:50","date_gmt":"2023-12-01T07:27:50","guid":{"rendered":"https:\/\/pjama.eu\/product\/lagen-og-sengebeskyttelse-i-samme-produkt-boxspringmadras\/"},"modified":"2026-03-20T10:45:45","modified_gmt":"2026-03-20T09:45:45","slug":"pjama-protect-laken-und-bettschutz-fuer-boxspring-matratzen","status":"publish","type":"product","link":"https:\/\/pjama.eu\/da\/vare\/pjama-protect-laken-und-bettschutz-fuer-boxspring-matratzen\/","title":{"rendered":"Pjama Protect lagen og sengebeskytter til boxspringmadras"},"content":{"rendered":"<h4>Sengebeskyttelse og lagen i h\u00f8j kvalitet i \u00e9t &#8211; til boxspringmadras<\/h4>\n<p><strong><br \/>\nPjama Protect lagen og sengebeskytter til boxspringmadras er lavet af<br \/>\nTencel-fibre, der er bl\u00f8dere end silke, s\u00e5 du kan sove direkte p\u00e5 det uden<br \/>\nhave brug for et lagen.<br \/>\n<\/strong><\/p>\n<h5>Vandt\u00e6t<\/h5>\n<p>Den fine polyuretanmembran forhindrer v\u00e6sker i at tr\u00e6nge ind i madrassen<br \/>\n, samtidig med at den fungerer som en barriere for st\u00f8v. Den beskytter ogs\u00e5 madrassens sider. <\/p>\n<h5>St\u00f8vbarriere<\/h5>\n<p>P\u00e5 grund af den fine polyuretanmembran fungerer stoffet som en barriere for st\u00f8v,<br \/>\nforhindrer ind\u00e5nding af st\u00f8vmider, der for\u00e5rsager luftvejsallergi.<br \/>\nFri for kemiske behandlinger.<\/p>\n<h5>\u00c5ndbar<\/h5>\n<p>Stoffet forhindrer v\u00e6sker i at tr\u00e6nge igennem, samtidig med at det er helt \u00e5ndbart.<\/p>\n<h5>Naturlig<\/h5>\n<p>Stoffets overflade er 100 % naturlig, fremstillet af tr\u00e6fibre: TENCEL\u2122 \/ SMARTCEL\u2122.<br \/>\nFri for kemiske behandlinger.<\/p>\n<h5>Stille<\/h5>\n<p>Helt diskret stof: um\u00e6rkeligt og lydl\u00f8st.<\/p>\n<h5>Antibakteriel<\/h5>\n<p>Takket v\u00e6re TENCEL\u2122 Lyocell-fibre med fremragende fugtkontrol og SMARTCEL\u2122-fibre,<br \/>\n, som har vigtige antibakterielle egenskaber, forhindres bakteriev\u00e6kst.<\/p>\n<h5>Nem pleje<\/h5>\n<p>Kan maskinvaskes ved 60\u00b0C og t\u00f8rretumbles ved lav varme.<\/p>\n<h5>Bi-elastisk<\/h5>\n<p>Den tilpasser sig perfekt til den madras, den beskytter. Passer til alle madrastykkelser. <\/p>\n<h5>Kosmetisk effekt<\/h5>\n<p>Zinkoxid er godt for din hud og st\u00f8tter den naturlige regenerering.<\/p>\n","protected":false},"excerpt":{"rendered":"<h4><span data-sheets-root=\"1\">Lagen og sengebeskyttelse i \u00e9t produkt &#8211; til boxmadrasser<\/span><\/h4>\n<p><strong><br \/>\nPjama Protect lagen og sengebeskytter til boxspringmadras er lavet af<br \/>\nTencel-fibre, der er bl\u00f8dere end silke, s\u00e5 du kan sove direkte p\u00e5 det uden<br \/>\nhave brug for et lagen.<br \/>\n<\/strong><\/p>\n<p>Vores senge uds\u00e6ttes dagligt for en r\u00e6kke skadelige faktorer. Vores sengebeskyttere beskytter din seng mod problemer som f.eks: <\/p>\n<ul>\n<li>Fugt &#8211; Hver nat mister en person op til 0,5 liter vand gennem fordampning.<\/li>\n<li>Inkontinensl\u00e6kager &#8211; P\u00e5 forskellige stadier i livet kan vi opleve sengev\u00e6dning eller enuresis.<\/li>\n<li>Snavs og v\u00e6sker &#8211; fra mad, k\u00e6ledyr og andre kilder.<\/li>\n<li>St\u00f8vmider og allergener.<\/li>\n<\/ul>\n<p>Den fine polyuretanmembran forhindrer v\u00e6sker i at tr\u00e6nge ind i madrassen<br \/>\nsamtidig med, at den fungerer som en barriere for st\u00f8v, forhindrer ind\u00e5nding af st\u00f8vmider<br \/>\nog hj\u00e6lper med allergier. Den beskytter ogs\u00e5 madrassens sider.<br \/>\nBeskytterne er af h\u00f8jeste kvalitet og er klassificeret som medicinske<br \/>\ntekniske produkter. <\/p>\n<p>Hvis du eller dit barn lider af sengev\u00e6dning,<br \/>\n<em>enuresis<\/em>, kan du l\u00e6se mere om det<br \/>\n<a href=\"https:\/\/pjama.eu\/da\/hvad-er-enuresis\/\">her.<\/a><\/p>\n","protected":false},"featured_media":22882,"template":"","meta":{"_et_pb_use_builder":"on","_et_pb_old_content":"<h3 style=\"color:#d35917\">High-Quality Bed Protection and Sheet in One - For Boxspring Mattress<\/h3>\r\n<strong>\r\nThe Pjama Protect Sheet and Bed Protector for Boxspring Mattress is made from Tencel fibers, softer than silk, allowing you to sleep directly on it without needing a sheet. <\/strong>\r\n<h4 style=\"color:#072130\">Waterproof<\/h4>\r\nThe fine polyurethane membrane prevents liquids from penetrating the mattress while acting as a barrier for dust. It also protects the sides of the mattress.\r\n<h4 style=\"color:#072130\">Dust Barrier<\/h4>\r\nDue to the fine polyurethane membrane, the fabric functions as a barrier for dust, preventing the inhalation of dust mites that cause respiratory allergies. Free from chemical treatments.\r\n<h4 style=\"color:#072130\">Breathable<\/h4>\r\nThe fabric prevents liquids from seeping through while still being completely breathable.\r\n<h4 style=\"color:#072130\">Natural<\/h4>\r\nThe fabric surface is 100% natural, made from wood fibers: TENCEL\u2122 \/ SMARTCEL\u2122. Free from chemical treatments.\r\n<h4 style=\"color:#072130\">Silent<\/h4>\r\nCompletely discreet fabric: imperceptible and silent.\r\n<h4 style=\"color:#072130\">Antibacterial<\/h4>\r\nThanks to TENCEL\u2122 Lyocell fibers, with excellent moisture control, and SMARTCEL\u2122 fibers, which have important antibacterial properties, bacterial growth is prevented.\r\n<h4 style=\"color:#072130\">Easy Care<\/h4>\r\nMachine washable at 60\u00b0C and tumble dry on low heat.\r\n<h4 style=\"color:#072130\">Bi-elastic<\/h4>\r\nIt adapts perfectly to the mattress it protects. Fits all mattress thicknesses.\r\n<h4 style=\"color:#072130\">Cosmetic Effect<\/h4>\r\nZinc oxide is good for your skin and supports the natural regenera","_et_gb_content_width":""},"product_brand":[],"product_cat":[180,156,211],"product_tag":[],"class_list":{"0":"post-11874","1":"product","2":"type-product","3":"status-publish","4":"has-post-thumbnail","6":"product_cat-beskyttelse-af-madrasser-og-sengetoj","7":"product_cat-born","8":"product_cat-pjamaprotect_2025","9":"product_shipping_class-eu-da","10":"pa_size-105-x-200-x-45-cm-da","11":"pa_size-120-x-200-x-45-cm-da","12":"pa_size-140-x-200-x-45-cm-da","13":"pa_size-160-x-200-x-45-cm-da","14":"pa_size-180-x-200-x-45-cm-da","15":"pa_size-90-x-200-x-45-cm-da","17":"first","18":"instock","19":"taxable","20":"shipping-taxable","21":"purchasable","22":"product-type-variable"},"composite_virtual":false,"composite_layout":"","composite_add_to_cart_form_location":"","composite_editable_in_cart":false,"composite_sold_individually_context":"","composite_shop_price_calc":"","composite_components":[],"composite_scenarios":[],"_links":{"self":[{"href":"https:\/\/pjama.eu\/da\/wp-json\/wp\/v2\/product\/11874","targetHints":{"allow":["GET"]}}],"collection":[{"href":"https:\/\/pjama.eu\/da\/wp-json\/wp\/v2\/product"}],"about":[{"href":"https:\/\/pjama.eu\/da\/wp-json\/wp\/v2\/types\/product"}],"wp:featuredmedia":[{"embeddable":true,"href":"https:\/\/pjama.eu\/da\/wp-json\/wp\/v2\/media\/22882"}],"wp:attachment":[{"href":"https:\/\/pjama.eu\/da\/wp-json\/wp\/v2\/media?parent=11874"}],"wp:term":[{"taxonomy":"product_brand","embeddable":true,"href":"https:\/\/pjama.eu\/da\/wp-json\/wp\/v2\/product_brand?post=11874"},{"taxonomy":"product_cat","embeddable":true,"href":"https:\/\/pjama.eu\/da\/wp-json\/wp\/v2\/product_cat?post=11874"},{"taxonomy":"product_tag","embeddable":true,"href":"https:\/\/pjama.eu\/da\/wp-json\/wp\/v2\/product_tag?post=11874"}],"curies":[{"name":"wp","href":"https:\/\/api.w.org\/{rel}","templated":true}]}}