{"id":11884,"date":"2023-12-01T14:09:29","date_gmt":"2023-12-01T13:09:29","guid":{"rendered":"https:\/\/pjama.eu\/product\/beskyttelse-til-pudebetraek\/"},"modified":"2026-03-20T10:46:55","modified_gmt":"2026-03-20T09:46:55","slug":"pjama-protect-kopfkissenbezug","status":"publish","type":"product","link":"https:\/\/pjama.eu\/da\/vare\/pjama-protect-kopfkissenbezug\/","title":{"rendered":"Pjama Protect pudebetr\u00e6k"},"content":{"rendered":"<h4>Beskyttelse af din pude og dit pudebetr\u00e6k i \u00e9t!<\/h4>\n<p><strong>Pjama Protect-pudebetr\u00e6kket er lavet af Tencel-fibre, der er bl\u00f8dere end silke, og som g\u00f8r din pude til en dr\u00f8m at sove p\u00e5.<\/strong><\/p>\n<p> <strong> Vandt\u00e6t <\/strong><br \/>\nDen fine polyuretanmembran forhindrer v\u00e6sker i at tr\u00e6nge ind i puden, samtidig med at den fungerer som en barriere for st\u00f8v. Den omslutter hele puden med en lynl\u00e5s i siden. <\/p>\n<p> <strong> St\u00f8vbarriere <\/strong><br \/>\nP\u00e5 grund af den fine polyuretanmembran fungerer stoffet som en st\u00f8vbarriere, der forhindrer ind\u00e5nding af st\u00f8vmider, som for\u00e5rsager luftvejsallergi. Fri for kemiske behandlinger. <\/p>\n<p> <strong> \u00c5ndbar <\/strong><br \/>\nStoffet forhindrer v\u00e6sker i at tr\u00e6nge igennem, samtidig med at det er helt \u00e5ndbart.<\/p>\n<p> <strong> Naturlig <\/strong><br \/>\nStoffets overflade er 100 % naturlig, fremstillet af tr\u00e6fibre: TENCEL\u2122 \/ SMARTCEL\u2122. Fri for kemiske behandlinger. <\/p>\n<p> <strong> Silent <\/strong><br \/>\nEt helt diskret stof: um\u00e6rkeligt og lydl\u00f8st.<\/p>\n<p> <strong> Antibakteriel <\/strong><br \/>\nTakket v\u00e6re TENCEL\u2122 Lyocell-fibre med fremragende fugtkontrol og SMARTCEL\u2122-fibre, som har vigtige antibakterielle egenskaber, forhindres bakteriev\u00e6kst.<\/p>\n<p> <strong> Easy Care <\/strong><br \/>\nKan maskinvaskes ved 60\u00b0C og t\u00f8rretumbles ved lav varme.<\/p>\n<p> <strong> Bi-elastisk <\/strong><br \/>\nDen tilpasser sig perfekt til den pude, den beskytter.<\/p>\n<p> <strong> Kosmetisk effekt <\/strong><br \/>\nZinkoxid er godt for din hud og underst\u00f8tter den naturlige regenerering af hudceller.<\/p>\n<p> <strong> Lugtkontrol <\/strong><br \/>\nTENCEL\u2122- og SMARTCEL\u2122-fibre forhindrer lugt for\u00e5rsaget af bakterie- og svampev\u00e6kst.<\/p>\n<p> <strong> Milj\u00f8venlig <\/strong><br \/>\nFremstillingsprocessen for b\u00e5de stoffet og det f\u00e6rdige produkt er milj\u00f8venlig.<\/p>\n","protected":false},"excerpt":{"rendered":"<h4><span data-sheets-root=\"1\">Beskyttende pudebetr\u00e6k med \u00e5ndbar membran<\/span><\/h4>\n<p><strong>Pjama Protect-pudebetr\u00e6kket er lavet af Tencel-fibre, der er bl\u00f8dere end silke, og som g\u00f8r din pude til en dr\u00f8m at sove p\u00e5.<\/strong><\/p>\n<p>Vores senge og puder uds\u00e6ttes dagligt for en r\u00e6kke skadelige faktorer. Vores pudebetr\u00e6k beskytter din pude mod problemer som f.eks: <\/p>\n<p>&#8211; Fugt &#8211; Hver nat mister en person op til 0,5 liter vand gennem fordampning.<br \/>\n&#8211; Inkontinensl\u00e6kager &#8211; P\u00e5 forskellige stadier i livet kan vi opleve sengev\u00e6dning eller enuresis.<br \/>\n&#8211; Snavs og v\u00e6sker &#8211; fra mad, k\u00e6ledyr og andre kilder.<br \/>\n&#8211; St\u00f8vmider og allergener.<\/p>\n<p>Den fine polyuretanmembran forhindrer v\u00e6sker i at tr\u00e6nge ind i puden, samtidig med at den fungerer som en barriere for st\u00f8v, forhindrer ind\u00e5nding af st\u00f8vmider og hj\u00e6lper med allergier. Den beskytter hele puden og lukkes med en lynl\u00e5s i siden. Beskytterne er af h\u00f8jeste kvalitet og er klassificeret som medicinsk-tekniske produkter.  <\/p>\n<p>Hvis du eller dit barn lider af sengev\u00e6dning eller <em>enuresis<\/em>, kan du l\u00e6se mere om det <a href=\"https:\/\/pjama.eu\/da\/hvad-er-enuresis\/\">her.<\/a><\/p>\n","protected":false},"featured_media":22884,"template":"","meta":{"_et_pb_use_builder":"","_et_pb_old_content":"","_et_gb_content_width":""},"product_brand":[],"product_cat":[180,156,211],"product_tag":[],"class_list":{"0":"post-11884","1":"product","2":"type-product","3":"status-publish","4":"has-post-thumbnail","6":"product_cat-beskyttelse-af-madrasser-og-sengetoj","7":"product_cat-born","8":"product_cat-pjamaprotect_2025","9":"product_shipping_class-eu-da","10":"pa_size-55-x-35-cm-da","11":"pa_size-55-x-60-cm-da","13":"first","14":"instock","15":"taxable","16":"shipping-taxable","17":"purchasable","18":"product-type-variable"},"composite_virtual":false,"composite_layout":"","composite_add_to_cart_form_location":"","composite_editable_in_cart":false,"composite_sold_individually_context":"","composite_shop_price_calc":"","composite_components":[],"composite_scenarios":[],"_links":{"self":[{"href":"https:\/\/pjama.eu\/da\/wp-json\/wp\/v2\/product\/11884","targetHints":{"allow":["GET"]}}],"collection":[{"href":"https:\/\/pjama.eu\/da\/wp-json\/wp\/v2\/product"}],"about":[{"href":"https:\/\/pjama.eu\/da\/wp-json\/wp\/v2\/types\/product"}],"wp:featuredmedia":[{"embeddable":true,"href":"https:\/\/pjama.eu\/da\/wp-json\/wp\/v2\/media\/22884"}],"wp:attachment":[{"href":"https:\/\/pjama.eu\/da\/wp-json\/wp\/v2\/media?parent=11884"}],"wp:term":[{"taxonomy":"product_brand","embeddable":true,"href":"https:\/\/pjama.eu\/da\/wp-json\/wp\/v2\/product_brand?post=11884"},{"taxonomy":"product_cat","embeddable":true,"href":"https:\/\/pjama.eu\/da\/wp-json\/wp\/v2\/product_cat?post=11884"},{"taxonomy":"product_tag","embeddable":true,"href":"https:\/\/pjama.eu\/da\/wp-json\/wp\/v2\/product_tag?post=11884"}],"curies":[{"name":"wp","href":"https:\/\/api.w.org\/{rel}","templated":true}]}}