{"id":11891,"date":"2020-03-21T12:32:23","date_gmt":"2020-03-21T11:32:23","guid":{"rendered":"https:\/\/pjama.eu\/product\/pjama-shorts-til-boern-der-tisser-i-sengen\/"},"modified":"2026-05-10T10:40:31","modified_gmt":"2026-05-10T08:40:31","slug":"sengevaedningsshorts-til-boern","status":"publish","type":"product","link":"https:\/\/pjama.eu\/da\/vare\/sengevaedningsshorts-til-boern\/","title":{"rendered":"Pjama Protect Sengev\u00e6dningsshorts B\u00f8rn"},"content":{"rendered":"<h3 style=\"color: #d35917;\">Pjama Protect Sengev\u00e6dningsshorts B\u00f8rn<\/h3>\n<h4 style=\"color: #072130;\">Den bedste hj\u00e6lp til sengev\u00e6dning<\/h4>\n<p>Leder du efter en l\u00f8sning til b\u00f8rn, der tisser i sengen eller lider af natlig enuresis? Pjama Protect Sengev\u00e6dningsshorts Children er en behagelig, diskret og effektiv l\u00f8sning til at h\u00e5ndtere sengev\u00e6dning. Perfekt til b\u00f8rn, der tisser i sengen om natten, eller som lige er begyndt at opleve det. Disse shorts er vandt\u00e6tte og genanvendelige og giver sikkerhed og komfort for b\u00e5de b\u00f8rn og for\u00e6ldre.  <\/p>\n<h4 style=\"color: #072130;\">Fordele ved Pjama Protect Sengev\u00e6dningsshorts B\u00f8rn<\/h4>\n<ul>\n<li><strong>Beskyttelse og komfort:<\/strong> Holder sengen t\u00f8r, n\u00e5r uheldet er ude &#8211; ideelt til b\u00f8rn, der tisser i sengen.<\/li>\n<li><strong>Diskret og stilfuld:<\/strong> Ligner almindelige pyjamas\/sengeshorts, perfekt til b\u00f8rn, der sover v\u00e6k hjemmefra.<\/li>\n<li><strong>Milj\u00f8venlig l\u00f8sning:<\/strong> Vaskbare og genanvendelige, hvilket reducerer behovet for engangsprodukter som bleer.<\/li>\n<li><strong>Hj\u00e6lper med natlig enuresis:<\/strong> Designet til at give feedback til barnet ved at lade det m\u00e6rke fugt i mods\u00e6tning til bleer, hvilket hj\u00e6lper det med at v\u00e5gne op og g\u00e5 p\u00e5 toilettet.<\/li>\n<\/ul>\n<h4 style=\"color: #072130;\">En sikker og praktisk l\u00f8sning<\/h4>\n<p>Pjama Protect Sengev\u00e6dningsshorts B\u00f8rn er lavet af \u00e5ndbart, vandt\u00e6t materiale, der beskytter madrasser og lagner. De er perfekte til b\u00f8rn, der tisser i sengen om natten, uanset om det er en 6-\u00e5rig, der er begyndt at tisse i sengen, eller \u00e6ldre b\u00f8rn, der lider af enuresis. <\/p>\n<h4 style=\"color: #072130;\">St\u00f8rrelser til alle b\u00f8rn<\/h4>\n<p>Vi tilbyder st\u00f8rrelser fra 98 til 164 cm i l\u00e6ngden, s\u00e5 de passer til b\u00f8rn i alle aldre. Hvis dit barn har brug for en st\u00f8rre st\u00f8rrelse, kan det f\u00e5s i <a href=\"https:\/\/pjama.eu\/da\/sengevaedningsprodukter-til-voksne\/\">voksenbutikken<\/a> op til st\u00f8rrelse XL. Shortsene er lavet af Tencel-stof, der er lamineret for at g\u00f8re dem vandt\u00e6tte og samtidig sk\u00e5nsomme mod huden. De anvendte stoffer er <a href=\"https:\/\/www.oeko-tex.com\/en\/our-standards\/oeko-tex-standard-100\" target=\"_blank\" rel=\"noopener\">Oeko-Tex-certificerede<\/a>. Se vores <a href=\"https:\/\/pjama.eu\/da\/stoerrelsesguide-til-sengevaedningsbukser\/\">st\u00f8rrelsesguide<\/a> for at finde den rigtige st\u00f8rrelse og se, hvor meget hver st\u00f8rrelse kan absorbere. Har du brug for en st\u00f8rre st\u00f8rrelse? G\u00e5 p\u00e5 opdagelse i vores <a href=\"https:\/\/pjama.eu\/da\/sengevaedningsprodukter-til-voksne\/\">Adult Range<\/a>, hvor du finder den samme beskyttelse og komfort i st\u00f8rre st\u00f8rrelser.     <\/p>\n<h4 style=\"color: #072130;\">Perfekt til overnatning<\/h4>\n<p>B\u00f8rn, der lider af sengev\u00e6dning, kan f\u00f8le sig utrygge ved at sove uden for hjemmet, f.eks. ved overnatninger eller aktiviteter, der kr\u00e6ver overnatning. Med Pjama Protect Sengev\u00e6dningsshorts B\u00f8rn kan dit barn f\u00f8le sig sikker takket v\u00e6re det diskrete udseende og den beskyttelse, shortsene giver. <\/p>\n<h4 style=\"color: #072130;\">Nem pleje<\/h4>\n<p>Pjama Protect Sengev\u00e6dningsshorts B\u00f8rn kan maskinvaskes ved 60\u00b0C og t\u00f8rretumbles. Bem\u00e6rk: Shortsene kan v\u00e6re l\u00e6ngere tid om at t\u00f8rre p\u00e5 grund af den absorberende funktion. S\u00f8rg for at vende vrangen ud p\u00e5 t\u00f8jet, n\u00e5r du vasker det, for at hj\u00e6lpe med at presse fugten ud. De er holdbare og \u00f8konomiske, en perfekt l\u00f8sning til b\u00f8rn, der er begyndt at tisse i sengen om natten. <b>Pjama garanterer mindst 100 vaske og op til 4 m\u00e5neders regelm\u00e6ssig brug, n\u00e5r de plejes i henhold til vores vaskeanvisninger.<\/b> <a href=\"https:\/\/pjama.eu\/da\/pjama-vaskeanvisning\/\">L\u00e6s hele plejevejledningen her.<\/a><\/p>\n<h4 style=\"color: #072130;\">Tips til at h\u00e5ndtere sengev\u00e6dning<\/h4>\n<p>Praktisk hj\u00e6lp til t\u00f8r s\u00f8vn<\/p>\n<ul>\n<li><strong>Brug Pjama Protect Sengev\u00e6dningsshorts til b\u00f8rn:<\/strong> En enkel og behagelig hj\u00e6lp til at holde sengen t\u00f8r b\u00e5de hjemme og under overnatninger. Perfekt til at undg\u00e5 besv\u00e6ret med at skifte senget\u00f8j midt om natten og give dit barn tryghed og komfort. <\/li>\n<\/ul>\n<p>Produkter til behandling af sengev\u00e6dning<\/p>\n<ul>\n<li><a href=\"https:\/\/pjama.eu\/da\/traadloes-sengevaedningsalarm\/\">Pjama Sengev\u00e6dningsalarm<\/a>: Effektiv til behandling af sengev\u00e6dning ved at hj\u00e6lpe dit barn med at udvikle bedre bl\u00e6rekontrol og etablere natlige rutiner.<\/li>\n<li><a href=\"https:\/\/pjama.eu\/da\/sengevaedningsalarm-app\/\">DryGuardians app:<\/a> Spor fremskridt og f\u00e5 indsigt i behandlingens effektivitet. Appen letter ogs\u00e5 kommunikationen med plejepersonalet. <\/li>\n<\/ul>\n<p>Uanset om du er p\u00e5 udkig efter et hj\u00e6lpemiddel eller et behandlingsprodukt, er det vigtigt at have en \u00e5ben kommunikation. Tal \u00e5bent om sengev\u00e6dning for at reducere stress og skamf\u00f8lelse. Det kan st\u00f8tte dit barns udvikling og \u00f8ge dets f\u00f8lelse af sikkerhed i forbindelse med sengev\u00e6dning.  <\/p>\n<h4 style=\"color: #072130;\">Hvad er natlig enuresis?<\/h4>\n<p>Sengev\u00e6dning, ogs\u00e5 kendt som natlig <em>enuresis<\/em>, opst\u00e5r, n\u00e5r b\u00f8rn tisser i sengen om natten. Det er et almindeligt problem, is\u00e6r blandt drenge, og rammer millioner af b\u00f8rn verden over. Husk: Det er ikke barnets skyld, og det b\u00f8r ikke f\u00f8re til skam eller straf.   Brug for mere vejledning? Du er velkommen til at kontakte din sygeplejerske eller l\u00e6ge, hvis du har sp\u00f8rgsm\u00e5l om sengev\u00e6dning eller har brug for mere information om mulige behandlingsmuligheder. At s\u00f8ge professionel hj\u00e6lp kan v\u00e6re et vigtigt skridt i retning af at st\u00f8tte dit barn p\u00e5 den bedst mulige m\u00e5de. <\/p>\n<footer>\u00a9 2024 Pjama.<\/footer>\n","protected":false},"excerpt":{"rendered":"<h3>Absorberende sengev\u00e6dningsshorts b\u00f8rn &#8211; holder sengen t\u00f8r.<\/h3>\n<p>Pjama Protect Sengev\u00e6dningsshorts Children er en plejevenlig, diskret og komfortabel l\u00f8sning til b\u00f8rn, der tisser i sengen.<\/p>\n<ul>\n<li>\u00c5ndbar og helt vandt\u00e6t for at holde sengen t\u00f8r.<\/li>\n<li>Bl\u00f8de og lige s\u00e5 behagelige som almindelige pyjamasshorts.<\/li>\n<li>Kan maskinvaskes ved 60\u00b0C og t\u00f8rretumbles.<\/li>\n<\/ul>\n<p>Brug for en st\u00f8rre st\u00f8rrelse? G\u00e5 p\u00e5 opdagelse i vores <a href=\"https:\/\/pjama.eu\/da\/vare\/bedwetting-shorts-for-adults\/\">sortiment for voksne<\/a> og f\u00e5 den samme beskyttelse og komfort i st\u00f8rre st\u00f8rrelser. <\/p>\n","protected":false},"featured_media":31292,"template":"","meta":{"_et_pb_use_builder":"af","_et_pb_old_content":"<h3 style=\"color: #d35917\">Pjama Protect Sengev\u00e6dningsshorts B\u00f8rn<\/h3>\n<h4 style=\"color: #072130\">Den bedste hj\u00e6lp til sengev\u00e6dning<\/h4>\nLeder du efter en l\u00f8sning til b\u00f8rn, der tisser i sengen eller lider af natlig enuresis? Pjama Protect Sengev\u00e6dningsshorts Children er en behagelig, diskret og effektiv l\u00f8sning til at h\u00e5ndtere sengev\u00e6dning. Perfekt til b\u00f8rn, der tisser i sengen om natten, eller som lige er begyndt at opleve det. Disse shorts er vandt\u00e6tte og genanvendelige og giver sikkerhed og komfort for b\u00e5de b\u00f8rn og for\u00e6ldre.  \n<h4 style=\"color: #072130\">Fordele ved Pjama Protect Sengev\u00e6dningsshorts B\u00f8rn<\/h4>\n<ul>\n \t<li><strong>Beskyttelse og komfort:<\/strong> Holder sengen t\u00f8r, n\u00e5r uheldet er ude - ideelt til b\u00f8rn, der tisser i sengen.<\/li>\n \t<li><strong>Diskret og stilfuld:<\/strong> Ligner almindelige pyjamas\/sengeshorts, perfekt til b\u00f8rn, der sover v\u00e6k hjemmefra.<\/li>\n \t<li><strong>Milj\u00f8venlig l\u00f8sning:<\/strong> Vaskbare og genanvendelige, hvilket reducerer behovet for engangsprodukter som bleer.<\/li>\n \t<li><strong>Hj\u00e6lper med natlig enuresis:<\/strong> Designet til at give feedback til barnet ved at lade det m\u00e6rke fugt i mods\u00e6tning til bleer, hvilket hj\u00e6lper det med at v\u00e5gne op og g\u00e5 p\u00e5 toilettet.<\/li>\n<\/ul>\n<h4 style=\"color: #072130\">En sikker og praktisk l\u00f8sning<\/h4>\nPjama Protect Sengev\u00e6dningsshorts B\u00f8rn er lavet af \u00e5ndbart, vandt\u00e6t materiale, der beskytter madrasser og lagner. De er perfekte til b\u00f8rn, der tisser i sengen om natten, uanset om det er en 6-\u00e5rig, der er begyndt at tisse i sengen, eller \u00e6ldre b\u00f8rn, der lider af enuresis. \n<h4 style=\"color: #072130\">St\u00f8rrelser til alle b\u00f8rn<\/h4>\nVi tilbyder st\u00f8rrelser fra 98 til 164 cm i l\u00e6ngden, s\u00e5 de passer til b\u00f8rn i alle aldre. Hvis dit barn har brug for en st\u00f8rre st\u00f8rrelse, kan det f\u00e5s i <a href=\"https:\/\/pjama.eu\/da\/sengevaedningsprodukter-til-voksne\/\">voksenbutikken<\/a> op til st\u00f8rrelse XL. Shortsene er lavet af Tencel-stof, der er lamineret for at g\u00f8re dem vandt\u00e6tte og samtidig sk\u00e5nsomme mod huden. De anvendte stoffer er <a href=\"https:\/\/www.oeko-tex.com\/en\/our-standards\/oeko-tex-standard-100\">Oeko-Tex-certificerede<\/a>. Se vores <a href=\"https:\/\/pjama.eu\/da\/stoerrelsesguide-til-sengevaedningsbukser\/\">st\u00f8rrelsesguide<\/a> for at finde den rigtige st\u00f8rrelse og se, hvor meget hver st\u00f8rrelse kan absorbere.    \n\nHar du brug for en st\u00f8rre st\u00f8rrelse? G\u00e5 p\u00e5 opdagelse i vores <a href=\"https:\/\/pjama.eu\/da\/sengevaedningsprodukter-til-voksne\/\">sortiment for voksne<\/a> og f\u00e5 samme beskyttelse og komfort i st\u00f8rre st\u00f8rrelser. \n<h4 style=\"color: #072130\">Perfekt til overnatning<\/h4>\nB\u00f8rn, der lider af sengev\u00e6dning, kan f\u00f8le sig utrygge ved at sove uden for hjemmet, f.eks. ved overnatninger eller aktiviteter, der kr\u00e6ver overnatning. Med Pjama Protect Sengev\u00e6dningsshorts B\u00f8rn kan dit barn f\u00f8le sig sikker takket v\u00e6re det diskrete udseende og den beskyttelse, shortsene giver. \n<h4 style=\"color: #072130\">Nem pleje<\/h4>\nPjama Protect Sengev\u00e6dningsshorts B\u00f8rn kan maskinvaskes ved 60\u00b0C og t\u00f8rretumbles. Bem\u00e6rk: Shortsene kan v\u00e6re l\u00e6ngere tid om at t\u00f8rre p\u00e5 grund af den absorberende funktion.\nS\u00f8rg for at vende vrangen ud p\u00e5 t\u00f8jet, n\u00e5r du vasker det, for at hj\u00e6lpe med at presse fugten ud. De er holdbare og \u00f8konomiske, en perfekt l\u00f8sning til b\u00f8rn, der er begyndt at tisse i sengen om natten. <b>Pjama garanterer mindst 100 vaske og op til 4 m\u00e5neders regelm\u00e6ssig brug, n\u00e5r den plejes i henhold til vores vaskeanvisninger.<\/b><span style=\"font-weight: 400\">\n<\/span><a href=\"https:\/\/pjama.eu\/da\/pjama-vaskeanvisning\/\">L\u00e6s hele plejevejledningen her.<\/a>\n<h4 style=\"color: #072130\">Tips til at h\u00e5ndtere sengev\u00e6dning<\/h4>\nPraktisk hj\u00e6lp til t\u00f8r s\u00f8vn\n<ul>\n \t<li><strong>Brug Pjama Protect Sengev\u00e6dningsshorts b\u00f8rn:<\/strong> Et enkelt og behageligt hj\u00e6lpemiddel\ntil at holde sengen t\u00f8r b\u00e5de hjemme og under overnatninger. Perfekt til at undg\u00e5 besv\u00e6ret med at\nskifte senget\u00f8j midt om natten og give dit barn tryghed og komfort. <\/li>\n<\/ul>\nProdukter til behandling af sengev\u00e6dning\n<ul>\n \t<li><a href=\"https:\/\/pjama.eu\/da\/traadloes-sengevaedningsalarm\/\">Pjama Sengev\u00e6dningsalarm<\/a>: Effektiv til behandling af sengev\u00e6dning ved at hj\u00e6lpe dit barn med at udvikle bedre bl\u00e6rekontrol og etablere natlige rutiner.<\/li>\n \t<li><a href=\"https:\/\/pjama.eu\/da\/sengevaedningsalarm-app\/\">DryGuardians app:<\/a> Spor fremskridt og f\u00e5 indsigt i behandlingens effektivitet. Appen letter ogs\u00e5 kommunikationen med plejepersonalet. <\/li>\n<\/ul>\nUanset om du er p\u00e5 udkig efter et hj\u00e6lpemiddel eller et behandlingsprodukt, er det vigtigt at have en \u00e5ben kommunikation. Tal \u00e5bent om sengev\u00e6dning for at reducere stress og skamf\u00f8lelse. Det kan st\u00f8tte dit barns udvikling og \u00f8ge dets f\u00f8lelse af sikkerhed i forbindelse med sengev\u00e6dning.  \n<h4 style=\"color: #072130\">Hvad er natlig enuresis?<\/h4>\nSengev\u00e6dning, ogs\u00e5 kendt som natlig <em>enuresis<\/em>, opst\u00e5r, n\u00e5r b\u00f8rn tisser i sengen om natten. Det er et almindeligt problem, is\u00e6r blandt drenge, og rammer millioner af b\u00f8rn verden over. Husk: Det er ikke barnets skyld, og det b\u00f8r ikke f\u00f8re til skam eller straf.\nHar du brug for mere vejledning?\n\nDu er velkommen til at kontakte din sygeplejerske eller l\u00e6ge, hvis du har sp\u00f8rgsm\u00e5l om sengev\u00e6dning eller har brug for mere information om mulige behandlingsmuligheder. At s\u00f8ge professionel hj\u00e6lp kan v\u00e6re et vigtigt skridt i retning af at st\u00f8tte dit barn p\u00e5 den bedst mulige m\u00e5de. \n\n<footer>\u00a9 2024 Pjama.<\/footer>","_et_gb_content_width":""},"product_brand":[],"product_cat":[154,156,211],"product_tag":[],"class_list":{"0":"post-11891","1":"product","2":"type-product","3":"status-publish","4":"has-post-thumbnail","6":"product_cat-pjama-original-da","7":"product_cat-born","8":"product_cat-pjamaprotect_2025","9":"product_shipping_class-eu-da","10":"pa_size-3-4-ar","11":"pa_size-alder-10-12-ar","12":"pa_size-alder-5-6-ar","13":"pa_size-alder-6-8-ar","14":"pa_size-alder-8-10-ar","15":"pa_size-lille","17":"first","18":"instock","19":"taxable","20":"shipping-taxable","21":"purchasable","22":"product-type-variable"},"composite_virtual":false,"composite_layout":"","composite_add_to_cart_form_location":"","composite_editable_in_cart":false,"composite_sold_individually_context":"","composite_shop_price_calc":"","composite_components":[],"composite_scenarios":[],"_links":{"self":[{"href":"https:\/\/pjama.eu\/da\/wp-json\/wp\/v2\/product\/11891","targetHints":{"allow":["GET"]}}],"collection":[{"href":"https:\/\/pjama.eu\/da\/wp-json\/wp\/v2\/product"}],"about":[{"href":"https:\/\/pjama.eu\/da\/wp-json\/wp\/v2\/types\/product"}],"wp:featuredmedia":[{"embeddable":true,"href":"https:\/\/pjama.eu\/da\/wp-json\/wp\/v2\/media\/31292"}],"wp:attachment":[{"href":"https:\/\/pjama.eu\/da\/wp-json\/wp\/v2\/media?parent=11891"}],"wp:term":[{"taxonomy":"product_brand","embeddable":true,"href":"https:\/\/pjama.eu\/da\/wp-json\/wp\/v2\/product_brand?post=11891"},{"taxonomy":"product_cat","embeddable":true,"href":"https:\/\/pjama.eu\/da\/wp-json\/wp\/v2\/product_cat?post=11891"},{"taxonomy":"product_tag","embeddable":true,"href":"https:\/\/pjama.eu\/da\/wp-json\/wp\/v2\/product_tag?post=11891"}],"curies":[{"name":"wp","href":"https:\/\/api.w.org\/{rel}","templated":true}]}}