{"id":36562,"date":"2022-12-15T14:22:15","date_gmt":"2022-12-15T13:22:15","guid":{"rendered":"https:\/\/pjama.eu\/product\/pjama-vibrerende-alarmur-pink\/"},"modified":"2026-05-10T10:44:59","modified_gmt":"2026-05-10T08:44:59","slug":"vibrerende-alarmur-lyseroed","status":"publish","type":"product","link":"https:\/\/pjama.eu\/da\/vare\/vibrerende-alarmur-lyseroed\/","title":{"rendered":"Pjama Vibrerende Alarmur &#8211; Pink"},"content":{"rendered":"<h3 style=\"color: #d35917;\">Pjama Vibrerende Alarmur Pink<\/h3>\n<p>Et stilfuldt og moderne pink vibrerende alarmur, der bruges ved urinl\u00e6kage i dagtimerne som en p\u00e5mindelse om at g\u00e5 p\u00e5 toilettet eller til andre p\u00e5mindelser. Alarmen kan indstilles til op til 8 intervaller pr. dag. B\u00e5ndet er lavet af bl\u00f8d og fleksibel silikone, der kan justeres til den rigtige st\u00f8rrelse. Pjama Vibrerende Alarmur Pink har en digital LED-sk\u00e6rm. Dette vibrerende ur er ogs\u00e5 ideelt som p\u00e5mindelsesv\u00e6rkt\u00f8j for b\u00f8rn. <\/p>\n<p>Uret viser tiden ligesom et almindeligt ur. Pjama Vibrerende Alarmur Pink bruges til at minde b\u00f8rn eller voksne om at t\u00f8mme bl\u00e6ren i l\u00f8bet af dagen eller til at minde dem om andre n\u00f8dvendige opgaver. Det fungerer som et vibrerende armb\u00e5ndsur til praktisk og diskret brug i hverdagen. <\/p>\n<h4 style=\"color: #072130;\">Daglig brug<\/h4>\n<p>Det lyser\u00f8de vibrerende alarmur kan bruges af b\u00f8rn og voksne, der lider af urinl\u00e6kage i dagtimerne og har brug for p\u00e5mindelser om at g\u00e5 p\u00e5 toilettet.<\/p>\n<ul>\n<li>Tryk \u00e9n gang p\u00e5 Time\/Alarm-knappen for at f\u00e5 vist klokkesl\u00e6ttet.<\/li>\n<li>Tryk to gange p\u00e5 Time\/Alarm-knappen for at kontrollere batteriets opladning (fra 0 til 100 %).<\/li>\n<li>Vibrationen kan stoppes med det samme ved at trykke p\u00e5 en knap, eller den stopper automatisk efter 60 sekunder.<\/li>\n<\/ul>\n<p>Dette vibrerende ur til b\u00f8rn giver feedback gennem diskrete vibrationer, der minder dem om toiletbes\u00f8g.<\/p>\n<h4 style=\"color: #072130;\">Opladning af uret<\/h4>\n<p>Tag det Pjama Vibrerende Alarmur ud af silikoneetuiet, og tilslut urets USB-port til din powerbank (5V) eller b\u00e6rbare computer. N\u00e5r USB-kablet er tilsluttet, indikerer et bl\u00e5t lys, at det oplader. N\u00e5r uret er fuldt opladet (100 %), forbliver den bl\u00e5 indikatorlampe t\u00e6ndt.   Batteriet i et fuldt opladet ur kan holde i 6-15 dage. Dette vibrerende ur er designet til at v\u00e6re holdbart og nemt at bruge for b\u00e5de b\u00f8rn og voksne.<\/p>\n<h4 style=\"color: #072130;\">Detaljer<\/h4>\n<p>Str\u00f8mkilde: DC 5V, Opladningsindgang: Micro USB, Driftstemperatur: 0 til 45\u00b0 Celcius.<\/p>\n<h4 style=\"color: #072130;\">Tips til b\u00f8rn med urininkontinens i dagtimerne<\/h4>\n<p>Uheld i dagtimerne hos b\u00f8rn er almindelige. Omkring 3-4% af b\u00f8rn mellem 3 og 12 \u00e5r oplever regelm\u00e6ssig urinl\u00e6kage i dagtimerne, men det kan forsvinde med den rette st\u00f8tte. <\/p>\n<ul>\n<li>Opfordr barnet til at g\u00e5 p\u00e5 toilettet regelm\u00e6ssigt, ogs\u00e5 selv om det ikke f\u00f8ler behov for det.<\/li>\n<li>Planl\u00e6g faste tidspunkter for toiletbes\u00f8g, og s\u00f8rg for, at barnet t\u00f8mmer sin bl\u00e6re helt.<\/li>\n<li>En urindagbog kan hj\u00e6lpe med at spore m\u00f8nstre og forbedre kontrollen over vandladningen.<\/li>\n<li>Straf aldrig barnet for uheld &#8211; opmuntr det og opbyg dets selvtillid.<\/li>\n<li>S\u00f8rg for, at barnet drikker nok til at opretholde en god v\u00e6skebalance og lette toiletbes\u00f8g.<\/li>\n<li>Et vibrerende armb\u00e5ndsur kan v\u00e6re et nyttigt redskab til at minde barnet om at g\u00e5 p\u00e5 toilettet, is\u00e6r n\u00e5r du ikke kan v\u00e6re der til at minde det personligt.<\/li>\n<\/ul>\n<h4 style=\"color: #072130;\">Hvis dit barn tisser i sengen om natten<\/h4>\n<p>Den medicinske betegnelse for sengev\u00e6dning er natlig enuresis. Eksperter ansl\u00e5r, at op mod 160 millioner mennesker p\u00e5 verdensplan lider af sengev\u00e6dning. Sengev\u00e6dning kan p\u00e5virke familier betydeligt, men der er tips til, hvordan man kan h\u00e5ndtere problemet. Her er nogle nyttige forslag: <\/p>\n<ul>\n<li>Sengev\u00e6dning er ikke dit barns skyld. Lad v\u00e6re med at straffe eller drille dem. <\/li>\n<li>Lad barnet drikke s\u00e5 meget, som det har lyst til. Svensk forskning har vist, at dette har ringe effekt p\u00e5 behandlinger med Sengev\u00e6dningsalarmer. <\/li>\n<li>Brug <a href=\"https:\/\/pjama.eu\/da\/sengevaedningsbukser\/\">Pjama<\/a>, n\u00e5r barnet sover, b\u00e5de hjemme og ude.<\/li>\n<li>Brug Pjama Vibrerende Alarmur Pink ved urinl\u00e6kage i dagtimerne.<\/li>\n<li>Download vores <a href=\"https:\/\/pjama.eu\/da\/sengevaedningsalarm-app\/\">DryGuardians-app<\/a> for at bruge kalenderen og f\u00f8lge fremskridt. Det vil ogs\u00e5 v\u00e6re nyttigt, hvis du kontakter en l\u00e6ge. <\/li>\n<li>Tal om det! Mange voksne og b\u00f8rn lider af sengev\u00e6dning, men ingen taler om det. <\/li>\n<\/ul>\n<h4 style=\"color: #072130;\">Vil du vide mere?<\/h4>\n<p>Du kan l\u00e6se mere om sengev\u00e6dning p\u00e5 vores side: <a href=\"https:\/\/pjama.eu\/da\/hvad-er-enuresis\/\">Hvad er enuresis?<\/a><\/p>\n","protected":false},"excerpt":{"rendered":"<h4><span data-sheets-root=\"1\">Diskret vibrerende alarmur i pink &#8211; p\u00e5mindelser i dagtimerne om toiletbes\u00f8g eller medicinering<\/span><\/h4>\n<p>Et stilfuldt og moderne pink vibrerende alarmur, der bruges ved urinl\u00e6kage i dagtimerne som en p\u00e5mindelse om at g\u00e5 p\u00e5 toilettet eller til andre p\u00e5mindelser.<\/p>\n<ul>\n<li>Digital LED-sk\u00e6rm.<\/li>\n<li>Uret viser tiden ligesom et almindeligt ur.<\/li>\n<li>Alarmen kan indstilles til op til 8 alarmintervaller pr. dag.<\/li>\n<li>B\u00e5ndet er lavet af bl\u00f8d og fleksibel silikone, der kan justeres til den rigtige st\u00f8rrelse.<\/li>\n<li>Opladet med mikro-USB.<\/li>\n<li>Et fuldt opladet batteri kan holde mellem 6 og 15 dage.<\/li>\n<\/ul>\n<p>N\u00e5r der ikke l\u00e6ngere er brug for uret som p\u00e5mindelse om toiletbes\u00f8g, kan det bruges som et almindeligt armb\u00e5ndsur.<\/p>\n","protected":false},"featured_media":22901,"template":"","meta":{"_et_pb_use_builder":"","_et_pb_old_content":"","_et_gb_content_width":""},"product_brand":[],"product_cat":[181,156,213],"product_tag":[],"class_list":{"0":"post-36562","1":"product","2":"type-product","3":"status-publish","4":"has-post-thumbnail","6":"product_cat-ur-med-vibrationsalarm","7":"product_cat-born","8":"product_cat-tilbehor_2025","9":"product_shipping_class-eu-da","11":"first","12":"instock","13":"taxable","14":"shipping-taxable","15":"purchasable","16":"product-type-simple"},"composite_virtual":false,"composite_layout":"","composite_add_to_cart_form_location":"","composite_editable_in_cart":false,"composite_sold_individually_context":"","composite_shop_price_calc":"","composite_components":[],"composite_scenarios":[],"_links":{"self":[{"href":"https:\/\/pjama.eu\/da\/wp-json\/wp\/v2\/product\/36562","targetHints":{"allow":["GET"]}}],"collection":[{"href":"https:\/\/pjama.eu\/da\/wp-json\/wp\/v2\/product"}],"about":[{"href":"https:\/\/pjama.eu\/da\/wp-json\/wp\/v2\/types\/product"}],"wp:featuredmedia":[{"embeddable":true,"href":"https:\/\/pjama.eu\/da\/wp-json\/wp\/v2\/media\/22901"}],"wp:attachment":[{"href":"https:\/\/pjama.eu\/da\/wp-json\/wp\/v2\/media?parent=36562"}],"wp:term":[{"taxonomy":"product_brand","embeddable":true,"href":"https:\/\/pjama.eu\/da\/wp-json\/wp\/v2\/product_brand?post=36562"},{"taxonomy":"product_cat","embeddable":true,"href":"https:\/\/pjama.eu\/da\/wp-json\/wp\/v2\/product_cat?post=36562"},{"taxonomy":"product_tag","embeddable":true,"href":"https:\/\/pjama.eu\/da\/wp-json\/wp\/v2\/product_tag?post=36562"}],"curies":[{"name":"wp","href":"https:\/\/api.w.org\/{rel}","templated":true}]}}