{"id":23990,"date":"2025-10-01T19:58:33","date_gmt":"2025-10-01T17:58:33","guid":{"rendered":"https:\/\/pjama.eu\/zubehoer\/"},"modified":"2026-03-26T10:12:03","modified_gmt":"2026-03-26T09:12:03","slug":"taginkontinenz-bei-kindern","status":"publish","type":"page","link":"https:\/\/pjama.eu\/de\/taginkontinenz-bei-kindern\/","title":{"rendered":"Zubeh\u00f6r"},"content":{"rendered":"<p>[et_pb_section fb_built=&#8220;1&#8243; custom_padding_last_edited=&#8220;on|tablet&#8220; _builder_version=&#8220;4.27.4&#8243; background_color=&#8220;gcid-5eef58f4-760a-49fb-ad33-042d93415a96&#8243; custom_padding=&#8220;7%||0%||false|false&#8220; custom_padding_tablet=&#8220;||7%||false|false&#8220; custom_padding_phone=&#8220;&#8220; top_divider_height_tablet=&#8220;&#8220; top_divider_height_phone=&#8220;&#8220; top_divider_height_last_edited=&#8220;on|tablet&#8220; bottom_divider_color=&#8220;rgba(0,0,0,0)&#8220; bottom_divider_height=&#8220;154px&#8220; bottom_divider_height_tablet=&#8220;202px&#8220; bottom_divider_height_phone=&#8220;&#8220; bottom_divider_height_last_edited=&#8220;on|desktop&#8220; da_disable_devices=&#8220;off|off|off&#8220; collapsed=&#8220;off&#8220; global_colors_info=&#8220;{%22gcid-5eef58f4-760a-49fb-ad33-042d93415a96%22:%91%22background_color%22%93}&#8220; da_is_popup=&#8220;off&#8220; da_exit_intent=&#8220;off&#8220; da_has_close=&#8220;on&#8220; da_alt_close=&#8220;off&#8220; da_dark_close=&#8220;off&#8220; da_not_modal=&#8220;on&#8220; da_is_singular=&#8220;off&#8220; da_with_loader=&#8220;off&#8220; da_has_shadow=&#8220;on&#8220;][et_pb_row _builder_version=&#8220;4.22.1&#8243; custom_margin=&#8220;10px|auto|-20px|auto|false|false&#8220; custom_padding=&#8220;0px||0px||false|false&#8220; global_colors_info=&#8220;{}&#8220;][et_pb_column type=&#8220;4_4&#8243; _builder_version=&#8220;4.16&#8243; global_colors_info=&#8220;{}&#8220;][et_pb_text _builder_version=&#8220;4.27.4&#8243; header_text_color=&#8220;#D35917&#8243; header_font_size=&#8220;40px&#8220; header_2_font_size=&#8220;75px&#8220; background_layout=&#8220;dark&#8220; custom_margin=&#8220;15px||10px||false|false&#8220; custom_padding=&#8220;0px||0px||false|false&#8220; header_font_size_tablet=&#8220;40px&#8220; header_font_size_phone=&#8220;25px&#8220; header_font_size_last_edited=&#8220;on|phone&#8220; header_2_font_size_tablet=&#8220;75px&#8220; header_2_font_size_phone=&#8220;40px&#8220; header_2_font_size_last_edited=&#8220;on|phone&#8220; global_colors_info=&#8220;{}&#8220;]<\/p>\n<h1 class=\"hero\">Zubeh\u00f6r<\/h1>\n<h2 class=\"et_pb_module_heading\">VIBRATIONSALARM-UHR: DISKRETE HILFE GEGEN EINN\u00c4SSEN AM TAG<\/h2>\n<p>[\/et_pb_text][\/et_pb_column][\/et_pb_row][\/et_pb_section][et_pb_section fb_built=&#8220;1&#8243; _builder_version=&#8220;4.27.4&#8243; background_enable_color=&#8220;off&#8220; custom_margin=&#8220;0px||0px||false|false&#8220; custom_margin_tablet=&#8220;-60px||||false|false&#8220; custom_margin_last_edited=&#8220;off|desktop&#8220; custom_padding=&#8220;120px||0px||false|false&#8220; top_divider_style=&#8220;asymmetric&#8220; top_divider_color=&#8220;gcid-5eef58f4-760a-49fb-ad33-042d93415a96&#8243; top_divider_height=&#8220;150px&#8220; top_divider_height_tablet=&#8220;65px&#8220; top_divider_height_phone=&#8220;33px&#8220; top_divider_height_last_edited=&#8220;on|phone&#8220; da_disable_devices=&#8220;off|off|off&#8220; collapsed=&#8220;on&#8220; global_colors_info=&#8220;{%22gcid-5eef58f4-760a-49fb-ad33-042d93415a96%22:%91%22top_divider_color%22%93}&#8220; da_is_popup=&#8220;off&#8220; da_exit_intent=&#8220;off&#8220; da_has_close=&#8220;on&#8220; da_alt_close=&#8220;off&#8220; da_dark_close=&#8220;off&#8220; da_not_modal=&#8220;on&#8220; da_is_singular=&#8220;off&#8220; da_with_loader=&#8220;off&#8220; da_has_shadow=&#8220;on&#8220;][et_pb_row column_structure=&#8220;1_2,1_2&#8243; _builder_version=&#8220;4.27.4&#8243; _module_preset=&#8220;default&#8220; global_colors_info=&#8220;{}&#8220;][et_pb_column type=&#8220;1_2&#8243; _builder_version=&#8220;4.27.4&#8243; _module_preset=&#8220;default&#8220; global_colors_info=&#8220;{}&#8220;][et_pb_image src=&#8220;https:\/\/pjama.eu\/wp-content\/uploads\/Pjama-Accessories-watch.jpg&#8220; alt=&#8220;Pjama Bettn\u00e4sser Zubeh\u00f6r&#8220; title_text=&#8220;Pjama Zubeh\u00f6r Uhr&#8220; _builder_version=&#8220;4.27.4&#8243; _module_preset=&#8220;default&#8220; transform_scale=&#8220;120%|120%&#8220; transform_scale_tablet=&#8220;120%|120%&#8220; transform_scale_phone=&#8220;100%|100%&#8220; transform_scale_last_edited=&#8220;on|phone&#8220; transform_translate=&#8220;31px|85px&#8220; transform_translate_tablet=&#8220;31px|85px&#8220; transform_translate_phone=&#8220;32px|-10px&#8220; transform_translate_last_edited=&#8220;on|phone&#8220; transform_rotate_tablet=&#8220;&#8220; transform_rotate_phone=&#8220;&#8220; transform_rotate_last_edited=&#8220;on|phone&#8220; transform_skew_tablet=&#8220;&#8220; transform_skew_phone=&#8220;&#8220; transform_skew_last_edited=&#8220;on|phone&#8220; transform_origin_tablet=&#8220;&#8220; transform_origin_phone=&#8220;&#8220; transform_origin_last_edited=&#8220;on|phone&#8220; transform_styles_last_edited=&#8220;on|phone&#8220; custom_margin_tablet=&#8220;&#8220; custom_margin_phone=&#8220;0px||||false|false&#8220; custom_margin_last_edited=&#8220;on|phone&#8220; transform_styles_tablet=&#8220;&#8220; transform_styles_phone=&#8220;&#8220; border_radii=&#8220;on|10px|10px|10px|10px&#8220; global_colors_info=&#8220;{}&#8220;][\/et_pb_image][\/et_pb_column][et_pb_column type=&#8220;1_2&#8243; _builder_version=&#8220;4.27.4&#8243; _module_preset=&#8220;default&#8220; global_colors_info=&#8220;{}&#8220;][et_pb_text _builder_version=&#8220;4.27.6&#8243; text_font=&#8220;&#8211;et_global_body_font|&#8211;et_global_heading_font_weight|||||||&#8220; header_text_color=&#8220;gcid-2352d280-fe84-43b1-a71e-f400c35a526a&#8220; header_2_text_color=&#8220;#D35917&#8243; header_3_text_color=&#8220;gcid-5eef58f4-760a-49fb-ad33-042d93415a96&#8243; custom_padding=&#8220;|5%||5%|false|false&#8220; global_colors_info=&#8220;{%22gcid-2352d280-fe84-43b1-a71e-f400c35a526a%22:%91%22header_text_color%22%93,%22gcid-5eef58f4-760a-49fb-ad33-042d93415a96%22:%91%22header_3_text_color%22%93}&#8220;]<\/p>\n<h3 style=\"text-align: center;\">DISKRETE TOILETTENERINNERUNG<\/h3>\n<h2 style=\"text-align: center;\">HILFE BEI TAGINKONTINENZ BEI KINDERN<\/h2>\n<p>Die Pjama Vibrationsalarm-Uhr ist die ideale L\u00f6sung bei Taginkontinenz bei Kindern. Sie erinnert diskret per Vibration an regelm\u00e4\u00dfige Toiletteng\u00e4nge, um Einn\u00e4ssen am Tag zuverl\u00e4ssig vorzubeugen. Besonders in der Schule st\u00e4rkt die lautlose Uhr das Selbstbewusstsein, da sie \u00e4u\u00dferlich nicht als Hilfsmittel erkennbar ist. Eine komfortable Erg\u00e4nzung zur Pjama DryGuardians Methode f\u00fcr mehr Sicherheit im Alltag. <\/p>\n<p>&nbsp;<\/p>\n<ul>\n<li>Digitale LED-Anzeige &#8211; zeigt die Zeit wie eine normale Uhr an.<\/li>\n<li>Bis zu 8 t\u00e4gliche Alarme &#8211; stellen Sie Erinnerungen f\u00fcr Toiletteng\u00e4nge, Medikamente oder Routineabl\u00e4ufe ein.<\/li>\n<li>Weiches Silikonband &#8211; flexibel, verstellbar und bequem f\u00fcr ganzt\u00e4giges Tragen.<\/li>\n<li>Wiederaufladbar \u00fcber Micro USB &#8211; schnelles und einfaches Aufladen.<\/li>\n<li>Lange Akkulaufzeit &#8211; h\u00e4lt 6-15 Tage mit einer vollen Ladung.<\/li>\n<\/ul>\n<p>[\/et_pb_text][et_pb_button button_url=&#8220;https:\/\/pjama.eu\/de\/hilfsmittel-bei-bettnaessen\/&#8220; button_text=&#8220;Hier kaufen&#8220; button_alignment=&#8220;center&#8220; _builder_version=&#8220;4.27.6&#8243; _module_preset=&#8220;default&#8220; custom_button=&#8220;on&#8220; button_bg_color=&#8220;#61A2DF&#8220; button_border_color=&#8220;#F8F8F8&#8243; button_border_radius=&#8220;10px&#8220; button_font=&#8220;&#8211;et_global_body_font|700|||||||&#8220; button_text_shadow_style=&#8220;preset1&#8243; box_shadow_style=&#8220;preset2&#8243; global_colors_info=&#8220;{}&#8220;][\/et_pb_button][\/et_pb_column][\/et_pb_row][\/et_pb_section][et_pb_section fb_built=&#8220;1&#8243; _builder_version=&#8220;4.27.4&#8243; _module_preset=&#8220;default&#8220; da_disable_devices=&#8220;off|off|off&#8220; global_colors_info=&#8220;{}&#8220; da_is_popup=&#8220;off&#8220; da_exit_intent=&#8220;off&#8220; da_has_close=&#8220;on&#8220; da_alt_close=&#8220;off&#8220; da_dark_close=&#8220;off&#8220; da_not_modal=&#8220;on&#8220; da_is_singular=&#8220;off&#8220; da_with_loader=&#8220;off&#8220; da_has_shadow=&#8220;on&#8220;][et_pb_row column_structure=&#8220;1_4,1_4,1_4,1_4&#8243; _builder_version=&#8220;4.27.4&#8243; _module_preset=&#8220;default&#8220; global_colors_info=&#8220;{}&#8220;][et_pb_column type=&#8220;1_4&#8243; _builder_version=&#8220;4.27.4&#8243; _module_preset=&#8220;default&#8220; global_colors_info=&#8220;{}&#8220;][et_pb_image src=&#8220;https:\/\/pjama.eu\/wp-content\/uploads\/Vibrerande-Alarm-klocka-mo\u0308rkbla\u030a.jpg&#8220; alt=&#8220;Uhr mit Vibrationsalarm&#8220; title_text=&#8220;Diskrete Uhr bei Taginkontinenz \u2013 Blau&#8220; _builder_version=&#8220;4.27.4&#8243; _module_preset=&#8220;default&#8220; border_radii=&#8220;on|10px|10px|10px|10px&#8220; global_colors_info=&#8220;{}&#8220;][\/et_pb_image][et_pb_text _builder_version=&#8220;4.27.4&#8243; _module_preset=&#8220;default&#8220; header_3_text_color=&#8220;gcid-5eef58f4-760a-49fb-ad33-042d93415a96&#8243; global_colors_info=&#8220;{%22gcid-5eef58f4-760a-49fb-ad33-042d93415a96%22:%91%22header_3_text_color%22%93}&#8220;]<\/p>\n<h3><span>Vibrationalarm-Uhr &#8211; <\/span>blau<\/h3>\n<p>[\/et_pb_text][et_pb_text _builder_version=&#8220;4.27.6&#8243; _module_preset=&#8220;default&#8220; text_font=&#8220;&#8211;et_global_body_font|&#8211;et_global_heading_font_weight|||||||&#8220; global_colors_info=&#8220;{}&#8220;]<\/p>\n<p>Eine stilvolle Vibrationsalarm-Uhr, die Sie an Toiletteng\u00e4nge oder t\u00e4gliche Routinen erinnert.<br data-start=\"987\" data-end=\"990\">Wenn die Erinnerung nicht mehr ben\u00f6tigt wird, kann sie als normale Armbanduhr verwendet werden.<\/p>\n<p>[\/et_pb_text][\/et_pb_column][et_pb_column type=&#8220;1_4&#8243; _builder_version=&#8220;4.27.4&#8243; _module_preset=&#8220;default&#8220; global_colors_info=&#8220;{}&#8220;][et_pb_image src=&#8220;https:\/\/pjama.eu\/wp-content\/uploads\/Vibrerande-Alarm-klocka-rosa.jpg&#8220; alt=&#8220;Schutz des Bettzeugs&#8220; title_text=&#8220;Vibrationsuhr Toilettengang&#8220; _builder_version=&#8220;4.27.6&#8243; _module_preset=&#8220;default&#8220; border_radii=&#8220;on|10px|10px|10px|10px&#8220; global_colors_info=&#8220;{}&#8220;][\/et_pb_image][et_pb_text _builder_version=&#8220;4.27.4&#8243; _module_preset=&#8220;default&#8220; header_3_text_color=&#8220;gcid-5eef58f4-760a-49fb-ad33-042d93415a96&#8243; global_colors_info=&#8220;{%22gcid-5eef58f4-760a-49fb-ad33-042d93415a96%22:%91%22header_3_text_color%22%93}&#8220;]<\/p>\n<h3><span>Vibrationsalarm-Uhr &#8211; <\/span>rosa<\/h3>\n<p>[\/et_pb_text][et_pb_text _builder_version=&#8220;4.27.6&#8243; _module_preset=&#8220;default&#8220; text_font=&#8220;&#8211;et_global_body_font|&#8211;et_global_heading_font_weight|||||||&#8220; global_colors_info=&#8220;{}&#8220;]<\/p>\n<p>Eine stilvolle Vibrationsalarm-Uhr, die Sie an Toiletteng\u00e4nge oder t\u00e4gliche Routinen erinnert.<br data-start=\"987\" data-end=\"990\">Wenn die Erinnerung nicht mehr ben\u00f6tigt wird, kann sie als normale Armbanduhr verwendet werden.<\/p>\n<p>[\/et_pb_text][\/et_pb_column][et_pb_column type=&#8220;1_4&#8243; _builder_version=&#8220;4.27.4&#8243; _module_preset=&#8220;default&#8220; global_colors_info=&#8220;{}&#8220;][et_pb_image src=&#8220;https:\/\/pjama.eu\/wp-content\/uploads\/Vibrerande-Alarm-klocka-svart.jpg&#8220; alt=&#8220;SCHUTZ F\u00dcR KOPFKISSEN UND KOPFKISSENBEZUG IN 1&#8243; title_text=&#8220;Vibrationsuhr Toilettengang&#8220; _builder_version=&#8220;4.27.6&#8243; _module_preset=&#8220;default&#8220; border_radii=&#8220;on|9px|9px|9px|9px&#8220; global_colors_info=&#8220;{}&#8220;][\/et_pb_image][et_pb_text _builder_version=&#8220;4.27.4&#8243; _module_preset=&#8220;default&#8220; header_3_text_color=&#8220;gcid-5eef58f4-760a-49fb-ad33-042d93415a96&#8243; global_colors_info=&#8220;{%22gcid-5eef58f4-760a-49fb-ad33-042d93415a96%22:%91%22header_3_text_color%22%93}&#8220;]<\/p>\n<h3><span>Pjama Vibrationsalarm-Uhr &#8211; Schwarz<\/span><\/h3>\n<p>[\/et_pb_text][et_pb_text _builder_version=&#8220;4.27.6&#8243; _module_preset=&#8220;default&#8220; text_font=&#8220;&#8211;et_global_body_font|&#8211;et_global_heading_font_weight|||||||&#8220; global_colors_info=&#8220;{}&#8220;]<\/p>\n<p>Eine stilvolle Vibrationsalarm-Uhr, die Sie an Toiletteng\u00e4nge oder t\u00e4gliche Routinen erinnert.<br data-start=\"987\" data-end=\"990\">Wenn die Erinnerung nicht mehr ben\u00f6tigt wird, kann sie als normale Armbanduhr verwendet werden.<\/p>\n<p>[\/et_pb_text][\/et_pb_column][et_pb_column type=&#8220;1_4&#8243; _builder_version=&#8220;4.27.6&#8243; _module_preset=&#8220;default&#8220; global_colors_info=&#8220;{}&#8220;][et_pb_image src=&#8220;https:\/\/pjama.eu\/wp-content\/uploads\/pjama-vibrating-alarm-watch-lightblue.jpg.jpg&#8220; alt=&#8220;Pjama Vibrationsalarm-Uhr hellblau f\u00fcr das Toilettentraining oder zur Erinnerung an Medikamente.&#8220; title_text=&#8220;Vibrationsuhr Toilettengang Hellblau&#8220; _builder_version=&#8220;4.27.6&#8243; _module_preset=&#8220;default&#8220; border_radii=&#8220;on|9px|9px|9px|9px&#8220; global_colors_info=&#8220;{}&#8220;][\/et_pb_image][et_pb_text _builder_version=&#8220;4.27.6&#8243; _module_preset=&#8220;default&#8220; header_text_color=&#8220;#D35917&#8243; header_3_text_color=&#8220;gcid-5eef58f4-760a-49fb-ad33-042d93415a96&#8243; global_colors_info=&#8220;{%22gcid-5eef58f4-760a-49fb-ad33-042d93415a96%22:%91%22header_3_text_color%22%93}&#8220;]<\/p>\n<h3>Pjama Vibrationsalarm-Uhr &#8211; Hellblau<\/h3>\n<p>[\/et_pb_text][et_pb_text _builder_version=&#8220;4.27.6&#8243; _module_preset=&#8220;default&#8220; text_font=&#8220;&#8211;et_global_body_font|&#8211;et_global_heading_font_weight|||||||&#8220; global_colors_info=&#8220;{}&#8220;]<\/p>\n<p>Eine elegante Vibrationsalarm-Uhr, die Sie an Toiletteng\u00e4nge oder t\u00e4gliche Routinen erinnert.<br data-start=\"987\" data-end=\"990\">Wenn die Erinnerung nicht mehr ben\u00f6tigt wird, kann sie als normale Armbanduhr verwendet werden.<\/p>\n<p>[\/et_pb_text][\/et_pb_column][\/et_pb_row][\/et_pb_section][et_pb_section fb_built=&#8220;1&#8243; _builder_version=&#8220;4.27.4&#8243; _module_preset=&#8220;default&#8220; background_color=&#8220;gcid-5eef58f4-760a-49fb-ad33-042d93415a96&#8243; da_disable_devices=&#8220;off|off|off&#8220; global_colors_info=&#8220;{%22gcid-5eef58f4-760a-49fb-ad33-042d93415a96%22:%91%22background_color%22%93}&#8220; da_is_popup=&#8220;off&#8220; da_exit_intent=&#8220;off&#8220; da_has_close=&#8220;on&#8220; da_alt_close=&#8220;off&#8220; da_dark_close=&#8220;off&#8220; da_not_modal=&#8220;on&#8220; da_is_singular=&#8220;off&#8220; da_with_loader=&#8220;off&#8220; da_has_shadow=&#8220;on&#8220;][et_pb_row _builder_version=&#8220;4.22.1&#8243; custom_margin=&#8220;10px|auto|-20px|auto|false|false&#8220; custom_padding=&#8220;0px||0px||false|false&#8220; global_colors_info=&#8220;{}&#8220;][et_pb_column type=&#8220;4_4&#8243; _builder_version=&#8220;4.16&#8243; global_colors_info=&#8220;{}&#8220;][et_pb_text _builder_version=&#8220;4.27.5&#8243; header_text_color=&#8220;#D35917&#8243; header_font_size=&#8220;40px&#8220; header_2_font_size=&#8220;75px&#8220; background_layout=&#8220;dark&#8220; custom_margin=&#8220;15px||10px||false|false&#8220; custom_padding=&#8220;0px||0px||false|false&#8220; header_font_size_tablet=&#8220;40px&#8220; header_font_size_phone=&#8220;25px&#8220; header_font_size_last_edited=&#8220;on|phone&#8220; header_2_font_size_tablet=&#8220;75px&#8220; header_2_font_size_phone=&#8220;40px&#8220; header_2_font_size_last_edited=&#8220;on|phone&#8220; global_colors_info=&#8220;{}&#8220;]<\/p>\n<h1 class=\"hero\">Zubeh\u00f6r f\u00fcr Kinder mit Taginkontinenz<\/h1>\n<h2>Wasserdichte Nasstasche f\u00fcr Kleidung &amp; Hilfsmittel<\/h2>\n<p>[\/et_pb_text][\/et_pb_column][\/et_pb_row][\/et_pb_section][et_pb_section fb_built=&#8220;1&#8243; _builder_version=&#8220;4.27.4&#8243; _module_preset=&#8220;default&#8220; background_color=&#8220;gcid-2352d280-fe84-43b1-a71e-f400c35a526a&#8220; top_divider_style=&#8220;asymmetric&#8220; top_divider_color=&#8220;gcid-5eef58f4-760a-49fb-ad33-042d93415a96&#8243; da_disable_devices=&#8220;off|off|off&#8220; global_colors_info=&#8220;{%22gcid-5eef58f4-760a-49fb-ad33-042d93415a96%22:%91%22top_divider_color%22%93}&#8220; da_is_popup=&#8220;off&#8220; da_exit_intent=&#8220;off&#8220; da_has_close=&#8220;on&#8220; da_alt_close=&#8220;off&#8220; da_dark_close=&#8220;off&#8220; da_not_modal=&#8220;on&#8220; da_is_singular=&#8220;off&#8220; da_with_loader=&#8220;off&#8220; da_has_shadow=&#8220;on&#8220;][et_pb_row _builder_version=&#8220;4.27.4&#8243; _module_preset=&#8220;default&#8220; global_colors_info=&#8220;{}&#8220;][et_pb_column type=&#8220;4_4&#8243; _builder_version=&#8220;4.27.4&#8243; _module_preset=&#8220;default&#8220; global_colors_info=&#8220;{}&#8220;][\/et_pb_column][\/et_pb_row][et_pb_row column_structure=&#8220;2_5,3_5&#8243; _builder_version=&#8220;4.27.4&#8243; _module_preset=&#8220;default&#8220; global_colors_info=&#8220;{}&#8220;][et_pb_column type=&#8220;2_5&#8243; _builder_version=&#8220;4.27.4&#8243; _module_preset=&#8220;default&#8220; global_colors_info=&#8220;{}&#8220;][et_pb_image src=&#8220;https:\/\/pjama.eu\/wp-content\/uploads\/Accessories-bag-e1694758915793-2.jpg&#8220; alt=&#8220;Pjama-Zubeh\u00f6r&#8220; title_text=&#8220;Zubeh\u00f6r-tasche-e1694758915793-2&#8243; _builder_version=&#8220;4.27.4&#8243; _module_preset=&#8220;default&#8220; border_radii=&#8220;on|10px|10px|10px|10px&#8220; global_colors_info=&#8220;{}&#8220;][\/et_pb_image][\/et_pb_column][et_pb_column type=&#8220;3_5&#8243; _builder_version=&#8220;4.27.4&#8243; _module_preset=&#8220;default&#8220; global_colors_info=&#8220;{}&#8220;][et_pb_text _builder_version=&#8220;4.27.4&#8243; _module_preset=&#8220;default&#8220; header_2_text_color=&#8220;#D35917&#8243; header_3_text_color=&#8220;gcid-5eef58f4-760a-49fb-ad33-042d93415a96&#8243; global_colors_info=&#8220;{%22gcid-5eef58f4-760a-49fb-ad33-042d93415a96%22:%91%22header_3_text_color%22%93}&#8220;]<\/p>\n<h3><strong data-start=\"1212\" data-end=\"1259\">Diskretion bei Taginkontinenz <\/strong><\/h3>\n<h2><strong data-start=\"1212\" data-end=\"1259\">Sicherer Schutz f\u00fcr die Schule<\/strong><\/h2>\n<p>[\/et_pb_text][et_pb_text _builder_version=&#8220;4.27.6&#8243; _module_preset=&#8220;default&#8220; text_font=&#8220;&#8211;et_global_body_font|&#8211;et_global_heading_font_weight|||||||&#8220; global_colors_info=&#8220;{}&#8220;]<\/p>\n<p>Perfekt f\u00fcr den Transport von Pjama-Schlafanz\u00fcgen oder nasser Kleidung auf Reisen, in Ferienlagern oder bei \u00dcbernachtungen. Hergestellt aus wasserdichtem Material, das Feuchtigkeit und Ger\u00fcche abh\u00e4lt. Waschbar bei bis zu 90\u00b0C, langlebig und f\u00fcr den wiederholten Gebrauch konzipiert.<br \/>Entdecken Sie weiteres Zubeh\u00f6r bei Taginkontinenz bei Kindern in unserem Shop \u2013 f\u00fcr einen sorgenfreien Alltag und maximale Diskretion unterwegs.  <br \/><br data-start=\"592\" data-end=\"595\">Die Tasche kommt ohne Aufdruck f\u00fcr einen dezenteren, unauff\u00e4lligeren Look &#8211; sorglos mit Pjama!<\/p>\n<p>[\/et_pb_text][et_pb_button button_url=&#8220;https:\/\/pjama.eu\/de\/hilfsmittel-bei-bettnaessen\/&#8220; button_text=&#8220;Zum Shop f\u00fcr Behandlungshosen&#8220; button_alignment=&#8220;center&#8220; _builder_version=&#8220;4.27.6&#8243; custom_button=&#8220;on&#8220; button_bg_color=&#8220;#61A2DF&#8220; button_border_color=&#8220;#F8F8F8&#8243; button_border_radius=&#8220;10px&#8220; button_font=&#8220;&#8211;et_global_body_font|700|||||||&#8220; button_use_icon=&#8220;off&#8220; button_text_shadow_style=&#8220;preset1&#8243; box_shadow_style=&#8220;preset2&#8243; global_colors_info=&#8220;{}&#8220; button_bg_color__hover_enabled=&#8220;on|hover&#8220; button_bg_color__hover=&#8220;rgba(31,68,139,0.8)&#8220; button_bg_enable_color__hover=&#8220;on&#8220;][\/et_pb_button][\/et_pb_column][\/et_pb_row][\/et_pb_section]<\/p>\n","protected":false},"excerpt":{"rendered":"<p>Zubeh\u00f6r VIBRATIONSALARM-UHR: DISKRETE HILFE GEGEN EINN\u00c4SSEN AM TAGDISKRETE TOILETTENERINNERUNG HILFE BEI TAGINKONTINENZ BEI KINDERN Die Pjama Vibrationsalarm-Uhr ist die ideale L\u00f6sung bei Taginkontinenz bei Kindern. Sie erinnert diskret per Vibration an regelm\u00e4\u00dfige Toiletteng\u00e4nge, um Einn\u00e4ssen am Tag zuverl\u00e4ssig vorzubeugen. Besonders in der Schule st\u00e4rkt die lautlose Uhr das Selbstbewusstsein, da sie \u00e4u\u00dferlich nicht als Hilfsmittel [&hellip;]<\/p>\n","protected":false},"author":33,"featured_media":27847,"parent":0,"menu_order":0,"comment_status":"closed","ping_status":"closed","template":"","meta":{"_et_pb_use_builder":"on","_et_pb_old_content":"","_et_gb_content_width":"","footnotes":""},"class_list":["post-23990","page","type-page","status-publish","has-post-thumbnail","hentry"],"_links":{"self":[{"href":"https:\/\/pjama.eu\/de\/wp-json\/wp\/v2\/pages\/23990","targetHints":{"allow":["GET"]}}],"collection":[{"href":"https:\/\/pjama.eu\/de\/wp-json\/wp\/v2\/pages"}],"about":[{"href":"https:\/\/pjama.eu\/de\/wp-json\/wp\/v2\/types\/page"}],"author":[{"embeddable":true,"href":"https:\/\/pjama.eu\/de\/wp-json\/wp\/v2\/users\/33"}],"replies":[{"embeddable":true,"href":"https:\/\/pjama.eu\/de\/wp-json\/wp\/v2\/comments?post=23990"}],"version-history":[{"count":24,"href":"https:\/\/pjama.eu\/de\/wp-json\/wp\/v2\/pages\/23990\/revisions"}],"predecessor-version":[{"id":35210,"href":"https:\/\/pjama.eu\/de\/wp-json\/wp\/v2\/pages\/23990\/revisions\/35210"}],"wp:featuredmedia":[{"embeddable":true,"href":"https:\/\/pjama.eu\/de\/wp-json\/wp\/v2\/media\/27847"}],"wp:attachment":[{"href":"https:\/\/pjama.eu\/de\/wp-json\/wp\/v2\/media?parent=23990"}],"curies":[{"name":"wp","href":"https:\/\/api.w.org\/{rel}","templated":true}]}}