{"id":23994,"date":"2023-09-15T16:07:23","date_gmt":"2023-09-15T14:07:23","guid":{"rendered":"https:\/\/pjama.eu\/bettnaessen-shop-erwachsene\/"},"modified":"2026-03-24T10:48:00","modified_gmt":"2026-03-24T09:48:00","slug":"bettnaessen-erwachsene","status":"publish","type":"page","link":"https:\/\/pjama.eu\/de\/bettnaessen-erwachsene\/","title":{"rendered":"Bettn\u00e4ssen Shop Erwachsene"},"content":{"rendered":"<p>[et_pb_section fb_built=&#8220;1&#8243; _builder_version=&#8220;4.27.4&#8243; _module_preset=&#8220;default&#8220; background_color=&#8220;#072130&#8243; use_background_color_gradient=&#8220;on&#8220; background_color_gradient_stops=&#8220;#072130 0%|rgba(248,248,248,0) 99%&#8220; background_color_gradient_overlays_image=&#8220;on&#8220; background_image=&#8220;https:\/\/pjama.eu\/wp-content\/uploads\/Blue_shorts_adult-1-1.jpg&#8220; da_disable_devices=&#8220;off|off|off&#8220; global_colors_info=&#8220;{}&#8220; da_is_popup=&#8220;off&#8220; da_exit_intent=&#8220;off&#8220; da_has_close=&#8220;on&#8220; da_alt_close=&#8220;off&#8220; da_dark_close=&#8220;off&#8220; da_not_modal=&#8220;on&#8220; da_is_singular=&#8220;off&#8220; da_with_loader=&#8220;off&#8220; da_has_shadow=&#8220;on&#8220;][et_pb_row column_structure=&#8220;3_5,2_5&#8243; _builder_version=&#8220;4.27.4&#8243; _module_preset=&#8220;default&#8220; global_colors_info=&#8220;{}&#8220;][et_pb_column type=&#8220;3_5&#8243; _builder_version=&#8220;4.27.4&#8243; _module_preset=&#8220;default&#8220; global_colors_info=&#8220;{}&#8220;][et_pb_heading title=&#8220;Pjama L\u00f6sungen gegen Bettn\u00e4ssen f\u00fcr Erwachsene&#8220; _builder_version=&#8220;4.27.5&#8243; _module_preset=&#8220;default&#8220; title_text_color=&#8220;#F8F8F8&#8243; global_colors_info=&#8220;{}&#8220;][\/et_pb_heading][et_pb_text _builder_version=&#8220;4.27.6&#8243; _module_preset=&#8220;default&#8220; text_font=&#8220;&#8211;et_global_body_font|&#8211;et_global_heading_font_weight|||||||&#8220; text_text_color=&#8220;#F8F8F8&#8243; text_font_size=&#8220;15px&#8220; custom_margin=&#8220;||0px||false|false&#8220; hover_enabled=&#8220;0&#8243; text_text_shadow_style=&#8220;preset1&#8243; global_colors_info=&#8220;{}&#8220; sticky_enabled=&#8220;0&#8243;]<\/p>\n<p><span style=\"font-weight: 400;\">Bettn\u00e4ssen bei Erwachsenen diskret l\u00f6sen: Komfort und Schutz f\u00fcr ruhige N\u00e4chte.<\/span><\/p>\n<p data-start=\"412\" data-end=\"836\"><span style=\"font-weight: 400;\">Entdecken Sie Pjama L\u00f6sungen bei Bettn\u00e4ssen f\u00fcr Erwachsene \u2013 wo diskreter Schutz auf h\u00f6chste Saugf\u00e4higkeit trifft.<br data-start=\"493\" data-end=\"496\">Mit Pjama Protect Sleepwear k\u00f6nnen Erwachsene beruhigt sein, da sie wissen, dass sie einen weichen, atmungsaktiven und saugf\u00e4higen Schutz haben, der das Bett sowohl zu Hause als auch auf Reisen trocken h\u00e4lt.<br data-start=\"664\" data-end=\"667\">Die Kleidungsst\u00fccke sind diskret, rascheln nicht und sehen aus und f\u00fchlen sich an wie normale Pyjamahosen oder -shorts &#8211; eine einfache, waschbare und nachhaltige Alternative zu Einwegprodukten.<\/span><\/p>\n<p><span style=\"font-weight: 400;\">Wenn Sie bereit sind, mit der Behandlung zu beginnen, bietet das Pjama DryGuardians System einen intelligenten und effektiven Weg nach vorn.<\/span><span style=\"font-weight: 400;\"><br \/><\/span><span style=\"font-weight: 400;\">Verwenden Sie den DryGuardians Bettn\u00e4sser-Alarm und die <a href=\"https:\/\/pjama.eu\/de\/bettnaesser-alarm-app\/\">DryGuardians App<\/a> f\u00fcr ein gef\u00fchrtes, personalisiertes Training, um dauerhaft trocken zu werden.<\/span><\/p>\n<p><span style=\"font-weight: 400;\">F\u00fcr zus\u00e4tzlichen Schutz w\u00e4hrend der Behandlung k\u00f6nnen Sie Ihre Unterw\u00e4sche unter der Pjama Protect Nachtw\u00e4sche tragen oder Pjama Protect Bettw\u00e4sche f\u00fcr zus\u00e4tzliche Sicherheit hinzuf\u00fcgen.<\/span><\/p>\n<p><span style=\"font-weight: 400;\"><span data-sheets-root=\"1\">Pjamas Bettn\u00e4sserprodukte f\u00fcr Erwachsene bieten diskreten<\/span>Schutz. Intelligente Behandlung. Vertrauen, wiederhergestellt.  <\/span><\/p>\n<p>&nbsp;<\/p>\n<p>&nbsp;<\/p>\n<p>[\/et_pb_text][\/et_pb_column][et_pb_column type=&#8220;2_5&#8243; _builder_version=&#8220;4.27.4&#8243; _module_preset=&#8220;default&#8220; global_colors_info=&#8220;{}&#8220;][et_pb_video src=&#8220;https:\/\/pjama.eu\/wp-content\/uploads\/Pjama-for-bedwetters-US.mp4&#8243; image_src=&#8220;https:\/\/pjama.eu\/wp-content\/uploads\/Pjama_saengvaetning_anvaendning.jpg&#8220; _builder_version=&#8220;4.27.4&#8243; _module_preset=&#8220;default&#8220; border_width_all=&#8220;5px&#8220; border_color_all=&#8220;#F8F8F8&#8243; global_colors_info=&#8220;{}&#8220;][\/et_pb_video][\/et_pb_column][\/et_pb_row][\/et_pb_section][et_pb_section fb_built=&#8220;1&#8243; _builder_version=&#8220;4.16&#8243; background_color=&#8220;rgba(0,0,0,0)&#8220; custom_margin_tablet=&#8220;-60px||||false|false&#8220; custom_margin_last_edited=&#8220;off|desktop&#8220; custom_padding=&#8220;48px|||||&#8220; da_disable_devices=&#8220;off|off|off&#8220; collapsed=&#8220;off&#8220; global_colors_info=&#8220;{}&#8220; da_is_popup=&#8220;off&#8220; da_exit_intent=&#8220;off&#8220; da_has_close=&#8220;on&#8220; da_alt_close=&#8220;off&#8220; da_dark_close=&#8220;off&#8220; da_not_modal=&#8220;on&#8220; da_is_singular=&#8220;off&#8220; da_with_loader=&#8220;off&#8220; da_has_shadow=&#8220;on&#8220;][et_pb_row custom_padding_last_edited=&#8220;on|phone&#8220; _builder_version=&#8220;4.19.3&#8243; background_size=&#8220;initial&#8220; background_position=&#8220;top_left&#8220; background_repeat=&#8220;repeat&#8220; custom_margin=&#8220;5%||||false|false&#8220; custom_padding=&#8220;0px||60px|||&#8220; custom_padding_tablet=&#8220;||60px||false|false&#8220; custom_padding_phone=&#8220;&#8220; global_colors_info=&#8220;{}&#8220;][et_pb_column type=&#8220;4_4&#8243; _builder_version=&#8220;4.16&#8243; custom_padding=&#8220;|||&#8220; global_colors_info=&#8220;{}&#8220; custom_padding__hover=&#8220;|||&#8220;][et_pb_shop type=&#8220;product_category&#8220; include_categories=&#8220;45&#8243; icon_hover_color=&#8220;RGBA(255,255,255,0)&#8220; hover_overlay_color=&#8220;rgba(31,68,139,0.5)&#8220; _builder_version=&#8220;4.27.6&#8243; _module_preset=&#8220;default&#8220; title_font=&#8220;||||||||&#8220; title_text_color=&#8220;gcid-5eef58f4-760a-49fb-ad33-042d93415a96&#8243; price_font=&#8220;&#8211;et_global_body_font||||||||&#8220; border_radii=&#8220;on|7px|7px|7px|7px&#8220; global_colors_info=&#8220;{%22gcid-5eef58f4-760a-49fb-ad33-042d93415a96%22:%91%22title_text_color%22%93}&#8220;][\/et_pb_shop][et_pb_button button_url=&#8220;@ET-DC@eyJkeW5hbWljIjp0cnVlLCJjb250ZW50IjoicG9zdF9saW5rX3VybF9wYWdlIiwic2V0dGluZ3MiOnsicG9zdF9pZCI6IjI2MjQ2IiwiZW5hYmxlX2h0bWwiOiJvZmYifX0=@&#8220; button_text=&#8220;PRODUKTE GEGEN BETTN\u00c4SSEN ENTDECKEN&#8220; button_alignment=&#8220;center&#8220; _builder_version=&#8220;4.27.6&#8243; _dynamic_attributes=&#8220;button_url&#8220; _module_preset=&#8220;default&#8220; custom_button=&#8220;on&#8220; button_bg_color=&#8220;#61A2DF&#8220; button_border_color=&#8220;#F8F8F8&#8243; button_border_radius=&#8220;10px&#8220; button_font=&#8220;&#8211;et_global_body_font|700|||||||&#8220; button_text_shadow_style=&#8220;preset1&#8243; box_shadow_style=&#8220;preset3&#8243; box_shadow_color=&#8220;#1F448B&#8220; global_colors_info=&#8220;{}&#8220;][\/et_pb_button][\/et_pb_column][\/et_pb_row][et_pb_row _builder_version=&#8220;4.27.6&#8243; _module_preset=&#8220;default&#8220; global_colors_info=&#8220;{}&#8220;][et_pb_column type=&#8220;4_4&#8243; _builder_version=&#8220;4.27.6&#8243; _module_preset=&#8220;default&#8220; global_colors_info=&#8220;{}&#8220;][et_pb_text _builder_version=&#8220;4.27.6&#8243; _module_preset=&#8220;default&#8220; text_font=&#8220;&#8211;et_global_body_font|&#8211;et_global_heading_font_weight|||||||&#8220; header_2_text_color=&#8220;#D35917&#8243; header_3_text_color=&#8220;#072130&#8243; global_colors_info=&#8220;{}&#8220;]<\/p>\n<h3><b>Bettn\u00e4ssen bei Erwachsenen: Ursachen &amp; Hilfe<\/b><\/h3>\n<h2><b>Bettn\u00e4ssen Erwachsene \u2013 Was ist n\u00e4chtliche Enuresis?<\/b><\/h2>\n<p>Bettn\u00e4ssen wird oft mit der Kindheit in Verbindung gebracht, aber n\u00e4chtliches Einn\u00e4ssen bei Erwachsenen ist h\u00e4ufiger, als vielen Menschen bewusst ist. Millionen von Erwachsenen in ganz Europa leiden irgendwann in ihrem Leben unter n\u00e4chtlichem Blasenausfluss, sei es aufgrund von Erkrankungen, Stress, Nebenwirkungen von Medikamenten, Schlafst\u00f6rungen oder Ver\u00e4nderungen der Blasenfunktion. <\/p>\n<p>Da das Thema selten offen angesprochen wird, haben viele Erwachsene das Gef\u00fchl, dass sie das Problem privat behandeln m\u00fcssen. Gl\u00fccklicherweise bieten moderne Bettn\u00e4sserprodukte f\u00fcr Erwachsene diskrete und effektive L\u00f6sungen, die einen ungest\u00f6rten Schlaf erm\u00f6glichen. <\/p>\n<p>Unser Ansatz bei Pjama konzentriert sich auf Vertrauen, Komfort und langfristige L\u00f6sungen. Ganz gleich, ob Sie einen zuverl\u00e4ssigen Schutz f\u00fcr die Nacht ben\u00f6tigen oder bereit sind, eine aktive Behandlung zu beginnen, unser Sortiment an waschbaren Bettn\u00e4sserprodukten wurde entwickelt, um einen besseren Schlaf und eine bessere Lebensqualit\u00e4t zu erm\u00f6glichen. <\/p>\n<p>[\/et_pb_text][\/et_pb_column][\/et_pb_row][et_pb_row _builder_version=&#8220;4.27.6&#8243; _module_preset=&#8220;default&#8220; global_colors_info=&#8220;{}&#8220;][et_pb_column type=&#8220;4_4&#8243; _builder_version=&#8220;4.27.6&#8243; _module_preset=&#8220;default&#8220; global_colors_info=&#8220;{}&#8220;][et_pb_text _builder_version=&#8220;4.27.6&#8243; _module_preset=&#8220;default&#8220; text_font=&#8220;&#8211;et_global_body_font|&#8211;et_global_heading_font_weight|||||||&#8220; header_2_text_color=&#8220;#D35917&#8243; header_3_text_color=&#8220;#072130&#8243; global_colors_info=&#8220;{}&#8220;]<\/p>\n<h3><b>Vorteile waschbarer Produkte gegen Bettn\u00e4ssen f\u00fcr Erwachsene<\/b><\/h3>\n<h2><b>Bettn\u00e4ssen Erwachsene: Zuverl\u00e4ssiger Schutz f\u00fcr die Nacht<\/b><\/h2>\n<p>Viele Erwachsene versuchen es zun\u00e4chst mit Einweg-Inkontinenzprodukten, aber waschbare Alternativen bieten mehrere wichtige Vorteile. Wiederverwendbare Nachtw\u00e4sche f\u00fcr Bettn\u00e4sser sieht aus wie ein normaler Schlafanzug und f\u00fchlt sich auch so an, bietet aber die f\u00fcr den Schutz \u00fcber Nacht erforderliche Saugf\u00e4higkeit. <\/p>\n<p>Im Gegensatz zu Wegwerfprodukten, die Windeln \u00e4hneln, bietet Pjama Protect Sleepwear eine diskrete und bequeme L\u00f6sung, die sich ganz nat\u00fcrlich in Ihre n\u00e4chtliche Routine integrieren l\u00e4sst.<\/p>\n<p>Pjama Protect Bettn\u00e4sserhosen (Protect und Pjama DryGuardians) bestehen aus weichem Tencel\u2122 mit einer atmungsaktiven, wasserdichten Membran und hochabsorbierenden Schichten, die die Feuchtigkeit zur\u00fcckhalten. Alle Textilien sind <a href=\"https:\/\/www.oeko-tex.com\/en\/our-standards\/oeko-tex-standard-100\" target=\"_blank\" rel=\"noopener\">\u00d6ko-Tex-zertifiziert<\/a> und erf\u00fcllen die h\u00f6chsten Standards f\u00fcr Sicherheit und Hautfreundlichkeit. <\/p>\n<p>[\/et_pb_text][et_pb_text _builder_version=&#8220;4.27.6&#8243; _module_preset=&#8220;default&#8220; text_font=&#8220;&#8211;et_global_body_font|&#8211;et_global_heading_font_weight|||||||&#8220; header_2_text_color=&#8220;#D35917&#8243; header_3_text_color=&#8220;#072130&#8243; custom_padding=&#8220;5px|5px||5px|false|false&#8220; border_radii=&#8220;on|5px|5px|5px|5px&#8220; border_width_all=&#8220;2px&#8220; border_color_all=&#8220;#D35917&#8243; global_colors_info=&#8220;{}&#8220;]<\/p>\n<p><strong><b>Vergleich: Waschbare vs. Einweg-Produkte bei Bettn\u00e4ssen f\u00fcr Erwachsene<\/b><\/strong><\/p>\n<table>\n<tbody>\n<tr>\n<td><b>Merkmal<\/b><\/td>\n<td><b>Pjama Waschbare Nachtw\u00e4sche<\/b><\/td>\n<td><b>Wegwerfbare Produkte<\/b><\/td>\n<\/tr>\n<tr>\n<td><span style=\"font-weight: 400;\">Erscheinungsbild<\/span><\/td>\n<td><span style=\"font-weight: 400;\">Sieht aus wie eine normale Pyjama-Hose<\/span><\/td>\n<td><span style=\"font-weight: 400;\">Windel\u00e4hnlicher Schutz<\/span><\/td>\n<\/tr>\n<tr>\n<td><span style=\"font-weight: 400;\">Komfort<\/span><\/td>\n<td><span style=\"font-weight: 400;\">Weicher, atmungsaktiver Nachtw\u00e4sche-Stoff<\/span><\/td>\n<td><span style=\"font-weight: 400;\">Materialien auf Kunststoffbasis<\/span><\/td>\n<\/tr>\n<tr>\n<td><span style=\"font-weight: 400;\">L\u00e4rm<\/span><\/td>\n<td><span style=\"font-weight: 400;\">Ger\u00e4uschlos und ohne Rascheln<\/span><\/td>\n<td><span style=\"font-weight: 400;\">Kann knisternde Ger\u00e4usche erzeugen<\/span><\/td>\n<\/tr>\n<tr>\n<td>Nachhaltigkeit<\/td>\n<td><span style=\"font-weight: 400;\">Wiederverwendbar f\u00fcr bis zu 100 Waschg\u00e4nge<\/span><\/td>\n<td><span style=\"font-weight: 400;\">Einweg-Abfall<\/span><\/td>\n<p>\n<\/tr>\n<tr>\n<td><span style=\"font-weight: 400;\">Langfristige Kosten<\/span><\/td>\n<td><span style=\"font-weight: 400;\">Langfristig kosteneffektiv<\/span><\/td>\n<td><span style=\"font-weight: 400;\">Kontinuierliche monatliche K\u00e4ufe<\/span><\/td>\n<\/tr>\n<tr>\n<td><span style=\"font-weight: 400;\">Vertrauen<\/span><\/td>\n<td><span style=\"font-weight: 400;\">Unauff\u00e4llig und privat<\/span><\/td>\n<td><span style=\"font-weight: 400;\">Oft sichtbar oder sperrig<\/span><\/td>\n<\/tr>\n<\/tbody>\n<\/table>\n<p>[\/et_pb_text][et_pb_text _builder_version=&#8220;4.27.6&#8243; _module_preset=&#8220;default&#8220; text_font=&#8220;&#8211;et_global_body_font|&#8211;et_global_heading_font_weight|||||||&#8220; global_colors_info=&#8220;{}&#8220;]<\/p>\n<p>F\u00fcr viele Erwachsene ist der gr\u00f6\u00dfte Vorteil die Diskretion. Da Pjama-Produkte f\u00fcr Bettn\u00e4sser wie normale Nachtw\u00e4sche aussehen, k\u00f6nnen Sie Ihre Privatsph\u00e4re bewahren, egal ob Sie zu Hause, bei einem Partner oder auf Reisen schlafen. <\/p>\n<p>[\/et_pb_text][\/et_pb_column][\/et_pb_row][et_pb_row _builder_version=&#8220;4.27.6&#8243; _module_preset=&#8220;default&#8220; global_colors_info=&#8220;{}&#8220;][et_pb_column type=&#8220;4_4&#8243; _builder_version=&#8220;4.27.6&#8243; _module_preset=&#8220;default&#8220; global_colors_info=&#8220;{}&#8220;][et_pb_text _builder_version=&#8220;4.27.6&#8243; _module_preset=&#8220;default&#8220; text_font=&#8220;&#8211;et_global_body_font|&#8211;et_global_heading_font_weight|||||||&#8220; header_2_text_color=&#8220;#D35917&#8243; header_3_text_color=&#8220;#072130&#8243; global_colors_info=&#8220;{}&#8220;]<\/p>\n<h3><b>Bettn\u00e4ssen Erwachsene: Diskrete L\u00f6sungen im Alltag<\/b><\/h3>\n<h2><b>Bettn\u00e4ssen bei Erwachsenen: Diskretion auf Reisen und bei Partnern<\/b><\/h2>\n<p>Zuverl\u00e4ssige Bettn\u00e4sserprodukte sollten sich an das wirkliche Leben anpassen. Erwachsene brauchen oft L\u00f6sungen, die in verschiedenen Situationen funktionieren, ohne Aufmerksamkeit zu erregen. <\/p>\n<p><strong>Zu Hause<br \/><\/strong>Viele Erwachsene bevorzugen einen Schutz, der es ihnen erm\u00f6glicht, bequem zu schlafen, ohne sich Gedanken \u00fcber den Wechsel der Bettw\u00e4sche oder die St\u00f6rung des Partners zu machen. Waschbare Nachtw\u00e4sche bietet zuverl\u00e4ssige Saugf\u00e4higkeit \u00fcber Nacht, ohne den Komfort eines normalen Schlafanzugs zu verlieren. <\/p>\n<p><strong>Reisen und \u00dcbernachtungen<br \/><\/strong>Das Reisen mit Einwegprodukten kann unangenehm und auff\u00e4llig sein. Waschbare Bettn\u00e4sserprodukte f\u00fcr Erwachsene bieten eine diskrete Alternative, die leicht ins Gep\u00e4ck passt und wie normale Nachtw\u00e4sche aussieht. <\/p>\n<p><strong>Genesung oder vor\u00fcbergehende Zust\u00e4nde<br \/><\/strong>Bettn\u00e4ssen kann manchmal w\u00e4hrend der Genesung von Operationen, Krankheiten oder Stressphasen auftreten. In diesen F\u00e4llen bietet wiederverwendbare Nachtw\u00e4sche zuverl\u00e4ssigen Schutz, ohne dass man sich langfristig an Einwegprodukte binden muss. <\/p>\n<p>[\/et_pb_text][\/et_pb_column][\/et_pb_row][et_pb_row _builder_version=&#8220;4.27.6&#8243; _module_preset=&#8220;default&#8220; global_colors_info=&#8220;{}&#8220;][et_pb_column type=&#8220;4_4&#8243; _builder_version=&#8220;4.27.6&#8243; _module_preset=&#8220;default&#8220; global_colors_info=&#8220;{}&#8220;][et_pb_text _builder_version=&#8220;4.27.6&#8243; _module_preset=&#8220;default&#8220; text_font=&#8220;&#8211;et_global_body_font|&#8211;et_global_heading_font_weight|||||||&#8220; header_2_text_color=&#8220;#D35917&#8243; header_3_text_color=&#8220;#072130&#8243; global_colors_info=&#8220;{}&#8220;]<\/p>\n<h3><b>Bettn\u00e4ssen Erwachsene: Finden Sie das richtige Produkt<\/b><\/h3>\n<h2><b>Hilfe gegen Bettn\u00e4ssen f\u00fcr Erwachsene: Hosen, Alarme &amp; Therapie<\/b><\/h2>\n<p>Die Wahl der richtigen L\u00f6sung h\u00e4ngt oft von Ihren Zielen und der Ursache des Bettn\u00e4ssens ab. Manche Erwachsene w\u00fcnschen sich vor allem einen diskreten Schutz f\u00fcr die Nacht, w\u00e4hrend andere nach langfristigen Behandlungsm\u00f6glichkeiten suchen. <\/p>\n<p>Nachhaltiger Schutz bei Bettn\u00e4ssen f\u00fcr Erwachsene<br \/>Pjama Protect-Schlafanz\u00fcge halten das Bett trocken und sehen dabei aus wie normale Hosen oder Shorts und f\u00fchlen sich auch so an. Diese Kleidungsst\u00fccke kombinieren saugf\u00e4hige Schichten, atmungsaktive Stoffe und wasserdichten Schutz, um einen zuverl\u00e4ssigen Schutz f\u00fcr die Nacht zu bieten. <\/p>\n<p>Sie eignen sich besonders f\u00fcr Erwachsene, die eine waschbare Alternative zu Einwegprodukten suchen<span style=\"font-weight: 400;\">, die Nacht f\u00fcr Nacht bequem bleibt.<\/span><\/p>\n<p><strong><b>Nachhaltiger Schutz bei Bettn\u00e4ssen f\u00fcr Erwachsene<\/b><\/strong><br \/>Erwachsene, die die Ursache des Bettn\u00e4ssens angehen wollen, k\u00f6nnen vom Pjama DryGuardians System profitieren. Dieses System kombiniert einen Bettn\u00e4sser-Alarm mit angeschlossener Unterw\u00e4sche und der DryGuardians Behandlungs-App. <\/p>\n<p>Die Therapie mit dem Bettn\u00e4sser-Alarm wirkt, indem sie die Reaktion des Gehirns auf Blasensignale im Schlaf verst\u00e4rkt. Mit der Zeit kann dies dazu beitragen, den K\u00f6rper darauf zu trainieren, aufzuwachen, bevor es zu einem Unfall kommt. <\/p>\n<p>Das DryGuardians-System erm\u00f6glicht es Erwachsenen, ihre Fortschritte zu verfolgen, Anleitungen zu erhalten und einem strukturierten Programm zu folgen, um dauerhaft trocken zu bleiben.<\/p>\n<p>[\/et_pb_text][\/et_pb_column][\/et_pb_row][et_pb_row _builder_version=&#8220;4.27.6&#8243; _module_preset=&#8220;default&#8220; global_colors_info=&#8220;{}&#8220;][et_pb_column type=&#8220;4_4&#8243; _builder_version=&#8220;4.27.6&#8243; _module_preset=&#8220;default&#8220; global_colors_info=&#8220;{}&#8220;][et_pb_text _builder_version=&#8220;4.27.6&#8243; _module_preset=&#8220;default&#8220; text_font=&#8220;&#8211;et_global_body_font|&#8211;et_global_heading_font_weight|||||||&#8220; header_2_text_color=&#8220;#D35917&#8243; header_3_text_color=&#8220;#072130&#8243; global_colors_info=&#8220;{}&#8220;]<\/p>\n<h3><b>Diskrete Bettn\u00e4sserl\u00f6sungen f\u00fcr Erwachsene<\/b><\/h3>\n<h2><b>Bequeme und normal aussehende Nachtw\u00e4sche<\/b><\/h2>\n<p>Bei der Suche nach Bettn\u00e4sserprodukten f\u00fcr Erwachsene sind Diskretion und Komfort oft die wichtigsten Faktoren. Erwachsene w\u00fcnschen sich einen Schutz, der sich ganz nat\u00fcrlich in ihren Lebensstil einf\u00fcgt, ohne sich medizinisch oder einschr\u00e4nkend zu f\u00fchlen. <\/p>\n<p>Die waschbare Nachtw\u00e4sche von Pjama ist auf diese Bed\u00fcrfnisse abgestimmt. Die Kleidungsst\u00fccke verwenden weiche, atmungsaktive Materialien und absorbierende Schichten, um das Bett trocken zu halten und gleichzeitig das Aussehen und das Gef\u00fchl von normaler Nachtw\u00e4sche zu erhalten. Da sie wiederverwendbar und in der Maschine waschbar sind, bieten sie auch eine nachhaltige und kosteng\u00fcnstige L\u00f6sung f\u00fcr die Zukunft.  <\/p>\n<p>F\u00fcr Erwachsene, die einen zus\u00e4tzlichen Schutz w\u00e4hrend der Behandlung w\u00fcnschen, k\u00f6nnen Pjama Protect Bettn\u00e4sser-Shorts und -Hosen + Pjama DryGuardians Unterw\u00e4sche auch zusammen mit dem DryGuardians Bettn\u00e4sser-Alarm-System verwendet werden, wodurch ein kombinierter Ansatz entsteht, der sowohl Schutz als auch Fortschritt bietet.<\/p>\n<p>[\/et_pb_text][\/et_pb_column][\/et_pb_row][et_pb_row _builder_version=&#8220;4.27.6&#8243; _module_preset=&#8220;default&#8220; global_colors_info=&#8220;{}&#8220;][et_pb_column type=&#8220;4_4&#8243; _builder_version=&#8220;4.27.6&#8243; _module_preset=&#8220;default&#8220; global_colors_info=&#8220;{}&#8220;][et_pb_text _builder_version=&#8220;4.27.6&#8243; _module_preset=&#8220;default&#8220; text_font=&#8220;&#8211;et_global_body_font|&#8211;et_global_heading_font_weight|||||||&#8220; header_2_text_color=&#8220;#D35917&#8243; header_3_text_color=&#8220;#072130&#8243; global_colors_info=&#8220;{}&#8220;]<\/p>\n<h3><b>Ein moderner Ansatz zum Umgang mit Bettn\u00e4ssen bei Erwachsenen<\/b><\/h3>\n<h2><b>Diskretion, Privatsph\u00e4re und medizinische Glaubw\u00fcrdigkeit<\/b><\/h2>\n<p>Als Erwachsener mit Bettn\u00e4ssen zu leben, kann sich isolierend anf\u00fchlen, aber es gibt wirksame L\u00f6sungen. Die heutigen Bettn\u00e4sserprodukte f\u00fcr Erwachsene vereinen Komfort, Diskretion und innovative Behandlungs- oder Benachrichtigungsoptionen, die es einfacher machen, das Selbstvertrauen zur\u00fcckzugewinnen und ruhig zu schlafen. <\/p>\n<p>Ganz gleich, ob Sie langfristig mit n\u00e4chtlicher Enuresis zu k\u00e4mpfen haben, vor\u00fcbergehende n\u00e4chtliche Unf\u00e4lle erleben oder ein Behandlungsprogramm beginnen, Pjama bietet L\u00f6sungen, die Sie auf Ihrem Weg zu einem besseren Schlaf unterst\u00fctzen.<\/p>\n<p>Mit dem waschbaren Schutz, der intelligenten Behandlungstechnologie und dem diskreten Design der Nachtw\u00e4sche helfen die Pjama Bettn\u00e4sserprodukte Erwachsenen, jede Nacht bequem und sicher zu schlafen.<\/p>\n<p>[\/et_pb_text][\/et_pb_column][\/et_pb_row][et_pb_row _builder_version=&#8220;4.27.6&#8243; _module_preset=&#8220;default&#8220; global_colors_info=&#8220;{}&#8220;][et_pb_column type=&#8220;4_4&#8243; _builder_version=&#8220;4.27.6&#8243; _module_preset=&#8220;default&#8220; global_colors_info=&#8220;{}&#8220;][et_pb_button button_url=&#8220;@ET-DC@eyJkeW5hbWljIjp0cnVlLCJjb250ZW50IjoicG9zdF9saW5rX3VybF9wYWdlIiwic2V0dGluZ3MiOnsicG9zdF9pZCI6IjI2MjQ2IiwiZW5hYmxlX2h0bWwiOiJvZmYifX0=@&#8220; button_text=&#8220;PRODUKTE GEGEN BETTN\u00c4SSEN ENTDECKEN&#8220; button_alignment=&#8220;center&#8220; _builder_version=&#8220;4.27.6&#8243; _dynamic_attributes=&#8220;button_url&#8220; _module_preset=&#8220;default&#8220; custom_button=&#8220;on&#8220; button_bg_color=&#8220;#61A2DF&#8220; button_border_color=&#8220;#F8F8F8&#8243; button_border_radius=&#8220;10px&#8220; button_font=&#8220;&#8211;et_global_body_font|700|||||||&#8220; button_text_shadow_style=&#8220;preset1&#8243; box_shadow_style=&#8220;preset3&#8243; box_shadow_color=&#8220;#1F448B&#8220; global_colors_info=&#8220;{}&#8220;][\/et_pb_button][\/et_pb_column][\/et_pb_row][\/et_pb_section]<\/p>\n","protected":false},"excerpt":{"rendered":"<p>Bettn\u00e4sserhosen, Unterw\u00e4sche und Bettn\u00e4sser-Alarme f\u00fcr Erwachsene, die einn\u00e4ssen. Machen Sie sich das Leben leichter mit unseren Bettn\u00e4sser-Produkten. <\/p>\n","protected":false},"author":33,"featured_media":28071,"parent":0,"menu_order":0,"comment_status":"closed","ping_status":"closed","template":"","meta":{"_et_pb_use_builder":"on","_et_pb_old_content":"","_et_gb_content_width":"","footnotes":""},"class_list":["post-23994","page","type-page","status-publish","has-post-thumbnail","hentry"],"_links":{"self":[{"href":"https:\/\/pjama.eu\/de\/wp-json\/wp\/v2\/pages\/23994","targetHints":{"allow":["GET"]}}],"collection":[{"href":"https:\/\/pjama.eu\/de\/wp-json\/wp\/v2\/pages"}],"about":[{"href":"https:\/\/pjama.eu\/de\/wp-json\/wp\/v2\/types\/page"}],"author":[{"embeddable":true,"href":"https:\/\/pjama.eu\/de\/wp-json\/wp\/v2\/users\/33"}],"replies":[{"embeddable":true,"href":"https:\/\/pjama.eu\/de\/wp-json\/wp\/v2\/comments?post=23994"}],"version-history":[{"count":40,"href":"https:\/\/pjama.eu\/de\/wp-json\/wp\/v2\/pages\/23994\/revisions"}],"predecessor-version":[{"id":34898,"href":"https:\/\/pjama.eu\/de\/wp-json\/wp\/v2\/pages\/23994\/revisions\/34898"}],"wp:featuredmedia":[{"embeddable":true,"href":"https:\/\/pjama.eu\/de\/wp-json\/wp\/v2\/media\/28071"}],"wp:attachment":[{"href":"https:\/\/pjama.eu\/de\/wp-json\/wp\/v2\/media?parent=23994"}],"curies":[{"name":"wp","href":"https:\/\/api.w.org\/{rel}","templated":true}]}}