{"id":23995,"date":"2025-10-01T15:08:05","date_gmt":"2025-10-01T13:08:05","guid":{"rendered":"https:\/\/pjama.eu\/schuetzende-einstreu\/"},"modified":"2026-03-22T17:34:02","modified_gmt":"2026-03-22T16:34:02","slug":"schuetzende-einstreu","status":"publish","type":"page","link":"https:\/\/pjama.eu\/de\/schuetzende-einstreu\/","title":{"rendered":"Sch\u00fctzende Einstreu"},"content":{"rendered":"<p>[et_pb_section fb_built=&#8220;1&#8243; custom_padding_last_edited=&#8220;on|tablet&#8220; _builder_version=&#8220;4.27.4&#8243; background_color=&#8220;gcid-5eef58f4-760a-49fb-ad33-042d93415a96&#8243; custom_padding=&#8220;7%||0%||false|false&#8220; custom_padding_tablet=&#8220;||7%||false|false&#8220; custom_padding_phone=&#8220;&#8220; top_divider_height_tablet=&#8220;&#8220; top_divider_height_phone=&#8220;&#8220; top_divider_height_last_edited=&#8220;on|tablet&#8220; bottom_divider_color=&#8220;rgba(0,0,0,0)&#8220; bottom_divider_height=&#8220;154px&#8220; bottom_divider_height_tablet=&#8220;202px&#8220; bottom_divider_height_phone=&#8220;&#8220; bottom_divider_height_last_edited=&#8220;on|desktop&#8220; da_disable_devices=&#8220;off|off|off&#8220; collapsed=&#8220;on&#8220; global_colors_info=&#8220;{%22gcid-5eef58f4-760a-49fb-ad33-042d93415a96%22:%91%22background_color%22%93}&#8220; da_is_popup=&#8220;off&#8220; da_exit_intent=&#8220;off&#8220; da_has_close=&#8220;on&#8220; da_alt_close=&#8220;off&#8220; da_dark_close=&#8220;off&#8220; da_not_modal=&#8220;on&#8220; da_is_singular=&#8220;off&#8220; da_with_loader=&#8220;off&#8220; da_has_shadow=&#8220;on&#8220;][et_pb_row _builder_version=&#8220;4.22.1&#8243; custom_margin=&#8220;10px|auto|-20px|auto|false|false&#8220; custom_padding=&#8220;0px||0px||false|false&#8220; global_colors_info=&#8220;{}&#8220;][et_pb_column type=&#8220;4_4&#8243; _builder_version=&#8220;4.16&#8243; global_colors_info=&#8220;{}&#8220;][et_pb_text _builder_version=&#8220;4.27.4&#8243; header_text_color=&#8220;#D35917&#8243; header_font_size=&#8220;40px&#8220; header_3_font_size=&#8220;50px&#8220; background_layout=&#8220;dark&#8220; custom_margin=&#8220;15px||10px||false|false&#8220; custom_padding=&#8220;0px||0px||false|false&#8220; header_font_tablet=&#8220;&#8220; header_font_phone=&#8220;&#8220; header_font_last_edited=&#8220;on|phone&#8220; global_colors_info=&#8220;{}&#8220;]<\/p>\n<h1 class=\"hero\">Waschbare Bettn\u00e4sserhosen &amp; Schutzbekleidung<\/h1>\n<h3 class=\"hero\">Sch\u00fctzende Einstreu<\/h3>\n<p>[\/et_pb_text][\/et_pb_column][\/et_pb_row][\/et_pb_section][et_pb_section fb_built=&#8220;1&#8243; _builder_version=&#8220;4.27.4&#8243; background_enable_color=&#8220;off&#8220; custom_margin=&#8220;0px||0px||false|false&#8220; custom_margin_tablet=&#8220;-60px||||false|false&#8220; custom_margin_last_edited=&#8220;off|desktop&#8220; custom_padding=&#8220;120px||0px||false|false&#8220; top_divider_style=&#8220;asymmetric&#8220; top_divider_color=&#8220;gcid-5eef58f4-760a-49fb-ad33-042d93415a96&#8243; top_divider_height=&#8220;150px&#8220; top_divider_height_tablet=&#8220;65px&#8220; top_divider_height_phone=&#8220;33px&#8220; top_divider_height_last_edited=&#8220;on|phone&#8220; da_disable_devices=&#8220;off|off|off&#8220; collapsed=&#8220;on&#8220; global_colors_info=&#8220;{%22gcid-5eef58f4-760a-49fb-ad33-042d93415a96%22:%91%22top_divider_color%22%93}&#8220; da_is_popup=&#8220;off&#8220; da_exit_intent=&#8220;off&#8220; da_has_close=&#8220;on&#8220; da_alt_close=&#8220;off&#8220; da_dark_close=&#8220;off&#8220; da_not_modal=&#8220;on&#8220; da_is_singular=&#8220;off&#8220; da_with_loader=&#8220;off&#8220; da_has_shadow=&#8220;on&#8220;][et_pb_row column_structure=&#8220;1_2,1_2&#8243; _builder_version=&#8220;4.27.4&#8243; _module_preset=&#8220;default&#8220; global_colors_info=&#8220;{}&#8220;][et_pb_column type=&#8220;1_2&#8243; _builder_version=&#8220;4.27.4&#8243; _module_preset=&#8220;default&#8220; global_colors_info=&#8220;{}&#8220;][et_pb_image src=&#8220;https:\/\/pjama.eu\/wp-content\/uploads\/Gosedjur-i-sang-1.jpg&#8220; alt=&#8220;Pjama-Bettw\u00e4sche&#8220; title_text=&#8220;Gosedjur-i-sang (1)&#8220; _builder_version=&#8220;4.27.4&#8243; _module_preset=&#8220;default&#8220; custom_margin_tablet=&#8220;&#8220; custom_margin_phone=&#8220;0px||||false|false&#8220; custom_margin_last_edited=&#8220;on|phone&#8220; border_radii=&#8220;on|10px|10px|10px|10px&#8220; global_colors_info=&#8220;{}&#8220;][\/et_pb_image][\/et_pb_column][et_pb_column type=&#8220;1_2&#8243; _builder_version=&#8220;4.27.4&#8243; _module_preset=&#8220;default&#8220; global_colors_info=&#8220;{}&#8220;][et_pb_text _builder_version=&#8220;4.27.6&#8243; text_font=&#8220;&#8211;et_global_body_font|&#8211;et_global_heading_font_weight|||||||&#8220; header_text_color=&#8220;gcid-5eef58f4-760a-49fb-ad33-042d93415a96&#8243; header_2_text_color=&#8220;#D35917&#8243; header_3_text_color=&#8220;gcid-5eef58f4-760a-49fb-ad33-042d93415a96&#8243; custom_padding=&#8220;|5%||5%|false|false&#8220; global_colors_info=&#8220;{%22gcid-5eef58f4-760a-49fb-ad33-042d93415a96%22:%91%22header_text_color%22,%22header_3_text_color%22%93}&#8220;]<\/p>\n<h3><strong>BEQUEME BETTW\u00c4SCHE MIT INTEGRIERTEM SCHUTZ<\/strong><\/h3>\n<h2>SCHUTZ&amp;BLATT IN 1<\/h2>\n<p>Pjama Protect Bettwaren vereinen Komfort und Schutz in einem. Unsere Laken und Bez\u00fcge sind angenehm weich, w\u00e4hrend die wasserdichte Barriere verhindert, dass Fl\u00fcssigkeit auf die Matratze gelangt. Sie sind diskret, waschbar und langlebig und bieten Nacht f\u00fcr Nacht zuverl\u00e4ssigen Schutz &#8211; ohne zus\u00e4tzlichen Aufwand. Perfekt f\u00fcr Kinder, Erwachsene und Familien, die einen ruhigen und ungest\u00f6rten Schlaf w\u00fcnschen.   <\/p>\n<p>[\/et_pb_text][et_pb_button button_url=&#8220;https:\/\/pjama.eu\/de\/bettnaesserhosen\/&#8220; button_text=&#8220;Behandlungshose gegen Bettn\u00e4ssen kaufen&#8220; button_alignment=&#8220;center&#8220; _builder_version=&#8220;4.27.6&#8243; _module_preset=&#8220;default&#8220; custom_button=&#8220;on&#8220; button_bg_color=&#8220;#61A2DF&#8220; button_border_color=&#8220;#F8F8F8&#8243; button_border_radius=&#8220;10px&#8220; button_font=&#8220;&#8211;et_global_body_font|700|||||||&#8220; button_text_shadow_style=&#8220;preset1&#8243; box_shadow_style=&#8220;preset2&#8243; global_colors_info=&#8220;{}&#8220;][\/et_pb_button][\/et_pb_column][\/et_pb_row][\/et_pb_section][et_pb_section fb_built=&#8220;1&#8243; custom_padding_last_edited=&#8220;on|phone&#8220; _builder_version=&#8220;4.27.4&#8243; _module_preset=&#8220;default&#8220; background_color=&#8220;#FFFFFF&#8220; custom_padding_tablet=&#8220;&#8220; custom_padding_phone=&#8220;0px||0px||false|false&#8220; da_disable_devices=&#8220;off|off|off&#8220; global_colors_info=&#8220;{}&#8220; da_is_popup=&#8220;off&#8220; da_exit_intent=&#8220;off&#8220; da_has_close=&#8220;on&#8220; da_alt_close=&#8220;off&#8220; da_dark_close=&#8220;off&#8220; da_not_modal=&#8220;on&#8220; da_is_singular=&#8220;off&#8220; da_with_loader=&#8220;off&#8220; da_has_shadow=&#8220;on&#8220;][et_pb_row custom_padding_last_edited=&#8220;on|phone&#8220; _builder_version=&#8220;4.27.4&#8243; background_color=&#8220;gcid-5eef58f4-760a-49fb-ad33-042d93415a96&#8243; custom_margin=&#8220;40px||50px||false|false&#8220; custom_margin_tablet=&#8220;&#8220; custom_margin_phone=&#8220;-58px||20px||false|false&#8220; custom_margin_last_edited=&#8220;on|phone&#8220; custom_padding=&#8220;|10px||10px|false|true&#8220; custom_padding_tablet=&#8220;&#8220; custom_padding_phone=&#8220;|6px||6px|false|true&#8220; border_radii=&#8220;on|7px|7px|7px|7px&#8220; global_colors_info=&#8220;{%22gcid-5eef58f4-760a-49fb-ad33-042d93415a96%22:%91%22background_color%22%93}&#8220;][et_pb_column type=&#8220;4_4&#8243; _builder_version=&#8220;4.16&#8243; global_colors_info=&#8220;{}&#8220;][et_pb_heading title=&#8220;Siehe wie &#8220; _builder_version=&#8220;4.27.6&#8243; _module_preset=&#8220;default&#8220; title_level=&#8220;h3&#8243; title_text_align=&#8220;center&#8220; title_text_color=&#8220;#F8F8F8&#8243; title_font_size=&#8220;40px&#8220; title_text_shadow_style=&#8220;preset1&#8243; global_colors_info=&#8220;{}&#8220;][\/et_pb_heading][et_pb_heading title=&#8220;Pjama Protect Bettlaken und Bedprotector funktioniert&#8220; _builder_version=&#8220;4.27.6&#8243; _module_preset=&#8220;default&#8220; title_text_align=&#8220;center&#8220; title_text_color=&#8220;#D35917&#8243; title_font_size=&#8220;40px&#8220; title_text_shadow_style=&#8220;preset1&#8243; global_colors_info=&#8220;{}&#8220;][\/et_pb_heading][et_pb_video src=&#8220;https:\/\/pjama.eu\/wp-content\/uploads\/Madrasskydd.mp4&#8243; image_src=&#8220;https:\/\/pjama.eu\/wp-content\/uploads\/Pjama_bedding2022-1.jpeg&#8220; thumbnail_overlay_color=&#8220;rgba(247,247,247,0.8)&#8220; _builder_version=&#8220;4.27.4&#8243; width=&#8220;70%&#8220; width_tablet=&#8220;90%&#8220; width_phone=&#8220;90%&#8220; width_last_edited=&#8220;on|desktop&#8220; module_alignment=&#8220;center&#8220; border_radii=&#8220;on|10px|10px|10px|10px&#8220; border_width_all=&#8220;4px&#8220; border_color_all=&#8220;#F8F8F8&#8243; box_shadow_style=&#8220;preset1&#8243; global_colors_info=&#8220;{}&#8220;][\/et_pb_video][et_pb_heading title=&#8220;Weil bessere N\u00e4chte wichtig sind&#8220; _builder_version=&#8220;4.27.4&#8243; _module_preset=&#8220;default&#8220; title_level=&#8220;h3&#8243; title_text_align=&#8220;center&#8220; title_text_color=&#8220;#F8F8F8&#8243; global_colors_info=&#8220;{}&#8220;][\/et_pb_heading][et_pb_button button_url=&#8220;https:\/\/pjama.eu\/de\/bettnaesserhosen\/&#8220; button_text=&#8220;Pjama Bettn\u00e4sserhosen Kollektion ansehen&#8220; button_alignment=&#8220;center&#8220; _builder_version=&#8220;4.27.6&#8243; custom_button=&#8220;on&#8220; button_bg_color=&#8220;#61A2DF&#8220; button_border_color=&#8220;#F8F8F8&#8243; button_border_radius=&#8220;10px&#8220; button_font=&#8220;&#8211;et_global_body_font|700|||||||&#8220; button_use_icon=&#8220;off&#8220; button_text_shadow_style=&#8220;preset1&#8243; box_shadow_style=&#8220;preset2&#8243; global_colors_info=&#8220;{}&#8220; button_bg_color__hover_enabled=&#8220;on|hover&#8220; button_bg_color__hover=&#8220;rgba(31,68,139,0.8)&#8220; button_bg_enable_color__hover=&#8220;on&#8220;][\/et_pb_button][\/et_pb_column][\/et_pb_row][\/et_pb_section][et_pb_section fb_built=&#8220;1&#8243; _builder_version=&#8220;4.27.4&#8243; _module_preset=&#8220;default&#8220; da_disable_devices=&#8220;off|off|off&#8220; global_colors_info=&#8220;{}&#8220; da_is_popup=&#8220;off&#8220; da_exit_intent=&#8220;off&#8220; da_has_close=&#8220;on&#8220; da_alt_close=&#8220;off&#8220; da_dark_close=&#8220;off&#8220; da_not_modal=&#8220;on&#8220; da_is_singular=&#8220;off&#8220; da_with_loader=&#8220;off&#8220; da_has_shadow=&#8220;on&#8220;][et_pb_row column_structure=&#8220;1_4,1_4,1_4,1_4&#8243; make_equal=&#8220;on&#8220; _builder_version=&#8220;4.27.6&#8243; _module_preset=&#8220;default&#8220; global_colors_info=&#8220;{}&#8220;][et_pb_column type=&#8220;1_4&#8243; _builder_version=&#8220;4.27.4&#8243; _module_preset=&#8220;default&#8220; global_colors_info=&#8220;{}&#8220;][et_pb_image src=&#8220;https:\/\/pjama.eu\/wp-content\/uploads\/Kvalsterskydd-Baddmadrass-e1669386409554.jpeg&#8220; title_text=&#8220;Kvalsterskydd-Ba\u0308ddmadrass-e1669386409554&#8243; align_tablet=&#8220;&#8220; align_phone=&#8220;center&#8220; align_last_edited=&#8220;on|phone&#8220; _builder_version=&#8220;4.27.4&#8243; _module_preset=&#8220;default&#8220; border_radii=&#8220;on|10px|10px|10px|10px&#8220; global_colors_info=&#8220;{}&#8220;][\/et_pb_image][et_pb_text _builder_version=&#8220;4.27.4&#8243; _module_preset=&#8220;default&#8220; header_3_text_color=&#8220;gcid-5eef58f4-760a-49fb-ad33-042d93415a96&#8243; header_3_text_align_tablet=&#8220;&#8220; header_3_text_align_phone=&#8220;left&#8220; header_3_text_align_last_edited=&#8220;on|phone&#8220; global_colors_info=&#8220;{%22gcid-5eef58f4-760a-49fb-ad33-042d93415a96%22:%91%22header_3_text_color%22%93}&#8220;]<\/p>\n<h3>Bettlaken und Bettschutz (Bettmatratze)<\/h3>\n<p>[\/et_pb_text][et_pb_text _builder_version=&#8220;4.27.6&#8243; _module_preset=&#8220;default&#8220; text_font=&#8220;&#8211;et_global_body_font|&#8211;et_global_heading_font_weight|||||||&#8220; global_colors_info=&#8220;{}&#8220;]<\/p>\n<p>Weich, saugf\u00e4hig und wasserdicht in einem. Hergestellt aus TENCEL\u2122-Fasern, weicher als Seide, f\u00fcr einen komfortablen Schlaf &#8211; w\u00e4hrend die Membran jegliche Fl\u00fcssigkeit von der Matratze fernh\u00e4lt. <\/p>\n<p>[\/et_pb_text][\/et_pb_column][et_pb_column type=&#8220;1_4&#8243; _builder_version=&#8220;4.27.4&#8243; _module_preset=&#8220;default&#8220; global_colors_info=&#8220;{}&#8220;][et_pb_image src=&#8220;https:\/\/pjama.eu\/wp-content\/uploads\/Duvet-protector-312-scaled-e1694612711802-1-2.jpg&#8220; alt=&#8220;Schutz des Bettzeugs&#8220; title_text=&#8220;Duvet-protector-312-scaled-e1694612711802-1-2&#8243; align_tablet=&#8220;&#8220; align_phone=&#8220;center&#8220; align_last_edited=&#8220;on|phone&#8220; _builder_version=&#8220;4.27.4&#8243; _module_preset=&#8220;default&#8220; border_radii=&#8220;on|10px|10px|10px|10px&#8220; global_colors_info=&#8220;{}&#8220;][\/et_pb_image][et_pb_text _builder_version=&#8220;4.27.4&#8243; _module_preset=&#8220;default&#8220; header_3_text_color=&#8220;gcid-5eef58f4-760a-49fb-ad33-042d93415a96&#8243; global_colors_info=&#8220;{%22gcid-5eef58f4-760a-49fb-ad33-042d93415a96%22:%91%22header_3_text_color%22%93}&#8220;]<\/p>\n<h3>Bettbezug<\/h3>\n<p>[\/et_pb_text][et_pb_text _builder_version=&#8220;4.27.6&#8243; _module_preset=&#8220;default&#8220; text_font=&#8220;&#8211;et_global_body_font|&#8211;et_global_heading_font_weight|||||||&#8220; global_colors_info=&#8220;{}&#8220;]<\/p>\n<p>Vollst\u00e4ndiger Bettdeckenschutz mit diskretem Rei\u00dfverschluss. Verhindert das Durchsickern von Fl\u00fcssigkeiten und wirkt zudem als Barriere gegen Hausstaubmilben &#8211; ideal f\u00fcr empfindliche Schl\u00e4fer. <\/p>\n<p>[\/et_pb_text][\/et_pb_column][et_pb_column type=&#8220;1_4&#8243; _builder_version=&#8220;4.27.4&#8243; _module_preset=&#8220;default&#8220; global_colors_info=&#8220;{}&#8220;][et_pb_image src=&#8220;https:\/\/pjama.eu\/wp-content\/uploads\/Kvalsterskydd-Kudde-e1701444082895.jpg&#8220; alt=&#8220;SCHUTZ F\u00dcR KOPFKISSEN UND KOPFKISSENBEZUG IN 1&#8243; title_text=&#8220;Kvalsterskydd Kudde&#8220; align_tablet=&#8220;&#8220; align_phone=&#8220;center&#8220; align_last_edited=&#8220;on|phone&#8220; _builder_version=&#8220;4.27.4&#8243; _module_preset=&#8220;default&#8220; border_radii=&#8220;on|10px|10px|10px|10px&#8220; global_colors_info=&#8220;{}&#8220;][\/et_pb_image][et_pb_text _builder_version=&#8220;4.27.4&#8243; _module_preset=&#8220;default&#8220; header_3_text_color=&#8220;gcid-5eef58f4-760a-49fb-ad33-042d93415a96&#8243; global_colors_info=&#8220;{%22gcid-5eef58f4-760a-49fb-ad33-042d93415a96%22:%91%22header_3_text_color%22%93}&#8220;]<\/p>\n<h3>Kopfkissenbezug<\/h3>\n<p>[\/et_pb_text][et_pb_text _builder_version=&#8220;4.27.6&#8243; _module_preset=&#8220;default&#8220; text_font=&#8220;&#8211;et_global_body_font|&#8211;et_global_heading_font_weight|||||||&#8220; global_colors_info=&#8220;{}&#8220;]<\/p>\n<p>H\u00e4lt die Kissen trocken, frisch und allergikerfreundlich. Der atmungsaktive Stoff h\u00e4lt Feuchtigkeit und Hausstaubmilben ab und bietet dank des praktischen Rei\u00dfverschlusses vollen Schutz. 100% frei von Chemikalien.  <\/p>\n<p>[\/et_pb_text][\/et_pb_column][et_pb_column type=&#8220;1_4&#8243; _builder_version=&#8220;4.27.4&#8243; _module_preset=&#8220;default&#8220; global_colors_info=&#8220;{}&#8220;][et_pb_image src=&#8220;https:\/\/pjama.eu\/wp-content\/uploads\/Pjama_bedding2022-1.jpeg&#8220; alt=&#8220;Schutz von Matratzen und Bettzeug&#8220; title_text=&#8220;Schutz von Matratzen und Bettzeug&#8220; align_tablet=&#8220;&#8220; align_phone=&#8220;center&#8220; align_last_edited=&#8220;on|phone&#8220; _builder_version=&#8220;4.27.4&#8243; _module_preset=&#8220;default&#8220; border_radii=&#8220;on|10px|10px|10px|10px&#8220; global_colors_info=&#8220;{}&#8220;][\/et_pb_image][et_pb_text _builder_version=&#8220;4.27.4&#8243; _module_preset=&#8220;default&#8220; header_3_text_color=&#8220;gcid-5eef58f4-760a-49fb-ad33-042d93415a96&#8243; global_colors_info=&#8220;{%22gcid-5eef58f4-760a-49fb-ad33-042d93415a96%22:%91%22header_3_text_color%22%93}&#8220;]<\/p>\n<h3>Laken und Bettschutz (Boxspring-Matratze)<\/h3>\n<p>[\/et_pb_text][et_pb_text _builder_version=&#8220;4.27.6&#8243; _module_preset=&#8220;default&#8220; text_font=&#8220;&#8211;et_global_body_font|&#8211;et_global_heading_font_weight|||||||&#8220; global_colors_info=&#8220;{}&#8220;]<\/p>\n<p>Kompletter Schutz f\u00fcr Laken und Boxspringbett in einem. Nat\u00fcrliches, atmungsaktives Gewebe aus TENCEL\u2122 \/ SMARTCEL\u2122 Holzfasern, das Fl\u00fcssigkeiten fernh\u00e4lt und gleichzeitig weich und chemiefrei ist. <\/p>\n<p>[\/et_pb_text][\/et_pb_column][\/et_pb_row][\/et_pb_section]<\/p>\n","protected":false},"excerpt":{"rendered":"<p>Waschbare Bettn\u00e4sserhosen &amp; Schutzbekleidung Sch\u00fctzende EinstreuBEQUEME BETTW\u00c4SCHE MIT INTEGRIERTEM SCHUTZ SCHUTZ&amp;BLATT IN 1 Pjama Protect Bettwaren vereinen Komfort und Schutz in einem. Unsere Laken und Bez\u00fcge sind angenehm weich, w\u00e4hrend die wasserdichte Barriere verhindert, dass Fl\u00fcssigkeit auf die Matratze gelangt. Sie sind diskret, waschbar und langlebig und bieten Nacht f\u00fcr Nacht zuverl\u00e4ssigen Schutz &#8211; ohne [&hellip;]<\/p>\n","protected":false},"author":33,"featured_media":0,"parent":0,"menu_order":0,"comment_status":"closed","ping_status":"closed","template":"","meta":{"_et_pb_use_builder":"on","_et_pb_old_content":"","_et_gb_content_width":"","footnotes":""},"class_list":["post-23995","page","type-page","status-publish","hentry"],"_links":{"self":[{"href":"https:\/\/pjama.eu\/de\/wp-json\/wp\/v2\/pages\/23995","targetHints":{"allow":["GET"]}}],"collection":[{"href":"https:\/\/pjama.eu\/de\/wp-json\/wp\/v2\/pages"}],"about":[{"href":"https:\/\/pjama.eu\/de\/wp-json\/wp\/v2\/types\/page"}],"author":[{"embeddable":true,"href":"https:\/\/pjama.eu\/de\/wp-json\/wp\/v2\/users\/33"}],"replies":[{"embeddable":true,"href":"https:\/\/pjama.eu\/de\/wp-json\/wp\/v2\/comments?post=23995"}],"version-history":[{"count":3,"href":"https:\/\/pjama.eu\/de\/wp-json\/wp\/v2\/pages\/23995\/revisions"}],"predecessor-version":[{"id":34657,"href":"https:\/\/pjama.eu\/de\/wp-json\/wp\/v2\/pages\/23995\/revisions\/34657"}],"wp:attachment":[{"href":"https:\/\/pjama.eu\/de\/wp-json\/wp\/v2\/media?parent=23995"}],"curies":[{"name":"wp","href":"https:\/\/api.w.org\/{rel}","templated":true}]}}