{"id":24029,"date":"2020-07-06T09:48:57","date_gmt":"2020-07-06T07:48:57","guid":{"rendered":"https:\/\/pjama.eu\/produkt-handbuecher\/"},"modified":"2026-03-22T17:40:29","modified_gmt":"2026-03-22T16:40:29","slug":"produkt-handbuecher","status":"publish","type":"page","link":"https:\/\/pjama.eu\/de\/produkt-handbuecher\/","title":{"rendered":"Produkt-Handb\u00fccher"},"content":{"rendered":"<p>[et_pb_section fb_built=&#8220;1&#8243; custom_padding_last_edited=&#8220;on|phone&#8220; _builder_version=&#8220;4.27.4&#8243; background_color=&#8220;gcid-5eef58f4-760a-49fb-ad33-042d93415a96&#8243; background_enable_image=&#8220;off&#8220; background_position=&#8220;top_right&#8220; custom_padding=&#8220;100px||49px||false|false&#8220; custom_padding_tablet=&#8220;90px||0px||false|false&#8220; custom_padding_phone=&#8220;40px||1px||false|false&#8220; top_divider_color=&#8220;#61a2df&#8220; top_divider_height=&#8220;500px&#8220; bottom_divider_style=&#8220;asymmetric&#8220; bottom_divider_color=&#8220;#ffffff&#8220; bottom_divider_flip=&#8220;horizontal&#8220; da_disable_devices=&#8220;off|off|off&#8220; collapsed=&#8220;off&#8220; global_colors_info=&#8220;{%22gcid-5eef58f4-760a-49fb-ad33-042d93415a96%22:%91%22background_color%22%93}&#8220; da_is_popup=&#8220;off&#8220; da_exit_intent=&#8220;off&#8220; da_has_close=&#8220;on&#8220; da_alt_close=&#8220;off&#8220; da_dark_close=&#8220;off&#8220; da_not_modal=&#8220;on&#8220; da_is_singular=&#8220;off&#8220; da_with_loader=&#8220;off&#8220; da_has_shadow=&#8220;on&#8220;][et_pb_row _builder_version=&#8220;4.16&#8243; custom_margin=&#8220;|auto|60px|auto||&#8220; global_colors_info=&#8220;{}&#8220;][et_pb_column type=&#8220;4_4&#8243; _builder_version=&#8220;4.16&#8243; global_colors_info=&#8220;{}&#8220;][et_pb_heading title=&#8220;PJAMA&#8220; _builder_version=&#8220;4.27.4&#8243; _module_preset=&#8220;default&#8220; title_text_color=&#8220;#D35917&#8243; title_font_size=&#8220;40px&#8220; title_font_size_tablet=&#8220;40px&#8220; title_font_size_phone=&#8220;25px&#8220; title_font_size_last_edited=&#8220;on|phone&#8220; global_colors_info=&#8220;{}&#8220;][\/et_pb_heading][et_pb_heading title=&#8220;PRODUKTHANDB\u00dcCHER&#8220; _builder_version=&#8220;4.27.4&#8243; _module_preset=&#8220;default&#8220; title_text_color=&#8220;#F8F8F8&#8243; title_font_size=&#8220;75px&#8220; title_font_size_tablet=&#8220;75px&#8220; title_font_size_phone=&#8220;40px&#8220; title_font_size_last_edited=&#8220;on|phone&#8220; global_colors_info=&#8220;{}&#8220;][\/et_pb_heading][\/et_pb_column][\/et_pb_row][\/et_pb_section][et_pb_section fb_built=&#8220;1&#8243; _builder_version=&#8220;4.16&#8243; background_color=&#8220;rgba(255,255,255,0)&#8220; custom_margin_tablet=&#8220;-60px||||false|false&#8220; custom_margin_phone=&#8220;&#8220; custom_margin_last_edited=&#8220;on|phone&#8220; da_disable_devices=&#8220;off|off|off&#8220; collapsed=&#8220;off&#8220; global_colors_info=&#8220;{}&#8220; da_is_popup=&#8220;off&#8220; da_exit_intent=&#8220;off&#8220; da_has_close=&#8220;on&#8220; da_alt_close=&#8220;off&#8220; da_dark_close=&#8220;off&#8220; da_not_modal=&#8220;on&#8220; da_is_singular=&#8220;off&#8220; da_with_loader=&#8220;off&#8220; da_has_shadow=&#8220;on&#8220;][et_pb_row custom_padding_last_edited=&#8220;on|desktop&#8220; _builder_version=&#8220;4.16&#8243; background_size=&#8220;initial&#8220; background_position=&#8220;top_left&#8220; background_repeat=&#8220;repeat&#8220; width=&#8220;65%&#8220; width_tablet=&#8220;80%&#8220; width_phone=&#8220;90%&#8220; width_last_edited=&#8220;on|desktop&#8220; custom_padding=&#8220;||60px|||&#8220; custom_padding_tablet=&#8220;||0px||false|false&#8220; custom_padding_phone=&#8220;&#8220; global_colors_info=&#8220;{}&#8220;][et_pb_column type=&#8220;4_4&#8243; _builder_version=&#8220;4.16&#8243; custom_padding=&#8220;|||&#8220; global_colors_info=&#8220;{}&#8220; custom_padding__hover=&#8220;|||&#8220;][et_pb_heading title=&#8220;PJAMA BETTN\u00c4SSER-ALARM&#8220; _builder_version=&#8220;4.27.4&#8243; _module_preset=&#8220;default&#8220; title_text_align=&#8220;center&#8220; title_text_color=&#8220;gcid-5eef58f4-760a-49fb-ad33-042d93415a96&#8243; global_colors_info=&#8220;{%22gcid-5eef58f4-760a-49fb-ad33-042d93415a96%22:%91%22title_text_color%22%93}&#8220;][\/et_pb_heading][et_pb_text _builder_version=&#8220;4.27.4&#8243; _module_preset=&#8220;default&#8220; text_orientation=&#8220;center&#8220; global_colors_info=&#8220;{}&#8220;]<\/p>\n<p>Pjama Bettn\u00e4sser-Alarm (REF:9031) ist ein Bettn\u00e4sser-Alarm, der an die Pjama-Behandlungskleidung angeschlossen wird.<\/p>\n<p>[\/et_pb_text][\/et_pb_column][\/et_pb_row][et_pb_row column_structure=&#8220;1_3,1_3,1_3&#8243; _builder_version=&#8220;4.27.4&#8243; _module_preset=&#8220;default&#8220; global_colors_info=&#8220;{}&#8220;][et_pb_column type=&#8220;1_3&#8243; _builder_version=&#8220;4.27.4&#8243; _module_preset=&#8220;default&#8220; global_colors_info=&#8220;{}&#8220;][et_pb_cta title=&#8220;Handbuch f\u00fcr Alarm &#8211; 1915 v1&#8243; button_url=&#8220;&lt;!&#8211;&#91;CDATA&#91;https:\/\/pjama.eu\/wp-content\/uploads\/TF-6.5.1-A05-Pjama-Bedwetting-Alarm-System-Manual-Alarm-FINAL.pdf&#93;&#93;&#8211;&gt;&#8220; url_new_window=&#8220;on&#8220; button_text=&#8220;Handbuch herunterladen&#8220; _builder_version=&#8220;4.27.4&#8243; header_text_color=&#8220;#D35917&#8243; background_color=&#8220;gcid-5eef58f4-760a-49fb-ad33-042d93415a96&#8243; custom_margin=&#8220;||20px||false|false&#8220; custom_margin_tablet=&#8220;&#8220; custom_margin_phone=&#8220;||20px||false|false&#8220; custom_margin_last_edited=&#8220;on|phone&#8220; hover_enabled=&#8220;0&#8243; border_radii=&#8220;on|10px|10px|10px|10px&#8220; box_shadow_style=&#8220;preset1&#8243; locked=&#8220;off&#8220; global_colors_info=&#8220;{%22gcid-5eef58f4-760a-49fb-ad33-042d93415a96%22:%91%22background_color%22%93}&#8220; sticky_enabled=&#8220;0&#8243;]<\/p>\n<p><strong>Schwedisch (SE), D\u00e4nisch (DK), Englisch (UK) und mehr<\/strong><\/p>\n<p>[\/et_pb_cta][\/et_pb_column][et_pb_column type=&#8220;1_3&#8243; _builder_version=&#8220;4.27.4&#8243; _module_preset=&#8220;default&#8220; global_colors_info=&#8220;{}&#8220;][et_pb_cta title=&#8220;Handbuch f\u00fcr Alarm &#8211; ver 2&#8243; button_url=&#8220;&lt;!&#8211;&#91;CDATA&#91;https:\/\/pjama.eu\/wp-content\/uploads\/Manual-alarm-6&#215;10-SV-DAN-ENG-2020-05-04-1.pdf&#93;&#93;&#8211;&gt;&#8220; url_new_window=&#8220;on&#8220; button_text=&#8220;Handbuch herunterladen&#8220; _builder_version=&#8220;4.27.4&#8243; header_text_color=&#8220;#D35917&#8243; background_color=&#8220;gcid-5eef58f4-760a-49fb-ad33-042d93415a96&#8243; custom_margin=&#8220;||20px||false|false&#8220; custom_margin_tablet=&#8220;&#8220; custom_margin_phone=&#8220;||20px||false|false&#8220; custom_margin_last_edited=&#8220;on|phone&#8220; border_radii=&#8220;on|10px|10px|10px|10px&#8220; box_shadow_style=&#8220;preset1&#8243; locked=&#8220;off&#8220; global_colors_info=&#8220;{%22gcid-5eef58f4-760a-49fb-ad33-042d93415a96%22:%91%22background_color%22%93}&#8220;]<\/p>\n<p><strong>Schwedisch (SE), D\u00e4nisch (DK), Englisch (UK)<\/strong><\/p>\n<p>[\/et_pb_cta][\/et_pb_column][et_pb_column type=&#8220;1_3&#8243; _builder_version=&#8220;4.27.4&#8243; _module_preset=&#8220;default&#8220; global_colors_info=&#8220;{}&#8220;][et_pb_cta title=&#8220;Handbuch f\u00fcr Alarm -ver 1&#8243; button_url=&#8220;https:\/\/pjama.eu\/se\/wp-content\/uploads\/Manual-Pjama-Bedwetting-Alarm.pdf&#8220; url_new_window=&#8220;on&#8220; button_text=&#8220;Handbuch herunterladen&#8220; _builder_version=&#8220;4.27.4&#8243; header_text_color=&#8220;#D35917&#8243; background_color=&#8220;gcid-5eef58f4-760a-49fb-ad33-042d93415a96&#8243; custom_margin=&#8220;||20px||false|false&#8220; custom_margin_tablet=&#8220;&#8220; custom_margin_phone=&#8220;||20px||false|false&#8220; custom_margin_last_edited=&#8220;on|phone&#8220; border_radii=&#8220;on|10px|10px|10px|10px&#8220; box_shadow_style=&#8220;preset1&#8243; locked=&#8220;off&#8220; global_colors_info=&#8220;{%22gcid-5eef58f4-760a-49fb-ad33-042d93415a96%22:%91%22background_color%22%93}&#8220;]<\/p>\n<p><strong>Schwedisch (SE), D\u00e4nisch (DK), Englisch (UK)  <\/strong><\/p>\n<p>[\/et_pb_cta][\/et_pb_column][\/et_pb_row][et_pb_row custom_padding_last_edited=&#8220;on|desktop&#8220; _builder_version=&#8220;4.16&#8243; background_size=&#8220;initial&#8220; background_position=&#8220;top_left&#8220; background_repeat=&#8220;repeat&#8220; width=&#8220;65%&#8220; width_tablet=&#8220;80%&#8220; width_phone=&#8220;90%&#8220; width_last_edited=&#8220;on|desktop&#8220; custom_padding=&#8220;||60px|||&#8220; custom_padding_tablet=&#8220;||0px||false|false&#8220; custom_padding_phone=&#8220;&#8220; global_colors_info=&#8220;{}&#8220;][et_pb_column type=&#8220;4_4&#8243; _builder_version=&#8220;4.16&#8243; custom_padding=&#8220;|||&#8220; global_colors_info=&#8220;{}&#8220; custom_padding__hover=&#8220;|||&#8220;][et_pb_heading title=&#8220;PJAMA CONNECT BETTN\u00c4SSER-ALARM&#8220; _builder_version=&#8220;4.27.4&#8243; _module_preset=&#8220;default&#8220; title_text_align=&#8220;center&#8220; title_text_color=&#8220;gcid-5eef58f4-760a-49fb-ad33-042d93415a96&#8243; global_colors_info=&#8220;{%22gcid-5eef58f4-760a-49fb-ad33-042d93415a96%22:%91%22title_text_color%22%93}&#8220;][\/et_pb_heading][\/et_pb_column][\/et_pb_row][et_pb_row column_structure=&#8220;1_3,1_3,1_3&#8243; _builder_version=&#8220;4.27.4&#8243; _module_preset=&#8220;default&#8220; global_colors_info=&#8220;{}&#8220;][et_pb_column type=&#8220;1_3&#8243; _builder_version=&#8220;4.27.4&#8243; _module_preset=&#8220;default&#8220; global_colors_info=&#8220;{}&#8220;][et_pb_cta title=&#8220;Handbuch f\u00fcr Connect 1916 v4&#8243; button_url=&#8220;&lt;!&#8211;&#91;CDATA&#91;https:\/\/pjama.eu\/wp-content\/uploads\/TF-6.5.4-A04-Pjama-Connect-Bedwetting-Alarm-Instructions.pdf&#93;&#93;&#8211;&gt;&#8220; url_new_window=&#8220;on&#8220; button_text=&#8220;Handbuch herunterladen&#8220; _builder_version=&#8220;4.27.4&#8243; header_text_color=&#8220;#D35917&#8243; background_color=&#8220;gcid-5eef58f4-760a-49fb-ad33-042d93415a96&#8243; custom_margin=&#8220;||20px||false|false&#8220; custom_margin_tablet=&#8220;&#8220; custom_margin_phone=&#8220;||20px||false|false&#8220; custom_margin_last_edited=&#8220;on|phone&#8220; hover_enabled=&#8220;0&#8243; border_radii=&#8220;on|10px|10px|10px|10px&#8220; box_shadow_style=&#8220;preset1&#8243; locked=&#8220;off&#8220; global_colors_info=&#8220;{%22gcid-5eef58f4-760a-49fb-ad33-042d93415a96%22:%91%22background_color%22%93}&#8220; sticky_enabled=&#8220;0&#8243;]<\/p>\n<p><strong>Schwedisch (SE), D\u00e4nisch (DK), Englisch (UK) und mehr<\/strong><\/p>\n<p>[\/et_pb_cta][\/et_pb_column][et_pb_column type=&#8220;1_3&#8243; _builder_version=&#8220;4.27.4&#8243; _module_preset=&#8220;default&#8220; global_colors_info=&#8220;{}&#8220;][\/et_pb_column][et_pb_column type=&#8220;1_3&#8243; _builder_version=&#8220;4.27.4&#8243; _module_preset=&#8220;default&#8220; global_colors_info=&#8220;{}&#8220;][\/et_pb_column][\/et_pb_row][et_pb_row custom_padding_last_edited=&#8220;on|desktop&#8220; _builder_version=&#8220;4.16&#8243; background_size=&#8220;initial&#8220; background_position=&#8220;top_left&#8220; background_repeat=&#8220;repeat&#8220; width=&#8220;65%&#8220; width_tablet=&#8220;80%&#8220; width_phone=&#8220;90%&#8220; width_last_edited=&#8220;on|desktop&#8220; custom_padding=&#8220;||60px|||&#8220; custom_padding_tablet=&#8220;||0px||false|false&#8220; custom_padding_phone=&#8220;&#8220; global_colors_info=&#8220;{}&#8220;][et_pb_column type=&#8220;4_4&#8243; _builder_version=&#8220;4.16&#8243; custom_padding=&#8220;|||&#8220; global_colors_info=&#8220;{}&#8220; custom_padding__hover=&#8220;|||&#8220;][et_pb_heading title=&#8220;PJAMA-VIBRATIONSUHR&#8220; _builder_version=&#8220;4.27.4&#8243; _module_preset=&#8220;default&#8220; title_text_align=&#8220;center&#8220; title_text_color=&#8220;gcid-5eef58f4-760a-49fb-ad33-042d93415a96&#8243; global_colors_info=&#8220;{%22gcid-5eef58f4-760a-49fb-ad33-042d93415a96%22:%91%22title_text_color%22%93}&#8220;][\/et_pb_heading][et_pb_text _builder_version=&#8220;4.27.4&#8243; _module_preset=&#8220;default&#8220; text_orientation=&#8220;center&#8220; global_colors_info=&#8220;{}&#8220;]<\/p>\n<p>Die Pjama-Vibrationsuhren (REF: 4050, 4051, 4052 und 4053) sind in 4 verschiedenen Farben erh\u00e4ltlich (Schwarz, Blau, Hellblau und Rosa). Eine einfache Uhr, die Sie tags\u00fcber an den Gang zur Toilette erinnert. <\/p>\n<p>[\/et_pb_text][\/et_pb_column][\/et_pb_row][et_pb_row column_structure=&#8220;1_5,1_5,1_5,1_5,1_5&#8243; _builder_version=&#8220;4.27.4&#8243; _module_preset=&#8220;default&#8220; global_colors_info=&#8220;{}&#8220;][et_pb_column type=&#8220;1_5&#8243; _builder_version=&#8220;4.27.4&#8243; _module_preset=&#8220;default&#8220; global_colors_info=&#8220;{}&#8220;][et_pb_cta title=&#8220;Handbuch f\u00fcr Pjama Watch&#8220; button_url=&#8220;https:\/\/pjama.eu\/wp-content\/uploads\/Watch-manual_-UK.pdf&#8220; url_new_window=&#8220;on&#8220; button_text=&#8220;Herunterladen  &#8220; _builder_version=&#8220;4.27.4&#8243; header_text_color=&#8220;#D35917&#8243; background_color=&#8220;gcid-5eef58f4-760a-49fb-ad33-042d93415a96&#8243; custom_margin=&#8220;||20px||false|false&#8220; custom_margin_tablet=&#8220;&#8220; custom_margin_phone=&#8220;||20px||false|false&#8220; custom_margin_last_edited=&#8220;on|phone&#8220; border_radii=&#8220;on|10px|10px|10px|10px&#8220; box_shadow_style=&#8220;preset1&#8243; locked=&#8220;off&#8220; global_colors_info=&#8220;{%22gcid-5eef58f4-760a-49fb-ad33-042d93415a96%22:%91%22background_color%22%93}&#8220;]<\/p>\n<p><strong>Englisch<\/strong><\/p>\n<p>[\/et_pb_cta][\/et_pb_column][et_pb_column type=&#8220;1_5&#8243; _builder_version=&#8220;4.27.4&#8243; _module_preset=&#8220;default&#8220; global_colors_info=&#8220;{}&#8220;][et_pb_cta title=&#8220;HANDBUCH F\u00dcR PJAMA-UHR&#8220; button_url=&#8220;https:\/\/pjama.eu\/wp-content\/uploads\/Watch-manual_DK.pdf&#8220; url_new_window=&#8220;on&#8220; button_text=&#8220;Herunterladen  &#8220; _builder_version=&#8220;4.27.4&#8243; header_text_color=&#8220;#D35917&#8243; background_color=&#8220;gcid-5eef58f4-760a-49fb-ad33-042d93415a96&#8243; custom_margin=&#8220;||20px||false|false&#8220; custom_margin_tablet=&#8220;&#8220; custom_margin_phone=&#8220;||20px||false|false&#8220; custom_margin_last_edited=&#8220;on|phone&#8220; border_radii=&#8220;on|10px|10px|10px|10px&#8220; box_shadow_style=&#8220;preset1&#8243; locked=&#8220;off&#8220; global_colors_info=&#8220;{%22gcid-5eef58f4-760a-49fb-ad33-042d93415a96%22:%91%22background_color%22%93}&#8220;]<\/p>\n<p><strong>D\u00e4nisch (DK)<\/strong><\/p>\n<p>[\/et_pb_cta][\/et_pb_column][et_pb_column type=&#8220;1_5&#8243; _builder_version=&#8220;4.27.4&#8243; _module_preset=&#8220;default&#8220; global_colors_info=&#8220;{}&#8220;][et_pb_cta title=&#8220;HANDBUCH F\u00dcR PJAMA-UHR&#8220; button_url=&#8220;https:\/\/pjama.eu\/wp-content\/uploads\/Watch-manual_PL-2.pdf&#8220; url_new_window=&#8220;on&#8220; button_text=&#8220;Herunterladen  &#8220; _builder_version=&#8220;4.27.4&#8243; header_text_color=&#8220;#D35917&#8243; background_color=&#8220;gcid-5eef58f4-760a-49fb-ad33-042d93415a96&#8243; custom_margin=&#8220;||20px||false|false&#8220; custom_margin_tablet=&#8220;&#8220; custom_margin_phone=&#8220;||20px||false|false&#8220; custom_margin_last_edited=&#8220;on|phone&#8220; border_radii=&#8220;on|10px|10px|10px|10px&#8220; box_shadow_style=&#8220;preset1&#8243; locked=&#8220;off&#8220; global_colors_info=&#8220;{%22gcid-5eef58f4-760a-49fb-ad33-042d93415a96%22:%91%22background_color%22%93}&#8220;]<\/p>\n<p><strong>Polnisch (PL)<\/strong><\/p>\n<p>[\/et_pb_cta][\/et_pb_column][et_pb_column type=&#8220;1_5&#8243; _builder_version=&#8220;4.27.4&#8243; _module_preset=&#8220;default&#8220; global_colors_info=&#8220;{}&#8220;][et_pb_cta title=&#8220;HANDBUCH F\u00dcR PJAMA-UHR&#8220; button_url=&#8220;https:\/\/pjama.eu\/wp-content\/uploads\/Watch-manual_-ES-1.pdf&#8220; url_new_window=&#8220;on&#8220; button_text=&#8220;Herunterladen  &#8220; _builder_version=&#8220;4.27.4&#8243; header_text_color=&#8220;#D35917&#8243; background_color=&#8220;gcid-5eef58f4-760a-49fb-ad33-042d93415a96&#8243; custom_margin=&#8220;||20px||false|false&#8220; custom_margin_tablet=&#8220;&#8220; custom_margin_phone=&#8220;||20px||false|false&#8220; custom_margin_last_edited=&#8220;on|phone&#8220; border_radii=&#8220;on|10px|10px|10px|10px&#8220; box_shadow_style=&#8220;preset1&#8243; locked=&#8220;off&#8220; global_colors_info=&#8220;{%22gcid-5eef58f4-760a-49fb-ad33-042d93415a96%22:%91%22background_color%22%93}&#8220;]<\/p>\n<p><strong>Spanisch (ES)<\/strong><\/p>\n<p>[\/et_pb_cta][\/et_pb_column][et_pb_column type=&#8220;1_5&#8243; _builder_version=&#8220;4.27.4&#8243; _module_preset=&#8220;default&#8220; global_colors_info=&#8220;{}&#8220;][et_pb_cta title=&#8220;HANDBUCH F\u00dcR PJAMA-UHR&#8220; button_url=&#8220;https:\/\/pjama.eu\/wp-content\/uploads\/Watch-manual_-DE.pdf&#8220; url_new_window=&#8220;on&#8220; button_text=&#8220;Herunterladen  &#8220; _builder_version=&#8220;4.27.4&#8243; header_text_color=&#8220;#D35917&#8243; background_color=&#8220;gcid-5eef58f4-760a-49fb-ad33-042d93415a96&#8243; custom_margin=&#8220;||20px||false|false&#8220; custom_margin_tablet=&#8220;&#8220; custom_margin_phone=&#8220;||20px||false|false&#8220; custom_margin_last_edited=&#8220;on|phone&#8220; border_radii=&#8220;on|10px|10px|10px|10px&#8220; box_shadow_style=&#8220;preset1&#8243; locked=&#8220;off&#8220; global_colors_info=&#8220;{%22gcid-5eef58f4-760a-49fb-ad33-042d93415a96%22:%91%22background_color%22%93}&#8220;]<\/p>\n<p><strong>Deutsch (DE)<\/strong><\/p>\n<p>[\/et_pb_cta][\/et_pb_column][\/et_pb_row][et_pb_row column_structure=&#8220;1_5,1_5,1_5,1_5,1_5&#8243; _builder_version=&#8220;4.27.4&#8243; _module_preset=&#8220;default&#8220; global_colors_info=&#8220;{}&#8220;][et_pb_column type=&#8220;1_5&#8243; _builder_version=&#8220;4.27.4&#8243; _module_preset=&#8220;default&#8220; global_colors_info=&#8220;{}&#8220;][et_pb_cta title=&#8220;HANDBUCH F\u00dcR PJAMA-UHR&#8220; button_url=&#8220;https:\/\/pjama.eu\/wp-content\/uploads\/Watch-manual_-NO-2.pdf&#8220; url_new_window=&#8220;on&#8220; button_text=&#8220;Herunterladen  &#8220; _builder_version=&#8220;4.27.4&#8243; header_text_color=&#8220;#D35917&#8243; background_color=&#8220;gcid-5eef58f4-760a-49fb-ad33-042d93415a96&#8243; custom_margin=&#8220;||20px||false|false&#8220; custom_margin_tablet=&#8220;&#8220; custom_margin_phone=&#8220;||20px||false|false&#8220; custom_margin_last_edited=&#8220;on|phone&#8220; border_radii=&#8220;on|10px|10px|10px|10px&#8220; box_shadow_style=&#8220;preset1&#8243; locked=&#8220;off&#8220; global_colors_info=&#8220;{%22gcid-5eef58f4-760a-49fb-ad33-042d93415a96%22:%91%22background_color%22%93}&#8220;]<\/p>\n<p><strong>Norwegisch (NO)<\/strong><\/p>\n<p>[\/et_pb_cta][\/et_pb_column][et_pb_column type=&#8220;1_5&#8243; _builder_version=&#8220;4.27.4&#8243; _module_preset=&#8220;default&#8220; global_colors_info=&#8220;{}&#8220;][et_pb_cta title=&#8220;HANDBUCH F\u00dcR PJAMA-UHR&#8220; button_url=&#8220;https:\/\/pjama.eu\/wp-content\/uploads\/Watch-manual_FI-1.pdf&#8220; url_new_window=&#8220;on&#8220; button_text=&#8220;Herunterladen  &#8220; _builder_version=&#8220;4.27.4&#8243; header_text_color=&#8220;#D35917&#8243; background_color=&#8220;gcid-5eef58f4-760a-49fb-ad33-042d93415a96&#8243; custom_margin=&#8220;||20px||false|false&#8220; custom_margin_tablet=&#8220;&#8220; custom_margin_phone=&#8220;||20px||false|false&#8220; custom_margin_last_edited=&#8220;on|phone&#8220; border_radii=&#8220;on|10px|10px|10px|10px&#8220; box_shadow_style=&#8220;preset1&#8243; locked=&#8220;off&#8220; global_colors_info=&#8220;{%22gcid-5eef58f4-760a-49fb-ad33-042d93415a96%22:%91%22background_color%22%93}&#8220;]<\/p>\n<p><strong>Finnisch (FI)<\/strong><\/p>\n<p>[\/et_pb_cta][\/et_pb_column][et_pb_column type=&#8220;1_5&#8243; _builder_version=&#8220;4.27.4&#8243; _module_preset=&#8220;default&#8220; global_colors_info=&#8220;{}&#8220;][et_pb_cta title=&#8220;HANDBUCH F\u00dcR PJAMA-UHR&#8220; button_url=&#8220;https:\/\/pjama.eu\/wp-content\/uploads\/Watch-manual_FR-1.pdf&#8220; url_new_window=&#8220;on&#8220; button_text=&#8220;Herunterladen  &#8220; _builder_version=&#8220;4.27.4&#8243; header_text_color=&#8220;#D35917&#8243; background_color=&#8220;gcid-5eef58f4-760a-49fb-ad33-042d93415a96&#8243; custom_margin=&#8220;||20px||false|false&#8220; custom_margin_tablet=&#8220;&#8220; custom_margin_phone=&#8220;||20px||false|false&#8220; custom_margin_last_edited=&#8220;on|phone&#8220; border_radii=&#8220;on|10px|10px|10px|10px&#8220; box_shadow_style=&#8220;preset1&#8243; locked=&#8220;off&#8220; global_colors_info=&#8220;{%22gcid-5eef58f4-760a-49fb-ad33-042d93415a96%22:%91%22background_color%22%93}&#8220;]<\/p>\n<p><strong>Franz\u00f6sisch (FR)<\/strong><\/p>\n<p>[\/et_pb_cta][\/et_pb_column][et_pb_column type=&#8220;1_5&#8243; _builder_version=&#8220;4.27.4&#8243; _module_preset=&#8220;default&#8220; global_colors_info=&#8220;{}&#8220;][et_pb_cta title=&#8220;HANDBUCH F\u00dcR PJAMA-UHR&#8220; button_url=&#8220;&lt;!&#8211;&#91;CDATA&#91;https:\/\/pjama.eu\/wp-content\/uploads\/Watch-manual_-IT-2.pdf&#93;&#93;&#8211;&gt;&#8220; url_new_window=&#8220;on&#8220; button_text=&#8220;Herunterladen  &#8220; _builder_version=&#8220;4.27.4&#8243; header_text_color=&#8220;#D35917&#8243; background_color=&#8220;gcid-5eef58f4-760a-49fb-ad33-042d93415a96&#8243; custom_margin=&#8220;||20px||false|false&#8220; custom_margin_tablet=&#8220;&#8220; custom_margin_phone=&#8220;||20px||false|false&#8220; custom_margin_last_edited=&#8220;on|phone&#8220; border_radii=&#8220;on|10px|10px|10px|10px&#8220; box_shadow_style=&#8220;preset1&#8243; locked=&#8220;off&#8220; global_colors_info=&#8220;{%22gcid-5eef58f4-760a-49fb-ad33-042d93415a96%22:%91%22background_color%22%93}&#8220;]<\/p>\n<p><strong>Italienisch (IT)<\/strong><\/p>\n<p>[\/et_pb_cta][\/et_pb_column][et_pb_column type=&#8220;1_5&#8243; _builder_version=&#8220;4.27.4&#8243; _module_preset=&#8220;default&#8220; global_colors_info=&#8220;{}&#8220;][\/et_pb_column][\/et_pb_row][\/et_pb_section]<\/p>\n","protected":false},"excerpt":{"rendered":"<p>Pjama Bettn\u00e4sser-Alarm (REF:9031) ist ein Bettn\u00e4sser-Alarm, der an die Pjama-Behandlungskleidung angeschlossen wird.Schwedisch (SE), D\u00e4nisch (DK), Englisch (UK) und mehrSchwedisch (SE), D\u00e4nisch (DK), Englisch (UK)Schwedisch (SE), D\u00e4nisch (DK), Englisch (UK) Schwedisch (SE), D\u00e4nisch (DK), Englisch (UK) und mehrDie Pjama-Vibrationsuhren (REF: 4050, 4051, 4052 und 4053) sind in 4 verschiedenen Farben erh\u00e4ltlich (Schwarz, Blau, Hellblau und Rosa). [&hellip;]<\/p>\n","protected":false},"author":1,"featured_media":0,"parent":0,"menu_order":0,"comment_status":"closed","ping_status":"closed","template":"","meta":{"_et_pb_use_builder":"on","_et_pb_old_content":"","_et_gb_content_width":"","footnotes":""},"class_list":["post-24029","page","type-page","status-publish","hentry"],"_links":{"self":[{"href":"https:\/\/pjama.eu\/de\/wp-json\/wp\/v2\/pages\/24029","targetHints":{"allow":["GET"]}}],"collection":[{"href":"https:\/\/pjama.eu\/de\/wp-json\/wp\/v2\/pages"}],"about":[{"href":"https:\/\/pjama.eu\/de\/wp-json\/wp\/v2\/types\/page"}],"author":[{"embeddable":true,"href":"https:\/\/pjama.eu\/de\/wp-json\/wp\/v2\/users\/1"}],"replies":[{"embeddable":true,"href":"https:\/\/pjama.eu\/de\/wp-json\/wp\/v2\/comments?post=24029"}],"version-history":[{"count":7,"href":"https:\/\/pjama.eu\/de\/wp-json\/wp\/v2\/pages\/24029\/revisions"}],"predecessor-version":[{"id":34669,"href":"https:\/\/pjama.eu\/de\/wp-json\/wp\/v2\/pages\/24029\/revisions\/34669"}],"wp:attachment":[{"href":"https:\/\/pjama.eu\/de\/wp-json\/wp\/v2\/media?parent=24029"}],"curies":[{"name":"wp","href":"https:\/\/api.w.org\/{rel}","templated":true}]}}