{"id":24040,"date":"2020-03-17T10:42:30","date_gmt":"2020-03-17T09:42:30","guid":{"rendered":"https:\/\/pjama.eu\/waschen-und-trocknen-des-pjamas\/"},"modified":"2026-04-16T20:45:50","modified_gmt":"2026-04-16T18:45:50","slug":"pjama-waschanleitung","status":"publish","type":"page","link":"https:\/\/pjama.eu\/de\/pjama-waschanleitung\/","title":{"rendered":"Wie man den Pjama w\u00e4scht"},"content":{"rendered":"<p>[et_pb_section fb_built=&#8220;1&#8243; custom_padding_last_edited=&#8220;on|desktop&#8220; _builder_version=&#8220;4.27.4&#8243; background_color=&#8220;gcid-5eef58f4-760a-49fb-ad33-042d93415a96&#8243; height_tablet=&#8220;&#8220; height_phone=&#8220;auto&#8220; height_last_edited=&#8220;on|phone&#8220; custom_padding=&#8220;6%||6%||true|false&#8220; custom_padding_tablet=&#8220;&#8220; custom_padding_phone=&#8220;10%||7%||false|false&#8220; top_divider_arrangement_tablet=&#8220;&#8220; top_divider_arrangement_phone=&#8220;&#8220; top_divider_arrangement_last_edited=&#8220;on|phone&#8220; bottom_divider_style=&#8220;asymmetric&#8220; bottom_divider_color=&#8220;#ffffff&#8220; bottom_divider_height=&#8220;66px&#8220; bottom_divider_flip=&#8220;horizontal&#8220; bottom_divider_height_tablet=&#8220;55px&#8220; bottom_divider_height_phone=&#8220;33px&#8220; bottom_divider_height_last_edited=&#8220;on|phone&#8220; da_disable_devices=&#8220;off|off|off&#8220; collapsed=&#8220;off&#8220; global_colors_info=&#8220;{%22gcid-5eef58f4-760a-49fb-ad33-042d93415a96%22:%91%22background_color%22%93}&#8220; da_is_popup=&#8220;off&#8220; da_exit_intent=&#8220;off&#8220; da_has_close=&#8220;on&#8220; da_alt_close=&#8220;off&#8220; da_dark_close=&#8220;off&#8220; da_not_modal=&#8220;on&#8220; da_is_singular=&#8220;off&#8220; da_with_loader=&#8220;off&#8220; da_has_shadow=&#8220;on&#8220;][et_pb_row _builder_version=&#8220;4.27.4&#8243; _module_preset=&#8220;default&#8220; global_colors_info=&#8220;{}&#8220;][et_pb_column type=&#8220;4_4&#8243; _builder_version=&#8220;4.27.4&#8243; _module_preset=&#8220;default&#8220; global_colors_info=&#8220;{}&#8220;][et_pb_heading title=&#8220;PFLEGE &amp; PJAMA WASCHANLEITUNG&#8220; _builder_version=&#8220;4.27.4&#8243; _module_preset=&#8220;default&#8220; title_text_color=&#8220;#D35917&#8243; title_font_size=&#8220;40px&#8220; title_font_size_tablet=&#8220;40px&#8220; title_font_size_phone=&#8220;25px&#8220; title_font_size_last_edited=&#8220;on|phone&#8220; global_colors_info=&#8220;{}&#8220;][\/et_pb_heading][et_pb_heading title=&#8220;PJAMA WASCHANLEITUNG: WASCHEN &amp; TROCKNEN&#8220; _builder_version=&#8220;4.27.4&#8243; _module_preset=&#8220;default&#8220; title_text_color=&#8220;#F8F8F8&#8243; title_font_size=&#8220;75px&#8220; title_font_size_tablet=&#8220;75px&#8220; title_font_size_phone=&#8220;40px&#8220; title_font_size_last_edited=&#8220;on|phone&#8220; global_colors_info=&#8220;{}&#8220;][\/et_pb_heading][\/et_pb_column][\/et_pb_row][\/et_pb_section][et_pb_section fb_built=&#8220;1&#8243; admin_label=&#8220;Sektion&#8220; _builder_version=&#8220;4.16&#8243; background_color=&#8220;#ffffff&#8220; custom_margin_tablet=&#8220;-60px||||false|false&#8220; custom_margin_last_edited=&#8220;off|desktop&#8220; custom_padding=&#8220;50px|||||&#8220; da_disable_devices=&#8220;off|off|off&#8220; collapsed=&#8220;off&#8220; global_colors_info=&#8220;{}&#8220; da_is_popup=&#8220;off&#8220; da_exit_intent=&#8220;off&#8220; da_has_close=&#8220;on&#8220; da_alt_close=&#8220;off&#8220; da_dark_close=&#8220;off&#8220; da_not_modal=&#8220;on&#8220; da_is_singular=&#8220;off&#8220; da_with_loader=&#8220;off&#8220; da_has_shadow=&#8220;on&#8220;][et_pb_row column_structure=&#8220;2_3,1_3&#8243; custom_padding_last_edited=&#8220;on|desktop&#8220; _builder_version=&#8220;4.16&#8243; background_size=&#8220;initial&#8220; background_position=&#8220;top_left&#8220; background_repeat=&#8220;repeat&#8220; custom_padding=&#8220;0px||60px|||&#8220; custom_padding_tablet=&#8220;||0px||false|false&#8220; custom_padding_phone=&#8220;&#8220; global_colors_info=&#8220;{}&#8220;][et_pb_column type=&#8220;2_3&#8243; _builder_version=&#8220;4.16&#8243; custom_padding=&#8220;|||&#8220; global_colors_info=&#8220;{}&#8220; custom_padding__hover=&#8220;|||&#8220;][et_pb_heading title=&#8220;PJAMA WASCHANLEITUNG F\u00dcR HOSEN UND SHORTS&#8220; _builder_version=&#8220;4.27.4&#8243; _module_preset=&#8220;default&#8220; title_level=&#8220;h3&#8243; title_text_color=&#8220;gcid-5eef58f4-760a-49fb-ad33-042d93415a96&#8243; global_colors_info=&#8220;{%22gcid-5eef58f4-760a-49fb-ad33-042d93415a96%22:%91%22title_text_color%22%93}&#8220;][\/et_pb_heading][et_pb_heading title=&#8220;Pjama Waschanleitung: Einfache Pflege f\u00fcr maximale Langlebigkeit&#8220; _builder_version=&#8220;4.27.4&#8243; _module_preset=&#8220;default&#8220; title_level=&#8220;h2&#8243; title_text_color=&#8220;#D35917&#8243; global_colors_info=&#8220;{}&#8220;][\/et_pb_heading][et_pb_text _builder_version=&#8220;4.27.6&#8243; header_2_text_color=&#8220;#61a2df&#8220; header_3_text_color=&#8220;gcid-5eef58f4-760a-49fb-ad33-042d93415a96&#8243; hover_enabled=&#8220;0&#8243; ul_font_size_tablet=&#8220;&#8220; ul_font_size_phone=&#8220;17px&#8220; ul_font_size_last_edited=&#8220;on|phone&#8220; global_colors_info=&#8220;{%22gcid-5eef58f4-760a-49fb-ad33-042d93415a96%22:%91%22header_3_text_color%22%93}&#8220; text_font=&#8220;&#8211;et_global_body_font|&#8211;et_global_heading_font_weight|||||||&#8220; sticky_enabled=&#8220;0&#8243;]<\/p>\n<h3>Die richtige Pjama Waschanleitung<\/h3>\n<p>Pjama-Produkte sind waschbar, wiederverwendbar und langlebig. Mit der richtigen Pjama Waschanleitung stellen Sie sicher, dass die Saugkraft erhalten bleibt.<br data-start=\"254\" data-end=\"257\">Ziehen Sie die Hosen erst kurz vor dem Schlafengehen an, damit sie in gutem Zustand bleiben. Sie sind nicht zum Spielen oder Herumh\u00fcpfen vor dem Schlafengehen gedacht. Und wenn es an der Zeit ist, den Pjama zu waschen, hier ist die Anleitung:  <\/p>\n<ul>\n<li>Entfernen Sie den Sensor vor dem Waschen.<\/li>\n<li>Waschen Sie Ihren Pjama mit \u00e4hnlichen Farben, um Verf\u00e4rbungen zu vermeiden.<\/li>\n<li>Halten Sie scharfe Gegenst\u00e4nde wie Rei\u00dfverschl\u00fcsse oder Metallteile aus der W\u00e4sche.<\/li>\n<li>Drehen Sie das Kleidungsst\u00fcck vor dem Waschen auf links.<\/li>\n<li>Bei maximal 60 \u00b0C waschen.<\/li>\n<li>Beenden Sie das Programm mit einem hohen Schleudergang.<\/li>\n<li>Bei Raumtemperatur oder im Freien trocknen; beim Trocknen im W\u00e4schetrockner unter 60 \u00b0C bleiben.<\/li>\n<\/ul>\n<p><strong>Vermeiden Sie diese:<\/strong><\/p>\n<ul>\n<li>Chemische Reinigung &#8211; Chemikalien k\u00f6nnen sowohl das Gewebe als auch die Sensoren besch\u00e4digen.<\/li>\n<li>Weichsp\u00fcler &#8211; sie verringern die Saugf\u00e4higkeit und k\u00f6nnen die Sensorfunktion beeintr\u00e4chtigen.<\/li>\n<li>Bleichmittel &#8211; sie k\u00f6nnen das Wasserr\u00fcckhalteverm\u00f6gen des Gewebes beeintr\u00e4chtigen.<\/li>\n<li>B\u00fcgeln &#8211; Hitze kann den Stoff oder die Sensorf\u00e4den besch\u00e4digen.<\/li>\n<\/ul>\n<p>Aufgrund der saugf\u00e4higen Materialien von Pjama kann das Trocknen l\u00e4nger als gew\u00f6hnlich dauern. Der Hochschleudergang und das Trocknen von innen nach au\u00dfen verk\u00fcrzen die Trockenzeit. <\/p>\n<p>Die ben\u00f6tigen laut <a href=\"https:\/\/pjama.eu\/de\/bettnaesserhosen\/\">Pjama<\/a> Waschanleitung etwas mehr Zeit zum Trocknen als normale Kleidung.Wenn Sie diese Waschanleitung befolgen, stellen Sie sicher, dass Ihre Hosen und Shorts in gutem Zustand bleiben und ihre Funktionalit\u00e4t behalten.<\/p>\n<p> <\/p>\n<p>[\/et_pb_text][\/et_pb_column][et_pb_column type=&#8220;1_3&#8243; _builder_version=&#8220;4.16&#8243; custom_padding=&#8220;|||&#8220; global_colors_info=&#8220;{}&#8220; custom_padding__hover=&#8220;|||&#8220;][et_pb_image src=&#8220;https:\/\/pjama.eu\/wp-content\/uploads\/Pjama_wash-1.png&#8220; alt=&#8220;Pjama waschen &#8220; title_text=&#8220;Pjama_wash-1&#8243; _builder_version=&#8220;4.27.4&#8243; transform_scale_tablet=&#8220;&#8220; transform_scale_phone=&#8220;&#8220; transform_scale_last_edited=&#8220;on|desktop&#8220; transform_translate=&#8220;0px|-135px&#8220; transform_translate_tablet=&#8220;0px|0px&#8220; transform_translate_phone=&#8220;&#8220; transform_translate_last_edited=&#8220;on|desktop&#8220; transform_translate_linked=&#8220;off&#8220; transform_rotate_tablet=&#8220;&#8220; transform_rotate_phone=&#8220;&#8220; transform_rotate_last_edited=&#8220;on|desktop&#8220; transform_skew_tablet=&#8220;&#8220; transform_skew_phone=&#8220;&#8220; transform_skew_last_edited=&#8220;on|desktop&#8220; transform_origin_tablet=&#8220;&#8220; transform_origin_phone=&#8220;&#8220; transform_origin_last_edited=&#8220;on|desktop&#8220; transform_styles_last_edited=&#8220;on|desktop&#8220; width=&#8220;100%&#8220; width_tablet=&#8220;70%&#8220; width_phone=&#8220;60%&#8220; width_last_edited=&#8220;on|phone&#8220; module_alignment=&#8220;center&#8220; custom_margin_tablet=&#8220;||30px||false|false&#8220; custom_margin_phone=&#8220;||30px||false|false&#8220; custom_margin_last_edited=&#8220;on|desktop&#8220; transform_styles_tablet=&#8220;&#8220; transform_styles_phone=&#8220;&#8220; global_colors_info=&#8220;{}&#8220;][\/et_pb_image][\/et_pb_column][\/et_pb_row][et_pb_row column_structure=&#8220;1_4,1_4,1_4,1_4&#8243; _builder_version=&#8220;4.27.4&#8243; background_color=&#8220;gcid-5eef58f4-760a-49fb-ad33-042d93415a96&#8243; custom_margin=&#8220;||50px||false|false&#8220; border_radii=&#8220;on|6px|6px|6px|6px&#8220; global_colors_info=&#8220;{%22gcid-5eef58f4-760a-49fb-ad33-042d93415a96%22:%91%22background_color%22%93}&#8220;][et_pb_column type=&#8220;1_4&#8243; _builder_version=&#8220;4.16&#8243; global_colors_info=&#8220;{}&#8220;][et_pb_blurb title=&#8220;Maximal 60 \u00b0C&#8220; image=&#8220;https:\/\/pjama.eu\/wp-content\/uploads\/washing-machine-max60.svg&#8220; image_icon_width=&#8220;25%&#8220; _builder_version=&#8220;4.27.4&#8243; header_level=&#8220;h2&#8243; header_text_color=&#8220;#D35917&#8243; text_orientation=&#8220;center&#8220; background_layout=&#8220;dark&#8220; max_width_tablet=&#8220;&#8220; max_width_phone=&#8220;50%&#8220; max_width_last_edited=&#8220;on|phone&#8220; module_alignment=&#8220;center&#8220; image_max_width=&#8220;25%&#8220; global_colors_info=&#8220;{}&#8220;][\/et_pb_blurb][\/et_pb_column][et_pb_column type=&#8220;1_4&#8243; _builder_version=&#8220;4.16&#8243; global_colors_info=&#8220;{}&#8220;][et_pb_blurb title=&#8220;Maximal 60 \u00b0C&#8220; image=&#8220;https:\/\/pjama.eu\/wp-content\/uploads\/laundry-max60.svg&#8220; image_icon_width=&#8220;25%&#8220; _builder_version=&#8220;4.27.4&#8243; header_level=&#8220;h2&#8243; header_text_color=&#8220;#D35917&#8243; text_orientation=&#8220;center&#8220; background_layout=&#8220;dark&#8220; max_width_tablet=&#8220;&#8220; max_width_phone=&#8220;50%&#8220; max_width_last_edited=&#8220;on|phone&#8220; module_alignment=&#8220;center&#8220; image_max_width=&#8220;25%&#8220; global_colors_info=&#8220;{}&#8220;][\/et_pb_blurb][\/et_pb_column][et_pb_column type=&#8220;1_4&#8243; _builder_version=&#8220;4.16&#8243; global_colors_info=&#8220;{}&#8220;][et_pb_blurb title=&#8220;NICHT B\u00dcGEL&#8220; image=&#8220;https:\/\/pjama.eu\/wp-content\/uploads\/dry.svg&#8220; image_icon_width=&#8220;25%&#8220; _builder_version=&#8220;4.27.4&#8243; header_level=&#8220;h2&#8243; header_text_color=&#8220;#D35917&#8243; text_orientation=&#8220;center&#8220; background_layout=&#8220;dark&#8220; max_width_tablet=&#8220;&#8220; max_width_phone=&#8220;50%&#8220; max_width_last_edited=&#8220;on|phone&#8220; module_alignment=&#8220;center&#8220; image_max_width=&#8220;25%&#8220; global_colors_info=&#8220;{}&#8220;][\/et_pb_blurb][\/et_pb_column][et_pb_column type=&#8220;1_4&#8243; _builder_version=&#8220;4.16&#8243; global_colors_info=&#8220;{}&#8220;][et_pb_blurb title=&#8220;AUF LINKS WASCHEN (INNEN NACH AUSSEN)&#8220; image=&#8220;https:\/\/pjama.eu\/wp-content\/uploads\/pjama-icon-inside-out.svg&#8220; image_icon_width=&#8220;25%&#8220; _builder_version=&#8220;4.27.4&#8243; header_level=&#8220;h2&#8243; header_text_color=&#8220;#D35917&#8243; text_orientation=&#8220;center&#8220; background_layout=&#8220;dark&#8220; max_width_tablet=&#8220;&#8220; max_width_phone=&#8220;50%&#8220; max_width_last_edited=&#8220;on|phone&#8220; module_alignment=&#8220;center&#8220; image_max_width=&#8220;25%&#8220; global_colors_info=&#8220;{}&#8220;][\/et_pb_blurb][\/et_pb_column][\/et_pb_row][et_pb_row column_structure=&#8220;1_2,1_2&#8243; custom_padding_last_edited=&#8220;on|desktop&#8220; _builder_version=&#8220;4.16&#8243; background_size=&#8220;initial&#8220; background_position=&#8220;top_left&#8220; background_repeat=&#8220;repeat&#8220; custom_padding=&#8220;0px||60px|||&#8220; custom_padding_tablet=&#8220;||0px||false|false&#8220; custom_padding_phone=&#8220;&#8220; global_colors_info=&#8220;{}&#8220;][et_pb_column type=&#8220;1_2&#8243; _builder_version=&#8220;4.16&#8243; custom_padding=&#8220;|||&#8220; global_colors_info=&#8220;{}&#8220; custom_padding__hover=&#8220;|||&#8220;][et_pb_video src=&#8220;https:\/\/pjama.eu\/wp-content\/uploads\/Pjama-washing-and-drying-instructions.mp4&#8243; image_src=&#8220;https:\/\/pjama.eu\/wp-content\/uploads\/pjama_tvattrad.jpg&#8220; play_icon_color=&#8220;#F8F8F8&#8243; _builder_version=&#8220;4.27.4&#8243; border_radii=&#8220;on|10px|10px|10px|10px&#8220; global_colors_info=&#8220;{}&#8220;][\/et_pb_video][\/et_pb_column][et_pb_column type=&#8220;1_2&#8243; _builder_version=&#8220;4.16&#8243; custom_padding=&#8220;|||&#8220; global_colors_info=&#8220;{}&#8220; custom_padding__hover=&#8220;|||&#8220;][et_pb_text _builder_version=&#8220;4.27.6&#8243; header_2_text_color=&#8220;#61a2df&#8220; header_3_text_color=&#8220;gcid-5eef58f4-760a-49fb-ad33-042d93415a96&#8243; hover_enabled=&#8220;0&#8243; ul_font_size_tablet=&#8220;&#8220; ul_font_size_phone=&#8220;17px&#8220; ul_font_size_last_edited=&#8220;on|phone&#8220; global_colors_info=&#8220;{%22gcid-5eef58f4-760a-49fb-ad33-042d93415a96%22:%91%22header_3_text_color%22%93}&#8220; text_font=&#8220;&#8211;et_global_body_font|&#8211;et_global_heading_font_weight|||||||&#8220; sticky_enabled=&#8220;0&#8243;]<\/p>\n<h3><b>TROCKNEN IHRER PJAMA-HOSEN ODER SHORTS<\/b><span style=\"font-weight: 400;\"><br \/><\/span><\/h3>\n<p>Dank der hochwertigen Materialien in der Pjama Waschanleitung ben\u00f6tigen die saugf\u00e4higen Stoffe eine spezielle Trocknung.<br data-start=\"384\" data-end=\"387\">Die Trockenzeit h\u00e4ngt von verschiedenen Faktoren ab, z. B. von der Luftfeuchtigkeit, der Raumtemperatur und davon, wie effektiv der Schleudergang Ihrer Waschmaschine ist.<\/p>\n<p data-start=\"521\" data-end=\"550\">Um die Trocknungszeit zu verk\u00fcrzen:<\/p>\n<ul>\n<li>Drehen Sie das Kleidungsst\u00fcck auf links, damit die wasserdichte Schicht die Feuchtigkeit nicht einschlie\u00dft.<\/li>\n<li>Beenden Sie Ihre W\u00e4sche immer mit einem hohen Schleudergang &#8211; dies ist eine der besten M\u00f6glichkeiten, die Trockenzeit zu verk\u00fcrzen.<\/li>\n<li>Trocknen Sie es von innen nach au\u00dfen bei Raumtemperatur oder im Freien.<br \/>Wenn Sie einen W\u00e4schetrockner verwenden, achten Sie darauf, dass die Temperatur 60 \u00b0C nicht \u00fcberschreitet.<\/li>\n<\/ul>\n<p><strong>Tipp:<\/strong> Durch kr\u00e4ftiges Schleudern und Trocknen von innen nach au\u00dfen ist Ihr Pjama viel schneller wieder einsatzbereit.<\/p>\n<p>[\/et_pb_text][\/et_pb_column][\/et_pb_row][\/et_pb_section][et_pb_section fb_built=&#8220;1&#8243; _builder_version=&#8220;4.27.4&#8243; _module_preset=&#8220;default&#8220; da_disable_devices=&#8220;off|off|off&#8220; global_colors_info=&#8220;{}&#8220; da_is_popup=&#8220;off&#8220; da_exit_intent=&#8220;off&#8220; da_has_close=&#8220;on&#8220; da_alt_close=&#8220;off&#8220; da_dark_close=&#8220;off&#8220; da_not_modal=&#8220;on&#8220; da_is_singular=&#8220;off&#8220; da_with_loader=&#8220;off&#8220; da_has_shadow=&#8220;on&#8220;][et_pb_row column_structure=&#8220;3_5,2_5&#8243; _builder_version=&#8220;4.27.4&#8243; _module_preset=&#8220;default&#8220; global_colors_info=&#8220;{}&#8220;][et_pb_column type=&#8220;3_5&#8243; _builder_version=&#8220;4.27.4&#8243; _module_preset=&#8220;default&#8220; global_colors_info=&#8220;{}&#8220;][et_pb_heading title=&#8220;PJAMA WASCHANLEITUNG F\u00dcR BOXERSHORTS &amp; SLIPS&#8220; _builder_version=&#8220;4.27.4&#8243; _module_preset=&#8220;default&#8220; title_text_color=&#8220;#D35917&#8243; global_colors_info=&#8220;{}&#8220;][\/et_pb_heading][et_pb_heading title=&#8220;EINFACHE PFLEGE, SCHNELL TROCKNEND&#8220; _builder_version=&#8220;4.27.4&#8243; _module_preset=&#8220;default&#8220; title_level=&#8220;h2&#8243; title_text_color=&#8220;gcid-5eef58f4-760a-49fb-ad33-042d93415a96&#8243; global_colors_info=&#8220;{%22gcid-5eef58f4-760a-49fb-ad33-042d93415a96%22:%91%22title_text_color%22%93}&#8220;][\/et_pb_heading][et_pb_text _builder_version=&#8220;4.27.6&#8243; header_2_text_color=&#8220;#61a2df&#8220; header_3_text_color=&#8220;gcid-5eef58f4-760a-49fb-ad33-042d93415a96&#8243; hover_enabled=&#8220;0&#8243; ul_font_size_tablet=&#8220;&#8220; ul_font_size_phone=&#8220;17px&#8220; ul_font_size_last_edited=&#8220;on|phone&#8220; global_colors_info=&#8220;{%22gcid-5eef58f4-760a-49fb-ad33-042d93415a96%22:%91%22header_3_text_color%22%93}&#8220; text_font=&#8220;&#8211;et_global_body_font|&#8211;et_global_heading_font_weight|||||||&#8220; sticky_enabled=&#8220;0&#8243;]<\/p>\n<h3>PJAMA WASCHANLEITUNG F\u00dcR UNTERW\u00c4SCHE<\/h3>\n<p>Die Pjama DryGuardians Unterw\u00e4sche mit Sensorf\u00e4den ist gem\u00e4\u00df unserer Pjama Waschanleitung besonders pflegeleicht. Befolgen Sie diese Schritte zum Waschen Ihres Pjamas, um seine Qualit\u00e4t zu erhalten: <\/p>\n<ul>\n<li>Entfernen Sie den Sensor vor dem Waschen.<\/li>\n<li>Mit Kleidungsst\u00fccken \u00e4hnlicher Farbe waschen.<\/li>\n<li>Vermeiden Sie das Waschen mit Gegenst\u00e4nden, die Metallteile enthalten.<\/li>\n<li>Verwenden Sie eine maximale Waschtemperatur von 60 \u00b0C.<\/li>\n<li>Lufttrocknen bei Raumtemperatur oder im Freien.<\/li>\n<li>Wenn Sie einen W\u00e4schetrockner verwenden, halten Sie die Temperatur bei oder unter 60 \u00b0C.<\/li>\n<\/ul>\n<p><strong>Tun Sie das nicht:<\/strong><\/p>\n<ul>\n<li>Chemische Reinigung &#8211; Chemikalien k\u00f6nnen Faden oder Stoff besch\u00e4digen.<\/li>\n<li>Verwenden Sie keine Weichsp\u00fcler &#8211; sie k\u00f6nnen die Sensorleistung beeintr\u00e4chtigen.<\/li>\n<li>B\u00fcgeleisen &#8211; Hitze kann die eingebauten Sensorf\u00e4den zerst\u00f6ren.<\/li>\n<\/ul>\n<p>[\/et_pb_text][\/et_pb_column][et_pb_column type=&#8220;2_5&#8243; _builder_version=&#8220;4.27.4&#8243; _module_preset=&#8220;default&#8220; global_colors_info=&#8220;{}&#8220;][et_pb_image src=&#8220;https:\/\/pjama.eu\/wp-content\/uploads\/Pjama_boxersbriefs_bg-2.jpg&#8220; alt=&#8220;Bettn\u00e4ssende Unterw\u00e4sche&#8220; title_text=&#8220;Pjama_boxersbriefs_bg (2)&#8220; _builder_version=&#8220;4.27.4&#8243; _module_preset=&#8220;default&#8220; min_height=&#8220;100px&#8220; custom_margin=&#8220;|||15px|false|false&#8220; global_colors_info=&#8220;{}&#8220;][\/et_pb_image][\/et_pb_column][\/et_pb_row][et_pb_row column_structure=&#8220;1_3,1_3,1_3&#8243; _builder_version=&#8220;4.27.4&#8243; background_color=&#8220;gcid-5eef58f4-760a-49fb-ad33-042d93415a96&#8243; custom_margin=&#8220;||50px||false|false&#8220; border_radii=&#8220;on|10px|10px|10px|10px&#8220; global_colors_info=&#8220;{%22gcid-5eef58f4-760a-49fb-ad33-042d93415a96%22:%91%22background_color%22%93}&#8220;][et_pb_column type=&#8220;1_3&#8243; _builder_version=&#8220;4.16&#8243; global_colors_info=&#8220;{}&#8220;][et_pb_blurb title=&#8220;Maximal 60 \u00b0C&#8220; image=&#8220;https:\/\/pjama.eu\/wp-content\/uploads\/washing-machine-max60.svg&#8220; image_icon_width=&#8220;25%&#8220; _builder_version=&#8220;4.27.4&#8243; header_level=&#8220;h2&#8243; header_text_color=&#8220;#D35917&#8243; text_orientation=&#8220;center&#8220; background_layout=&#8220;dark&#8220; max_width_tablet=&#8220;&#8220; max_width_phone=&#8220;50%&#8220; max_width_last_edited=&#8220;on|phone&#8220; module_alignment=&#8220;center&#8220; image_max_width=&#8220;25%&#8220; global_colors_info=&#8220;{}&#8220;][\/et_pb_blurb][\/et_pb_column][et_pb_column type=&#8220;1_3&#8243; _builder_version=&#8220;4.16&#8243; global_colors_info=&#8220;{}&#8220;][et_pb_blurb title=&#8220;Maximal 60 \u00b0C&#8220; image=&#8220;https:\/\/pjama.eu\/wp-content\/uploads\/laundry-max60.svg&#8220; image_icon_width=&#8220;25%&#8220; _builder_version=&#8220;4.27.4&#8243; header_level=&#8220;h2&#8243; header_text_color=&#8220;#D35917&#8243; text_orientation=&#8220;center&#8220; background_layout=&#8220;dark&#8220; max_width_tablet=&#8220;&#8220; max_width_phone=&#8220;50%&#8220; max_width_last_edited=&#8220;on|phone&#8220; module_alignment=&#8220;center&#8220; image_max_width=&#8220;25%&#8220; global_colors_info=&#8220;{}&#8220;][\/et_pb_blurb][\/et_pb_column][et_pb_column type=&#8220;1_3&#8243; _builder_version=&#8220;4.16&#8243; global_colors_info=&#8220;{}&#8220;][et_pb_blurb title=&#8220;NICHT B\u00dcGEL&#8220; image=&#8220;https:\/\/pjama.eu\/wp-content\/uploads\/dry.svg&#8220; image_icon_width=&#8220;25%&#8220; _builder_version=&#8220;4.27.4&#8243; header_level=&#8220;h2&#8243; header_text_color=&#8220;#D35917&#8243; text_orientation=&#8220;center&#8220; background_layout=&#8220;dark&#8220; max_width_tablet=&#8220;&#8220; max_width_phone=&#8220;48%&#8220; max_width_last_edited=&#8220;on|phone&#8220; module_alignment=&#8220;center&#8220; image_max_width=&#8220;25%&#8220; global_colors_info=&#8220;{}&#8220;][\/et_pb_blurb][\/et_pb_column][\/et_pb_row][\/et_pb_section]<\/p>\n","protected":false},"excerpt":{"rendered":"<p>Die richtige Pjama Waschanleitung Pjama-Produkte sind waschbar, wiederverwendbar und langlebig. Mit der richtigen Pjama Waschanleitung stellen Sie sicher, dass die Saugkraft erhalten bleibt.Ziehen Sie die Hosen erst kurz vor dem Schlafengehen an, damit sie in gutem Zustand bleiben. Sie sind nicht zum Spielen oder Herumh\u00fcpfen vor dem Schlafengehen gedacht. Und wenn es an der Zeit [&hellip;]<\/p>\n","protected":false},"author":1,"featured_media":19914,"parent":0,"menu_order":0,"comment_status":"closed","ping_status":"closed","template":"","meta":{"_et_pb_use_builder":"on","_et_pb_old_content":"","_et_gb_content_width":"","footnotes":""},"class_list":["post-24040","page","type-page","status-publish","has-post-thumbnail","hentry"],"_links":{"self":[{"href":"https:\/\/pjama.eu\/de\/wp-json\/wp\/v2\/pages\/24040","targetHints":{"allow":["GET"]}}],"collection":[{"href":"https:\/\/pjama.eu\/de\/wp-json\/wp\/v2\/pages"}],"about":[{"href":"https:\/\/pjama.eu\/de\/wp-json\/wp\/v2\/types\/page"}],"author":[{"embeddable":true,"href":"https:\/\/pjama.eu\/de\/wp-json\/wp\/v2\/users\/1"}],"replies":[{"embeddable":true,"href":"https:\/\/pjama.eu\/de\/wp-json\/wp\/v2\/comments?post=24040"}],"version-history":[{"count":14,"href":"https:\/\/pjama.eu\/de\/wp-json\/wp\/v2\/pages\/24040\/revisions"}],"predecessor-version":[{"id":36316,"href":"https:\/\/pjama.eu\/de\/wp-json\/wp\/v2\/pages\/24040\/revisions\/36316"}],"wp:featuredmedia":[{"embeddable":true,"href":"https:\/\/pjama.eu\/de\/wp-json\/wp\/v2\/media\/19914"}],"wp:attachment":[{"href":"https:\/\/pjama.eu\/de\/wp-json\/wp\/v2\/media?parent=24040"}],"curies":[{"name":"wp","href":"https:\/\/api.w.org\/{rel}","templated":true}]}}