{"id":24061,"date":"2020-03-26T14:58:36","date_gmt":"2020-03-26T13:58:36","guid":{"rendered":"https:\/\/pjama.eu\/ruecknahme-und-rueckgabe\/"},"modified":"2026-03-22T17:35:19","modified_gmt":"2026-03-22T16:35:19","slug":"ruecknahme-und-rueckgabe","status":"publish","type":"page","link":"https:\/\/pjama.eu\/de\/ruecknahme-und-rueckgabe\/","title":{"rendered":"R\u00fccknahme und R\u00fcckgabe"},"content":{"rendered":"<p>[et_pb_section fb_built=&#8220;1&#8243; custom_padding_last_edited=&#8220;on|phone&#8220; _builder_version=&#8220;4.27.4&#8243; background_color=&#8220;gcid-5eef58f4-760a-49fb-ad33-042d93415a96&#8243; background_enable_image=&#8220;off&#8220; background_position=&#8220;top_right&#8220; custom_padding=&#8220;100px||49px||false|false&#8220; custom_padding_tablet=&#8220;90px||0px||false|false&#8220; custom_padding_phone=&#8220;40px||0px||false|false&#8220; top_divider_color=&#8220;#61a2df&#8220; top_divider_height=&#8220;500px&#8220; bottom_divider_style=&#8220;asymmetric&#8220; bottom_divider_color=&#8220;#ffffff&#8220; da_disable_devices=&#8220;off|off|off&#8220; collapsed=&#8220;on&#8220; global_colors_info=&#8220;{%22gcid-5eef58f4-760a-49fb-ad33-042d93415a96%22:%91%22background_color%22%93}&#8220; da_is_popup=&#8220;off&#8220; da_exit_intent=&#8220;off&#8220; da_has_close=&#8220;on&#8220; da_alt_close=&#8220;off&#8220; da_dark_close=&#8220;off&#8220; da_not_modal=&#8220;on&#8220; da_is_singular=&#8220;off&#8220; da_with_loader=&#8220;off&#8220; da_has_shadow=&#8220;on&#8220;][et_pb_row _builder_version=&#8220;4.16&#8243; custom_margin=&#8220;|auto|60px|auto||&#8220; global_colors_info=&#8220;{}&#8220;][et_pb_column type=&#8220;4_4&#8243; _builder_version=&#8220;4.16&#8243; global_colors_info=&#8220;{}&#8220;][et_pb_heading title=&#8220;PJAMA&#8220; _builder_version=&#8220;4.27.4&#8243; _module_preset=&#8220;default&#8220; title_text_color=&#8220;#D35917&#8243; title_font_size=&#8220;40px&#8220; title_font_size_tablet=&#8220;40px&#8220; title_font_size_phone=&#8220;25px&#8220; title_font_size_last_edited=&#8220;on|phone&#8220; global_colors_info=&#8220;{}&#8220;][\/et_pb_heading][et_pb_text _builder_version=&#8220;4.27.4&#8243; header_text_align=&#8220;left&#8220; header_font_size=&#8220;75px&#8220; text_orientation=&#8220;right&#8220; background_layout=&#8220;dark&#8220; custom_padding_tablet=&#8220;&#8220; custom_padding_phone=&#8220;0px||54px||false|false&#8220; custom_padding_last_edited=&#8220;on|phone&#8220; header_font_size_tablet=&#8220;75px&#8220; header_font_size_phone=&#8220;40px&#8220; header_font_size_last_edited=&#8220;on|phone&#8220; global_colors_info=&#8220;{}&#8220;]<\/p>\n<h1 class=\"hero\">Garantie und R\u00fcckgabe<\/h1>\n<p>[\/et_pb_text][\/et_pb_column][\/et_pb_row][\/et_pb_section][et_pb_section fb_built=&#8220;1&#8243; _builder_version=&#8220;4.16&#8243; background_color=&#8220;rgba(255,255,255,0)&#8220; custom_margin_tablet=&#8220;-60px||||false|false&#8220; custom_margin_phone=&#8220;&#8220; custom_margin_last_edited=&#8220;on|phone&#8220; custom_padding=&#8220;0px||0px|||&#8220; da_disable_devices=&#8220;off|off|off&#8220; collapsed=&#8220;on&#8220; global_colors_info=&#8220;{}&#8220; da_is_popup=&#8220;off&#8220; da_exit_intent=&#8220;off&#8220; da_has_close=&#8220;on&#8220; da_alt_close=&#8220;off&#8220; da_dark_close=&#8220;off&#8220; da_not_modal=&#8220;on&#8220; da_is_singular=&#8220;off&#8220; da_with_loader=&#8220;off&#8220; da_has_shadow=&#8220;on&#8220;][et_pb_row custom_padding_last_edited=&#8220;on|desktop&#8220; _builder_version=&#8220;4.16&#8243; background_size=&#8220;initial&#8220; background_position=&#8220;top_left&#8220; background_repeat=&#8220;repeat&#8220; width=&#8220;65%&#8220; width_tablet=&#8220;80%&#8220; width_phone=&#8220;90%&#8220; width_last_edited=&#8220;on|desktop&#8220; custom_padding=&#8220;||60px|||&#8220; custom_padding_tablet=&#8220;||0px||false|false&#8220; custom_padding_phone=&#8220;&#8220; global_colors_info=&#8220;{}&#8220;][et_pb_column type=&#8220;4_4&#8243; _builder_version=&#8220;4.16&#8243; custom_padding=&#8220;|||&#8220; global_colors_info=&#8220;{}&#8220; custom_padding__hover=&#8220;|||&#8220;][et_pb_text _builder_version=&#8220;4.27.6&#8243; header_2_text_color=&#8220;gcid-5eef58f4-760a-49fb-ad33-042d93415a96&#8243; hover_enabled=&#8220;0&#8243; global_colors_info=&#8220;{%22gcid-5eef58f4-760a-49fb-ad33-042d93415a96%22:%91%22header_2_text_color%22%93}&#8220; text_font=&#8220;&#8211;et_global_body_font|&#8211;et_global_heading_font_weight|||||||&#8220; sticky_enabled=&#8220;0&#8243;]<\/p>\n<h2>RECHT AUF WIDERRUF DES KAUFS UND R\u00dcCKGABE DER WARE(N)<\/h2>\n<p>Sie haben das Recht, Ihren Kauf zu stornieren, wenn der Artikel, den Sie bei uns gekauft haben, nicht Ihren Erwartungen entspricht. Kein Gesch\u00e4ft ist abgeschlossen, bis Sie Ihr(e) Produkt(e) erhalten und akzeptiert haben. Sie m\u00fcssen vollst\u00e4ndig zufrieden sein, sonst erhalten Sie Ihr Geld zur\u00fcck. Wenn Sie nicht zufrieden sind, haben Sie 14 Tage ab dem Datum, an dem Sie Ihren Artikel erhalten haben. Sie haben das Recht, die Verpackung zu \u00f6ffnen, um zu \u00fcberpr\u00fcfen, ob der\/die Artikel in einwandfreiem Zustand ist\/sind.    <\/p>\n<p>Das Produkt muss, f\u00fcr die Weitergabe der R\u00fcckkehr, in den gleichen Zustand zur\u00fcckgeschickt werden und sollte in ihrer Originalverpackung zusammen mit allen zugeh\u00f6rigen Handb\u00fcchern und Teile zur\u00fcckgegeben werden. Die R\u00fccksendung erfolgt in demselben Versandbeh\u00e4lter, in dem sie geliefert wurde, oder in einem gleichwertigen Beh\u00e4lter. Wenn Sie von Ihrem Recht wie oben beschrieben Gebrauch machen, erhalten Sie bei zufriedenstellender R\u00fccksendung innerhalb von 30 Tagen nach Erhalt der Ware eine R\u00fcckerstattung (ohne die bezahlten Kosten f\u00fcr die R\u00fccksendung) von uns.  <\/p>\n<h2>UMTAUSCHRECHT<\/h2>\n<p>Als Kunde haben Sie das Recht, Ihre Ware(n) innerhalb von 14 Tagen nach Erhalt der Ware(n) gegen ein gleichwertiges Produkt umzutauschen, wobei das Umtauschrecht nicht f\u00fcr Verkaufs- und Sonderangebotsprodukte gilt. Damit eine R\u00fcckgabe genehmigt werden kann, muss der Artikel in seinem urspr\u00fcnglichen Zustand und in der Originalverpackung zusammen mit allen dazugeh\u00f6rigen Handb\u00fcchern und Teilen zur\u00fcckgegeben werden. Die R\u00fccksendung muss in der gleichen oder einer gleichwertigen Verpackung erfolgen, in der sie empfangen wurde. Beim Umtausch von gekauften Artikeln werden die Kosten f\u00fcr die R\u00fccksendung von uns getragen.   <\/p>\n<h2>COMPLAINTS<\/h2>\n<p>Sollte die Ware bei Erhalt besch\u00e4digt sein, oder sollten Sie ein falsches Produkt erhalten, oder sollte die Ware in irgendeiner anderen Weise von der Vereinbarung zwischen Ihnen und uns abweichen, haben Sie das Recht, eine Reklamation einzureichen. Reklamationen, die einen Artikel betreffen, m\u00fcssen so schnell wie m\u00f6glich eingereicht werden. Eine Reklamation, die innerhalb von 2 Monaten nach Entdeckung eines Mangels eingereicht wird, gilt immer als innerhalb der zul\u00e4ssigen Frist eingereicht. Sobald ein zur\u00fcckgesandter Artikel gem\u00e4\u00df dem oben unter &#8222;Recht auf Widerruf des Kaufs und R\u00fcckgabe des\/der Artikel(s)&#8220; dargelegten Verfahren eingegangen ist, wird Ihnen innerhalb von 30 Tagen nach Eingang Ihrer Reklamation eine R\u00fcckerstattung gew\u00e4hrt.   <\/p>\n<p>Ihr Recht, einen gekauften Artikel zu reklamieren, unterliegt den Regeln, die nach dem Recht des Landes gelten, aus dem Sie Ihre Bestellung aufgegeben haben. Ihr Recht, einen gekauften Artikel zu reklamieren, wird jedoch niemals 2 Jahre \u00fcberschreiten. <\/p>\n<p><strong>Wenn Sie weitere Anweisungen zur Einreichung einer Beschwerde ben\u00f6tigen, wenden Sie sich bitte per E-Mail an unseren Kundendienst unter <a href=\"mailto:support@pjama.se\">support@pjama.se.<\/a><\/strong><\/p>\n<p>Sollte das Produkt fehlerhaft oder defekt sein oder sollten Sie einen falschen Artikel erhalten haben, werden die Kosten f\u00fcr die R\u00fccksendung von uns getragen.<\/p>\n<h2>HAFTUNG BEI R\u00dcCKSENDUNG VON WAREN<\/h2>\n<p>Bei Inanspruchnahme des Widerrufsrechts, des Reklamationsrechts oder des Umtauschrechts haften Sie f\u00fcr die zur\u00fcckgesandte(n) Ware(n) w\u00e4hrend der R\u00fccksendung und sind somit verpflichtet, uns f\u00fcr die zur\u00fcckgesandte(n) Ware(n) zu entsch\u00e4digen, wenn diese w\u00e4hrend der R\u00fccksendung besch\u00e4digt wird oder verloren geht. Da Sie f\u00fcr die zur\u00fcckgesandte(n) Ware(n) bis zum Eingang bei uns haften, empfehlen wir Ihnen, sich die Sendungsverfolgungsnummer des Pakets zu notieren. <\/p>\n<p>[\/et_pb_text][et_pb_cta title=&#8220;Anweisungen&#8220; button_url=&#8220;https:\/\/pjama.eu\/wp-content\/uploads\/F28-01-Return-form-DE-2025.pdf&#8220; url_new_window=&#8220;on&#8220; button_text=&#8220;Anweisungen herunterladen&#8220; _builder_version=&#8220;4.27.6&#8243; header_text_color=&#8220;#D35917&#8243; background_color=&#8220;gcid-5eef58f4-760a-49fb-ad33-042d93415a96&#8243; custom_margin=&#8220;||20px||false|false&#8220; custom_margin_tablet=&#8220;&#8220; custom_margin_phone=&#8220;||20px||false|false&#8220; custom_margin_last_edited=&#8220;on|phone&#8220; hover_enabled=&#8220;0&#8243; border_radii=&#8220;on|10px|10px|10px|10px&#8220; box_shadow_style=&#8220;preset1&#8243; global_colors_info=&#8220;{%22gcid-5eef58f4-760a-49fb-ad33-042d93415a96%22:%91%22background_color%22%93}&#8220; body_font=&#8220;&#8211;et_global_body_font|&#8211;et_global_heading_font_weight|||||||&#8220; body_text_shadow_style=&#8220;preset1&#8243; header_text_shadow_style=&#8220;preset1&#8243; sticky_enabled=&#8220;0&#8243; custom_button=&#8220;on&#8220; button_bg_color=&#8220;#61A2DF&#8220; button_bg_enable_color=&#8220;on&#8220; button_border_color=&#8220;#F8F8F8&#8243; button_border_radius=&#8220;10px&#8220; button_font=&#8220;&#8211;et_global_body_font|700|||||||&#8220; button_text_shadow_style=&#8220;preset1&#8243; box_shadow_style_button=&#8220;preset2&#8243;]<\/p>\n<p><strong>F\u00fcr Widerruf, Ersatz, R\u00fcckgabe oder Reklamation laden Sie bitte die Anleitung herunter und lesen Sie sie.<\/strong><\/p>\n<p>[\/et_pb_cta][\/et_pb_column][\/et_pb_row][\/et_pb_section][et_pb_section fb_built=&#8220;1&#8243; _builder_version=&#8220;4.27.4&#8243; background_enable_color=&#8220;off&#8220; custom_margin_tablet=&#8220;-60px||||false|false&#8220; custom_margin_phone=&#8220;&#8220; custom_margin_last_edited=&#8220;on|phone&#8220; custom_padding=&#8220;20px||||false|false&#8220; da_disable_devices=&#8220;off|off|off&#8220; collapsed=&#8220;on&#8220; global_colors_info=&#8220;{}&#8220; da_is_popup=&#8220;off&#8220; da_exit_intent=&#8220;off&#8220; da_has_close=&#8220;on&#8220; da_alt_close=&#8220;off&#8220; da_dark_close=&#8220;off&#8220; da_not_modal=&#8220;on&#8220; da_is_singular=&#8220;off&#8220; da_with_loader=&#8220;off&#8220; da_has_shadow=&#8220;on&#8220;][et_pb_row custom_padding_last_edited=&#8220;on|desktop&#8220; _builder_version=&#8220;4.16&#8243; background_size=&#8220;initial&#8220; background_position=&#8220;top_left&#8220; background_repeat=&#8220;repeat&#8220; width=&#8220;65%&#8220; width_tablet=&#8220;80%&#8220; width_phone=&#8220;90%&#8220; width_last_edited=&#8220;on|desktop&#8220; custom_padding=&#8220;||60px|||&#8220; custom_padding_tablet=&#8220;||0px||false|false&#8220; custom_padding_phone=&#8220;&#8220; global_colors_info=&#8220;{}&#8220;][et_pb_column type=&#8220;4_4&#8243; _builder_version=&#8220;4.16&#8243; custom_padding=&#8220;|||&#8220; global_colors_info=&#8220;{}&#8220; custom_padding__hover=&#8220;|||&#8220;][et_pb_text module_id=&#8220;delivery&#8220; _builder_version=&#8220;4.27.6&#8243; header_2_text_color=&#8220;gcid-5eef58f4-760a-49fb-ad33-042d93415a96&#8243; hover_enabled=&#8220;0&#8243; global_colors_info=&#8220;{%22gcid-5eef58f4-760a-49fb-ad33-042d93415a96%22:%91%22header_2_text_color%22%93}&#8220; text_font=&#8220;&#8211;et_global_body_font|&#8211;et_global_heading_font_weight|||||||&#8220; sticky_enabled=&#8220;0&#8243;]<\/p>\n<h2>LIEFERUNG<\/h2>\n<p>Die Lieferung erfolgt normalerweise innerhalb von 10 Arbeitstagen. Sollte es zu einer Lieferverz\u00f6gerung kommen, haben Sie das Recht, den Kauf kostenlos zu stornieren, wenn Sie den vorgeschlagenen neuen Liefertermin nicht akzeptieren. Die R\u00fcckerstattung Ihrer Zahlung erfolgt innerhalb von 30 Tagen nach Eingang Ihrer Mitteilung \u00fcber die Stornierung des Kaufs.  <\/p>\n<p>Sie werden per SMS oder Brief benachrichtigt, wenn die Sendung(en) zur Abholung bereitstehen. Nicht abgeholte Pakete werden von uns in Rechnung gestellt, um die Verwaltungs- und Frachtkosten (Hin- und R\u00fcckversand) zu decken. Die entsprechende Rechnung wird innerhalb von 30 Tagen, nachdem das nicht abgeholte Paket bei uns registriert wurde, versandt.  <\/p>\n<h2>VERSAND<\/h2>\n<p>Wir haften f\u00fcr Artikel, die w\u00e4hrend der Lieferung besch\u00e4digt werden oder verloren gehen. Reklamationen in Bezug auf Artikel, die w\u00e4hrend des Transports besch\u00e4digt wurden, m\u00fcssen in \u00dcbereinstimmung mit dem oben genannten Punkt &#8222;Reklamationen&#8220; erfolgen. <\/p>\n<h2>HAFTUNGSAUSSCHLUSS<\/h2>\n<p>Wir \u00fcbernehmen keine Haftung f\u00fcr Druck- oder Schreibfehler in Bezug auf die von uns angegebenen Preise und sonstigen Informationen.<\/p>\n<p>[\/et_pb_text][\/et_pb_column][\/et_pb_row][\/et_pb_section]<\/p>\n","protected":false},"excerpt":{"rendered":"<p>Garantie und R\u00fcckgabeRECHT AUF WIDERRUF DES KAUFS UND R\u00dcCKGABE DER WARE(N) Sie haben das Recht, Ihren Kauf zu stornieren, wenn der Artikel, den Sie bei uns gekauft haben, nicht Ihren Erwartungen entspricht. Kein Gesch\u00e4ft ist abgeschlossen, bis Sie Ihr(e) Produkt(e) erhalten und akzeptiert haben. Sie m\u00fcssen vollst\u00e4ndig zufrieden sein, sonst erhalten Sie Ihr Geld zur\u00fcck. [&hellip;]<\/p>\n","protected":false},"author":1,"featured_media":0,"parent":0,"menu_order":0,"comment_status":"closed","ping_status":"closed","template":"","meta":{"_et_pb_use_builder":"on","_et_pb_old_content":"","_et_gb_content_width":"","footnotes":""},"class_list":["post-24061","page","type-page","status-publish","hentry"],"_links":{"self":[{"href":"https:\/\/pjama.eu\/de\/wp-json\/wp\/v2\/pages\/24061","targetHints":{"allow":["GET"]}}],"collection":[{"href":"https:\/\/pjama.eu\/de\/wp-json\/wp\/v2\/pages"}],"about":[{"href":"https:\/\/pjama.eu\/de\/wp-json\/wp\/v2\/types\/page"}],"author":[{"embeddable":true,"href":"https:\/\/pjama.eu\/de\/wp-json\/wp\/v2\/users\/1"}],"replies":[{"embeddable":true,"href":"https:\/\/pjama.eu\/de\/wp-json\/wp\/v2\/comments?post=24061"}],"version-history":[{"count":15,"href":"https:\/\/pjama.eu\/de\/wp-json\/wp\/v2\/pages\/24061\/revisions"}],"predecessor-version":[{"id":34662,"href":"https:\/\/pjama.eu\/de\/wp-json\/wp\/v2\/pages\/24061\/revisions\/34662"}],"wp:attachment":[{"href":"https:\/\/pjama.eu\/de\/wp-json\/wp\/v2\/media?parent=24061"}],"curies":[{"name":"wp","href":"https:\/\/api.w.org\/{rel}","templated":true}]}}