{"id":24254,"date":"2020-02-17T17:55:20","date_gmt":"2020-02-17T16:55:20","guid":{"rendered":"https:\/\/pjama.eu\/ueber-pjama-unsere-geschichte\/"},"modified":"2026-03-21T11:16:35","modified_gmt":"2026-03-21T10:16:35","slug":"pjama","status":"publish","type":"page","link":"https:\/\/pjama.eu\/de\/pjama\/","title":{"rendered":"\u00dcber Pjama &#8211; unsere Geschichte"},"content":{"rendered":"<p>[et_pb_section fb_built=&#8220;1&#8243; custom_padding_last_edited=&#8220;on|phone&#8220; _builder_version=&#8220;4.27.4&#8243; use_background_color_gradient=&#8220;on&#8220; background_color_gradient_stops=&#8220;gcid-5eef58f4-760a-49fb-ad33-042d93415a96 0%|rgba(0,0,0,0.2) 100%&#8220; background_color_gradient_overlays_image=&#8220;on&#8220; background_color_gradient_start=&#8220;rgba(0,0,0,0.2)&#8220; background_color_gradient_end=&#8220;rgba(0,0,0,0.2)&#8220; background_image=&#8220;https:\/\/pjama.eu\/wp-content\/uploads\/pjama-happy-kids-looking-from-above-1.jpg&#8220; custom_padding=&#8220;7%||7%||true|false&#8220; custom_padding_tablet=&#8220;60px||60px||true|false&#8220; custom_padding_phone=&#8220;40px||40px||false|false&#8220; top_divider_color=&#8220;#61a2df&#8220; top_divider_height=&#8220;500px&#8220; bottom_divider_color=&#8220;#ffffff&#8220; bottom_divider_flip=&#8220;horizontal&#8220; bottom_divider_height_tablet=&#8220;58px&#8220; bottom_divider_height_phone=&#8220;32px&#8220; bottom_divider_height_last_edited=&#8220;on|phone&#8220; da_disable_devices=&#8220;off|off|off&#8220; collapsed=&#8220;off&#8220; global_colors_info=&#8220;{%22gcid-5eef58f4-760a-49fb-ad33-042d93415a96%22:%91%22background_color_gradient_stops%22%93}&#8220; da_is_popup=&#8220;off&#8220; da_exit_intent=&#8220;off&#8220; da_has_close=&#8220;on&#8220; da_alt_close=&#8220;off&#8220; da_dark_close=&#8220;off&#8220; da_not_modal=&#8220;on&#8220; da_is_singular=&#8220;off&#8220; da_with_loader=&#8220;off&#8220; da_has_shadow=&#8220;on&#8220;][et_pb_row column_structure=&#8220;3_4,1_4&#8243; custom_padding_last_edited=&#8220;on|phone&#8220; _builder_version=&#8220;4.27.4&#8243; custom_margin=&#8220;|auto|6px|auto||&#8220; custom_padding=&#8220;0px||0px|||&#8220; custom_padding_tablet=&#8220;0px||0px|||&#8220; custom_padding_phone=&#8220;26px||0px||false|false&#8220; global_colors_info=&#8220;{}&#8220;][et_pb_column type=&#8220;3_4&#8243; _builder_version=&#8220;4.16&#8243; global_colors_info=&#8220;{}&#8220;][et_pb_text _builder_version=&#8220;4.27.4&#8243; header_font_size=&#8220;75px&#8220; header_3_text_color=&#8220;#D35917&#8243; header_3_font_size=&#8220;40px&#8220; background_layout=&#8220;dark&#8220; header_font_size_tablet=&#8220;75px&#8220; header_font_size_phone=&#8220;40px&#8220; header_font_size_last_edited=&#8220;on|phone&#8220; header_3_font_size_tablet=&#8220;40px&#8220; header_3_font_size_phone=&#8220;25px&#8220; header_3_font_size_last_edited=&#8220;on|phone&#8220; text_orientation_tablet=&#8220;&#8220; text_orientation_phone=&#8220;left&#8220; text_orientation_last_edited=&#8220;on|desktop&#8220; text_text_shadow_style=&#8220;preset1&#8243; text_text_shadow_blur_strength=&#8220;0.5em&#8220; text_text_shadow_color=&#8220;rgba(0,0,0,0.15)&#8220; global_colors_info=&#8220;{}&#8220;]<\/p>\n<h3>\u00dcBER PJAMA<\/h3>\n<h1 class=\"hero\">Pjama: Mehr Selbstvertrauen und Freiheit bei Bettn\u00e4ssen<\/h1>\n<p>[\/et_pb_text][\/et_pb_column][et_pb_column type=&#8220;1_4&#8243; _builder_version=&#8220;4.16&#8243; global_colors_info=&#8220;{}&#8220;][\/et_pb_column][\/et_pb_row][\/et_pb_section][et_pb_section fb_built=&#8220;1&#8243; custom_padding_last_edited=&#8220;on|desktop&#8220; _builder_version=&#8220;4.16&#8243; custom_padding=&#8220;60px||60px||true|false&#8220; custom_padding_tablet=&#8220;20px||20px||true|false&#8220; custom_padding_phone=&#8220;&#8220; da_disable_devices=&#8220;off|off|off&#8220; collapsed=&#8220;off&#8220; global_colors_info=&#8220;{}&#8220; da_is_popup=&#8220;off&#8220; da_exit_intent=&#8220;off&#8220; da_has_close=&#8220;on&#8220; da_alt_close=&#8220;off&#8220; da_dark_close=&#8220;off&#8220; da_not_modal=&#8220;on&#8220; da_is_singular=&#8220;off&#8220; da_with_loader=&#8220;off&#8220; da_has_shadow=&#8220;on&#8220;][et_pb_row column_structure=&#8220;3_4,1_4&#8243; custom_padding_last_edited=&#8220;on|desktop&#8220; _builder_version=&#8220;4.16&#8243; background_size=&#8220;initial&#8220; background_position=&#8220;top_left&#8220; background_repeat=&#8220;repeat&#8220; custom_padding=&#8220;0px||60px|||&#8220; custom_padding_tablet=&#8220;||0px||false|false&#8220; custom_padding_phone=&#8220;&#8220; global_colors_info=&#8220;{}&#8220;][et_pb_column type=&#8220;3_4&#8243; _builder_version=&#8220;4.16&#8243; custom_padding=&#8220;|||&#8220; global_colors_info=&#8220;{}&#8220; custom_padding__hover=&#8220;|||&#8220;][et_pb_text _builder_version=&#8220;4.27.6&#8243; text_font=&#8220;&#8211;et_global_body_font|&#8211;et_global_heading_font_weight|||||||&#8220; header_2_text_color=&#8220;#D35917&#8243; hover_enabled=&#8220;0&#8243; global_colors_info=&#8220;{}&#8220; header_3_text_color=&#8220;#072130&#8243; sticky_enabled=&#8220;0&#8243;]<\/p>\n<h3>UNSERE<\/h3>\n<h2>MISSION<\/h2>\n<p>Wir glauben, dass jeder es verdient, sich selbstbewusst zu f\u00fchlen \u2013 unabh\u00e4ngig von Bettn\u00e4ssen.<br \/>\nDie Mission von Pjama ist es, Kindern und Erwachsenen die volle Teilnahme am Leben zu erm\u00f6glichen \u2013 ob bei \u00dcbernachtungen, Reisen oder im Alltag \u2013 ohne Angst oder Scham.<\/p>\n<p>Bettn\u00e4ssen ist h\u00e4ufiger als die meisten denken, bleibt aber f\u00fcr viele Familien eine verschwiegene Herausforderung. Unsere Arbeit bei Pjama basiert auf Empathie. Wir wollen das Stigma abbauen, Vertrauen schaffen und Familien praktische L\u00f6sungen bieten, um den Alltag zu erleichtern. <\/p>\n<p>Wir sind stolz darauf, Familien auf der ganzen Welt dabei zu helfen, ihre Sorgen zu \u00fcberwinden &#8211; eine trockene Nacht nach der anderen.[\/et_pb_text][et_pb_text _builder_version=&#8220;4.27.6&#8243; text_font=&#8220;&#8211;et_global_body_font|&#8211;et_global_heading_font_weight|||||||&#8220; header_2_text_color=&#8220;#D35917&#8243; custom_padding=&#8220;36px|||||&#8220; hover_enabled=&#8220;0&#8243; global_colors_info=&#8220;{}&#8220; header_3_text_color=&#8220;#072130&#8243; sticky_enabled=&#8220;0&#8243;]<\/p>\n<h3>UNSERE<\/h3>\n<h2>GESCHICHTE<\/h2>\n<p>Im Jahr 2010 starteten Torbj\u00f6rn G\u00e4rdenfors und M\u00e5rten Bernstad mit einem klaren Ziel: Kindern mit Bettn\u00e4ssen die gleiche Freiheit und Zuversicht zu geben wie allen anderen.<\/p>\n<p>Was als kleine schwedische Idee begann, wurde zu Pjama \u2013 einer Marke f\u00fcr W\u00fcrde und Inklusion. Unsere erste Innovation, die absorbierende Pjama Nachtw\u00e4sche, erm\u00f6glichte Kindern ruhige N\u00e4chte ohne Peinlichkeit.<\/p>\n<p>Acht Jahre sp\u00e4ter erweiterte sich der Fokus des Unternehmens. Im Jahr 2018 begann Pjama zu erforschen, wie intelligente Textilien und vernetzte Technologie das Bettn\u00e4ssen behandeln und nicht nur davor sch\u00fctzen k\u00f6nnten.<br \/>\nIn enger Zusammenarbeit mit dem schwedischen Gesundheitswesen und f\u00fchrenden Spezialisten f\u00fcr Bettn\u00e4ssen entwickelte das Team eine Vision f\u00fcr eine vollst\u00e4ndige, datengesteuerte L\u00f6sung, die Leben ver\u00e4ndern k\u00f6nnte. <\/p>\n<p>Zum 10-j\u00e4hrigen Jubil\u00e4um von Pjama wurde diese Vision mit Pjama DryGuardians Realit\u00e4t \u2013 eine Kombination aus smarten Textilien, Sensoren und digitalen Tools f\u00fcr den Weg zu trockenen N\u00e4chten.<br \/>\nHeute leitet Johan Bergenholtz das Unternehmen als CEO und treibt in Zusammenarbeit mit Gesundheitsexperten und Partnern auf der ganzen Welt Innovation und Bewusstsein voran.<\/p>\n<p>Von einer kleinen Idee in S\u00fcdschweden hat sich Pjama zu einem internationalen Unternehmen entwickelt, das Tausende von Familien, Kliniken und Pflegekr\u00e4ften auf der ganzen Welt bedient.<\/p>\n<p>&nbsp;[\/et_pb_text][\/et_pb_column][et_pb_column type=&#8220;1_4&#8243; _builder_version=&#8220;4.16&#8243; custom_padding=&#8220;|||&#8220; global_colors_info=&#8220;{}&#8220; custom_padding__hover=&#8220;|||&#8220;][et_pb_image src=&#8220;https:\/\/pjama.eu\/wp-content\/uploads\/speechbubble.svg&#8220; alt=&#8220;\u00dcber pjama&#8220; title_text=&#8220;Sprechblase&#8220; align=&#8220;center&#8220; align_tablet=&#8220;&#8220; align_phone=&#8220;&#8220; align_last_edited=&#8220;on|desktop&#8220; _builder_version=&#8220;4.27.4&#8243; width=&#8220;100%&#8220; width_tablet=&#8220;85%&#8220; width_phone=&#8220;70%&#8220; width_last_edited=&#8220;on|phone&#8220; module_alignment=&#8220;center&#8220; custom_margin=&#8220;50px||||false|false&#8220; custom_margin_tablet=&#8220;20px||||false|false&#8220; custom_margin_phone=&#8220;20px||||false|false&#8220; custom_margin_last_edited=&#8220;on|desktop&#8220; global_colors_info=&#8220;{}&#8220;][\/et_pb_image][\/et_pb_column][\/et_pb_row][et_pb_row column_structure=&#8220;1_3,2_3&#8243; _builder_version=&#8220;4.22.1&#8243; background_size=&#8220;initial&#8220; background_position=&#8220;top_left&#8220; background_repeat=&#8220;repeat&#8220; custom_margin=&#8220;||40px||false|false&#8220; custom_padding=&#8220;||30px||false|false&#8220; global_colors_info=&#8220;{}&#8220;][et_pb_column type=&#8220;1_3&#8243; _builder_version=&#8220;4.16&#8243; custom_padding=&#8220;|||&#8220; global_colors_info=&#8220;{}&#8220; custom_padding__hover=&#8220;|||&#8220;][et_pb_image src=&#8220;https:\/\/pjama.eu\/wp-content\/uploads\/favicon.png&#8220; alt=&#8220;\u00dcber pjama&#8220; title_text=&#8220;Favicon&#8220; show_bottom_space=&#8220;off&#8220; _builder_version=&#8220;4.27.4&#8243; width_tablet=&#8220;&#8220; width_phone=&#8220;100%&#8220; width_last_edited=&#8220;on|phone&#8220; max_width_tablet=&#8220;&#8220; max_width_phone=&#8220;&#8220; max_width_last_edited=&#8220;on|phone&#8220; module_alignment=&#8220;center&#8220; height_tablet=&#8220;&#8220; height_phone=&#8220;1000px&#8220; height_last_edited=&#8220;on|phone&#8220; max_height_tablet=&#8220;&#8220; max_height_phone=&#8220;202px&#8220; max_height_last_edited=&#8220;on|phone&#8220; global_colors_info=&#8220;{}&#8220;][\/et_pb_image][\/et_pb_column][et_pb_column type=&#8220;2_3&#8243; _builder_version=&#8220;4.16&#8243; custom_padding=&#8220;|||&#8220; global_colors_info=&#8220;{}&#8220; custom_padding__hover=&#8220;|||&#8220;][et_pb_text _builder_version=&#8220;4.27.6&#8243; text_font=&#8220;&#8211;et_global_body_font|&#8211;et_global_heading_font_weight|||||||&#8220; header_2_text_color=&#8220;gcid-5eef58f4-760a-49fb-ad33-042d93415a96&#8243; custom_padding=&#8220;||0px||false|false&#8220; hover_enabled=&#8220;0&#8243; global_colors_info=&#8220;{%22gcid-5eef58f4-760a-49fb-ad33-042d93415a96%22:%91%22header_2_text_color%22%93}&#8220; sticky_enabled=&#8220;0&#8243;]<\/p>\n<h2>UNSERE L\u00d6SUNGEN<\/h2>\n<p>Wir bieten hochwertige <a href=\"https:\/\/pjama.eu\/de\/bettnaesserhosen\/\">absorbierende Nachtw\u00e4sche<\/a> (Pjama Protect) f\u00fcr Kinder und Erwachsene. Zudem entwickeln wir smarte Therapie-L\u00f6sungen wie die Pjama <a href=\"https:\/\/pjama.eu\/de\/behandlungshose-gegen-bettnaessen\/\">DryGuardians Sets<\/a>, <a href=\"https:\/\/pjama.eu\/de\/bettnaesser-alarm-kabellos\/\">Bettn\u00e4ss-Alarme<\/a> und die <a href=\"https:\/\/pjama.eu\/de\/bettnaesser-alarm-app\/\">DryGuardians App<\/a>. <\/p>\n<p>In the app, users can log nightly results, receive personalized feedback, and follow their progress over time.<br \/>For healthcare professionals, Pjama provides a dedicated portal where clinicians can monitor treatment, adjust recommendations, and support patients remotely.<\/p>\n<p>Unsere Pjama Produkte sind nachhaltig, waschbar und langlebig. Sie reduzieren Abfall im Vergleich zu Einwegprodukten. Seit 2014 hat Pjama \u00fcber 30.000 Menschen geholfen, Bettn\u00e4ssen mit Komfort und W\u00fcrde zu bew\u00e4ltigen.<\/p>\n<p>[\/et_pb_text][et_pb_text _builder_version=&#8220;4.27.6&#8243; text_font=&#8220;&#8211;et_global_body_font|&#8211;et_global_heading_font_weight|||||||&#8220; header_2_text_color=&#8220;gcid-5eef58f4-760a-49fb-ad33-042d93415a96&#8243; custom_padding=&#8220;||0px||false|false&#8220; hover_enabled=&#8220;0&#8243; global_colors_info=&#8220;{%22gcid-5eef58f4-760a-49fb-ad33-042d93415a96%22:%91%22header_2_text_color%22%93}&#8220; sticky_enabled=&#8220;0&#8243;]<\/p>\n<h2>WARUM WIR UNS ABHEBEN<\/h2>\n<p>Pjama bietet eine Komplettl\u00f6sung: Von der diskreten, absorbierenden Nachtw\u00e4sche, die sich wie ein normaler Schlafanzug anf\u00fchlt, bis hin zur professionellen Unterst\u00fctzung bei der Therapie von Bettn\u00e4ssen.<\/p>\n<p>Jedes von uns entwickelte Produkt vereint Benutzererfahrung, medizinische Erkenntnisse und fortschrittliche Technologie. Wir h\u00f6ren den Familien zu, arbeiten eng mit Gesundheitsexperten zusammen und testen unsere L\u00f6sungen rigoros, um dauerhafte Sicherheit und zuverl\u00e4ssige Leistung zu gew\u00e4hrleisten. <\/p>\n<p>Das Pjama Sortiment deckt alle Bed\u00fcrfnisse ab \u2013 von verl\u00e4sslichem Schutz durch saugf\u00e4hige Pyjamas bis hin zur aktiven Behandlung von Enuresis.<br \/>Unsere Mission geht \u00fcber trockene N\u00e4chte hinaus &#8211; wir streben danach, allen Menschen, die von Bettn\u00e4ssen betroffen sind, Selbstvertrauen, Unabh\u00e4ngigkeit und Integration zu erm\u00f6glichen.<\/p>\n<p>W\u00e4hrend wir weiter wachsen, bleibt unser Schwerpunkt derselbe: Menschen \u00fcberall auf der Welt zu helfen, ihr Leben in vollen Z\u00fcgen zu genie\u00dfen &#8211; ohne Grenzen, ohne Scham und ohne Unterbrechung.<\/p>\n<p>[\/et_pb_text][\/et_pb_column][\/et_pb_row][\/et_pb_section]<\/p>\n","protected":false},"excerpt":{"rendered":"<p>\u00dcBER PJAMA Pjama: Mehr Selbstvertrauen und Freiheit bei Bettn\u00e4ssenUNSERE MISSION Wir glauben, dass jeder es verdient, sich selbstbewusst zu f\u00fchlen \u2013 unabh\u00e4ngig von Bettn\u00e4ssen. Die Mission von Pjama ist es, Kindern und Erwachsenen die volle Teilnahme am Leben zu erm\u00f6glichen \u2013 ob bei \u00dcbernachtungen, Reisen oder im Alltag \u2013 ohne Angst oder Scham. Bettn\u00e4ssen ist [&hellip;]<\/p>\n","protected":false},"author":1,"featured_media":28098,"parent":0,"menu_order":0,"comment_status":"closed","ping_status":"closed","template":"","meta":{"_et_pb_use_builder":"on","_et_pb_old_content":"<!-- wp:paragraph -->\r\n<p>This is an example page. It's different from a blog post because it will stay in one place and will show up in your site navigation (in most themes). Most people start with an About page that introduces them to potential site visitors. It might say something like this:<\/p>\r\n<!-- \/wp:paragraph --><!-- wp:quote -->\r\n<blockquote class=\"wp-block-quote\">\r\n<p>Hi there! I'm a bike messenger by day, aspiring actor by night, and this is my website. I live in Los Angeles, have a great dog named Jack, and I like pi\u00f1a coladas. (And gettin' caught in the rain.)<\/p>\r\n<\/blockquote>\r\n<!-- \/wp:quote --><!-- wp:paragraph -->\r\n<p>...or something like this:<\/p>\r\n<!-- \/wp:paragraph --><!-- wp:quote -->\r\n<blockquote class=\"wp-block-quote\">\r\n<p>The XYZ Doohickey Company was founded in 1971, and has been providing quality doohickeys to the public ever since. Located in Gotham City, XYZ employs over 2,000 people and does all kinds of awesome things for the Gotham community.<\/p>\r\n<\/blockquote>\r\n<!-- \/wp:quote --><!-- wp:paragraph -->\r\n<p>As a new WordPress user, you should go to <a href=\"https:\/\/pjama.eu\/wp-admin\/\">your dashboard<\/a> to delete this page and create new pages for your content. Have fun!<\/p>\r\n<!-- \/wp:paragraph -->","_et_gb_content_width":"","footnotes":""},"class_list":["post-24254","page","type-page","status-publish","has-post-thumbnail","hentry"],"_links":{"self":[{"href":"https:\/\/pjama.eu\/de\/wp-json\/wp\/v2\/pages\/24254","targetHints":{"allow":["GET"]}}],"collection":[{"href":"https:\/\/pjama.eu\/de\/wp-json\/wp\/v2\/pages"}],"about":[{"href":"https:\/\/pjama.eu\/de\/wp-json\/wp\/v2\/types\/page"}],"author":[{"embeddable":true,"href":"https:\/\/pjama.eu\/de\/wp-json\/wp\/v2\/users\/1"}],"replies":[{"embeddable":true,"href":"https:\/\/pjama.eu\/de\/wp-json\/wp\/v2\/comments?post=24254"}],"version-history":[{"count":35,"href":"https:\/\/pjama.eu\/de\/wp-json\/wp\/v2\/pages\/24254\/revisions"}],"predecessor-version":[{"id":34539,"href":"https:\/\/pjama.eu\/de\/wp-json\/wp\/v2\/pages\/24254\/revisions\/34539"}],"wp:featuredmedia":[{"embeddable":true,"href":"https:\/\/pjama.eu\/de\/wp-json\/wp\/v2\/media\/28098"}],"wp:attachment":[{"href":"https:\/\/pjama.eu\/de\/wp-json\/wp\/v2\/media?parent=24254"}],"curies":[{"name":"wp","href":"https:\/\/api.w.org\/{rel}","templated":true}]}}