{"id":26282,"date":"2025-11-13T14:12:49","date_gmt":"2025-11-13T13:12:49","guid":{"rendered":"https:\/\/pjama.eu\/pjama-bettnaessen-shop\/"},"modified":"2026-03-22T17:13:07","modified_gmt":"2026-03-22T16:13:07","slug":"produkte-gegen-bettnaessen","status":"publish","type":"page","link":"https:\/\/pjama.eu\/de\/produkte-gegen-bettnaessen\/","title":{"rendered":"Pjama Bettn\u00e4ssen Shop"},"content":{"rendered":"<p>[et_pb_section fb_built=&#8220;1&#8243; _builder_version=&#8220;4.27.4&#8243; background_enable_color=&#8220;off&#8220; background_enable_image=&#8220;off&#8220; background_size=&#8220;initial&#8220; background_position=&#8220;top_center&#8220; custom_margin=&#8220;||70px||false|false&#8220; custom_padding=&#8220;50px||50px||true|false&#8220; da_disable_devices=&#8220;off|off|off&#8220; global_colors_info=&#8220;{}&#8220; da_is_popup=&#8220;off&#8220; da_exit_intent=&#8220;off&#8220; da_has_close=&#8220;on&#8220; da_alt_close=&#8220;off&#8220; da_dark_close=&#8220;off&#8220; da_not_modal=&#8220;on&#8220; da_is_singular=&#8220;off&#8220; da_with_loader=&#8220;off&#8220; da_has_shadow=&#8220;on&#8220;][et_pb_row custom_padding_last_edited=&#8220;on|phone&#8220; _builder_version=&#8220;4.27.5&#8243; custom_margin_tablet=&#8220;&#8220; custom_margin_phone=&#8220;0px||0px||false|false&#8220; custom_margin_last_edited=&#8220;on|phone&#8220; custom_padding=&#8220;||0px|||&#8220; custom_padding_tablet=&#8220;||0px|||&#8220; custom_padding_phone=&#8220;10px||0px||false|false&#8220; global_colors_info=&#8220;{}&#8220;][et_pb_column type=&#8220;4_4&#8243; _builder_version=&#8220;4.16&#8243; global_colors_info=&#8220;{}&#8220;][et_pb_heading title=&#8220;WILLKOMMEN BEI DER&#8220; _builder_version=&#8220;4.27.5&#8243; _module_preset=&#8220;default&#8220; title_level=&#8220;h3&#8243; title_text_align=&#8220;center&#8220; title_text_color=&#8220;gcid-5eef58f4-760a-49fb-ad33-042d93415a96&#8243; custom_margin_tablet=&#8220;&#8220; custom_margin_phone=&#8220;||0px||false|false&#8220; custom_margin_last_edited=&#8220;on|phone&#8220; global_colors_info=&#8220;{%22gcid-5eef58f4-760a-49fb-ad33-042d93415a96%22:%91%22title_text_color%22%93}&#8220;][\/et_pb_heading][et_pb_heading title=&#8220;PJAMA BETTN\u00c4SSERHOSEN &amp; SCHUTZ-SHOP&#8220; _builder_version=&#8220;4.27.5&#8243; _module_preset=&#8220;default&#8220; title_text_align=&#8220;center&#8220; title_text_color=&#8220;#D35917&#8243; custom_margin=&#8220;||0px||false|false&#8220; custom_margin_tablet=&#8220;||0px||false|false&#8220; custom_margin_phone=&#8220;||-20px||false|false&#8220; custom_margin_last_edited=&#8220;on|desktop&#8220; custom_padding=&#8220;||0px||false|false&#8220; custom_padding_tablet=&#8220;||0px||false|false&#8220; custom_padding_phone=&#8220;||0px||false|false&#8220; custom_padding_last_edited=&#8220;on|phone&#8220; global_colors_info=&#8220;{}&#8220;][\/et_pb_heading][\/et_pb_column][\/et_pb_row][\/et_pb_section][et_pb_section fb_built=&#8220;1&#8243; _builder_version=&#8220;4.27.4&#8243; _module_preset=&#8220;default&#8220; background_color=&#8220;gcid-5eef58f4-760a-49fb-ad33-042d93415a96&#8243; custom_margin=&#8220;||-90px||false|false&#8220; custom_padding=&#8220;||0px||false|false&#8220; da_disable_devices=&#8220;off|off|off&#8220; global_colors_info=&#8220;{%22gcid-5eef58f4-760a-49fb-ad33-042d93415a96%22:%91%22background_color%22%93}&#8220; da_is_popup=&#8220;off&#8220; da_exit_intent=&#8220;off&#8220; da_has_close=&#8220;on&#8220; da_alt_close=&#8220;off&#8220; da_dark_close=&#8220;off&#8220; da_not_modal=&#8220;on&#8220; da_is_singular=&#8220;off&#8220; da_with_loader=&#8220;off&#8220; da_has_shadow=&#8220;on&#8220;][et_pb_row column_structure=&#8220;1_4,1_4,1_4,1_4&#8243; _builder_version=&#8220;4.27.4&#8243; _module_preset=&#8220;default&#8220; transform_translate=&#8220;0px|-140px&#8220; global_colors_info=&#8220;{}&#8220;][et_pb_column type=&#8220;1_4&#8243; _builder_version=&#8220;4.27.4&#8243; _module_preset=&#8220;default&#8220; global_colors_info=&#8220;{}&#8220;][et_pb_blurb title=&#8220;Waschbare Bettn\u00e4sserhosen &amp; Schutzbekleidung&#8220; url=&#8220;https:\/\/pjama.eu\/de\/bettnaesserhosen\/&#8220; image=&#8220;https:\/\/pjama.eu\/wp-content\/uploads\/Pjama_shorts_2.jpeg&#8220; alt=&#8220;\u00dcber Pjama Bettn\u00e4ssen&#8220; _builder_version=&#8220;4.27.6&#8243; _module_preset=&#8220;default&#8220; header_text_align=&#8220;center&#8220; header_text_color=&#8220;#D35917&#8243; header_font_size=&#8220;25px&#8220; body_font=&#8220;&#8211;et_global_body_font|&#8211;et_global_heading_font_weight|||||||&#8220; body_text_align=&#8220;center&#8220; body_text_color=&#8220;#F8F8F8&#8243; body_font_size=&#8220;16px&#8220; header_text_shadow_style=&#8220;preset1&#8243; body_text_shadow_style=&#8220;preset1&#8243; border_radii_image=&#8220;on|10px|10px|10px|10px&#8220; border_width_all_image=&#8220;4px&#8220; border_color_all_image=&#8220;#F8F8F8&#8243; global_colors_info=&#8220;{}&#8220;]<\/p>\n<p>Saugf\u00e4hige Bettn\u00e4sserhosen, die das Bett trocken und Unf\u00e4lle unauff\u00e4llig halten. Die ideale L\u00f6sung f\u00fcr Seelenfrieden und diskreten Schutz in der Nacht.<\/p>\n<p>[\/et_pb_blurb][\/et_pb_column][et_pb_column type=&#8220;1_4&#8243; _builder_version=&#8220;4.27.4&#8243; _module_preset=&#8220;default&#8220; global_colors_info=&#8220;{}&#8220;][et_pb_blurb title=&#8220;PJAMA DRYGUARDIANS&#8220; url=&#8220;https:\/\/pjama.eu\/de\/bettnaesser-alarm\/&#8220; image=&#8220;https:\/\/pjama.eu\/wp-content\/uploads\/Bedwetting-Treatment-e1694759000209-1-2.jpg&#8220; alt=&#8220;\u00dcber Pjama Bettn\u00e4ssen&#8220; _builder_version=&#8220;4.27.6&#8243; _module_preset=&#8220;default&#8220; header_text_align=&#8220;center&#8220; header_text_color=&#8220;#D35917&#8243; header_font_size=&#8220;25px&#8220; body_font=&#8220;&#8211;et_global_body_font|&#8211;et_global_heading_font_weight|||||||&#8220; body_text_align=&#8220;center&#8220; body_text_color=&#8220;#F8F8F8&#8243; body_font_size=&#8220;16px&#8220; header_text_shadow_style=&#8220;preset1&#8243; body_text_shadow_style=&#8220;preset1&#8243; border_radii_image=&#8220;on|10px|10px|10px|10px&#8220; border_width_all_image=&#8220;4px&#8220; border_color_all_image=&#8220;#F8F8F8&#8243; global_colors_info=&#8220;{}&#8220;]<\/p>\n<p>Intelligente Nachtw\u00e4sche mit Sensoren und Alarm &#8211; klinisch getestet, um Kindern und Erwachsenen zu helfen, das Bettn\u00e4ssen zu \u00fcberwinden. F\u00fcr alle, die nicht nur Schutz, sondern dauerhafte Trockenheit suchen. <\/p>\n<p>[\/et_pb_blurb][\/et_pb_column][et_pb_column type=&#8220;1_4&#8243; _builder_version=&#8220;4.27.4&#8243; _module_preset=&#8220;default&#8220; global_colors_info=&#8220;{}&#8220;][et_pb_blurb title=&#8220;ZUBEH\u00d6R &amp; UNTERST\u00dcTZUNG AM TAG&#8220; url=&#8220;https:\/\/pjama.eu\/de\/hilfsmittel-bei-bettnaessen\/&#8220; image=&#8220;https:\/\/pjama.eu\/wp-content\/uploads\/Pjama_accessories.png&#8220; alt=&#8220;Pjama-Zubeh\u00f6r&#8220; _builder_version=&#8220;4.27.6&#8243; _module_preset=&#8220;default&#8220; header_text_align=&#8220;center&#8220; header_text_color=&#8220;#D35917&#8243; header_font_size=&#8220;25px&#8220; body_font=&#8220;&#8211;et_global_body_font|&#8211;et_global_heading_font_weight|||||||&#8220; body_text_align=&#8220;center&#8220; body_text_color=&#8220;#F8F8F8&#8243; body_font_size=&#8220;16px&#8220; transform_scale_tablet=&#8220;&#8220; transform_scale_phone=&#8220;90%|90%&#8220; transform_scale_last_edited=&#8220;on|phone&#8220; transform_translate_tablet=&#8220;&#8220; transform_translate_phone=&#8220;&#8220; transform_translate_last_edited=&#8220;on|phone&#8220; transform_rotate_tablet=&#8220;&#8220; transform_rotate_phone=&#8220;&#8220; transform_rotate_last_edited=&#8220;on|phone&#8220; transform_skew_tablet=&#8220;&#8220; transform_skew_phone=&#8220;&#8220; transform_skew_last_edited=&#8220;on|phone&#8220; transform_origin_tablet=&#8220;&#8220; transform_origin_phone=&#8220;&#8220; transform_origin_last_edited=&#8220;on|phone&#8220; transform_styles_last_edited=&#8220;on|phone&#8220; link_option_url=&#8220;https:\/\/pjama.eu\/de\/hilfsmittel-bei-bettnaessen\/&#8220; transform_styles_tablet=&#8220;&#8220; transform_styles_phone=&#8220;&#8220; header_text_shadow_style=&#8220;preset1&#8243; body_text_shadow_style=&#8220;preset1&#8243; border_radii_image=&#8220;on|10px|10px|10px|10px&#8220; border_width_all_image=&#8220;4px&#8220; border_color_all_image=&#8220;#F8F8F8&#8243; global_colors_info=&#8220;{}&#8220;]<\/p>\n<p>Praktische Erg\u00e4nzungen, die den Alltag erleichtern &#8211; von wasserdichten Taschen und Vibrationsalarm-Uhren bis hin zu diskreter Unterw\u00e4sche f\u00fcr den Schutz am Tag.<\/p>\n<p>&nbsp;<\/p>\n<p>[\/et_pb_blurb][\/et_pb_column][et_pb_column type=&#8220;1_4&#8243; _builder_version=&#8220;4.27.4&#8243; _module_preset=&#8220;default&#8220; global_colors_info=&#8220;{}&#8220;][et_pb_blurb title=&#8220;PJAMA F\u00dcR ERWACHSENE&#8220; url=&#8220;https:\/\/pjama.eu\/de\/bettnaessen-erwachsene\/&#8220; image=&#8220;https:\/\/pjama.eu\/wp-content\/uploads\/Blue_shorts_adult-1-e1694786458678-2.png&#8220; alt=&#8220;Bettn\u00e4ssen bei Erwachsenen&#8220; _builder_version=&#8220;4.27.6&#8243; _module_preset=&#8220;default&#8220; header_text_align=&#8220;center&#8220; header_text_color=&#8220;#D35917&#8243; header_font_size=&#8220;25px&#8220; body_font=&#8220;&#8211;et_global_body_font|&#8211;et_global_heading_font_weight|||||||&#8220; body_text_align=&#8220;center&#8220; body_text_color=&#8220;#F8F8F8&#8243; body_font_size=&#8220;16px&#8220; link_option_url=&#8220;https:\/\/pjama.eu\/de\/bettnaessen-erwachsene\/&#8220; header_text_shadow_style=&#8220;preset1&#8243; body_text_shadow_style=&#8220;preset1&#8243; border_radii_image=&#8220;on|10px|10px|10px|10px&#8220; border_width_all_image=&#8220;4px&#8220; border_color_all_image=&#8220;#F8F8F8&#8243; global_colors_info=&#8220;{}&#8220;]<\/p>\n<p>Diskrete Bettn\u00e4sserhosen f\u00fcr Erwachsene, die das Bett zu Hause oder auf Reisen zuverl\u00e4ssig trocken halten.<br data-start=\"646\" data-end=\"649\">Vertrauen und Komfort f\u00fcr Erwachsene, die mit Enuresis leben<em data-start=\"649\" data-end=\"706\">.<\/em><\/p>\n<p>[\/et_pb_blurb][\/et_pb_column][\/et_pb_row][\/et_pb_section][et_pb_section fb_built=&#8220;1&#8243; _builder_version=&#8220;4.16&#8243; background_color=&#8220;#f8f8f8&#8243; background_enable_image=&#8220;off&#8220; custom_padding=&#8220;0px|||||&#8220; da_disable_devices=&#8220;off|off|off&#8220; global_colors_info=&#8220;{}&#8220; da_is_popup=&#8220;off&#8220; da_exit_intent=&#8220;off&#8220; da_has_close=&#8220;on&#8220; da_alt_close=&#8220;off&#8220; da_dark_close=&#8220;off&#8220; da_not_modal=&#8220;on&#8220; da_is_singular=&#8220;off&#8220; da_with_loader=&#8220;off&#8220; da_has_shadow=&#8220;on&#8220;][\/et_pb_section][et_pb_section fb_built=&#8220;1&#8243; _builder_version=&#8220;4.27.6&#8243; _module_preset=&#8220;default&#8220; da_disable_devices=&#8220;off|off|off&#8220; global_colors_info=&#8220;{}&#8220; da_is_popup=&#8220;off&#8220; da_exit_intent=&#8220;off&#8220; da_has_close=&#8220;on&#8220; da_alt_close=&#8220;off&#8220; da_dark_close=&#8220;off&#8220; da_not_modal=&#8220;on&#8220; da_is_singular=&#8220;off&#8220; da_with_loader=&#8220;off&#8220; da_has_shadow=&#8220;on&#8220;][et_pb_row _builder_version=&#8220;4.27.6&#8243; _module_preset=&#8220;default&#8220; global_colors_info=&#8220;{}&#8220;][et_pb_column type=&#8220;4_4&#8243; _builder_version=&#8220;4.27.6&#8243; _module_preset=&#8220;default&#8220; global_colors_info=&#8220;{}&#8220;][et_pb_text _builder_version=&#8220;4.27.6&#8243; _module_preset=&#8220;default&#8220; text_font=&#8220;&#8211;et_global_body_font|&#8211;et_global_heading_font_weight|||||||&#8220; header_text_color=&#8220;#D35917&#8243; header_2_text_color=&#8220;#D35917&#8243; header_3_text_color=&#8220;#072130&#8243; global_colors_info=&#8220;{}&#8220;]<\/p>\n<h3>Hochwertige Bettn\u00e4sserhosen &amp; Produkte<\/h3>\n<h2>Bettn\u00e4sserhosen f\u00fcr Kinder, Jugendliche und Erwachsene<\/h2>\n<p>Bettn\u00e4ssen ist h\u00e4ufiger als gedacht. Mit modernen Bettn\u00e4sserhosen k\u00f6nnen Kinder, Jugendliche und Erwachsene n\u00e4chtliche Unf\u00e4lle diskret bew\u00e4ltigen. Unsere L\u00f6sungen bieten Komfort und Sicherheit in jeder Lebenslage. Zum Gl\u00fcck gibt es heute moderne Bettn\u00e4sserprodukte, die es erm\u00f6glichen, die Situation diskret und bequem zu bew\u00e4ltigen.  <\/p>\n<p>Bei Pjama finden Sie eine breite Palette von Bettn\u00e4sserprodukten, die sowohl den Schutz als auch die Behandlung unterst\u00fctzen. Die Produkte wurden entwickelt, um den Alltag zu erleichtern, den Schlaf zu verbessern und f\u00fcr mehr Sicherheit zu sorgen &#8211; egal, ob das Ziel ein zuverl\u00e4ssiger Schutz w\u00e4hrend der Nacht oder eine langfristige Behandlung des Bettn\u00e4ssens ist. <\/p>\n<h3>Welche Arten von Bettn\u00e4sserhosen und Hilfsmitteln gibt es?<\/h3>\n<p>Es gibt verschiedene Arten von Bettn\u00e4sserprodukten, die je nach Bedarf und Umst\u00e4nden einzeln oder in Kombination verwendet werden k\u00f6nnen.<\/p>\n<p><strong>Pjama Protect &#8211; Waschbare Bettn\u00e4sserhosen<\/strong><br \/>Unsere waschbaren Bettn\u00e4sserhosen und Shorts sch\u00fctzen das Bett effektiv. Sie sehen aus wie normale Nachtw\u00e4sche und bieten eine diskrete L\u00f6sung f\u00fcr Zuhause und auf Reisen.<\/p>\n<p><strong>Pjama DryGuardians &#8211; Bettn\u00e4sser-Alarme<\/strong><br \/>Bettn\u00e4sser-Alarme werden h\u00e4ufig als Behandlungsmethode eingesetzt. Der Alarm reagiert auf Feuchtigkeit und hilft dem K\u00f6rper zu lernen, aufzuwachen, wenn die Blase voll ist. Mit der Zeit kann dies zu einer besseren Kontrolle der Blase in der Nacht beitragen.  <\/p>\n<p><strong>Zubeh\u00f6r &#8211; Unterst\u00fctzende Produkte<\/strong><br \/>Zubeh\u00f6r wie Erinnerungsuhren, Sensoren und Aufbewahrungsl\u00f6sungen k\u00f6nnen das Blasentraining unterst\u00fctzen und die t\u00e4gliche Routine erleichtern.<\/p>\n<p><strong data-start=\"230\" data-end=\"266\">Bettn\u00e4sserhosen f\u00fcr Erwachsene<\/strong><br data-start=\"266\" data-end=\"269\">Diskrete Bettn\u00e4sserhosen f\u00fcr Erwachsene bieten zuverl\u00e4ssigen Schutz f\u00fcr die ganze Nacht. Sie f\u00fchlen sich an wie normale Unterw\u00e4sche und bewahren die Privatsph\u00e4re bei Enuresis. Dadurch eignen sie sich gut f\u00fcr den Gebrauch zu Hause, auf Reisen oder bei \u00dcbernachtungen, ohne sich medizinisch oder einschr\u00e4nkend zu f\u00fchlen.  <\/p>\n<p>[\/et_pb_text][\/et_pb_column][\/et_pb_row][et_pb_row _builder_version=&#8220;4.27.6&#8243; _module_preset=&#8220;default&#8220; global_colors_info=&#8220;{}&#8220;][et_pb_column type=&#8220;4_4&#8243; _builder_version=&#8220;4.27.6&#8243; _module_preset=&#8220;default&#8220; global_colors_info=&#8220;{}&#8220;][et_pb_text _builder_version=&#8220;4.27.6&#8243; _module_preset=&#8220;default&#8220; text_font=&#8220;&#8211;et_global_body_font|&#8211;et_global_heading_font_weight|||||||&#8220; header_3_text_color=&#8220;#072130&#8243; global_colors_info=&#8220;{}&#8220;]<\/p>\n<h3>Diskrete Bettn\u00e4sserhosen f\u00fcr besseren Schlaf<\/h3>\n<p>Bei der Entwicklung moderner Bettn\u00e4sserprodukte wurde besonderer Wert auf Komfort, Diskretion und Benutzerfreundlichkeit gelegt. Viele Produkte sehen aus wie normale Nachtw\u00e4sche und k\u00f6nnen gewaschen und wiederverwendet werden, was sie sowohl praktisch als auch nachhaltiger macht als Einwegprodukte. <\/p>\n<p>F\u00fcr Familien mit Kindern k\u00f6nnen die richtigen Produkte den Stress rund um die Schlafenszeit verringern. F\u00fcr Teenager und Erwachsene erleichtern diskrete L\u00f6sungen die Wahrung der Privatsph\u00e4re und die unbesorgte Teilnahme an allt\u00e4glichen Aktivit\u00e4ten. <\/p>\n<h3>Die richtigen Bettn\u00e4sserhosen ausw\u00e4hlen<\/h3>\n<p>Die Auswahl von Bettn\u00e4sserprodukten h\u00e4ngt oft vom Alter, der Ursache des Bettn\u00e4ssens und den pers\u00f6nlichen Vorlieben ab. Manche legen Wert auf einen zuverl\u00e4ssigen Schutz \u00fcber Nacht, w\u00e4hrend andere Schutz und Behandlung kombinieren m\u00f6chten. <\/p>\n<p>Bei Pjama finden Sie eine gro\u00dfe Auswahl an Bettn\u00e4sserhosen, die sowohl zuverl\u00e4ssigen Schutz als auch die diskrete Behandlung unterst\u00fctzen. <\/p>\n<p>[\/et_pb_text][\/et_pb_column][\/et_pb_row][\/et_pb_section]<\/p>\n","protected":false},"excerpt":{"rendered":"<p>Saugf\u00e4hige Bettn\u00e4sserhosen, die das Bett trocken und Unf\u00e4lle unauff\u00e4llig halten. Die ideale L\u00f6sung f\u00fcr Seelenfrieden und diskreten Schutz in der Nacht.Intelligente Nachtw\u00e4sche mit Sensoren und Alarm &#8211; klinisch getestet, um Kindern und Erwachsenen zu helfen, das Bettn\u00e4ssen zu \u00fcberwinden. F\u00fcr alle, die nicht nur Schutz, sondern dauerhafte Trockenheit suchen. Praktische Erg\u00e4nzungen, die den Alltag erleichtern [&hellip;]<\/p>\n","protected":false},"author":33,"featured_media":31078,"parent":0,"menu_order":0,"comment_status":"closed","ping_status":"closed","template":"","meta":{"_et_pb_use_builder":"on","_et_pb_old_content":"","_et_gb_content_width":"","footnotes":""},"class_list":["post-26282","page","type-page","status-publish","has-post-thumbnail","hentry"],"_links":{"self":[{"href":"https:\/\/pjama.eu\/de\/wp-json\/wp\/v2\/pages\/26282","targetHints":{"allow":["GET"]}}],"collection":[{"href":"https:\/\/pjama.eu\/de\/wp-json\/wp\/v2\/pages"}],"about":[{"href":"https:\/\/pjama.eu\/de\/wp-json\/wp\/v2\/types\/page"}],"author":[{"embeddable":true,"href":"https:\/\/pjama.eu\/de\/wp-json\/wp\/v2\/users\/33"}],"replies":[{"embeddable":true,"href":"https:\/\/pjama.eu\/de\/wp-json\/wp\/v2\/comments?post=26282"}],"version-history":[{"count":25,"href":"https:\/\/pjama.eu\/de\/wp-json\/wp\/v2\/pages\/26282\/revisions"}],"predecessor-version":[{"id":34645,"href":"https:\/\/pjama.eu\/de\/wp-json\/wp\/v2\/pages\/26282\/revisions\/34645"}],"wp:featuredmedia":[{"embeddable":true,"href":"https:\/\/pjama.eu\/de\/wp-json\/wp\/v2\/media\/31078"}],"wp:attachment":[{"href":"https:\/\/pjama.eu\/de\/wp-json\/wp\/v2\/media?parent=26282"}],"curies":[{"name":"wp","href":"https:\/\/api.w.org\/{rel}","templated":true}]}}