{"id":24429,"date":"2022-12-15T14:46:15","date_gmt":"2022-12-15T13:46:15","guid":{"rendered":"https:\/\/pjama.eu\/product\/pjama-vibrationsalarm-uhr-hellblau\/"},"modified":"2026-03-31T11:22:39","modified_gmt":"2026-03-31T09:22:39","slug":"vibrationsuhr-toilettengang-hellblau","status":"publish","type":"product","link":"https:\/\/pjama.eu\/de\/produkt\/vibrationsuhr-toilettengang-hellblau\/","title":{"rendered":"Pjama Vibrationsalarm-Uhr Hellblau"},"content":{"rendered":"<h3 style=\"color: #d35917;\">Pjama Vibrationsalarm-Uhr Hellblau<\/h3>\n<p>Die Pjama Vibrationsuhr Toilettengang Hellblau ist eine moderne Armbanduhr mit leisem Vibrationsalarm, die Kinder und Erwachsene bei Urinverlust am Tag diskret an den Toilettengang erinnert. Der Alarm kann f\u00fcr bis zu 8 Intervalle pro Tag eingestellt werden. Das Band ist aus weichem und flexiblem Silikon gefertigt und l\u00e4sst sich auf die richtige Gr\u00f6\u00dfe einstellen. Unsere Pjama Vibrationsuhr Toilettengang Hellblau ist mit einer klaren digitalen LED-Anzeige ausgestattet und ideal f\u00fcr den Alltag. Als Vibrationsuhr Toilettengang Hellblau ist sie die perfekte Erinnerungshilfe f\u00fcr Kinder, um rechtzeitig das Badezimmer aufzusuchen.  Die Uhr zeigt die Zeit genau wie eine normale Uhr an. Die Pjama Vibrationsalarm-Uhr wird verwendet, um Kinder oder Erwachsene daran zu erinnern, ihre Blase w\u00e4hrend des Tages zu entleeren oder um sie an andere notwendige Handlungen zu erinnern. Sie fungiert als praktische und diskrete vibrierende Armbanduhr f\u00fcr den t\u00e4glichen Gebrauch. <\/p>\n<h4 style=\"color: #072130;\">T\u00c4GLICHER GEBRAUCH DER VIBRATIONSUHR TOILETTENGANG HELLBLAU<\/h4>\n<p>Die Pjama Vibrationsuhr Toilettengang Hellblau unterst\u00fctzt Kinder und Erwachsene bei Tagessymptomatik (Einn\u00e4ssen) durch regelm\u00e4\u00dfige Erinnerungsintervalle. Die Pjama Vibrationsalarm-Uhr hellblau kann von Kindern und Erwachsenen verwendet werden, die unter Einn\u00e4ssen am Tag leiden und daran erinnert werden m\u00fcssen, auf die Toilette zu gehen.<br \/>\n&#8211; Dr\u00fccken Sie die Zeit\/Alarm-Taste einmal, um die Uhrzeit anzuzeigen.<br \/>\n&#8211; Dr\u00fccken Sie die Zeit\/Alarm-Taste zweimal, um den Ladezustand der Batterie zu \u00fcberpr\u00fcfen (von 0 bis 100 Prozent).<br \/>\n&#8211; Die Vibration kann durch Dr\u00fccken einer Taste sofort gestoppt werden, oder sie wird nach 60 Sekunden automatisch beendet.<\/p>\n<p>Diese Vibrationsuhr Toilettengang Hellblau f\u00fcr Kinder motiviert durch sanfte Vibrationen zur regelm\u00e4\u00dfigen Blasenentleerung.<\/p>\n<h4 style=\"color: #072130;\">AUFLADEN DER UHR<\/h4>\n<p>Nehmen Sie die Uhr aus dem Silikonetui und verbinden Sie den USB-Anschluss mit einer Powerbank (5V) oder einem Laptop. Ein blaues Licht zeigt an, dass die Vibrationsuhr Toilettengang Hellblau l\u00e4dt. Sobald sie voll ist, leuchtet das Licht dauerhaft. Der Akku h\u00e4lt ca. 6\u201315 Tage.    Diese Vibrationsuhr wurde speziell entwickelt, um langlebig und sowohl f\u00fcr Kinder als auch f\u00fcr Erwachsene einfach zu bedienen zu sein.<\/p>\n<h4 style=\"color: #072130;\">Technische Details der Pjama Vibrationsuhr<\/h4>\n<p>Stromquelle: DC 5V, Ladeeingang: Micro USB, Temperaturbereich: 0 bis 45 Grad Celcius<\/p>\n<h4 style=\"color: #072130;\">Hilfe bei Blasenschw\u00e4che: Tipps f\u00fcr Kinder &amp; Nutzung der Vibrationsuhr Toilettengang Hellblau<\/h4>\n<p>Das Einn\u00e4ssen am Tag ist bei Kindern ein h\u00e4ufiges Problem. Bei etwa 3-4 % der Kinder im Alter von 3 bis 12 Jahren tritt tags\u00fcber regelm\u00e4\u00dfig Urinverlust auf, der jedoch mit der richtigen Unterst\u00fctzung verschwinden kann. <\/p>\n<ul>\n<li>Ermutigen Sie Ihr Kind, regelm\u00e4\u00dfig auf die Toilette zu gehen, auch wenn es nicht das Bed\u00fcrfnis danach hat.<\/li>\n<li>Planen Sie regelm\u00e4\u00dfige Toiletteng\u00e4nge und achten Sie darauf, dass das Kind seine Blase vollst\u00e4ndig entleert.<\/li>\n<li>Ein Pipi-Tagebuch kann helfen, das Verhalten zu beobachten und die Blasenkontrolle zu verbessern.<\/li>\n<li>Bestrafen Sie Ihr Kind niemals f\u00fcr Unf\u00e4lle &#8211; ermutigen Sie es stattdessen und st\u00e4rken Sie sein Vertrauen.<\/li>\n<li>Achten Sie darauf, dass das Kind ausreichend trinkt, um den Fl\u00fcssigkeitshaushalt aufrechtzuerhalten und den Toilettengang zu erleichtern.<\/li>\n<li>Die Vibrationsuhr Toilettengang Hellblau ist ein wertvolles Hilfsmittel zur Selbstst\u00e4ndigkeit, da sie das Kind auch in der Schule oder beim Spielen an den Toilettengang erinnert.<\/li>\n<\/ul>\n<h4 style=\"color: #072130;\">Wenn Ihr Kind nachts ins Bett macht<\/h4>\n<p>Der medizinische Begriff f\u00fcr Bettn\u00e4ssen ist n\u00e4chtliche Enuresis. Experten sch\u00e4tzen, dass weltweit bis zu 160 Millionen Menschen an Bettn\u00e4ssen leiden. Bettn\u00e4ssen kann sich negativ auf Familien auswirken, aber es gibt einige Tipps, wie man das Problem in den Griff bekommt. Hier ist eine kleine Liste, die Ihnen helfen k\u00f6nnte:   <\/p>\n<ul>\n<li>Bettn\u00e4ssen ist nicht die Schuld Ihres Kindes. Bestrafen oder \u00e4rgern Sie das Kind nicht. <\/li>\n<li>Lassen Sie Ihr Kind so viel trinken, wie es m\u00f6chte. Schwedische Untersuchungen haben gezeigt, dass dies kaum Auswirkungen auf die Behandlung des Bettn\u00e4sser-Alarms hat. <\/li>\n<li>Verwenden Sie <a href=\"https:\/\/pjama.eu\/de\/bettnaesserhosen\/\">Pjama<\/a>, wenn das Kind schl\u00e4ft, sowohl zu Hause als auch unterwegs.<\/li>\n<li>Bei Urinverlust am Tag verwenden Sie die Pjama Vibrationsalarm-Uhr Hellblau.<\/li>\n<li>Laden Sie unsere <a href=\"https:\/\/pjama.eu\/de\/bettnaesser-alarm-app\/\">DryGuardians App<\/a> herunter, um den Kalender zu nutzen und den Fortschritt zu verfolgen. Dies wird auch n\u00fctzlich sein, wenn Sie einen Arzt aufsuchen. <\/li>\n<li>Sprechen Sie dar\u00fcber! Viele Erwachsene und Kinder leiden unter Bettn\u00e4ssen, aber niemand spricht dar\u00fcber. <\/li>\n<\/ul>\n<h4 style=\"color: #072130;\">M\u00f6chten Sie mehr erfahren?<\/h4>\n<p>Mehr \u00fcber Bettn\u00e4ssen erfahren Sie auf unserer Seite<a href=\"https:\/\/pjama.eu\/de\/was-ist-enuresis\/\">&#8222;Was ist Enuresis?<\/a>&#8222;.<\/p>\n","protected":false},"excerpt":{"rendered":"<h4>Pjama Vibrationsalarm-Uhr Hellblau<\/h4>\n<p>Eine elegante und moderne Vibrationsalarm-Uhr, die bei Urinverlust am Tag daran erinnert, auf die Toilette zu gehen, oder an andere Dinge erinnert.<\/p>\n<ul>\n<li>Digitale LED-Anzeige.<\/li>\n<li>Die Uhr zeigt die Zeit genau wie eine normale Uhr an.<\/li>\n<li>Der Alarm kann f\u00fcr bis zu 8 Intervalle pro Tag eingestellt werden.<\/li>\n<li>Das Band ist aus weichem und flexiblem Silikon gefertigt und l\u00e4sst sich auf die richtige Gr\u00f6\u00dfe einstellen.<\/li>\n<li>Wird \u00fcber Micro USB aufgeladen.<\/li>\n<li>Der Akku einer voll aufgeladenen Uhr h\u00e4lt zwischen 6 und 15 Tagen.<\/li>\n<\/ul>\n<p>Wenn die Vibrationsalarm-Uhr lightblue nicht mehr zur Toilettenerinnerung ben\u00f6tigt wird, kann sie als normale Armbanduhr verwendet werden.<\/p>\n","protected":false},"featured_media":24430,"template":"","meta":{"_et_pb_use_builder":"","_et_pb_old_content":"","_et_gb_content_width":""},"product_brand":[],"product_cat":[305,306],"product_tag":[],"class_list":{"0":"post-24429","1":"product","2":"type-product","3":"status-publish","4":"has-post-thumbnail","6":"product_cat-uhr-mit-vibrationsalarm","7":"product_cat-zubehor_2025","8":"product_shipping_class-eu","10":"first","11":"instock","12":"taxable","13":"shipping-taxable","14":"purchasable","15":"product-type-simple"},"composite_virtual":false,"composite_layout":"","composite_add_to_cart_form_location":"","composite_editable_in_cart":false,"composite_sold_individually_context":"","composite_shop_price_calc":"","composite_components":[],"composite_scenarios":[],"_links":{"self":[{"href":"https:\/\/pjama.eu\/de\/wp-json\/wp\/v2\/product\/24429","targetHints":{"allow":["GET"]}}],"collection":[{"href":"https:\/\/pjama.eu\/de\/wp-json\/wp\/v2\/product"}],"about":[{"href":"https:\/\/pjama.eu\/de\/wp-json\/wp\/v2\/types\/product"}],"wp:featuredmedia":[{"embeddable":true,"href":"https:\/\/pjama.eu\/de\/wp-json\/wp\/v2\/media\/24430"}],"wp:attachment":[{"href":"https:\/\/pjama.eu\/de\/wp-json\/wp\/v2\/media?parent=24429"}],"wp:term":[{"taxonomy":"product_brand","embeddable":true,"href":"https:\/\/pjama.eu\/de\/wp-json\/wp\/v2\/product_brand?post=24429"},{"taxonomy":"product_cat","embeddable":true,"href":"https:\/\/pjama.eu\/de\/wp-json\/wp\/v2\/product_cat?post=24429"},{"taxonomy":"product_tag","embeddable":true,"href":"https:\/\/pjama.eu\/de\/wp-json\/wp\/v2\/product_tag?post=24429"}],"curies":[{"name":"wp","href":"https:\/\/api.w.org\/{rel}","templated":true}]}}