{"id":24588,"date":"2022-12-15T14:39:25","date_gmt":"2022-12-15T13:39:25","guid":{"rendered":"https:\/\/pjama.eu\/product\/pjama-vibrationsalarm-uhr-blau\/"},"modified":"2026-03-31T11:28:22","modified_gmt":"2026-03-31T09:28:22","slug":"vibrationsuhr-toilettengang-blau","status":"publish","type":"product","link":"https:\/\/pjama.eu\/de\/produkt\/vibrationsuhr-toilettengang-blau\/","title":{"rendered":"Vibrationsuhr Toilettengang Blau \u2013 Pjama Vibrationsalarm-Uhr"},"content":{"rendered":"<h3 style=\"color: #d35917;\">Vibrationsuhr Toilettengang Blau \u2013 Pjama Vibrationsalarm-Uhr<\/h3>\n<p>Eine stilvolle und moderne Vibrationsuhr f\u00fcr den Toilettengang in Blau, die bei Urinverlust am Tag diskret daran erinnert, die Toilette aufzusuchen. Der Alarm kann f\u00fcr bis zu 8 Intervalle pro Tag eingestellt werden. Das Band ist aus weichem und flexiblem Silikon gefertigt und l\u00e4sst sich auf die richtige Gr\u00f6\u00dfe einstellen. Die Pjama Vibrationsuhr Toilettengang Blau verf\u00fcgt \u00fcber einen \u00fcbersichtlichen digitalen LED-Bildschirm. Diese vibrierende Erinnerungsuhr ist auch ideal als Erinnerungshilfe f\u00fcr Kinder. <\/p>\n<p>Die Uhr zeigt die Zeit genau wie eine normale Uhr an. Die Vibrationsuhr Toilettengang Blau von Pjama unterst\u00fctzt Kinder und Erwachsene dabei, ihre Blase regelm\u00e4\u00dfig zu entleeren und dient als zuverl\u00e4ssige Erinnerungshilfe. Als diskrete Vibrationsuhr f\u00fcr den Toilettengang ist sie das ideale Hilfsmittel f\u00fcr einen strukturierten und sorgenfreien Alltag. <\/p>\n<h4 style=\"color: #072130;\">Vibrationsuhr f\u00fcr den Toilettengang im Alltag nutzen<\/h4>\n<p>Die Pjama Vibrationsalarm-Uhr Blau kann von Kindern und Erwachsenen verwendet werden, die unter Einn\u00e4ssen am Tag leiden und daran erinnert werden m\u00fcssen, auf die Toilette zu gehen.<\/p>\n<ul>\n<li>Dr\u00fccken Sie die Zeit\/Alarm-Taste einmal, um die Uhrzeit anzuzeigen.<\/li>\n<li>Dr\u00fccken Sie zweimal die Taste Zeit\/Alarm, um den Ladezustand der Batterie zu \u00fcberpr\u00fcfen (von 0 bis 100 Prozent).<\/li>\n<li>Die Vibration kann durch Dr\u00fccken einer Taste sofort gestoppt werden, oder sie wird nach 60 Sekunden automatisch beendet.<\/li>\n<\/ul>\n<p>Diese diskrete Vibrationsuhr f\u00fcr Kinder erinnert sie durch sanfte Vibrationen zuverl\u00e4ssig an den Toilettengang.<\/p>\n<h4 style=\"color: #072130;\">Akku &amp; Laden der Toiletten-Erinnerungsuhr<\/h4>\n<p>Nehmen Sie die Uhr aus der Gummih\u00fclle und verbinden Sie den USB-Anschluss mit Ihrer Powerbank (5 V) oder Ihrem Laptop. Wenn das USB-Kabel angeschlossen ist, zeigt ein blaues Licht den Ladevorgang an. Wenn die Uhr vollst\u00e4ndig aufgeladen ist, leuchtet das blaue L\u00e4mpchen weiter.  Die Batterie einer voll aufgeladenen Uhr kann 6-15 Tage halten. Diese vibrierende Erinnerungsuhr ist langlebig und sowohl f\u00fcr Kinder als auch f\u00fcr Erwachsene besonders einfach zu bedienen.<\/p>\n<h4 style=\"color: #072130;\">Technische Details der Pjama Vibrationsuhr<\/h4>\n<p>Stromquelle: DC 5V, Ladeeingang: Micro USB, Betriebstemperatur: 0 bis 45\u00b0C.<\/p>\n<h4 style=\"color: #072130;\">Hilfe bei Blasenschw\u00e4che: Tipps f\u00fcr Kinder &amp; Nutzung der Vibrationsuhr Toilettengang Hellblau<\/h4>\n<p>Einn\u00e4ssen am Tag ist bei Kindern ein h\u00e4ufiges Problem. Bei etwa 3-4 % der Kinder zwischen 3 und 12 Jahren tritt tags\u00fcber regelm\u00e4\u00dfig Urinverlust auf, der aber mit der richtigen Unterst\u00fctzung verschwinden kann. <\/p>\n<ul>\n<li>Ermutigen Sie Ihr Kind, regelm\u00e4\u00dfig auf die Toilette zu gehen, auch wenn es nicht das Bed\u00fcrfnis danach hat.<\/li>\n<li>Planen Sie regelm\u00e4\u00dfige Toiletteng\u00e4nge und achten Sie darauf, dass das Kind seine Blase vollst\u00e4ndig entleert.<\/li>\n<li>Ein Urin-Tagebuch kann helfen, das Verhaltensmuster zu verfolgen und die Kontrolle \u00fcber die Blase zu verbessern.<\/li>\n<li>Bestrafen Sie Ihr Kind niemals f\u00fcr Unf\u00e4lle &#8211; ermutigen Sie es stattdessen und st\u00e4rken Sie sein Selbstvertrauen.<\/li>\n<li>Achten Sie darauf, dass das Kind ausreichend trinkt, um einen ausgeglichenen Fl\u00fcssigkeitshaushalt aufrechtzuerhalten und den Toilettengang zu erleichtern.<\/li>\n<li>Eine Vibrationsuhr f\u00fcr den Toilettengang ist ein wertvolles Hilfsmittel, um Ihr Kind auch in der Schule oder beim Spielen selbstst\u00e4ndig an den WC-Besuch zu erinnern.<\/li>\n<\/ul>\n<h4 style=\"color: #072130;\">Wenn Ihr Kind nachts ins Bett macht<\/h4>\n<p>Der medizinische Begriff f\u00fcr Bettn\u00e4ssen ist n\u00e4chtliche Enuresis. Experten sch\u00e4tzen, dass weltweit bis zu 160 Millionen Menschen an Bettn\u00e4ssen leiden. Bettn\u00e4ssen kann sich negativ auf Familien auswirken, aber es gibt einige Tipps, wie man das Problem in den Griff bekommen kann:  <\/p>\n<ul>\n<li>Bettn\u00e4ssen ist nicht die Schuld Ihres Kindes. Bestrafen oder \u00e4rgern Sie das Kind nicht. <\/li>\n<li>Lassen Sie Ihr Kind trinken, was es will. Schwedische Untersuchungen zeigen, dass dies kaum Auswirkungen auf Bettn\u00e4sser-Alarm-Behandlungen hat. <\/li>\n<li>Verwenden Sie <a href=\"https:\/\/pjama.eu\/de\/bettnaesserhosen\/\">Pjama<\/a>, wenn Ihr Kind schl\u00e4ft, sowohl zu Hause als auch unterwegs.<\/li>\n<li>F\u00fcr das Einn\u00e4ssen am Tag verwenden Sie die Pjama Vibrationsuhr Toilettengang Blau<\/li>\n<li>Laden Sie unsere <a href=\"https:\/\/pjama.eu\/de\/bettnaesser-alarm-app\/\">DryGuardians App<\/a> herunter, um den Kalender zu nutzen und den Fortschritt festzuhalten. Dies ist auch n\u00fctzlich, wenn Sie sich an einen Arzt wenden. <\/li>\n<li>Sprechen Sie dar\u00fcber! Viele Erwachsene und Kinder leiden unter Bettn\u00e4ssen, aber niemand spricht dar\u00fcber. <\/li>\n<\/ul>\n<h4 style=\"color: #072130;\">Mehr erfahren \u00fcber die Vibrationsuhr Toilettengang und effektives Blasentraining<\/h4>\n<p>Mehr \u00fcber Bettn\u00e4ssen erfahren Sie auf unserer Seite <a href=\"https:\/\/pjama.eu\/de\/was-ist-enuresis\/\">Was ist Enuresis?<\/a><\/p>\n","protected":false},"excerpt":{"rendered":"<h4><span data-sheets-root=\"1\">Diskrete Pjama Vibrationsuhr Toilettengang Blau &#8211; erinnert tags\u00fcber an Toiletteng\u00e4nge oder Medikamente<\/span><\/h4>\n<p>Die Pjama Vibrationsuhr f\u00fcr den Toilettengang ist eine stilvolle Erinnerungshilfe, die bei Urinverlust am Tag diskret an den Gang zur Toilette erinnert.<\/p>\n<ul>\n<li>Digitaler LED-Bildschirm.<\/li>\n<li>Die Uhr zeigt die Zeit genau wie eine normale Uhr an.<\/li>\n<li>Der Alarm kann f\u00fcr bis zu 8 Intervalle pro Tag eingestellt werden.<\/li>\n<li>Das Band ist aus weichem und flexiblem Silikon gefertigt und l\u00e4sst sich auf die richtige Gr\u00f6\u00dfe einstellen.<\/li>\n<li>Wird \u00fcber Micro USB aufgeladen.<\/li>\n<li>Die Batterie einer voll aufgeladenen Uhr kann 6-15 Tage halten.<\/li>\n<\/ul>\n<p>Wenn die Pjama Vibrationsalarm-Uhr Blue nicht mehr zur Erinnerung an den Toilettengang ben\u00f6tigt wird, funktioniert sie perfekt als normale Armbanduhr.<\/p>\n","protected":false},"featured_media":24587,"template":"","meta":{"_et_pb_use_builder":"","_et_pb_old_content":"","_et_gb_content_width":""},"product_brand":[],"product_cat":[305,304,306],"product_tag":[],"class_list":{"0":"post-24588","1":"product","2":"type-product","3":"status-publish","4":"has-post-thumbnail","6":"product_cat-uhr-mit-vibrationsalarm","7":"product_cat-kinder","8":"product_cat-zubehor_2025","9":"product_shipping_class-eu","11":"first","12":"instock","13":"taxable","14":"shipping-taxable","15":"purchasable","16":"product-type-simple"},"composite_virtual":false,"composite_layout":"","composite_add_to_cart_form_location":"","composite_editable_in_cart":false,"composite_sold_individually_context":"","composite_shop_price_calc":"","composite_components":[],"composite_scenarios":[],"_links":{"self":[{"href":"https:\/\/pjama.eu\/de\/wp-json\/wp\/v2\/product\/24588","targetHints":{"allow":["GET"]}}],"collection":[{"href":"https:\/\/pjama.eu\/de\/wp-json\/wp\/v2\/product"}],"about":[{"href":"https:\/\/pjama.eu\/de\/wp-json\/wp\/v2\/types\/product"}],"wp:featuredmedia":[{"embeddable":true,"href":"https:\/\/pjama.eu\/de\/wp-json\/wp\/v2\/media\/24587"}],"wp:attachment":[{"href":"https:\/\/pjama.eu\/de\/wp-json\/wp\/v2\/media?parent=24588"}],"wp:term":[{"taxonomy":"product_brand","embeddable":true,"href":"https:\/\/pjama.eu\/de\/wp-json\/wp\/v2\/product_brand?post=24588"},{"taxonomy":"product_cat","embeddable":true,"href":"https:\/\/pjama.eu\/de\/wp-json\/wp\/v2\/product_cat?post=24588"},{"taxonomy":"product_tag","embeddable":true,"href":"https:\/\/pjama.eu\/de\/wp-json\/wp\/v2\/product_tag?post=24588"}],"curies":[{"name":"wp","href":"https:\/\/api.w.org\/{rel}","templated":true}]}}