{"id":24646,"date":"2020-06-04T09:46:01","date_gmt":"2020-06-04T07:46:01","guid":{"rendered":"https:\/\/pjama.eu\/product\/pjama-dryguardians-bettnaesser-alarmanlagen-set\/"},"modified":"2026-03-31T11:01:44","modified_gmt":"2026-03-31T09:01:44","slug":"pjama-dryguardians-bettnaesser-alarmanlagen-set","status":"publish","type":"product","link":"https:\/\/pjama.eu\/de\/produkt\/pjama-dryguardians-bettnaesser-alarmanlagen-set\/","title":{"rendered":"Pjama DryGuardians: Das effektive Enuresis Alarm Set"},"content":{"rendered":"<h3 style=\"color: #d35917;\">Pjama DryGuardians: Das effektive Enuresis Alarm Set<\/h3>\n<h4 style=\"color: #072130;\">Gezielte Behandlung von Bettn\u00e4ssen mit dem Enuresis Alarm<\/h4>\n<p>Studien zeigen, dass der Schl\u00fcssel zur \u00dcberwindung des Bettn\u00e4ssens darin besteht, motiviert zu bleiben und die Behandlung konsequent jede Nacht anzuwenden. Dieses Set macht es einfacher, auf dem richtigen Weg zu bleiben und erfolgreich zu sein.  <\/p>\n<p>Dieser Enuresis Alarm ist mit allen Pjama-Kleidungsst\u00fccken kompatibel. Das System nutzt einen pr\u00e4zisen Sensor am Kleidungsst\u00fcck und einen drahtlosen Lautsprecher, um den Benutzer sofort beim ersten Tropfen zu wecken. Wenn der Sensor Feuchtigkeit feststellt, wird der Alarm ausgel\u00f6st und der Benutzer geweckt. Durch konsequente Anwendung wird das Gehirn darauf trainiert, auf die Signale des K\u00f6rpers zu reagieren und die Gewohnheit des Bettn\u00e4ssens zu beenden.   <\/p>\n<p>Mit dem kompletten Pjama-Behandlungsset (einschlie\u00dflich der grauen Behandlungshose oder -shorts) erhalten Sie Schutz und Behandlung in einem. F\u00fcr \u00dcbernachtungen kann der Sensor an den<br \/>\n<strong>DryGuardians App<\/strong> auf einem Telefon, die diskrete Vibrationen anstelle eines lauten Alarms erm\u00f6glicht. Auf diese Weise k\u00f6nnen die Kinder die Behandlung ohne Unterbrechung fortsetzen, auch au\u00dferhalb des Hauses. <\/p>\n<h4 style=\"color: #072130;\">Funktionsweise: So stoppt der Enuresis Alarm das Bettn\u00e4ssen<\/h4>\n<p>Der Sensor wird am Bund von Pjama-Kleidungsst\u00fccken befestigt, die \u00fcber integrierte Sensordr\u00e4hte verf\u00fcgen, die den Erfassungsbereich erweitern. Dies gew\u00e4hrleistet eine zuverl\u00e4ssige Erkennung, unabh\u00e4ngig davon, wo der Urin landet oder in welcher Schlafposition sich der Benutzer befindet. Diese Funktionalit\u00e4t ist besonders f\u00fcr Jungen wertvoll, aber ebenso wichtig f\u00fcr M\u00e4dchen, die in unterschiedlichen Positionen schlafen.  <\/p>\n<p>Wenn Feuchtigkeit festgestellt wird, wird das angeschlossene Alarmger\u00e4t sofort aktiviert, unterbricht das Bettn\u00e4ssen und fordert den Benutzer auf, aufzuwachen und das Badezimmer zu benutzen.<\/p>\n<h4 style=\"color: #072130;\">Merkmale und Vorteile<\/h4>\n<ul>\n<li><strong>Professioneller Enuresis Alarm:<\/strong> Medizinisch erprobte Unterst\u00fctzung f\u00fcr Kinder und Erwachsene bei n\u00e4chtlichem Einn\u00e4ssen.<\/li>\n<li><strong>Entwickelt f\u00fcr Sleepovers:<\/strong> F\u00fcr diskrete Vibrationen mit der DryGuardians App koppeln.<\/li>\n<li><strong>USB-Laden:<\/strong> Bequemes und schnelles Aufladen \u00fcber USB.<\/li>\n<li><strong>Drahtloses System:<\/strong> Die Alarmeinheit kann bis zu 10 Meter vom Sensor entfernt aufgestellt werden.<\/li>\n<li><strong>Smartes Monitoring:<\/strong> Koppeln Sie den Enuresis Alarm mit Ihrem Smartphone, um als Eltern sofort diskret benachrichtigt zu werden.<\/li>\n<\/ul>\n<h4 style=\"color: #072130;\">Fortschritte messen: Der Enuresis Alarm mit App-Anbindung<\/h4>\n<p>Mit der DryGuardians App k\u00f6nnen Sie Unf\u00e4lle protokollieren, den Behandlungsverlauf verfolgen und personalisierte Empfehlungen erhalten, die in Zusammenarbeit mit dem schwedischen Gesundheitswesen entwickelt wurden. Diese Erkenntnisse helfen bei der Optimierung der Behandlung und liefern wertvolle Informationen, die Sie bei Bedarf mit \u00c4rzten teilen k\u00f6nnen. <\/p>\n<h4 style=\"color: #072130;\">Tipps f\u00fcr den Erfolg mit Ihrem Enuresis Alarm<\/h4>\n<ul>\n<li>Vergewissern Sie sich, dass die Kleidung richtig sitzt, und stellen Sie die Alarmlautst\u00e4rke auf einen geeigneten Wert ein.<\/li>\n<li>Erkl\u00e4ren Sie Ihrem Kind spielerisch die Funktion des Enuresis Alarms, um die Akzeptanz und Motivation zu steigern.<\/li>\n<li>Reagieren Sie sofort auf das Signal des Enuresis Alarms: Wecken Sie Ihr Kind sanft und begleiten Sie es konsequent zur Toilette.<\/li>\n<li>Befolgen Sie die Waschanweisungen f\u00fcr Kleidungsst\u00fccke, um die Qualit\u00e4t zu erhalten.<\/li>\n<\/ul>\n<h4 style=\"color: #072130;\">Pflege der Sensoren<\/h4>\n<p><span style=\"font-weight: 400;\">Um die beste Leistung zu erzielen, sollten Sie den Sensor nach dem Gebrauch immer entfernen und abtrocknen.<\/span> <span style=\"font-weight: 400;\">Vermeiden Sie es, das Ger\u00e4t an einem nassen Kleidungsst\u00fcck befestigt zu lassen &#8211; dies verhindert Korrosion und verl\u00e4ngert die Lebensdauer der Batterie.<\/span><\/p>\n<h4 style=\"color: #072130;\">Langfristiger Erfolg durch Motivation beim Enuresis-Training<\/h4>\n<p>Die Behandlung von Bettn\u00e4ssen erfordert Zeit, Motivation und Ermutigung. Eltern sollten ihre Kinder mit positivem Feedback unterst\u00fctzen und die Fortschritte auf dem Weg dorthin feiern. Das Setzen kleinerer Etappenziele hilft, die Motivation hoch zu halten, mit dem Endziel, vom Bettn\u00e4ssen befreit zu werden.  <\/p>\n<p>M\u00f6chten Sie mehr \u00fcber den Pjama Enuresis Alarm erfahren? Besuchen Sie unsere <a href=\"https:\/\/pjama.eu\/de\/\">Startsite<\/a> f\u00fcr weitere L\u00f6sungen gegen Bettn\u00e4ssen oder laden Sie das Handbuch direkt <a href=\"https:\/\/pjama.eu\/de\/produkt-handbuecher\/\">herunter<\/a>.<\/p>\n<footer>\u00a9 2024 Pjama.<\/footer>\n","protected":false},"excerpt":{"rendered":"<h3>Enuresis-Alarm &#8211; mit Sensor und Lautsprecher &#8211; Teil der DryGuardians-Methode<\/h3>\n<p>Das Pjama DryGuardians Bettn\u00e4sser-Alarmanlagen-Set enth\u00e4lt:<\/p>\n<ul>\n<li>Sensor, der mit Druckkn\u00f6pfen befestigt wird<\/li>\n<li>Lautsprecher, der in der N\u00e4he des Bettes aufgestellt wird<\/li>\n<\/ul>\n<p>Der Sensor wird an Pjama-Hosen, Shorts, Boxershorts oder Slips befestigt und bietet eine einfache, wirksame und zuverl\u00e4ssige Methode zur Behandlung von Bettn\u00e4ssen und Enuresis.<\/p>\n<p>Um das Enuresis-Alarmset mit Ihrem Smartphone zu verwenden, laden Sie die <strong>DryGuardians App<\/strong> kostenlos von <a href=\"https:\/\/play.google.com\/store\/apps\/details?id=com.pjama&amp;hl=de&amp;gl=de\">Google Play<\/a> oder dem <a href=\"https:\/\/apps.apple.com\/de\/app\/pjama\/id1498084664?l=de\">App Store<\/a> herunter.<\/p>\n","protected":false},"featured_media":31177,"template":"","meta":{"_et_pb_use_builder":"off","_et_pb_old_content":"<h3>Bedwetting Alarm for Pjama Treatment Series<\/h3>\r\n<h4>Treatment with Bedwetting Alarm<\/h4>\r\nThe bedwetting alarm is an effective tool for treating bedwetting and nighttime enuresis, for both children and adults. Research shows that about 70% of individuals who undergo bedwetting treatment with an alarm are completely cured, provided there is motivation to follow the treatment every night during the treatment period. The Pjama bedwetting alarm works with all Pjama treatment garments, including pants, shorts, and underwear. The alarm consists of a sensor that clips onto Pjama pants or underwear and a loudspeaker unit placed by the bed. When the sensor detects moisture, the bedwetting alarm is triggered, waking the person undergoing treatment. Consistent use during the treatment period helps break the bedwetting habit, also known as nighttime enuresis.\r\n\r\nWith the Pjama treatment kit, which includes gray treatment pants or shorts, you get both protection and treatment in one. The Pjama pants or shorts keep the bed dry, while the bedwetting alarm helps establish new routines. For sleepovers, the sensor can be connected to the DryGuardians app on your phone, allowing for discreet vibrations instead of a loud alarm. This is perfect for children with enuresis who want to attend sleepovers without interrupting their treatment.\r\n<h4>How Does the Pjama Bedwetting Alarm Work?<\/h4>\r\nThe bedwetting alarm is designed to help both children and adults with bedwetting and acts as a first-line treatment for enuresis. The sensor attached to the Pjama clothing is connected to an alarm unit that activates upon contact with moisture. This bedwetting treatment works by immediately interrupting the bedwetting, training the brain to respond to the body's signals. The treatment garments have integrated sensor wires, which increase the surface area of the sensor. This means that no matter where the urine lands or the sleeping position you or your child is in, the alarm will reliably detect bedwetting. This feature can be especially valuable for boys, as the area where urine first contacts can vary. The same applies to girls who sleep in different positions, particularly if they often sleep on their back.\r\n<h4>Features and Benefits of the Pjama Bedwetting Alarm<\/h4>\r\n<ul>\r\n \t<li><strong>Effective Treatment:<\/strong> Helps with nighttime enuresis for both children and adults.<\/li>\r\n \t<li><strong>Designed for Sleepovers:<\/strong> Use a mobile phone and the DryGuardians app for discreet treatment.<\/li>\r\n \t<li><strong>USB Charging:<\/strong> The alarm unit is easily charged with a USB charger.<\/li>\r\n \t<li><strong>Wireless System:<\/strong> The alarm unit can be placed up to 10 meters from the sensor.<\/li>\r\n \t<li><strong>Parent Notifications:<\/strong> Connect the bedwetting alarm to a parent's phone to receive notifications upon leakage.<\/li>\r\n<\/ul>\r\n<h4>Track Progress with the DryGuardians App<\/h4>\r\nWith the DryGuardians app, you can easily track progress in treating bedwetting and nighttime enuresis. DryGuardians provides predictions and recommendations developed in collaboration with Swedish healthcare, tailored to how your treatment progresses and ensuring that it is optimized for your specific circumstances and results. Log all accidents and track trends over time, which can help you or your child stay motivated. The collected information is also valuable to share with a doctor if additional advice is needed.\r\n<h4>Practical Tips for Use<\/h4>\r\n<ul>\r\n \t<li>Ensure the clothes fit properly and choose an alarm volume that suits your needs.<\/li>\r\n \t<li>Teach the child how the bedwetting alarm works and involve them in the process.<\/li>\r\n \t<li>When the alarm goes off, wake the child and help them go to the bathroom.<\/li>\r\n \t<li>Wash the Pjama garments according to the instructions to maintain quality.<\/li>\r\n<\/ul>\r\n<h4>Motivation and Patience Are Key<\/h4>\r\nTreating bedwetting and nighttime enuresis is a process that requires both motivation and patience, whether you are an adult or a child. Parents should encourage their children and provide positive feedback for every progress made. Setting smaller goals along the way can help maintain high motivation, with the ultimate goal of becoming free from bedwetting.\r\n\r\nFor more information about bedwetting alarms and enuresis alarms for both children and adults, read more on our <a href=\"https:\/\/pjama.se\">website<\/a> or download the manual <a href=\"https:\/\/pjama.se\/produkt-manualer\/\">here<\/a>.\r\n\r\n<footer>\u00a9 2024 Pjama.<\/footer>\u00a0","_et_gb_content_width":""},"product_brand":[],"product_cat":[355,354,356,353],"product_tag":[],"class_list":{"0":"post-24646","1":"product","2":"type-product","3":"status-publish","4":"has-post-thumbnail","6":"product_cat-bettnasser-alarm","7":"product_cat-pjama-behandlung","8":"product_cat-pjamadryguardians_2025","9":"product_cat-zubehor","10":"product_shipping_class-eu","12":"first","13":"instock","14":"taxable","15":"shipping-taxable","16":"purchasable","17":"product-type-simple"},"composite_virtual":false,"composite_layout":"","composite_add_to_cart_form_location":"","composite_editable_in_cart":false,"composite_sold_individually_context":"","composite_shop_price_calc":"","composite_components":[],"composite_scenarios":[],"_links":{"self":[{"href":"https:\/\/pjama.eu\/de\/wp-json\/wp\/v2\/product\/24646","targetHints":{"allow":["GET"]}}],"collection":[{"href":"https:\/\/pjama.eu\/de\/wp-json\/wp\/v2\/product"}],"about":[{"href":"https:\/\/pjama.eu\/de\/wp-json\/wp\/v2\/types\/product"}],"wp:featuredmedia":[{"embeddable":true,"href":"https:\/\/pjama.eu\/de\/wp-json\/wp\/v2\/media\/31177"}],"wp:attachment":[{"href":"https:\/\/pjama.eu\/de\/wp-json\/wp\/v2\/media?parent=24646"}],"wp:term":[{"taxonomy":"product_brand","embeddable":true,"href":"https:\/\/pjama.eu\/de\/wp-json\/wp\/v2\/product_brand?post=24646"},{"taxonomy":"product_cat","embeddable":true,"href":"https:\/\/pjama.eu\/de\/wp-json\/wp\/v2\/product_cat?post=24646"},{"taxonomy":"product_tag","embeddable":true,"href":"https:\/\/pjama.eu\/de\/wp-json\/wp\/v2\/product_tag?post=24646"}],"curies":[{"name":"wp","href":"https:\/\/api.w.org\/{rel}","templated":true}]}}