{"id":24711,"date":"2022-12-15T14:22:15","date_gmt":"2022-12-15T13:22:15","guid":{"rendered":"https:\/\/pjama.eu\/product\/pjama-vibrationsalarm-uhr-rosa\/"},"modified":"2026-04-15T19:12:25","modified_gmt":"2026-04-15T17:12:25","slug":"vibrationsuhr-toilettengang-rosa","status":"publish","type":"product","link":"https:\/\/pjama.eu\/de\/produkt\/vibrationsuhr-toilettengang-rosa\/","title":{"rendered":"Pjama Vibrationsuhr Toilettengang Rosa"},"content":{"rendered":"<h3 style=\"color: #d35917;\">Pjama Vibrationsuhr Toilettengang Rosa<\/h3>\n<p>Eine stilvolle und moderne Vibrationsuhr Toilettengang Rosa, die als diskrete Erinnerungshilfe bei Urinverlust am Tag oder f\u00fcr andere t\u00e4gliche Aufgaben dient. Der Alarm kann f\u00fcr bis zu 8 Intervalle pro Tag eingestellt werden. Das Band ist aus weichem und flexiblem Silikon gefertigt und l\u00e4sst sich auf die richtige Gr\u00f6\u00dfe einstellen. Die Pjama Vibrationsuhr Toilettengang Rosa verf\u00fcgt \u00fcber einen modernen digitalen LED-Bildschirm. Diese vibrierende Uhr ist auch ideal als Erinnerungshilfe f\u00fcr Kinder. <\/p>\n<p>Die Uhr zeigt die Zeit genau wie eine normale Uhr an. Die Pjama Vibrationsuhr Toilettengang Rosa erinnert Kinder und Erwachsene zuverl\u00e4ssig daran, ihre Blase tags\u00fcber regelm\u00e4\u00dfig zu entleeren. Sie funktioniert wie eine vibrierende Armbanduhr f\u00fcr den praktischen und diskreten Einsatz im Alltag. <\/p>\n<h4 style=\"color: #072130;\">Vibrationsuhr f\u00fcr den Toilettengang im Alltag nutzen<\/h4>\n<p>Diese Vibrationsuhr Toilettengang Rosa ist ideal f\u00fcr Kinder und Erwachsene, die tags\u00fcber Unterst\u00fctzung ben\u00f6tigen, um rechtzeitig das WC aufzusuchen.<\/p>\n<ul>\n<li>Dr\u00fccken Sie die Zeit\/Alarm-Taste einmal, um die Uhrzeit anzuzeigen.<\/li>\n<li>Dr\u00fccken Sie zweimal die Taste Zeit\/Alarm, um den Ladezustand der Batterie zu \u00fcberpr\u00fcfen (von 0 bis 100%).<\/li>\n<li>Die Vibration kann durch Dr\u00fccken einer Taste sofort gestoppt werden, oder sie wird nach 60 Sekunden automatisch beendet.<\/li>\n<\/ul>\n<p>Als spezialisierte Vibrationsuhr f\u00fcr Kinder hilft sie durch unauff\u00e4llige Signale dabei, den Toilettengang fest in den Alltag zu integrieren.<\/p>\n<h4 style=\"color: #072130;\">Akku &amp; Laden der Toiletten-Erinnerungsuhr<\/h4>\n<p>Nehmen Sie die Vibrationsalarm-Uhr aus der Silikonh\u00fclle und verbinden Sie den USB-Anschluss der Uhr mit Ihrer Powerbank (5 V) oder Ihrem Laptop. Wenn das USB-Kabel angeschlossen ist, zeigt ein blaues Licht an, dass es geladen wird. Wenn die Uhr vollst\u00e4ndig aufgeladen ist (100 %), leuchtet die blaue Kontrollleuchte weiter.   Die Batterie einer voll aufgeladenen Uhr kann 6-15 Tage halten. Diese Vibrationsuhr wurde speziell entwickelt, um langlebig und sowohl f\u00fcr Kinder als auch f\u00fcr Erwachsene einfach zu bedienen zu sein.<\/p>\n<h4 style=\"color: #072130;\">Technische Details der Pjama Vibrationsuhr<\/h4>\n<p>Stromquelle: DC 5V, Ladeeingang: Micro USB, Betriebstemperatur: 0 bis 45\u00b0 Celcius.<\/p>\n<h4 style=\"color: #072130;\">Hilfe bei Blasenschw\u00e4che: Tipps f\u00fcr Kinder &amp; Nutzung der Vibrationsuhr Toilettengang Hellblau<\/h4>\n<p>Tagesunf\u00e4lle bei Kindern sind h\u00e4ufig. Etwa 3-4 % der Kinder im Alter zwischen 3 und 12 Jahren haben tags\u00fcber regelm\u00e4\u00dfig Urinverlust, der aber mit der richtigen Unterst\u00fctzung verschwinden kann. <\/p>\n<ul>\n<li>Ermutigen Sie Ihr Kind, regelm\u00e4\u00dfig auf die Toilette zu gehen, auch wenn es nicht das Bed\u00fcrfnis danach hat.<\/li>\n<li>Planen Sie feste Zeiten f\u00fcr den Toilettengang und achten Sie darauf, dass das Kind seine Blase vollst\u00e4ndig entleert.<\/li>\n<li>Ein Urin-Tagebuch kann helfen, das Verhalten zu verfolgen und die Kontrolle \u00fcber das Wasserlassen zu verbessern.<\/li>\n<li>Bestrafen Sie Ihr Kind niemals f\u00fcr Unf\u00e4lle &#8211; ermutigen Sie es und st\u00e4rken Sie sein Selbstvertrauen.<\/li>\n<li>Achten Sie darauf, dass das Kind ausreichend trinkt, um einen ausgeglichenen Fl\u00fcssigkeitshaushalt aufrechtzuerhalten und den Toilettengang zu erleichtern.<\/li>\n<li>Die Vibrationsuhr Toilettengang Rosa ist ein wertvolles Hilfsmittel, um Ihr Kind auch in der Schule oder beim Spielen selbstst\u00e4ndig an den Gang zur Toilette zu erinnern.<\/li>\n<\/ul>\n<h4 style=\"color: #072130;\">Wenn Ihr Kind nachts ins Bett macht<\/h4>\n<p>Der medizinische Begriff f\u00fcr Bettn\u00e4ssen ist n\u00e4chtliche Enuresis. Experten sch\u00e4tzen, dass weltweit bis zu 160 Millionen Menschen an Bettn\u00e4ssen leiden. Bettn\u00e4ssen kann Familien erheblich belasten, aber es gibt Tipps, wie man das Problem in den Griff bekommen kann. Hier sind einige hilfreiche Vorschl\u00e4ge:   <\/p>\n<ul>\n<li>Bettn\u00e4ssen ist nicht die Schuld Ihres Kindes. Bestrafen oder \u00e4rgern Sie es nicht. <\/li>\n<li>Lassen Sie das Kind so viel trinken, wie es m\u00f6chte. Schwedische Untersuchungen haben gezeigt, dass dies kaum Auswirkungen auf Bettn\u00e4sser-Alarm-Behandlungen hat. <\/li>\n<li>Verwenden Sie <a href=\"https:\/\/pjama.eu\/de\/bettnaesserhosen\/\">Pjama<\/a>, wenn das Kind schl\u00e4ft, sowohl zu Hause als auch unterwegs.<\/li>\n<li>Nutzen Sie bei Urinverlust am Tag die Pjama Vibrationsuhr Toilettengang Rosa f\u00fcr mehr Sicherheit im Alltag.<\/li>\n<li>Laden Sie unsere <a href=\"https:\/\/pjama.eu\/de\/bettnaesser-alarm-app\/\">DryGuardians App<\/a> herunter, um den Kalender zu nutzen und den Fortschritt zu verfolgen. Dies ist auch n\u00fctzlich, wenn Sie einen Arzt aufsuchen. <\/li>\n<li>Sprechen Sie dar\u00fcber! Viele Erwachsene und Kinder leiden unter Bettn\u00e4ssen, aber niemand spricht dar\u00fcber. <\/li>\n<\/ul>\n<h4 style=\"color: #072130;\">M\u00f6chten Sie mehr erfahren?<\/h4>\n<p>Auf unserer Seite k\u00f6nnen Sie mehr \u00fcber Bettn\u00e4ssen lesen: <a href=\"https:\/\/pjama.eu\/de\/was-ist-enuresis\/\">Was ist Enuresis?<\/a><\/p>\n","protected":false},"excerpt":{"rendered":"<h4><span data-sheets-root=\"1\">Diskrete Vibrationsalarm-Uhr rosa &#8211; erinnert tags\u00fcber an Toiletteng\u00e4nge oder Medikamente<\/span><\/h4>\n<p>Eine stilvolle und moderne Vibrationsuhr Toilettengang Rosa, die als diskrete Erinnerungshilfe bei Urinverlust am Tag oder f\u00fcr andere t\u00e4gliche Aufgaben dient.<\/p>\n<ul>\n<li>Digitaler LED-Bildschirm.<\/li>\n<li>Die Uhr zeigt die Zeit wie eine normale Uhr an.<\/li>\n<li>Der Alarm kann f\u00fcr bis zu 8 Alarmintervalle pro Tag eingestellt werden.<\/li>\n<li>Das Band ist aus weichem und flexiblem Silikon gefertigt und l\u00e4sst sich auf die richtige Gr\u00f6\u00dfe einstellen.<\/li>\n<li>Aufgeladen mit Micro USB.<\/li>\n<li>Ein vollst\u00e4ndig aufgeladener Akku h\u00e4lt zwischen 6 und 15 Tagen.<\/li>\n<\/ul>\n<p>Sobald die Uhr nicht mehr als Erinnerung an den Toilettengang ben\u00f6tigt wird, kann sie als normale Armbanduhr verwendet werden.<\/p>\n","protected":false},"featured_media":24713,"template":"","meta":{"_et_pb_use_builder":"","_et_pb_old_content":"","_et_gb_content_width":""},"product_brand":[],"product_cat":[305,304,306],"product_tag":[],"class_list":{"0":"post-24711","1":"product","2":"type-product","3":"status-publish","4":"has-post-thumbnail","6":"product_cat-uhr-mit-vibrationsalarm","7":"product_cat-kinder","8":"product_cat-zubehor_2025","9":"product_shipping_class-eu","11":"first","12":"instock","13":"taxable","14":"shipping-taxable","15":"purchasable","16":"product-type-simple"},"composite_virtual":false,"composite_layout":"","composite_add_to_cart_form_location":"","composite_editable_in_cart":false,"composite_sold_individually_context":"","composite_shop_price_calc":"","composite_components":[],"composite_scenarios":[],"_links":{"self":[{"href":"https:\/\/pjama.eu\/de\/wp-json\/wp\/v2\/product\/24711","targetHints":{"allow":["GET"]}}],"collection":[{"href":"https:\/\/pjama.eu\/de\/wp-json\/wp\/v2\/product"}],"about":[{"href":"https:\/\/pjama.eu\/de\/wp-json\/wp\/v2\/types\/product"}],"wp:featuredmedia":[{"embeddable":true,"href":"https:\/\/pjama.eu\/de\/wp-json\/wp\/v2\/media\/24713"}],"wp:attachment":[{"href":"https:\/\/pjama.eu\/de\/wp-json\/wp\/v2\/media?parent=24711"}],"wp:term":[{"taxonomy":"product_brand","embeddable":true,"href":"https:\/\/pjama.eu\/de\/wp-json\/wp\/v2\/product_brand?post=24711"},{"taxonomy":"product_cat","embeddable":true,"href":"https:\/\/pjama.eu\/de\/wp-json\/wp\/v2\/product_cat?post=24711"},{"taxonomy":"product_tag","embeddable":true,"href":"https:\/\/pjama.eu\/de\/wp-json\/wp\/v2\/product_tag?post=24711"}],"curies":[{"name":"wp","href":"https:\/\/api.w.org\/{rel}","templated":true}]}}