{"id":24719,"date":"2022-12-15T14:31:34","date_gmt":"2022-12-15T13:31:34","guid":{"rendered":"https:\/\/pjama.eu\/product\/pjama-vibrationsalarm-uhr-schwarz\/"},"modified":"2026-03-24T14:30:22","modified_gmt":"2026-03-24T13:30:22","slug":"vibrationsuhr-toilettengang","status":"publish","type":"product","link":"https:\/\/pjama.eu\/de\/produkt\/vibrationsuhr-toilettengang\/","title":{"rendered":"Pjama Vibrationsuhr Toilettengang"},"content":{"rendered":"<h3 style=\"color: #d35917;\">Pjama Vibrationsuhr Toilettengang<\/h3>\n<p>Die Pjama Vibrationsuhr f\u00fcr den Toilettengang ist eine stilvolle Erinnerungshilfe, die bei Urinverlust am Tag diskret an den Gang zur Toilette erinnert.<\/p>\n<ul>\n<li>Digitaler LED-Bildschirm.<\/li>\n<li>Die Uhr zeigt die Zeit genau wie eine normale Uhr an.<\/li>\n<li>Der Alarm kann f\u00fcr bis zu 8 Intervalle pro Tag eingestellt werden.<\/li>\n<li>Das Band ist aus weichem und flexiblem Silikon gefertigt und l\u00e4sst sich auf die richtige Gr\u00f6\u00dfe einstellen.<\/li>\n<li>Wird \u00fcber Micro USB aufgeladen.<\/li>\n<li>Die Batterie einer voll aufgeladenen Uhr kann 6-15 Tage halten.<\/li>\n<\/ul>\n<p>Wenn die vibrierende Erinnerungsuhr nicht mehr zur Toilettenerinnerung ben\u00f6tigt wird, funktioniert sie perfekt als normale Armbanduhr.<\/p>\n<h4 style=\"color: #072130;\">Vibrationsuhr f\u00fcr den Toilettengang im Alltag nutzen<\/h4>\n<p>Unsere Pjama Vibrationsuhr f\u00fcr den Toilettengang unterst\u00fctzt Kinder und Erwachsene mit Blasenschw\u00e4che dabei, regelm\u00e4\u00dfige Toilettenzeiten einzuhalten und Einn\u00e4ssen zu verhindern.<\/p>\n<ul>\n<li>Dr\u00fccken Sie die Zeit\/Alarm-Taste einmal, um die Uhrzeit anzuzeigen.<\/li>\n<li>Dr\u00fccken Sie zweimal die Taste Zeit\/Alarm, um den Ladezustand der Batterie zu \u00fcberpr\u00fcfen (von 0 bis 100 Prozent).<\/li>\n<li>Die Vibration kann durch Dr\u00fccken einer Taste sofort gestoppt werden, oder sie wird nach 60 Sekunden automatisch beendet.<\/li>\n<\/ul>\n<p>Dank diskreter Vibrationen dient diese Vibrationsuhr als perfekte Erinnerungshilfe f\u00fcr den rechtzeitigen Toilettengang in Schule oder Beruf.<\/p>\n<h4 style=\"color: #072130;\">Akku &amp; Laden der Toiletten-Erinnerungsuhr<\/h4>\n<p>Nehmen Sie die Uhr aus der Silikonh\u00fclle und verbinden Sie den USB-Anschluss der Uhr mit Ihrer Powerbank (5V) oder Ihrem Laptop. Ein blaues Licht zeigt an, dass die Uhr geladen wird. Wenn die Uhr zu 100 % aufgeladen ist, leuchtet die blaue Kontrollleuchte weiter. Die Batterie h\u00e4lt mit einer vollen Ladung 6-15 Tage. Diese robuste Vibrationsuhr f\u00fcr den Toilettengang wurde speziell f\u00fcr die einfache Handhabung durch Kinder und Erwachsene entwickelt.   <\/p>\n<h4 style=\"color: #072130;\">Technische Details der Pjama Vibrationsuhr<\/h4>\n<p>Spannungsversorgung: DC 5V, Ladeeingang: Micro USB, Betriebstemperaturbereich: 0 bis 45\u00b0Celcius.<\/p>\n<h4 style=\"color: #072130;\">Hilfe bei Blasenschw\u00e4che: Tipps f\u00fcr Kinder und die Nutzung der Vibrationsuhr<\/h4>\n<p>Das Einn\u00e4ssen am Tag ist ein h\u00e4ufiges Problem bei Kindern. Etwa 3-4 % der Kinder im Alter zwischen 3 und 12 Jahren haben tags\u00fcber regelm\u00e4\u00dfig Urinverlust, der jedoch mit der richtigen Unterst\u00fctzung reduziert werden kann. <\/p>\n<ul>\n<li>Ermutigen Sie das Kind, regelm\u00e4\u00dfig auf die Toilette zu gehen, auch wenn es keinen Drang versp\u00fcrt.<\/li>\n<li>Legen Sie feste Toilettenzeiten fest und achten Sie darauf, dass das Kind seine Blase vollst\u00e4ndig entleert.<\/li>\n<li>Ein Miktions-Tagebuch kann helfen, das Verhalten zu verfolgen und die Kontrolle \u00fcber die Blase zu verbessern.<\/li>\n<li>Bestrafen Sie Ihr Kind niemals f\u00fcr Unf\u00e4lle &#8211; ermutigen Sie es stattdessen und st\u00e4rken Sie sein Selbstvertrauen.<\/li>\n<li>Achten Sie darauf, dass das Kind ausreichend Wasser trinkt, um den Fl\u00fcssigkeitshaushalt aufrechtzuerhalten und die Toiletteng\u00e4nge zu erleichtern.<\/li>\n<li>Eine spezialisierte Vibrationsuhr f\u00fcr den Toilettengang ist das ideale Hilfsmittel, um Kinder in der Schule oder beim Spielen diskret an den Klogang zu erinnern.<\/li>\n<\/ul>\n<h4 style=\"color: #072130;\">Was tun, wenn Ihr Kind nachts ins Bett n\u00e4sst?<\/h4>\n<p>Der medizinische Begriff f\u00fcr Bettn\u00e4ssen ist n\u00e4chtliche Enuresis. Experten sch\u00e4tzen, dass weltweit bis zu 160 Millionen Menschen an Bettn\u00e4ssen leiden. Bettn\u00e4ssen kann Familien erheblich beeintr\u00e4chtigen. Es gibt jedoch ein paar Tipps, wie man das Problem in den Griff bekommen kann:   <\/p>\n<ul>\n<li>Bettn\u00e4ssen ist nicht die Schuld Ihres Kindes. Bestrafen oder \u00e4rgern Sie Ihr Kind nicht. <\/li>\n<li>Erlauben Sie dem Kind zu trinken, was es m\u00f6chte. Schwedische Untersuchungen haben gezeigt, dass dies kaum Auswirkungen auf die Behandlung mit Bettn\u00e4sser-Alarmen hat. <\/li>\n<li>Verwenden Sie <a href=\"https:\/\/pjama.eu\/de\/bettnaesserhosen\/\">Pjama<\/a>, wenn das Kind schl\u00e4ft, sowohl zu Hause als auch unterwegs.<\/li>\n<li>Zur Vermeidung von nassen Hosen am Tag empfehlen wir die Pjama Vibrationsuhr f\u00fcr den Toilettengang.<\/li>\n<li>Laden Sie unsere <a href=\"https:\/\/pjama.eu\/de\/bettnaesser-alarm-app\/\">DryGuardians App<\/a> herunter, um den Kalender zu nutzen und den Fortschritt zu verfolgen. Dies ist auch n\u00fctzlich, wenn Sie einen Arzt aufsuchen. <\/li>\n<li>Sprechen Sie dar\u00fcber! Viele Erwachsene und Kinder leiden unter Bettn\u00e4ssen, aber niemand spricht dar\u00fcber. <\/li>\n<\/ul>\n<h4 style=\"color: #072130;\">Mehr erfahren \u00fcber die Vibrationsuhr und Blasentraining<\/h4>\n<p>Mehr \u00fcber Bettn\u00e4ssen k\u00f6nnen Sie bei uns unter <a href=\"https:\/\/pjama.eu\/de\/was-ist-enuresis\/\">Was ist Enuresis?<\/a> nachlesen.<\/p>\n","protected":false},"excerpt":{"rendered":"<h4><span data-sheets-root=\"1\">Diskrete Pjama Vibrationsalarm-Uhr &#8211; Schwarz &#8211; erinnert tags\u00fcber an Toiletteng\u00e4nge oder Medikamente<\/span><\/h4>\n<p>Eine stilvolle und moderne Pjama Vibrationsalarm-Uhr &#8211; Schwarz, die bei Urinverlust am Tag als Erinnerung an den Gang zur Toilette oder f\u00fcr andere Erinnerungen verwendet wird.<\/p>\n<ul>\n<li>Digitaler LED-Bildschirm.<\/li>\n<li>Die Uhr zeigt die Zeit genau wie eine normale Uhr an.<\/li>\n<li>Der Alarm kann f\u00fcr bis zu 8 Intervalle pro Tag eingestellt werden.<\/li>\n<li>Das Band ist aus weichem und flexiblem Silikon gefertigt und l\u00e4sst sich auf die richtige Gr\u00f6\u00dfe einstellen.<\/li>\n<li>Wird \u00fcber Micro USB aufgeladen.<\/li>\n<li>Die Batterie einer voll aufgeladenen Uhr kann 6-15 Tage halten.<\/li>\n<\/ul>\n<p>Wenn die Uhr nicht mehr als Erinnerung an den Toilettengang ben\u00f6tigt wird, funktioniert sie perfekt als normale Armbanduhr.<\/p>\n","protected":false},"featured_media":22897,"template":"","meta":{"_et_pb_use_builder":"","_et_pb_old_content":"","_et_gb_content_width":""},"product_brand":[],"product_cat":[305,304,306],"product_tag":[],"class_list":{"0":"post-24719","1":"product","2":"type-product","3":"status-publish","4":"has-post-thumbnail","6":"product_cat-uhr-mit-vibrationsalarm","7":"product_cat-kinder","8":"product_cat-zubehor_2025","9":"product_shipping_class-eu","11":"first","12":"instock","13":"taxable","14":"shipping-taxable","15":"purchasable","16":"product-type-simple"},"composite_virtual":false,"composite_layout":"","composite_add_to_cart_form_location":"","composite_editable_in_cart":false,"composite_sold_individually_context":"","composite_shop_price_calc":"","composite_components":[],"composite_scenarios":[],"_links":{"self":[{"href":"https:\/\/pjama.eu\/de\/wp-json\/wp\/v2\/product\/24719","targetHints":{"allow":["GET"]}}],"collection":[{"href":"https:\/\/pjama.eu\/de\/wp-json\/wp\/v2\/product"}],"about":[{"href":"https:\/\/pjama.eu\/de\/wp-json\/wp\/v2\/types\/product"}],"wp:featuredmedia":[{"embeddable":true,"href":"https:\/\/pjama.eu\/de\/wp-json\/wp\/v2\/media\/22897"}],"wp:attachment":[{"href":"https:\/\/pjama.eu\/de\/wp-json\/wp\/v2\/media?parent=24719"}],"wp:term":[{"taxonomy":"product_brand","embeddable":true,"href":"https:\/\/pjama.eu\/de\/wp-json\/wp\/v2\/product_brand?post=24719"},{"taxonomy":"product_cat","embeddable":true,"href":"https:\/\/pjama.eu\/de\/wp-json\/wp\/v2\/product_cat?post=24719"},{"taxonomy":"product_tag","embeddable":true,"href":"https:\/\/pjama.eu\/de\/wp-json\/wp\/v2\/product_tag?post=24719"}],"curies":[{"name":"wp","href":"https:\/\/api.w.org\/{rel}","templated":true}]}}