{"id":24727,"date":"2021-01-29T14:15:16","date_gmt":"2021-01-29T13:15:16","guid":{"rendered":"https:\/\/pjama.eu\/product\/pjama-dryguardians-alarmsensor\/"},"modified":"2026-03-23T17:21:47","modified_gmt":"2026-03-23T16:21:47","slug":"pjama-dryguardians-alarmsensor","status":"publish","type":"product","link":"https:\/\/pjama.eu\/de\/produkt\/pjama-dryguardians-alarmsensor\/","title":{"rendered":"Pjama DryGuardians Alarmsensor"},"content":{"rendered":"<h3 style=\"color:#d35917;\">Pjama DryGuardians Alarmsensor<\/h3>\n<h4 style=\"color:#072130;\">Behandlung mit Sensor und App<\/h4>\n<p>Bettn\u00e4sser-Alarme sind ein wirksames Mittel zur Behandlung von Bettn\u00e4ssen und n\u00e4chtlicher Enuresis bei Kindern und Erwachsenen. Untersuchungen zeigen, dass etwa 70 % der Menschen, die sich einer Behandlung mit einem Bettn\u00e4sser-Alarm unterziehen, vollst\u00e4ndig geheilt werden, vorausgesetzt, sie bleiben motiviert und befolgen die Behandlung konsequent \u00fcber den gesamten Zeitraum. <\/p>\n<p>Der Pjama DryGuardians Alarmsensor funktioniert mit allen Pjama-Kleidungsst\u00fccken, einschlie\u00dflich Hosen, Shorts und Unterw\u00e4sche <em>(separat erh\u00e4ltlich)<\/em>.<\/p>\n<p>Das System besteht aus einem Sensor, der an Pjama-Kleidungsst\u00fccken befestigt und zusammen mit einem Smartphone verwendet wird, auf dem die DryGuardians App l\u00e4uft. Wenn der Sensor Feuchtigkeit feststellt, wird der Alarm auf dem Smartphone ausgel\u00f6st und der Benutzer geweckt. Die konsequente Anwendung hilft, die Gewohnheit des Bettn\u00e4ssens (n\u00e4chtliche Enuresis) zu \u00fcberwinden.  <\/p>\n<p>Mit dem <a href=\"https:\/\/pjama.eu\/de\/bettnaesser-alarm\/\">Pjama-Behandlungsset<\/a>, das graue Hosen oder Shorts enth\u00e4lt, erhalten Sie Schutz und Behandlung in einem. Die Kleidungsst\u00fccke halten das Bett trocken, w\u00e4hrend der Alarm hilft, neue Routinen zu etablieren. Bei \u00dcbernachtungen erm\u00f6glicht die DryGuardians App diskrete Vibrationen anstelle von lauten Alarmen und ist damit ideal f\u00fcr Kinder, die an \u00dcbernachtungen teilnehmen m\u00f6chten, ohne die Behandlung zu unterbrechen.  <\/p>\n<h4 style=\"color:#072130;\">Wie funktioniert der Pjama DryGuardians Alarmsensor?<\/h4>\n<p>Der Sensor und das Smartphone bilden zusammen ein komplettes Bettn\u00e4sser-Alarmsystem, das Kindern und Erwachsenen helfen soll. Der Sensor wird an der Pjama-Kleidung befestigt und mit der DryGuardians App verbunden. Er wird bei Kontakt mit Feuchtigkeit aktiviert, unterbricht das Bettn\u00e4ssen sofort und trainiert das Gehirn, auf die Signale des K\u00f6rpers zu reagieren.  <\/p>\n<p>Die Kleidungsst\u00fccke haben eingen\u00e4hte Sensordr\u00e4hte, die den Erfassungsbereich vergr\u00f6\u00dfern. Dies gew\u00e4hrleistet eine zuverl\u00e4ssige Erkennung unabh\u00e4ngig von der Lage des Urins oder der Schlafposition. Dies ist besonders wertvoll f\u00fcr Jungen, aber ebenso effektiv f\u00fcr M\u00e4dchen, insbesondere f\u00fcr diejenigen, die oft auf dem R\u00fccken schlafen.  <\/p>\n<h4 style=\"color:#072130;\">Merkmale und Vorteile<\/h4>\n<ul>\n<li><strong>Wirksame Behandlung:<\/strong> Unterst\u00fctzt sowohl Kinder als auch Erwachsene mit n\u00e4chtlichem Einn\u00e4ssen.<\/li>\n<li><strong>Ideal f\u00fcr Aufenthalte \u00fcber Nacht:<\/strong> Verwenden Sie den Sensor mit der DryGuardians App f\u00fcr eine diskrete Behandlung.<\/li>\n<li><strong>Drahtlose Verbindung:<\/strong> Das Telefon kann je nach Modell 5-20 Meter entfernt aufgestellt werden.<\/li>\n<li><strong>Benachrichtigung der Eltern:<\/strong> Verkn\u00fcpfen Sie den Alarm mit dem Telefon eines Elternteils, um sofortige Benachrichtigungen zu erhalten.<\/li>\n<li><strong>Gro\u00dfer Erfassungsbereich:<\/strong> Erkennt schnell und unabh\u00e4ngig von der Schlafposition die Feuchtigkeit.<\/li>\n<\/ul>\n<h4 style=\"color:#072130;\">Pflege der Sensoren<\/h4>\n<p><span style=\"font-weight: 400;\">Um die beste Leistung zu erzielen, sollten Sie den Sensor nach dem Gebrauch immer entfernen und abtrocknen.<\/span> <span style=\"font-weight: 400;\">Vermeiden Sie es, das Ger\u00e4t an einem nassen Kleidungsst\u00fcck befestigt zu lassen &#8211; dies verhindert Korrosion und verl\u00e4ngert die Lebensdauer der Batterie.<\/span><\/p>\n<h4 style=\"color:#072130;\">Verfolgen Sie den Fortschritt mit der DryGuardians App<\/h4>\n<p>Mit der DryGuardians App k\u00f6nnen Sie ganz einfach Unf\u00e4lle protokollieren, den Behandlungsfortschritt verfolgen und personalisierte Empfehlungen erhalten, die in Zusammenarbeit mit dem schwedischen Gesundheitswesen entwickelt wurden. Die App hilft Ihnen oder Ihrem Kind, motiviert zu bleiben, und liefert wertvolle Informationen, die Sie bei Bedarf mit einem Arzt teilen k\u00f6nnen. <\/p>\n<h4 style=\"color:#072130;\">Praktische Tipps f\u00fcr den Einsatz<\/h4>\n<ul>\n<li>Achten Sie darauf, dass die Kleidung richtig sitzt und w\u00e4hlen Sie in der App einen geeigneten Alarmton aus.<\/li>\n<li>Bringen Sie Ihrem Kind bei, wie der Alarm funktioniert, und beziehen Sie es in den Prozess mit ein.<\/li>\n<li>Wenn der Alarm ausgel\u00f6st wird, helfen Sie dem Kind, aufzuwachen und auf die Toilette zu gehen.<\/li>\n<li>Waschen Sie Pjama-Kleidungsst\u00fccke gem\u00e4\u00df den Pflegehinweisen, um die Qualit\u00e4t zu erhalten.<\/li>\n<\/ul>\n<h4 style=\"color:#072130;\">Motivation und Geduld sind der Schl\u00fcssel<\/h4>\n<p>Die Behandlung von Bettn\u00e4ssen erfordert Geduld, Konsequenz und Ermutigung. Eltern sollten positive R\u00fcckmeldungen geben und kleine Fortschritte auf dem Weg dorthin feiern. Das ultimative Ziel ist Trockenheit ohne Hilfsmittel, und Hilfsmittel wie der Pjama DryGuardians Alarmsensor k\u00f6nnen den Weg dorthin ebnen.  <\/p>\n<p>F\u00fcr weitere Informationen \u00fcber L\u00f6sungen zur Behandlung von Enuresis besuchen Sie unsere <a href=\"https:\/\/pjama.eu\/de\/\">Website<\/a> oder laden Sie das Handbuch <a href=\"https:\/\/pjama.eu\/de\/produkt-handbuecher\/\">hier<\/a> herunter.<\/p>\n<footer>\u00a9 2024 Pjama.<\/footer>\n","protected":false},"excerpt":{"rendered":"<h3>Feuchtigkeitssensor zum Anschluss von DryGuardians Schlaf- und Unterw\u00e4sche an den Alarm.<\/h3>\n<p>Pjama DryGuardians Alarmsensor enth\u00e4lt:<\/p>\n<ul>\n<li>Sensor, der mit Druckkn\u00f6pfen befestigt wird<\/li>\n<li>DryGuardians App als Alarmger\u00e4t<\/li>\n<\/ul>\n<p>Der Sensor wird an Pjama-Hosen, Shorts, Boxershorts oder Slips befestigt und ist eine einfache, effektive und sichere Methode zur Behandlung von Bettn\u00e4ssen und Enuresis.<\/p>\n<p>Um den Enuresis-Alarm mit Ihrem Smartphone zu verwenden, laden Sie die <strong>DryGuardians App<\/strong> kostenlos bei <a href=\"https:\/\/play.google.com\/store\/apps\/details?id=com.pjama&amp;hl=de&amp;gl=de\">Google Play<\/a> oder im <a href=\"https:\/\/apps.apple.com\/de\/app\/pjama\/id1498084664?l=de\">App Store<\/a> herunter.<\/p>\n","protected":false},"featured_media":22862,"template":"","meta":{"_et_pb_use_builder":"","_et_pb_old_content":"","_et_gb_content_width":""},"product_brand":[],"product_cat":[306],"product_tag":[],"class_list":{"0":"post-24727","1":"product","2":"type-product","3":"status-publish","4":"has-post-thumbnail","6":"product_cat-zubehor_2025","7":"product_shipping_class-eu","9":"first","10":"onbackorder","11":"taxable","12":"shipping-taxable","13":"purchasable","14":"product-type-simple"},"composite_virtual":false,"composite_layout":"","composite_add_to_cart_form_location":"","composite_editable_in_cart":false,"composite_sold_individually_context":"","composite_shop_price_calc":"","composite_components":[],"composite_scenarios":[],"_links":{"self":[{"href":"https:\/\/pjama.eu\/de\/wp-json\/wp\/v2\/product\/24727","targetHints":{"allow":["GET"]}}],"collection":[{"href":"https:\/\/pjama.eu\/de\/wp-json\/wp\/v2\/product"}],"about":[{"href":"https:\/\/pjama.eu\/de\/wp-json\/wp\/v2\/types\/product"}],"wp:featuredmedia":[{"embeddable":true,"href":"https:\/\/pjama.eu\/de\/wp-json\/wp\/v2\/media\/22862"}],"wp:attachment":[{"href":"https:\/\/pjama.eu\/de\/wp-json\/wp\/v2\/media?parent=24727"}],"wp:term":[{"taxonomy":"product_brand","embeddable":true,"href":"https:\/\/pjama.eu\/de\/wp-json\/wp\/v2\/product_brand?post=24727"},{"taxonomy":"product_cat","embeddable":true,"href":"https:\/\/pjama.eu\/de\/wp-json\/wp\/v2\/product_cat?post=24727"},{"taxonomy":"product_tag","embeddable":true,"href":"https:\/\/pjama.eu\/de\/wp-json\/wp\/v2\/product_tag?post=24727"}],"curies":[{"name":"wp","href":"https:\/\/api.w.org\/{rel}","templated":true}]}}