{"id":24763,"date":"2021-01-29T14:39:48","date_gmt":"2021-01-29T13:39:48","guid":{"rendered":"https:\/\/pjama.eu\/product\/pjama-dryguardians-alarm-lautsprecher\/"},"modified":"2026-03-23T17:20:57","modified_gmt":"2026-03-23T16:20:57","slug":"enuresis-alarm","status":"publish","type":"product","link":"https:\/\/pjama.eu\/de\/produkt\/enuresis-alarm\/","title":{"rendered":"Pjama DryGuardians Alarm-Lautsprecher"},"content":{"rendered":"<h3 style=\"color:#d35917;\">Pjama DryGuardians Alarm-Lautsprecher<\/h3>\n<p>Der Pjama DryGuardians Alarm-Lautsprecher funktioniert sowohl mit dem <a href=\"https:\/\/pjama.eu\/de\/produkt\/pjama-dryguardians-stand-alone-alarmsensor\/\">Pjama DryGuardians Stand-alone Alarmsensor<\/a> als auch mit dem <a href=\"https:\/\/pjama.eu\/de\/produkt\/pjama-dryguardians-alarmsensor\/\">Pjama DryGuardians Alarmsensor<\/a> f\u00fcr Hosen, Shorts und Unterw\u00e4sche zur Behandlung von Pjama.<br \/>\n<a href=\"https:\/\/pjama.eu\/de\/groessentabelle-bettnaesserhose\/\">Gr\u00f6\u00dfenangaben<\/a>.<\/p>\n<h4 style=\"color:#072130;\">Teil des Pjama Bettn\u00e4sser-Alarmsystems<\/h4>\n<p>Der Pjama DryGuardians Alarm-Lautsprecher kann mit dem Pjama DryGuardians Alarmsensor gekoppelt werden, der in Behandlungshosen, Shorts und Unterw\u00e4sche verwendet wird. Mit dem Lautsprecher k\u00f6nnen Sie Alarmt\u00f6ne ausw\u00e4hlen, die Lautst\u00e4rke einstellen und mit mehreren Sensoren koppeln. Der Lautsprecher wird \u00fcber das mitgelieferte USB-Kabel aufgeladen. F\u00fcr zus\u00e4tzliche Soundeinheiten k\u00f6nnen Eltern auch die Alarmfunktion in der DryGuardians App nutzen. Laden Sie die <strong>DryGuardians App<\/strong> bei <a href=\"https:\/\/play.google.com\/store\/apps\/details?id=com.pjama&amp;hl=de&amp;gl=de\" target=\"_blank\" rel=\"noopener\">Google Play<\/a> oder im <a href=\"https:\/\/apps.apple.com\/de\/app\/pjama\/id1498084664?l=de\" target=\"_blank\" rel=\"noopener\">App Store<\/a> herunter.    <\/p>\n<h4 style=\"color:#072130;\">Dieses Produkt schlie\u00dft ein:<\/h4>\n<ul>\n<li>1 \u00d7 Pjama DryGuardians Alarm-Lautsprecher<\/li>\n<\/ul>\n<h4 style=\"color:#072130;\">Verwendung<\/h4>\n<p>Platzieren Sie den Pjama DryGuardians Alarm-Lautsprecher in einem Umkreis von 10 Metern um den Sensor, um optimale Ergebnisse zu erzielen. Wenn der Alarm ert\u00f6nt, kann Ihr Kind ihn durch Dr\u00fccken der &#8222;ON&#8220;-Taste oben auf dem Lautsprecher abstellen. Um den Alarm mit Ihrem Smartphone zu verwenden, laden Sie die DryGuardians App von <a href=\"https:\/\/play.google.com\/store\/apps\/details?id=com.pjama&amp;hl=de&amp;gl=de\" target=\"_blank\" rel=\"noopener\">Google Play<\/a> oder dem <a href=\"https:\/\/apps.apple.com\/de\/app\/pjama\/id1498084664?l=de\" target=\"_blank\" rel=\"noopener\">App Store<\/a> herunter.<\/p>\n<h4 style=\"color:#072130;\">Kopplung mit Sensor<\/h4>\n<p>Koppeln Sie den Sensor mit dem Pjama DryGuardians Alarm-Lautsprecher, indem Sie die Tasten &#8222;Lautst\u00e4rke&#8220; und &#8222;Ton&#8220; gleichzeitig 3 Sekunden lang dr\u00fccken. Schlie\u00dfen Sie dann den Sensor kurz, indem Sie einen Metallgegenstand (Messer oder Schere) \u00fcber die Tasten legen, oder verwenden Sie einen Wassertropfen auf der Oberfl\u00e4che f\u00fcr Sensoren ohne Tasten. Nach 3 bis 5 Sekunden ert\u00f6nt der Lautsprecher zur Best\u00e4tigung der erfolgreichen Kopplung.  <\/p>\n<h4 style=\"color:#072130;\">Produkt-Infos<\/h4>\n<ul>\n<li><em>Farbe:<\/em> Hellblau<\/li>\n<li><em>Abmessungen (B \u00d7 H \u00d7 T):<\/em> 11 \u00d7 7 \u00d7 3 cm<\/li>\n<li><em>Aufladen:<\/em> USB-Ladeger\u00e4t (im Lieferumfang enthalten)<\/li>\n<li><em>Aufladezeit:<\/em> Computer: 4-6 Stunden \/ AC Adapter 5V1.0A: 3 Stunden<\/li>\n<li><em>Lautst\u00e4rke:<\/em> Einstellbar<\/li>\n<li><em>Alarm-Signale:<\/em> 7 Typen<\/li>\n<li>Das vollst\u00e4ndige Handbuch finden Sie auf unserer <a href=\"https:\/\/pjama.eu\/de\/produkt-handbuecher\/\">Website<\/a>.<\/li>\n<li>Erfahren Sie <a href=\"https:\/\/pjama.eu\/de\/was-ist-enuresis\/\">hier<\/a> mehr \u00fcber Bettn\u00e4ssen.<\/li>\n<\/ul>\n<h4 style=\"color:#072130;\">Verfolgen Sie den Fortschritt mit der DryGuardians App<\/h4>\n<p>Die DryGuardians App bietet einen Kalender zur Protokollierung, Alarmfunktionen, mehrere Signale und hilfreiche Tipps. Sie k\u00f6nnen auch Tagesalarme f\u00fcr Kinder einstellen, die tags\u00fcber einn\u00e4ssen. Die App kann kostenlos heruntergeladen werden und verbindet Sie mit der DryGuardians Bedwetting Clinic, die pers\u00f6nliche Beratung und Behandlungstipps bietet. Vergessen Sie nicht, die n\u00e4chtlichen Ergebnisse zu protokollieren, um den Fortschritt zu verfolgen und Erkenntnisse mit den Betreuern zu teilen.   <\/p>\n<h4 style=\"color:#072130;\">Die Behandlung erfordert Motivation und Geduld<\/h4>\n<p>Bei der Behandlung von Bettn\u00e4ssen ist Geduld gefragt. Das Endziel ist ein trockenes Bett ohne Hilfsmittel, aber das Setzen kleiner Meilensteine auf dem Weg dorthin macht die Reise \u00fcberschaubarer. Die Eltern spielen eine Schl\u00fcsselrolle, indem sie die Kinder durch Ermutigung und positives Feedback motivieren. Bleiben Sie konsequent und lassen Sie den Pjama DryGuardians Alarm-Lautsprecher und die App Teil des Weges zur Trockenheit sein.   <\/p>\n<footer>\u00a9 2024 Pjama.<\/footer>\n","protected":false},"excerpt":{"rendered":"<h3><span data-sheets-root=\"1\">Externer Lautsprecher f\u00fcr sicheres Aufwachen mit dem Alarm &#8211; Teil der DryGuardians Methode<\/span><\/h3>\n<p>Ein zus\u00e4tzlicher Lautsprecher f\u00fcr die Pjama Bettn\u00e4sser-Alarme.<\/p>\n<p>Funktioniert sowohl mit dem Pjama Connect Bettn\u00e4sser-Alarm als auch mit dem Pjama DryGuardians Alarmsensor zur Behandlung von Hosen, Shorts, Slips und Boxershorts.<\/p>\n","protected":false},"featured_media":31203,"template":"","meta":{"_et_pb_use_builder":"off","_et_pb_old_content":"<h3>Pjama Speaker<\/h3>\r\nThe Pjama Speaker works with both the <a href=\"https:\/\/pjama.se\/sangvatningslarm\/\">Pjama Connect Bedwetting Alarm<\/a> and the <a href=\"https:\/\/pjama.se\/produkter\/pjama-sensor\/\">Pjama Sensor<\/a> for Pjama treatment pants, shorts, and underwear.\r\n<h4>Part of the Pjama Bedwetting Alarm System<\/h4>\r\nThe Pjama Speaker can be connected to the Pjama Sensor used with treatment pants, shorts, and underwear from Pjama. With the Pjama Speaker, you can choose the alarm signal, adjust the volume, and pair it with different sensors from Pjama. The speaker is charged using the included USB cable. If you want an additional sound unit to, for example, wake you as a parent, you can use the alarm function in the DryGuardians App on your phone. Download the <em>DryGuardians App<\/em> from <a href=\"https:\/\/play.google.com\/store\/apps\/details?id=com.pjama&gl=sv&hl=sv\">Google Play<\/a> or <a href=\"https:\/\/apps.apple.com\/sv\/app\/pjama\/id1498084664?mt=8&l=sv\">App Store<\/a>.\r\n<h4>This Product Includes:<\/h4>\r\n<ul>\r\n \t<li>1 x Pjama Speaker<\/li>\r\n<\/ul>\r\n<h4>Usage<\/h4>\r\nDuring treatment, place the Pjama Speaker within 10 meters of the sensor for best results. When the alarm sounds, your child can easily turn off the alarm by pressing the \"ON\" button on the top of the speaker. To use the bedwetting alarm with your smartphone, you need to download the DryGuardians App from <a href=\"https:\/\/play.google.com\/store\/apps\/details?id=com.pjama\">Google Play<\/a> or <a href=\"https:\/\/apps.apple.com\/se\/app\/pjama\/id1498084664\">App Store<\/a>.\r\n<h4>Pairing with Sensor<\/h4>\r\nPair the sensor with the Pjama Speaker by pressing the \"volume\" and \"tone\" buttons on the speaker unit simultaneously for 3 seconds. Then short-circuit the sensor by placing a metal object such as a knife or scissors on the sensor buttons, or by placing a drop of water on the sensor surface if you have a buttonless sensor. Let the metal object stay on the sensor for about 3-5 seconds, and the speaker will indicate that the sensor is paired by sounding the alarm.\r\n<h4>Product Info<\/h4>\r\n<ul>\r\n \t<li><em>Color: Light Blue<\/em><\/li>\r\n \t<li><em>Dimensions (w-h-d): 11 x 7 x 3 cm<\/em><\/li>\r\n \t<li>Charging: Charges with a USB charger (included)<\/li>\r\n \t<li>Charging time (full charge): Via Computer: 4-6 hrs. Via AC Adapter 5V1.0A: 3 hrs<\/li>\r\n \t<li>Volume: Adjustable<\/li>\r\n \t<li>Alarm Signals: 7 types<\/li>\r\n \t<li>The full manual for the Pjama bedwetting alarm can be found on our <a href=\"https:\/\/pjama.se\/produkt-manualer\/\">website<\/a>.<\/li>\r\n \t<li>Learn more about bedwetting <a href=\"https:\/\/www.rikshandboken-bhv.se\/pediatrik\/uro-genitalt\/sangvatning-hos-barn\/\">here<\/a>.<\/li>\r\n<\/ul>\r\n<h4>Track Your Progress with the DryGuardians App<\/h4>\r\nThe DryGuardians App includes several features. You get access to a calendar for logging, alarm functions, different alarm signals, and general tips and advice to assist with bedwetting treatment. It\u2019s also possible to set daytime alarms for children who experience leaks during the day. The DryGuardians App is free to download from <a href=\"https:\/\/play.google.com\/store\/apps\/details?id=com.pjama&gl=sv&hl=sv\">Google Play<\/a> or <a href=\"https:\/\/apps.apple.com\/sv\/app\/pjama\/id1498084664?mt=8&l=sv\">App Store<\/a>. DryGuardians Bedwetting Clinic gives you personalized tips and guidance through the app during your bedwetting treatment.\r\n\r\nDon\u2019t forget to log the night\u2019s results in the DryGuardians app to keep track of your or your child\u2019s progress. Learn more about the DryGuardians app and bedwetting clinic on our <a href=\"https:\/\/pjama.se\/pjama-sangvatningsklinik\/\">website<\/a>.\r\n<h4>Treatment is a Process Where Motivation and Patience are Key<\/h4>\r\nPatience is key! For faster and long-lasting improvement, patience and motivation are required. If you are a new Pjama user, it\u2019s helpful to keep your ultimate goal in mind \u2013 a dry bed without assistance. If your end goal feels far away, you can set smaller milestones along the way. If you are a parent of a child using Pjama treatment, it\u2019s important to keep the child motivated as well. Provide positive feedback and compliments. If you are motivated, your child will be too! Let Pjama be part of the journey to help your child stay dry!\r\n\r\n\u00a0","_et_gb_content_width":""},"product_brand":[],"product_cat":[306],"product_tag":[],"class_list":{"0":"post-24763","1":"product","2":"type-product","3":"status-publish","4":"has-post-thumbnail","6":"product_cat-zubehor_2025","7":"product_shipping_class-eu","9":"first","10":"instock","11":"taxable","12":"shipping-taxable","13":"purchasable","14":"product-type-simple"},"composite_virtual":false,"composite_layout":"","composite_add_to_cart_form_location":"","composite_editable_in_cart":false,"composite_sold_individually_context":"","composite_shop_price_calc":"","composite_components":[],"composite_scenarios":[],"_links":{"self":[{"href":"https:\/\/pjama.eu\/de\/wp-json\/wp\/v2\/product\/24763","targetHints":{"allow":["GET"]}}],"collection":[{"href":"https:\/\/pjama.eu\/de\/wp-json\/wp\/v2\/product"}],"about":[{"href":"https:\/\/pjama.eu\/de\/wp-json\/wp\/v2\/types\/product"}],"wp:featuredmedia":[{"embeddable":true,"href":"https:\/\/pjama.eu\/de\/wp-json\/wp\/v2\/media\/31203"}],"wp:attachment":[{"href":"https:\/\/pjama.eu\/de\/wp-json\/wp\/v2\/media?parent=24763"}],"wp:term":[{"taxonomy":"product_brand","embeddable":true,"href":"https:\/\/pjama.eu\/de\/wp-json\/wp\/v2\/product_brand?post=24763"},{"taxonomy":"product_cat","embeddable":true,"href":"https:\/\/pjama.eu\/de\/wp-json\/wp\/v2\/product_cat?post=24763"},{"taxonomy":"product_tag","embeddable":true,"href":"https:\/\/pjama.eu\/de\/wp-json\/wp\/v2\/product_tag?post=24763"}],"curies":[{"name":"wp","href":"https:\/\/api.w.org\/{rel}","templated":true}]}}