{"id":24932,"date":"2021-01-29T16:00:19","date_gmt":"2021-01-29T15:00:19","guid":{"rendered":"https:\/\/pjama.eu\/product\/pjama-dryguardians-unterwaesche-boxershorts\/"},"modified":"2026-03-23T17:19:52","modified_gmt":"2026-03-23T16:19:52","slug":"pjama-dryguardians-unterwaesche-boxershorts","status":"publish","type":"product","link":"https:\/\/pjama.eu\/de\/produkt\/pjama-dryguardians-unterwaesche-boxershorts\/","title":{"rendered":"Pjama DryGuardians Unterw\u00e4sche &#8211; Boxershorts"},"content":{"rendered":"<h3 style=\"color: #d35917;\">Pjama DryGuardians Unterw\u00e4sche &#8211; Boxershorts<\/h3>\n<p>Pjama DryGuardians Unterw\u00e4sche &#8211; Boxershorts ist die perfekte L\u00f6sung f\u00fcr Jungen, die unter Bettn\u00e4ssen (n\u00e4chtlicher Enuresis) leiden. In Kombination mit einem Pjama Bettn\u00e4sser-Alarm oder -Sensor und der DryGuardians App k\u00f6nnen Sie Bettn\u00e4ssen effektiv und bequem behandeln. Die Unterw\u00e4sche ist mit eingen\u00e4hten Sensordr\u00e4hten ausgestattet, die schnell Feuchtigkeit erkennen und den Alarm ausl\u00f6sen.<br \/>\nhilft dem Kind, aufzuwachen und das Wasserlassen zu stoppen.  <\/p>\n<p>Laden Sie die DryGuardians App von <a href=\"https:\/\/play.google.com\/store\/apps\/details?id=com.pjama&amp;hl=de&amp;gl=de\" target=\"_blank\" rel=\"noopener\">Google Play<\/a> oder dem <a href=\"https:\/\/apps.apple.com\/de\/app\/pjama\/id1498084664?l=de\" target=\"_blank\" rel=\"noopener\">App Store<\/a> herunter, um den Fortschritt zu verfolgen und w\u00e4hrend der Behandlung eine pers\u00f6nliche Anleitung zu erhalten.<\/p>\n<h4 style=\"color: #072130;\">Eigenschaften<\/h4>\n<ul>\n<li>Speziell f\u00fcr Jungen entwickelt; kompatibel mit dem Pjama Bettn\u00e4sser-Alarm oder Sensor.<\/li>\n<li>Ausgestattet mit zwei kleinen Kn\u00f6pfen am Bund zum Anschluss des Sensors.<\/li>\n<li>Eingen\u00e4hte Sensordr\u00e4hte im Schrittbereich sorgen f\u00fcr eine schnelle und genaue Erkennung.<\/li>\n<li>Ein gr\u00f6\u00dferer Zielbereich bedeutet eine zuverl\u00e4ssige Erkennung unabh\u00e4ngig von der Schlafposition.<\/li>\n<li>Besonders effektiv f\u00fcr Jungen, aber auch vorteilhaft f\u00fcr M\u00e4dchen, die auf dem R\u00fccken schlafen.<\/li>\n<\/ul>\n<h4 style=\"color: #072130;\">Verwendung<\/h4>\n<p>Pjama DryGuardians Unterw\u00e4sche &#8211; Boxershorts ist so bequem wie normale Unterw\u00e4sche und daher f\u00fcr Kinder leicht zu tragen. Diese Behandlung Boxershorts sind f\u00fcr die Verwendung mit dem Pjama Bettn\u00e4sser-Alarm entwickelt und absorbieren keine Fl\u00fcssigkeit. Die Behandlung konzentriert sich darauf, die Gewohnheit des Bettn\u00e4ssens zu brechen.  <\/p>\n<p><strong>Das Paket enth\u00e4lt:<\/strong><\/p>\n<ul>\n<li>1 x Pjama DryGuardians Unterw\u00e4sche &#8211; Boxershorts (Alarm separat erh\u00e4ltlich)<\/li>\n<\/ul>\n<p>Befestigen Sie den Sensor am Hosenbund und stellen Sie den Alarm neben das Bett. Wenn das Kind einn\u00e4sst, erkennen die eingen\u00e4hten Sensordr\u00e4hte dies schnell und aktivieren den Alarm. Das Kind kann den Alarm stoppen, auf die Toilette gehen und die Unterw\u00e4sche wechseln. F\u00fcr die Verwendung mit einem Smartphone laden Sie die DryGuardians App herunter.   <\/p>\n<h4 style=\"color: #072130;\">Material<\/h4>\n<p>Hergestellt aus hochwertigen, \u00d6ko-Tex-zertifizierten Stoffen, die sicher und sanft zur Kinderhaut sind.<\/p>\n<h4 style=\"color: #072130;\">Informationen<\/h4>\n<ul>\n<li><em>Verbindet sich mit dem Pjama Bettn\u00e4sser-Alarm (\u00fcber Kn\u00f6pfe am Hosenbund)<\/em><\/li>\n<li><em>Eingen\u00e4hte Sensordr\u00e4hte f\u00fcr genaue Erkennung<\/em><\/li>\n<li><em>Bequem und weich<\/em><\/li>\n<li><em>Diskret und praktisch<\/em><\/li>\n<li><em>Maschinenwaschbar bei 60\u00b0C<\/em><\/li>\n<li><em>Trocknergeeignet<\/em><\/li>\n<li><em>Gr\u00f6\u00dfen:<\/em> Kinder und Erwachsene<\/li>\n<li><em>Farbe:<\/em> Blau<\/li>\n<\/ul>\n<p style=\"color: #666666; font-size: 14px;\">Denken Sie daran, den Pjama-Sensor vor dem Waschen vom Wecker zu trennen.<\/p>\n<h4 style=\"color: #072130;\">DryGuardians App und Klinik f\u00fcr Bettn\u00e4ssen<\/h4>\n<p>Die DryGuardians App unterst\u00fctzt die Behandlung mit erweiterten Funktionen:<\/p>\n<ul>\n<li>Verwenden Sie die App als Toneinheit mit anpassbaren Alarmsignalen.<\/li>\n<li>Tragen Sie die n\u00e4chtlichen Ergebnisse in einen Kalender ein, um den Fortschritt zu verfolgen und personalisierte Tipps zu erhalten.<\/li>\n<li>Lassen Sie sich w\u00e4hrend der Behandlung von Experten beraten und unterst\u00fctzen.<\/li>\n<li>Stellen Sie tags\u00fcber Alarme ein, um an die Toiletteng\u00e4nge zu erinnern.<\/li>\n<\/ul>\n<p>Die App kann kostenlos bei <a href=\"https:\/\/play.google.com\/store\/apps\/details?id=com.pjama&amp;hl=de&amp;gl=de\" target=\"_blank\" rel=\"noopener\">Google Play<\/a> oder im <a href=\"https:\/\/apps.apple.com\/de\/app\/pjama\/id1498084664?l=de\" target=\"_blank\" rel=\"noopener\">App Store<\/a> heruntergeladen werden. Erfahren Sie mehr \u00fcber unsere Bettn\u00e4sser-Klinik auf unserer <a href=\"https:\/\/pjama.eu\/de\/\">Website<\/a>. <\/p>\n<h4 style=\"color: #072130;\">Der Behandlungsprozess &#8211; Motivation und Geduld<\/h4>\n<p>Die Behandlung der n\u00e4chtlichen Enuresis erfordert vor allem in der Anfangsphase Motivation und Geduld. Es ist wichtig, realistische Ziele zu setzen und Fortschritte zu feiern. Mit Hilfsmitteln wie Pjama DryGuardians Boxer-Unterw\u00e4sche und dem Alarm wird der Weg zu trockenen N\u00e4chten einfacher. Eltern k\u00f6nnen ihre Kinder durch Ermutigung und positive Verst\u00e4rkung unterst\u00fctzen, w\u00e4hrend die DryGuardians App ma\u00dfgeschneiderte Tipps liefert. Gemeinsam schaffen wir so einen sicheren und effektiven Weg zum Erfolg.<\/p>\n<footer>\u00a9 2024 Pjama.<\/footer>\n","protected":false},"excerpt":{"rendered":"<h3>Pjama DryGuardians Unterw\u00e4sche &#8211; Boxershorts<\/h3>\n<p>Pjama DryGuardians Unterw\u00e4sche &#8211; Boxershorts bietet eine wirksame und sichere L\u00f6sung f\u00fcr die Behandlung von Bettn\u00e4ssen (Enuresis).<\/p>\n<ul>\n<li>Kompatibel mit dem Pjama Bettn\u00e4sser-Alarm &#8211; behandeln Sie Bettn\u00e4ssen einfach, sicher und bequem.<\/li>\n<li>Gro\u00dfer Zielbereich zur schnellen und zuverl\u00e4ssigen Erkennung von Bettn\u00e4ssen.<\/li>\n<li>So weich und bequem wie normale Boxer-Unterw\u00e4sche.<\/li>\n<li>Maschinenwaschbar bei 60\u00b0C und trocknergeeignet.<\/li>\n<\/ul>\n<p>Kaufen Sie den Alarm und laden Sie die DryGuardians App, einen kostenlosen Service zur Behandlung von Bettn\u00e4ssen, bei <a href=\"https:\/\/play.google.com\/store\/apps\/details?id=com.pjama&amp;hl=de&amp;gl=de\">Google Play<\/a> oder im <a href=\"https:\/\/apps.apple.com\/de\/app\/pjama\/id1498084664?l=de\">App Store<\/a> herunter.<\/p>\n","protected":false},"featured_media":30978,"template":"","meta":{"_et_pb_use_builder":"off","_et_pb_old_content":"<h3>Pjama Boxer Bedwetting Treatment Underwear \u2013 Effective Alarm Treatment for Bedwetting in Boys<\/h3>\r\nPjama Boxer Bedwetting Treatment Underwear is the perfect solution for boys suffering from bedwetting (nocturnal enuresis). In combination with a Pjama Bedwetting Alarm or a Pjama Sensor and our DryGuardians app, you can effectively and comfortably treat bedwetting. These bedwetting underwear feature sewn-in sensor wires that quickly detect moisture and activate a bedwetting alarm to help the child wake up and stop urination.\r\n\r\nDownload the DryGuardians app from <a href=\"https:\/\/play.google.com\/store\/apps\/details?id=com.pjama&gl=sv&hl=sv\">Google Play<\/a> or <a href=\"https:\/\/apps.apple.com\/sv\/app\/pjama\/id1498084664?mt=8&l=sv\">App Store<\/a> to track progress and receive personalized guidance throughout the treatment of nocturnal enuresis.\r\n<h4>Features<\/h4>\r\nPjama Boxer Bedwetting Treatment Underwear is specially designed for boys and works in conjunction with the Pjama Bedwetting Alarm or Pjama Sensor. The underwear is equipped with two small buttons on the waist to connect the sensor. Sewn-in sensor wires around the crotch area make it easy for the alarm system to detect moisture and quickly trigger a bedwetting alarm, helping to effectively and safely treat nocturnal enuresis.\r\n\r\nThe sewn-in sensor wires in the Pjama Boxer Bedwetting Treatment Underwear increase the target area and ensure more accurate detection. This means that regardless of where urine lands or the sleeping position of you or your child, the alarm will reliably detect bedwetting. For boys, this is particularly valuable since the area where urine first hits often varies. The same applies to girls, especially if they tend to sleep on their back.\r\n<h4>Usage<\/h4>\r\nWearing Pjama Boxer Bedwetting Treatment Underwear is as comfortable as wearing regular underwear, making them ideal for children suffering from bedwetting. These underwear for nocturnal enuresis are designed to be used in combination with the Pjama bedwetting alarm and do not absorb liquid. The treatment focuses on breaking the habit of urinating in bed.\r\n\r\nThe package includes:\r\n<ul>\r\n \t<li>1 x Pjama Boxer Bedwetting Treatment Underwear\r\n(Please note that the Pjama Bedwetting Alarm is sold separately.)<\/li>\r\n<\/ul>\r\nSimply attach the sensor to the front waist of the boxer treatment underwear and start the bedwetting alarm to begin the treatment! Place the bedwetting alarm next to the bed.\r\nIf you or the child urinates, the sensitive sewn-in sensor wires in the treatment underwear will quickly detect it and activate the alarm. You or the child can easily stop the alarm by pressing the \"ON\/OFF button\" on the top of the alarm and then proceed to the bathroom to complete the urination.\r\n\r\nTo use the bedwetting alarm with your smartphone, you need to download the DryGuardians App.\r\n<h4>Material<\/h4>\r\nPjama Boxer Bedwetting Treatment Underwear is made of high-quality, Oeko-Tex certified fabrics that are safe and gentle on children\u2019s skin.\r\n<h4>Information<\/h4>\r\n<ul>\r\n \t<li><em>Connects to Pjama Bedwetting Alarm (via buttons on the front of the boxer shorts)<\/em><\/li>\r\n \t<li><em>Sewn-in sensor wires for greater accuracy<\/em><\/li>\r\n \t<li><em>Comfortable and soft<\/em><\/li>\r\n \t<li><em>Discrete and practical<\/em><\/li>\r\n \t<li><em>Machine washable at 60\u00b0C<\/em><\/li>\r\n \t<li><em>Can be tumble dried<\/em><\/li>\r\n \t<li><em>Sizes: Children and Adults<\/em><\/li>\r\n \t<li><em>Color: Blue<\/em><\/li>\r\n<\/ul>\r\n<span style=\"color: #666666;font-size: 14px\">Remember to detach the Pjama Sensor from the bedwetting alarm when not in use and before washing.<\/span>\r\n<h4>DryGuardians App and Bedwetting Clinic<\/h4>\r\nThe DryGuardians app offers advanced features for treating bedwetting and nocturnal enuresis:\r\n<ul>\r\n \t<li>Use the app as a sound device for your bedwetting alarm and choose different alarm signals.<\/li>\r\n \t<li>Log the night\u2019s results in the calendar to track progress and receive personalized tips.<\/li>\r\n \t<li>Get personalized advice and support during enuresis treatment.<\/li>\r\n \t<li>Set daily alarms to remind you or the child to use the bathroom during the day.<\/li>\r\n<\/ul>\r\nThe DryGuardians app is free to download from <a href=\"https:\/\/play.google.com\/store\/apps\/details?id=com.pjama&gl=sv&hl=sv\">Google Play<\/a> or <a href=\"https:\/\/apps.apple.com\/sv\/app\/pjama\/id1498084664?mt=8&l=sv\">App Store<\/a>. Learn more about our Bedwetting Clinic and how we can help you or your child on our <a href=\"https:\/\/pjama.eu\/\">website<\/a>.\r\n<h4>The Treatment Process \u2013 Motivation and Patience are Key<\/h4>\r\nTreating nocturnal enuresis requires motivation and patience, especially during the first few weeks. For both children and parents, it is important to set realistic goals and celebrate progress. Remember, the goal is a dry bed without aids, and the journey there can be made easier with tools like Pjama Boxer Bedwetting Treatment Underwear and the bedwetting alarm.\r\n\r\nAs a parent, you can keep your child motivated by giving positive feedback and compliments. With the help of <em>DryGuardians App<\/em>, you can get tips and advice tailored to your treatment progress. This is a safe and effective path to a better everyday life for children and adults suffering from enuresis.\r\n\r\n\u00a9 2024 Pjama.","_et_gb_content_width":""},"product_brand":[],"product_cat":[304,355,404,356,353],"product_tag":[],"class_list":{"0":"post-24932","1":"product","2":"type-product","3":"status-publish","4":"has-post-thumbnail","6":"product_cat-kinder","7":"product_cat-bettnasser-alarm","8":"product_cat-erwachsene","9":"product_cat-pjamadryguardians_2025","10":"product_cat-zubehor","11":"product_shipping_class-eu","12":"pa_size-alter-10-12","13":"pa_size-alter-5-6-jahre","14":"pa_size-alter-6-8","15":"pa_size-alter-8-10","16":"pa_size-gros","17":"pa_size-klein","18":"pa_size-mittel","19":"pa_size-xlarge","20":"pa_size-xxlarge","22":"first","23":"instock","24":"taxable","25":"shipping-taxable","26":"purchasable","27":"product-type-variable"},"composite_virtual":false,"composite_layout":"","composite_add_to_cart_form_location":"","composite_editable_in_cart":false,"composite_sold_individually_context":"","composite_shop_price_calc":"","composite_components":[],"composite_scenarios":[],"_links":{"self":[{"href":"https:\/\/pjama.eu\/de\/wp-json\/wp\/v2\/product\/24932","targetHints":{"allow":["GET"]}}],"collection":[{"href":"https:\/\/pjama.eu\/de\/wp-json\/wp\/v2\/product"}],"about":[{"href":"https:\/\/pjama.eu\/de\/wp-json\/wp\/v2\/types\/product"}],"wp:featuredmedia":[{"embeddable":true,"href":"https:\/\/pjama.eu\/de\/wp-json\/wp\/v2\/media\/30978"}],"wp:attachment":[{"href":"https:\/\/pjama.eu\/de\/wp-json\/wp\/v2\/media?parent=24932"}],"wp:term":[{"taxonomy":"product_brand","embeddable":true,"href":"https:\/\/pjama.eu\/de\/wp-json\/wp\/v2\/product_brand?post=24932"},{"taxonomy":"product_cat","embeddable":true,"href":"https:\/\/pjama.eu\/de\/wp-json\/wp\/v2\/product_cat?post=24932"},{"taxonomy":"product_tag","embeddable":true,"href":"https:\/\/pjama.eu\/de\/wp-json\/wp\/v2\/product_tag?post=24932"}],"curies":[{"name":"wp","href":"https:\/\/api.w.org\/{rel}","templated":true}]}}