{"id":25025,"date":"2020-03-21T12:06:50","date_gmt":"2020-03-21T11:06:50","guid":{"rendered":"https:\/\/pjama.eu\/product\/pjama-protect-bettnaesserhosen-fuer-kinder\/"},"modified":"2026-03-31T10:40:54","modified_gmt":"2026-03-31T08:40:54","slug":"bettnaesserhosen-kinder","status":"publish","type":"product","link":"https:\/\/pjama.eu\/de\/produkt\/bettnaesserhosen-kinder\/","title":{"rendered":"Pjama Protect Bettn\u00e4sserhosen Kinder"},"content":{"rendered":"<h3 style=\"color: #d35917;\">Pjama Protect Bettn\u00e4sserhosen Kinder<\/h3>\n<h4 style=\"color: #072130;\">Effektive Bettn\u00e4sserhose f\u00fcr Kinder: Hilfe bei Enuresis<\/h4>\n<p>Suchen Sie eine zuverl\u00e4ssige Bettn\u00e4sserhose f\u00fcr Kinder? Pjama Protect bietet eine bequeme und diskrete L\u00f6sung bei n\u00e4chtlicher Enuresis. Unsere Bettn\u00e4sserhosen sind wasserdicht, wiederverwendbar und ideal f\u00fcr Kinder, die nachts ins Bett machen. Sie bieten Sicherheit im Alltag und f\u00f6rdern das Selbstvertrauen Ihres Kindes durch maximalen Auslaufschutz.  <\/p>\n<h4 style=\"color: #072130;\">Warum Pjama Bettn\u00e4sserhosen f\u00fcr Kinder die richtige Wahl sind<\/h4>\n<ul>\n<li><strong>Schutz und Komfort:<\/strong> Zuverl\u00e4ssiger Schutz: H\u00e4lt Matratze und Laken trocken \u2013 die ideale Bettn\u00e4sserhose f\u00fcr Kinder.<\/li>\n<li><strong>Diskretes Design: <\/strong>Sieht aus wie ein normaler Pyjama, ideal f\u00fcr \u00dcbernachtungen bei Freunden.<\/li>\n<li><strong>Umweltvertr\u00e4gliche L\u00f6sung:<\/strong><\/li>\n<li><strong>Hilft bei n\u00e4chtlicher Enuresis:<\/strong> Es gibt dem Kind eine R\u00fcckmeldung, indem es &#8211; anders als bei Windeln &#8211; die N\u00e4sse sp\u00fcrt und dadurch aufgefordert wird, aufzuwachen und zur Toilette zu gehen.<\/li>\n<\/ul>\n<h4 style=\"color: #072130;\">Wasserdichte Schutzhosen f\u00fcr M\u00e4nner und Frauen<\/h4>\n<p>Pjama Bettn\u00e4sserhosen f\u00fcr Kinder bestehen aus atmungsaktivem, wasserdichtem Material. Sie sch\u00fctzen das Bett optimal, egal ob Ihr Kind gerade erst mit dem Bettn\u00e4ssen beginnt oder schon l\u00e4nger unter Enuresis leidet. Die perfekte Bettn\u00e4sserhose f\u00fcr Kinder jeden Alters. <\/p>\n<h4 style=\"color: #072130;\">Die passende Bettn\u00e4sserhose f\u00fcr Kinder jeder Gr\u00f6\u00dfe<\/h4>\n<p>Wir bieten Gr\u00f6\u00dfen von 98 bis 164 cm an, die Kindern jeden Alters passen. Wenn Ihr Kind eine gr\u00f6\u00dfere Gr\u00f6\u00dfe ben\u00f6tigt, schauen Sie in unserer <a href=\"https:\/\/pjama.eu\/de\/produkt\/bettnaesserhosen-fuer-erwachsene\/\">Kategorie Erwachsene<\/a> bis Gr\u00f6\u00dfe XL nach. Die Hosen bestehen aus Tencel-Gewebe, das laminiert ist, um sie wasserdicht zu machen, aber dennoch sanft zur Haut ist. Die verwendeten Stoffe sind <a href=\"https:\/\/www.oeko-tex.com\/en\/our-standards\/oeko-tex-standard-100\" target=\"_blank\" rel=\"noopener\">\u00d6ko-Tex-zertifiziert<\/a>. Um die richtige Gr\u00f6\u00dfe zu finden und um zu sehen, wie viel jede Gr\u00f6\u00dfe aufnehmen kann, sehen Sie sich unseren <a href=\"https:\/\/pjama.eu\/de\/groessentabelle-bettnaesserhose\/\">Gr\u00f6\u00dfenf\u00fchrer<\/a> an.   <\/p>\n<p>Do you need a larger size? Explore our <a href=\"https:\/\/pjama.eu\/de\/bettnaessen-erwachsene\/\">Adult range<\/a> for the same protection and comfort in extended sizes. <\/p>\n<h4 style=\"color: #072130;\">Sorgenfrei ausw\u00e4rts schlafen mit der Bettn\u00e4sserhose<\/h4>\n<p>\u00dcbernachtungen bei Freunden sind mit der richtigen Bettn\u00e4sserhose f\u00fcr Kinder kein Problem mehr. Dank des diskreten Looks und des sicheren Schutzes f\u00fchlt sich Ihr Kind \u00fcberall wohl und gesch\u00fctzt. <\/p>\n<h4 style=\"color: #072130;\">Pflegeleicht<\/h4>\n<p>Pjama Protect Bettn\u00e4sserhosen Kinder sind maschinenwaschbar (60\u00b0C) und trocknergeeignet. Hinweis: Die Hosen haben eine l\u00e4ngere Trocknungszeit, da sie saugf\u00e4hig sind. Achten Sie darauf, das Kleidungsst\u00fcck beim Waschen auf links zu drehen, damit die Fl\u00fcssigkeit w\u00e4hrend des Schleudergangs herausgepresst werden kann. <span style=\"font-weight: 400;\">Sie sind langlebig und kosteng\u00fcnstig &#8211; <\/span><b>Pjama garantiert mindestens 100 W\u00e4schen und bis zu 4 Monate regelm\u00e4\u00dfigen Gebrauch, wenn sie gem\u00e4\u00df unserer Waschanleitung gepflegt werden.<\/b> <span style=\"font-weight: 400;\">Eine zuverl\u00e4ssige und praktische L\u00f6sung f\u00fcr Kinder, die nachts ins Bett machen.<\/span> <a href=\"https:\/\/pjama.eu\/de\/pjama-waschanleitung\/\"><span style=\"font-weight: 400;\">Vollst\u00e4ndige Pflegeanleitung lesen &#8218;<\/span><\/a><\/p>\n<h4 style=\"color: #072130;\">Ratgeber: Bettn\u00e4ssen bei Erwachsenen bew\u00e4ltigen<\/h4>\n<p>Praktische Hilfe f\u00fcr trockenen Schlaf.<\/p>\n<ul>\n<li><strong>Verwenden Sie Pjama Protect Bettn\u00e4sserhosen Kinder:<\/strong> Eine einfache und bequeme L\u00f6sung<br \/>\n, um das Bett sowohl zu Hause als auch bei \u00dcbernachtungen trocken zu halten. Perfekt, um das l\u00e4stige Wechseln der Bettw\u00e4sche<br \/>\nmitten in der Nacht zu vermeiden und dem Kind Komfort und Sicherheit zu bieten. <\/li>\n<\/ul>\n<p>Produkte zur Behandlung von Bettn\u00e4ssen<\/p>\n<ul>\n<li><a href=\"https:\/\/pjama.eu\/de\/bettnaesser-alarm-kabellos\/\">Pjama Bettn\u00e4sser-Alarm<\/a>: Wirksam bei der Behandlung von Bettn\u00e4ssen, indem er dem Kind hilft, eine bessere Blasenkontrolle und n\u00e4chtliche Routinen zu entwickeln.<\/li>\n<li><a href=\"https:\/\/pjama.eu\/de\/bettnaesser-alarm-app\/\">DryGuardians App<\/a>: Verfolgen Sie den Fortschritt und gewinnen Sie Erkenntnisse \u00fcber die Wirksamkeit der Behandlung. Die App erleichtert auch die Kommunikation mit Gesundheitsdienstleistern. <\/li>\n<\/ul>\n<p>Ob Sie nun ein Hilfsmittel oder ein Behandlungsprodukt suchen, es ist wichtig, offen dar\u00fcber zu sprechen. Offen \u00fcber das Bettn\u00e4ssen zu sprechen, kann Stress und Schamgef\u00fchle reduzieren. Dies unterst\u00fctzt die Entwicklung des Kindes und erh\u00f6ht sein Sicherheitsgef\u00fchl in Bezug auf das Bettn\u00e4ssen.  <\/p>\n<h4 style=\"color: #072130;\">Hintergrund: Was ist n\u00e4chtliche Enuresis bei Erwachsenen?<\/h4>\n<p>Bettn\u00e4ssen, auch als <em>n\u00e4chtliche Enuresis<\/em> bekannt, bedeutet, dass Kinder nachts ins Bett machen. Es handelt sich um ein weit verbreitetes Problem, insbesondere bei Jungen, von dem weltweit Millionen von Kindern betroffen sind. Denken Sie daran: Es ist nicht die Schuld des Kindes und sollte nicht zu Scham oder Bestrafung f\u00fchren.  <\/p>\n<h4 style=\"color: #072130;\">Pers\u00f6nliche Beratung &amp; Medizinische Hilfe<\/h4>\n<p>Wenden Sie sich an Ihre Krankenschwester oder Ihren Arzt, wenn Sie Fragen zum Bettn\u00e4ssen haben oder weitere Informationen \u00fcber m\u00f6gliche Behandlungsmethoden ben\u00f6tigen. Die Inanspruchnahme professioneller Hilfe kann ein wichtiger Schritt sein, um Ihr Kind bestm\u00f6glich zu unterst\u00fctzen. <\/p>\n<footer>\u00a9 2024 Pjama.<\/footer>\n","protected":false},"excerpt":{"rendered":"<h3>Absorbierende bettn\u00e4sserhosen kinder &#8211; h\u00e4lt das Bett trocken.<\/h3>\n<p>Pjama Protect Bettn\u00e4sserhosen Kinder sind eine pflegeleichte, diskrete und bequeme L\u00f6sung f\u00fcr Kinder, die ins Bett n\u00e4ssen.<\/p>\n<ul>\n<li>Atmungsaktiv und absolut wasserdicht, damit das Bett trocken bleibt.<\/li>\n<li>So weich und bequem wie eine normale Pyjamahose.<\/li>\n<li>Maschinenwaschbar bei 60\u00b0C und trocknergeeignet.<\/li>\n<\/ul>\n<p>Sie ben\u00f6tigen eine gr\u00f6\u00dfere Gr\u00f6\u00dfe? Entdecken Sie unser <a href=\"https:\/\/pjama.eu\/de\/produkt\/bettnaesserhosen-fuer-erwachsene\/\">Sortiment f\u00fcr Erwachsene<\/a>, das den gleichen Schutz und Komfort in gr\u00f6\u00dferen Gr\u00f6\u00dfen bietet. <\/p>\n","protected":false},"featured_media":31338,"template":"","meta":{"_et_pb_use_builder":"","_et_pb_old_content":"","_et_gb_content_width":""},"product_brand":[],"product_cat":[437,304,438],"product_tag":[],"class_list":{"0":"post-25025","1":"product","2":"type-product","3":"status-publish","4":"has-post-thumbnail","6":"product_cat-pjama-original","7":"product_cat-kinder","8":"product_cat-pyjamaschutz_2025","9":"product_shipping_class-eu","10":"pa_size-alter-10-12","11":"pa_size-alter-3-4","12":"pa_size-alter-5-6-jahre","13":"pa_size-alter-6-8","14":"pa_size-alter-8-10","15":"pa_size-klein","17":"first","18":"instock","19":"taxable","20":"shipping-taxable","21":"purchasable","22":"product-type-variable"},"composite_virtual":false,"composite_layout":"","composite_add_to_cart_form_location":"","composite_editable_in_cart":false,"composite_sold_individually_context":"","composite_shop_price_calc":"","composite_components":[],"composite_scenarios":[],"_links":{"self":[{"href":"https:\/\/pjama.eu\/de\/wp-json\/wp\/v2\/product\/25025","targetHints":{"allow":["GET"]}}],"collection":[{"href":"https:\/\/pjama.eu\/de\/wp-json\/wp\/v2\/product"}],"about":[{"href":"https:\/\/pjama.eu\/de\/wp-json\/wp\/v2\/types\/product"}],"wp:featuredmedia":[{"embeddable":true,"href":"https:\/\/pjama.eu\/de\/wp-json\/wp\/v2\/media\/31338"}],"wp:attachment":[{"href":"https:\/\/pjama.eu\/de\/wp-json\/wp\/v2\/media?parent=25025"}],"wp:term":[{"taxonomy":"product_brand","embeddable":true,"href":"https:\/\/pjama.eu\/de\/wp-json\/wp\/v2\/product_brand?post=25025"},{"taxonomy":"product_cat","embeddable":true,"href":"https:\/\/pjama.eu\/de\/wp-json\/wp\/v2\/product_cat?post=25025"},{"taxonomy":"product_tag","embeddable":true,"href":"https:\/\/pjama.eu\/de\/wp-json\/wp\/v2\/product_tag?post=25025"}],"curies":[{"name":"wp","href":"https:\/\/api.w.org\/{rel}","templated":true}]}}